{"id":1067,"date":"2021-11-17T09:36:13","date_gmt":"2021-11-17T09:36:13","guid":{"rendered":"https:\/\/ecologa-europe.com\/industries\/?page_id=1067"},"modified":"2021-11-18T16:38:59","modified_gmt":"2021-11-18T16:38:59","slug":"partner-werden","status":"publish","type":"page","link":"https:\/\/ecologa-europe.com\/industries\/partner-werden\/","title":{"rendered":"Partner werden"},"content":{"rendered":"\t\t<div data-elementor-type=\"wp-page\" data-elementor-id=\"1067\" class=\"elementor elementor-1067\" data-elementor-post-type=\"page\">\n\t\t\t\t\t\t<section class=\"elementor-section elementor-top-section elementor-element elementor-element-54d2547 elementor-section-height-min-height elementor-section-boxed elementor-section-height-default elementor-section-items-middle\" data-id=\"54d2547\" data-element_type=\"section\" data-settings=\"{&quot;jet_parallax_layout_list&quot;:[{&quot;jet_parallax_layout_image&quot;:{&quot;url&quot;:&quot;&quot;,&quot;id&quot;:&quot;&quot;,&quot;size&quot;:&quot;&quot;},&quot;_id&quot;:&quot;5eb3b9b&quot;,&quot;jet_parallax_layout_image_tablet&quot;:{&quot;url&quot;:&quot;&quot;,&quot;id&quot;:&quot;&quot;,&quot;size&quot;:&quot;&quot;},&quot;jet_parallax_layout_image_mobile&quot;:{&quot;url&quot;:&quot;&quot;,&quot;id&quot;:&quot;&quot;,&quot;size&quot;:&quot;&quot;},&quot;jet_parallax_layout_speed&quot;:{&quot;unit&quot;:&quot;%&quot;,&quot;size&quot;:50,&quot;sizes&quot;:[]},&quot;jet_parallax_layout_type&quot;:&quot;scroll&quot;,&quot;jet_parallax_layout_direction&quot;:null,&quot;jet_parallax_layout_fx_direction&quot;:null,&quot;jet_parallax_layout_z_index&quot;:&quot;&quot;,&quot;jet_parallax_layout_bg_x&quot;:50,&quot;jet_parallax_layout_bg_x_tablet&quot;:&quot;&quot;,&quot;jet_parallax_layout_bg_x_mobile&quot;:&quot;&quot;,&quot;jet_parallax_layout_bg_y&quot;:50,&quot;jet_parallax_layout_bg_y_tablet&quot;:&quot;&quot;,&quot;jet_parallax_layout_bg_y_mobile&quot;:&quot;&quot;,&quot;jet_parallax_layout_bg_size&quot;:&quot;auto&quot;,&quot;jet_parallax_layout_bg_size_tablet&quot;:&quot;&quot;,&quot;jet_parallax_layout_bg_size_mobile&quot;:&quot;&quot;,&quot;jet_parallax_layout_animation_prop&quot;:&quot;transform&quot;,&quot;jet_parallax_layout_on&quot;:[&quot;desktop&quot;,&quot;tablet&quot;]}],&quot;background_background&quot;:&quot;video&quot;,&quot;background_motion_fx_translateY_effect&quot;:&quot;yes&quot;,&quot;background_motion_fx_translateY_direction&quot;:&quot;negative&quot;,&quot;background_video_link&quot;:&quot;https:\\\/\\\/ecologa-europe.com\\\/industries\\\/wp-content\\\/uploads\\\/2020\\\/07\\\/Graphene_HD_1.mp4&quot;,&quot;background_play_on_mobile&quot;:&quot;yes&quot;,&quot;background_motion_fx_translateY_speed&quot;:{&quot;unit&quot;:&quot;px&quot;,&quot;size&quot;:4,&quot;sizes&quot;:[]},&quot;background_motion_fx_translateY_affectedRange&quot;:{&quot;unit&quot;:&quot;%&quot;,&quot;size&quot;:&quot;&quot;,&quot;sizes&quot;:{&quot;start&quot;:0,&quot;end&quot;:100}},&quot;background_motion_fx_devices&quot;:[&quot;desktop&quot;,&quot;tablet&quot;,&quot;mobile&quot;]}\">\n\t\t\t\t\t\t\t\t<div class=\"elementor-background-video-container\">\n\t\t\t\t\t\t\t\t\t\t\t\t\t<video class=\"elementor-background-video-hosted\" autoplay muted playsinline loop><\/video>\n\t\t\t\t\t\t\t\t\t\t\t<\/div>\n\t\t\t\t\t\t\t\t\t<div class=\"elementor-background-overlay\"><\/div>\n\t\t\t\t\t\t\t<div class=\"elementor-container elementor-column-gap-default\">\n\t\t\t\t\t<div class=\"elementor-column elementor-col-100 elementor-top-column elementor-element elementor-element-87cbae3\" data-id=\"87cbae3\" data-element_type=\"column\">\n\t\t\t<div class=\"elementor-widget-wrap elementor-element-populated\">\n\t\t\t\t\t\t<div class=\"elementor-element elementor-element-d7cac20 elementor-widget elementor-widget-image\" data-id=\"d7cac20\" data-element_type=\"widget\" data-widget_type=\"image.default\">\n\t\t\t\t<div class=\"elementor-widget-container\">\n\t\t\t\t\t\t\t\t\t\t\t\t\t\t\t<img decoding=\"async\" width=\"88\" height=\"103\" src=\"https:\/\/ecologa-europe.com\/industries\/wp-content\/uploads\/2021\/11\/Partnericon_dunkel.png\" class=\"attachment-large size-large wp-image-1070\" alt=\"\" \/>\t\t\t\t\t\t\t\t\t\t\t\t\t\t\t<\/div>\n\t\t\t\t<\/div>\n\t\t\t\t<div class=\"elementor-element elementor-element-d486b10 elementor-widget elementor-widget-heading\" data-id=\"d486b10\" data-element_type=\"widget\" data-widget_type=\"heading.default\">\n\t\t\t\t<div class=\"elementor-widget-container\">\n\t\t\t\t\t<h1 class=\"elementor-heading-title elementor-size-default\">Werden Sie Vertriebspartner von Ecologa<\/h1>\t\t\t\t<\/div>\n\t\t\t\t<\/div>\n\t\t\t\t\t<\/div>\n\t\t<\/div>\n\t\t\t\t\t<\/div>\n\t\t<\/section>\n\t\t\t\t<section class=\"elementor-section elementor-top-section elementor-element elementor-element-abb1cf3 elementor-section-boxed elementor-section-height-default elementor-section-height-default\" data-id=\"abb1cf3\" data-element_type=\"section\" data-settings=\"{&quot;jet_parallax_layout_list&quot;:[{&quot;jet_parallax_layout_image&quot;:{&quot;url&quot;:&quot;&quot;,&quot;id&quot;:&quot;&quot;,&quot;size&quot;:&quot;&quot;},&quot;_id&quot;:&quot;15787c2&quot;,&quot;jet_parallax_layout_image_tablet&quot;:{&quot;url&quot;:&quot;&quot;,&quot;id&quot;:&quot;&quot;,&quot;size&quot;:&quot;&quot;},&quot;jet_parallax_layout_image_mobile&quot;:{&quot;url&quot;:&quot;&quot;,&quot;id&quot;:&quot;&quot;,&quot;size&quot;:&quot;&quot;},&quot;jet_parallax_layout_speed&quot;:{&quot;unit&quot;:&quot;%&quot;,&quot;size&quot;:50,&quot;sizes&quot;:[]},&quot;jet_parallax_layout_type&quot;:&quot;scroll&quot;,&quot;jet_parallax_layout_direction&quot;:null,&quot;jet_parallax_layout_fx_direction&quot;:null,&quot;jet_parallax_layout_z_index&quot;:&quot;&quot;,&quot;jet_parallax_layout_bg_x&quot;:50,&quot;jet_parallax_layout_bg_x_tablet&quot;:&quot;&quot;,&quot;jet_parallax_layout_bg_x_mobile&quot;:&quot;&quot;,&quot;jet_parallax_layout_bg_y&quot;:50,&quot;jet_parallax_layout_bg_y_tablet&quot;:&quot;&quot;,&quot;jet_parallax_layout_bg_y_mobile&quot;:&quot;&quot;,&quot;jet_parallax_layout_bg_size&quot;:&quot;auto&quot;,&quot;jet_parallax_layout_bg_size_tablet&quot;:&quot;&quot;,&quot;jet_parallax_layout_bg_size_mobile&quot;:&quot;&quot;,&quot;jet_parallax_layout_animation_prop&quot;:&quot;transform&quot;,&quot;jet_parallax_layout_on&quot;:[&quot;desktop&quot;,&quot;tablet&quot;]}]}\">\n\t\t\t\t\t\t<div class=\"elementor-container elementor-column-gap-default\">\n\t\t\t\t\t<div class=\"elementor-column elementor-col-100 elementor-top-column elementor-element elementor-element-6890abb\" data-id=\"6890abb\" data-element_type=\"column\">\n\t\t\t<div class=\"elementor-widget-wrap elementor-element-populated\">\n\t\t\t\t\t\t<div class=\"elementor-element elementor-element-6815dd5 elementor-widget elementor-widget-heading\" data-id=\"6815dd5\" data-element_type=\"widget\" data-widget_type=\"heading.default\">\n\t\t\t\t<div class=\"elementor-widget-container\">\n\t\t\t\t\t<h2 class=\"elementor-heading-title elementor-size-default\">Als Hersteller im Bereich der Elektrosmogschutzprodukte<br> suchen wir weltweit neue Vertriebspartner<\/h2>\t\t\t\t<\/div>\n\t\t\t\t<\/div>\n\t\t\t\t<div class=\"elementor-element elementor-element-2f48055 elementor-widget elementor-widget-text-editor\" data-id=\"2f48055\" data-element_type=\"widget\" data-widget_type=\"text-editor.default\">\n\t\t\t\t<div class=\"elementor-widget-container\">\n\t\t\t\t\t\t\t\t\t<p><strong>Warum lohnt es sich?<\/strong><br \/>Sind Sie auf der Suche nach einem Wettbewerbsvorteil und einem Lieferanten, der Ihnen hilft, Ihre Rentabilit\u00e4t zu steigern? Ecologa ist ein Vertriebs- und Herstellerunternehmen, das die Beziehungen zu seinen Partnern sehr sch\u00e4tzt und sich f\u00fcr den Erfolg und das Wachstum seines weltweiten Vertriebsnetzes einsetzt.<\/p><p><strong>Vorteile f\u00fcr Vertriebspartner<\/strong><br \/>Zusammenarbeit mit einem zuverl\u00e4ssigen Hersteller, dessen Hauptaugenmerk darauf liegt, dauerhafte Produktl\u00f6sungen f\u00fcr eine breite Palette von Bauaufgaben anzubieten. Zugang zu einer zuverl\u00e4ssigen und benutzerfreundlichen Produktpalette.Gew\u00e4hrleistung einer hohen Qualit\u00e4t durch die Verwendung sorgf\u00e4ltig ausgew\u00e4hlter Rohstoffe, Entwicklung neuer Produkte entsprechend den Marktanforderungen.<\/p>\t\t\t\t\t\t\t\t<\/div>\n\t\t\t\t<\/div>\n\t\t\t\t<div class=\"elementor-element elementor-element-32f513e elementor-widget elementor-widget-text-editor\" data-id=\"32f513e\" data-element_type=\"widget\" data-widget_type=\"text-editor.default\">\n\t\t\t\t<div class=\"elementor-widget-container\">\n\t\t\t\t\t\t\t\t\t<p>Wenn Sie daran interessiert sind, Teil des Ecologa-Vertriebsnetzes zu werden, kontaktieren Sie bitte <a href=\"mailto:info@ecologa-europe.com\/industries\">info@ecologa-europe.com\/industries<\/a><\/p>\t\t\t\t\t\t\t\t<\/div>\n\t\t\t\t<\/div>\n\t\t\t\t\t<\/div>\n\t\t<\/div>\n\t\t\t\t\t<\/div>\n\t\t<\/section>\n\t\t\t\t<section class=\"elementor-section elementor-top-section elementor-element elementor-element-ec0e774 animated-slow elementor-section-boxed elementor-section-height-default elementor-section-height-default elementor-invisible\" data-id=\"ec0e774\" data-element_type=\"section\" data-settings=\"{&quot;jet_parallax_layout_list&quot;:[{&quot;jet_parallax_layout_image&quot;:{&quot;url&quot;:&quot;&quot;,&quot;id&quot;:&quot;&quot;,&quot;size&quot;:&quot;&quot;},&quot;_id&quot;:&quot;e143a8c&quot;,&quot;jet_parallax_layout_image_tablet&quot;:{&quot;url&quot;:&quot;&quot;,&quot;id&quot;:&quot;&quot;,&quot;size&quot;:&quot;&quot;},&quot;jet_parallax_layout_image_mobile&quot;:{&quot;url&quot;:&quot;&quot;,&quot;id&quot;:&quot;&quot;,&quot;size&quot;:&quot;&quot;},&quot;jet_parallax_layout_speed&quot;:{&quot;unit&quot;:&quot;%&quot;,&quot;size&quot;:50,&quot;sizes&quot;:[]},&quot;jet_parallax_layout_type&quot;:&quot;scroll&quot;,&quot;jet_parallax_layout_direction&quot;:null,&quot;jet_parallax_layout_fx_direction&quot;:null,&quot;jet_parallax_layout_z_index&quot;:&quot;&quot;,&quot;jet_parallax_layout_bg_x&quot;:50,&quot;jet_parallax_layout_bg_x_tablet&quot;:&quot;&quot;,&quot;jet_parallax_layout_bg_x_mobile&quot;:&quot;&quot;,&quot;jet_parallax_layout_bg_y&quot;:50,&quot;jet_parallax_layout_bg_y_tablet&quot;:&quot;&quot;,&quot;jet_parallax_layout_bg_y_mobile&quot;:&quot;&quot;,&quot;jet_parallax_layout_bg_size&quot;:&quot;auto&quot;,&quot;jet_parallax_layout_bg_size_tablet&quot;:&quot;&quot;,&quot;jet_parallax_layout_bg_size_mobile&quot;:&quot;&quot;,&quot;jet_parallax_layout_animation_prop&quot;:&quot;transform&quot;,&quot;jet_parallax_layout_on&quot;:[&quot;desktop&quot;,&quot;tablet&quot;]}],&quot;animation&quot;:&quot;fadeInUp&quot;}\">\n\t\t\t\t\t\t<div class=\"elementor-container elementor-column-gap-default\">\n\t\t\t\t\t<div class=\"elementor-column elementor-col-100 elementor-top-column elementor-element elementor-element-e8893ff\" data-id=\"e8893ff\" data-element_type=\"column\">\n\t\t\t<div class=\"elementor-widget-wrap elementor-element-populated\">\n\t\t\t\t\t\t<div class=\"elementor-element elementor-element-9698907 elementor-widget elementor-widget-jet-button\" data-id=\"9698907\" data-element_type=\"widget\" data-widget_type=\"jet-button.default\">\n\t\t\t\t<div class=\"elementor-widget-container\">\n\t\t\t\t\t<div class=\"elementor-jet-button jet-elements\"><div class=\"jet-button__container\">\n\t<a class=\"jet-button__instance jet-button__instance--icon-left hover-effect-0\" href=\"https:\/\/ecologa-europe.com\/industries\/kontakt\">\n\t\t<div class=\"jet-button__plane jet-button__plane-normal\"><\/div>\n\t\t<div class=\"jet-button__plane jet-button__plane-hover\"><\/div>\n\t\t<div class=\"jet-button__state jet-button__state-normal\">\n\t\t\t<span class=\"jet-button__icon jet-elements-icon\"><svg xmlns=\"http:\/\/www.w3.org\/2000\/svg\" xmlns:xlink=\"http:\/\/www.w3.org\/1999\/xlink\" id=\"Ebene_1\" x=\"0px\" y=\"0px\" viewBox=\"0 0 1269.9 1243\" style=\"enable-background:new 0 0 1269.9 1243;\" xml:space=\"preserve\"><style type=\"text\/css\">\t.st0{fill:#FFFFFF;}\t.st1{fill:#494F52;}\t.st2{fill:none;stroke:#FFFFFF;stroke-width:5;stroke-miterlimit:10;}<\/style><polygon class=\"st0\" points=\"604.9,555.8 604.9,300.2 383.5,172.4 162.1,300.2 162.1,555.8 383.5,683.7 \"><\/polygon><polygon class=\"st1\" points=\"844.4,972.1 844.4,716.5 623,588.7 401.6,716.5 401.6,972.1 623,1100 \"><\/polygon><polygon class=\"st2\" points=\"1087.7,555.8 1087.7,300.2 866.3,172.4 644.9,300.2 644.9,555.8 866.3,683.7 \"><\/polygon><\/svg><\/span><span class=\"jet-button__label\">Kontakt aufnehmen<\/span>\t\t<\/div>\n\t\t<div class=\"jet-button__state jet-button__state-hover\">\n\t\t\t<span class=\"jet-button__icon jet-elements-icon\"><svg xmlns=\"http:\/\/www.w3.org\/2000\/svg\" xmlns:xlink=\"http:\/\/www.w3.org\/1999\/xlink\" id=\"Ebene_1\" x=\"0px\" y=\"0px\" viewBox=\"0 0 1269.9 1243\" style=\"enable-background:new 0 0 1269.9 1243;\" xml:space=\"preserve\"><style type=\"text\/css\">\t.st0{fill:#FFFFFF;}\t.st1{fill:#494F52;}\t.st2{fill:none;stroke:#FFFFFF;stroke-width:5;stroke-miterlimit:10;}<\/style><polygon class=\"st0\" points=\"604.9,555.8 604.9,300.2 383.5,172.4 162.1,300.2 162.1,555.8 383.5,683.7 \"><\/polygon><polygon class=\"st1\" points=\"844.4,972.1 844.4,716.5 623,588.7 401.6,716.5 401.6,972.1 623,1100 \"><\/polygon><polygon class=\"st2\" points=\"1087.7,555.8 1087.7,300.2 866.3,172.4 644.9,300.2 644.9,555.8 866.3,683.7 \"><\/polygon><\/svg><\/span><span class=\"jet-button__label\">Kontakt aufnehmen<\/span>\t\t<\/div>\n\t<\/a>\n<\/div>\n<\/div>\t\t\t\t<\/div>\n\t\t\t\t<\/div>\n\t\t\t\t\t<\/div>\n\t\t<\/div>\n\t\t\t\t\t<\/div>\n\t\t<\/section>\n\t\t\t\t<\/div>\n\t\t","protected":false},"excerpt":{"rendered":"<p>Werden Sie Vertriebspartner von Ecologa Als Hersteller im Bereich der Elektrosmogschutzprodukte suchen wir weltweit neue Vertriebspartner Warum lohnt es sich?Sind Sie auf der Suche nach einem Wettbewerbsvorteil und einem Lieferanten, der Ihnen hilft, Ihre Rentabilit\u00e4t zu steigern? Ecologa ist ein Vertriebs- und Herstellerunternehmen, das die Beziehungen zu seinen Partnern sehr sch\u00e4tzt und sich f\u00fcr den [&hellip;]<\/p>\n","protected":false},"author":7,"featured_media":0,"parent":0,"menu_order":0,"comment_status":"closed","ping_status":"closed","template":"","meta":{"footnotes":""},"class_list":["post-1067","page","type-page","status-publish","hentry"],"yoast_head":"<!-- This site is optimized with the Yoast SEO plugin v24.4 - https:\/\/yoast.com\/wordpress\/plugins\/seo\/ -->\n<title>Partner werden - Ecologa Industries<\/title>\n<meta name=\"robots\" content=\"index, follow, max-snippet:-1, max-image-preview:large, max-video-preview:-1\" \/>\n<link rel=\"canonical\" href=\"https:\/\/ecologa-europe.com\/industries\/partner-werden\/\" \/>\n<meta property=\"og:locale\" content=\"de_DE\" \/>\n<meta property=\"og:type\" content=\"article\" \/>\n<meta property=\"og:title\" content=\"Partner werden - Ecologa Industries\" \/>\n<meta property=\"og:description\" content=\"Werden Sie Vertriebspartner von Ecologa Als Hersteller im Bereich der Elektrosmogschutzprodukte suchen wir weltweit neue Vertriebspartner Warum lohnt es sich?Sind Sie auf der Suche nach einem Wettbewerbsvorteil und einem Lieferanten, der Ihnen hilft, Ihre Rentabilit\u00e4t zu steigern? Ecologa ist ein Vertriebs- und Herstellerunternehmen, das die Beziehungen zu seinen Partnern sehr sch\u00e4tzt und sich f\u00fcr den [&hellip;]\" \/>\n<meta property=\"og:url\" content=\"https:\/\/ecologa-europe.com\/industries\/partner-werden\/\" \/>\n<meta property=\"og:site_name\" content=\"Ecologa Industries\" \/>\n<meta property=\"article:modified_time\" content=\"2021-11-18T16:38:59+00:00\" \/>\n<meta property=\"og:image\" content=\"https:\/\/ecologa-europe.com\/industries\/wp-content\/uploads\/2021\/11\/Partnericon_dunkel.png\" \/>\n<meta name=\"twitter:card\" content=\"summary_large_image\" \/>\n<meta name=\"twitter:label1\" content=\"Gesch\u00e4tzte Lesezeit\" \/>\n\t<meta name=\"twitter:data1\" content=\"1\u00a0Minute\" \/>\n<script type=\"application\/ld+json\" class=\"yoast-schema-graph\">{\"@context\":\"https:\/\/schema.org\",\"@graph\":[{\"@type\":\"WebPage\",\"@id\":\"https:\/\/ecologa-europe.com\/industries\/partner-werden\/\",\"url\":\"https:\/\/ecologa-europe.com\/industries\/partner-werden\/\",\"name\":\"Partner werden - Ecologa Industries\",\"isPartOf\":{\"@id\":\"https:\/\/ecologa-europe.com\/industries\/#website\"},\"primaryImageOfPage\":{\"@id\":\"https:\/\/ecologa-europe.com\/industries\/partner-werden\/#primaryimage\"},\"image\":{\"@id\":\"https:\/\/ecologa-europe.com\/industries\/partner-werden\/#primaryimage\"},\"thumbnailUrl\":\"https:\/\/ecologa-europe.com\/industries\/wp-content\/uploads\/2021\/11\/Partnericon_dunkel.png\",\"datePublished\":\"2021-11-17T09:36:13+00:00\",\"dateModified\":\"2021-11-18T16:38:59+00:00\",\"breadcrumb\":{\"@id\":\"https:\/\/ecologa-europe.com\/industries\/partner-werden\/#breadcrumb\"},\"inLanguage\":\"de\",\"potentialAction\":[{\"@type\":\"ReadAction\",\"target\":[\"https:\/\/ecologa-europe.com\/industries\/partner-werden\/\"]}]},{\"@type\":\"ImageObject\",\"inLanguage\":\"de\",\"@id\":\"https:\/\/ecologa-europe.com\/industries\/partner-werden\/#primaryimage\",\"url\":\"https:\/\/ecologa-europe.com\/industries\/wp-content\/uploads\/2021\/11\/Partnericon_dunkel.png\",\"contentUrl\":\"https:\/\/ecologa-europe.com\/industries\/wp-content\/uploads\/2021\/11\/Partnericon_dunkel.png\",\"width\":88,\"height\":103},{\"@type\":\"BreadcrumbList\",\"@id\":\"https:\/\/ecologa-europe.com\/industries\/partner-werden\/#breadcrumb\",\"itemListElement\":[{\"@type\":\"ListItem\",\"position\":1,\"name\":\"Home\",\"item\":\"https:\/\/ecologa-europe.com\/industries\/\"},{\"@type\":\"ListItem\",\"position\":2,\"name\":\"Partner werden\"}]},{\"@type\":\"WebSite\",\"@id\":\"https:\/\/ecologa-europe.com\/industries\/#website\",\"url\":\"https:\/\/ecologa-europe.com\/industries\/\",\"name\":\"Ecologa Industries\",\"description\":\"\",\"publisher\":{\"@id\":\"https:\/\/ecologa-europe.com\/industries\/#organization\"},\"potentialAction\":[{\"@type\":\"SearchAction\",\"target\":{\"@type\":\"EntryPoint\",\"urlTemplate\":\"https:\/\/ecologa-europe.com\/industries\/?s={search_term_string}\"},\"query-input\":{\"@type\":\"PropertyValueSpecification\",\"valueRequired\":true,\"valueName\":\"search_term_string\"}}],\"inLanguage\":\"de\"},{\"@type\":\"Organization\",\"@id\":\"https:\/\/ecologa-europe.com\/industries\/#organization\",\"name\":\"Ecologa Industries\",\"url\":\"https:\/\/ecologa-europe.com\/industries\/\",\"logo\":{\"@type\":\"ImageObject\",\"inLanguage\":\"de\",\"@id\":\"https:\/\/ecologa-europe.com\/industries\/#\/schema\/logo\/image\/\",\"url\":\"https:\/\/ecologa-europe.com\/industries\/wp-content\/uploads\/2020\/07\/cropped-Logo-.png\",\"contentUrl\":\"https:\/\/ecologa-europe.com\/industries\/wp-content\/uploads\/2020\/07\/cropped-Logo-.png\",\"width\":284,\"height\":112,\"caption\":\"Ecologa Industries\"},\"image\":{\"@id\":\"https:\/\/ecologa-europe.com\/industries\/#\/schema\/logo\/image\/\"}}]}<\/script>\n<!-- \/ Yoast SEO plugin. -->","yoast_head_json":{"title":"Partner werden - Ecologa Industries","robots":{"index":"index","follow":"follow","max-snippet":"max-snippet:-1","max-image-preview":"max-image-preview:large","max-video-preview":"max-video-preview:-1"},"canonical":"https:\/\/ecologa-europe.com\/industries\/partner-werden\/","og_locale":"de_DE","og_type":"article","og_title":"Partner werden - Ecologa Industries","og_description":"Werden Sie Vertriebspartner von Ecologa Als Hersteller im Bereich der Elektrosmogschutzprodukte suchen wir weltweit neue Vertriebspartner Warum lohnt es sich?Sind Sie auf der Suche nach einem Wettbewerbsvorteil und einem Lieferanten, der Ihnen hilft, Ihre Rentabilit\u00e4t zu steigern? Ecologa ist ein Vertriebs- und Herstellerunternehmen, das die Beziehungen zu seinen Partnern sehr sch\u00e4tzt und sich f\u00fcr den [&hellip;]","og_url":"https:\/\/ecologa-europe.com\/industries\/partner-werden\/","og_site_name":"Ecologa Industries","article_modified_time":"2021-11-18T16:38:59+00:00","og_image":[{"url":"https:\/\/ecologa-europe.com\/industries\/wp-content\/uploads\/2021\/11\/Partnericon_dunkel.png","type":"","width":"","height":""}],"twitter_card":"summary_large_image","twitter_misc":{"Gesch\u00e4tzte Lesezeit":"1\u00a0Minute"},"schema":{"@context":"https:\/\/schema.org","@graph":[{"@type":"WebPage","@id":"https:\/\/ecologa-europe.com\/industries\/partner-werden\/","url":"https:\/\/ecologa-europe.com\/industries\/partner-werden\/","name":"Partner werden - Ecologa Industries","isPartOf":{"@id":"https:\/\/ecologa-europe.com\/industries\/#website"},"primaryImageOfPage":{"@id":"https:\/\/ecologa-europe.com\/industries\/partner-werden\/#primaryimage"},"image":{"@id":"https:\/\/ecologa-europe.com\/industries\/partner-werden\/#primaryimage"},"thumbnailUrl":"https:\/\/ecologa-europe.com\/industries\/wp-content\/uploads\/2021\/11\/Partnericon_dunkel.png","datePublished":"2021-11-17T09:36:13+00:00","dateModified":"2021-11-18T16:38:59+00:00","breadcrumb":{"@id":"https:\/\/ecologa-europe.com\/industries\/partner-werden\/#breadcrumb"},"inLanguage":"de","potentialAction":[{"@type":"ReadAction","target":["https:\/\/ecologa-europe.com\/industries\/partner-werden\/"]}]},{"@type":"ImageObject","inLanguage":"de","@id":"https:\/\/ecologa-europe.com\/industries\/partner-werden\/#primaryimage","url":"https:\/\/ecologa-europe.com\/industries\/wp-content\/uploads\/2021\/11\/Partnericon_dunkel.png","contentUrl":"https:\/\/ecologa-europe.com\/industries\/wp-content\/uploads\/2021\/11\/Partnericon_dunkel.png","width":88,"height":103},{"@type":"BreadcrumbList","@id":"https:\/\/ecologa-europe.com\/industries\/partner-werden\/#breadcrumb","itemListElement":[{"@type":"ListItem","position":1,"name":"Home","item":"https:\/\/ecologa-europe.com\/industries\/"},{"@type":"ListItem","position":2,"name":"Partner werden"}]},{"@type":"WebSite","@id":"https:\/\/ecologa-europe.com\/industries\/#website","url":"https:\/\/ecologa-europe.com\/industries\/","name":"Ecologa Industries","description":"","publisher":{"@id":"https:\/\/ecologa-europe.com\/industries\/#organization"},"potentialAction":[{"@type":"SearchAction","target":{"@type":"EntryPoint","urlTemplate":"https:\/\/ecologa-europe.com\/industries\/?s={search_term_string}"},"query-input":{"@type":"PropertyValueSpecification","valueRequired":true,"valueName":"search_term_string"}}],"inLanguage":"de"},{"@type":"Organization","@id":"https:\/\/ecologa-europe.com\/industries\/#organization","name":"Ecologa Industries","url":"https:\/\/ecologa-europe.com\/industries\/","logo":{"@type":"ImageObject","inLanguage":"de","@id":"https:\/\/ecologa-europe.com\/industries\/#\/schema\/logo\/image\/","url":"https:\/\/ecologa-europe.com\/industries\/wp-content\/uploads\/2020\/07\/cropped-Logo-.png","contentUrl":"https:\/\/ecologa-europe.com\/industries\/wp-content\/uploads\/2020\/07\/cropped-Logo-.png","width":284,"height":112,"caption":"Ecologa Industries"},"image":{"@id":"https:\/\/ecologa-europe.com\/industries\/#\/schema\/logo\/image\/"}}]}},"_links":{"self":[{"href":"https:\/\/ecologa-europe.com\/industries\/wp-json\/wp\/v2\/pages\/1067"}],"collection":[{"href":"https:\/\/ecologa-europe.com\/industries\/wp-json\/wp\/v2\/pages"}],"about":[{"href":"https:\/\/ecologa-europe.com\/industries\/wp-json\/wp\/v2\/types\/page"}],"author":[{"embeddable":true,"href":"https:\/\/ecologa-europe.com\/industries\/wp-json\/wp\/v2\/users\/7"}],"replies":[{"embeddable":true,"href":"https:\/\/ecologa-europe.com\/industries\/wp-json\/wp\/v2\/comments?post=1067"}],"version-history":[{"count":10,"href":"https:\/\/ecologa-europe.com\/industries\/wp-json\/wp\/v2\/pages\/1067\/revisions"}],"predecessor-version":[{"id":1095,"href":"https:\/\/ecologa-europe.com\/industries\/wp-json\/wp\/v2\/pages\/1067\/revisions\/1095"}],"wp:attachment":[{"href":"https:\/\/ecologa-europe.com\/industries\/wp-json\/wp\/v2\/media?parent=1067"}],"curies":[{"name":"wp","href":"https:\/\/api.w.org\/{rel}","templated":true}]}}