{"id":5441,"date":"2025-05-05T13:01:07","date_gmt":"2025-05-05T13:01:07","guid":{"rendered":"https:\/\/639.pm-domains.de\/?page_id=5441"},"modified":"2025-05-07T14:41:04","modified_gmt":"2025-05-07T14:41:04","slug":"5g-informationen","status":"publish","type":"page","link":"https:\/\/ecologa-europe.com\/shop\/5g-informationen\/","title":{"rendered":"5G &#8211; Informationen"},"content":{"rendered":"\t\t<div data-elementor-type=\"wp-page\" data-elementor-id=\"5441\" class=\"elementor elementor-5441\" data-elementor-post-type=\"page\">\n\t\t\t\t<div class=\"elementor-element elementor-element-622c47bc e-flex e-con-boxed e-con e-parent\" data-id=\"622c47bc\" data-element_type=\"container\" data-e-type=\"container\" data-settings=\"{&quot;jet_parallax_layout_list&quot;:[]}\">\n\t\t\t\t\t<div class=\"e-con-inner\">\n\t\t<div class=\"elementor-element elementor-element-1b37321 e-con-full e-flex e-con e-child\" data-id=\"1b37321\" data-element_type=\"container\" data-e-type=\"container\" data-settings=\"{&quot;jet_parallax_layout_list&quot;:[]}\">\n\t\t\t\t<div class=\"elementor-element elementor-element-459c8f1c elementor-widget elementor-widget-heading\" data-id=\"459c8f1c\" data-element_type=\"widget\" data-e-type=\"widget\" data-widget_type=\"heading.default\">\n\t\t\t\t<div class=\"elementor-widget-container\">\n\t\t\t\t\t<h1 class=\"elementor-heading-title elementor-size-default\">5G -Informationen\n\n\u00a0<\/h1>\t\t\t\t<\/div>\n\t\t\t\t<\/div>\n\t\t\t\t<div class=\"elementor-element elementor-element-30b4029 elementor-widget elementor-widget-heading\" data-id=\"30b4029\" data-element_type=\"widget\" data-e-type=\"widget\" data-widget_type=\"heading.default\">\n\t\t\t\t<div class=\"elementor-widget-container\">\n\t\t\t\t\t<h2 class=\"elementor-heading-title elementor-size-default\"><span lang=\"EN-US\">Geht das 5G Frequenzspektrum wirklich bis 100 GHz?<\/span><\/h2>\t\t\t\t<\/div>\n\t\t\t\t<\/div>\n\t\t\t\t<div class=\"elementor-element elementor-element-7958d149 elementor-widget elementor-widget-text-editor\" data-id=\"7958d149\" data-element_type=\"widget\" data-e-type=\"widget\" data-widget_type=\"text-editor.default\">\n\t\t\t\t<div class=\"elementor-widget-container\">\n\t\t\t\t\t\t\t\t\t<p class=\"PreformattedText\"><span lang=\"EN-US\">Das hierf\u00fcr zust\u00e4ndige Konsortium hat bisher Pl\u00e4ne bis etwa 80 GHz. Die obersten Frequenzb\u00e4nder eignen sich jedoch nur f\u00fcr die \u00dcbertragung im unmittelbaren <\/span><span lang=\"EN-US\">Nahbereich, zum Beispiel von Computer zum Bildschirm. Insofern ist dieser obersten Frequenzbereich f\u00fcr Elektrosensible nicht so relevant, weil man ja selbst in der <\/span><span lang=\"EN-US\">Hand hat, ob man solche Anwendungen einsetzen m\u00f6chte oder nicht (wenn 5G in diesem Frequenzspektrum in ein paar Jahren dann kommerziell verf\u00fcgbar sein <\/span><span lang=\"EN-US\">sollte).\u00a0<\/span><\/p><p class=\"PreformattedText\"><span lang=\"EN-US\">Deutlich konkreter ist die Planung f\u00fcr 5G im Frequenzbereich um die 28 GHz, wo es haupts\u00e4chlich um die (tempor\u00e4re) Versorgung beispielsweise von <\/span><span lang=\"EN-US\">Fu\u00dfballstadien, Einkaufszentren und \u00e4hnlichem geht und um drahtloses Internet auf Bahnstrecken und im \u00f6ffentlichen Nahverkehr. Auch hier ist die Reichweite <\/span><span lang=\"EN-US\">sehr begrenzt und um den Stromverbrauch zu minimieren, wird man von Anbieterseite her versuchen, die Strahlung m\u00f6glichst eng auf den unbedingt notwendigen <\/span><span lang=\"EN-US\">Bereich zu konzentrieren. Die bisherigen Demonstrationen offenbarten aber gro\u00dfe technische Schwierigkeiten, weil schon ein Baum, der die direkte <\/span><span lang=\"EN-US\">Sichtverbindung zum Sender verstellte, zu erheblichen Abstrichen in der \u00dcbertragungsrate bis hin zu Verbindungsabbr\u00fcchen f\u00fchrte. <\/span><\/p><p class=\"PreformattedText\">Ein Abschirmbaldachin schafft eine <strong>gesch\u00fctzte Zone<\/strong> und hilft, eine nat\u00fcrliche Schlafumgebung wiederherzustellen. Mit einer Abschirmwirkung von <strong>bis zu 99,99 %<\/strong> blockieren unsere hochwertigen Baldachine zuverl\u00e4ssig hochfrequente Strahlung und bieten Ihnen eine sichere Erholungszone.<\/p>\t\t\t\t\t\t\t\t<\/div>\n\t\t\t\t<\/div>\n\t\t\t\t<div class=\"elementor-element elementor-element-48feeb82 elementor-widget elementor-widget-heading\" data-id=\"48feeb82\" data-element_type=\"widget\" data-e-type=\"widget\" data-widget_type=\"heading.default\">\n\t\t\t\t<div class=\"elementor-widget-container\">\n\t\t\t\t\t<h2 class=\"elementor-heading-title elementor-size-default\">Warum ist gerade der Schlafbereich so wichtig?<\/h2>\t\t\t\t<\/div>\n\t\t\t\t<\/div>\n\t\t\t\t<div class=\"elementor-element elementor-element-52fcfa elementor-widget elementor-widget-text-editor\" data-id=\"52fcfa\" data-element_type=\"widget\" data-e-type=\"widget\" data-widget_type=\"text-editor.default\">\n\t\t\t\t<div class=\"elementor-widget-container\">\n\t\t\t\t\t\t\t\t\t<p class=\"PreformattedText\"><span lang=\"EN-US\">Die heute vorgesehenen Frequenzb\u00e4nder sind: um 700 MHz um 2 GHz zwischen 3 und 4 GHz (auch weltweit jedenfalls unter 6 GHz, \u201eSub 6 GHz <\/span><span lang=\"EN-US\">Band\u2018) um 28\/30 GHz bis etwa 80 GHz. <\/span><span lang=\"EN-US\">Auff\u00e4llig ist die gro\u00dfe L\u00fccke zwischen 4 GHz und 28 GHz. An baubiologisch relevanten Funkdiensten findet sich in diesem Bereich nur das \u201e5 GHz WLAN\u201c (zwischen 5 und 6 GHz) und vielf\u00e4ltige Radarfrequenzen zwischen 8,5 und 9,5 GHz.<\/span><\/p><p class=\"PreformattedText\"><strong><span lang=\"EN-US\">Bei welchen Frequenzen sendet 5G?<br \/><\/span><\/strong><span lang=\"EN-US\">Dar\u00fcber streiten die Fachleute, wie auch \u00fcber das Thema der Sch\u00e4dlichkeit von Elektrosmog insgesamt. Man denke nur an die jahrzehntelange Diskussion um die Sch\u00e4dlichkeit von Asbest! Da scheint eine vorsorgliche Minimierung der pers\u00f6nlichen Exposition in Bezug auf die 5G Strahlung sinnvoll. Beruhigend ist da der folgende, physikalisch unzweifelhafte Zusammenhang: Je h\u00f6her die Frequenz, desto geringer die Strahlungsausbreitung oder anders ausgedr\u00fcckt: Je h\u00f6her die Frequenz, desto h\u00f6her ist die D\u00e4mpfung der 56 Strahlung (jeglicher HF-Strahlung!) allein schon durch die Luft oder die umso mehr auch durch \u00fcbliche Baumaterialien wie Stein, Holz oder Glas. Insofern bieten Innenr\u00e4ume, sprich: Wohnung oder Haus bez\u00fcglich den h\u00f6heren 5G Frequenzen bereits recht guten Schutz.<\/span><\/p>\t\t\t\t\t\t\t\t<\/div>\n\t\t\t\t<\/div>\n\t\t\t\t<div class=\"elementor-element elementor-element-cd80031 elementor-widget elementor-widget-heading\" data-id=\"cd80031\" data-element_type=\"widget\" data-e-type=\"widget\" data-widget_type=\"heading.default\">\n\t\t\t\t<div class=\"elementor-widget-container\">\n\t\t\t\t\t<h2 class=\"elementor-heading-title elementor-size-default\">Bei welchen Frequenzen sendet 5G?<\/h2>\t\t\t\t<\/div>\n\t\t\t\t<\/div>\n\t\t\t\t<div class=\"elementor-element elementor-element-5064e1a elementor-widget elementor-widget-text-editor\" data-id=\"5064e1a\" data-element_type=\"widget\" data-e-type=\"widget\" data-widget_type=\"text-editor.default\">\n\t\t\t\t<div class=\"elementor-widget-container\">\n\t\t\t\t\t\t\t\t\t<p class=\"PreformattedText\"><span lang=\"EN-US\">Die heute vorgesehenen Frequenzb\u00e4nder sind: um 700 MHz um 2 GHz zwischen 3 und 4 GHz (auch weltweit jedenfalls unter 6 GHz, \u201eSub 6 GHz <\/span><span lang=\"EN-US\">Band\u2018) um 28\/30 GHz bis etwa 80 GHz. <\/span><span lang=\"EN-US\">Auff\u00e4llig ist die gro\u00dfe L\u00fccke zwischen 4 GHz und 28 GHz. An baubiologisch relevanten Funkdiensten findet sich in diesem Bereich nur das \u201e5 GHz WLAN\u201c (zwischen 5 und 6 GHz) und vielf\u00e4ltige Radarfrequenzen zwischen 8,5 und 9,5 GHz.<\/span><\/p><p class=\"PreformattedText\"><strong><span lang=\"EN-US\">Bei welchen Frequenzen sendet 5G?<br \/><\/span><\/strong><span lang=\"EN-US\">Dar\u00fcber streiten die Fachleute, wie auch \u00fcber das Thema der Sch\u00e4dlichkeit von Elektrosmog insgesamt. Man denke nur an die jahrzehntelange Diskussion um die Sch\u00e4dlichkeit von Asbest! Da scheint eine vorsorgliche Minimierung der pers\u00f6nlichen Exposition in Bezug auf die 5G Strahlung sinnvoll. Beruhigend ist da der folgende, physikalisch unzweifelhafte Zusammenhang: Je h\u00f6her die Frequenz, desto geringer die Strahlungsausbreitung oder anders ausgedr\u00fcckt: Je h\u00f6her die Frequenz, desto h\u00f6her ist die D\u00e4mpfung der 56 Strahlung (jeglicher HF-Strahlung!) allein schon durch die Luft oder die umso mehr auch durch \u00fcbliche Baumaterialien wie Stein, Holz oder Glas. Insofern bieten Innenr\u00e4ume, sprich: Wohnung oder Haus bez\u00fcglich den h\u00f6heren 5G Frequenzen bereits recht guten Schutz.<\/span><\/p>\t\t\t\t\t\t\t\t<\/div>\n\t\t\t\t<\/div>\n\t\t\t\t<div class=\"elementor-element elementor-element-b73477c elementor-widget elementor-widget-heading\" data-id=\"b73477c\" data-element_type=\"widget\" data-e-type=\"widget\" data-widget_type=\"heading.default\">\n\t\t\t\t<div class=\"elementor-widget-container\">\n\t\t\t\t\t<h2 class=\"elementor-heading-title elementor-size-default\">Warum sind die 5G Frequenzen unter 6 GHz besonders kritisch?<\/h2>\t\t\t\t<\/div>\n\t\t\t\t<\/div>\n\t\t\t\t<div class=\"elementor-element elementor-element-486383c elementor-widget elementor-widget-text-editor\" data-id=\"486383c\" data-element_type=\"widget\" data-e-type=\"widget\" data-widget_type=\"text-editor.default\">\n\t\t\t\t<div class=\"elementor-widget-container\">\n\t\t\t\t\t\t\t\t\t<p class=\"PreformattedText\"><span lang=\"EN-US\">Aus baubiologischer Sicht ist es besonders wichtig, die Elektrosmogbelastung in Schlafbereichen gering zu halten, weil der Organismus im Schlaf frei von \u00e4u\u00dferen Belastungen sein sollte, um sich zu regenerieren.<\/span><\/p><p class=\"PreformattedText\"><span lang=\"EN-US\">Aus technischen und kommerziellen Gr\u00fcnden werden aber gerade diese unteren 5G Mobilfunkfrequenzen zu vermehrter Strahlenbelastung mit 5G in Schlafbereichen f\u00fchren. Und zwar deshalb, weil niedrigere Frequenzen bei gleichem Energieaufwand eine h\u00f6here Sendereichweite und eine bessere Durchdringung von g\u00e4ngigen Baumaterialien haben. Das hei\u00dft f\u00fcr den Mobilfunkanbieter: Mit weitgehend gleichen Infrastrukturkosten, k\u00f6nnen mehr Kunden abgedeckt werden, sprich: H\u00f6here Gewinne erzielt werden. Dasselbe Ph\u00e4nomen kennt man von der deutlich besseren Fl\u00e4chenabdeckung der unteren Mobilfunkb\u00e4nder gegen\u00fcber den oberen, zum Beispiel im Mobilfunk (900 MHz gegen\u00fcber 1800 MHz bei GSM, sowie 800 MHz gegen\u00fcber 1800 MHz gegen\u00fcber 2700 MHz bei LTE) oder 2,4 GHz WLAN gegen\u00fcber 5 GHz WLAN.<\/span><\/p><p class=\"PreformattedText\"><span style=\"font-style: inherit; font-weight: inherit;\">W\u00e4hrend sich die 700 MHz damit besonders f\u00fcr den l\u00e4ndlichen Bereich und kleinere Ortschaften empfehlen, wird man gerade in Innenstadtlagen zugunsten von h\u00f6heren Datenraten vermehrt die neu versteigerten Frequenzb\u00e4nder zwischen 3 und 4 GHz nutzen. Auch wenn daf\u00fcr mehr Sendeeinrichtungen in dichteren Abst\u00e4nden aufgebaut werden m\u00fcssen. Gerade das ist ja einer der Hauptkritikpunkte von Gegnern des 5G Ausbaus.<\/span><\/p>\t\t\t\t\t\t\t\t<\/div>\n\t\t\t\t<\/div>\n\t\t\t\t<div class=\"elementor-element elementor-element-cee2e0c elementor-widget elementor-widget-heading\" data-id=\"cee2e0c\" data-element_type=\"widget\" data-e-type=\"widget\" data-widget_type=\"heading.default\">\n\t\t\t\t<div class=\"elementor-widget-container\">\n\t\t\t\t\t<h2 class=\"elementor-heading-title elementor-size-default\">Warum beginnt die Markteinf\u00fchrung von 5G mit den niedrigeren Frequenzen?<\/h2>\t\t\t\t<\/div>\n\t\t\t\t<\/div>\n\t\t\t\t<div class=\"elementor-element elementor-element-ccea195 elementor-widget elementor-widget-text-editor\" data-id=\"ccea195\" data-element_type=\"widget\" data-e-type=\"widget\" data-widget_type=\"text-editor.default\">\n\t\t\t\t<div class=\"elementor-widget-container\">\n\t\t\t\t\t\t\t\t\t<p class=\"PreformattedText\"><span lang=\"EN-US\">Physikalische Gesetze gelten auch f\u00fcr 5G und die Hardware-Anbieter reagieren darauf vorhersehbar: Zun\u00e4chst ist da die gr\u00f6\u00dfere D\u00e4mpfung hochfrequenter Strahlung durch die Luft. Aus Anbietersicht ist \u201agr\u00f6\u00dfere D\u00e4mpfung\u201c gleichbedeutend mit \u201emehr Energieaufwand und h\u00f6here Kosten\u201c &#8211; die kommerzielle Folge: Immer das niedrigstm\u00f6gliche Frequenzband wird bevorzugt (wie schon bei GSM, LTE und WLAN). Die oberen 5G B\u00e4nder bis \u00fcber 50 GHz bleiben also auf lange Sicht sehr kurzen Distanzen mit direkter Sichtverbindungen vorbehalten &#8211; positiver Nebeneffekt f\u00fcr die Bev\u00f6lkerung: Die eigenen vier W\u00e4nde bieten vergleichsweise guten Schutz.<\/span><\/p><p class=\"PreformattedText\"><span lang=\"EN-US\">Die sarkastische Redewendung \u201eGeld regiert die Welt\u201c kommt hier also ausnahmsweise und eher nebenbei mal der breiten Bev\u00f6lkerung zugute&#8230; ein kleiner Trost angesichts der mit 5G nochmal vergr\u00f6\u00dferten HF-Gesamtbelastung.<\/span><\/p>\t\t\t\t\t\t\t\t<\/div>\n\t\t\t\t<\/div>\n\t\t\t\t<\/div>\n\t\t\t\t\t<\/div>\n\t\t\t\t<\/div>\n\t\t<div class=\"elementor-element elementor-element-869dd87 e-flex e-con-boxed e-con e-parent\" data-id=\"869dd87\" data-element_type=\"container\" data-e-type=\"container\" data-settings=\"{&quot;jet_parallax_layout_list&quot;:[]}\">\n\t\t\t\t\t<div class=\"e-con-inner\">\n\t\t\t\t<div class=\"elementor-element elementor-element-c2031ee elementor-widget elementor-widget-spacer\" data-id=\"c2031ee\" data-element_type=\"widget\" data-e-type=\"widget\" data-widget_type=\"spacer.default\">\n\t\t\t\t<div class=\"elementor-widget-container\">\n\t\t\t\t\t\t\t<div class=\"elementor-spacer\">\n\t\t\t<div class=\"elementor-spacer-inner\"><\/div>\n\t\t<\/div>\n\t\t\t\t\t\t<\/div>\n\t\t\t\t<\/div>\n\t\t\t\t\t<\/div>\n\t\t\t\t<\/div>\n\t\t\t\t<\/div>\n\t\t","protected":false},"excerpt":{"rendered":"<p>5G -Informationen \u00a0 Geht das 5G Frequenzspektrum wirklich bis 100 GHz? Das hierf\u00fcr zust\u00e4ndige Konsortium hat bisher Pl\u00e4ne bis etwa [&hellip;]<\/p>\n","protected":false},"author":2,"featured_media":0,"parent":0,"menu_order":0,"comment_status":"closed","ping_status":"closed","template":"","meta":{"inline_featured_image":false,"site-sidebar-layout":"no-sidebar","site-content-layout":"","ast-site-content-layout":"full-width-container","site-content-style":"default","site-sidebar-style":"default","ast-global-header-display":"","ast-banner-title-visibility":"","ast-main-header-display":"","ast-hfb-above-header-display":"","ast-hfb-below-header-display":"","ast-hfb-mobile-header-display":"","site-post-title":"disabled","ast-breadcrumbs-content":"","ast-featured-img":"disabled","footer-sml-layout":"","ast-disable-related-posts":"","theme-transparent-header-meta":"","adv-header-id-meta":"","stick-header-meta":"","header-above-stick-meta":"","header-main-stick-meta":"","header-below-stick-meta":"","astra-migrate-meta-layouts":"default","ast-page-background-enabled":"default","ast-page-background-meta":{"desktop":{"background-color":"var(--ast-global-color-5)","background-image":"","background-repeat":"repeat","background-position":"center center","background-size":"auto","background-attachment":"scroll","background-type":"","background-media":"","overlay-type":"","overlay-color":"","overlay-opacity":"","overlay-gradient":""},"tablet":{"background-color":"","background-image":"","background-repeat":"repeat","background-position":"center center","background-size":"auto","background-attachment":"scroll","background-type":"","background-media":"","overlay-type":"","overlay-color":"","overlay-opacity":"","overlay-gradient":""},"mobile":{"background-color":"","background-image":"","background-repeat":"repeat","background-position":"center center","background-size":"auto","background-attachment":"scroll","background-type":"","background-media":"","overlay-type":"","overlay-color":"","overlay-opacity":"","overlay-gradient":""}},"ast-content-background-meta":{"desktop":{"background-color":"var(--ast-global-color-4)","background-image":"","background-repeat":"repeat","background-position":"center center","background-size":"auto","background-attachment":"scroll","background-type":"","background-media":"","overlay-type":"","overlay-color":"","overlay-opacity":"","overlay-gradient":""},"tablet":{"background-color":"var(--ast-global-color-4)","background-image":"","background-repeat":"repeat","background-position":"center center","background-size":"auto","background-attachment":"scroll","background-type":"","background-media":"","overlay-type":"","overlay-color":"","overlay-opacity":"","overlay-gradient":""},"mobile":{"background-color":"var(--ast-global-color-4)","background-image":"","background-repeat":"repeat","background-position":"center center","background-size":"auto","background-attachment":"scroll","background-type":"","background-media":"","overlay-type":"","overlay-color":"","overlay-opacity":"","overlay-gradient":""}},"footnotes":""},"class_list":["post-5441","page","type-page","status-publish","hentry"],"yoast_head":"<!-- This site is optimized with the Yoast SEO plugin v27.3 - https:\/\/yoast.com\/product\/yoast-seo-wordpress\/ -->\n<title>5G - Informationen - Elektrosmog-Schutz Onlineshop<\/title>\n<meta name=\"robots\" content=\"index, follow, max-snippet:-1, max-image-preview:large, max-video-preview:-1\" \/>\n<link rel=\"canonical\" href=\"https:\/\/ecologa-europe.com\/shop\/5g-informationen\/\" \/>\n<meta property=\"og:locale\" content=\"de_DE\" \/>\n<meta property=\"og:type\" content=\"article\" \/>\n<meta property=\"og:title\" content=\"5G - Informationen - Elektrosmog-Schutz Onlineshop\" \/>\n<meta property=\"og:description\" content=\"5G -Informationen \u00a0 Geht das 5G Frequenzspektrum wirklich bis 100 GHz? Das hierf\u00fcr zust\u00e4ndige Konsortium hat bisher Pl\u00e4ne bis etwa [&hellip;]\" \/>\n<meta property=\"og:url\" content=\"https:\/\/ecologa-europe.com\/shop\/5g-informationen\/\" \/>\n<meta property=\"og:site_name\" content=\"Elektrosmog-Schutz Onlineshop\" \/>\n<meta property=\"article:publisher\" content=\"https:\/\/www.facebook.com\/Ecologa-Europe-GmbH-1604744566252298\/\" \/>\n<meta property=\"article:modified_time\" content=\"2025-05-07T14:41:04+00:00\" \/>\n<meta name=\"twitter:card\" content=\"summary_large_image\" \/>\n<meta name=\"twitter:label1\" content=\"Gesch\u00e4tzte Lesezeit\" \/>\n\t<meta name=\"twitter:data1\" content=\"6\u00a0Minuten\" \/>\n<script type=\"application\/ld+json\" class=\"yoast-schema-graph\">{\"@context\":\"https:\\\/\\\/schema.org\",\"@graph\":[{\"@type\":\"WebPage\",\"@id\":\"https:\\\/\\\/ecologa-europe.com\\\/shop\\\/5g-informationen\\\/\",\"url\":\"https:\\\/\\\/ecologa-europe.com\\\/shop\\\/5g-informationen\\\/\",\"name\":\"5G - Informationen - Elektrosmog-Schutz Onlineshop\",\"isPartOf\":{\"@id\":\"https:\\\/\\\/ecologa-europe.com\\\/shop\\\/#website\"},\"datePublished\":\"2025-05-05T13:01:07+00:00\",\"dateModified\":\"2025-05-07T14:41:04+00:00\",\"breadcrumb\":{\"@id\":\"https:\\\/\\\/ecologa-europe.com\\\/shop\\\/5g-informationen\\\/#breadcrumb\"},\"inLanguage\":\"de\",\"potentialAction\":[{\"@type\":\"ReadAction\",\"target\":[\"https:\\\/\\\/ecologa-europe.com\\\/shop\\\/5g-informationen\\\/\"]}]},{\"@type\":\"BreadcrumbList\",\"@id\":\"https:\\\/\\\/ecologa-europe.com\\\/shop\\\/5g-informationen\\\/#breadcrumb\",\"itemListElement\":[{\"@type\":\"ListItem\",\"position\":1,\"name\":\"Startseite\",\"item\":\"https:\\\/\\\/ecologa-europe.com\\\/shop\\\/\"},{\"@type\":\"ListItem\",\"position\":2,\"name\":\"5G &#8211; Informationen\"}]},{\"@type\":\"WebSite\",\"@id\":\"https:\\\/\\\/ecologa-europe.com\\\/shop\\\/#website\",\"url\":\"https:\\\/\\\/ecologa-europe.com\\\/shop\\\/\",\"name\":\"Elektrosmog-Schutz Onlineshop\",\"description\":\"Ecologa Europe\",\"publisher\":{\"@id\":\"https:\\\/\\\/ecologa-europe.com\\\/shop\\\/#organization\"},\"potentialAction\":[{\"@type\":\"SearchAction\",\"target\":{\"@type\":\"EntryPoint\",\"urlTemplate\":\"https:\\\/\\\/ecologa-europe.com\\\/shop\\\/?s={search_term_string}\"},\"query-input\":{\"@type\":\"PropertyValueSpecification\",\"valueRequired\":true,\"valueName\":\"search_term_string\"}}],\"inLanguage\":\"de\"},{\"@type\":\"Organization\",\"@id\":\"https:\\\/\\\/ecologa-europe.com\\\/shop\\\/#organization\",\"name\":\"Elektrosmog-Schutz Onlineshop\",\"url\":\"https:\\\/\\\/ecologa-europe.com\\\/shop\\\/\",\"logo\":{\"@type\":\"ImageObject\",\"inLanguage\":\"de\",\"@id\":\"https:\\\/\\\/ecologa-europe.com\\\/shop\\\/#\\\/schema\\\/logo\\\/image\\\/\",\"url\":\"https:\\\/\\\/ecologa-europe.com\\\/shop\\\/wp-content\\\/uploads\\\/2025\\\/04\\\/vertical-navbar-logo.svg\",\"contentUrl\":\"https:\\\/\\\/ecologa-europe.com\\\/shop\\\/wp-content\\\/uploads\\\/2025\\\/04\\\/vertical-navbar-logo.svg\",\"width\":182,\"height\":70,\"caption\":\"Elektrosmog-Schutz Onlineshop\"},\"image\":{\"@id\":\"https:\\\/\\\/ecologa-europe.com\\\/shop\\\/#\\\/schema\\\/logo\\\/image\\\/\"},\"sameAs\":[\"https:\\\/\\\/www.facebook.com\\\/Ecologa-Europe-GmbH-1604744566252298\\\/\",\"https:\\\/\\\/www.instagram.com\\\/ecologaeurope\\\/\"]}]}<\/script>\n<!-- \/ Yoast SEO plugin. -->","yoast_head_json":{"title":"5G - Informationen - Elektrosmog-Schutz Onlineshop","robots":{"index":"index","follow":"follow","max-snippet":"max-snippet:-1","max-image-preview":"max-image-preview:large","max-video-preview":"max-video-preview:-1"},"canonical":"https:\/\/ecologa-europe.com\/shop\/5g-informationen\/","og_locale":"de_DE","og_type":"article","og_title":"5G - Informationen - Elektrosmog-Schutz Onlineshop","og_description":"5G -Informationen \u00a0 Geht das 5G Frequenzspektrum wirklich bis 100 GHz? Das hierf\u00fcr zust\u00e4ndige Konsortium hat bisher Pl\u00e4ne bis etwa [&hellip;]","og_url":"https:\/\/ecologa-europe.com\/shop\/5g-informationen\/","og_site_name":"Elektrosmog-Schutz Onlineshop","article_publisher":"https:\/\/www.facebook.com\/Ecologa-Europe-GmbH-1604744566252298\/","article_modified_time":"2025-05-07T14:41:04+00:00","twitter_card":"summary_large_image","twitter_misc":{"Gesch\u00e4tzte Lesezeit":"6\u00a0Minuten"},"schema":{"@context":"https:\/\/schema.org","@graph":[{"@type":"WebPage","@id":"https:\/\/ecologa-europe.com\/shop\/5g-informationen\/","url":"https:\/\/ecologa-europe.com\/shop\/5g-informationen\/","name":"5G - Informationen - Elektrosmog-Schutz Onlineshop","isPartOf":{"@id":"https:\/\/ecologa-europe.com\/shop\/#website"},"datePublished":"2025-05-05T13:01:07+00:00","dateModified":"2025-05-07T14:41:04+00:00","breadcrumb":{"@id":"https:\/\/ecologa-europe.com\/shop\/5g-informationen\/#breadcrumb"},"inLanguage":"de","potentialAction":[{"@type":"ReadAction","target":["https:\/\/ecologa-europe.com\/shop\/5g-informationen\/"]}]},{"@type":"BreadcrumbList","@id":"https:\/\/ecologa-europe.com\/shop\/5g-informationen\/#breadcrumb","itemListElement":[{"@type":"ListItem","position":1,"name":"Startseite","item":"https:\/\/ecologa-europe.com\/shop\/"},{"@type":"ListItem","position":2,"name":"5G &#8211; Informationen"}]},{"@type":"WebSite","@id":"https:\/\/ecologa-europe.com\/shop\/#website","url":"https:\/\/ecologa-europe.com\/shop\/","name":"Elektrosmog-Schutz Onlineshop","description":"Ecologa Europe","publisher":{"@id":"https:\/\/ecologa-europe.com\/shop\/#organization"},"potentialAction":[{"@type":"SearchAction","target":{"@type":"EntryPoint","urlTemplate":"https:\/\/ecologa-europe.com\/shop\/?s={search_term_string}"},"query-input":{"@type":"PropertyValueSpecification","valueRequired":true,"valueName":"search_term_string"}}],"inLanguage":"de"},{"@type":"Organization","@id":"https:\/\/ecologa-europe.com\/shop\/#organization","name":"Elektrosmog-Schutz Onlineshop","url":"https:\/\/ecologa-europe.com\/shop\/","logo":{"@type":"ImageObject","inLanguage":"de","@id":"https:\/\/ecologa-europe.com\/shop\/#\/schema\/logo\/image\/","url":"https:\/\/ecologa-europe.com\/shop\/wp-content\/uploads\/2025\/04\/vertical-navbar-logo.svg","contentUrl":"https:\/\/ecologa-europe.com\/shop\/wp-content\/uploads\/2025\/04\/vertical-navbar-logo.svg","width":182,"height":70,"caption":"Elektrosmog-Schutz Onlineshop"},"image":{"@id":"https:\/\/ecologa-europe.com\/shop\/#\/schema\/logo\/image\/"},"sameAs":["https:\/\/www.facebook.com\/Ecologa-Europe-GmbH-1604744566252298\/","https:\/\/www.instagram.com\/ecologaeurope\/"]}]}},"_links":{"self":[{"href":"https:\/\/ecologa-europe.com\/shop\/wp-json\/wp\/v2\/pages\/5441","targetHints":{"allow":["GET"]}}],"collection":[{"href":"https:\/\/ecologa-europe.com\/shop\/wp-json\/wp\/v2\/pages"}],"about":[{"href":"https:\/\/ecologa-europe.com\/shop\/wp-json\/wp\/v2\/types\/page"}],"author":[{"embeddable":true,"href":"https:\/\/ecologa-europe.com\/shop\/wp-json\/wp\/v2\/users\/2"}],"replies":[{"embeddable":true,"href":"https:\/\/ecologa-europe.com\/shop\/wp-json\/wp\/v2\/comments?post=5441"}],"version-history":[{"count":7,"href":"https:\/\/ecologa-europe.com\/shop\/wp-json\/wp\/v2\/pages\/5441\/revisions"}],"predecessor-version":[{"id":5811,"href":"https:\/\/ecologa-europe.com\/shop\/wp-json\/wp\/v2\/pages\/5441\/revisions\/5811"}],"wp:attachment":[{"href":"https:\/\/ecologa-europe.com\/shop\/wp-json\/wp\/v2\/media?parent=5441"}],"curies":[{"name":"wp","href":"https:\/\/api.w.org\/{rel}","templated":true}]}}