{"id":5443,"date":"2025-05-05T13:12:44","date_gmt":"2025-05-05T13:12:44","guid":{"rendered":"https:\/\/639.pm-domains.de\/?page_id=5443"},"modified":"2025-06-12T05:04:44","modified_gmt":"2025-06-12T05:04:44","slug":"zahlungs-und-versandinformationen","status":"publish","type":"page","link":"https:\/\/ecologa-europe.com\/shop\/zahlungs-und-versandinformationen\/","title":{"rendered":"Zahlungs- und Versandinformationen"},"content":{"rendered":"\t\t<div data-elementor-type=\"wp-page\" data-elementor-id=\"5443\" class=\"elementor elementor-5443\" data-elementor-post-type=\"page\">\n\t\t\t\t<div class=\"elementor-element elementor-element-79b369d2 e-flex e-con-boxed e-con e-parent\" data-id=\"79b369d2\" data-element_type=\"container\" data-e-type=\"container\" data-settings=\"{&quot;jet_parallax_layout_list&quot;:[]}\">\n\t\t\t\t\t<div class=\"e-con-inner\">\n\t\t<div class=\"elementor-element elementor-element-16db3bdb e-con-full e-flex e-con e-child\" data-id=\"16db3bdb\" data-element_type=\"container\" data-e-type=\"container\" data-settings=\"{&quot;jet_parallax_layout_list&quot;:[]}\">\n\t\t\t\t<div class=\"elementor-element elementor-element-3ae99eec elementor-widget elementor-widget-heading\" data-id=\"3ae99eec\" data-element_type=\"widget\" data-e-type=\"widget\" data-widget_type=\"heading.default\">\n\t\t\t\t<div class=\"elementor-widget-container\">\n\t\t\t\t\t<h1 class=\"elementor-heading-title elementor-size-default\">Zahlungs- und Versandinformationen<\/h1>\t\t\t\t<\/div>\n\t\t\t\t<\/div>\n\t\t\t\t<div class=\"elementor-element elementor-element-38cbc0c4 elementor-widget elementor-widget-heading\" data-id=\"38cbc0c4\" data-element_type=\"widget\" data-e-type=\"widget\" data-widget_type=\"heading.default\">\n\t\t\t\t<div class=\"elementor-widget-container\">\n\t\t\t\t\t<h2 class=\"elementor-heading-title elementor-size-default\">Zahlarten und Versandkosten<\/h2>\t\t\t\t<\/div>\n\t\t\t\t<\/div>\n\t\t\t\t<div class=\"elementor-element elementor-element-2f60b62f elementor-widget elementor-widget-heading\" data-id=\"2f60b62f\" data-element_type=\"widget\" data-e-type=\"widget\" data-widget_type=\"heading.default\">\n\t\t\t\t<div class=\"elementor-widget-container\">\n\t\t\t\t\t<h3 class=\"elementor-heading-title elementor-size-default\">1. Lieferung<\/h3>\t\t\t\t<\/div>\n\t\t\t\t<\/div>\n\t\t\t\t<div class=\"elementor-element elementor-element-3e08f35c elementor-widget elementor-widget-text-editor\" data-id=\"3e08f35c\" data-element_type=\"widget\" data-e-type=\"widget\" data-widget_type=\"text-editor.default\">\n\t\t\t\t<div class=\"elementor-widget-container\">\n\t\t\t\t\t\t\t\t\t<p class=\"PreformattedText\"><span lang=\"EN-US\"><strong>1.1<\/strong> Der Versand Ihrer Bestellung erfolgt \u00fcber UPS<\/span>.<\/p>\t\t\t\t\t\t\t\t<\/div>\n\t\t\t\t<\/div>\n\t\t\t\t<div class=\"elementor-element elementor-element-2dc9eef elementor-widget elementor-widget-heading\" data-id=\"2dc9eef\" data-element_type=\"widget\" data-e-type=\"widget\" data-widget_type=\"heading.default\">\n\t\t\t\t<div class=\"elementor-widget-container\">\n\t\t\t\t\t<h3 class=\"elementor-heading-title elementor-size-default\">2. Versandkosten<\/h3>\t\t\t\t<\/div>\n\t\t\t\t<\/div>\n\t\t\t\t<div class=\"elementor-element elementor-element-d95036c elementor-widget elementor-widget-text-editor\" data-id=\"d95036c\" data-element_type=\"widget\" data-e-type=\"widget\" data-widget_type=\"text-editor.default\">\n\t\t\t\t<div class=\"elementor-widget-container\">\n\t\t\t\t\t\t\t\t\t<p class=\"PreformattedText\"><span lang=\"EN-US\"><strong>2.1<\/strong> Die Versandkosten innerhalb Deutschlands sind von dem Warengewicht abh\u00e4ngig, das der jeweiligen Artikelbeschreibung gesondert zu entnehmen ist.<\/span><\/p><p class=\"PreformattedText\"><span lang=\"EN-US\"><strong>Bestellungen bis 2,00 kg<\/strong>: EUR 9,80<br \/><\/span><span lang=\"EN-US\"><strong>Bestellungen bis 10,00 kg<\/strong>: EUR 11,99<br \/><\/span><span lang=\"EN-US\"><strong>Bestellungen bis 20,00 kg<\/strong>: EUR 14,28<br \/><\/span><span lang=\"EN-US\"><strong>Bestellungen bis 30,00 kg<\/strong>: EUR 16,00<br \/><\/span><span lang=\"EN-US\"><strong>Bestellungen \u00fcber 30,00 kg<\/strong>: Versandkosten auf Anfrage<\/span><\/p><p class=\"PreformattedText\"><span lang=\"EN-US\">Bei dem Versand zu deutschen Inseln f\u00e4llt ein Inselzuschlag in H\u00f6he von Siehe Versandkosten. EUR an.<\/span><\/p><p class=\"PreformattedText\"><span lang=\"EN-US\">Bei schweren und sperrigen Artikeln f\u00e4llt zus\u00e4tzlich pro Lieferadresse ein Aufschlag von 19,00 EUR auf die angegebenen Versandkosten an. Hierauf wird auf der <\/span><span lang=\"EN-US\">jeweiligen Artikelseite gesondert hingewiesen.<\/span><\/p><p class=\"PreformattedText\"><span lang=\"EN-US\"><strong>2.2<\/strong> Siehe Versandkosten.<\/span><\/p><p class=\"PreformattedText\"><span lang=\"EN-US\"><strong>2.3<\/strong> Bei grenz\u00fcberschreitenden Lieferungen k\u00f6nnen weitere Steuern (etwa im Fall eines innergemeinschaftlichen Erwerbs) und\/oder Abgaben, etwa in Form von <\/span><span lang=\"EN-US\">Z\u00f6llen anfallen. Diese sind von Ihnen zu tragen.<\/span><\/p>\t\t\t\t\t\t\t\t<\/div>\n\t\t\t\t<\/div>\n\t\t\t\t<div class=\"elementor-element elementor-element-b62b0e8 elementor-widget elementor-widget-heading\" data-id=\"b62b0e8\" data-element_type=\"widget\" data-e-type=\"widget\" data-widget_type=\"heading.default\">\n\t\t\t\t<div class=\"elementor-widget-container\">\n\t\t\t\t\t<h3 class=\"elementor-heading-title elementor-size-default\">3. Zahlungsm\u00f6glichkeiten<\/h3>\t\t\t\t<\/div>\n\t\t\t\t<\/div>\n\t\t\t\t<div class=\"elementor-element elementor-element-34a01160 elementor-widget elementor-widget-text-editor\" data-id=\"34a01160\" data-element_type=\"widget\" data-e-type=\"widget\" data-widget_type=\"text-editor.default\">\n\t\t\t\t<div class=\"elementor-widget-container\">\n\t\t\t\t\t\t\t\t\t<p class=\"PreformattedText\"><span lang=\"EN-US\"><strong>3.1<\/strong> Sie k\u00f6nnen f\u00fcr Lieferungen innerhalb Deutschlands aus den folgenden Zahlungsm\u00f6glichkeiten ausw\u00e4hlen, wenn sich aus der jeweiligen Artikelbeschreibung <\/span><span lang=\"EN-US\">nichts anderes ergibt:<br \/><\/span><span lang=\"EN-US\">&#8211; Vorauskasse per \u00dcberweisung<br \/><\/span><span lang=\"EN-US\">&#8211; Paypal<br \/><\/span><span lang=\"EN-US\">&#8211; Paypal Express<\/span><\/p><p class=\"PreformattedText\"><strong><span lang=\"EN-US\">\u00a0<\/span><\/strong><span lang=\"EN-US\"><strong>3.2<\/strong> F\u00fcr Lieferungen ins Ausland bieten wir folgende Zahlungsm\u00f6glichkeiten an, sofern sich aus der jeweiligen Artikelbeschreibung nichts anderes ergibt:<br \/><\/span><span lang=\"EN-US\">&#8211; Vorkasse per \u00dcberweisung<br \/><\/span><span lang=\"EN-US\">&#8211; Paypal<br \/><\/span><span lang=\"EN-US\">&#8211; Paypal Express<\/span><\/p>\t\t\t\t\t\t\t\t<\/div>\n\t\t\t\t<\/div>\n\t\t\t\t<\/div>\n\t\t\t\t\t<\/div>\n\t\t\t\t<\/div>\n\t\t<div class=\"elementor-element elementor-element-5b7faaf1 e-flex e-con-boxed e-con e-parent\" data-id=\"5b7faaf1\" data-element_type=\"container\" data-e-type=\"container\" data-settings=\"{&quot;jet_parallax_layout_list&quot;:[]}\">\n\t\t\t\t\t<div class=\"e-con-inner\">\n\t\t\t\t<div class=\"elementor-element elementor-element-9cbe34 elementor-widget elementor-widget-spacer\" data-id=\"9cbe34\" data-element_type=\"widget\" data-e-type=\"widget\" data-widget_type=\"spacer.default\">\n\t\t\t\t<div class=\"elementor-widget-container\">\n\t\t\t\t\t\t\t<div class=\"elementor-spacer\">\n\t\t\t<div class=\"elementor-spacer-inner\"><\/div>\n\t\t<\/div>\n\t\t\t\t\t\t<\/div>\n\t\t\t\t<\/div>\n\t\t\t\t\t<\/div>\n\t\t\t\t<\/div>\n\t\t\t\t<\/div>\n\t\t","protected":false},"excerpt":{"rendered":"<p>Zahlungs- und Versandinformationen Zahlarten und Versandkosten 1. Lieferung 1.1 Der Versand Ihrer Bestellung erfolgt \u00fcber UPS. 2. Versandkosten 2.1 Die [&hellip;]<\/p>\n","protected":false},"author":2,"featured_media":0,"parent":0,"menu_order":0,"comment_status":"closed","ping_status":"closed","template":"","meta":{"inline_featured_image":false,"site-sidebar-layout":"no-sidebar","site-content-layout":"","ast-site-content-layout":"full-width-container","site-content-style":"default","site-sidebar-style":"default","ast-global-header-display":"","ast-banner-title-visibility":"","ast-main-header-display":"","ast-hfb-above-header-display":"","ast-hfb-below-header-display":"","ast-hfb-mobile-header-display":"","site-post-title":"disabled","ast-breadcrumbs-content":"","ast-featured-img":"disabled","footer-sml-layout":"","ast-disable-related-posts":"","theme-transparent-header-meta":"","adv-header-id-meta":"","stick-header-meta":"","header-above-stick-meta":"","header-main-stick-meta":"","header-below-stick-meta":"","astra-migrate-meta-layouts":"default","ast-page-background-enabled":"default","ast-page-background-meta":{"desktop":{"background-color":"var(--ast-global-color-5)","background-image":"","background-repeat":"repeat","background-position":"center center","background-size":"auto","background-attachment":"scroll","background-type":"","background-media":"","overlay-type":"","overlay-color":"","overlay-opacity":"","overlay-gradient":""},"tablet":{"background-color":"","background-image":"","background-repeat":"repeat","background-position":"center center","background-size":"auto","background-attachment":"scroll","background-type":"","background-media":"","overlay-type":"","overlay-color":"","overlay-opacity":"","overlay-gradient":""},"mobile":{"background-color":"","background-image":"","background-repeat":"repeat","background-position":"center center","background-size":"auto","background-attachment":"scroll","background-type":"","background-media":"","overlay-type":"","overlay-color":"","overlay-opacity":"","overlay-gradient":""}},"ast-content-background-meta":{"desktop":{"background-color":"var(--ast-global-color-4)","background-image":"","background-repeat":"repeat","background-position":"center center","background-size":"auto","background-attachment":"scroll","background-type":"","background-media":"","overlay-type":"","overlay-color":"","overlay-opacity":"","overlay-gradient":""},"tablet":{"background-color":"var(--ast-global-color-4)","background-image":"","background-repeat":"repeat","background-position":"center center","background-size":"auto","background-attachment":"scroll","background-type":"","background-media":"","overlay-type":"","overlay-color":"","overlay-opacity":"","overlay-gradient":""},"mobile":{"background-color":"var(--ast-global-color-4)","background-image":"","background-repeat":"repeat","background-position":"center center","background-size":"auto","background-attachment":"scroll","background-type":"","background-media":"","overlay-type":"","overlay-color":"","overlay-opacity":"","overlay-gradient":""}},"footnotes":""},"class_list":["post-5443","page","type-page","status-publish","hentry"],"yoast_head":"<!-- This site is optimized with the Yoast SEO plugin v27.3 - https:\/\/yoast.com\/product\/yoast-seo-wordpress\/ -->\n<title>Zahlungs- und Versandinformationen - Elektrosmog-Schutz Onlineshop<\/title>\n<meta name=\"robots\" content=\"index, follow, max-snippet:-1, max-image-preview:large, max-video-preview:-1\" \/>\n<link rel=\"canonical\" href=\"https:\/\/ecologa-europe.com\/shop\/zahlungs-und-versandinformationen\/\" \/>\n<meta property=\"og:locale\" content=\"de_DE\" \/>\n<meta property=\"og:type\" content=\"article\" \/>\n<meta property=\"og:title\" content=\"Zahlungs- und Versandinformationen - Elektrosmog-Schutz Onlineshop\" \/>\n<meta property=\"og:description\" content=\"Zahlungs- und Versandinformationen Zahlarten und Versandkosten 1. Lieferung 1.1 Der Versand Ihrer Bestellung erfolgt \u00fcber UPS. 2. Versandkosten 2.1 Die [&hellip;]\" \/>\n<meta property=\"og:url\" content=\"https:\/\/ecologa-europe.com\/shop\/zahlungs-und-versandinformationen\/\" \/>\n<meta property=\"og:site_name\" content=\"Elektrosmog-Schutz Onlineshop\" \/>\n<meta property=\"article:publisher\" content=\"https:\/\/www.facebook.com\/Ecologa-Europe-GmbH-1604744566252298\/\" \/>\n<meta property=\"article:modified_time\" content=\"2025-06-12T05:04:44+00:00\" \/>\n<meta name=\"twitter:card\" content=\"summary_large_image\" \/>\n<meta name=\"twitter:label1\" content=\"Gesch\u00e4tzte Lesezeit\" \/>\n\t<meta name=\"twitter:data1\" content=\"2\u00a0Minuten\" \/>\n<script type=\"application\/ld+json\" class=\"yoast-schema-graph\">{\"@context\":\"https:\\\/\\\/schema.org\",\"@graph\":[{\"@type\":\"WebPage\",\"@id\":\"https:\\\/\\\/ecologa-europe.com\\\/shop\\\/zahlungs-und-versandinformationen\\\/\",\"url\":\"https:\\\/\\\/ecologa-europe.com\\\/shop\\\/zahlungs-und-versandinformationen\\\/\",\"name\":\"Zahlungs- und Versandinformationen - Elektrosmog-Schutz Onlineshop\",\"isPartOf\":{\"@id\":\"https:\\\/\\\/ecologa-europe.com\\\/shop\\\/#website\"},\"datePublished\":\"2025-05-05T13:12:44+00:00\",\"dateModified\":\"2025-06-12T05:04:44+00:00\",\"breadcrumb\":{\"@id\":\"https:\\\/\\\/ecologa-europe.com\\\/shop\\\/zahlungs-und-versandinformationen\\\/#breadcrumb\"},\"inLanguage\":\"de\",\"potentialAction\":[{\"@type\":\"ReadAction\",\"target\":[\"https:\\\/\\\/ecologa-europe.com\\\/shop\\\/zahlungs-und-versandinformationen\\\/\"]}]},{\"@type\":\"BreadcrumbList\",\"@id\":\"https:\\\/\\\/ecologa-europe.com\\\/shop\\\/zahlungs-und-versandinformationen\\\/#breadcrumb\",\"itemListElement\":[{\"@type\":\"ListItem\",\"position\":1,\"name\":\"Startseite\",\"item\":\"https:\\\/\\\/ecologa-europe.com\\\/shop\\\/\"},{\"@type\":\"ListItem\",\"position\":2,\"name\":\"Zahlungs- und Versandinformationen\"}]},{\"@type\":\"WebSite\",\"@id\":\"https:\\\/\\\/ecologa-europe.com\\\/shop\\\/#website\",\"url\":\"https:\\\/\\\/ecologa-europe.com\\\/shop\\\/\",\"name\":\"Elektrosmog-Schutz Onlineshop\",\"description\":\"Ecologa Europe\",\"publisher\":{\"@id\":\"https:\\\/\\\/ecologa-europe.com\\\/shop\\\/#organization\"},\"potentialAction\":[{\"@type\":\"SearchAction\",\"target\":{\"@type\":\"EntryPoint\",\"urlTemplate\":\"https:\\\/\\\/ecologa-europe.com\\\/shop\\\/?s={search_term_string}\"},\"query-input\":{\"@type\":\"PropertyValueSpecification\",\"valueRequired\":true,\"valueName\":\"search_term_string\"}}],\"inLanguage\":\"de\"},{\"@type\":\"Organization\",\"@id\":\"https:\\\/\\\/ecologa-europe.com\\\/shop\\\/#organization\",\"name\":\"Elektrosmog-Schutz Onlineshop\",\"url\":\"https:\\\/\\\/ecologa-europe.com\\\/shop\\\/\",\"logo\":{\"@type\":\"ImageObject\",\"inLanguage\":\"de\",\"@id\":\"https:\\\/\\\/ecologa-europe.com\\\/shop\\\/#\\\/schema\\\/logo\\\/image\\\/\",\"url\":\"https:\\\/\\\/ecologa-europe.com\\\/shop\\\/wp-content\\\/uploads\\\/2025\\\/04\\\/vertical-navbar-logo.svg\",\"contentUrl\":\"https:\\\/\\\/ecologa-europe.com\\\/shop\\\/wp-content\\\/uploads\\\/2025\\\/04\\\/vertical-navbar-logo.svg\",\"width\":182,\"height\":70,\"caption\":\"Elektrosmog-Schutz Onlineshop\"},\"image\":{\"@id\":\"https:\\\/\\\/ecologa-europe.com\\\/shop\\\/#\\\/schema\\\/logo\\\/image\\\/\"},\"sameAs\":[\"https:\\\/\\\/www.facebook.com\\\/Ecologa-Europe-GmbH-1604744566252298\\\/\",\"https:\\\/\\\/www.instagram.com\\\/ecologaeurope\\\/\"]}]}<\/script>\n<!-- \/ Yoast SEO plugin. -->","yoast_head_json":{"title":"Zahlungs- und Versandinformationen - Elektrosmog-Schutz Onlineshop","robots":{"index":"index","follow":"follow","max-snippet":"max-snippet:-1","max-image-preview":"max-image-preview:large","max-video-preview":"max-video-preview:-1"},"canonical":"https:\/\/ecologa-europe.com\/shop\/zahlungs-und-versandinformationen\/","og_locale":"de_DE","og_type":"article","og_title":"Zahlungs- und Versandinformationen - Elektrosmog-Schutz Onlineshop","og_description":"Zahlungs- und Versandinformationen Zahlarten und Versandkosten 1. Lieferung 1.1 Der Versand Ihrer Bestellung erfolgt \u00fcber UPS. 2. Versandkosten 2.1 Die [&hellip;]","og_url":"https:\/\/ecologa-europe.com\/shop\/zahlungs-und-versandinformationen\/","og_site_name":"Elektrosmog-Schutz Onlineshop","article_publisher":"https:\/\/www.facebook.com\/Ecologa-Europe-GmbH-1604744566252298\/","article_modified_time":"2025-06-12T05:04:44+00:00","twitter_card":"summary_large_image","twitter_misc":{"Gesch\u00e4tzte Lesezeit":"2\u00a0Minuten"},"schema":{"@context":"https:\/\/schema.org","@graph":[{"@type":"WebPage","@id":"https:\/\/ecologa-europe.com\/shop\/zahlungs-und-versandinformationen\/","url":"https:\/\/ecologa-europe.com\/shop\/zahlungs-und-versandinformationen\/","name":"Zahlungs- und Versandinformationen - Elektrosmog-Schutz Onlineshop","isPartOf":{"@id":"https:\/\/ecologa-europe.com\/shop\/#website"},"datePublished":"2025-05-05T13:12:44+00:00","dateModified":"2025-06-12T05:04:44+00:00","breadcrumb":{"@id":"https:\/\/ecologa-europe.com\/shop\/zahlungs-und-versandinformationen\/#breadcrumb"},"inLanguage":"de","potentialAction":[{"@type":"ReadAction","target":["https:\/\/ecologa-europe.com\/shop\/zahlungs-und-versandinformationen\/"]}]},{"@type":"BreadcrumbList","@id":"https:\/\/ecologa-europe.com\/shop\/zahlungs-und-versandinformationen\/#breadcrumb","itemListElement":[{"@type":"ListItem","position":1,"name":"Startseite","item":"https:\/\/ecologa-europe.com\/shop\/"},{"@type":"ListItem","position":2,"name":"Zahlungs- und Versandinformationen"}]},{"@type":"WebSite","@id":"https:\/\/ecologa-europe.com\/shop\/#website","url":"https:\/\/ecologa-europe.com\/shop\/","name":"Elektrosmog-Schutz Onlineshop","description":"Ecologa Europe","publisher":{"@id":"https:\/\/ecologa-europe.com\/shop\/#organization"},"potentialAction":[{"@type":"SearchAction","target":{"@type":"EntryPoint","urlTemplate":"https:\/\/ecologa-europe.com\/shop\/?s={search_term_string}"},"query-input":{"@type":"PropertyValueSpecification","valueRequired":true,"valueName":"search_term_string"}}],"inLanguage":"de"},{"@type":"Organization","@id":"https:\/\/ecologa-europe.com\/shop\/#organization","name":"Elektrosmog-Schutz Onlineshop","url":"https:\/\/ecologa-europe.com\/shop\/","logo":{"@type":"ImageObject","inLanguage":"de","@id":"https:\/\/ecologa-europe.com\/shop\/#\/schema\/logo\/image\/","url":"https:\/\/ecologa-europe.com\/shop\/wp-content\/uploads\/2025\/04\/vertical-navbar-logo.svg","contentUrl":"https:\/\/ecologa-europe.com\/shop\/wp-content\/uploads\/2025\/04\/vertical-navbar-logo.svg","width":182,"height":70,"caption":"Elektrosmog-Schutz Onlineshop"},"image":{"@id":"https:\/\/ecologa-europe.com\/shop\/#\/schema\/logo\/image\/"},"sameAs":["https:\/\/www.facebook.com\/Ecologa-Europe-GmbH-1604744566252298\/","https:\/\/www.instagram.com\/ecologaeurope\/"]}]}},"_links":{"self":[{"href":"https:\/\/ecologa-europe.com\/shop\/wp-json\/wp\/v2\/pages\/5443","targetHints":{"allow":["GET"]}}],"collection":[{"href":"https:\/\/ecologa-europe.com\/shop\/wp-json\/wp\/v2\/pages"}],"about":[{"href":"https:\/\/ecologa-europe.com\/shop\/wp-json\/wp\/v2\/types\/page"}],"author":[{"embeddable":true,"href":"https:\/\/ecologa-europe.com\/shop\/wp-json\/wp\/v2\/users\/2"}],"replies":[{"embeddable":true,"href":"https:\/\/ecologa-europe.com\/shop\/wp-json\/wp\/v2\/comments?post=5443"}],"version-history":[{"count":13,"href":"https:\/\/ecologa-europe.com\/shop\/wp-json\/wp\/v2\/pages\/5443\/revisions"}],"predecessor-version":[{"id":9634,"href":"https:\/\/ecologa-europe.com\/shop\/wp-json\/wp\/v2\/pages\/5443\/revisions\/9634"}],"wp:attachment":[{"href":"https:\/\/ecologa-europe.com\/shop\/wp-json\/wp\/v2\/media?parent=5443"}],"curies":[{"name":"wp","href":"https:\/\/api.w.org\/{rel}","templated":true}]}}