{"id":5451,"date":"2025-05-05T13:20:54","date_gmt":"2025-05-05T13:20:54","guid":{"rendered":"https:\/\/639.pm-domains.de\/?page_id=5451"},"modified":"2025-05-09T08:08:52","modified_gmt":"2025-05-09T08:08:52","slug":"impressum","status":"publish","type":"page","link":"https:\/\/ecologa-europe.com\/shop\/impressum\/","title":{"rendered":"Impressum"},"content":{"rendered":"\t\t<div data-elementor-type=\"wp-page\" data-elementor-id=\"5451\" class=\"elementor elementor-5451\" data-elementor-post-type=\"page\">\n\t\t\t\t<div class=\"elementor-element elementor-element-9d6cdae e-flex e-con-boxed e-con e-parent\" data-id=\"9d6cdae\" data-element_type=\"container\" data-e-type=\"container\" data-settings=\"{&quot;jet_parallax_layout_list&quot;:[]}\">\n\t\t\t\t\t<div class=\"e-con-inner\">\n\t\t<div class=\"elementor-element elementor-element-42fdcf9 e-con-full e-flex e-con e-child\" data-id=\"42fdcf9\" data-element_type=\"container\" data-e-type=\"container\" data-settings=\"{&quot;jet_parallax_layout_list&quot;:[]}\">\n\t\t\t\t<div class=\"elementor-element elementor-element-71069506 elementor-widget elementor-widget-heading\" data-id=\"71069506\" data-element_type=\"widget\" data-e-type=\"widget\" data-widget_type=\"heading.default\">\n\t\t\t\t<div class=\"elementor-widget-container\">\n\t\t\t\t\t<h1 class=\"elementor-heading-title elementor-size-default\">Impressum<\/h1>\t\t\t\t<\/div>\n\t\t\t\t<\/div>\n\t\t\t\t<div class=\"elementor-element elementor-element-6fac4982 elementor-widget elementor-widget-heading\" data-id=\"6fac4982\" data-element_type=\"widget\" data-e-type=\"widget\" data-widget_type=\"heading.default\">\n\t\t\t\t<div class=\"elementor-widget-container\">\n\t\t\t\t\t<h2 class=\"elementor-heading-title elementor-size-default\">Ecologa Europe GmbH \/ Patricia B\u00f6s<\/h2>\t\t\t\t<\/div>\n\t\t\t\t<\/div>\n\t\t\t\t<div class=\"elementor-element elementor-element-15210fec elementor-widget elementor-widget-text-editor\" data-id=\"15210fec\" data-element_type=\"widget\" data-e-type=\"widget\" data-widget_type=\"text-editor.default\">\n\t\t\t\t<div class=\"elementor-widget-container\">\n\t\t\t\t\t\t\t\t\t<p class=\"PreformattedText\"><span lang=\"EN-US\">Ziegelh\u00fcttenstr. 11<br \/><\/span><span lang=\"EN-US\">63768 H\u00f6sbach<br \/><\/span><span lang=\"EN-US\">Deutschland<\/span><\/p><p class=\"PreformattedText\"><span lang=\"EN-US\">\u00a0<\/span><span lang=\"EN-US\">Tel: <a href=\"phoneto:004960215830120\">06021\/5830120<\/a><\/span><\/p><p class=\"PreformattedText\"><span lang=\"EN-US\">\u00a0<\/span><span lang=\"EN-US\">E-Mail: <a href=\"mailto:info@ecologa-europe.com\">info@ecologa-europe.com<\/a><\/span><\/p><p class=\"PreformattedText\"><span lang=\"EN-US\"><strong>Gesch\u00e4ftsf\u00fchrer<\/strong>: Patricia B\u00f6s<\/span><\/p><p class=\"PreformattedText\"><span lang=\"EN-US\"><strong>Registergericht<\/strong>: Amtsgericht Aschaffenburg<\/span><\/p><p class=\"PreformattedText\"><span lang=\"EN-US\">Registernummer: HRB 11488<\/span><\/p><p class=\"PreformattedText\"><span lang=\"EN-US\"><strong>Umsatzsteuer-Identifikationsnummer gem\u00e4\u00df $ 27 a Umsatzsteuergesetz<\/strong>: DE815258483<\/span><\/p><p class=\"PreformattedText\"><span lang=\"EN-US\"><strong>Plattform der EU-Kommission zur Online-Streitbeilegung<\/strong>: https:\/\/ec.europa.eu\/consumers\/odr<br \/><\/span><span lang=\"EN-US\">Wir sind zur Teilnahme an einem Streitbeilegungsverfahren vor einer Verbraucherschlichtungsstelle weder verpflichtet noch bereit.<\/span><\/p><p class=\"PreformattedText\"><span lang=\"EN-US\"><strong>LUCID Registrierung Verpackungen<\/strong><br \/><\/span><span lang=\"EN-US\">Registration Number DE4460881456251<\/span><\/p><p class=\"PreformattedText\"><span lang=\"EN-US\"><strong>Duales System Entsorgung Zentek<\/strong><br \/><\/span><span lang=\"EN-US\">Vertrag DSZ2.0-0012488 Verpackungen<\/span><\/p>\t\t\t\t\t\t\t\t<\/div>\n\t\t\t\t<\/div>\n\t\t\t\t<\/div>\n\t\t\t\t\t<\/div>\n\t\t\t\t<\/div>\n\t\t<div class=\"elementor-element elementor-element-120dde60 e-flex e-con-boxed e-con e-parent\" data-id=\"120dde60\" data-element_type=\"container\" data-e-type=\"container\" data-settings=\"{&quot;jet_parallax_layout_list&quot;:[]}\">\n\t\t\t\t\t<div class=\"e-con-inner\">\n\t\t\t\t<div class=\"elementor-element elementor-element-6041750 elementor-widget-divider--view-line_icon elementor-view-default elementor-widget-divider--element-align-center elementor-widget elementor-widget-divider\" data-id=\"6041750\" data-element_type=\"widget\" data-e-type=\"widget\" data-widget_type=\"divider.default\">\n\t\t\t\t<div class=\"elementor-widget-container\">\n\t\t\t\t\t\t\t<div class=\"elementor-divider\">\n\t\t\t<span class=\"elementor-divider-separator\">\n\t\t\t\t\t\t\t<div class=\"elementor-icon elementor-divider__element\">\n\t\t\t\t\t<svg aria-hidden=\"true\" class=\"e-font-icon-svg e-far-image\" viewBox=\"0 0 512 512\" xmlns=\"http:\/\/www.w3.org\/2000\/svg\"><path d=\"M464 64H48C21.49 64 0 85.49 0 112v288c0 26.51 21.49 48 48 48h416c26.51 0 48-21.49 48-48V112c0-26.51-21.49-48-48-48zm-6 336H54a6 6 0 0 1-6-6V118a6 6 0 0 1 6-6h404a6 6 0 0 1 6 6v276a6 6 0 0 1-6 6zM128 152c-22.091 0-40 17.909-40 40s17.909 40 40 40 40-17.909 40-40-17.909-40-40-40zM96 352h320v-80l-87.515-87.515c-4.686-4.686-12.284-4.686-16.971 0L192 304l-39.515-39.515c-4.686-4.686-12.284-4.686-16.971 0L96 304v48z\"><\/path><\/svg><\/div>\n\t\t\t\t\t\t<\/span>\n\t\t<\/div>\n\t\t\t\t\t\t<\/div>\n\t\t\t\t<\/div>\n\t\t\t\t<div class=\"elementor-element elementor-element-e78f512 elementor-widget elementor-widget-text-editor\" data-id=\"e78f512\" data-element_type=\"widget\" data-e-type=\"widget\" data-widget_type=\"text-editor.default\">\n\t\t\t\t<div class=\"elementor-widget-container\">\n\t\t\t\t\t\t\t\t\t<p>Bildnachweis: runna10 <br \/>Stock-Fotografie-ID:667536804<\/p><p>Bildnachweis: NoSystem images <br \/>Stock-Fotografie-ID:463307013<\/p><p>Bildnachweis: KatarzynaBialasiewicz <br \/>Stock-Fotografie-ID:901527276<\/p><p>Bildnachweis: MosayMay <br \/>Stock-Fotografie-ID:479878488<\/p><p>Bildnachweis: ????? ??????? <br \/>Stock-Fotografie-ID:1013470664<\/p><p>Bildnachweis: Yana Korneevets-Vydrenkova <br \/>Stock-Fotografie-ID:1207703568<\/p><p>Bildnachweis: narcisa <br \/>Stock-Fotografie-ID:182748731<\/p><p>Bildnachweis: amtitus <br \/>Stock-Illustration-ID:1322234538<\/p><p>Bildnachweis: frender <br \/>Stock-Fotografie-ID:952726106<\/p><p>Bildnachweis: ipopba <br \/>Stock-Fotografie-ID:1274394138<\/p><p>Bildnachweis: Scharfsinn86 <br \/>Stock-Fotografie-ID:1270901360<\/p><p>Bildnachweis: Chepko <br \/>Stock-Fotografie-ID:657570574<\/p><p>Bildnachweis: Vertigo3d <br \/>Stock-Fotografie-ID:1143391541<\/p><p>Bildnachweis: ipopba <br \/>Stock-Fotografie-ID:905866028<\/p><p>Bildnachweis: Cimmerian <br \/>Stock-Fotografie-ID:1222063533<\/p><p>Bildnachweis: koto_feja <br \/>Stock-Fotografie-ID:1277228996<\/p><p>Bildnachweis: enter89 <br \/>Stock-Fotografie-ID:182367875<\/p><p>Bildnachweis: in-future <br \/>Stock-Fotografie-ID:501908892<\/p><p>Bildnachweis: mouu007 <br \/>Stock-Fotografie-ID:1141442923<\/p><p>Bildnachweis: gerenme <br \/>Stock-Fotografie-ID:869828934<\/p><p>Bildnachweis: releon8211 <br \/>Stock-Fotografie-ID:812254568<\/p><p>Bildnachweis: mouu007 <br \/>Stock-Fotografie-ID:1141442923<\/p><p>Bildnachweis: Artjafara <br \/>Stock-Fotografie-ID:1291649034<\/p><p>Bildnachweis: Liliia Lytvyn <br \/>Stock-Fotografie-ID:1352932645<\/p><p>Bildnachweis: Brankospejs <br \/>Stock-Fotografie-ID:1218791232<\/p><p>Bildnachweis: onurdongel <br \/>Stock-Fotografie-ID:1300135335<\/p><p>Bildnachweis: terex <br \/>Stock-Fotografie-ID:176840441<\/p><p>Bildnachweis: Cecilie_Arcurs <br \/>Stock-Fotografie-ID:1135957638<\/p><p>Bildnachweis: peterschreiber.media <br \/>Stock-Fotografie-ID:1283138008<\/p><p>Bildnachweis: Fireofheart<br \/>Stock-Illustration-ID:1130569315<\/p><p>Bildnachweis: Who_I_am<br \/>Stock-Illustration-ID:1147011196<\/p><p>Bildnachweis: Momento Design<br \/>Stock-Illustration-ID:1129548885<\/p><p>Bildnachweis: alexsl<br \/>Stock-Fotografie-ID:1206842761<\/p><p>Bildnachweis: gorodenkoff<br \/>Stock-Fotografie-ID:1173740460<\/p><p>Bildnachweis: FingerMedium<br \/>Stock-Illustration-ID:1166443697<\/p><p>Bildnachweis: FingerMedium<br \/>Stock-Illustration-ID:846011640<\/p><p>Bildnachweis: da-vooda<br \/>Stock-Illustration-ID:624496820<\/p><p>Bildnachweis: DIPA <br \/>Stock-Fotografie-ID:1287139914<\/p><p>Bildnachweis: djiledesign <br \/>Stock-Fotografie-ID:935659716<\/p><p>Bildnachweis: grafikazpazurem <br \/>Stock-Illustration-ID:1169149558<\/p><p>Bildnachweis: rambo182 <br \/>Stock-Illustration-ID:1178921461<\/p><p>Bildnachweis: lechatnoir <br \/>Stock-Fotografie-ID:1156153182<\/p><p>Bildnachweis: Annandistock <br \/>Stock-Illustration-ID:1319844646<\/p><p>Bildnachweis: MF3d <br \/>Stock-Fotografie-ID:1160614772<\/p><p>Bildnachweis: piranka <br \/>Stock-Fotografie-ID:1287065728<\/p><p>Bildnachweis: StationaryTraveller <br \/>Stock-Fotografie-ID:805088558<\/p><p>Bildnachweis: mustafa g\u00fcner <br \/>Stock-Fotografie-ID:1155507272<\/p><p>Bildnachweis: marchmeena29 <br \/>Stock-Fotografie-ID:1160661180<\/p>\t\t\t\t\t\t\t\t<\/div>\n\t\t\t\t<\/div>\n\t\t\t\t\t<\/div>\n\t\t\t\t<\/div>\n\t\t\t\t<\/div>\n\t\t","protected":false},"excerpt":{"rendered":"<p>Impressum Ecologa Europe GmbH \/ Patricia B\u00f6s Ziegelh\u00fcttenstr. 1163768 H\u00f6sbachDeutschland \u00a0Tel: 06021\/5830120 \u00a0E-Mail: info@ecologa-europe.com Gesch\u00e4ftsf\u00fchrer: Patricia B\u00f6s Registergericht: Amtsgericht Aschaffenburg [&hellip;]<\/p>\n","protected":false},"author":2,"featured_media":0,"parent":0,"menu_order":0,"comment_status":"closed","ping_status":"closed","template":"","meta":{"inline_featured_image":false,"site-sidebar-layout":"no-sidebar","site-content-layout":"","ast-site-content-layout":"full-width-container","site-content-style":"default","site-sidebar-style":"default","ast-global-header-display":"","ast-banner-title-visibility":"","ast-main-header-display":"","ast-hfb-above-header-display":"","ast-hfb-below-header-display":"","ast-hfb-mobile-header-display":"","site-post-title":"disabled","ast-breadcrumbs-content":"","ast-featured-img":"disabled","footer-sml-layout":"","ast-disable-related-posts":"","theme-transparent-header-meta":"","adv-header-id-meta":"","stick-header-meta":"","header-above-stick-meta":"","header-main-stick-meta":"","header-below-stick-meta":"","astra-migrate-meta-layouts":"default","ast-page-background-enabled":"default","ast-page-background-meta":{"desktop":{"background-color":"var(--ast-global-color-5)","background-image":"","background-repeat":"repeat","background-position":"center center","background-size":"auto","background-attachment":"scroll","background-type":"","background-media":"","overlay-type":"","overlay-color":"","overlay-opacity":"","overlay-gradient":""},"tablet":{"background-color":"","background-image":"","background-repeat":"repeat","background-position":"center center","background-size":"auto","background-attachment":"scroll","background-type":"","background-media":"","overlay-type":"","overlay-color":"","overlay-opacity":"","overlay-gradient":""},"mobile":{"background-color":"","background-image":"","background-repeat":"repeat","background-position":"center center","background-size":"auto","background-attachment":"scroll","background-type":"","background-media":"","overlay-type":"","overlay-color":"","overlay-opacity":"","overlay-gradient":""}},"ast-content-background-meta":{"desktop":{"background-color":"var(--ast-global-color-4)","background-image":"","background-repeat":"repeat","background-position":"center center","background-size":"auto","background-attachment":"scroll","background-type":"","background-media":"","overlay-type":"","overlay-color":"","overlay-opacity":"","overlay-gradient":""},"tablet":{"background-color":"var(--ast-global-color-4)","background-image":"","background-repeat":"repeat","background-position":"center center","background-size":"auto","background-attachment":"scroll","background-type":"","background-media":"","overlay-type":"","overlay-color":"","overlay-opacity":"","overlay-gradient":""},"mobile":{"background-color":"var(--ast-global-color-4)","background-image":"","background-repeat":"repeat","background-position":"center center","background-size":"auto","background-attachment":"scroll","background-type":"","background-media":"","overlay-type":"","overlay-color":"","overlay-opacity":"","overlay-gradient":""}},"footnotes":""},"class_list":["post-5451","page","type-page","status-publish","hentry"],"yoast_head":"<!-- This site is optimized with the Yoast SEO plugin v27.3 - https:\/\/yoast.com\/product\/yoast-seo-wordpress\/ -->\n<title>Impressum &amp; Rechtliches \u2013 Ecologa Europe GmbH<\/title>\n<meta name=\"description\" content=\"Offizielle Kontaktdaten und rechtliche Hinweise der Ecologa Europe GmbH \u2013 Transparenz und Vertrauen f\u00fcr unsere Kunden.\" \/>\n<meta name=\"robots\" content=\"index, follow, max-snippet:-1, max-image-preview:large, max-video-preview:-1\" \/>\n<link rel=\"canonical\" href=\"https:\/\/ecologa-europe.com\/shop\/impressum\/\" \/>\n<meta property=\"og:locale\" content=\"de_DE\" \/>\n<meta property=\"og:type\" content=\"article\" \/>\n<meta property=\"og:title\" content=\"Impressum &amp; Rechtliches \u2013 Ecologa Europe GmbH\" \/>\n<meta property=\"og:description\" content=\"Offizielle Kontaktdaten und rechtliche Hinweise der Ecologa Europe GmbH \u2013 Transparenz und Vertrauen f\u00fcr unsere Kunden.\" \/>\n<meta property=\"og:url\" content=\"https:\/\/ecologa-europe.com\/shop\/impressum\/\" \/>\n<meta property=\"og:site_name\" content=\"Elektrosmog-Schutz Onlineshop\" \/>\n<meta property=\"article:publisher\" content=\"https:\/\/www.facebook.com\/Ecologa-Europe-GmbH-1604744566252298\/\" \/>\n<meta property=\"article:modified_time\" content=\"2025-05-09T08:08:52+00:00\" \/>\n<meta name=\"twitter:card\" content=\"summary_large_image\" \/>\n<meta name=\"twitter:label1\" content=\"Gesch\u00e4tzte Lesezeit\" \/>\n\t<meta name=\"twitter:data1\" content=\"2\u00a0Minuten\" \/>\n<script type=\"application\/ld+json\" class=\"yoast-schema-graph\">{\"@context\":\"https:\\\/\\\/schema.org\",\"@graph\":[{\"@type\":\"WebPage\",\"@id\":\"https:\\\/\\\/ecologa-europe.com\\\/shop\\\/impressum\\\/\",\"url\":\"https:\\\/\\\/ecologa-europe.com\\\/shop\\\/impressum\\\/\",\"name\":\"Impressum & Rechtliches \u2013 Ecologa Europe GmbH\",\"isPartOf\":{\"@id\":\"https:\\\/\\\/ecologa-europe.com\\\/shop\\\/#website\"},\"datePublished\":\"2025-05-05T13:20:54+00:00\",\"dateModified\":\"2025-05-09T08:08:52+00:00\",\"description\":\"Offizielle Kontaktdaten und rechtliche Hinweise der Ecologa Europe GmbH \u2013 Transparenz und Vertrauen f\u00fcr unsere Kunden.\",\"breadcrumb\":{\"@id\":\"https:\\\/\\\/ecologa-europe.com\\\/shop\\\/impressum\\\/#breadcrumb\"},\"inLanguage\":\"de\",\"potentialAction\":[{\"@type\":\"ReadAction\",\"target\":[\"https:\\\/\\\/ecologa-europe.com\\\/shop\\\/impressum\\\/\"]}]},{\"@type\":\"BreadcrumbList\",\"@id\":\"https:\\\/\\\/ecologa-europe.com\\\/shop\\\/impressum\\\/#breadcrumb\",\"itemListElement\":[{\"@type\":\"ListItem\",\"position\":1,\"name\":\"Startseite\",\"item\":\"https:\\\/\\\/ecologa-europe.com\\\/shop\\\/\"},{\"@type\":\"ListItem\",\"position\":2,\"name\":\"Impressum\"}]},{\"@type\":\"WebSite\",\"@id\":\"https:\\\/\\\/ecologa-europe.com\\\/shop\\\/#website\",\"url\":\"https:\\\/\\\/ecologa-europe.com\\\/shop\\\/\",\"name\":\"Elektrosmog-Schutz Onlineshop\",\"description\":\"Ecologa Europe\",\"publisher\":{\"@id\":\"https:\\\/\\\/ecologa-europe.com\\\/shop\\\/#organization\"},\"potentialAction\":[{\"@type\":\"SearchAction\",\"target\":{\"@type\":\"EntryPoint\",\"urlTemplate\":\"https:\\\/\\\/ecologa-europe.com\\\/shop\\\/?s={search_term_string}\"},\"query-input\":{\"@type\":\"PropertyValueSpecification\",\"valueRequired\":true,\"valueName\":\"search_term_string\"}}],\"inLanguage\":\"de\"},{\"@type\":\"Organization\",\"@id\":\"https:\\\/\\\/ecologa-europe.com\\\/shop\\\/#organization\",\"name\":\"Elektrosmog-Schutz Onlineshop\",\"url\":\"https:\\\/\\\/ecologa-europe.com\\\/shop\\\/\",\"logo\":{\"@type\":\"ImageObject\",\"inLanguage\":\"de\",\"@id\":\"https:\\\/\\\/ecologa-europe.com\\\/shop\\\/#\\\/schema\\\/logo\\\/image\\\/\",\"url\":\"https:\\\/\\\/ecologa-europe.com\\\/shop\\\/wp-content\\\/uploads\\\/2025\\\/04\\\/vertical-navbar-logo.svg\",\"contentUrl\":\"https:\\\/\\\/ecologa-europe.com\\\/shop\\\/wp-content\\\/uploads\\\/2025\\\/04\\\/vertical-navbar-logo.svg\",\"width\":182,\"height\":70,\"caption\":\"Elektrosmog-Schutz Onlineshop\"},\"image\":{\"@id\":\"https:\\\/\\\/ecologa-europe.com\\\/shop\\\/#\\\/schema\\\/logo\\\/image\\\/\"},\"sameAs\":[\"https:\\\/\\\/www.facebook.com\\\/Ecologa-Europe-GmbH-1604744566252298\\\/\",\"https:\\\/\\\/www.instagram.com\\\/ecologaeurope\\\/\"]}]}<\/script>\n<!-- \/ Yoast SEO plugin. -->","yoast_head_json":{"title":"Impressum & Rechtliches \u2013 Ecologa Europe GmbH","description":"Offizielle Kontaktdaten und rechtliche Hinweise der Ecologa Europe GmbH \u2013 Transparenz und Vertrauen f\u00fcr unsere Kunden.","robots":{"index":"index","follow":"follow","max-snippet":"max-snippet:-1","max-image-preview":"max-image-preview:large","max-video-preview":"max-video-preview:-1"},"canonical":"https:\/\/ecologa-europe.com\/shop\/impressum\/","og_locale":"de_DE","og_type":"article","og_title":"Impressum & Rechtliches \u2013 Ecologa Europe GmbH","og_description":"Offizielle Kontaktdaten und rechtliche Hinweise der Ecologa Europe GmbH \u2013 Transparenz und Vertrauen f\u00fcr unsere Kunden.","og_url":"https:\/\/ecologa-europe.com\/shop\/impressum\/","og_site_name":"Elektrosmog-Schutz Onlineshop","article_publisher":"https:\/\/www.facebook.com\/Ecologa-Europe-GmbH-1604744566252298\/","article_modified_time":"2025-05-09T08:08:52+00:00","twitter_card":"summary_large_image","twitter_misc":{"Gesch\u00e4tzte Lesezeit":"2\u00a0Minuten"},"schema":{"@context":"https:\/\/schema.org","@graph":[{"@type":"WebPage","@id":"https:\/\/ecologa-europe.com\/shop\/impressum\/","url":"https:\/\/ecologa-europe.com\/shop\/impressum\/","name":"Impressum & Rechtliches \u2013 Ecologa Europe GmbH","isPartOf":{"@id":"https:\/\/ecologa-europe.com\/shop\/#website"},"datePublished":"2025-05-05T13:20:54+00:00","dateModified":"2025-05-09T08:08:52+00:00","description":"Offizielle Kontaktdaten und rechtliche Hinweise der Ecologa Europe GmbH \u2013 Transparenz und Vertrauen f\u00fcr unsere Kunden.","breadcrumb":{"@id":"https:\/\/ecologa-europe.com\/shop\/impressum\/#breadcrumb"},"inLanguage":"de","potentialAction":[{"@type":"ReadAction","target":["https:\/\/ecologa-europe.com\/shop\/impressum\/"]}]},{"@type":"BreadcrumbList","@id":"https:\/\/ecologa-europe.com\/shop\/impressum\/#breadcrumb","itemListElement":[{"@type":"ListItem","position":1,"name":"Startseite","item":"https:\/\/ecologa-europe.com\/shop\/"},{"@type":"ListItem","position":2,"name":"Impressum"}]},{"@type":"WebSite","@id":"https:\/\/ecologa-europe.com\/shop\/#website","url":"https:\/\/ecologa-europe.com\/shop\/","name":"Elektrosmog-Schutz Onlineshop","description":"Ecologa Europe","publisher":{"@id":"https:\/\/ecologa-europe.com\/shop\/#organization"},"potentialAction":[{"@type":"SearchAction","target":{"@type":"EntryPoint","urlTemplate":"https:\/\/ecologa-europe.com\/shop\/?s={search_term_string}"},"query-input":{"@type":"PropertyValueSpecification","valueRequired":true,"valueName":"search_term_string"}}],"inLanguage":"de"},{"@type":"Organization","@id":"https:\/\/ecologa-europe.com\/shop\/#organization","name":"Elektrosmog-Schutz Onlineshop","url":"https:\/\/ecologa-europe.com\/shop\/","logo":{"@type":"ImageObject","inLanguage":"de","@id":"https:\/\/ecologa-europe.com\/shop\/#\/schema\/logo\/image\/","url":"https:\/\/ecologa-europe.com\/shop\/wp-content\/uploads\/2025\/04\/vertical-navbar-logo.svg","contentUrl":"https:\/\/ecologa-europe.com\/shop\/wp-content\/uploads\/2025\/04\/vertical-navbar-logo.svg","width":182,"height":70,"caption":"Elektrosmog-Schutz Onlineshop"},"image":{"@id":"https:\/\/ecologa-europe.com\/shop\/#\/schema\/logo\/image\/"},"sameAs":["https:\/\/www.facebook.com\/Ecologa-Europe-GmbH-1604744566252298\/","https:\/\/www.instagram.com\/ecologaeurope\/"]}]}},"_links":{"self":[{"href":"https:\/\/ecologa-europe.com\/shop\/wp-json\/wp\/v2\/pages\/5451","targetHints":{"allow":["GET"]}}],"collection":[{"href":"https:\/\/ecologa-europe.com\/shop\/wp-json\/wp\/v2\/pages"}],"about":[{"href":"https:\/\/ecologa-europe.com\/shop\/wp-json\/wp\/v2\/types\/page"}],"author":[{"embeddable":true,"href":"https:\/\/ecologa-europe.com\/shop\/wp-json\/wp\/v2\/users\/2"}],"replies":[{"embeddable":true,"href":"https:\/\/ecologa-europe.com\/shop\/wp-json\/wp\/v2\/comments?post=5451"}],"version-history":[{"count":10,"href":"https:\/\/ecologa-europe.com\/shop\/wp-json\/wp\/v2\/pages\/5451\/revisions"}],"predecessor-version":[{"id":6021,"href":"https:\/\/ecologa-europe.com\/shop\/wp-json\/wp\/v2\/pages\/5451\/revisions\/6021"}],"wp:attachment":[{"href":"https:\/\/ecologa-europe.com\/shop\/wp-json\/wp\/v2\/media?parent=5451"}],"curies":[{"name":"wp","href":"https:\/\/api.w.org\/{rel}","templated":true}]}}