{"id":5894,"date":"2025-05-08T09:04:22","date_gmt":"2025-05-08T09:04:22","guid":{"rendered":"https:\/\/639.pm-domains.de\/?page_id=5894"},"modified":"2025-05-08T13:44:42","modified_gmt":"2025-05-08T13:44:42","slug":"informationen-zur-batterieentsorgung","status":"publish","type":"page","link":"https:\/\/ecologa-europe.com\/shop\/informationen-zur-batterieentsorgung\/","title":{"rendered":"Informationen zur Batterieentsorgung"},"content":{"rendered":"\t\t<div data-elementor-type=\"wp-page\" data-elementor-id=\"5894\" class=\"elementor elementor-5894\" data-elementor-post-type=\"page\">\n\t\t\t\t<div class=\"elementor-element elementor-element-2956eb8e e-flex e-con-boxed e-con e-parent\" data-id=\"2956eb8e\" data-element_type=\"container\" data-e-type=\"container\" data-settings=\"{&quot;jet_parallax_layout_list&quot;:[]}\">\n\t\t\t\t\t<div class=\"e-con-inner\">\n\t\t<div class=\"elementor-element elementor-element-1c32c4fa e-con-full e-flex e-con e-child\" data-id=\"1c32c4fa\" data-element_type=\"container\" data-e-type=\"container\" data-settings=\"{&quot;jet_parallax_layout_list&quot;:[]}\">\n\t\t\t\t<div class=\"elementor-element elementor-element-72b3fcab elementor-widget elementor-widget-heading\" data-id=\"72b3fcab\" data-element_type=\"widget\" data-e-type=\"widget\" data-widget_type=\"heading.default\">\n\t\t\t\t<div class=\"elementor-widget-container\">\n\t\t\t\t\t<h1 class=\"elementor-heading-title elementor-size-default\">Information zur Batterieentsorgung<\/h1>\t\t\t\t<\/div>\n\t\t\t\t<\/div>\n\t\t\t\t<div class=\"elementor-element elementor-element-7370dd1d elementor-widget elementor-widget-heading\" data-id=\"7370dd1d\" data-element_type=\"widget\" data-e-type=\"widget\" data-widget_type=\"heading.default\">\n\t\t\t\t<div class=\"elementor-widget-container\">\n\t\t\t\t\t<h2 class=\"elementor-heading-title elementor-size-default\">Hinweis zur Entsorgung von Altbatterien<\/h2>\t\t\t\t<\/div>\n\t\t\t\t<\/div>\n\t\t\t\t<div class=\"elementor-element elementor-element-4ee790f5 elementor-widget elementor-widget-heading\" data-id=\"4ee790f5\" data-element_type=\"widget\" data-e-type=\"widget\" data-widget_type=\"heading.default\">\n\t\t\t\t<div class=\"elementor-widget-container\">\n\t\t\t\t\t<h3 class=\"elementor-heading-title elementor-size-default\">Der nachfolgende Hinweis betrifft die Endnutzer, die Batterien oder Produkte mit eingebauten Batterien nutzen: Unentgeltliche R\u00fccknahme von Altbatterien<\/h3>\t\t\t\t<\/div>\n\t\t\t\t<\/div>\n\t\t\t\t<div class=\"elementor-element elementor-element-23a23842 elementor-widget elementor-widget-text-editor\" data-id=\"23a23842\" data-element_type=\"widget\" data-e-type=\"widget\" data-widget_type=\"text-editor.default\">\n\t\t\t\t<div class=\"elementor-widget-container\">\n\t\t\t\t\t\t\t\t\t<p class=\"PreformattedText\"><span lang=\"EN-US\">Batterien d\u00fcrfen nicht \u00fcber den Hausm\u00fcll entsorgt werden. Sie sind gesetzlich zur R\u00fcckgabe von Altbatterien verpflichtet, damit eine fachgerechte Entsorgung gew\u00e4hrleistet werden kann. Sie k\u00f6nnen Altbatterien an einer kommunalen Sammelstelle oder im Handel vor Ort abgeben. Auch wir sind als Vertreiber von Batterien zur R\u00fccknahme von Altbatterien verpflichtet, wobei sich unsere R\u00fccknahmeverpflichtung auf Altbatterien der Art beschr\u00e4nkt, die wir als Neubatterien in unserem eigenen Sortiment f\u00fchren oder gef\u00fchrt haben.<\/span><\/p><p class=\"PreformattedText\"><span lang=\"EN-US\">Altbatterien vorgenannter Art k\u00f6nnen Sie daher entweder ausreichend frankiert an uns zur\u00fccksenden oder sie direkt an unserem Versandlager unter der folgenden Adresse unentgeltlich abgeben:<\/span><\/p><p class=\"PreformattedText\"><strong><span lang=\"EN-US\">Ecologa Europe GmbH \/ Patricia B\u00f6s<br \/><\/span><\/strong><span lang=\"EN-US\">Ziegelh\u00fcttenstr. 11<br \/><\/span><span lang=\"EN-US\">63768 H\u00f6sbach<\/span><\/p>\t\t\t\t\t\t\t\t<\/div>\n\t\t\t\t<\/div>\n\t\t\t\t<div class=\"elementor-element elementor-element-89851e3 elementor-widget elementor-widget-heading\" data-id=\"89851e3\" data-element_type=\"widget\" data-e-type=\"widget\" data-widget_type=\"heading.default\">\n\t\t\t\t<div class=\"elementor-widget-container\">\n\t\t\t\t\t<h3 class=\"elementor-heading-title elementor-size-default\">Bedeutung der Batteriesymbole<\/h3>\t\t\t\t<\/div>\n\t\t\t\t<\/div>\n\t\t\t\t<div class=\"elementor-element elementor-element-62aa4598 elementor-widget elementor-widget-text-editor\" data-id=\"62aa4598\" data-element_type=\"widget\" data-e-type=\"widget\" data-widget_type=\"text-editor.default\">\n\t\t\t\t<div class=\"elementor-widget-container\">\n\t\t\t\t\t\t\t\t\t<p class=\"PreformattedText\"><span lang=\"EN-US\">Batterien sind mit dem Symbol einer durchgekreuzten M\u00fclltonne gekennzeichnet. Dieses Symbol weist darauf hin, dass Batterien nicht in den Hausm\u00fcll gegeben <\/span><span lang=\"EN-US\">werden d\u00fcrfen. Bei Batterien, die mehr als 0,0005 Masseprozent Quecksilber, mehr als 0,002 Masseprozent Cadmium oder mehr als 0,004 Masseprozent Blei <\/span><span lang=\"EN-US\">enthalten, befindet sich unter dem M\u00fclltonnen-Symbol die chemische Bezeichnung des jeweils eingesetzten Schadstoffes &#8211; dabei steht \u201eCd\u201c f\u00fcr Cadmium, \u201ePb\u201c steht <\/span><span lang=\"EN-US\">f\u00fcr Blei, und \u201eHg\u201c f\u00fcr Quecksilber.<\/span><\/p>\t\t\t\t\t\t\t\t<\/div>\n\t\t\t\t<\/div>\n\t\t\t\t<div class=\"elementor-element elementor-element-0f72945 elementor-widget elementor-widget-heading\" data-id=\"0f72945\" data-element_type=\"widget\" data-e-type=\"widget\" data-widget_type=\"heading.default\">\n\t\t\t\t<div class=\"elementor-widget-container\">\n\t\t\t\t\t<h3 class=\"elementor-heading-title elementor-size-default\">Information zu Elektro- und Elektronikger\u00e4ten<\/h3>\t\t\t\t<\/div>\n\t\t\t\t<\/div>\n\t\t\t\t<div class=\"elementor-element elementor-element-ee5ff57 elementor-widget elementor-widget-text-editor\" data-id=\"ee5ff57\" data-element_type=\"widget\" data-e-type=\"widget\" data-widget_type=\"text-editor.default\">\n\t\t\t\t<div class=\"elementor-widget-container\">\n\t\t\t\t\t\t\t\t\t<p class=\"PreformattedText\"><span lang=\"EN-US\">Nachfolgend finden Sie Hinweise f\u00fcr private Haushalte, die Elektro- und\/ oder Elektronikger\u00e4te nutzen:<\/span><\/p><p class=\"PreformattedText\"><strong><span lang=\"EN-US\">1. Hinweise zur Entsorgung von Elektro- und Elektronikger\u00e4ten und zur Bedeutung des Symbols nach Anhang<\/span><\/strong><\/p><p class=\"PreformattedText\"><span lang=\"EN-US\">Altger\u00e4te m\u00fcssen einer vom unsortierten Siedlungsabfall getrennten Erfassung zugef\u00fchrt werden. Elektro(alt)ger\u00e4te d\u00fcrfen nicht als unsortierter Siedlungsabfall<\/span><span lang=\"EN-US\">entsorgt werden. Insbesondere d\u00fcrfen diese Ger\u00e4te nicht im Hausm\u00fcll entsorgt werden. Elektro(alt)ger\u00e4te sind zu sammeln und k\u00f6nnen \u00fcber das \u00f6rtliche <\/span><span lang=\"EN-US\">Sammelsystem beseitigt werden.<\/span><\/p><p class=\"PreformattedText\"><span lang=\"EN-US\">Altbatterien und Altakkumulatoren, welche nicht vom Altger\u00e4t umschlossen sind, und Lampen, die unversehrt aus dem Altger\u00e4t <\/span><span lang=\"EN-US\">entnommen werden k\u00f6nnen, sind vor der Abgabe an einer Abgabestelle von den Altger\u00e4ten zu trennen, es sei denn, die Altger\u00e4te <\/span><span lang=\"EN-US\">werden nach 8 14 Absatz 4 Satz 4 oder Absatz 5 Satz 2 und 3 ElektroG durch die \u00f6ffentlich-rechtlichen Entsorgungstr\u00e4ger im Hinblick <\/span><span lang=\"EN-US\">auf einer Vorbereitung zur Wiederverwendung von anderen Altger\u00e4ten getrennt.<\/span><\/p><p class=\"PreformattedText\"><span lang=\"EN-US\">Das Symbol nach Anlage 3 zum ElektroG (eine durchgestrichene Abfalltonne auf R\u00e4dern) kennzeichnet Altger\u00e4te, die am Ende ihrer <\/span><span lang=\"EN-US\">Lebensdauer nicht dem unsortierten Siedlungsabfall zugef\u00fchrt werden d\u00fcrfen:<\/span><\/p>\t\t\t\t\t\t\t\t<\/div>\n\t\t\t\t<\/div>\n\t\t\t\t<div class=\"elementor-element elementor-element-5295536 elementor-widget elementor-widget-image\" data-id=\"5295536\" data-element_type=\"widget\" data-e-type=\"widget\" data-widget_type=\"image.default\">\n\t\t\t\t<div class=\"elementor-widget-container\">\n\t\t\t\t\t\t\t\t\t\t\t\t\t\t\t<img fetchpriority=\"high\" decoding=\"async\" width=\"378\" height=\"415\" src=\"https:\/\/ecologa-europe.com\/shop\/wp-content\/uploads\/2025\/05\/Screenshot-2025-05-08-153903.jpg\" class=\"attachment-large size-large wp-image-5991\" alt=\"\" srcset=\"https:\/\/ecologa-europe.com\/shop\/wp-content\/uploads\/2025\/05\/Screenshot-2025-05-08-153903.jpg 378w, https:\/\/ecologa-europe.com\/shop\/wp-content\/uploads\/2025\/05\/Screenshot-2025-05-08-153903-273x300.jpg 273w\" sizes=\"(max-width: 378px) 100vw, 378px\" \/>\t\t\t\t\t\t\t\t\t\t\t\t\t\t\t<\/div>\n\t\t\t\t<\/div>\n\t\t\t\t<\/div>\n\t\t\t\t\t<\/div>\n\t\t\t\t<\/div>\n\t\t<div class=\"elementor-element elementor-element-1d9f95a1 e-flex e-con-boxed e-con e-parent\" data-id=\"1d9f95a1\" data-element_type=\"container\" data-e-type=\"container\" data-settings=\"{&quot;jet_parallax_layout_list&quot;:[]}\">\n\t\t\t\t\t<div class=\"e-con-inner\">\n\t\t\t\t<div class=\"elementor-element elementor-element-1637ee95 elementor-widget elementor-widget-spacer\" data-id=\"1637ee95\" data-element_type=\"widget\" data-e-type=\"widget\" data-widget_type=\"spacer.default\">\n\t\t\t\t<div class=\"elementor-widget-container\">\n\t\t\t\t\t\t\t<div class=\"elementor-spacer\">\n\t\t\t<div class=\"elementor-spacer-inner\"><\/div>\n\t\t<\/div>\n\t\t\t\t\t\t<\/div>\n\t\t\t\t<\/div>\n\t\t\t\t\t<\/div>\n\t\t\t\t<\/div>\n\t\t\t\t<\/div>\n\t\t","protected":false},"excerpt":{"rendered":"<p>Information zur Batterieentsorgung Hinweis zur Entsorgung von Altbatterien Der nachfolgende Hinweis betrifft die Endnutzer, die Batterien oder Produkte mit eingebauten [&hellip;]<\/p>\n","protected":false},"author":2,"featured_media":0,"parent":0,"menu_order":0,"comment_status":"closed","ping_status":"closed","template":"","meta":{"inline_featured_image":false,"site-sidebar-layout":"no-sidebar","site-content-layout":"","ast-site-content-layout":"full-width-container","site-content-style":"default","site-sidebar-style":"default","ast-global-header-display":"","ast-banner-title-visibility":"","ast-main-header-display":"","ast-hfb-above-header-display":"","ast-hfb-below-header-display":"","ast-hfb-mobile-header-display":"","site-post-title":"disabled","ast-breadcrumbs-content":"","ast-featured-img":"disabled","footer-sml-layout":"","ast-disable-related-posts":"","theme-transparent-header-meta":"","adv-header-id-meta":"","stick-header-meta":"","header-above-stick-meta":"","header-main-stick-meta":"","header-below-stick-meta":"","astra-migrate-meta-layouts":"default","ast-page-background-enabled":"default","ast-page-background-meta":{"desktop":{"background-color":"var(--ast-global-color-5)","background-image":"","background-repeat":"repeat","background-position":"center center","background-size":"auto","background-attachment":"scroll","background-type":"","background-media":"","overlay-type":"","overlay-color":"","overlay-opacity":"","overlay-gradient":""},"tablet":{"background-color":"","background-image":"","background-repeat":"repeat","background-position":"center center","background-size":"auto","background-attachment":"scroll","background-type":"","background-media":"","overlay-type":"","overlay-color":"","overlay-opacity":"","overlay-gradient":""},"mobile":{"background-color":"","background-image":"","background-repeat":"repeat","background-position":"center center","background-size":"auto","background-attachment":"scroll","background-type":"","background-media":"","overlay-type":"","overlay-color":"","overlay-opacity":"","overlay-gradient":""}},"ast-content-background-meta":{"desktop":{"background-color":"var(--ast-global-color-4)","background-image":"","background-repeat":"repeat","background-position":"center center","background-size":"auto","background-attachment":"scroll","background-type":"","background-media":"","overlay-type":"","overlay-color":"","overlay-opacity":"","overlay-gradient":""},"tablet":{"background-color":"var(--ast-global-color-4)","background-image":"","background-repeat":"repeat","background-position":"center center","background-size":"auto","background-attachment":"scroll","background-type":"","background-media":"","overlay-type":"","overlay-color":"","overlay-opacity":"","overlay-gradient":""},"mobile":{"background-color":"var(--ast-global-color-4)","background-image":"","background-repeat":"repeat","background-position":"center center","background-size":"auto","background-attachment":"scroll","background-type":"","background-media":"","overlay-type":"","overlay-color":"","overlay-opacity":"","overlay-gradient":""}},"footnotes":""},"class_list":["post-5894","page","type-page","status-publish","hentry"],"yoast_head":"<!-- This site is optimized with the Yoast SEO plugin v27.3 - https:\/\/yoast.com\/product\/yoast-seo-wordpress\/ -->\n<title>Batterieentsorgung &amp; Recycling | Ecologa Europe<\/title>\n<meta name=\"description\" content=\"Informationen zur fachgerechten Batterieentsorgung bei Ecologa Europe \u2013 R\u00fcckgabe, Recycling und gesetzliche Hinweise f\u00fcr Endnutzer.\" \/>\n<meta name=\"robots\" content=\"index, follow, max-snippet:-1, max-image-preview:large, max-video-preview:-1\" \/>\n<link rel=\"canonical\" href=\"https:\/\/ecologa-europe.com\/shop\/informationen-zur-batterieentsorgung\/\" \/>\n<meta property=\"og:locale\" content=\"de_DE\" \/>\n<meta property=\"og:type\" content=\"article\" \/>\n<meta property=\"og:title\" content=\"Batterieentsorgung &amp; Recycling | Ecologa Europe\" \/>\n<meta property=\"og:description\" content=\"Informationen zur fachgerechten Batterieentsorgung bei Ecologa Europe \u2013 R\u00fcckgabe, Recycling und gesetzliche Hinweise f\u00fcr Endnutzer.\" \/>\n<meta property=\"og:url\" content=\"https:\/\/ecologa-europe.com\/shop\/informationen-zur-batterieentsorgung\/\" \/>\n<meta property=\"og:site_name\" content=\"Elektrosmog-Schutz Onlineshop\" \/>\n<meta property=\"article:publisher\" content=\"https:\/\/www.facebook.com\/Ecologa-Europe-GmbH-1604744566252298\/\" \/>\n<meta property=\"article:modified_time\" content=\"2025-05-08T13:44:42+00:00\" \/>\n<meta property=\"og:image\" content=\"https:\/\/ecologa-europe.com\/shop\/wp-content\/uploads\/2025\/05\/Screenshot-2025-05-08-153903.jpg\" \/>\n<meta name=\"twitter:card\" content=\"summary_large_image\" \/>\n<meta name=\"twitter:label1\" content=\"Gesch\u00e4tzte Lesezeit\" \/>\n\t<meta name=\"twitter:data1\" content=\"3\u00a0Minuten\" \/>\n<script type=\"application\/ld+json\" class=\"yoast-schema-graph\">{\"@context\":\"https:\\\/\\\/schema.org\",\"@graph\":[{\"@type\":\"WebPage\",\"@id\":\"https:\\\/\\\/ecologa-europe.com\\\/shop\\\/informationen-zur-batterieentsorgung\\\/\",\"url\":\"https:\\\/\\\/ecologa-europe.com\\\/shop\\\/informationen-zur-batterieentsorgung\\\/\",\"name\":\"Batterieentsorgung & Recycling | Ecologa Europe\",\"isPartOf\":{\"@id\":\"https:\\\/\\\/ecologa-europe.com\\\/shop\\\/#website\"},\"primaryImageOfPage\":{\"@id\":\"https:\\\/\\\/ecologa-europe.com\\\/shop\\\/informationen-zur-batterieentsorgung\\\/#primaryimage\"},\"image\":{\"@id\":\"https:\\\/\\\/ecologa-europe.com\\\/shop\\\/informationen-zur-batterieentsorgung\\\/#primaryimage\"},\"thumbnailUrl\":\"https:\\\/\\\/ecologa-europe.com\\\/shop\\\/wp-content\\\/uploads\\\/2025\\\/05\\\/Screenshot-2025-05-08-153903.jpg\",\"datePublished\":\"2025-05-08T09:04:22+00:00\",\"dateModified\":\"2025-05-08T13:44:42+00:00\",\"description\":\"Informationen zur fachgerechten Batterieentsorgung bei Ecologa Europe \u2013 R\u00fcckgabe, Recycling und gesetzliche Hinweise f\u00fcr Endnutzer.\",\"breadcrumb\":{\"@id\":\"https:\\\/\\\/ecologa-europe.com\\\/shop\\\/informationen-zur-batterieentsorgung\\\/#breadcrumb\"},\"inLanguage\":\"de\",\"potentialAction\":[{\"@type\":\"ReadAction\",\"target\":[\"https:\\\/\\\/ecologa-europe.com\\\/shop\\\/informationen-zur-batterieentsorgung\\\/\"]}]},{\"@type\":\"ImageObject\",\"inLanguage\":\"de\",\"@id\":\"https:\\\/\\\/ecologa-europe.com\\\/shop\\\/informationen-zur-batterieentsorgung\\\/#primaryimage\",\"url\":\"https:\\\/\\\/ecologa-europe.com\\\/shop\\\/wp-content\\\/uploads\\\/2025\\\/05\\\/Screenshot-2025-05-08-153903.jpg\",\"contentUrl\":\"https:\\\/\\\/ecologa-europe.com\\\/shop\\\/wp-content\\\/uploads\\\/2025\\\/05\\\/Screenshot-2025-05-08-153903.jpg\",\"width\":378,\"height\":415},{\"@type\":\"BreadcrumbList\",\"@id\":\"https:\\\/\\\/ecologa-europe.com\\\/shop\\\/informationen-zur-batterieentsorgung\\\/#breadcrumb\",\"itemListElement\":[{\"@type\":\"ListItem\",\"position\":1,\"name\":\"Startseite\",\"item\":\"https:\\\/\\\/ecologa-europe.com\\\/shop\\\/\"},{\"@type\":\"ListItem\",\"position\":2,\"name\":\"Informationen zur Batterieentsorgung\"}]},{\"@type\":\"WebSite\",\"@id\":\"https:\\\/\\\/ecologa-europe.com\\\/shop\\\/#website\",\"url\":\"https:\\\/\\\/ecologa-europe.com\\\/shop\\\/\",\"name\":\"Elektrosmog-Schutz Onlineshop\",\"description\":\"Ecologa Europe\",\"publisher\":{\"@id\":\"https:\\\/\\\/ecologa-europe.com\\\/shop\\\/#organization\"},\"potentialAction\":[{\"@type\":\"SearchAction\",\"target\":{\"@type\":\"EntryPoint\",\"urlTemplate\":\"https:\\\/\\\/ecologa-europe.com\\\/shop\\\/?s={search_term_string}\"},\"query-input\":{\"@type\":\"PropertyValueSpecification\",\"valueRequired\":true,\"valueName\":\"search_term_string\"}}],\"inLanguage\":\"de\"},{\"@type\":\"Organization\",\"@id\":\"https:\\\/\\\/ecologa-europe.com\\\/shop\\\/#organization\",\"name\":\"Elektrosmog-Schutz Onlineshop\",\"url\":\"https:\\\/\\\/ecologa-europe.com\\\/shop\\\/\",\"logo\":{\"@type\":\"ImageObject\",\"inLanguage\":\"de\",\"@id\":\"https:\\\/\\\/ecologa-europe.com\\\/shop\\\/#\\\/schema\\\/logo\\\/image\\\/\",\"url\":\"https:\\\/\\\/ecologa-europe.com\\\/shop\\\/wp-content\\\/uploads\\\/2025\\\/04\\\/vertical-navbar-logo.svg\",\"contentUrl\":\"https:\\\/\\\/ecologa-europe.com\\\/shop\\\/wp-content\\\/uploads\\\/2025\\\/04\\\/vertical-navbar-logo.svg\",\"width\":182,\"height\":70,\"caption\":\"Elektrosmog-Schutz Onlineshop\"},\"image\":{\"@id\":\"https:\\\/\\\/ecologa-europe.com\\\/shop\\\/#\\\/schema\\\/logo\\\/image\\\/\"},\"sameAs\":[\"https:\\\/\\\/www.facebook.com\\\/Ecologa-Europe-GmbH-1604744566252298\\\/\",\"https:\\\/\\\/www.instagram.com\\\/ecologaeurope\\\/\"]}]}<\/script>\n<!-- \/ Yoast SEO plugin. -->","yoast_head_json":{"title":"Batterieentsorgung & Recycling | Ecologa Europe","description":"Informationen zur fachgerechten Batterieentsorgung bei Ecologa Europe \u2013 R\u00fcckgabe, Recycling und gesetzliche Hinweise f\u00fcr Endnutzer.","robots":{"index":"index","follow":"follow","max-snippet":"max-snippet:-1","max-image-preview":"max-image-preview:large","max-video-preview":"max-video-preview:-1"},"canonical":"https:\/\/ecologa-europe.com\/shop\/informationen-zur-batterieentsorgung\/","og_locale":"de_DE","og_type":"article","og_title":"Batterieentsorgung & Recycling | Ecologa Europe","og_description":"Informationen zur fachgerechten Batterieentsorgung bei Ecologa Europe \u2013 R\u00fcckgabe, Recycling und gesetzliche Hinweise f\u00fcr Endnutzer.","og_url":"https:\/\/ecologa-europe.com\/shop\/informationen-zur-batterieentsorgung\/","og_site_name":"Elektrosmog-Schutz Onlineshop","article_publisher":"https:\/\/www.facebook.com\/Ecologa-Europe-GmbH-1604744566252298\/","article_modified_time":"2025-05-08T13:44:42+00:00","og_image":[{"url":"https:\/\/ecologa-europe.com\/shop\/wp-content\/uploads\/2025\/05\/Screenshot-2025-05-08-153903.jpg","type":"","width":"","height":""}],"twitter_card":"summary_large_image","twitter_misc":{"Gesch\u00e4tzte Lesezeit":"3\u00a0Minuten"},"schema":{"@context":"https:\/\/schema.org","@graph":[{"@type":"WebPage","@id":"https:\/\/ecologa-europe.com\/shop\/informationen-zur-batterieentsorgung\/","url":"https:\/\/ecologa-europe.com\/shop\/informationen-zur-batterieentsorgung\/","name":"Batterieentsorgung & Recycling | Ecologa Europe","isPartOf":{"@id":"https:\/\/ecologa-europe.com\/shop\/#website"},"primaryImageOfPage":{"@id":"https:\/\/ecologa-europe.com\/shop\/informationen-zur-batterieentsorgung\/#primaryimage"},"image":{"@id":"https:\/\/ecologa-europe.com\/shop\/informationen-zur-batterieentsorgung\/#primaryimage"},"thumbnailUrl":"https:\/\/ecologa-europe.com\/shop\/wp-content\/uploads\/2025\/05\/Screenshot-2025-05-08-153903.jpg","datePublished":"2025-05-08T09:04:22+00:00","dateModified":"2025-05-08T13:44:42+00:00","description":"Informationen zur fachgerechten Batterieentsorgung bei Ecologa Europe \u2013 R\u00fcckgabe, Recycling und gesetzliche Hinweise f\u00fcr Endnutzer.","breadcrumb":{"@id":"https:\/\/ecologa-europe.com\/shop\/informationen-zur-batterieentsorgung\/#breadcrumb"},"inLanguage":"de","potentialAction":[{"@type":"ReadAction","target":["https:\/\/ecologa-europe.com\/shop\/informationen-zur-batterieentsorgung\/"]}]},{"@type":"ImageObject","inLanguage":"de","@id":"https:\/\/ecologa-europe.com\/shop\/informationen-zur-batterieentsorgung\/#primaryimage","url":"https:\/\/ecologa-europe.com\/shop\/wp-content\/uploads\/2025\/05\/Screenshot-2025-05-08-153903.jpg","contentUrl":"https:\/\/ecologa-europe.com\/shop\/wp-content\/uploads\/2025\/05\/Screenshot-2025-05-08-153903.jpg","width":378,"height":415},{"@type":"BreadcrumbList","@id":"https:\/\/ecologa-europe.com\/shop\/informationen-zur-batterieentsorgung\/#breadcrumb","itemListElement":[{"@type":"ListItem","position":1,"name":"Startseite","item":"https:\/\/ecologa-europe.com\/shop\/"},{"@type":"ListItem","position":2,"name":"Informationen zur Batterieentsorgung"}]},{"@type":"WebSite","@id":"https:\/\/ecologa-europe.com\/shop\/#website","url":"https:\/\/ecologa-europe.com\/shop\/","name":"Elektrosmog-Schutz Onlineshop","description":"Ecologa Europe","publisher":{"@id":"https:\/\/ecologa-europe.com\/shop\/#organization"},"potentialAction":[{"@type":"SearchAction","target":{"@type":"EntryPoint","urlTemplate":"https:\/\/ecologa-europe.com\/shop\/?s={search_term_string}"},"query-input":{"@type":"PropertyValueSpecification","valueRequired":true,"valueName":"search_term_string"}}],"inLanguage":"de"},{"@type":"Organization","@id":"https:\/\/ecologa-europe.com\/shop\/#organization","name":"Elektrosmog-Schutz Onlineshop","url":"https:\/\/ecologa-europe.com\/shop\/","logo":{"@type":"ImageObject","inLanguage":"de","@id":"https:\/\/ecologa-europe.com\/shop\/#\/schema\/logo\/image\/","url":"https:\/\/ecologa-europe.com\/shop\/wp-content\/uploads\/2025\/04\/vertical-navbar-logo.svg","contentUrl":"https:\/\/ecologa-europe.com\/shop\/wp-content\/uploads\/2025\/04\/vertical-navbar-logo.svg","width":182,"height":70,"caption":"Elektrosmog-Schutz Onlineshop"},"image":{"@id":"https:\/\/ecologa-europe.com\/shop\/#\/schema\/logo\/image\/"},"sameAs":["https:\/\/www.facebook.com\/Ecologa-Europe-GmbH-1604744566252298\/","https:\/\/www.instagram.com\/ecologaeurope\/"]}]}},"_links":{"self":[{"href":"https:\/\/ecologa-europe.com\/shop\/wp-json\/wp\/v2\/pages\/5894","targetHints":{"allow":["GET"]}}],"collection":[{"href":"https:\/\/ecologa-europe.com\/shop\/wp-json\/wp\/v2\/pages"}],"about":[{"href":"https:\/\/ecologa-europe.com\/shop\/wp-json\/wp\/v2\/types\/page"}],"author":[{"embeddable":true,"href":"https:\/\/ecologa-europe.com\/shop\/wp-json\/wp\/v2\/users\/2"}],"replies":[{"embeddable":true,"href":"https:\/\/ecologa-europe.com\/shop\/wp-json\/wp\/v2\/comments?post=5894"}],"version-history":[{"count":7,"href":"https:\/\/ecologa-europe.com\/shop\/wp-json\/wp\/v2\/pages\/5894\/revisions"}],"predecessor-version":[{"id":5997,"href":"https:\/\/ecologa-europe.com\/shop\/wp-json\/wp\/v2\/pages\/5894\/revisions\/5997"}],"wp:attachment":[{"href":"https:\/\/ecologa-europe.com\/shop\/wp-json\/wp\/v2\/media?parent=5894"}],"curies":[{"name":"wp","href":"https:\/\/api.w.org\/{rel}","templated":true}]}}