{"id":6297,"date":"2025-05-05T13:13:16","date_gmt":"2025-05-05T13:13:16","guid":{"rendered":"https:\/\/639.pm-domains.de\/cancellation-policy\/"},"modified":"2025-05-14T15:19:01","modified_gmt":"2025-05-14T15:19:01","slug":"cancellation-policy","status":"publish","type":"page","link":"https:\/\/ecologa-europe.com\/shop\/cancellation-policy\/?lang=en","title":{"rendered":"Cancellation policy"},"content":{"rendered":"\t\t<div data-elementor-type=\"wp-page\" data-elementor-id=\"6297\" class=\"elementor elementor-6297 elementor-5445\" data-elementor-post-type=\"page\">\n\t\t\t\t<div class=\"elementor-element elementor-element-4eeba764 e-flex e-con-boxed e-con e-parent\" data-id=\"4eeba764\" data-element_type=\"container\" data-e-type=\"container\" data-settings=\"{&quot;jet_parallax_layout_list&quot;:[]}\">\n\t\t\t\t\t<div class=\"e-con-inner\">\n\t\t<div class=\"elementor-element elementor-element-56c4254b e-con-full e-flex e-con e-child\" data-id=\"56c4254b\" data-element_type=\"container\" data-e-type=\"container\" data-settings=\"{&quot;jet_parallax_layout_list&quot;:[]}\">\n\t\t\t\t<div class=\"elementor-element elementor-element-6583d6cc elementor-widget elementor-widget-heading\" data-id=\"6583d6cc\" data-element_type=\"widget\" data-e-type=\"widget\" data-widget_type=\"heading.default\">\n\t\t\t\t<div class=\"elementor-widget-container\">\n\t\t\t\t\t<h1 class=\"elementor-heading-title elementor-size-default\">Cancellation policy<\/h1>\t\t\t\t<\/div>\n\t\t\t\t<\/div>\n\t\t\t\t<div class=\"elementor-element elementor-element-6f889b7 elementor-widget elementor-widget-text-editor\" data-id=\"6f889b7\" data-element_type=\"widget\" data-e-type=\"widget\" data-widget_type=\"text-editor.default\">\n\t\t\t\t<div class=\"elementor-widget-container\">\n\t\t\t\t\t\t\t\t\t<p class=\"PreformattedText\"><span lang=\"EN-US\">Consumers have a right of withdrawal from contracts for the delivery of goods in accordance with the following provisions.<\/span><\/p><p class=\"PreformattedText\"><span lang=\"EN-US\">A consumer is any natural person who concludes a legal transaction for purposes that can predominantly be attributed<\/span><span lang=\"EN-US\"> neither to his commercial nor to his independent professional activity.<\/span><\/p>\t\t\t\t\t\t\t\t<\/div>\n\t\t\t\t<\/div>\n\t\t\t\t<div class=\"elementor-element elementor-element-46a50df elementor-widget elementor-widget-heading\" data-id=\"46a50df\" data-element_type=\"widget\" data-e-type=\"widget\" data-widget_type=\"heading.default\">\n\t\t\t\t<div class=\"elementor-widget-container\">\n\t\t\t\t\t<h2 class=\"elementor-heading-title elementor-size-default\">Right of withdrawal<\/h2>\t\t\t\t<\/div>\n\t\t\t\t<\/div>\n\t\t\t\t<div class=\"elementor-element elementor-element-6977b892 elementor-widget elementor-widget-text-editor\" data-id=\"6977b892\" data-element_type=\"widget\" data-e-type=\"widget\" data-widget_type=\"text-editor.default\">\n\t\t\t\t<div class=\"elementor-widget-container\">\n\t\t\t\t\t\t\t\t\t<p class=\"PreformattedText\"><span lang=\"EN-US\">You have the right to withdraw from this contract within 14 days without giving any reason.<\/span><\/p><p class=\"PreformattedText\"><span lang=\"EN-US\">The cancellation period shall be 14 days from the day on which you or a third party other than the carrier designated by you <\/span><span lang=\"EN-US\">takes possession of the last goods.<\/span><\/p><p class=\"PreformattedText\"><span lang=\"EN-US\">To exercise your right of withdrawal, you must inform us (Ecologa Europe GmbH \/ Patricia B\u00f6s, Ziegelh\u00fcttenstr. 11, 63768 H\u00f6sbach, Germany, Tel: +49 6021 5830120, Email: info@ecologa-europe.com) <\/span><span lang=\"EN-US\">of your decision to withdraw from this contract by means of a clear statement (e.g., a letter sent by post or email). <\/span><span lang=\"EN-US\">You may use the attached model withdrawal form, but this is not mandatory. <\/span><\/p><p class=\"PreformattedText\"><span lang=\"EN-US\"> <\/span><span lang=\"EN-US\">You can also electronically complete and submit the sample cancellation form or another unambiguous declaration on our website <\/span><span lang=\"EN-US\">www.ecologa-europe.com\/shop.  <\/span><span lang=\"EN-US\">If you make use of this option, we will immediately send you (e.g., by email) a confirmation of receipt of such a cancellation.<\/span><\/p><p class=\"PreformattedText\"><span lang=\"EN-US\">To comply with the cancellation period, it is sufficient that you send the notification of the exercise of the right of cancellation before the expiry of the cancellation period.<\/span><\/p><p class=\"PreformattedText\"><strong><span style=\"font-style: inherit;\">Consequences of Cancellation<\/span><\/strong><br><span style=\"font-style: inherit; font-weight: inherit;\">If you cancel this contract, we will refund all payments<\/span><span style=\"font-style: inherit; font-weight: inherit;\"> we have received from you,<\/span> <span style=\"font-style: inherit; font-weight: inherit;\">excluding delivery costs (as well as any additional costs resulting from your choice of a delivery method other than the cheapest standard delivery offered by us),  <\/span><span style=\"font-style: inherit; font-weight: inherit;\">immediately and at the latest within fourteen days from the date on which we received notification of your cancellation of this contract. <\/span><span style=\"font-style: inherit; font-weight: inherit;\">For this refund, we will use the same means of payment that you used for the original transaction, unless something else was expressly agreed with you; under no circumstances will you be charged any fees for this refund.  <\/span><span lang=\"EN-US\">We may refuse to refund until we have received the goods back or until you have provided proof that you have returned the goods, whichever is earlier.<\/span><\/p><p class=\"PreformattedText\"><span lang=\"EN-US\">You must return or hand over the goods to us promptly and in any event no later than fourteen days from the date on which you notify us of the cancellation of this contract. This deadline is met if you send the goods before the expiry of the fourteen-day period. <\/span><span lang=\"EN-US\">You will bear the direct costs of returning the goods.   <\/span><span lang=\"EN-US\">The direct costs of returning goods are estimated at a maximum of approximately 40 euros  <\/span><span lang=\"EN-US\">for each such item that cannot be returned to us by post due to their nature.<\/span><\/p><p class=\"PreformattedText\"><span lang=\"EN-US\">You only have to pay for any loss of value of the goods if this loss of value is due to handling of the goods which is not necessary to check<\/span><span lang=\"EN-US\"> their quality, properties and functioning.<\/span><\/p>\t\t\t\t\t\t\t\t<\/div>\n\t\t\t\t<\/div>\n\t\t\t\t<div class=\"elementor-element elementor-element-1484352 elementor-widget elementor-widget-text-editor\" data-id=\"1484352\" data-element_type=\"widget\" data-e-type=\"widget\" data-widget_type=\"text-editor.default\">\n\t\t\t\t<div class=\"elementor-widget-container\">\n\t\t\t\t\t\t\t\t\t<p class=\"PreformattedText\"><strong><span lang=\"EN-US\">Exclusion or premature expiry of the right of withdrawal:<\/span><\/strong><br><span lang=\"EN-US\">&#8211; <\/span><span lang=\"EN-US\">for the delivery of goods that are not prefabricated and for whose production an individual selection or specification by the consumer is decisive or <\/span><span lang=\"EN-US\">which are clearly tailored to the personal needs of the consumer;<\/span><\/p><p class=\"PreformattedText\"><span lang=\"EN-US\">The right of withdrawal expires prematurely for contracts:<\/span><br><span lang=\"EN-US\">&#8211; for the delivery of sealed goods which, for reasons of health protection or hygiene, are not suitable for return if their seal<\/span><span lang=\"EN-US\"> has been removed after delivery;<\/span><br><span lang=\"EN-US\">&#8211; for the delivery of goods which, due to their nature, have been inseparably mixed with other goods after delivery;<\/span><br><span lang=\"EN-US\">&#8211; If you agree to return a purchased item, it must be returned in the condition in which it was originally received.<\/span><\/p><p class=\"PreformattedText\"><span lang=\"EN-US\">It must not have been unpacked or used, <\/span><span lang=\"EN-US\">and the packaging must not be damaged, unless this was already the case at the time of delivery.  <\/span><span lang=\"EN-US\">The customer must return the product they do not wish to keep to us at their own expense, well packaged and protected.  <\/span><span lang=\"EN-US\">If the customer cannot return the received service in whole or in part, or can only return it in a deteriorated condition, they may be required to pay compensation for the value.<\/span><\/p><p class=\"PreformattedText\"><span lang=\"EN-US\">The right of withdrawal does not apply to consumers who, at the time the contract is concluded, are not members of a member state of the European Union <\/span><span lang=\"EN-US\">and whose sole residence and delivery address are outside the European Union at the time the contract is concluded.<\/span><\/p>\t\t\t\t\t\t\t\t<\/div>\n\t\t\t\t<\/div>\n\t\t\t\t<div class=\"elementor-element elementor-element-e372ae4 elementor-widget elementor-widget-text-editor\" data-id=\"e372ae4\" data-element_type=\"widget\" data-e-type=\"widget\" data-widget_type=\"text-editor.default\">\n\t\t\t\t<div class=\"elementor-widget-container\">\n\t\t\t\t\t\t\t\t\t<p class=\"PreformattedText\"><strong><span lang=\"EN-US\">Sample cancellation form<\/span><\/strong><br><span style=\"font-style: inherit; font-weight: inherit;\">(If you wish to cancel the contract, please fill out this form and return it.)<\/span><\/p><p class=\"PreformattedText\"><span lang=\"EN-US\">To Ecologa Europe GmbH \/ Patricia B\u00f6s, Ziegelh\u00fcttenstr. 11, 63768 H\u00f6sbach, E-Mail: info@ecologa-europe.com <\/span><\/p><p class=\"PreformattedText\"><span style=\"font-style: inherit; font-weight: inherit;\">I\/we (*) hereby revoke the contract concluded by me\/us for the purchase of the following goods (*)\/the provision of the following service (*)<\/span><\/p><p class=\"PreformattedText\"><span style=\"font-style: inherit; font-weight: inherit;\">Ordered on (*) \/ received on (*)<\/span><\/p><p class=\"PreformattedText\"><span style=\"font-style: inherit; font-weight: inherit;\">Name of the consumer(s)<\/span><\/p><p class=\"PreformattedText\"><span style=\"font-style: inherit; font-weight: inherit;\">Address of the consumer(s)<\/span><\/p><p class=\"PreformattedText\"><span lang=\"EN-US\"> <\/span><span style=\"font-style: inherit; font-weight: inherit;\">Signature of the consumer(s) (only if notification is made on paper)<\/span><\/p><p class=\"PreformattedText\"><span style=\"font-style: inherit; font-weight: inherit;\">Date<\/span><\/p><p class=\"PreformattedText\"><span style=\"font-style: inherit; font-weight: inherit;\">(*) Delete as appropriate<\/span><\/p>\t\t\t\t\t\t\t\t<\/div>\n\t\t\t\t<\/div>\n\t\t\t\t<\/div>\n\t\t\t\t\t<\/div>\n\t\t\t\t<\/div>\n\t\t<div class=\"elementor-element elementor-element-706d23b0 e-flex e-con-boxed e-con e-parent\" data-id=\"706d23b0\" data-element_type=\"container\" data-e-type=\"container\" data-settings=\"{&quot;jet_parallax_layout_list&quot;:[]}\">\n\t\t\t\t\t<div class=\"e-con-inner\">\n\t\t\t\t<div class=\"elementor-element elementor-element-32023ac elementor-widget elementor-widget-spacer\" data-id=\"32023ac\" data-element_type=\"widget\" data-e-type=\"widget\" data-widget_type=\"spacer.default\">\n\t\t\t\t<div class=\"elementor-widget-container\">\n\t\t\t\t\t\t\t<div class=\"elementor-spacer\">\n\t\t\t<div class=\"elementor-spacer-inner\"><\/div>\n\t\t<\/div>\n\t\t\t\t\t\t<\/div>\n\t\t\t\t<\/div>\n\t\t\t\t\t<\/div>\n\t\t\t\t<\/div>\n\t\t\t\t<\/div>\n\t\t","protected":false},"excerpt":{"rendered":"<p>Cancellation policy Consumers have a right of withdrawal from contracts for the delivery of goods in accordance with the following [&hellip;]<\/p>\n","protected":false},"author":2,"featured_media":0,"parent":0,"menu_order":0,"comment_status":"closed","ping_status":"closed","template":"","meta":{"inline_featured_image":false,"site-sidebar-layout":"no-sidebar","site-content-layout":"","ast-site-content-layout":"full-width-container","site-content-style":"default","site-sidebar-style":"default","ast-global-header-display":"","ast-banner-title-visibility":"","ast-main-header-display":"","ast-hfb-above-header-display":"","ast-hfb-below-header-display":"","ast-hfb-mobile-header-display":"","site-post-title":"disabled","ast-breadcrumbs-content":"","ast-featured-img":"disabled","footer-sml-layout":"","ast-disable-related-posts":"","theme-transparent-header-meta":"","adv-header-id-meta":"","stick-header-meta":"","header-above-stick-meta":"","header-main-stick-meta":"","header-below-stick-meta":"","astra-migrate-meta-layouts":"default","ast-page-background-enabled":"default","ast-page-background-meta":{"desktop":{"background-color":"var(--ast-global-color-5)","background-image":"","background-repeat":"repeat","background-position":"center center","background-size":"auto","background-attachment":"scroll","background-type":"","background-media":"","overlay-type":"","overlay-color":"","overlay-opacity":"","overlay-gradient":""},"tablet":{"background-color":"","background-image":"","background-repeat":"repeat","background-position":"center center","background-size":"auto","background-attachment":"scroll","background-type":"","background-media":"","overlay-type":"","overlay-color":"","overlay-opacity":"","overlay-gradient":""},"mobile":{"background-color":"","background-image":"","background-repeat":"repeat","background-position":"center center","background-size":"auto","background-attachment":"scroll","background-type":"","background-media":"","overlay-type":"","overlay-color":"","overlay-opacity":"","overlay-gradient":""}},"ast-content-background-meta":{"desktop":{"background-color":"var(--ast-global-color-4)","background-image":"","background-repeat":"repeat","background-position":"center center","background-size":"auto","background-attachment":"scroll","background-type":"","background-media":"","overlay-type":"","overlay-color":"","overlay-opacity":"","overlay-gradient":""},"tablet":{"background-color":"var(--ast-global-color-4)","background-image":"","background-repeat":"repeat","background-position":"center center","background-size":"auto","background-attachment":"scroll","background-type":"","background-media":"","overlay-type":"","overlay-color":"","overlay-opacity":"","overlay-gradient":""},"mobile":{"background-color":"var(--ast-global-color-4)","background-image":"","background-repeat":"repeat","background-position":"center center","background-size":"auto","background-attachment":"scroll","background-type":"","background-media":"","overlay-type":"","overlay-color":"","overlay-opacity":"","overlay-gradient":""}},"footnotes":""},"class_list":["post-6297","page","type-page","status-publish","hentry"],"yoast_head":"<!-- This site is optimized with the Yoast SEO plugin v27.4 - https:\/\/yoast.com\/product\/yoast-seo-wordpress\/ -->\n<title>Cancellation policy - Elektrosmog-Schutz Onlineshop<\/title>\n<meta name=\"robots\" content=\"index, follow, max-snippet:-1, max-image-preview:large, max-video-preview:-1\" \/>\n<link rel=\"canonical\" href=\"https:\/\/ecologa-europe.com\/shop\/cancellation-policy\/\" \/>\n<meta property=\"og:locale\" content=\"de_DE\" \/>\n<meta property=\"og:type\" content=\"article\" \/>\n<meta property=\"og:title\" content=\"Cancellation policy - Elektrosmog-Schutz Onlineshop\" \/>\n<meta property=\"og:description\" content=\"Cancellation policy Consumers have a right of withdrawal from contracts for the delivery of goods in accordance with the following [&hellip;]\" \/>\n<meta property=\"og:url\" content=\"https:\/\/ecologa-europe.com\/shop\/cancellation-policy\/?lang=en\" \/>\n<meta property=\"og:site_name\" content=\"Elektrosmog-Schutz Onlineshop\" \/>\n<meta property=\"article:publisher\" content=\"https:\/\/www.facebook.com\/Ecologa-Europe-GmbH-1604744566252298\/\" \/>\n<meta property=\"article:modified_time\" content=\"2025-05-14T15:19:01+00:00\" \/>\n<meta name=\"twitter:card\" content=\"summary_large_image\" \/>\n<meta name=\"twitter:label1\" content=\"Gesch\u00e4tzte Lesezeit\" \/>\n\t<meta name=\"twitter:data1\" content=\"4\u00a0Minuten\" \/>\n<script type=\"application\/ld+json\" class=\"yoast-schema-graph\">{\"@context\":\"https:\\\/\\\/schema.org\",\"@graph\":[{\"@type\":\"WebPage\",\"@id\":\"https:\\\/\\\/ecologa-europe.com\\\/shop\\\/cancellation-policy\\\/?lang=en\",\"url\":\"https:\\\/\\\/ecologa-europe.com\\\/shop\\\/cancellation-policy\\\/?lang=en\",\"name\":\"Cancellation policy - Elektrosmog-Schutz Onlineshop\",\"isPartOf\":{\"@id\":\"https:\\\/\\\/ecologa-europe.com\\\/shop\\\/#website\"},\"datePublished\":\"2025-05-05T13:13:16+00:00\",\"dateModified\":\"2025-05-14T15:19:01+00:00\",\"breadcrumb\":{\"@id\":\"https:\\\/\\\/ecologa-europe.com\\\/shop\\\/cancellation-policy\\\/?lang=en#breadcrumb\"},\"inLanguage\":\"de\",\"potentialAction\":[{\"@type\":\"ReadAction\",\"target\":[\"https:\\\/\\\/ecologa-europe.com\\\/shop\\\/cancellation-policy\\\/?lang=en\"]}]},{\"@type\":\"BreadcrumbList\",\"@id\":\"https:\\\/\\\/ecologa-europe.com\\\/shop\\\/cancellation-policy\\\/?lang=en#breadcrumb\",\"itemListElement\":[{\"@type\":\"ListItem\",\"position\":1,\"name\":\"Startseite\",\"item\":\"https:\\\/\\\/ecologa-europe.com\\\/shop\\\/\"},{\"@type\":\"ListItem\",\"position\":2,\"name\":\"Cancellation policy\"}]},{\"@type\":\"WebSite\",\"@id\":\"https:\\\/\\\/ecologa-europe.com\\\/shop\\\/#website\",\"url\":\"https:\\\/\\\/ecologa-europe.com\\\/shop\\\/\",\"name\":\"Elektrosmog-Schutz Onlineshop\",\"description\":\"Ecologa Europe\",\"publisher\":{\"@id\":\"https:\\\/\\\/ecologa-europe.com\\\/shop\\\/#organization\"},\"potentialAction\":[{\"@type\":\"SearchAction\",\"target\":{\"@type\":\"EntryPoint\",\"urlTemplate\":\"https:\\\/\\\/ecologa-europe.com\\\/shop\\\/?s={search_term_string}\"},\"query-input\":{\"@type\":\"PropertyValueSpecification\",\"valueRequired\":true,\"valueName\":\"search_term_string\"}}],\"inLanguage\":\"de\"},{\"@type\":\"Organization\",\"@id\":\"https:\\\/\\\/ecologa-europe.com\\\/shop\\\/#organization\",\"name\":\"Elektrosmog-Schutz Onlineshop\",\"url\":\"https:\\\/\\\/ecologa-europe.com\\\/shop\\\/\",\"logo\":{\"@type\":\"ImageObject\",\"inLanguage\":\"de\",\"@id\":\"https:\\\/\\\/ecologa-europe.com\\\/shop\\\/#\\\/schema\\\/logo\\\/image\\\/\",\"url\":\"https:\\\/\\\/ecologa-europe.com\\\/shop\\\/wp-content\\\/uploads\\\/2025\\\/04\\\/vertical-navbar-logo.svg\",\"contentUrl\":\"https:\\\/\\\/ecologa-europe.com\\\/shop\\\/wp-content\\\/uploads\\\/2025\\\/04\\\/vertical-navbar-logo.svg\",\"width\":182,\"height\":70,\"caption\":\"Elektrosmog-Schutz Onlineshop\"},\"image\":{\"@id\":\"https:\\\/\\\/ecologa-europe.com\\\/shop\\\/#\\\/schema\\\/logo\\\/image\\\/\"},\"sameAs\":[\"https:\\\/\\\/www.facebook.com\\\/Ecologa-Europe-GmbH-1604744566252298\\\/\",\"https:\\\/\\\/www.instagram.com\\\/ecologaeurope\\\/\"]}]}<\/script>\n<!-- \/ Yoast SEO plugin. -->","yoast_head_json":{"title":"Cancellation policy - Elektrosmog-Schutz Onlineshop","robots":{"index":"index","follow":"follow","max-snippet":"max-snippet:-1","max-image-preview":"max-image-preview:large","max-video-preview":"max-video-preview:-1"},"canonical":"https:\/\/ecologa-europe.com\/shop\/cancellation-policy\/","og_locale":"de_DE","og_type":"article","og_title":"Cancellation policy - Elektrosmog-Schutz Onlineshop","og_description":"Cancellation policy Consumers have a right of withdrawal from contracts for the delivery of goods in accordance with the following [&hellip;]","og_url":"https:\/\/ecologa-europe.com\/shop\/cancellation-policy\/?lang=en","og_site_name":"Elektrosmog-Schutz Onlineshop","article_publisher":"https:\/\/www.facebook.com\/Ecologa-Europe-GmbH-1604744566252298\/","article_modified_time":"2025-05-14T15:19:01+00:00","twitter_card":"summary_large_image","twitter_misc":{"Gesch\u00e4tzte Lesezeit":"4\u00a0Minuten"},"schema":{"@context":"https:\/\/schema.org","@graph":[{"@type":"WebPage","@id":"https:\/\/ecologa-europe.com\/shop\/cancellation-policy\/?lang=en","url":"https:\/\/ecologa-europe.com\/shop\/cancellation-policy\/?lang=en","name":"Cancellation policy - Elektrosmog-Schutz Onlineshop","isPartOf":{"@id":"https:\/\/ecologa-europe.com\/shop\/#website"},"datePublished":"2025-05-05T13:13:16+00:00","dateModified":"2025-05-14T15:19:01+00:00","breadcrumb":{"@id":"https:\/\/ecologa-europe.com\/shop\/cancellation-policy\/?lang=en#breadcrumb"},"inLanguage":"de","potentialAction":[{"@type":"ReadAction","target":["https:\/\/ecologa-europe.com\/shop\/cancellation-policy\/?lang=en"]}]},{"@type":"BreadcrumbList","@id":"https:\/\/ecologa-europe.com\/shop\/cancellation-policy\/?lang=en#breadcrumb","itemListElement":[{"@type":"ListItem","position":1,"name":"Startseite","item":"https:\/\/ecologa-europe.com\/shop\/"},{"@type":"ListItem","position":2,"name":"Cancellation policy"}]},{"@type":"WebSite","@id":"https:\/\/ecologa-europe.com\/shop\/#website","url":"https:\/\/ecologa-europe.com\/shop\/","name":"Elektrosmog-Schutz Onlineshop","description":"Ecologa Europe","publisher":{"@id":"https:\/\/ecologa-europe.com\/shop\/#organization"},"potentialAction":[{"@type":"SearchAction","target":{"@type":"EntryPoint","urlTemplate":"https:\/\/ecologa-europe.com\/shop\/?s={search_term_string}"},"query-input":{"@type":"PropertyValueSpecification","valueRequired":true,"valueName":"search_term_string"}}],"inLanguage":"de"},{"@type":"Organization","@id":"https:\/\/ecologa-europe.com\/shop\/#organization","name":"Elektrosmog-Schutz Onlineshop","url":"https:\/\/ecologa-europe.com\/shop\/","logo":{"@type":"ImageObject","inLanguage":"de","@id":"https:\/\/ecologa-europe.com\/shop\/#\/schema\/logo\/image\/","url":"https:\/\/ecologa-europe.com\/shop\/wp-content\/uploads\/2025\/04\/vertical-navbar-logo.svg","contentUrl":"https:\/\/ecologa-europe.com\/shop\/wp-content\/uploads\/2025\/04\/vertical-navbar-logo.svg","width":182,"height":70,"caption":"Elektrosmog-Schutz Onlineshop"},"image":{"@id":"https:\/\/ecologa-europe.com\/shop\/#\/schema\/logo\/image\/"},"sameAs":["https:\/\/www.facebook.com\/Ecologa-Europe-GmbH-1604744566252298\/","https:\/\/www.instagram.com\/ecologaeurope\/"]}]}},"_links":{"self":[{"href":"https:\/\/ecologa-europe.com\/shop\/wp-json\/wp\/v2\/pages\/6297","targetHints":{"allow":["GET"]}}],"collection":[{"href":"https:\/\/ecologa-europe.com\/shop\/wp-json\/wp\/v2\/pages"}],"about":[{"href":"https:\/\/ecologa-europe.com\/shop\/wp-json\/wp\/v2\/types\/page"}],"author":[{"embeddable":true,"href":"https:\/\/ecologa-europe.com\/shop\/wp-json\/wp\/v2\/users\/2"}],"replies":[{"embeddable":true,"href":"https:\/\/ecologa-europe.com\/shop\/wp-json\/wp\/v2\/comments?post=6297"}],"version-history":[{"count":1,"href":"https:\/\/ecologa-europe.com\/shop\/wp-json\/wp\/v2\/pages\/6297\/revisions"}],"predecessor-version":[{"id":6298,"href":"https:\/\/ecologa-europe.com\/shop\/wp-json\/wp\/v2\/pages\/6297\/revisions\/6298"}],"wp:attachment":[{"href":"https:\/\/ecologa-europe.com\/shop\/wp-json\/wp\/v2\/media?parent=6297"}],"curies":[{"name":"wp","href":"https:\/\/api.w.org\/{rel}","templated":true}]}}