{"id":6382,"date":"2025-05-05T13:01:07","date_gmt":"2025-05-05T13:01:07","guid":{"rendered":"https:\/\/639.pm-domains.de\/5g-informations\/"},"modified":"2025-05-15T14:08:51","modified_gmt":"2025-05-15T14:08:51","slug":"5g-informations","status":"publish","type":"page","link":"https:\/\/ecologa-europe.com\/shop\/5g-informations\/?lang=fr","title":{"rendered":"5G &#8211; Informations"},"content":{"rendered":"\t\t<div data-elementor-type=\"wp-page\" data-elementor-id=\"6382\" class=\"elementor elementor-6382 elementor-5441\" data-elementor-post-type=\"page\">\n\t\t\t\t<div class=\"elementor-element elementor-element-622c47bc e-flex e-con-boxed e-con e-parent\" data-id=\"622c47bc\" data-element_type=\"container\" data-e-type=\"container\" data-settings=\"{&quot;jet_parallax_layout_list&quot;:[]}\">\n\t\t\t\t\t<div class=\"e-con-inner\">\n\t\t<div class=\"elementor-element elementor-element-1b37321 e-con-full e-flex e-con e-child\" data-id=\"1b37321\" data-element_type=\"container\" data-e-type=\"container\" data-settings=\"{&quot;jet_parallax_layout_list&quot;:[]}\">\n\t\t\t\t<div class=\"elementor-element elementor-element-459c8f1c elementor-widget elementor-widget-heading\" data-id=\"459c8f1c\" data-element_type=\"widget\" data-e-type=\"widget\" data-widget_type=\"heading.default\">\n\t\t\t\t<div class=\"elementor-widget-container\">\n\t\t\t\t\t<h1 class=\"elementor-heading-title elementor-size-default\">5G - Informations\n\n <\/h1>\t\t\t\t<\/div>\n\t\t\t\t<\/div>\n\t\t\t\t<div class=\"elementor-element elementor-element-30b4029 elementor-widget elementor-widget-heading\" data-id=\"30b4029\" data-element_type=\"widget\" data-e-type=\"widget\" data-widget_type=\"heading.default\">\n\t\t\t\t<div class=\"elementor-widget-container\">\n\t\t\t\t\t<h2 class=\"elementor-heading-title elementor-size-default\"><span lang=\"EN-US\">Le spectre de fr\u00e9quences de la 5G s\u2019\u00e9tend-il r\u00e9ellement jusqu\u2019\u00e0 100 GHz ?<\/span><\/h2>\t\t\t\t<\/div>\n\t\t\t\t<\/div>\n\t\t\t\t<div class=\"elementor-element elementor-element-7958d149 elementor-widget elementor-widget-text-editor\" data-id=\"7958d149\" data-element_type=\"widget\" data-e-type=\"widget\" data-widget_type=\"text-editor.default\">\n\t\t\t\t<div class=\"elementor-widget-container\">\n\t\t\t\t\t\t\t\t\t<p class=\"PreformattedText\"><span lang=\"EN-US\">Le consortium responsable de cette op\u00e9ration pr\u00e9voit des fr\u00e9quences allant jusqu&#8217;\u00e0 environ 80 GHz.  <\/span><span lang=\"EN-US\">Cependant, les bandes de fr\u00e9quences les plus \u00e9lev\u00e9es ne conviennent qu&#8217;\u00e0 la transmission \u00e0 proximit\u00e9 imm\u00e9diate, par exemple d&#8217;un ordinateur vers un \u00e9cran.  <\/span><span lang=\"EN-US\">\u00c0 cet \u00e9gard, cette gamme de fr\u00e9quences sup\u00e9rieure n\u2019est pas si pertinente pour les personnes \u00e9lectrosensibles, car c\u2019est \u00e0 elles de d\u00e9cider si elles veulent ou non utiliser de telles applications (si la 5G devait devenir disponible commercialement dans ce spectre de fr\u00e9quences dans <\/span><span lang=\"EN-US\">quelques ann\u00e9es).<\/span> <\/p><p class=\"PreformattedText\"><span lang=\"EN-US\">La planification de la 5G dans la gamme de fr\u00e9quences autour de 28 GHz est beaucoup plus concr\u00e8te, o\u00f9 il s&#8217;agit principalement de la fourniture (temporaire) de, par exemple, <\/span><span lang=\"EN-US\">Stades de football, centres commerciaux et autres, et Internet sans fil sur les lignes de chemin de fer et dans les transports en commun.  <\/span><span lang=\"EN-US\">Ici aussi, la port\u00e9e est tr\u00e8s limit\u00e9e et afin de minimiser la consommation d&#8217;\u00e9nergie, les fournisseurs essaieront de concentrer le rayonnement le plus pr\u00e8s possible de la zone absolument n\u00e9cessaire. <\/span><span lang=\"EN-US\">Cependant, les d\u00e9monstrations men\u00e9es jusqu&#8217;\u00e0 pr\u00e9sent ont r\u00e9v\u00e9l\u00e9 des difficult\u00e9s techniques majeures, car m\u00eame un arbre bloquant la ligne de vue directe vers l&#8217;\u00e9metteur a entra\u00een\u00e9 des r\u00e9ductions significatives des d\u00e9bits de transmission et m\u00eame des interruptions de connexion.  <\/span><span lang=\"EN-US\">Un auvent cr\u00e9e une zone prot\u00e9g\u00e9e et aide \u00e0 restaurer un environnement de sommeil naturel. <\/span><\/p><p class=\"PreformattedText\">Avec un effet de blindage allant <strong>jusqu&#8217;\u00e0 99,99 %<\/strong>, nos auvents de haute qualit\u00e9 bloquent de mani\u00e8re fiable les rayonnements haute fr\u00e9quence et vous offrent une <strong>zone de d\u00e9tente s\u00fbre<\/strong>. <\/p>\t\t\t\t\t\t\t\t<\/div>\n\t\t\t\t<\/div>\n\t\t\t\t<div class=\"elementor-element elementor-element-48feeb82 elementor-widget elementor-widget-heading\" data-id=\"48feeb82\" data-element_type=\"widget\" data-e-type=\"widget\" data-widget_type=\"heading.default\">\n\t\t\t\t<div class=\"elementor-widget-container\">\n\t\t\t\t\t<h2 class=\"elementor-heading-title elementor-size-default\">Pourquoi la zone de sommeil est-elle si importante?<\/h2>\t\t\t\t<\/div>\n\t\t\t\t<\/div>\n\t\t\t\t<div class=\"elementor-element elementor-element-52fcfa elementor-widget elementor-widget-text-editor\" data-id=\"52fcfa\" data-element_type=\"widget\" data-e-type=\"widget\" data-widget_type=\"text-editor.default\">\n\t\t\t\t<div class=\"elementor-widget-container\">\n\t\t\t\t\t\t\t\t\t<p class=\"PreformattedText\"><span lang=\"EN-US\">Les bandes de fr\u00e9quences actuellement pr\u00e9vues sont : environ 700 MHz environ 2 GHz entre 3 et 4 GHz (\u00e9galement dans le monde entier au moins en dessous de 6 GHz, \u00ab bande sub 6 GHz \u00bb)<\/span> <span lang=\"EN-US\">environ 28\/30 GHz jusqu&#8217;\u00e0 environ 80 GHz.<\/span> <span lang=\"EN-US\">Les bandes de fr\u00e9quences actuellement pr\u00e9vues sont : environ 700 MHz environ 2 GHz entre 3 et 4 GHz (\u00e9galement dans le monde entier au moins en dessous de 6 GHz, \u00ab bande sub 6 GHz \u00bb) environ 28\/30 GHz jusqu&#8217;\u00e0 environ 80 GHz. <\/span><\/p><p class=\"PreformattedText\"><strong><span lang=\"EN-US\">\u00c0 quelles fr\u00e9quences la 5G transmet-elle?<br><\/span><\/strong><span lang=\"EN-US\">Les experts d\u00e9battent de cette question, ainsi que de la nocivit\u00e9 de l\u2019\u00e9lectrosmog en g\u00e9n\u00e9ral. Pensez simplement aux discussions qui durent depuis des d\u00e9cennies sur la nocivit\u00e9 de l\u2019amiante ! Une minimisation pr\u00e9ventive de l\u2019exposition personnelle aux rayonnements 5G semble judicieuse. Le lien suivant, physiquement ind\u00e9niable, est rassurant : plus la fr\u00e9quence est \u00e9lev\u00e9e, plus la propagation du rayonnement est faible ou, pour le dire autrement : plus la fr\u00e9quence est \u00e9lev\u00e9e, plus l&#8217;att\u00e9nuation du rayonnement 56 (n&#8217;importe quel rayonnement HF !) par l&#8217;air seul ou, plus encore, par les mat\u00e9riaux de construction courants tels que la pierre, le bois ou le verre est \u00e9lev\u00e9e. \u00c0 cet \u00e9gard, les espaces int\u00e9rieurs, c\u2019est-\u00e0-dire les appartements ou les maisons, offrent d\u00e9j\u00e0 une assez bonne protection face aux fr\u00e9quences 5G plus \u00e9lev\u00e9es.    <\/span><\/p>\t\t\t\t\t\t\t\t<\/div>\n\t\t\t\t<\/div>\n\t\t\t\t<div class=\"elementor-element elementor-element-cd80031 elementor-widget elementor-widget-heading\" data-id=\"cd80031\" data-element_type=\"widget\" data-e-type=\"widget\" data-widget_type=\"heading.default\">\n\t\t\t\t<div class=\"elementor-widget-container\">\n\t\t\t\t\t<h2 class=\"elementor-heading-title elementor-size-default\">\u00c0 quelles fr\u00e9quences la 5G transmet-elle?<\/h2>\t\t\t\t<\/div>\n\t\t\t\t<\/div>\n\t\t\t\t<div class=\"elementor-element elementor-element-5064e1a elementor-widget elementor-widget-text-editor\" data-id=\"5064e1a\" data-element_type=\"widget\" data-e-type=\"widget\" data-widget_type=\"text-editor.default\">\n\t\t\t\t<div class=\"elementor-widget-container\">\n\t\t\t\t\t\t\t\t\t<p class=\"PreformattedText\"><span lang=\"EN-US\">Les bandes de fr\u00e9quences actuellement pr\u00e9vues sont : environ 700 MHz environ 2 GHz entre 3 et 4 GHz (\u00e9galement dans le monde entier au moins en dessous de 6 GHz, \u00ab bande sub 6 GHz \u00bb)<\/span> <span lang=\"EN-US\">environ 28\/30 GHz jusqu&#8217;\u00e0 environ 80 GHz.<\/span> <span lang=\"EN-US\">Les bandes de fr\u00e9quences actuellement pr\u00e9vues sont : environ 700 MHz environ 2 GHz entre 3 et 4 GHz (\u00e9galement dans le monde entier au moins en dessous de 6 GHz, \u00ab bande sub 6 GHz \u00bb) environ 28\/30 GHz jusqu&#8217;\u00e0 environ 80 GHz. <\/span><\/p><p class=\"PreformattedText\"><strong><span lang=\"EN-US\">\u00c0 quelles fr\u00e9quences la 5G transmet-elle?<br><\/span><\/strong><span lang=\"EN-US\">Les experts d\u00e9battent de cette question, ainsi que de la nocivit\u00e9 de l\u2019\u00e9lectrosmog en g\u00e9n\u00e9ral. Pensez simplement aux discussions qui durent depuis des d\u00e9cennies sur la nocivit\u00e9 de l\u2019amiante ! Une minimisation pr\u00e9ventive de l\u2019exposition personnelle aux rayonnements 5G semble judicieuse. Le lien suivant, physiquement ind\u00e9niable, est rassurant : plus la fr\u00e9quence est \u00e9lev\u00e9e, plus la propagation du rayonnement est faible ou, pour le dire autrement : plus la fr\u00e9quence est \u00e9lev\u00e9e, plus l&#8217;att\u00e9nuation du rayonnement 56 (n&#8217;importe quel rayonnement HF !) par l&#8217;air seul ou, plus encore, par les mat\u00e9riaux de construction courants tels que la pierre, le bois ou le verre est \u00e9lev\u00e9e. \u00c0 cet \u00e9gard, les espaces int\u00e9rieurs, c\u2019est-\u00e0-dire les appartements ou les maisons, offrent d\u00e9j\u00e0 une assez bonne protection face aux fr\u00e9quences 5G plus \u00e9lev\u00e9es.    <\/span><\/p>\t\t\t\t\t\t\t\t<\/div>\n\t\t\t\t<\/div>\n\t\t\t\t<div class=\"elementor-element elementor-element-b73477c elementor-widget elementor-widget-heading\" data-id=\"b73477c\" data-element_type=\"widget\" data-e-type=\"widget\" data-widget_type=\"heading.default\">\n\t\t\t\t<div class=\"elementor-widget-container\">\n\t\t\t\t\t<h2 class=\"elementor-heading-title elementor-size-default\">Pourquoi les fr\u00e9quences 5G inf\u00e9rieures \u00e0 6 GHz sont-elles particuli\u00e8rement critiques?<\/h2>\t\t\t\t<\/div>\n\t\t\t\t<\/div>\n\t\t\t\t<div class=\"elementor-element elementor-element-486383c elementor-widget elementor-widget-text-editor\" data-id=\"486383c\" data-element_type=\"widget\" data-e-type=\"widget\" data-widget_type=\"text-editor.default\">\n\t\t\t\t<div class=\"elementor-widget-container\">\n\t\t\t\t\t\t\t\t\t<p class=\"PreformattedText\"><span lang=\"EN-US\">D&#8217;un point de vue biologique du b\u00e2timent, il est particuli\u00e8rement important de r\u00e9duire au minimum l&#8217;exposition \u00e0 l&#8217;\u00e9lectrosmog dans les zones de sommeil, car l&#8217;organisme doit \u00eatre lib\u00e9r\u00e9 du stress ext\u00e9rieur pendant le sommeil pour se r\u00e9g\u00e9n\u00e9rer.<\/span><\/p><p class=\"PreformattedText\"><span lang=\"EN-US\">Toutefois, pour des raisons techniques et commerciales, ces fr\u00e9quences de t\u00e9l\u00e9phonie mobile 5G plus basses entra\u00eeneront une exposition accrue aux rayonnements de la 5G dans les zones de couchage. Cela est d\u00fb au fait que les fr\u00e9quences plus basses ont une plus grande port\u00e9e de transmission et une meilleure p\u00e9n\u00e9tration des mat\u00e9riaux de construction courants avec la m\u00eame d\u00e9pense \u00e9nerg\u00e9tique. Pour l&#8217;op\u00e9rateur de t\u00e9l\u00e9phonie mobile, cela signifie qu&#8217;avec des co\u00fbts d&#8217;infrastructure sensiblement identiques, davantage de clients peuvent \u00eatre couverts, ce qui signifie des b\u00e9n\u00e9fices plus \u00e9lev\u00e9s. Le m\u00eame ph\u00e9nom\u00e8ne est connu gr\u00e2ce \u00e0 la couverture de zone nettement meilleure des bandes de radiocommunication mobile inf\u00e9rieures par rapport aux bandes sup\u00e9rieures, par exemple dans les communications mobiles (900 MHz par rapport \u00e0 1800 MHz pour le GSM, ainsi que 800 MHz par rapport \u00e0 1800 MHz par rapport \u00e0 2700 MHz pour le LTE) ou le WLAN 2,4 GHz par rapport au WLAN 5 GHz.   <\/span><\/p><p class=\"PreformattedText\"><span style=\"font-style: inherit; font-weight: inherit;\">Alors que la bande de 700 MHz est particuli\u00e8rement recommand\u00e9e pour les zones rurales et les petites villes, les bandes de fr\u00e9quences r\u00e9cemment mises aux ench\u00e8res entre 3 et 4 GHz seront de plus en plus utilis\u00e9es dans les zones urbaines en faveur de d\u00e9bits de donn\u00e9es plus \u00e9lev\u00e9s. M\u00eame si cela signifie qu\u2019il faut installer davantage d\u2019\u00e9metteurs \u00e0 des intervalles plus rapproch\u00e9s. C\u2019est pr\u00e9cis\u00e9ment l\u2019une des principales critiques des opposants \u00e0 l\u2019expansion de la 5G.  <\/span><\/p>\t\t\t\t\t\t\t\t<\/div>\n\t\t\t\t<\/div>\n\t\t\t\t<div class=\"elementor-element elementor-element-cee2e0c elementor-widget elementor-widget-heading\" data-id=\"cee2e0c\" data-element_type=\"widget\" data-e-type=\"widget\" data-widget_type=\"heading.default\">\n\t\t\t\t<div class=\"elementor-widget-container\">\n\t\t\t\t\t<h2 class=\"elementor-heading-title elementor-size-default\">Pourquoi le d\u00e9ploiement de la 5G commence-t-il par les fr\u00e9quences les plus basses?<\/h2>\t\t\t\t<\/div>\n\t\t\t\t<\/div>\n\t\t\t\t<div class=\"elementor-element elementor-element-ccea195 elementor-widget elementor-widget-text-editor\" data-id=\"ccea195\" data-element_type=\"widget\" data-e-type=\"widget\" data-widget_type=\"text-editor.default\">\n\t\t\t\t<div class=\"elementor-widget-container\">\n\t\t\t\t\t\t\t\t\t<p class=\"PreformattedText\"><span lang=\"EN-US\">Les lois physiques s\u2019appliquent \u00e9galement \u00e0 la 5G, et les fournisseurs de mat\u00e9riel r\u00e9agissent de mani\u00e8re pr\u00e9visible : tout d\u2019abord, il y a une plus grande att\u00e9nuation du rayonnement haute fr\u00e9quence dans l\u2019air. Du point de vue du fournisseur, une \u00ab att\u00e9nuation plus importante \u00bb signifie \u00ab une consommation d&#8217;\u00e9nergie plus importante et des co\u00fbts plus \u00e9lev\u00e9s \u00bb &#8211; la cons\u00e9quence commerciale : la bande de fr\u00e9quence la plus basse possible est toujours pr\u00e9f\u00e9r\u00e9e (comme c&#8217;est le cas avec le GSM, le LTE et le WLAN). \u00c0 long terme, les bandes 5G sup\u00e9rieures jusqu&#8217;\u00e0 plus de 50 GHz resteront donc r\u00e9serv\u00e9es aux tr\u00e8s courtes distances avec une ligne de vue directe &#8211; un effet secondaire positif pour la population : ses quatre murs offrent une protection relativement bonne.  <\/span><\/p><p class=\"PreformattedText\"><span lang=\"EN-US\">Le dicton sarcastique \u00ab l\u2019argent fait tourner le monde \u00bb profite, pour une fois et de mani\u00e8re assez fortuite, au grand public\u2026 une petite consolation compte tenu de l\u2019exposition globale encore plus grande aux RF avec la 5G.<\/span><\/p>\t\t\t\t\t\t\t\t<\/div>\n\t\t\t\t<\/div>\n\t\t\t\t<\/div>\n\t\t\t\t\t<\/div>\n\t\t\t\t<\/div>\n\t\t<div class=\"elementor-element elementor-element-869dd87 e-flex e-con-boxed e-con e-parent\" data-id=\"869dd87\" data-element_type=\"container\" data-e-type=\"container\" data-settings=\"{&quot;jet_parallax_layout_list&quot;:[]}\">\n\t\t\t\t\t<div class=\"e-con-inner\">\n\t\t\t\t<div class=\"elementor-element elementor-element-c2031ee elementor-widget elementor-widget-spacer\" data-id=\"c2031ee\" data-element_type=\"widget\" data-e-type=\"widget\" data-widget_type=\"spacer.default\">\n\t\t\t\t<div class=\"elementor-widget-container\">\n\t\t\t\t\t\t\t<div class=\"elementor-spacer\">\n\t\t\t<div class=\"elementor-spacer-inner\"><\/div>\n\t\t<\/div>\n\t\t\t\t\t\t<\/div>\n\t\t\t\t<\/div>\n\t\t\t\t\t<\/div>\n\t\t\t\t<\/div>\n\t\t\t\t<\/div>\n\t\t","protected":false},"excerpt":{"rendered":"<p>5G &#8211; Informations Le spectre de fr\u00e9quences de la 5G s\u2019\u00e9tend-il r\u00e9ellement jusqu\u2019\u00e0 100 GHz ? Le consortium responsable de [&hellip;]<\/p>\n","protected":false},"author":2,"featured_media":0,"parent":0,"menu_order":0,"comment_status":"closed","ping_status":"closed","template":"","meta":{"inline_featured_image":false,"site-sidebar-layout":"no-sidebar","site-content-layout":"","ast-site-content-layout":"full-width-container","site-content-style":"default","site-sidebar-style":"default","ast-global-header-display":"","ast-banner-title-visibility":"","ast-main-header-display":"","ast-hfb-above-header-display":"","ast-hfb-below-header-display":"","ast-hfb-mobile-header-display":"","site-post-title":"disabled","ast-breadcrumbs-content":"","ast-featured-img":"disabled","footer-sml-layout":"","ast-disable-related-posts":"","theme-transparent-header-meta":"","adv-header-id-meta":"","stick-header-meta":"","header-above-stick-meta":"","header-main-stick-meta":"","header-below-stick-meta":"","astra-migrate-meta-layouts":"default","ast-page-background-enabled":"default","ast-page-background-meta":{"desktop":{"background-color":"var(--ast-global-color-5)","background-image":"","background-repeat":"repeat","background-position":"center center","background-size":"auto","background-attachment":"scroll","background-type":"","background-media":"","overlay-type":"","overlay-color":"","overlay-opacity":"","overlay-gradient":""},"tablet":{"background-color":"","background-image":"","background-repeat":"repeat","background-position":"center center","background-size":"auto","background-attachment":"scroll","background-type":"","background-media":"","overlay-type":"","overlay-color":"","overlay-opacity":"","overlay-gradient":""},"mobile":{"background-color":"","background-image":"","background-repeat":"repeat","background-position":"center center","background-size":"auto","background-attachment":"scroll","background-type":"","background-media":"","overlay-type":"","overlay-color":"","overlay-opacity":"","overlay-gradient":""}},"ast-content-background-meta":{"desktop":{"background-color":"var(--ast-global-color-4)","background-image":"","background-repeat":"repeat","background-position":"center center","background-size":"auto","background-attachment":"scroll","background-type":"","background-media":"","overlay-type":"","overlay-color":"","overlay-opacity":"","overlay-gradient":""},"tablet":{"background-color":"var(--ast-global-color-4)","background-image":"","background-repeat":"repeat","background-position":"center center","background-size":"auto","background-attachment":"scroll","background-type":"","background-media":"","overlay-type":"","overlay-color":"","overlay-opacity":"","overlay-gradient":""},"mobile":{"background-color":"var(--ast-global-color-4)","background-image":"","background-repeat":"repeat","background-position":"center center","background-size":"auto","background-attachment":"scroll","background-type":"","background-media":"","overlay-type":"","overlay-color":"","overlay-opacity":"","overlay-gradient":""}},"footnotes":""},"class_list":["post-6382","page","type-page","status-publish","hentry"],"yoast_head":"<!-- This site is optimized with the Yoast SEO plugin v27.4 - https:\/\/yoast.com\/product\/yoast-seo-wordpress\/ -->\n<title>5G - Informations - Elektrosmog-Schutz Onlineshop<\/title>\n<meta name=\"robots\" content=\"index, follow, max-snippet:-1, max-image-preview:large, max-video-preview:-1\" \/>\n<link rel=\"canonical\" href=\"https:\/\/ecologa-europe.com\/shop\/5g-informations\/\" \/>\n<meta property=\"og:locale\" content=\"de_DE\" \/>\n<meta property=\"og:type\" content=\"article\" \/>\n<meta property=\"og:title\" content=\"5G - Informations - Elektrosmog-Schutz Onlineshop\" \/>\n<meta property=\"og:description\" content=\"5G &#8211; Informations Le spectre de fr\u00e9quences de la 5G s\u2019\u00e9tend-il r\u00e9ellement jusqu\u2019\u00e0 100 GHz ? Le consortium responsable de [&hellip;]\" \/>\n<meta property=\"og:url\" content=\"https:\/\/ecologa-europe.com\/shop\/5g-informations\/?lang=fr\" \/>\n<meta property=\"og:site_name\" content=\"Elektrosmog-Schutz Onlineshop\" \/>\n<meta property=\"article:publisher\" content=\"https:\/\/www.facebook.com\/Ecologa-Europe-GmbH-1604744566252298\/\" \/>\n<meta property=\"article:modified_time\" content=\"2025-05-15T14:08:51+00:00\" \/>\n<meta name=\"twitter:card\" content=\"summary_large_image\" \/>\n<meta name=\"twitter:label1\" content=\"Gesch\u00e4tzte Lesezeit\" \/>\n\t<meta name=\"twitter:data1\" content=\"6\u00a0Minuten\" \/>\n<script type=\"application\/ld+json\" class=\"yoast-schema-graph\">{\"@context\":\"https:\\\/\\\/schema.org\",\"@graph\":[{\"@type\":\"WebPage\",\"@id\":\"https:\\\/\\\/ecologa-europe.com\\\/shop\\\/5g-informations\\\/?lang=fr\",\"url\":\"https:\\\/\\\/ecologa-europe.com\\\/shop\\\/5g-informations\\\/?lang=fr\",\"name\":\"5G - Informations - Elektrosmog-Schutz Onlineshop\",\"isPartOf\":{\"@id\":\"https:\\\/\\\/ecologa-europe.com\\\/shop\\\/#website\"},\"datePublished\":\"2025-05-05T13:01:07+00:00\",\"dateModified\":\"2025-05-15T14:08:51+00:00\",\"breadcrumb\":{\"@id\":\"https:\\\/\\\/ecologa-europe.com\\\/shop\\\/5g-informations\\\/?lang=fr#breadcrumb\"},\"inLanguage\":\"de\",\"potentialAction\":[{\"@type\":\"ReadAction\",\"target\":[\"https:\\\/\\\/ecologa-europe.com\\\/shop\\\/5g-informations\\\/?lang=fr\"]}]},{\"@type\":\"BreadcrumbList\",\"@id\":\"https:\\\/\\\/ecologa-europe.com\\\/shop\\\/5g-informations\\\/?lang=fr#breadcrumb\",\"itemListElement\":[{\"@type\":\"ListItem\",\"position\":1,\"name\":\"Startseite\",\"item\":\"https:\\\/\\\/ecologa-europe.com\\\/shop\\\/\"},{\"@type\":\"ListItem\",\"position\":2,\"name\":\"5G &#8211; Informations\"}]},{\"@type\":\"WebSite\",\"@id\":\"https:\\\/\\\/ecologa-europe.com\\\/shop\\\/#website\",\"url\":\"https:\\\/\\\/ecologa-europe.com\\\/shop\\\/\",\"name\":\"Elektrosmog-Schutz Onlineshop\",\"description\":\"Ecologa Europe\",\"publisher\":{\"@id\":\"https:\\\/\\\/ecologa-europe.com\\\/shop\\\/#organization\"},\"potentialAction\":[{\"@type\":\"SearchAction\",\"target\":{\"@type\":\"EntryPoint\",\"urlTemplate\":\"https:\\\/\\\/ecologa-europe.com\\\/shop\\\/?s={search_term_string}\"},\"query-input\":{\"@type\":\"PropertyValueSpecification\",\"valueRequired\":true,\"valueName\":\"search_term_string\"}}],\"inLanguage\":\"de\"},{\"@type\":\"Organization\",\"@id\":\"https:\\\/\\\/ecologa-europe.com\\\/shop\\\/#organization\",\"name\":\"Elektrosmog-Schutz Onlineshop\",\"url\":\"https:\\\/\\\/ecologa-europe.com\\\/shop\\\/\",\"logo\":{\"@type\":\"ImageObject\",\"inLanguage\":\"de\",\"@id\":\"https:\\\/\\\/ecologa-europe.com\\\/shop\\\/#\\\/schema\\\/logo\\\/image\\\/\",\"url\":\"https:\\\/\\\/ecologa-europe.com\\\/shop\\\/wp-content\\\/uploads\\\/2025\\\/04\\\/vertical-navbar-logo.svg\",\"contentUrl\":\"https:\\\/\\\/ecologa-europe.com\\\/shop\\\/wp-content\\\/uploads\\\/2025\\\/04\\\/vertical-navbar-logo.svg\",\"width\":182,\"height\":70,\"caption\":\"Elektrosmog-Schutz Onlineshop\"},\"image\":{\"@id\":\"https:\\\/\\\/ecologa-europe.com\\\/shop\\\/#\\\/schema\\\/logo\\\/image\\\/\"},\"sameAs\":[\"https:\\\/\\\/www.facebook.com\\\/Ecologa-Europe-GmbH-1604744566252298\\\/\",\"https:\\\/\\\/www.instagram.com\\\/ecologaeurope\\\/\"]}]}<\/script>\n<!-- \/ Yoast SEO plugin. -->","yoast_head_json":{"title":"5G - Informations - Elektrosmog-Schutz Onlineshop","robots":{"index":"index","follow":"follow","max-snippet":"max-snippet:-1","max-image-preview":"max-image-preview:large","max-video-preview":"max-video-preview:-1"},"canonical":"https:\/\/ecologa-europe.com\/shop\/5g-informations\/","og_locale":"de_DE","og_type":"article","og_title":"5G - Informations - Elektrosmog-Schutz Onlineshop","og_description":"5G &#8211; Informations Le spectre de fr\u00e9quences de la 5G s\u2019\u00e9tend-il r\u00e9ellement jusqu\u2019\u00e0 100 GHz ? Le consortium responsable de [&hellip;]","og_url":"https:\/\/ecologa-europe.com\/shop\/5g-informations\/?lang=fr","og_site_name":"Elektrosmog-Schutz Onlineshop","article_publisher":"https:\/\/www.facebook.com\/Ecologa-Europe-GmbH-1604744566252298\/","article_modified_time":"2025-05-15T14:08:51+00:00","twitter_card":"summary_large_image","twitter_misc":{"Gesch\u00e4tzte Lesezeit":"6\u00a0Minuten"},"schema":{"@context":"https:\/\/schema.org","@graph":[{"@type":"WebPage","@id":"https:\/\/ecologa-europe.com\/shop\/5g-informations\/?lang=fr","url":"https:\/\/ecologa-europe.com\/shop\/5g-informations\/?lang=fr","name":"5G - Informations - Elektrosmog-Schutz Onlineshop","isPartOf":{"@id":"https:\/\/ecologa-europe.com\/shop\/#website"},"datePublished":"2025-05-05T13:01:07+00:00","dateModified":"2025-05-15T14:08:51+00:00","breadcrumb":{"@id":"https:\/\/ecologa-europe.com\/shop\/5g-informations\/?lang=fr#breadcrumb"},"inLanguage":"de","potentialAction":[{"@type":"ReadAction","target":["https:\/\/ecologa-europe.com\/shop\/5g-informations\/?lang=fr"]}]},{"@type":"BreadcrumbList","@id":"https:\/\/ecologa-europe.com\/shop\/5g-informations\/?lang=fr#breadcrumb","itemListElement":[{"@type":"ListItem","position":1,"name":"Startseite","item":"https:\/\/ecologa-europe.com\/shop\/"},{"@type":"ListItem","position":2,"name":"5G &#8211; Informations"}]},{"@type":"WebSite","@id":"https:\/\/ecologa-europe.com\/shop\/#website","url":"https:\/\/ecologa-europe.com\/shop\/","name":"Elektrosmog-Schutz Onlineshop","description":"Ecologa Europe","publisher":{"@id":"https:\/\/ecologa-europe.com\/shop\/#organization"},"potentialAction":[{"@type":"SearchAction","target":{"@type":"EntryPoint","urlTemplate":"https:\/\/ecologa-europe.com\/shop\/?s={search_term_string}"},"query-input":{"@type":"PropertyValueSpecification","valueRequired":true,"valueName":"search_term_string"}}],"inLanguage":"de"},{"@type":"Organization","@id":"https:\/\/ecologa-europe.com\/shop\/#organization","name":"Elektrosmog-Schutz Onlineshop","url":"https:\/\/ecologa-europe.com\/shop\/","logo":{"@type":"ImageObject","inLanguage":"de","@id":"https:\/\/ecologa-europe.com\/shop\/#\/schema\/logo\/image\/","url":"https:\/\/ecologa-europe.com\/shop\/wp-content\/uploads\/2025\/04\/vertical-navbar-logo.svg","contentUrl":"https:\/\/ecologa-europe.com\/shop\/wp-content\/uploads\/2025\/04\/vertical-navbar-logo.svg","width":182,"height":70,"caption":"Elektrosmog-Schutz Onlineshop"},"image":{"@id":"https:\/\/ecologa-europe.com\/shop\/#\/schema\/logo\/image\/"},"sameAs":["https:\/\/www.facebook.com\/Ecologa-Europe-GmbH-1604744566252298\/","https:\/\/www.instagram.com\/ecologaeurope\/"]}]}},"_links":{"self":[{"href":"https:\/\/ecologa-europe.com\/shop\/wp-json\/wp\/v2\/pages\/6382","targetHints":{"allow":["GET"]}}],"collection":[{"href":"https:\/\/ecologa-europe.com\/shop\/wp-json\/wp\/v2\/pages"}],"about":[{"href":"https:\/\/ecologa-europe.com\/shop\/wp-json\/wp\/v2\/types\/page"}],"author":[{"embeddable":true,"href":"https:\/\/ecologa-europe.com\/shop\/wp-json\/wp\/v2\/users\/2"}],"replies":[{"embeddable":true,"href":"https:\/\/ecologa-europe.com\/shop\/wp-json\/wp\/v2\/comments?post=6382"}],"version-history":[{"count":1,"href":"https:\/\/ecologa-europe.com\/shop\/wp-json\/wp\/v2\/pages\/6382\/revisions"}],"predecessor-version":[{"id":6383,"href":"https:\/\/ecologa-europe.com\/shop\/wp-json\/wp\/v2\/pages\/6382\/revisions\/6383"}],"wp:attachment":[{"href":"https:\/\/ecologa-europe.com\/shop\/wp-json\/wp\/v2\/media?parent=6382"}],"curies":[{"name":"wp","href":"https:\/\/api.w.org\/{rel}","templated":true}]}}