{"id":6390,"date":"2025-05-08T09:04:22","date_gmt":"2025-05-08T09:04:22","guid":{"rendered":"https:\/\/639.pm-domains.de\/informations-sur-lelimination-des-piles\/"},"modified":"2025-05-16T07:48:07","modified_gmt":"2025-05-16T07:48:07","slug":"informations-sur-lelimination-des-piles","status":"publish","type":"page","link":"https:\/\/ecologa-europe.com\/shop\/informations-sur-lelimination-des-piles\/?lang=fr","title":{"rendered":"Informations sur l&#8217;\u00e9limination des piles"},"content":{"rendered":"\t\t<div data-elementor-type=\"wp-page\" data-elementor-id=\"6390\" class=\"elementor elementor-6390 elementor-5894\" data-elementor-post-type=\"page\">\n\t\t\t\t<div class=\"elementor-element elementor-element-2956eb8e e-flex e-con-boxed e-con e-parent\" data-id=\"2956eb8e\" data-element_type=\"container\" data-e-type=\"container\" data-settings=\"{&quot;jet_parallax_layout_list&quot;:[]}\">\n\t\t\t\t\t<div class=\"e-con-inner\">\n\t\t<div class=\"elementor-element elementor-element-1c32c4fa e-con-full e-flex e-con e-child\" data-id=\"1c32c4fa\" data-element_type=\"container\" data-e-type=\"container\" data-settings=\"{&quot;jet_parallax_layout_list&quot;:[]}\">\n\t\t\t\t<div class=\"elementor-element elementor-element-72b3fcab elementor-widget elementor-widget-heading\" data-id=\"72b3fcab\" data-element_type=\"widget\" data-e-type=\"widget\" data-widget_type=\"heading.default\">\n\t\t\t\t<div class=\"elementor-widget-container\">\n\t\t\t\t\t<h1 class=\"elementor-heading-title elementor-size-default\">Informations sur l'\u00e9limination des piles<\/h1>\t\t\t\t<\/div>\n\t\t\t\t<\/div>\n\t\t\t\t<div class=\"elementor-element elementor-element-7370dd1d elementor-widget elementor-widget-heading\" data-id=\"7370dd1d\" data-element_type=\"widget\" data-e-type=\"widget\" data-widget_type=\"heading.default\">\n\t\t\t\t<div class=\"elementor-widget-container\">\n\t\t\t\t\t<h2 class=\"elementor-heading-title elementor-size-default\">Remarque sur l'\u00e9limination des piles usag\u00e9es<\/h2>\t\t\t\t<\/div>\n\t\t\t\t<\/div>\n\t\t\t\t<div class=\"elementor-element elementor-element-4ee790f5 elementor-widget elementor-widget-heading\" data-id=\"4ee790f5\" data-element_type=\"widget\" data-e-type=\"widget\" data-widget_type=\"heading.default\">\n\t\t\t\t<div class=\"elementor-widget-container\">\n\t\t\t\t\t<h3 class=\"elementor-heading-title elementor-size-default\">L'avis suivant concerne les utilisateurs finaux qui utilisent des piles ou des produits avec des piles int\u00e9gr\u00e9es : Reprise gratuite des piles usag\u00e9es Les piles ne doivent pas \u00eatre jet\u00e9es avec les ordures m\u00e9nag\u00e8res. Vous \u00eates l\u00e9galement tenu de rapporter les piles usag\u00e9es afin de garantir une \u00e9limination appropri\u00e9e.<\/h3>\t\t\t\t<\/div>\n\t\t\t\t<\/div>\n\t\t\t\t<div class=\"elementor-element elementor-element-23a23842 elementor-widget elementor-widget-text-editor\" data-id=\"23a23842\" data-element_type=\"widget\" data-e-type=\"widget\" data-widget_type=\"text-editor.default\">\n\t\t\t\t<div class=\"elementor-widget-container\">\n\t\t\t\t\t\t\t\t\t<p class=\"PreformattedText\"><span lang=\"EN-US\">Vous pouvez remettre les piles usag\u00e9es \u00e0 un point de collecte communal ou dans le commerce local. En tant que distributeur de piles, nous sommes \u00e9galement tenus de reprendre les piles usag\u00e9es, notre obligation de reprise se limitant toutefois aux piles usag\u00e9es du type que nous avons ou avons eu dans notre propre assortiment en tant que piles neuves.   <\/span><\/p><p class=\"PreformattedText\"><span lang=\"EN-US\">Vous pouvez donc soit nous retourner les anciennes batteries du type susmentionn\u00e9 avec un affranchissement suffisant, soit les d\u00e9poser gratuitement directement \u00e0 notre entrep\u00f4t d&#8217;exp\u00e9dition \u00e0 l&#8217;adresse suivante:<\/span><\/p><p class=\"PreformattedText\"><strong><span lang=\"EN-US\">Ecologa Europe GmbH \/ Patricia B\u00f6s<br><\/span><\/strong><span lang=\"EN-US\">Ziegelh\u00fcttenstr. 11 11<br><\/span><span lang=\"EN-US\">63768 H\u00f6sbach<\/span><\/p>\t\t\t\t\t\t\t\t<\/div>\n\t\t\t\t<\/div>\n\t\t\t\t<div class=\"elementor-element elementor-element-89851e3 elementor-widget elementor-widget-heading\" data-id=\"89851e3\" data-element_type=\"widget\" data-e-type=\"widget\" data-widget_type=\"heading.default\">\n\t\t\t\t<div class=\"elementor-widget-container\">\n\t\t\t\t\t<h3 class=\"elementor-heading-title elementor-size-default\">Signification des symboles de batterie<\/h3>\t\t\t\t<\/div>\n\t\t\t\t<\/div>\n\t\t\t\t<div class=\"elementor-element elementor-element-62aa4598 elementor-widget elementor-widget-text-editor\" data-id=\"62aa4598\" data-element_type=\"widget\" data-e-type=\"widget\" data-widget_type=\"text-editor.default\">\n\t\t\t\t<div class=\"elementor-widget-container\">\n\t\t\t\t\t\t\t\t\t<p class=\"PreformattedText\"><span lang=\"EN-US\">Les piles sont marqu\u00e9es du symbole d\u2019une poubelle barr\u00e9e.  <\/span><span lang=\"EN-US\">Ce symbole indique que les piles ne doivent pas \u00eatre jet\u00e9es avec les ordures m\u00e9nag\u00e8res.  <\/span><span lang=\"EN-US\">Pour les piles qui contiennent plus de 0,0005 % de mercure en masse, plus de 0,002 % de cadmium en masse ou plus de 0,004 % de plomb en masse, le nom chimique du polluant utilis\u00e9 se trouve sous le symbole de la poubelle &#8211;<\/span><span lang=\"EN-US\"> o\u00f9 \u00ab Cd \u00bb signifie cadmium, \u00ab Pb \u00bb signifie plomb et \u00ab Hg \u00bb signifie mercure.<\/span><\/p>\t\t\t\t\t\t\t\t<\/div>\n\t\t\t\t<\/div>\n\t\t\t\t<div class=\"elementor-element elementor-element-0f72945 elementor-widget elementor-widget-heading\" data-id=\"0f72945\" data-element_type=\"widget\" data-e-type=\"widget\" data-widget_type=\"heading.default\">\n\t\t\t\t<div class=\"elementor-widget-container\">\n\t\t\t\t\t<h3 class=\"elementor-heading-title elementor-size-default\">Informations sur les \u00e9quipements \u00e9lectriques et \u00e9lectroniques<\/h3>\t\t\t\t<\/div>\n\t\t\t\t<\/div>\n\t\t\t\t<div class=\"elementor-element elementor-element-ee5ff57 elementor-widget elementor-widget-text-editor\" data-id=\"ee5ff57\" data-element_type=\"widget\" data-e-type=\"widget\" data-widget_type=\"text-editor.default\">\n\t\t\t\t<div class=\"elementor-widget-container\">\n\t\t\t\t\t\t\t\t\t<p class=\"PreformattedText\"><span lang=\"EN-US\">Vous trouverez ci-dessous des informations destin\u00e9es aux m\u00e9nages priv\u00e9s qui utilisent des appareils \u00e9lectriques et\/ou \u00e9lectroniques:<\/span><\/p><p class=\"PreformattedText\"><strong><span lang=\"EN-US\">1. Informations sur l&#8217;\u00e9limination des \u00e9quipements \u00e9lectriques et \u00e9lectroniques et signification du symbole dans l&#8217;annexe<\/span><\/strong><\/p><p class=\"PreformattedText\"><span lang=\"EN-US\">Les appareils usag\u00e9s doivent \u00eatre collect\u00e9s s\u00e9par\u00e9ment des d\u00e9chets municipaux non tri\u00e9s. <\/span><span lang=\"EN-US\">En particulier, ces appareils ne doivent pas \u00eatre jet\u00e9s avec les ordures m\u00e9nag\u00e8res.   <\/span><span lang=\"EN-US\">Les appareils \u00e9lectriques (anciens) doivent \u00eatre collect\u00e9s et peuvent \u00eatre \u00e9limin\u00e9s via le syst\u00e8me de collecte local.<\/span><\/p><p class=\"PreformattedText\"><span lang=\"EN-US\">Les piles et accumulateurs usag\u00e9s qui ne sont pas inclus dans l&#8217;ancien appareil ainsi que les lampes qui peuvent \u00eatre retir\u00e9es intactes de <\/span><span lang=\"EN-US\">l&#8217;ancien appareil doivent \u00eatre s\u00e9par\u00e9s des anciens appareils avant d&#8217;\u00eatre d\u00e9pos\u00e9s dans un point de collecte, \u00e0 moins que les anciens appareils ne soient s\u00e9par\u00e9s des autres anciens<\/span> <span lang=\"EN-US\">appareils par les autorit\u00e9s publiques d&#8217;\u00e9limination des d\u00e9chets conform\u00e9ment \u00e0 l&#8217;article 14, paragraphe 4,<\/span> <span lang=\"EN-US\">phrase 4 ou au paragraphe 5, phrases 2 et 3 de l&#8217;ElektroG en vue de leur pr\u00e9paration \u00e0 la r\u00e9utilisation.<\/span><\/p><p class=\"PreformattedText\"><span lang=\"EN-US\">Le symbole selon l&#8217;annexe 3 de l&#8217;ElektroG (une poubelle \u00e0 roulettes barr\u00e9e)<\/span><span lang=\"EN-US\"> identifie les \u00e9quipements usag\u00e9s qui ne peuvent pas \u00eatre \u00e9limin\u00e9s avec les d\u00e9chets municipaux non tri\u00e9s \u00e0 la fin de leur dur\u00e9e de vie:<\/span><\/p>\t\t\t\t\t\t\t\t<\/div>\n\t\t\t\t<\/div>\n\t\t\t\t<div class=\"elementor-element elementor-element-5295536 elementor-widget elementor-widget-image\" data-id=\"5295536\" data-element_type=\"widget\" data-e-type=\"widget\" data-widget_type=\"image.default\">\n\t\t\t\t<div class=\"elementor-widget-container\">\n\t\t\t\t\t\t\t\t\t\t\t\t\t\t\t<img fetchpriority=\"high\" decoding=\"async\" width=\"378\" height=\"415\" src=\"https:\/\/ecologa-europe.com\/shop\/wp-content\/uploads\/2025\/05\/Screenshot-2025-05-08-153903.jpg\" class=\"attachment-large size-large wp-image-5993\" alt=\"\" srcset=\"https:\/\/ecologa-europe.com\/shop\/wp-content\/uploads\/2025\/05\/Screenshot-2025-05-08-153903.jpg 378w, https:\/\/ecologa-europe.com\/shop\/wp-content\/uploads\/2025\/05\/Screenshot-2025-05-08-153903-273x300.jpg 273w\" sizes=\"(max-width: 378px) 100vw, 378px\" \/>\t\t\t\t\t\t\t\t\t\t\t\t\t\t\t<\/div>\n\t\t\t\t<\/div>\n\t\t\t\t<\/div>\n\t\t\t\t\t<\/div>\n\t\t\t\t<\/div>\n\t\t<div class=\"elementor-element elementor-element-1d9f95a1 e-flex e-con-boxed e-con e-parent\" data-id=\"1d9f95a1\" data-element_type=\"container\" data-e-type=\"container\" data-settings=\"{&quot;jet_parallax_layout_list&quot;:[]}\">\n\t\t\t\t\t<div class=\"e-con-inner\">\n\t\t\t\t<div class=\"elementor-element elementor-element-1637ee95 elementor-widget elementor-widget-spacer\" data-id=\"1637ee95\" data-element_type=\"widget\" data-e-type=\"widget\" data-widget_type=\"spacer.default\">\n\t\t\t\t<div class=\"elementor-widget-container\">\n\t\t\t\t\t\t\t<div class=\"elementor-spacer\">\n\t\t\t<div class=\"elementor-spacer-inner\"><\/div>\n\t\t<\/div>\n\t\t\t\t\t\t<\/div>\n\t\t\t\t<\/div>\n\t\t\t\t\t<\/div>\n\t\t\t\t<\/div>\n\t\t\t\t<\/div>\n\t\t","protected":false},"excerpt":{"rendered":"<p>Informations sur l&#8217;\u00e9limination des piles Remarque sur l&#8217;\u00e9limination des piles usag\u00e9es L&#8217;avis suivant concerne les utilisateurs finaux qui utilisent des [&hellip;]<\/p>\n","protected":false},"author":2,"featured_media":0,"parent":0,"menu_order":0,"comment_status":"closed","ping_status":"closed","template":"","meta":{"inline_featured_image":false,"site-sidebar-layout":"no-sidebar","site-content-layout":"","ast-site-content-layout":"full-width-container","site-content-style":"default","site-sidebar-style":"default","ast-global-header-display":"","ast-banner-title-visibility":"","ast-main-header-display":"","ast-hfb-above-header-display":"","ast-hfb-below-header-display":"","ast-hfb-mobile-header-display":"","site-post-title":"disabled","ast-breadcrumbs-content":"","ast-featured-img":"disabled","footer-sml-layout":"","ast-disable-related-posts":"","theme-transparent-header-meta":"","adv-header-id-meta":"","stick-header-meta":"","header-above-stick-meta":"","header-main-stick-meta":"","header-below-stick-meta":"","astra-migrate-meta-layouts":"default","ast-page-background-enabled":"default","ast-page-background-meta":{"desktop":{"background-color":"var(--ast-global-color-5)","background-image":"","background-repeat":"repeat","background-position":"center center","background-size":"auto","background-attachment":"scroll","background-type":"","background-media":"","overlay-type":"","overlay-color":"","overlay-opacity":"","overlay-gradient":""},"tablet":{"background-color":"","background-image":"","background-repeat":"repeat","background-position":"center center","background-size":"auto","background-attachment":"scroll","background-type":"","background-media":"","overlay-type":"","overlay-color":"","overlay-opacity":"","overlay-gradient":""},"mobile":{"background-color":"","background-image":"","background-repeat":"repeat","background-position":"center center","background-size":"auto","background-attachment":"scroll","background-type":"","background-media":"","overlay-type":"","overlay-color":"","overlay-opacity":"","overlay-gradient":""}},"ast-content-background-meta":{"desktop":{"background-color":"var(--ast-global-color-4)","background-image":"","background-repeat":"repeat","background-position":"center center","background-size":"auto","background-attachment":"scroll","background-type":"","background-media":"","overlay-type":"","overlay-color":"","overlay-opacity":"","overlay-gradient":""},"tablet":{"background-color":"var(--ast-global-color-4)","background-image":"","background-repeat":"repeat","background-position":"center center","background-size":"auto","background-attachment":"scroll","background-type":"","background-media":"","overlay-type":"","overlay-color":"","overlay-opacity":"","overlay-gradient":""},"mobile":{"background-color":"var(--ast-global-color-4)","background-image":"","background-repeat":"repeat","background-position":"center center","background-size":"auto","background-attachment":"scroll","background-type":"","background-media":"","overlay-type":"","overlay-color":"","overlay-opacity":"","overlay-gradient":""}},"footnotes":""},"class_list":["post-6390","page","type-page","status-publish","hentry"],"yoast_head":"<!-- This site is optimized with the Yoast SEO plugin v27.4 - https:\/\/yoast.com\/product\/yoast-seo-wordpress\/ -->\n<title>\u00c9limination et recyclage des batteries | Ecologa Europe<\/title>\n<meta name=\"description\" content=\"Informations sur l&#039;\u00e9limination appropri\u00e9e des batteries chez Ecologa Europe \u2013 retour, recyclage et informations juridiques pour les utilisateurs finaux.\" \/>\n<meta name=\"robots\" content=\"index, follow, max-snippet:-1, max-image-preview:large, max-video-preview:-1\" \/>\n<link rel=\"canonical\" href=\"https:\/\/ecologa-europe.com\/shop\/informations-sur-lelimination-des-piles\/\" \/>\n<meta property=\"og:locale\" content=\"de_DE\" \/>\n<meta property=\"og:type\" content=\"article\" \/>\n<meta property=\"og:title\" content=\"\u00c9limination et recyclage des batteries | Ecologa Europe\" \/>\n<meta property=\"og:description\" content=\"Informations sur l&#039;\u00e9limination appropri\u00e9e des batteries chez Ecologa Europe \u2013 retour, recyclage et informations juridiques pour les utilisateurs finaux.\" \/>\n<meta property=\"og:url\" content=\"https:\/\/ecologa-europe.com\/shop\/informations-sur-lelimination-des-piles\/?lang=fr\" \/>\n<meta property=\"og:site_name\" content=\"Elektrosmog-Schutz Onlineshop\" \/>\n<meta property=\"article:publisher\" content=\"https:\/\/www.facebook.com\/Ecologa-Europe-GmbH-1604744566252298\/\" \/>\n<meta property=\"article:modified_time\" content=\"2025-05-16T07:48:07+00:00\" \/>\n<meta property=\"og:image\" content=\"https:\/\/ecologa-europe.com\/shop\/wp-content\/uploads\/2025\/05\/Screenshot-2025-05-08-153903.jpg\" \/>\n<meta name=\"twitter:card\" content=\"summary_large_image\" \/>\n<meta name=\"twitter:label1\" content=\"Gesch\u00e4tzte Lesezeit\" \/>\n\t<meta name=\"twitter:data1\" content=\"2\u00a0Minuten\" \/>\n<script type=\"application\/ld+json\" class=\"yoast-schema-graph\">{\"@context\":\"https:\\\/\\\/schema.org\",\"@graph\":[{\"@type\":\"WebPage\",\"@id\":\"https:\\\/\\\/ecologa-europe.com\\\/shop\\\/informations-sur-lelimination-des-piles\\\/?lang=fr\",\"url\":\"https:\\\/\\\/ecologa-europe.com\\\/shop\\\/informations-sur-lelimination-des-piles\\\/?lang=fr\",\"name\":\"\u00c9limination et recyclage des batteries | Ecologa Europe\",\"isPartOf\":{\"@id\":\"https:\\\/\\\/ecologa-europe.com\\\/shop\\\/#website\"},\"primaryImageOfPage\":{\"@id\":\"https:\\\/\\\/ecologa-europe.com\\\/shop\\\/informations-sur-lelimination-des-piles\\\/?lang=fr#primaryimage\"},\"image\":{\"@id\":\"https:\\\/\\\/ecologa-europe.com\\\/shop\\\/informations-sur-lelimination-des-piles\\\/?lang=fr#primaryimage\"},\"thumbnailUrl\":\"https:\\\/\\\/ecologa-europe.com\\\/shop\\\/wp-content\\\/uploads\\\/2025\\\/05\\\/Screenshot-2025-05-08-153903.jpg\",\"datePublished\":\"2025-05-08T09:04:22+00:00\",\"dateModified\":\"2025-05-16T07:48:07+00:00\",\"description\":\"Informations sur l'\u00e9limination appropri\u00e9e des batteries chez Ecologa Europe \u2013 retour, recyclage et informations juridiques pour les utilisateurs finaux.\",\"breadcrumb\":{\"@id\":\"https:\\\/\\\/ecologa-europe.com\\\/shop\\\/informations-sur-lelimination-des-piles\\\/?lang=fr#breadcrumb\"},\"inLanguage\":\"de\",\"potentialAction\":[{\"@type\":\"ReadAction\",\"target\":[\"https:\\\/\\\/ecologa-europe.com\\\/shop\\\/informations-sur-lelimination-des-piles\\\/?lang=fr\"]}]},{\"@type\":\"ImageObject\",\"inLanguage\":\"de\",\"@id\":\"https:\\\/\\\/ecologa-europe.com\\\/shop\\\/informations-sur-lelimination-des-piles\\\/?lang=fr#primaryimage\",\"url\":\"https:\\\/\\\/ecologa-europe.com\\\/shop\\\/wp-content\\\/uploads\\\/2025\\\/05\\\/Screenshot-2025-05-08-153903.jpg\",\"contentUrl\":\"https:\\\/\\\/ecologa-europe.com\\\/shop\\\/wp-content\\\/uploads\\\/2025\\\/05\\\/Screenshot-2025-05-08-153903.jpg\",\"width\":378,\"height\":415},{\"@type\":\"BreadcrumbList\",\"@id\":\"https:\\\/\\\/ecologa-europe.com\\\/shop\\\/informations-sur-lelimination-des-piles\\\/?lang=fr#breadcrumb\",\"itemListElement\":[{\"@type\":\"ListItem\",\"position\":1,\"name\":\"Startseite\",\"item\":\"https:\\\/\\\/ecologa-europe.com\\\/shop\\\/\"},{\"@type\":\"ListItem\",\"position\":2,\"name\":\"Informations sur l&rsquo;\u00e9limination des piles\"}]},{\"@type\":\"WebSite\",\"@id\":\"https:\\\/\\\/ecologa-europe.com\\\/shop\\\/#website\",\"url\":\"https:\\\/\\\/ecologa-europe.com\\\/shop\\\/\",\"name\":\"Elektrosmog-Schutz Onlineshop\",\"description\":\"Ecologa Europe\",\"publisher\":{\"@id\":\"https:\\\/\\\/ecologa-europe.com\\\/shop\\\/#organization\"},\"potentialAction\":[{\"@type\":\"SearchAction\",\"target\":{\"@type\":\"EntryPoint\",\"urlTemplate\":\"https:\\\/\\\/ecologa-europe.com\\\/shop\\\/?s={search_term_string}\"},\"query-input\":{\"@type\":\"PropertyValueSpecification\",\"valueRequired\":true,\"valueName\":\"search_term_string\"}}],\"inLanguage\":\"de\"},{\"@type\":\"Organization\",\"@id\":\"https:\\\/\\\/ecologa-europe.com\\\/shop\\\/#organization\",\"name\":\"Elektrosmog-Schutz Onlineshop\",\"url\":\"https:\\\/\\\/ecologa-europe.com\\\/shop\\\/\",\"logo\":{\"@type\":\"ImageObject\",\"inLanguage\":\"de\",\"@id\":\"https:\\\/\\\/ecologa-europe.com\\\/shop\\\/#\\\/schema\\\/logo\\\/image\\\/\",\"url\":\"https:\\\/\\\/ecologa-europe.com\\\/shop\\\/wp-content\\\/uploads\\\/2025\\\/04\\\/vertical-navbar-logo.svg\",\"contentUrl\":\"https:\\\/\\\/ecologa-europe.com\\\/shop\\\/wp-content\\\/uploads\\\/2025\\\/04\\\/vertical-navbar-logo.svg\",\"width\":182,\"height\":70,\"caption\":\"Elektrosmog-Schutz Onlineshop\"},\"image\":{\"@id\":\"https:\\\/\\\/ecologa-europe.com\\\/shop\\\/#\\\/schema\\\/logo\\\/image\\\/\"},\"sameAs\":[\"https:\\\/\\\/www.facebook.com\\\/Ecologa-Europe-GmbH-1604744566252298\\\/\",\"https:\\\/\\\/www.instagram.com\\\/ecologaeurope\\\/\"]}]}<\/script>\n<!-- \/ Yoast SEO plugin. -->","yoast_head_json":{"title":"\u00c9limination et recyclage des batteries | Ecologa Europe","description":"Informations sur l'\u00e9limination appropri\u00e9e des batteries chez Ecologa Europe \u2013 retour, recyclage et informations juridiques pour les utilisateurs finaux.","robots":{"index":"index","follow":"follow","max-snippet":"max-snippet:-1","max-image-preview":"max-image-preview:large","max-video-preview":"max-video-preview:-1"},"canonical":"https:\/\/ecologa-europe.com\/shop\/informations-sur-lelimination-des-piles\/","og_locale":"de_DE","og_type":"article","og_title":"\u00c9limination et recyclage des batteries | Ecologa Europe","og_description":"Informations sur l'\u00e9limination appropri\u00e9e des batteries chez Ecologa Europe \u2013 retour, recyclage et informations juridiques pour les utilisateurs finaux.","og_url":"https:\/\/ecologa-europe.com\/shop\/informations-sur-lelimination-des-piles\/?lang=fr","og_site_name":"Elektrosmog-Schutz Onlineshop","article_publisher":"https:\/\/www.facebook.com\/Ecologa-Europe-GmbH-1604744566252298\/","article_modified_time":"2025-05-16T07:48:07+00:00","og_image":[{"url":"https:\/\/ecologa-europe.com\/shop\/wp-content\/uploads\/2025\/05\/Screenshot-2025-05-08-153903.jpg","type":"","width":"","height":""}],"twitter_card":"summary_large_image","twitter_misc":{"Gesch\u00e4tzte Lesezeit":"2\u00a0Minuten"},"schema":{"@context":"https:\/\/schema.org","@graph":[{"@type":"WebPage","@id":"https:\/\/ecologa-europe.com\/shop\/informations-sur-lelimination-des-piles\/?lang=fr","url":"https:\/\/ecologa-europe.com\/shop\/informations-sur-lelimination-des-piles\/?lang=fr","name":"\u00c9limination et recyclage des batteries | Ecologa Europe","isPartOf":{"@id":"https:\/\/ecologa-europe.com\/shop\/#website"},"primaryImageOfPage":{"@id":"https:\/\/ecologa-europe.com\/shop\/informations-sur-lelimination-des-piles\/?lang=fr#primaryimage"},"image":{"@id":"https:\/\/ecologa-europe.com\/shop\/informations-sur-lelimination-des-piles\/?lang=fr#primaryimage"},"thumbnailUrl":"https:\/\/ecologa-europe.com\/shop\/wp-content\/uploads\/2025\/05\/Screenshot-2025-05-08-153903.jpg","datePublished":"2025-05-08T09:04:22+00:00","dateModified":"2025-05-16T07:48:07+00:00","description":"Informations sur l'\u00e9limination appropri\u00e9e des batteries chez Ecologa Europe \u2013 retour, recyclage et informations juridiques pour les utilisateurs finaux.","breadcrumb":{"@id":"https:\/\/ecologa-europe.com\/shop\/informations-sur-lelimination-des-piles\/?lang=fr#breadcrumb"},"inLanguage":"de","potentialAction":[{"@type":"ReadAction","target":["https:\/\/ecologa-europe.com\/shop\/informations-sur-lelimination-des-piles\/?lang=fr"]}]},{"@type":"ImageObject","inLanguage":"de","@id":"https:\/\/ecologa-europe.com\/shop\/informations-sur-lelimination-des-piles\/?lang=fr#primaryimage","url":"https:\/\/ecologa-europe.com\/shop\/wp-content\/uploads\/2025\/05\/Screenshot-2025-05-08-153903.jpg","contentUrl":"https:\/\/ecologa-europe.com\/shop\/wp-content\/uploads\/2025\/05\/Screenshot-2025-05-08-153903.jpg","width":378,"height":415},{"@type":"BreadcrumbList","@id":"https:\/\/ecologa-europe.com\/shop\/informations-sur-lelimination-des-piles\/?lang=fr#breadcrumb","itemListElement":[{"@type":"ListItem","position":1,"name":"Startseite","item":"https:\/\/ecologa-europe.com\/shop\/"},{"@type":"ListItem","position":2,"name":"Informations sur l&rsquo;\u00e9limination des piles"}]},{"@type":"WebSite","@id":"https:\/\/ecologa-europe.com\/shop\/#website","url":"https:\/\/ecologa-europe.com\/shop\/","name":"Elektrosmog-Schutz Onlineshop","description":"Ecologa Europe","publisher":{"@id":"https:\/\/ecologa-europe.com\/shop\/#organization"},"potentialAction":[{"@type":"SearchAction","target":{"@type":"EntryPoint","urlTemplate":"https:\/\/ecologa-europe.com\/shop\/?s={search_term_string}"},"query-input":{"@type":"PropertyValueSpecification","valueRequired":true,"valueName":"search_term_string"}}],"inLanguage":"de"},{"@type":"Organization","@id":"https:\/\/ecologa-europe.com\/shop\/#organization","name":"Elektrosmog-Schutz Onlineshop","url":"https:\/\/ecologa-europe.com\/shop\/","logo":{"@type":"ImageObject","inLanguage":"de","@id":"https:\/\/ecologa-europe.com\/shop\/#\/schema\/logo\/image\/","url":"https:\/\/ecologa-europe.com\/shop\/wp-content\/uploads\/2025\/04\/vertical-navbar-logo.svg","contentUrl":"https:\/\/ecologa-europe.com\/shop\/wp-content\/uploads\/2025\/04\/vertical-navbar-logo.svg","width":182,"height":70,"caption":"Elektrosmog-Schutz Onlineshop"},"image":{"@id":"https:\/\/ecologa-europe.com\/shop\/#\/schema\/logo\/image\/"},"sameAs":["https:\/\/www.facebook.com\/Ecologa-Europe-GmbH-1604744566252298\/","https:\/\/www.instagram.com\/ecologaeurope\/"]}]}},"_links":{"self":[{"href":"https:\/\/ecologa-europe.com\/shop\/wp-json\/wp\/v2\/pages\/6390","targetHints":{"allow":["GET"]}}],"collection":[{"href":"https:\/\/ecologa-europe.com\/shop\/wp-json\/wp\/v2\/pages"}],"about":[{"href":"https:\/\/ecologa-europe.com\/shop\/wp-json\/wp\/v2\/types\/page"}],"author":[{"embeddable":true,"href":"https:\/\/ecologa-europe.com\/shop\/wp-json\/wp\/v2\/users\/2"}],"replies":[{"embeddable":true,"href":"https:\/\/ecologa-europe.com\/shop\/wp-json\/wp\/v2\/comments?post=6390"}],"version-history":[{"count":1,"href":"https:\/\/ecologa-europe.com\/shop\/wp-json\/wp\/v2\/pages\/6390\/revisions"}],"predecessor-version":[{"id":6391,"href":"https:\/\/ecologa-europe.com\/shop\/wp-json\/wp\/v2\/pages\/6390\/revisions\/6391"}],"wp:attachment":[{"href":"https:\/\/ecologa-europe.com\/shop\/wp-json\/wp\/v2\/media?parent=6390"}],"curies":[{"name":"wp","href":"https:\/\/api.w.org\/{rel}","templated":true}]}}