{"id":8104,"date":"2025-05-05T13:01:07","date_gmt":"2025-05-05T13:01:07","guid":{"rendered":"https:\/\/639.pm-domains.de\/5g-informazioni\/"},"modified":"2025-05-16T16:10:19","modified_gmt":"2025-05-16T16:10:19","slug":"5g-informazioni","status":"publish","type":"page","link":"https:\/\/ecologa-europe.com\/shop\/5g-informazioni\/?lang=it","title":{"rendered":"5G &#8211; Informazioni"},"content":{"rendered":"\t\t<div data-elementor-type=\"wp-page\" data-elementor-id=\"8104\" class=\"elementor elementor-8104 elementor-5441\" data-elementor-post-type=\"page\">\n\t\t\t\t<div class=\"elementor-element elementor-element-622c47bc e-flex e-con-boxed e-con e-parent\" data-id=\"622c47bc\" data-element_type=\"container\" data-e-type=\"container\" data-settings=\"{&quot;jet_parallax_layout_list&quot;:[]}\">\n\t\t\t\t\t<div class=\"e-con-inner\">\n\t\t<div class=\"elementor-element elementor-element-1b37321 e-con-full e-flex e-con e-child\" data-id=\"1b37321\" data-element_type=\"container\" data-e-type=\"container\" data-settings=\"{&quot;jet_parallax_layout_list&quot;:[]}\">\n\t\t\t\t<div class=\"elementor-element elementor-element-459c8f1c elementor-widget elementor-widget-heading\" data-id=\"459c8f1c\" data-element_type=\"widget\" data-e-type=\"widget\" data-widget_type=\"heading.default\">\n\t\t\t\t<div class=\"elementor-widget-container\">\n\t\t\t\t\t<h1 class=\"elementor-heading-title elementor-size-default\">5G - Informazioni\n\n <\/h1>\t\t\t\t<\/div>\n\t\t\t\t<\/div>\n\t\t\t\t<div class=\"elementor-element elementor-element-30b4029 elementor-widget elementor-widget-heading\" data-id=\"30b4029\" data-element_type=\"widget\" data-e-type=\"widget\" data-widget_type=\"heading.default\">\n\t\t\t\t<div class=\"elementor-widget-container\">\n\t\t\t\t\t<h2 class=\"elementor-heading-title elementor-size-default\"><span lang=\"EN-US\">Lo spettro di frequenza 5G si estende davvero fino a 100 GHz?<\/span><\/h2>\t\t\t\t<\/div>\n\t\t\t\t<\/div>\n\t\t\t\t<div class=\"elementor-element elementor-element-7958d149 elementor-widget elementor-widget-text-editor\" data-id=\"7958d149\" data-element_type=\"widget\" data-e-type=\"widget\" data-widget_type=\"text-editor.default\">\n\t\t\t\t<div class=\"elementor-widget-container\">\n\t\t\t\t\t\t\t\t\t<p class=\"PreformattedText\"><span lang=\"EN-US\">Il consorzio che se ne occupa ha in programma di arrivare fino a circa 80 GHz.  <\/span><span lang=\"EN-US\">Tuttavia, le bande di frequenza pi\u00f9 alte sono adatte solo per la trasmissione nelle immediate vicinanze, ad esempio dal computer allo schermo.  <\/span><span lang=\"EN-US\">A questo proposito, la gamma di frequenze pi\u00f9 alta non \u00e8 cos\u00ec rilevante per le persone elettrosensibili, perch\u00e9 spetta a loro decidere se utilizzare o meno tali applicazioni<\/span> <span lang=\"EN-US\">(se il 5G sar\u00e0 disponibile in commercio in questo spettro di frequenze tra qualche anno).<\/span> <\/p><p class=\"PreformattedText\"><span lang=\"EN-US\">La pianificazione del 5G nella gamma di frequenze intorno ai 28 GHz \u00e8 molto pi\u00f9 concreta e riguarda principalmente la copertura (temporanea), ad esempio, di stadi di calcio, centri commerciali e luoghi simili, <\/span><span lang=\"EN-US\">stadi di calcio, centri commerciali e simili e per Internet senza fili sulle linee ferroviarie e nel trasporto pubblico locale.  <\/span><span lang=\"EN-US\">Anche in questo caso, la portata \u00e8 molto limitata e, per ridurre al minimo il consumo di energia, i fornitori cercheranno di concentrare le radiazioni il pi\u00f9 vicino possibile alla portata assolutamente necessaria. <\/span><span lang=\"EN-US\">Tuttavia, le dimostrazioni effettuate finora hanno rivelato grandi difficolt\u00e0 tecniche, poich\u00e9 anche un albero che blocca la linea di vista diretta verso il trasmettitore pu\u00f2 portare a notevoli riduzioni della qualit\u00e0 della trasmissione,  <\/span><span lang=\"EN-US\">al trasmettitore ha portato a notevoli riduzioni della velocit\u00e0 di trasmissione e persino a disconnessioni. <\/span><\/p><p class=\"PreformattedText\">Una tettoia schermante crea una <strong>zona protetta<\/strong> e contribuisce a ricreare un ambiente di riposo naturale. Con un effetto schermante fino <strong>al 99,99%<\/strong>, le nostre tettoie di alta qualit\u00e0 bloccano in modo affidabile le radiazioni ad alta frequenza e offrono una zona di relax sicura. <\/p>\t\t\t\t\t\t\t\t<\/div>\n\t\t\t\t<\/div>\n\t\t\t\t<div class=\"elementor-element elementor-element-48feeb82 elementor-widget elementor-widget-heading\" data-id=\"48feeb82\" data-element_type=\"widget\" data-e-type=\"widget\" data-widget_type=\"heading.default\">\n\t\t\t\t<div class=\"elementor-widget-container\">\n\t\t\t\t\t<h2 class=\"elementor-heading-title elementor-size-default\">Perch\u00e9 la zona notte \u00e8 cos\u00ec importante?<\/h2>\t\t\t\t<\/div>\n\t\t\t\t<\/div>\n\t\t\t\t<div class=\"elementor-element elementor-element-52fcfa elementor-widget elementor-widget-text-editor\" data-id=\"52fcfa\" data-element_type=\"widget\" data-e-type=\"widget\" data-widget_type=\"text-editor.default\">\n\t\t\t\t<div class=\"elementor-widget-container\">\n\t\t\t\t\t\t\t\t\t<p class=\"PreformattedText\"><span lang=\"EN-US\">Le bande di frequenza attualmente previste sono: circa 700 MHz, circa 2 GHz, tra 3 e 4 GHz (anche in tutto il mondo almeno al di sotto dei 6 GHz, \u201cbanda sub 6 GHz\u201d),<\/span> <span lang=\"EN-US\">circa 28\/30 GHz fino a circa 80 GHz.<\/span> <span lang=\"EN-US\">Ci\u00f2 che colpisce \u00e8 il grande divario tra 4 GHz e 28 GHz. Gli unici servizi radio rilevanti per la biologia edilizia in questo intervallo sono &#8222;WLAN a 5 GHz&#8220; (tra 5 e 6 GHz) e varie frequenze radar tra 8,5 e 9,5 GHz. <\/span><\/p><p class=\"PreformattedText\"><strong><span lang=\"EN-US\">A quali frequenze trasmette il 5G?<br><\/span><\/strong><span lang=\"EN-US\">Su questo, come sulla questione della nocivit\u00e0 dell&#8217;elettrosmog in generale, stanno dibattendo gli esperti. Basti pensare alle discussioni che durano da decenni sulla nocivit\u00e0 dell&#8217;amianto! Sembra sensato ridurre al minimo, a scopo precauzionale, l&#8217;esposizione personale alle radiazioni 5G. La seguente connessione, fisicamente innegabile, \u00e8 rassicurante: pi\u00f9 alta \u00e8 la frequenza, pi\u00f9 bassa \u00e8 la propagazione della radiazione o, per dirla in altro modo: pi\u00f9 alta \u00e8 la frequenza, maggiore \u00e8 l&#8217;attenuazione della radiazione 56 (qualsiasi radiazione HF!) da parte della sola aria o, ancor di pi\u00f9, da parte di materiali da costruzione comuni come pietra, legno o vetro. Da questo punto di vista, gli spazi interni, come appartamenti o case, offrono gi\u00e0 una protezione piuttosto buona per quanto riguarda le frequenze 5G pi\u00f9 alte.    <\/span><\/p>\t\t\t\t\t\t\t\t<\/div>\n\t\t\t\t<\/div>\n\t\t\t\t<div class=\"elementor-element elementor-element-cd80031 elementor-widget elementor-widget-heading\" data-id=\"cd80031\" data-element_type=\"widget\" data-e-type=\"widget\" data-widget_type=\"heading.default\">\n\t\t\t\t<div class=\"elementor-widget-container\">\n\t\t\t\t\t<h2 class=\"elementor-heading-title elementor-size-default\">A quali frequenze trasmette il 5G?<\/h2>\t\t\t\t<\/div>\n\t\t\t\t<\/div>\n\t\t\t\t<div class=\"elementor-element elementor-element-5064e1a elementor-widget elementor-widget-text-editor\" data-id=\"5064e1a\" data-element_type=\"widget\" data-e-type=\"widget\" data-widget_type=\"text-editor.default\">\n\t\t\t\t<div class=\"elementor-widget-container\">\n\t\t\t\t\t\t\t\t\t<p class=\"PreformattedText\"><span lang=\"EN-US\">Le bande di frequenza attualmente previste sono: circa 700 MHz, circa 2 GHz, tra 3 e 4 GHz (anche in tutto il mondo almeno al di sotto dei 6 GHz, \u201cbanda sub 6 GHz\u201d),<\/span> <span lang=\"EN-US\">circa 28\/30 GHz fino a circa 80 GHz.<\/span> <span lang=\"EN-US\">Ci\u00f2 che colpisce \u00e8 il grande divario tra 4 GHz e 28 GHz. Gli unici servizi radio rilevanti per la biologia edilizia in questo intervallo sono &#8222;WLAN a 5 GHz&#8220; (tra 5 e 6 GHz) e varie frequenze radar tra 8,5 e 9,5 GHz. <\/span><\/p><p class=\"PreformattedText\"><strong><span lang=\"EN-US\">A quali frequenze trasmette il 5G?<br><\/span><\/strong><span lang=\"EN-US\">Su questo, come sulla questione della nocivit\u00e0 dell&#8217;elettrosmog in generale, stanno dibattendo gli esperti. Basti pensare alle discussioni che durano da decenni sulla nocivit\u00e0 dell&#8217;amianto! Sembra sensato ridurre al minimo, a scopo precauzionale, l&#8217;esposizione personale alle radiazioni 5G. La seguente connessione, fisicamente innegabile, \u00e8 rassicurante: pi\u00f9 alta \u00e8 la frequenza, pi\u00f9 bassa \u00e8 la propagazione della radiazione o, per dirla in altro modo: pi\u00f9 alta \u00e8 la frequenza, maggiore \u00e8 l&#8217;attenuazione della radiazione 56 (qualsiasi radiazione HF!) da parte della sola aria o, ancor di pi\u00f9, da parte di materiali da costruzione comuni come pietra, legno o vetro. Da questo punto di vista, gli spazi interni, come appartamenti o case, offrono gi\u00e0 una protezione piuttosto buona per quanto riguarda le frequenze 5G pi\u00f9 alte.    <\/span><\/p>\t\t\t\t\t\t\t\t<\/div>\n\t\t\t\t<\/div>\n\t\t\t\t<div class=\"elementor-element elementor-element-b73477c elementor-widget elementor-widget-heading\" data-id=\"b73477c\" data-element_type=\"widget\" data-e-type=\"widget\" data-widget_type=\"heading.default\">\n\t\t\t\t<div class=\"elementor-widget-container\">\n\t\t\t\t\t<h2 class=\"elementor-heading-title elementor-size-default\">Perch\u00e9 le frequenze 5G inferiori a 6 GHz sono particolarmente critiche?<\/h2>\t\t\t\t<\/div>\n\t\t\t\t<\/div>\n\t\t\t\t<div class=\"elementor-element elementor-element-486383c elementor-widget elementor-widget-text-editor\" data-id=\"486383c\" data-element_type=\"widget\" data-e-type=\"widget\" data-widget_type=\"text-editor.default\">\n\t\t\t\t<div class=\"elementor-widget-container\">\n\t\t\t\t\t\t\t\t\t<p class=\"PreformattedText\"><span lang=\"EN-US\">Dal punto di vista della biologia edilizia, \u00e8 particolarmente importante ridurre al minimo l&#8217;esposizione all&#8217;elettrosmog nelle zone notte, perch\u00e9 durante il sonno l&#8217;organismo deve essere libero da stress esterni per potersi rigenerare.<\/span><\/p><p class=\"PreformattedText\"><span lang=\"EN-US\">Tuttavia, per ragioni tecniche e commerciali, queste frequenze pi\u00f9 basse della telefonia mobile 5G comporteranno una maggiore esposizione alle radiazioni 5G nelle aree in cui si dorme. Questo perch\u00e9 le frequenze pi\u00f9 basse hanno un raggio di trasmissione maggiore e una migliore penetrazione nei materiali edilizi comuni a parit\u00e0 di dispendio energetico. Per il gestore di telefonia mobile, questo significa che, mantenendo sostanzialmente gli stessi costi infrastrutturali, \u00e8 possibile coprire pi\u00f9 clienti, il che si traduce in maggiori profitti. Lo stesso fenomeno \u00e8 noto dalla copertura territoriale notevolmente migliore delle bande radiomobili inferiori rispetto a quelle superiori, ad esempio nelle comunicazioni mobili (900 MHz rispetto a 1800 MHz per GSM, nonch\u00e9 800 MHz rispetto a 1800 MHz rispetto a 2700 MHz per LTE) o WLAN da 2,4 GHz rispetto a WLAN da 5 GHz.   <\/span><\/p><p class=\"PreformattedText\"><span style=\"font-style: inherit; font-weight: inherit;\">Mentre la banda da 700 MHz \u00e8 particolarmente consigliata per le zone rurali e le citt\u00e0 pi\u00f9 piccole, le bande di frequenza tra 3 e 4 GHz, recentemente messe all&#8217;asta, saranno sempre pi\u00f9 utilizzate nelle aree centrali delle citt\u00e0, a favore di velocit\u00e0 di trasmissione dati pi\u00f9 elevate. Anche se questo significa che devono essere installati pi\u00f9 trasmettitori a intervalli pi\u00f9 ravvicinati. Questa \u00e8 proprio una delle principali critiche mosse dagli oppositori dell&#8217;espansione del 5G.  <\/span><\/p>\t\t\t\t\t\t\t\t<\/div>\n\t\t\t\t<\/div>\n\t\t\t\t<div class=\"elementor-element elementor-element-cee2e0c elementor-widget elementor-widget-heading\" data-id=\"cee2e0c\" data-element_type=\"widget\" data-e-type=\"widget\" data-widget_type=\"heading.default\">\n\t\t\t\t<div class=\"elementor-widget-container\">\n\t\t\t\t\t<h2 class=\"elementor-heading-title elementor-size-default\">Perch\u00e9 l'implementazione del 5G inizia con le frequenze pi\u00f9 basse?<\/h2>\t\t\t\t<\/div>\n\t\t\t\t<\/div>\n\t\t\t\t<div class=\"elementor-element elementor-element-ccea195 elementor-widget elementor-widget-text-editor\" data-id=\"ccea195\" data-element_type=\"widget\" data-e-type=\"widget\" data-widget_type=\"text-editor.default\">\n\t\t\t\t<div class=\"elementor-widget-container\">\n\t\t\t\t\t\t\t\t\t<p class=\"PreformattedText\"><span lang=\"EN-US\">Anche al 5G valgono le leggi fisiche e i fornitori di hardware reagiscono in modo prevedibile: innanzitutto, c&#8217;\u00e8 una maggiore attenuazione delle radiazioni ad alta frequenza attraverso l&#8217;aria. Dal punto di vista del fornitore, &#8222;maggiore attenuazione&#8220; significa &#8222;maggiore consumo energetico e costi pi\u00f9 elevati&#8220;, con la conseguenza commerciale che viene sempre preferita la banda di frequenza pi\u00f9 bassa possibile (come nel caso di GSM, LTE e WLAN). A lungo termine, le bande 5G superiori fino a oltre 50 GHz rimarranno quindi riservate a distanze molto brevi con visibilit\u00e0 diretta, il che rappresenta un effetto collaterale positivo per la popolazione: le proprie quattro mura offrono una protezione relativamente buona.  <\/span><\/p><p class=\"PreformattedText\"><span lang=\"EN-US\">Il detto sarcastico &#8222;il denaro fa girare il mondo&#8220; sta, per una volta e in modo piuttosto incidentale, effettivamente beneficiando il grande pubblico&#8230; una piccola consolazione data la maggiore esposizione complessiva alle radiofrequenze con il 5G.<\/span><\/p>\t\t\t\t\t\t\t\t<\/div>\n\t\t\t\t<\/div>\n\t\t\t\t<\/div>\n\t\t\t\t\t<\/div>\n\t\t\t\t<\/div>\n\t\t<div class=\"elementor-element elementor-element-869dd87 e-flex e-con-boxed e-con e-parent\" data-id=\"869dd87\" data-element_type=\"container\" data-e-type=\"container\" data-settings=\"{&quot;jet_parallax_layout_list&quot;:[]}\">\n\t\t\t\t\t<div class=\"e-con-inner\">\n\t\t\t\t<div class=\"elementor-element elementor-element-c2031ee elementor-widget elementor-widget-spacer\" data-id=\"c2031ee\" data-element_type=\"widget\" data-e-type=\"widget\" data-widget_type=\"spacer.default\">\n\t\t\t\t<div class=\"elementor-widget-container\">\n\t\t\t\t\t\t\t<div class=\"elementor-spacer\">\n\t\t\t<div class=\"elementor-spacer-inner\"><\/div>\n\t\t<\/div>\n\t\t\t\t\t\t<\/div>\n\t\t\t\t<\/div>\n\t\t\t\t\t<\/div>\n\t\t\t\t<\/div>\n\t\t\t\t<\/div>\n\t\t","protected":false},"excerpt":{"rendered":"<p>5G &#8211; Informazioni Lo spettro di frequenza 5G si estende davvero fino a 100 GHz? Il consorzio che se ne [&hellip;]<\/p>\n","protected":false},"author":2,"featured_media":0,"parent":0,"menu_order":0,"comment_status":"closed","ping_status":"closed","template":"","meta":{"inline_featured_image":false,"site-sidebar-layout":"no-sidebar","site-content-layout":"","ast-site-content-layout":"full-width-container","site-content-style":"default","site-sidebar-style":"default","ast-global-header-display":"","ast-banner-title-visibility":"","ast-main-header-display":"","ast-hfb-above-header-display":"","ast-hfb-below-header-display":"","ast-hfb-mobile-header-display":"","site-post-title":"disabled","ast-breadcrumbs-content":"","ast-featured-img":"disabled","footer-sml-layout":"","ast-disable-related-posts":"","theme-transparent-header-meta":"","adv-header-id-meta":"","stick-header-meta":"","header-above-stick-meta":"","header-main-stick-meta":"","header-below-stick-meta":"","astra-migrate-meta-layouts":"default","ast-page-background-enabled":"default","ast-page-background-meta":{"desktop":{"background-color":"var(--ast-global-color-5)","background-image":"","background-repeat":"repeat","background-position":"center center","background-size":"auto","background-attachment":"scroll","background-type":"","background-media":"","overlay-type":"","overlay-color":"","overlay-opacity":"","overlay-gradient":""},"tablet":{"background-color":"","background-image":"","background-repeat":"repeat","background-position":"center center","background-size":"auto","background-attachment":"scroll","background-type":"","background-media":"","overlay-type":"","overlay-color":"","overlay-opacity":"","overlay-gradient":""},"mobile":{"background-color":"","background-image":"","background-repeat":"repeat","background-position":"center center","background-size":"auto","background-attachment":"scroll","background-type":"","background-media":"","overlay-type":"","overlay-color":"","overlay-opacity":"","overlay-gradient":""}},"ast-content-background-meta":{"desktop":{"background-color":"var(--ast-global-color-4)","background-image":"","background-repeat":"repeat","background-position":"center center","background-size":"auto","background-attachment":"scroll","background-type":"","background-media":"","overlay-type":"","overlay-color":"","overlay-opacity":"","overlay-gradient":""},"tablet":{"background-color":"var(--ast-global-color-4)","background-image":"","background-repeat":"repeat","background-position":"center center","background-size":"auto","background-attachment":"scroll","background-type":"","background-media":"","overlay-type":"","overlay-color":"","overlay-opacity":"","overlay-gradient":""},"mobile":{"background-color":"var(--ast-global-color-4)","background-image":"","background-repeat":"repeat","background-position":"center center","background-size":"auto","background-attachment":"scroll","background-type":"","background-media":"","overlay-type":"","overlay-color":"","overlay-opacity":"","overlay-gradient":""}},"footnotes":""},"class_list":["post-8104","page","type-page","status-publish","hentry"],"yoast_head":"<!-- This site is optimized with the Yoast SEO plugin v27.4 - https:\/\/yoast.com\/product\/yoast-seo-wordpress\/ -->\n<title>5G - Informazioni - Elektrosmog-Schutz Onlineshop<\/title>\n<meta name=\"robots\" content=\"index, follow, max-snippet:-1, max-image-preview:large, max-video-preview:-1\" \/>\n<link rel=\"canonical\" href=\"https:\/\/ecologa-europe.com\/shop\/5g-informazioni\/\" \/>\n<meta property=\"og:locale\" content=\"de_DE\" \/>\n<meta property=\"og:type\" content=\"article\" \/>\n<meta property=\"og:title\" content=\"5G - Informazioni - Elektrosmog-Schutz Onlineshop\" \/>\n<meta property=\"og:description\" content=\"5G &#8211; Informazioni Lo spettro di frequenza 5G si estende davvero fino a 100 GHz? Il consorzio che se ne [&hellip;]\" \/>\n<meta property=\"og:url\" content=\"https:\/\/ecologa-europe.com\/shop\/5g-informazioni\/?lang=it\" \/>\n<meta property=\"og:site_name\" content=\"Elektrosmog-Schutz Onlineshop\" \/>\n<meta property=\"article:publisher\" content=\"https:\/\/www.facebook.com\/Ecologa-Europe-GmbH-1604744566252298\/\" \/>\n<meta property=\"article:modified_time\" content=\"2025-05-16T16:10:19+00:00\" \/>\n<meta name=\"twitter:card\" content=\"summary_large_image\" \/>\n<meta name=\"twitter:label1\" content=\"Gesch\u00e4tzte Lesezeit\" \/>\n\t<meta name=\"twitter:data1\" content=\"5\u00a0Minuten\" \/>\n<script type=\"application\/ld+json\" class=\"yoast-schema-graph\">{\"@context\":\"https:\\\/\\\/schema.org\",\"@graph\":[{\"@type\":\"WebPage\",\"@id\":\"https:\\\/\\\/ecologa-europe.com\\\/shop\\\/5g-informazioni\\\/?lang=it\",\"url\":\"https:\\\/\\\/ecologa-europe.com\\\/shop\\\/5g-informazioni\\\/?lang=it\",\"name\":\"5G - Informazioni - Elektrosmog-Schutz Onlineshop\",\"isPartOf\":{\"@id\":\"https:\\\/\\\/ecologa-europe.com\\\/shop\\\/#website\"},\"datePublished\":\"2025-05-05T13:01:07+00:00\",\"dateModified\":\"2025-05-16T16:10:19+00:00\",\"breadcrumb\":{\"@id\":\"https:\\\/\\\/ecologa-europe.com\\\/shop\\\/5g-informazioni\\\/?lang=it#breadcrumb\"},\"inLanguage\":\"de\",\"potentialAction\":[{\"@type\":\"ReadAction\",\"target\":[\"https:\\\/\\\/ecologa-europe.com\\\/shop\\\/5g-informazioni\\\/?lang=it\"]}]},{\"@type\":\"BreadcrumbList\",\"@id\":\"https:\\\/\\\/ecologa-europe.com\\\/shop\\\/5g-informazioni\\\/?lang=it#breadcrumb\",\"itemListElement\":[{\"@type\":\"ListItem\",\"position\":1,\"name\":\"Startseite\",\"item\":\"https:\\\/\\\/ecologa-europe.com\\\/shop\\\/\"},{\"@type\":\"ListItem\",\"position\":2,\"name\":\"5G &#8211; Informazioni\"}]},{\"@type\":\"WebSite\",\"@id\":\"https:\\\/\\\/ecologa-europe.com\\\/shop\\\/#website\",\"url\":\"https:\\\/\\\/ecologa-europe.com\\\/shop\\\/\",\"name\":\"Elektrosmog-Schutz Onlineshop\",\"description\":\"Ecologa Europe\",\"publisher\":{\"@id\":\"https:\\\/\\\/ecologa-europe.com\\\/shop\\\/#organization\"},\"potentialAction\":[{\"@type\":\"SearchAction\",\"target\":{\"@type\":\"EntryPoint\",\"urlTemplate\":\"https:\\\/\\\/ecologa-europe.com\\\/shop\\\/?s={search_term_string}\"},\"query-input\":{\"@type\":\"PropertyValueSpecification\",\"valueRequired\":true,\"valueName\":\"search_term_string\"}}],\"inLanguage\":\"de\"},{\"@type\":\"Organization\",\"@id\":\"https:\\\/\\\/ecologa-europe.com\\\/shop\\\/#organization\",\"name\":\"Elektrosmog-Schutz Onlineshop\",\"url\":\"https:\\\/\\\/ecologa-europe.com\\\/shop\\\/\",\"logo\":{\"@type\":\"ImageObject\",\"inLanguage\":\"de\",\"@id\":\"https:\\\/\\\/ecologa-europe.com\\\/shop\\\/#\\\/schema\\\/logo\\\/image\\\/\",\"url\":\"https:\\\/\\\/ecologa-europe.com\\\/shop\\\/wp-content\\\/uploads\\\/2025\\\/04\\\/vertical-navbar-logo.svg\",\"contentUrl\":\"https:\\\/\\\/ecologa-europe.com\\\/shop\\\/wp-content\\\/uploads\\\/2025\\\/04\\\/vertical-navbar-logo.svg\",\"width\":182,\"height\":70,\"caption\":\"Elektrosmog-Schutz Onlineshop\"},\"image\":{\"@id\":\"https:\\\/\\\/ecologa-europe.com\\\/shop\\\/#\\\/schema\\\/logo\\\/image\\\/\"},\"sameAs\":[\"https:\\\/\\\/www.facebook.com\\\/Ecologa-Europe-GmbH-1604744566252298\\\/\",\"https:\\\/\\\/www.instagram.com\\\/ecologaeurope\\\/\"]}]}<\/script>\n<!-- \/ Yoast SEO plugin. -->","yoast_head_json":{"title":"5G - Informazioni - Elektrosmog-Schutz Onlineshop","robots":{"index":"index","follow":"follow","max-snippet":"max-snippet:-1","max-image-preview":"max-image-preview:large","max-video-preview":"max-video-preview:-1"},"canonical":"https:\/\/ecologa-europe.com\/shop\/5g-informazioni\/","og_locale":"de_DE","og_type":"article","og_title":"5G - Informazioni - Elektrosmog-Schutz Onlineshop","og_description":"5G &#8211; Informazioni Lo spettro di frequenza 5G si estende davvero fino a 100 GHz? Il consorzio che se ne [&hellip;]","og_url":"https:\/\/ecologa-europe.com\/shop\/5g-informazioni\/?lang=it","og_site_name":"Elektrosmog-Schutz Onlineshop","article_publisher":"https:\/\/www.facebook.com\/Ecologa-Europe-GmbH-1604744566252298\/","article_modified_time":"2025-05-16T16:10:19+00:00","twitter_card":"summary_large_image","twitter_misc":{"Gesch\u00e4tzte Lesezeit":"5\u00a0Minuten"},"schema":{"@context":"https:\/\/schema.org","@graph":[{"@type":"WebPage","@id":"https:\/\/ecologa-europe.com\/shop\/5g-informazioni\/?lang=it","url":"https:\/\/ecologa-europe.com\/shop\/5g-informazioni\/?lang=it","name":"5G - Informazioni - Elektrosmog-Schutz Onlineshop","isPartOf":{"@id":"https:\/\/ecologa-europe.com\/shop\/#website"},"datePublished":"2025-05-05T13:01:07+00:00","dateModified":"2025-05-16T16:10:19+00:00","breadcrumb":{"@id":"https:\/\/ecologa-europe.com\/shop\/5g-informazioni\/?lang=it#breadcrumb"},"inLanguage":"de","potentialAction":[{"@type":"ReadAction","target":["https:\/\/ecologa-europe.com\/shop\/5g-informazioni\/?lang=it"]}]},{"@type":"BreadcrumbList","@id":"https:\/\/ecologa-europe.com\/shop\/5g-informazioni\/?lang=it#breadcrumb","itemListElement":[{"@type":"ListItem","position":1,"name":"Startseite","item":"https:\/\/ecologa-europe.com\/shop\/"},{"@type":"ListItem","position":2,"name":"5G &#8211; Informazioni"}]},{"@type":"WebSite","@id":"https:\/\/ecologa-europe.com\/shop\/#website","url":"https:\/\/ecologa-europe.com\/shop\/","name":"Elektrosmog-Schutz Onlineshop","description":"Ecologa Europe","publisher":{"@id":"https:\/\/ecologa-europe.com\/shop\/#organization"},"potentialAction":[{"@type":"SearchAction","target":{"@type":"EntryPoint","urlTemplate":"https:\/\/ecologa-europe.com\/shop\/?s={search_term_string}"},"query-input":{"@type":"PropertyValueSpecification","valueRequired":true,"valueName":"search_term_string"}}],"inLanguage":"de"},{"@type":"Organization","@id":"https:\/\/ecologa-europe.com\/shop\/#organization","name":"Elektrosmog-Schutz Onlineshop","url":"https:\/\/ecologa-europe.com\/shop\/","logo":{"@type":"ImageObject","inLanguage":"de","@id":"https:\/\/ecologa-europe.com\/shop\/#\/schema\/logo\/image\/","url":"https:\/\/ecologa-europe.com\/shop\/wp-content\/uploads\/2025\/04\/vertical-navbar-logo.svg","contentUrl":"https:\/\/ecologa-europe.com\/shop\/wp-content\/uploads\/2025\/04\/vertical-navbar-logo.svg","width":182,"height":70,"caption":"Elektrosmog-Schutz Onlineshop"},"image":{"@id":"https:\/\/ecologa-europe.com\/shop\/#\/schema\/logo\/image\/"},"sameAs":["https:\/\/www.facebook.com\/Ecologa-Europe-GmbH-1604744566252298\/","https:\/\/www.instagram.com\/ecologaeurope\/"]}]}},"_links":{"self":[{"href":"https:\/\/ecologa-europe.com\/shop\/wp-json\/wp\/v2\/pages\/8104","targetHints":{"allow":["GET"]}}],"collection":[{"href":"https:\/\/ecologa-europe.com\/shop\/wp-json\/wp\/v2\/pages"}],"about":[{"href":"https:\/\/ecologa-europe.com\/shop\/wp-json\/wp\/v2\/types\/page"}],"author":[{"embeddable":true,"href":"https:\/\/ecologa-europe.com\/shop\/wp-json\/wp\/v2\/users\/2"}],"replies":[{"embeddable":true,"href":"https:\/\/ecologa-europe.com\/shop\/wp-json\/wp\/v2\/comments?post=8104"}],"version-history":[{"count":1,"href":"https:\/\/ecologa-europe.com\/shop\/wp-json\/wp\/v2\/pages\/8104\/revisions"}],"predecessor-version":[{"id":8105,"href":"https:\/\/ecologa-europe.com\/shop\/wp-json\/wp\/v2\/pages\/8104\/revisions\/8105"}],"wp:attachment":[{"href":"https:\/\/ecologa-europe.com\/shop\/wp-json\/wp\/v2\/media?parent=8104"}],"curies":[{"name":"wp","href":"https:\/\/api.w.org\/{rel}","templated":true}]}}