{"id":8106,"date":"2025-05-08T09:04:22","date_gmt":"2025-05-08T09:04:22","guid":{"rendered":"https:\/\/639.pm-domains.de\/informazioni-sullo-smaltimento-delle-batterie\/"},"modified":"2025-05-16T16:17:35","modified_gmt":"2025-05-16T16:17:35","slug":"informazioni-sullo-smaltimento-delle-batterie","status":"publish","type":"page","link":"https:\/\/ecologa-europe.com\/shop\/informazioni-sullo-smaltimento-delle-batterie\/?lang=it","title":{"rendered":"Informazioni sullo smaltimento delle batterie"},"content":{"rendered":"\t\t<div data-elementor-type=\"wp-page\" data-elementor-id=\"8106\" class=\"elementor elementor-8106 elementor-5894\" data-elementor-post-type=\"page\">\n\t\t\t\t<div class=\"elementor-element elementor-element-2956eb8e e-flex e-con-boxed e-con e-parent\" data-id=\"2956eb8e\" data-element_type=\"container\" data-e-type=\"container\" data-settings=\"{&quot;jet_parallax_layout_list&quot;:[]}\">\n\t\t\t\t\t<div class=\"e-con-inner\">\n\t\t<div class=\"elementor-element elementor-element-1c32c4fa e-con-full e-flex e-con e-child\" data-id=\"1c32c4fa\" data-element_type=\"container\" data-e-type=\"container\" data-settings=\"{&quot;jet_parallax_layout_list&quot;:[]}\">\n\t\t\t\t<div class=\"elementor-element elementor-element-72b3fcab elementor-widget elementor-widget-heading\" data-id=\"72b3fcab\" data-element_type=\"widget\" data-e-type=\"widget\" data-widget_type=\"heading.default\">\n\t\t\t\t<div class=\"elementor-widget-container\">\n\t\t\t\t\t<h1 class=\"elementor-heading-title elementor-size-default\">Informazioni sullo smaltimento delle batterie<\/h1>\t\t\t\t<\/div>\n\t\t\t\t<\/div>\n\t\t\t\t<div class=\"elementor-element elementor-element-7370dd1d elementor-widget elementor-widget-heading\" data-id=\"7370dd1d\" data-element_type=\"widget\" data-e-type=\"widget\" data-widget_type=\"heading.default\">\n\t\t\t\t<div class=\"elementor-widget-container\">\n\t\t\t\t\t<h2 class=\"elementor-heading-title elementor-size-default\">Nota sullo smaltimento delle batterie usate<\/h2>\t\t\t\t<\/div>\n\t\t\t\t<\/div>\n\t\t\t\t<div class=\"elementor-element elementor-element-4ee790f5 elementor-widget elementor-widget-heading\" data-id=\"4ee790f5\" data-element_type=\"widget\" data-e-type=\"widget\" data-widget_type=\"heading.default\">\n\t\t\t\t<div class=\"elementor-widget-container\">\n\t\t\t\t\t<h3 class=\"elementor-heading-title elementor-size-default\">La seguente informativa riguarda gli utenti finali che utilizzano batterie o prodotti con batterie integrate: Restituzione gratuita delle batterie usate<\/h3>\t\t\t\t<\/div>\n\t\t\t\t<\/div>\n\t\t\t\t<div class=\"elementor-element elementor-element-23a23842 elementor-widget elementor-widget-text-editor\" data-id=\"23a23842\" data-element_type=\"widget\" data-e-type=\"widget\" data-widget_type=\"text-editor.default\">\n\t\t\t\t<div class=\"elementor-widget-container\">\n\t\t\t\t\t\t\t\t\t<p class=\"PreformattedText\"><span lang=\"EN-US\">Le batterie non devono essere smaltite insieme ai rifiuti domestici. Per garantire uno smaltimento corretto, siete obbligati per legge a restituire le batterie usate. \u00c8 possibile smaltire le batterie usate presso un punto di raccolta comunale o presso un rivenditore locale. In qualit\u00e0 di distributori di batterie, siamo tenuti anche a ritirare le batterie usate, anche se il nostro obbligo di ritiro delle batterie usate \u00e8 limitato al tipo di batterie usate che abbiamo o abbiamo avuto nella nostra gamma di prodotti come batterie nuove.   <\/span><\/p><p class=\"PreformattedText\"><span lang=\"EN-US\">Potete quindi restituirci le vecchie batterie del tipo sopra menzionato con affrancatura sufficiente oppure consegnarle gratuitamente direttamente al nostro magazzino spedizioni al seguente indirizzo:<\/span><\/p><p class=\"PreformattedText\"><strong><span lang=\"EN-US\">Ecologa Europe GmbH \/ Patricia B\u00f6s<br><\/span><\/strong><span lang=\"EN-US\">Ziegelh\u00fcttenstr. 11 11<br><\/span><span lang=\"EN-US\">63768 H\u00f6sbach<\/span><\/p>\t\t\t\t\t\t\t\t<\/div>\n\t\t\t\t<\/div>\n\t\t\t\t<div class=\"elementor-element elementor-element-89851e3 elementor-widget elementor-widget-heading\" data-id=\"89851e3\" data-element_type=\"widget\" data-e-type=\"widget\" data-widget_type=\"heading.default\">\n\t\t\t\t<div class=\"elementor-widget-container\">\n\t\t\t\t\t<h3 class=\"elementor-heading-title elementor-size-default\">Significato dei simboli della batteria<\/h3>\t\t\t\t<\/div>\n\t\t\t\t<\/div>\n\t\t\t\t<div class=\"elementor-element elementor-element-62aa4598 elementor-widget elementor-widget-text-editor\" data-id=\"62aa4598\" data-element_type=\"widget\" data-e-type=\"widget\" data-widget_type=\"text-editor.default\">\n\t\t\t\t<div class=\"elementor-widget-container\">\n\t\t\t\t\t\t\t\t\t<p class=\"PreformattedText\"><span lang=\"EN-US\">Le batterie sono contrassegnate dal simbolo di un bidone della spazzatura barrato.  <\/span><span lang=\"EN-US\">Questo simbolo indica che le batterie non devono essere smaltite insieme ai rifiuti domestici.  <\/span><span lang=\"EN-US\">Per le batterie che contengono pi\u00f9 dello 0,0005 percento di mercurio in massa, pi\u00f9 dello 0,002 percento di cadmio in massa o pi\u00f9 dello 0,004 percento di piombo in massa, il nome chimico dell&#8217;inquinante utilizzato si trova sotto il simbolo del bidone della spazzatura, <\/span><span lang=\"EN-US\">dove &#8222;Cd&#8220; sta per cadmio, &#8222;Pb&#8220; sta per piombo e &#8222;Hg&#8220; per mercurio.<\/span><\/p>\t\t\t\t\t\t\t\t<\/div>\n\t\t\t\t<\/div>\n\t\t\t\t<div class=\"elementor-element elementor-element-0f72945 elementor-widget elementor-widget-heading\" data-id=\"0f72945\" data-element_type=\"widget\" data-e-type=\"widget\" data-widget_type=\"heading.default\">\n\t\t\t\t<div class=\"elementor-widget-container\">\n\t\t\t\t\t<h3 class=\"elementor-heading-title elementor-size-default\">Informazioni sulle apparecchiature elettriche ed elettroniche<\/h3>\t\t\t\t<\/div>\n\t\t\t\t<\/div>\n\t\t\t\t<div class=\"elementor-element elementor-element-ee5ff57 elementor-widget elementor-widget-text-editor\" data-id=\"ee5ff57\" data-element_type=\"widget\" data-e-type=\"widget\" data-widget_type=\"text-editor.default\">\n\t\t\t\t<div class=\"elementor-widget-container\">\n\t\t\t\t\t\t\t\t\t<p class=\"PreformattedText\"><span lang=\"EN-US\">Di seguito troverete informazioni per le abitazioni private che utilizzano apparecchi elettrici e\/o elettronici:<\/span><\/p><p class=\"PreformattedText\"><strong><span lang=\"EN-US\">1. Informazioni sullo smaltimento delle apparecchiature elettriche ed elettroniche e sul significato del simbolo nell&#8217;allegato<\/span><\/strong><\/p><p class=\"PreformattedText\"><span lang=\"EN-US\">Gli elettrodomestici usati devono essere raccolti separatamente dai rifiuti urbani indifferenziati. <\/span><span lang=\"EN-US\">Gli elettrodomestici (vecchi) non devono essere smaltiti come rifiuti urbani indifferenziati.   <\/span><span lang=\"EN-US\">In particolare, questi dispositivi non devono essere smaltiti insieme ai rifiuti domestici. Gli elettrodomestici (vecchi) devono essere raccolti e possono essere smaltiti tramite il sistema di raccolta locale.<\/span><\/p><p class=\"PreformattedText\"><span lang=\"EN-US\">Le batterie e gli accumulatori usati che non sono contenuti nel vecchio apparecchio e le lampade che possono essere <\/span><span lang=\"EN-US\">rimosse intatte dal vecchio apparecchio devono essere separati da quest&#8217;ultimo prima di essere consegnati a un punto di raccolta, a meno che i <\/span><span lang=\"EN-US\">vecchi apparecchi non vengano separati dagli altri vecchi apparecchi dalle autorit\u00e0 pubbliche di smaltimento rifiuti ai sensi dell&#8217;articolo 14, paragrafo 4, frase 4 o del paragrafo 5, <\/span><span lang=\"EN-US\">frasi 2 e 3 dell&#8217;ElektroG, al fine di prepararli per il riutilizzo.<\/span><\/p><p class=\"PreformattedText\"><span lang=\"EN-US\">Il simbolo secondo l&#8217;allegato 3 dell&#8217;ElektroG (un bidone della spazzatura barrato) contrassegna le apparecchiature dismesse che al termine <\/span><span lang=\"EN-US\">del loro ciclo di vita non possono essere smaltite insieme ai rifiuti urbani indifferenziati:<\/span><\/p>\t\t\t\t\t\t\t\t<\/div>\n\t\t\t\t<\/div>\n\t\t\t\t<div class=\"elementor-element elementor-element-5295536 elementor-widget elementor-widget-image\" data-id=\"5295536\" data-element_type=\"widget\" data-e-type=\"widget\" data-widget_type=\"image.default\">\n\t\t\t\t<div class=\"elementor-widget-container\">\n\t\t\t\t\t\t\t\t\t\t\t\t\t\t\t<img fetchpriority=\"high\" decoding=\"async\" width=\"378\" height=\"415\" src=\"https:\/\/ecologa-europe.com\/shop\/wp-content\/uploads\/2025\/05\/Screenshot-2025-05-08-153903.jpg\" class=\"attachment-large size-large wp-image-5994\" alt=\"\" srcset=\"https:\/\/ecologa-europe.com\/shop\/wp-content\/uploads\/2025\/05\/Screenshot-2025-05-08-153903.jpg 378w, https:\/\/ecologa-europe.com\/shop\/wp-content\/uploads\/2025\/05\/Screenshot-2025-05-08-153903-273x300.jpg 273w\" sizes=\"(max-width: 378px) 100vw, 378px\" \/>\t\t\t\t\t\t\t\t\t\t\t\t\t\t\t<\/div>\n\t\t\t\t<\/div>\n\t\t\t\t<\/div>\n\t\t\t\t\t<\/div>\n\t\t\t\t<\/div>\n\t\t<div class=\"elementor-element elementor-element-1d9f95a1 e-flex e-con-boxed e-con e-parent\" data-id=\"1d9f95a1\" data-element_type=\"container\" data-e-type=\"container\" data-settings=\"{&quot;jet_parallax_layout_list&quot;:[]}\">\n\t\t\t\t\t<div class=\"e-con-inner\">\n\t\t\t\t<div class=\"elementor-element elementor-element-1637ee95 elementor-widget elementor-widget-spacer\" data-id=\"1637ee95\" data-element_type=\"widget\" data-e-type=\"widget\" data-widget_type=\"spacer.default\">\n\t\t\t\t<div class=\"elementor-widget-container\">\n\t\t\t\t\t\t\t<div class=\"elementor-spacer\">\n\t\t\t<div class=\"elementor-spacer-inner\"><\/div>\n\t\t<\/div>\n\t\t\t\t\t\t<\/div>\n\t\t\t\t<\/div>\n\t\t\t\t\t<\/div>\n\t\t\t\t<\/div>\n\t\t\t\t<\/div>\n\t\t","protected":false},"excerpt":{"rendered":"<p>Informazioni sullo smaltimento delle batterie Nota sullo smaltimento delle batterie usate La seguente informativa riguarda gli utenti finali che utilizzano [&hellip;]<\/p>\n","protected":false},"author":2,"featured_media":0,"parent":0,"menu_order":0,"comment_status":"closed","ping_status":"closed","template":"","meta":{"inline_featured_image":false,"site-sidebar-layout":"no-sidebar","site-content-layout":"","ast-site-content-layout":"full-width-container","site-content-style":"default","site-sidebar-style":"default","ast-global-header-display":"","ast-banner-title-visibility":"","ast-main-header-display":"","ast-hfb-above-header-display":"","ast-hfb-below-header-display":"","ast-hfb-mobile-header-display":"","site-post-title":"disabled","ast-breadcrumbs-content":"","ast-featured-img":"disabled","footer-sml-layout":"","ast-disable-related-posts":"","theme-transparent-header-meta":"","adv-header-id-meta":"","stick-header-meta":"","header-above-stick-meta":"","header-main-stick-meta":"","header-below-stick-meta":"","astra-migrate-meta-layouts":"default","ast-page-background-enabled":"default","ast-page-background-meta":{"desktop":{"background-color":"var(--ast-global-color-5)","background-image":"","background-repeat":"repeat","background-position":"center center","background-size":"auto","background-attachment":"scroll","background-type":"","background-media":"","overlay-type":"","overlay-color":"","overlay-opacity":"","overlay-gradient":""},"tablet":{"background-color":"","background-image":"","background-repeat":"repeat","background-position":"center center","background-size":"auto","background-attachment":"scroll","background-type":"","background-media":"","overlay-type":"","overlay-color":"","overlay-opacity":"","overlay-gradient":""},"mobile":{"background-color":"","background-image":"","background-repeat":"repeat","background-position":"center center","background-size":"auto","background-attachment":"scroll","background-type":"","background-media":"","overlay-type":"","overlay-color":"","overlay-opacity":"","overlay-gradient":""}},"ast-content-background-meta":{"desktop":{"background-color":"var(--ast-global-color-4)","background-image":"","background-repeat":"repeat","background-position":"center center","background-size":"auto","background-attachment":"scroll","background-type":"","background-media":"","overlay-type":"","overlay-color":"","overlay-opacity":"","overlay-gradient":""},"tablet":{"background-color":"var(--ast-global-color-4)","background-image":"","background-repeat":"repeat","background-position":"center center","background-size":"auto","background-attachment":"scroll","background-type":"","background-media":"","overlay-type":"","overlay-color":"","overlay-opacity":"","overlay-gradient":""},"mobile":{"background-color":"var(--ast-global-color-4)","background-image":"","background-repeat":"repeat","background-position":"center center","background-size":"auto","background-attachment":"scroll","background-type":"","background-media":"","overlay-type":"","overlay-color":"","overlay-opacity":"","overlay-gradient":""}},"footnotes":""},"class_list":["post-8106","page","type-page","status-publish","hentry"],"yoast_head":"<!-- This site is optimized with the Yoast SEO plugin v27.4 - https:\/\/yoast.com\/product\/yoast-seo-wordpress\/ -->\n<title>Smaltimento delle batterie e riciclaggio | Ecologa Europe<\/title>\n<meta name=\"description\" content=\"Informazioni sullo smaltimento corretto delle batterie presso Ecologa Europe: restituzione, riciclaggio e informazioni legali per gli utenti finali.\" \/>\n<meta name=\"robots\" content=\"index, follow, max-snippet:-1, max-image-preview:large, max-video-preview:-1\" \/>\n<link rel=\"canonical\" href=\"https:\/\/ecologa-europe.com\/shop\/informazioni-sullo-smaltimento-delle-batterie\/\" \/>\n<meta property=\"og:locale\" content=\"de_DE\" \/>\n<meta property=\"og:type\" content=\"article\" \/>\n<meta property=\"og:title\" content=\"Smaltimento delle batterie e riciclaggio | Ecologa Europe\" \/>\n<meta property=\"og:description\" content=\"Informazioni sullo smaltimento corretto delle batterie presso Ecologa Europe: restituzione, riciclaggio e informazioni legali per gli utenti finali.\" \/>\n<meta property=\"og:url\" content=\"https:\/\/ecologa-europe.com\/shop\/informazioni-sullo-smaltimento-delle-batterie\/?lang=it\" \/>\n<meta property=\"og:site_name\" content=\"Elektrosmog-Schutz Onlineshop\" \/>\n<meta property=\"article:publisher\" content=\"https:\/\/www.facebook.com\/Ecologa-Europe-GmbH-1604744566252298\/\" \/>\n<meta property=\"article:modified_time\" content=\"2025-05-16T16:17:35+00:00\" \/>\n<meta property=\"og:image\" content=\"https:\/\/ecologa-europe.com\/shop\/wp-content\/uploads\/2025\/05\/Screenshot-2025-05-08-153903.jpg\" \/>\n<meta name=\"twitter:card\" content=\"summary_large_image\" \/>\n<meta name=\"twitter:label1\" content=\"Gesch\u00e4tzte Lesezeit\" \/>\n\t<meta name=\"twitter:data1\" content=\"2\u00a0Minuten\" \/>\n<script type=\"application\/ld+json\" class=\"yoast-schema-graph\">{\"@context\":\"https:\\\/\\\/schema.org\",\"@graph\":[{\"@type\":\"WebPage\",\"@id\":\"https:\\\/\\\/ecologa-europe.com\\\/shop\\\/informazioni-sullo-smaltimento-delle-batterie\\\/?lang=it\",\"url\":\"https:\\\/\\\/ecologa-europe.com\\\/shop\\\/informazioni-sullo-smaltimento-delle-batterie\\\/?lang=it\",\"name\":\"Smaltimento delle batterie e riciclaggio | Ecologa Europe\",\"isPartOf\":{\"@id\":\"https:\\\/\\\/ecologa-europe.com\\\/shop\\\/#website\"},\"primaryImageOfPage\":{\"@id\":\"https:\\\/\\\/ecologa-europe.com\\\/shop\\\/informazioni-sullo-smaltimento-delle-batterie\\\/?lang=it#primaryimage\"},\"image\":{\"@id\":\"https:\\\/\\\/ecologa-europe.com\\\/shop\\\/informazioni-sullo-smaltimento-delle-batterie\\\/?lang=it#primaryimage\"},\"thumbnailUrl\":\"https:\\\/\\\/ecologa-europe.com\\\/shop\\\/wp-content\\\/uploads\\\/2025\\\/05\\\/Screenshot-2025-05-08-153903.jpg\",\"datePublished\":\"2025-05-08T09:04:22+00:00\",\"dateModified\":\"2025-05-16T16:17:35+00:00\",\"description\":\"Informazioni sullo smaltimento corretto delle batterie presso Ecologa Europe: restituzione, riciclaggio e informazioni legali per gli utenti finali.\",\"breadcrumb\":{\"@id\":\"https:\\\/\\\/ecologa-europe.com\\\/shop\\\/informazioni-sullo-smaltimento-delle-batterie\\\/?lang=it#breadcrumb\"},\"inLanguage\":\"de\",\"potentialAction\":[{\"@type\":\"ReadAction\",\"target\":[\"https:\\\/\\\/ecologa-europe.com\\\/shop\\\/informazioni-sullo-smaltimento-delle-batterie\\\/?lang=it\"]}]},{\"@type\":\"ImageObject\",\"inLanguage\":\"de\",\"@id\":\"https:\\\/\\\/ecologa-europe.com\\\/shop\\\/informazioni-sullo-smaltimento-delle-batterie\\\/?lang=it#primaryimage\",\"url\":\"https:\\\/\\\/ecologa-europe.com\\\/shop\\\/wp-content\\\/uploads\\\/2025\\\/05\\\/Screenshot-2025-05-08-153903.jpg\",\"contentUrl\":\"https:\\\/\\\/ecologa-europe.com\\\/shop\\\/wp-content\\\/uploads\\\/2025\\\/05\\\/Screenshot-2025-05-08-153903.jpg\",\"width\":378,\"height\":415},{\"@type\":\"BreadcrumbList\",\"@id\":\"https:\\\/\\\/ecologa-europe.com\\\/shop\\\/informazioni-sullo-smaltimento-delle-batterie\\\/?lang=it#breadcrumb\",\"itemListElement\":[{\"@type\":\"ListItem\",\"position\":1,\"name\":\"Startseite\",\"item\":\"https:\\\/\\\/ecologa-europe.com\\\/shop\\\/\"},{\"@type\":\"ListItem\",\"position\":2,\"name\":\"Informazioni sullo smaltimento delle batterie\"}]},{\"@type\":\"WebSite\",\"@id\":\"https:\\\/\\\/ecologa-europe.com\\\/shop\\\/#website\",\"url\":\"https:\\\/\\\/ecologa-europe.com\\\/shop\\\/\",\"name\":\"Elektrosmog-Schutz Onlineshop\",\"description\":\"Ecologa Europe\",\"publisher\":{\"@id\":\"https:\\\/\\\/ecologa-europe.com\\\/shop\\\/#organization\"},\"potentialAction\":[{\"@type\":\"SearchAction\",\"target\":{\"@type\":\"EntryPoint\",\"urlTemplate\":\"https:\\\/\\\/ecologa-europe.com\\\/shop\\\/?s={search_term_string}\"},\"query-input\":{\"@type\":\"PropertyValueSpecification\",\"valueRequired\":true,\"valueName\":\"search_term_string\"}}],\"inLanguage\":\"de\"},{\"@type\":\"Organization\",\"@id\":\"https:\\\/\\\/ecologa-europe.com\\\/shop\\\/#organization\",\"name\":\"Elektrosmog-Schutz Onlineshop\",\"url\":\"https:\\\/\\\/ecologa-europe.com\\\/shop\\\/\",\"logo\":{\"@type\":\"ImageObject\",\"inLanguage\":\"de\",\"@id\":\"https:\\\/\\\/ecologa-europe.com\\\/shop\\\/#\\\/schema\\\/logo\\\/image\\\/\",\"url\":\"https:\\\/\\\/ecologa-europe.com\\\/shop\\\/wp-content\\\/uploads\\\/2025\\\/04\\\/vertical-navbar-logo.svg\",\"contentUrl\":\"https:\\\/\\\/ecologa-europe.com\\\/shop\\\/wp-content\\\/uploads\\\/2025\\\/04\\\/vertical-navbar-logo.svg\",\"width\":182,\"height\":70,\"caption\":\"Elektrosmog-Schutz Onlineshop\"},\"image\":{\"@id\":\"https:\\\/\\\/ecologa-europe.com\\\/shop\\\/#\\\/schema\\\/logo\\\/image\\\/\"},\"sameAs\":[\"https:\\\/\\\/www.facebook.com\\\/Ecologa-Europe-GmbH-1604744566252298\\\/\",\"https:\\\/\\\/www.instagram.com\\\/ecologaeurope\\\/\"]}]}<\/script>\n<!-- \/ Yoast SEO plugin. -->","yoast_head_json":{"title":"Smaltimento delle batterie e riciclaggio | Ecologa Europe","description":"Informazioni sullo smaltimento corretto delle batterie presso Ecologa Europe: restituzione, riciclaggio e informazioni legali per gli utenti finali.","robots":{"index":"index","follow":"follow","max-snippet":"max-snippet:-1","max-image-preview":"max-image-preview:large","max-video-preview":"max-video-preview:-1"},"canonical":"https:\/\/ecologa-europe.com\/shop\/informazioni-sullo-smaltimento-delle-batterie\/","og_locale":"de_DE","og_type":"article","og_title":"Smaltimento delle batterie e riciclaggio | Ecologa Europe","og_description":"Informazioni sullo smaltimento corretto delle batterie presso Ecologa Europe: restituzione, riciclaggio e informazioni legali per gli utenti finali.","og_url":"https:\/\/ecologa-europe.com\/shop\/informazioni-sullo-smaltimento-delle-batterie\/?lang=it","og_site_name":"Elektrosmog-Schutz Onlineshop","article_publisher":"https:\/\/www.facebook.com\/Ecologa-Europe-GmbH-1604744566252298\/","article_modified_time":"2025-05-16T16:17:35+00:00","og_image":[{"url":"https:\/\/ecologa-europe.com\/shop\/wp-content\/uploads\/2025\/05\/Screenshot-2025-05-08-153903.jpg","type":"","width":"","height":""}],"twitter_card":"summary_large_image","twitter_misc":{"Gesch\u00e4tzte Lesezeit":"2\u00a0Minuten"},"schema":{"@context":"https:\/\/schema.org","@graph":[{"@type":"WebPage","@id":"https:\/\/ecologa-europe.com\/shop\/informazioni-sullo-smaltimento-delle-batterie\/?lang=it","url":"https:\/\/ecologa-europe.com\/shop\/informazioni-sullo-smaltimento-delle-batterie\/?lang=it","name":"Smaltimento delle batterie e riciclaggio | Ecologa Europe","isPartOf":{"@id":"https:\/\/ecologa-europe.com\/shop\/#website"},"primaryImageOfPage":{"@id":"https:\/\/ecologa-europe.com\/shop\/informazioni-sullo-smaltimento-delle-batterie\/?lang=it#primaryimage"},"image":{"@id":"https:\/\/ecologa-europe.com\/shop\/informazioni-sullo-smaltimento-delle-batterie\/?lang=it#primaryimage"},"thumbnailUrl":"https:\/\/ecologa-europe.com\/shop\/wp-content\/uploads\/2025\/05\/Screenshot-2025-05-08-153903.jpg","datePublished":"2025-05-08T09:04:22+00:00","dateModified":"2025-05-16T16:17:35+00:00","description":"Informazioni sullo smaltimento corretto delle batterie presso Ecologa Europe: restituzione, riciclaggio e informazioni legali per gli utenti finali.","breadcrumb":{"@id":"https:\/\/ecologa-europe.com\/shop\/informazioni-sullo-smaltimento-delle-batterie\/?lang=it#breadcrumb"},"inLanguage":"de","potentialAction":[{"@type":"ReadAction","target":["https:\/\/ecologa-europe.com\/shop\/informazioni-sullo-smaltimento-delle-batterie\/?lang=it"]}]},{"@type":"ImageObject","inLanguage":"de","@id":"https:\/\/ecologa-europe.com\/shop\/informazioni-sullo-smaltimento-delle-batterie\/?lang=it#primaryimage","url":"https:\/\/ecologa-europe.com\/shop\/wp-content\/uploads\/2025\/05\/Screenshot-2025-05-08-153903.jpg","contentUrl":"https:\/\/ecologa-europe.com\/shop\/wp-content\/uploads\/2025\/05\/Screenshot-2025-05-08-153903.jpg","width":378,"height":415},{"@type":"BreadcrumbList","@id":"https:\/\/ecologa-europe.com\/shop\/informazioni-sullo-smaltimento-delle-batterie\/?lang=it#breadcrumb","itemListElement":[{"@type":"ListItem","position":1,"name":"Startseite","item":"https:\/\/ecologa-europe.com\/shop\/"},{"@type":"ListItem","position":2,"name":"Informazioni sullo smaltimento delle batterie"}]},{"@type":"WebSite","@id":"https:\/\/ecologa-europe.com\/shop\/#website","url":"https:\/\/ecologa-europe.com\/shop\/","name":"Elektrosmog-Schutz Onlineshop","description":"Ecologa Europe","publisher":{"@id":"https:\/\/ecologa-europe.com\/shop\/#organization"},"potentialAction":[{"@type":"SearchAction","target":{"@type":"EntryPoint","urlTemplate":"https:\/\/ecologa-europe.com\/shop\/?s={search_term_string}"},"query-input":{"@type":"PropertyValueSpecification","valueRequired":true,"valueName":"search_term_string"}}],"inLanguage":"de"},{"@type":"Organization","@id":"https:\/\/ecologa-europe.com\/shop\/#organization","name":"Elektrosmog-Schutz Onlineshop","url":"https:\/\/ecologa-europe.com\/shop\/","logo":{"@type":"ImageObject","inLanguage":"de","@id":"https:\/\/ecologa-europe.com\/shop\/#\/schema\/logo\/image\/","url":"https:\/\/ecologa-europe.com\/shop\/wp-content\/uploads\/2025\/04\/vertical-navbar-logo.svg","contentUrl":"https:\/\/ecologa-europe.com\/shop\/wp-content\/uploads\/2025\/04\/vertical-navbar-logo.svg","width":182,"height":70,"caption":"Elektrosmog-Schutz Onlineshop"},"image":{"@id":"https:\/\/ecologa-europe.com\/shop\/#\/schema\/logo\/image\/"},"sameAs":["https:\/\/www.facebook.com\/Ecologa-Europe-GmbH-1604744566252298\/","https:\/\/www.instagram.com\/ecologaeurope\/"]}]}},"_links":{"self":[{"href":"https:\/\/ecologa-europe.com\/shop\/wp-json\/wp\/v2\/pages\/8106","targetHints":{"allow":["GET"]}}],"collection":[{"href":"https:\/\/ecologa-europe.com\/shop\/wp-json\/wp\/v2\/pages"}],"about":[{"href":"https:\/\/ecologa-europe.com\/shop\/wp-json\/wp\/v2\/types\/page"}],"author":[{"embeddable":true,"href":"https:\/\/ecologa-europe.com\/shop\/wp-json\/wp\/v2\/users\/2"}],"replies":[{"embeddable":true,"href":"https:\/\/ecologa-europe.com\/shop\/wp-json\/wp\/v2\/comments?post=8106"}],"version-history":[{"count":1,"href":"https:\/\/ecologa-europe.com\/shop\/wp-json\/wp\/v2\/pages\/8106\/revisions"}],"predecessor-version":[{"id":8107,"href":"https:\/\/ecologa-europe.com\/shop\/wp-json\/wp\/v2\/pages\/8106\/revisions\/8107"}],"wp:attachment":[{"href":"https:\/\/ecologa-europe.com\/shop\/wp-json\/wp\/v2\/media?parent=8106"}],"curies":[{"name":"wp","href":"https:\/\/api.w.org\/{rel}","templated":true}]}}