{"id":8135,"date":"2025-05-05T13:13:16","date_gmt":"2025-05-05T13:13:16","guid":{"rendered":"https:\/\/639.pm-domains.de\/politica-di-cancellazione\/"},"modified":"2025-05-16T17:07:08","modified_gmt":"2025-05-16T17:07:08","slug":"politica-di-cancellazione","status":"publish","type":"page","link":"https:\/\/ecologa-europe.com\/shop\/politica-di-cancellazione\/?lang=it","title":{"rendered":"Politica di cancellazione"},"content":{"rendered":"\t\t<div data-elementor-type=\"wp-page\" data-elementor-id=\"8135\" class=\"elementor elementor-8135 elementor-5445\" data-elementor-post-type=\"page\">\n\t\t\t\t<div class=\"elementor-element elementor-element-4eeba764 e-flex e-con-boxed e-con e-parent\" data-id=\"4eeba764\" data-element_type=\"container\" data-e-type=\"container\" data-settings=\"{&quot;jet_parallax_layout_list&quot;:[]}\">\n\t\t\t\t\t<div class=\"e-con-inner\">\n\t\t<div class=\"elementor-element elementor-element-56c4254b e-con-full e-flex e-con e-child\" data-id=\"56c4254b\" data-element_type=\"container\" data-e-type=\"container\" data-settings=\"{&quot;jet_parallax_layout_list&quot;:[]}\">\n\t\t\t\t<div class=\"elementor-element elementor-element-6583d6cc elementor-widget elementor-widget-heading\" data-id=\"6583d6cc\" data-element_type=\"widget\" data-e-type=\"widget\" data-widget_type=\"heading.default\">\n\t\t\t\t<div class=\"elementor-widget-container\">\n\t\t\t\t\t<h1 class=\"elementor-heading-title elementor-size-default\">Politica di cancellazione<\/h1>\t\t\t\t<\/div>\n\t\t\t\t<\/div>\n\t\t\t\t<div class=\"elementor-element elementor-element-6f889b7 elementor-widget elementor-widget-text-editor\" data-id=\"6f889b7\" data-element_type=\"widget\" data-e-type=\"widget\" data-widget_type=\"text-editor.default\">\n\t\t\t\t<div class=\"elementor-widget-container\">\n\t\t\t\t\t\t\t\t\t<p class=\"PreformattedText\"><span lang=\"EN-US\">I consumatori hanno il diritto di recesso dai contratti di fornitura di beni secondo le seguenti disposizioni.<\/span><\/p><p class=\"PreformattedText\"><span lang=\"EN-US\">Il consumatore \u00e8 qualsiasi persona fisica che conclude un negozio giuridico per scopi che non possono essere prevalentemente attribuiti n\u00e9 alla sua<\/span> <span lang=\"EN-US\">attivit\u00e0 commerciale n\u00e9 alla sua attivit\u00e0 professionale autonoma.<\/span><\/p>\t\t\t\t\t\t\t\t<\/div>\n\t\t\t\t<\/div>\n\t\t\t\t<div class=\"elementor-element elementor-element-46a50df elementor-widget elementor-widget-heading\" data-id=\"46a50df\" data-element_type=\"widget\" data-e-type=\"widget\" data-widget_type=\"heading.default\">\n\t\t\t\t<div class=\"elementor-widget-container\">\n\t\t\t\t\t<h2 class=\"elementor-heading-title elementor-size-default\">Diritto di recesso<\/h2>\t\t\t\t<\/div>\n\t\t\t\t<\/div>\n\t\t\t\t<div class=\"elementor-element elementor-element-6977b892 elementor-widget elementor-widget-text-editor\" data-id=\"6977b892\" data-element_type=\"widget\" data-e-type=\"widget\" data-widget_type=\"text-editor.default\">\n\t\t\t\t<div class=\"elementor-widget-container\">\n\t\t\t\t\t\t\t\t\t<p class=\"PreformattedText\"><span lang=\"EN-US\">Lei ha il diritto di recedere dal presente contratto entro 14 giorni senza indicarne le ragioni.<\/span><\/p><p class=\"PreformattedText\"><span lang=\"EN-US\">Il termine di recesso \u00e8 di 14 giorni a partire dal giorno in cui Lei o un terzo, diverso dal vettore da Lei designato, <\/span><span lang=\"EN-US\">acquisisce il possesso fisico dell&#8217;ultimo bene.<\/span><\/p><p class=\"PreformattedText\"><span lang=\"EN-US\">Per esercitare il diritto di recesso, \u00e8 necessario informare la societ\u00e0 <\/span><span lang=\"EN-US\">(Ecologa Europe GmbH \/ Patricia B\u00f6s, Ziegelh\u00fcttenstr. 11, 63768 H\u00f6sbach, Germania, Tel: 06021\/5830120, E-Mail: info@ecologa-europe.com) <\/span><span lang=\"EN-US\">della vostra decisione di recedere dal presente contratto mediante una dichiarazione inequivocabile (ad es. lettera inviata per posta, e-mail). <\/span><\/p><p class=\"PreformattedText\"><span lang=\"EN-US\"> <\/span><span lang=\"EN-US\">\u00c8 possibile utilizzare il modulo di recesso allegato, ma non \u00e8 obbligatorio. <\/span><span lang=\"EN-US\">Potete anche compilare e inviare elettronicamente il modello di modulo di recesso o un&#8217;altra dichiarazione chiara sul nostro sito web www.ecologa-europe.com\/shop.  <\/span><span lang=\"EN-US\">Se vi avvalete di questa possibilit\u00e0, vi invieremo immediatamente una conferma di ricezione della cancellazione (ad esempio via e-mail).<\/span><\/p><p class=\"PreformattedText\"><span lang=\"EN-US\">Per rispettare il termine di recesso \u00e8 sufficiente che Lei invii la comunicazione relativa all&#8217;esercizio del diritto di recesso prima della scadenza del periodo di recesso.<\/span><\/p><p class=\"PreformattedText\"><strong><span style=\"font-style: inherit;\">Conseguenze del recesso<\/span><\/strong><br><span style=\"font-style: inherit; font-weight: inherit;\">Se recedete dal presente contratto, vi rimborseremo tutti i pagamenti da voi ricevuti, esclusi i costi di consegna <\/span><span style=\"font-style: inherit; font-weight: inherit;\">(e gli eventuali costi aggiuntivi derivanti dalla vostra scelta di un tipo di consegna diverso dal tipo meno costoso di consegna standard da noi offerto),<\/span> <span style=\"font-style: inherit; font-weight: inherit;\">immediatamente e al pi\u00f9 tardi entro quattordici giorni dal giorno in cui riceviamo la notifica del vostro annullamento del presente contratto.  <\/span><span style=\"font-style: inherit; font-weight: inherit;\">Per questo rimborso, utilizzeremo lo stesso mezzo di pagamento che avete utilizzato per la transazione originale, a meno che non sia stato espressamente concordato diversamente con voi; <\/span><span style=\"font-style: inherit; font-weight: inherit;\">in nessun caso vi sar\u00e0 addebitato alcun costo per questo rimborso. Potremmo rifiutarci di effettuare il rimborso fino a quando non avremo ricevuto indietro la merce  <\/span><span lang=\"EN-US\">o finch\u00e9 il cliente non avr\u00e0 fornito la prova di aver restituito la merce, a seconda di quale delle due condizioni si verifichi per prima.<\/span><\/p><p class=\"PreformattedText\"><span lang=\"EN-US\">Dovete restituire o consegnare la merce immediatamente e in ogni caso entro quattordici giorni dal giorno in cui ci avete informato della cancellazione del presente contratto, <\/span><span lang=\"EN-US\">restituire o consegnare la merce a noi. Il termine \u00e8 rispettato se la merce viene spedita prima della scadenza del periodo di quattordici giorni.   <\/span><span lang=\"EN-US\">I costi diretti della restituzione della merce sono a carico del cliente. I costi diretti della restituzione della merce sono a carico del cliente,  <\/span><span lang=\"EN-US\">che, a causa della loro natura, non possono essere normalmente restituiti a noi per posta (spedizione della merce), sono stimati in un massimo di circa 40 euro per ciascun articolo.<\/span><\/p><p class=\"PreformattedText\"><span lang=\"EN-US\">Dovrai rispondere dell&#8217;eventuale perdita di valore dei beni solo se tale perdita di valore \u00e8 dovuta a una manipolazione dei beni non necessaria per verificarne la qualit\u00e0, <\/span><span lang=\"EN-US\">le propriet\u00e0 e il funzionamento.<\/span><\/p>\t\t\t\t\t\t\t\t<\/div>\n\t\t\t\t<\/div>\n\t\t\t\t<div class=\"elementor-element elementor-element-1484352 elementor-widget elementor-widget-text-editor\" data-id=\"1484352\" data-element_type=\"widget\" data-e-type=\"widget\" data-widget_type=\"text-editor.default\">\n\t\t\t\t<div class=\"elementor-widget-container\">\n\t\t\t\t\t\t\t\t\t<p class=\"PreformattedText\"><strong><span lang=\"EN-US\">Esclusione o decadenza anticipata del diritto di recesso:<\/span><\/strong><br><span lang=\"EN-US\">&#8211; <\/span><span lang=\"EN-US\">per la fornitura di beni che non sono prefabbricati e per la produzione dei quali \u00e8 determinante una scelta o determinazione individuale da parte<\/span><span lang=\"EN-US\"> del consumatore o che sono evidentemente adattati alle esigenze personali del consumatore;<\/span><\/p><p class=\"PreformattedText\"><span lang=\"EN-US\">Il diritto di recesso decade anticipatamente per i contratti<\/span><br><span lang=\"EN-US\">&#8211; per la fornitura di beni sigillati che, per motivi igienici o connessi alla protezione della salute, non si<\/span> <span lang=\"EN-US\">prestano ad essere restituiti se il sigillo \u00e8 stato rimosso dopo la consegna;<\/span><br><span lang=\"EN-US\">&#8211; di fornitura di beni se, dopo la consegna, gli stessi risultano inscindibilmente mescolati con altri beni per loro natura;<\/span><br><span lang=\"EN-US\">&#8211; Se accetti di restituire un articolo acquistato, questo deve essere restituito nelle stesse condizioni in cui \u00e8 stato ricevuto originariamente.<\/span><\/p><p class=\"PreformattedText\"><span lang=\"EN-US\">Non deve essere stato disimballato o utilizzato e l&#8217;imballaggio non deve essere danneggiato, <\/span><span lang=\"EN-US\">a meno che ci\u00f2 non fosse gi\u00e0 presente al momento della consegna.  <\/span><span lang=\"EN-US\">Il cliente dovr\u00e0 restituirci a proprie spese il prodotto che non desidera tenere, imballandolo accuratamente e proteggendolo.  <\/span><span lang=\"EN-US\">Se il cliente non \u00e8 in grado di restituire in tutto o in parte il servizio ricevuto o lo restituisce solo in condizioni deteriorate, potr\u00e0 essere tenuto a pagare un risarcimento del valore.<\/span><\/p><p class=\"PreformattedText\"><span lang=\"EN-US\">Il diritto di recesso non si applica ai consumatori che, al momento della conclusione del contratto, non appartengono <\/span><span lang=\"EN-US\">a uno Stato membro dell&#8217;Unione Europea e il cui unico domicilio e indirizzo di consegna si trovano al di fuori dell&#8217;Unione Europea al momento della conclusione del contratto.<\/span><\/p>\t\t\t\t\t\t\t\t<\/div>\n\t\t\t\t<\/div>\n\t\t\t\t<div class=\"elementor-element elementor-element-e372ae4 elementor-widget elementor-widget-text-editor\" data-id=\"e372ae4\" data-element_type=\"widget\" data-e-type=\"widget\" data-widget_type=\"text-editor.default\">\n\t\t\t\t<div class=\"elementor-widget-container\">\n\t\t\t\t\t\t\t\t\t<p class=\"PreformattedText\"><strong><span lang=\"EN-US\">Esempio di modulo di cancellazione<\/span><\/strong><br><span style=\"font-style: inherit; font-weight: inherit;\">(Se desideri annullare il contratto, compila questo modulo e restituiscilo.)<\/span><\/p><p class=\"PreformattedText\"><span lang=\"EN-US\">A Ecologa Europe GmbH \/ Patricia B\u00f6s, Ziegelh\u00fcttenstr. 11, 63768 H\u00f6sbach, E-Mail: info@ecologa-europe.com <\/span><\/p><p class=\"PreformattedText\"><span style=\"font-style: inherit; font-weight: inherit;\">Con la presente io\/noi (*) recedo\/recediamo dal contratto da me\/noi concluso per l&#8217;acquisto dei seguenti beni (*)\/la fornitura del seguente servizio (*)<\/span><\/p><p class=\"PreformattedText\"><span style=\"font-style: inherit; font-weight: inherit;\">Ordinato il (*) \/ ricevuto il (*)<\/span><\/p><p class=\"PreformattedText\"><span style=\"font-style: inherit; font-weight: inherit;\">Nome del\/dei consumatore\/i<\/span><\/p><p class=\"PreformattedText\"><span style=\"font-style: inherit; font-weight: inherit;\">Indirizzo del\/dei consumatore\/i<\/span><\/p><p class=\"PreformattedText\"><span lang=\"EN-US\"> <\/span><span style=\"font-style: inherit; font-weight: inherit;\">Firma del\/dei consumatore\/i (solo se la notifica \u00e8 effettuata su carta)<\/span><\/p><p class=\"PreformattedText\"><span style=\"font-style: inherit; font-weight: inherit;\">Data<\/span><\/p><p class=\"PreformattedText\"><span style=\"font-style: inherit; font-weight: inherit;\">(*) Eliminare se opportuno<\/span><\/p>\t\t\t\t\t\t\t\t<\/div>\n\t\t\t\t<\/div>\n\t\t\t\t<\/div>\n\t\t\t\t\t<\/div>\n\t\t\t\t<\/div>\n\t\t<div class=\"elementor-element elementor-element-706d23b0 e-flex e-con-boxed e-con e-parent\" data-id=\"706d23b0\" data-element_type=\"container\" data-e-type=\"container\" data-settings=\"{&quot;jet_parallax_layout_list&quot;:[]}\">\n\t\t\t\t\t<div class=\"e-con-inner\">\n\t\t\t\t<div class=\"elementor-element elementor-element-32023ac elementor-widget elementor-widget-spacer\" data-id=\"32023ac\" data-element_type=\"widget\" data-e-type=\"widget\" data-widget_type=\"spacer.default\">\n\t\t\t\t<div class=\"elementor-widget-container\">\n\t\t\t\t\t\t\t<div class=\"elementor-spacer\">\n\t\t\t<div class=\"elementor-spacer-inner\"><\/div>\n\t\t<\/div>\n\t\t\t\t\t\t<\/div>\n\t\t\t\t<\/div>\n\t\t\t\t\t<\/div>\n\t\t\t\t<\/div>\n\t\t\t\t<\/div>\n\t\t","protected":false},"excerpt":{"rendered":"<p>Politica di cancellazione I consumatori hanno il diritto di recesso dai contratti di fornitura di beni secondo le seguenti disposizioni. [&hellip;]<\/p>\n","protected":false},"author":2,"featured_media":0,"parent":0,"menu_order":0,"comment_status":"closed","ping_status":"closed","template":"","meta":{"inline_featured_image":false,"site-sidebar-layout":"no-sidebar","site-content-layout":"","ast-site-content-layout":"full-width-container","site-content-style":"default","site-sidebar-style":"default","ast-global-header-display":"","ast-banner-title-visibility":"","ast-main-header-display":"","ast-hfb-above-header-display":"","ast-hfb-below-header-display":"","ast-hfb-mobile-header-display":"","site-post-title":"disabled","ast-breadcrumbs-content":"","ast-featured-img":"disabled","footer-sml-layout":"","ast-disable-related-posts":"","theme-transparent-header-meta":"","adv-header-id-meta":"","stick-header-meta":"","header-above-stick-meta":"","header-main-stick-meta":"","header-below-stick-meta":"","astra-migrate-meta-layouts":"default","ast-page-background-enabled":"default","ast-page-background-meta":{"desktop":{"background-color":"var(--ast-global-color-5)","background-image":"","background-repeat":"repeat","background-position":"center center","background-size":"auto","background-attachment":"scroll","background-type":"","background-media":"","overlay-type":"","overlay-color":"","overlay-opacity":"","overlay-gradient":""},"tablet":{"background-color":"","background-image":"","background-repeat":"repeat","background-position":"center center","background-size":"auto","background-attachment":"scroll","background-type":"","background-media":"","overlay-type":"","overlay-color":"","overlay-opacity":"","overlay-gradient":""},"mobile":{"background-color":"","background-image":"","background-repeat":"repeat","background-position":"center center","background-size":"auto","background-attachment":"scroll","background-type":"","background-media":"","overlay-type":"","overlay-color":"","overlay-opacity":"","overlay-gradient":""}},"ast-content-background-meta":{"desktop":{"background-color":"var(--ast-global-color-4)","background-image":"","background-repeat":"repeat","background-position":"center center","background-size":"auto","background-attachment":"scroll","background-type":"","background-media":"","overlay-type":"","overlay-color":"","overlay-opacity":"","overlay-gradient":""},"tablet":{"background-color":"var(--ast-global-color-4)","background-image":"","background-repeat":"repeat","background-position":"center center","background-size":"auto","background-attachment":"scroll","background-type":"","background-media":"","overlay-type":"","overlay-color":"","overlay-opacity":"","overlay-gradient":""},"mobile":{"background-color":"var(--ast-global-color-4)","background-image":"","background-repeat":"repeat","background-position":"center center","background-size":"auto","background-attachment":"scroll","background-type":"","background-media":"","overlay-type":"","overlay-color":"","overlay-opacity":"","overlay-gradient":""}},"footnotes":""},"class_list":["post-8135","page","type-page","status-publish","hentry"],"yoast_head":"<!-- This site is optimized with the Yoast SEO plugin v27.4 - https:\/\/yoast.com\/product\/yoast-seo-wordpress\/ -->\n<title>Politica di cancellazione - Elektrosmog-Schutz Onlineshop<\/title>\n<meta name=\"robots\" content=\"index, follow, max-snippet:-1, max-image-preview:large, max-video-preview:-1\" \/>\n<link rel=\"canonical\" href=\"https:\/\/ecologa-europe.com\/shop\/politica-di-cancellazione\/\" \/>\n<meta property=\"og:locale\" content=\"de_DE\" \/>\n<meta property=\"og:type\" content=\"article\" \/>\n<meta property=\"og:title\" content=\"Politica di cancellazione - Elektrosmog-Schutz Onlineshop\" \/>\n<meta property=\"og:description\" content=\"Politica di cancellazione I consumatori hanno il diritto di recesso dai contratti di fornitura di beni secondo le seguenti disposizioni. [&hellip;]\" \/>\n<meta property=\"og:url\" content=\"https:\/\/ecologa-europe.com\/shop\/politica-di-cancellazione\/?lang=it\" \/>\n<meta property=\"og:site_name\" content=\"Elektrosmog-Schutz Onlineshop\" \/>\n<meta property=\"article:publisher\" content=\"https:\/\/www.facebook.com\/Ecologa-Europe-GmbH-1604744566252298\/\" \/>\n<meta property=\"article:modified_time\" content=\"2025-05-16T17:07:08+00:00\" \/>\n<meta name=\"twitter:card\" content=\"summary_large_image\" \/>\n<meta name=\"twitter:label1\" content=\"Gesch\u00e4tzte Lesezeit\" \/>\n\t<meta name=\"twitter:data1\" content=\"4\u00a0Minuten\" \/>\n<script type=\"application\/ld+json\" class=\"yoast-schema-graph\">{\"@context\":\"https:\\\/\\\/schema.org\",\"@graph\":[{\"@type\":\"WebPage\",\"@id\":\"https:\\\/\\\/ecologa-europe.com\\\/shop\\\/politica-di-cancellazione\\\/?lang=it\",\"url\":\"https:\\\/\\\/ecologa-europe.com\\\/shop\\\/politica-di-cancellazione\\\/?lang=it\",\"name\":\"Politica di cancellazione - Elektrosmog-Schutz Onlineshop\",\"isPartOf\":{\"@id\":\"https:\\\/\\\/ecologa-europe.com\\\/shop\\\/#website\"},\"datePublished\":\"2025-05-05T13:13:16+00:00\",\"dateModified\":\"2025-05-16T17:07:08+00:00\",\"breadcrumb\":{\"@id\":\"https:\\\/\\\/ecologa-europe.com\\\/shop\\\/politica-di-cancellazione\\\/?lang=it#breadcrumb\"},\"inLanguage\":\"de\",\"potentialAction\":[{\"@type\":\"ReadAction\",\"target\":[\"https:\\\/\\\/ecologa-europe.com\\\/shop\\\/politica-di-cancellazione\\\/?lang=it\"]}]},{\"@type\":\"BreadcrumbList\",\"@id\":\"https:\\\/\\\/ecologa-europe.com\\\/shop\\\/politica-di-cancellazione\\\/?lang=it#breadcrumb\",\"itemListElement\":[{\"@type\":\"ListItem\",\"position\":1,\"name\":\"Startseite\",\"item\":\"https:\\\/\\\/ecologa-europe.com\\\/shop\\\/\"},{\"@type\":\"ListItem\",\"position\":2,\"name\":\"Politica di cancellazione\"}]},{\"@type\":\"WebSite\",\"@id\":\"https:\\\/\\\/ecologa-europe.com\\\/shop\\\/#website\",\"url\":\"https:\\\/\\\/ecologa-europe.com\\\/shop\\\/\",\"name\":\"Elektrosmog-Schutz Onlineshop\",\"description\":\"Ecologa Europe\",\"publisher\":{\"@id\":\"https:\\\/\\\/ecologa-europe.com\\\/shop\\\/#organization\"},\"potentialAction\":[{\"@type\":\"SearchAction\",\"target\":{\"@type\":\"EntryPoint\",\"urlTemplate\":\"https:\\\/\\\/ecologa-europe.com\\\/shop\\\/?s={search_term_string}\"},\"query-input\":{\"@type\":\"PropertyValueSpecification\",\"valueRequired\":true,\"valueName\":\"search_term_string\"}}],\"inLanguage\":\"de\"},{\"@type\":\"Organization\",\"@id\":\"https:\\\/\\\/ecologa-europe.com\\\/shop\\\/#organization\",\"name\":\"Elektrosmog-Schutz Onlineshop\",\"url\":\"https:\\\/\\\/ecologa-europe.com\\\/shop\\\/\",\"logo\":{\"@type\":\"ImageObject\",\"inLanguage\":\"de\",\"@id\":\"https:\\\/\\\/ecologa-europe.com\\\/shop\\\/#\\\/schema\\\/logo\\\/image\\\/\",\"url\":\"https:\\\/\\\/ecologa-europe.com\\\/shop\\\/wp-content\\\/uploads\\\/2025\\\/04\\\/vertical-navbar-logo.svg\",\"contentUrl\":\"https:\\\/\\\/ecologa-europe.com\\\/shop\\\/wp-content\\\/uploads\\\/2025\\\/04\\\/vertical-navbar-logo.svg\",\"width\":182,\"height\":70,\"caption\":\"Elektrosmog-Schutz Onlineshop\"},\"image\":{\"@id\":\"https:\\\/\\\/ecologa-europe.com\\\/shop\\\/#\\\/schema\\\/logo\\\/image\\\/\"},\"sameAs\":[\"https:\\\/\\\/www.facebook.com\\\/Ecologa-Europe-GmbH-1604744566252298\\\/\",\"https:\\\/\\\/www.instagram.com\\\/ecologaeurope\\\/\"]}]}<\/script>\n<!-- \/ Yoast SEO plugin. -->","yoast_head_json":{"title":"Politica di cancellazione - Elektrosmog-Schutz Onlineshop","robots":{"index":"index","follow":"follow","max-snippet":"max-snippet:-1","max-image-preview":"max-image-preview:large","max-video-preview":"max-video-preview:-1"},"canonical":"https:\/\/ecologa-europe.com\/shop\/politica-di-cancellazione\/","og_locale":"de_DE","og_type":"article","og_title":"Politica di cancellazione - Elektrosmog-Schutz Onlineshop","og_description":"Politica di cancellazione I consumatori hanno il diritto di recesso dai contratti di fornitura di beni secondo le seguenti disposizioni. [&hellip;]","og_url":"https:\/\/ecologa-europe.com\/shop\/politica-di-cancellazione\/?lang=it","og_site_name":"Elektrosmog-Schutz Onlineshop","article_publisher":"https:\/\/www.facebook.com\/Ecologa-Europe-GmbH-1604744566252298\/","article_modified_time":"2025-05-16T17:07:08+00:00","twitter_card":"summary_large_image","twitter_misc":{"Gesch\u00e4tzte Lesezeit":"4\u00a0Minuten"},"schema":{"@context":"https:\/\/schema.org","@graph":[{"@type":"WebPage","@id":"https:\/\/ecologa-europe.com\/shop\/politica-di-cancellazione\/?lang=it","url":"https:\/\/ecologa-europe.com\/shop\/politica-di-cancellazione\/?lang=it","name":"Politica di cancellazione - Elektrosmog-Schutz Onlineshop","isPartOf":{"@id":"https:\/\/ecologa-europe.com\/shop\/#website"},"datePublished":"2025-05-05T13:13:16+00:00","dateModified":"2025-05-16T17:07:08+00:00","breadcrumb":{"@id":"https:\/\/ecologa-europe.com\/shop\/politica-di-cancellazione\/?lang=it#breadcrumb"},"inLanguage":"de","potentialAction":[{"@type":"ReadAction","target":["https:\/\/ecologa-europe.com\/shop\/politica-di-cancellazione\/?lang=it"]}]},{"@type":"BreadcrumbList","@id":"https:\/\/ecologa-europe.com\/shop\/politica-di-cancellazione\/?lang=it#breadcrumb","itemListElement":[{"@type":"ListItem","position":1,"name":"Startseite","item":"https:\/\/ecologa-europe.com\/shop\/"},{"@type":"ListItem","position":2,"name":"Politica di cancellazione"}]},{"@type":"WebSite","@id":"https:\/\/ecologa-europe.com\/shop\/#website","url":"https:\/\/ecologa-europe.com\/shop\/","name":"Elektrosmog-Schutz Onlineshop","description":"Ecologa Europe","publisher":{"@id":"https:\/\/ecologa-europe.com\/shop\/#organization"},"potentialAction":[{"@type":"SearchAction","target":{"@type":"EntryPoint","urlTemplate":"https:\/\/ecologa-europe.com\/shop\/?s={search_term_string}"},"query-input":{"@type":"PropertyValueSpecification","valueRequired":true,"valueName":"search_term_string"}}],"inLanguage":"de"},{"@type":"Organization","@id":"https:\/\/ecologa-europe.com\/shop\/#organization","name":"Elektrosmog-Schutz Onlineshop","url":"https:\/\/ecologa-europe.com\/shop\/","logo":{"@type":"ImageObject","inLanguage":"de","@id":"https:\/\/ecologa-europe.com\/shop\/#\/schema\/logo\/image\/","url":"https:\/\/ecologa-europe.com\/shop\/wp-content\/uploads\/2025\/04\/vertical-navbar-logo.svg","contentUrl":"https:\/\/ecologa-europe.com\/shop\/wp-content\/uploads\/2025\/04\/vertical-navbar-logo.svg","width":182,"height":70,"caption":"Elektrosmog-Schutz Onlineshop"},"image":{"@id":"https:\/\/ecologa-europe.com\/shop\/#\/schema\/logo\/image\/"},"sameAs":["https:\/\/www.facebook.com\/Ecologa-Europe-GmbH-1604744566252298\/","https:\/\/www.instagram.com\/ecologaeurope\/"]}]}},"_links":{"self":[{"href":"https:\/\/ecologa-europe.com\/shop\/wp-json\/wp\/v2\/pages\/8135","targetHints":{"allow":["GET"]}}],"collection":[{"href":"https:\/\/ecologa-europe.com\/shop\/wp-json\/wp\/v2\/pages"}],"about":[{"href":"https:\/\/ecologa-europe.com\/shop\/wp-json\/wp\/v2\/types\/page"}],"author":[{"embeddable":true,"href":"https:\/\/ecologa-europe.com\/shop\/wp-json\/wp\/v2\/users\/2"}],"replies":[{"embeddable":true,"href":"https:\/\/ecologa-europe.com\/shop\/wp-json\/wp\/v2\/comments?post=8135"}],"version-history":[{"count":1,"href":"https:\/\/ecologa-europe.com\/shop\/wp-json\/wp\/v2\/pages\/8135\/revisions"}],"predecessor-version":[{"id":8136,"href":"https:\/\/ecologa-europe.com\/shop\/wp-json\/wp\/v2\/pages\/8135\/revisions\/8136"}],"wp:attachment":[{"href":"https:\/\/ecologa-europe.com\/shop\/wp-json\/wp\/v2\/media?parent=8135"}],"curies":[{"name":"wp","href":"https:\/\/api.w.org\/{rel}","templated":true}]}}