{"id":10257,"date":"2026-01-27T08:19:17","date_gmt":"2026-01-27T08:19:17","guid":{"rendered":"https:\/\/ecologa-europe.com\/shop\/?post_type=product&#038;p=10257"},"modified":"2026-02-01T09:37:14","modified_gmt":"2026-02-01T09:37:14","slug":"abschirmbaumwolle-ventus","status":"publish","type":"product","link":"https:\/\/ecologa-europe.com\/shop\/produkt\/abschirmbaumwolle-ventus\/","title":{"rendered":"Abschirmbaumwolle Ventus"},"content":{"rendered":"<h2 class=\"western\">Abschirmbaumwolle Ventus<br \/>\n<strong>Unsichtbarer Schutz. Sp\u00fcrbarer Komfort.\u00a0<\/strong><\/h2>\n<p><strong>Hochwertiger Abschirmstoff aus Baumwolle zur Reduktion von Elektrosmog und hochfrequenter elektromagnetischer Strahlung (z. B. WLAN, Mobilfunk, 5G).<\/strong><\/p>\n<p>Verwandeln Sie Ihr Zuhause in eine Oase der Ruhe und Sicherheit. <strong>Swiss Shield\u00ae Ventus<\/strong> ist mehr als ein Stoff \u2013 es ist ein Versprechen f\u00fcr Schutz, Wohlbefinden und luxuri\u00f6sen Wohnkomfort. Entwickelt mit modernster Schweizer Technologie vereint Ventus hochwirksame elektromagnetische Abschirmung mit einer au\u00dfergew\u00f6hnlich weichen, leichten und luftigen Textilqualit\u00e4t.<\/p>\n<hr \/>\n<h4 class=\"western\">Schutz, der sich gut anf\u00fchlt<\/h4>\n<p>Dank des patentierten <strong>Swiss Shield\u00ae Hightech-Garns<\/strong> sch\u00fctzt Ventus zuverl\u00e4ssig vor hochfrequenter elektromagnetischer Strahlung, wie sie durch WLAN, Mobilfunk, DECT-Telefone oder 5G-Anwendungen entsteht \u2013 ganz ohne sp\u00fcrbare Einschr\u00e4nkung Ihres Wohngef\u00fchls.<\/p>\n<p>Der halbtransparente Baumwollstoff l\u00e4sst Licht und Luft sanft durchflie\u00dfen und schafft eine Atmosph\u00e4re von Geborgenheit, Leichtigkeit und nat\u00fcrlichem Wohnkomfort.<\/p>\n<hr \/>\n<h4 class=\"western\">Technischer Hintergrund zur Abschirmwirkung<\/h4>\n<p>Swiss Shield\u00ae Ventus ist ein speziell entwickeltes <strong>Abschirmgewebe gegen Elektrosmog<\/strong>. Die im Stoff integrierte Kupfer-\/Silberfaser reflektiert und d\u00e4mpft elektromagnetische Felder im Hochfrequenzbereich effektiv.<\/p>\n<p>Die Abschirmwirkung wird als <strong>Schirmd\u00e4mpfung in Dezibel (dB)<\/strong> angegeben und entspricht einer deutlichen Reduktion der Funkbelastung in Wohn- und Schlafr\u00e4umen.<\/p>\n<hr \/>\n<h4 class=\"western\">Bew\u00e4hrte Leistung \u2013 diskret integriert<\/h4>\n<ul>\n<li><strong>Bis zu 99,998 % Abschirmung bei 1 GHz<\/strong> (typischer Mobilfunk- und WLAN-Frequenzbereich)<\/li>\n<li><strong>Bis zu 99,974 % Abschirmung bei 3,5 GHz<\/strong> (z. B. 5G-Frequenzbereich)<\/li>\n<\/ul>\n<p>Maximale Schutzwirkung \u2013 dezent und nahezu unsichtbar in Ihr Wohnkonzept eingebettet.<\/p>\n<hr \/>\n<h4 class=\"western\">Perfekt f\u00fcr Baldachine, Vorh\u00e4nge &amp; stilvolle Innenr\u00e4ume<\/h4>\n<p>Ob als luxuri\u00f6ser Baldachin, eleganter Vorhang oder ma\u00dfgeschneiderte textile Innenrauml\u00f6sung \u2013 Ventus wurde gezielt f\u00fcr Anwendungen entwickelt, bei denen <strong>\u00c4sthetik, Komfort und elektromagnetische Abschirmung<\/strong> Hand in Hand gehen.<\/p>\n<p>Der Stoff ist weich, atmungsaktiv und federleicht und tr\u00e4gt zu einem angenehmen Raumklima bei \u2013 Tag und Nacht.<\/p>\n<hr \/>\n<h4 class=\"western\">Pflegeleicht. Langlebig. Alltagstauglich.<\/h4>\n<p>Ventus ist <strong>nicht elektrisch leitf\u00e4hig<\/strong> und ben\u00f6tigt <strong>keine Erdung<\/strong>. Der Abschirmstoff \u00fcberzeugt durch hohe Alltagstauglichkeit, Form- und Farbstabilit\u00e4t sowie eine lange Lebensdauer. Waschbar, b\u00fcgelbar und robust \u2013 ideal f\u00fcr den dauerhaften Einsatz in anspruchsvollen Wohnumgebungen.<\/p>\n<hr \/>\n<h4 class=\"western\">Verantwortung, die man f\u00fchlt<\/h4>\n<p>Mit der <strong>OEKO-TEX\u00ae STANDARD 100 Zertifizierung<\/strong> steht Swiss Shield\u00ae Ventus f\u00fcr h\u00f6chste Gesundheits- und Umweltstandards. Frei von Schadstoffen, nachhaltig produziert und gepr\u00fcft nach strengeren Kriterien als gesetzlich vorgeschrieben.<\/p>\n<hr \/>\n<h4 class=\"western\">Swiss Shield\u00ae Ventus<\/h4>\n<p><strong>Der Premium-Abschirmstoff f\u00fcr Menschen, die Schutz nicht sehen \u2013 aber sp\u00fcren wollen.<\/strong><\/p>\n<p>\u2714 Hochwirksame Abschirmung gegen Elektrosmog<br \/>\n\u2714 Licht- und luftdurchl\u00e4ssig<br \/>\n\u2714 Luxuri\u00f6se Haptik<br \/>\n\u2714 Keine Erdung notwendig<br \/>\n\u2714 Schweizer Qualit\u00e4tsstandard<\/p>\n<hr \/>\n<h4 class=\"western\">Technische Daten<\/h4>\n<ul>\n<li><strong>Breite:<\/strong> 245 cm (\u00b1 5 %)<\/li>\n<li><strong>L\u00e4nge:<\/strong> Meterware<\/li>\n<li><strong>Schirmd\u00e4mpfung:<\/strong> 47 dB<\/li>\n<li><strong>Farbe:<\/strong> Ecru-Wei\u00df<\/li>\n<li><strong>Rohstoffe:<\/strong> 78 % Baumwolle, 22 % Kupfer \/ Silber<\/li>\n<li><strong>Fl\u00e4chengewicht:<\/strong> 79 g\/m\u00b2<\/li>\n<li><strong>Dimensionsstabilit\u00e4t:<\/strong> \u00b1 3 %<\/li>\n<\/ul>\n<hr \/>\n<h4 class=\"western\">Pflegehinweise<\/h4>\n<ul>\n<li>Schonendes Waschen bei 30 \u00b0C<\/li>\n<li>B\u00fcgeln ohne Dampf, Stufe 1<\/li>\n<li>Nicht im Trockner trocknen<\/li>\n<li>Nicht bleichen<\/li>\n<li>Nicht chemisch reinigen<\/li>\n<\/ul>\n<hr \/>\n<h4 class=\"western\">H\u00e4ufige Fragen (FAQ)<\/h4>\n<p><strong>Sch\u00fctzt Ventus vor Elektrosmog?<\/strong><br \/>\nJa. Veil wurde zur Reduktion hochfrequenter elektromagnetischer Strahlung entwickelt, wie sie durch WLAN, Mobilfunk oder 5G entsteht.<\/p>\n<p><strong>L\u00e4sst der halbtransparente Baumwollstoff Licht und Luft durch?<\/strong><br \/>\nJa. Ventus ist bewusst\u00a0 licht- und luftdurchl\u00e4ssig und eignet sich f\u00fcr dezente Abschirml\u00f6sungen.<\/p>\n<p><strong>Ist eine Erdung notwendig?<\/strong><br \/>\nNein. Der Stoff ist f\u00fcr textile Anwendungen konzipiert und ben\u00f6tigt keine Erdung.<\/p>\n<p><strong>Eignet sich Ventus f\u00fcr Schlafr\u00e4ume?<\/strong><br \/>\nJa. Besonders als Vorhang oder Baldachin wird Veil h\u00e4ufig im Schlafbereich eingesetzt.<\/p>\n<hr \/>\n\n<table id=\"tablepress-108\" class=\"tablepress tablepress-id-108\">\n<thead>\n<tr class=\"row-1\">\n\t<td class=\"column-1\"><\/td><th class=\"column-2\">Frequenz \/ Anwendung (MHz)<\/th><th class=\"column-3\">Dezibel (dB)<\/th><th class=\"column-4\">Prozent (%)<\/th>\n<\/tr>\n<\/thead>\n<tbody class=\"row-striping row-hover\">\n<tr class=\"row-2\">\n\t<td class=\"column-1\">LTE \/ 5G wide<\/td><td class=\"column-2\">700 - 750 MHz<\/td><td class=\"column-3\">48dB<\/td><td class=\"column-4\">99,99%<\/td>\n<\/tr>\n<tr class=\"row-3\">\n\t<td class=\"column-1\">LTE<\/td><td class=\"column-2\">790 - 820 MHz<\/td><td class=\"column-3\">48dB<\/td><td class=\"column-4\">99,99%<\/td>\n<\/tr>\n<tr class=\"row-4\">\n\t<td class=\"column-1\">GSM \/ LTE<\/td><td class=\"column-2\">920 - 960 MHz<\/td><td class=\"column-3\">47dB<\/td><td class=\"column-4\">99,99%<\/td>\n<\/tr>\n<tr class=\"row-5\">\n\t<td class=\"column-1\">5G wide (SDL)<\/td><td class=\"column-2\">1450 - 1500 MHz<\/td><td class=\"column-3\">45dB<\/td><td class=\"column-4\">99,99%<\/td>\n<\/tr>\n<tr class=\"row-6\">\n\t<td class=\"column-1\">GSM \/ LTE<\/td><td class=\"column-2\">1800 - 1880 MHz<\/td><td class=\"column-3\">44dB<\/td><td class=\"column-4\">99,99%<\/td>\n<\/tr>\n<tr class=\"row-7\">\n\t<td class=\"column-1\">DECT <\/td><td class=\"column-2\">1880 - 1900 MHz<\/td><td class=\"column-3\">43dB<\/td><td class=\"column-4\">99,99%<\/td>\n<\/tr>\n<tr class=\"row-8\">\n\t<td class=\"column-1\">LTE \/ 5G wide, UMTS<\/td><td class=\"column-2\">2100 - 2170 MHz<\/td><td class=\"column-3\">41dB<\/td><td class=\"column-4\">99,99%<\/td>\n<\/tr>\n<tr class=\"row-9\">\n\t<td class=\"column-1\">WLAN \/WIFI 2400 2400<\/td><td class=\"column-2\">2400 - 2500 MHz<\/td><td class=\"column-3\">40dB<\/td><td class=\"column-4\">99,99%<\/td>\n<\/tr>\n<tr class=\"row-10\">\n\t<td class=\"column-1\">LTE<\/td><td class=\"column-2\">2620 - 1690 MHz<\/td><td class=\"column-3\">38dB<\/td><td class=\"column-4\">99,98%<\/td>\n<\/tr>\n<tr class=\"row-11\">\n\t<td class=\"column-1\">5G fast<\/td><td class=\"column-2\">3400 - 3700 MHz<\/td><td class=\"column-3\">34dB<\/td><td class=\"column-4\">99,96%<\/td>\n<\/tr>\n<tr class=\"row-12\">\n\t<td class=\"column-1\">WLAN \/ WIFI 5200<\/td><td class=\"column-2\">5150 - 5350 MHz<\/td><td class=\"column-3\">30dB<\/td><td class=\"column-4\">99,90%<\/td>\n<\/tr>\n<tr class=\"row-13\">\n\t<td class=\"column-1\">5G mmWave<\/td><td class=\"column-2\">20 000 MHz<\/td><td class=\"column-3\">22dB<\/td><td class=\"column-4\">99,36%<\/td>\n<\/tr>\n<tr class=\"row-14\">\n\t<td class=\"column-1\">5G mmWave<\/td><td class=\"column-2\">30 000 MHz<\/td><td class=\"column-3\">18dB<\/td><td class=\"column-4\">98,41%<\/td>\n<\/tr>\n<tr class=\"row-15\">\n\t<td class=\"column-1\">5G mmWave<\/td><td class=\"column-2\">40 000 MHz<\/td><td class=\"column-3\">18dB<\/td><td class=\"column-4\">98,41%<\/td>\n<\/tr>\n<\/tbody>\n<\/table>\n\n","protected":false},"excerpt":{"rendered":"<h5><strong><span style=\"color: #000000;\">Unsichtbarer Schutz. Sp\u00fcrbarer Komfort.<\/span><\/strong><\/h5>\n<p>&nbsp;<\/p>\n<p>Swiss Shield\u00ae Ventus ist eine hochwertige Abschirmbaumwolle aus nat\u00fcrlicher Baumwolle \u2013 entwickelt f\u00fcr ruhige, gesch\u00fctzte Schlafr\u00e4ume.<br \/>\nDer halbtransparente Stoff reduziert hochfrequente elektromagnetische Strahlung (z. B. WLAN, Mobilfunk, 5G), ohne Licht, Luft oder Wohnkomfort zu beeintr\u00e4chtigen.<\/p>\n<p>\u2714 Sanfter Schutz vor Elektrosmog im Schlafbereich<br \/>\n\u2714 Luftig, weich &amp; kaum sp\u00fcrbar<br \/>\n\u2714 Ideal f\u00fcr Baldachine &amp; Schlafzimmer-Vorh\u00e4nge<br \/>\n\u2714 Keine Erdung notwendig<br \/>\n\u2714 Schweizer Premium-Qualit\u00e4t<\/p>\n<p>&nbsp;<\/p>\n","protected":false},"featured_media":10333,"template":"","meta":{"inline_featured_image":false,"site-sidebar-layout":"default","site-content-layout":"","ast-site-content-layout":"default","site-content-style":"default","site-sidebar-style":"default","ast-global-header-display":"","ast-banner-title-visibility":"","ast-main-header-display":"","ast-hfb-above-header-display":"","ast-hfb-below-header-display":"","ast-hfb-mobile-header-display":"","site-post-title":"","ast-breadcrumbs-content":"","ast-featured-img":"","footer-sml-layout":"","ast-disable-related-posts":"","theme-transparent-header-meta":"default","adv-header-id-meta":"","stick-header-meta":"","header-above-stick-meta":"","header-main-stick-meta":"","header-below-stick-meta":"","astra-migrate-meta-layouts":"set","ast-page-background-enabled":"default","ast-page-background-meta":{"desktop":{"background-color":"var(--ast-global-color-5)","background-image":"","background-repeat":"repeat","background-position":"center center","background-size":"auto","background-attachment":"scroll","background-type":"","background-media":"","overlay-type":"","overlay-color":"","overlay-opacity":"","overlay-gradient":""},"tablet":{"background-color":"","background-image":"","background-repeat":"repeat","background-position":"center center","background-size":"auto","background-attachment":"scroll","background-type":"","background-media":"","overlay-type":"","overlay-color":"","overlay-opacity":"","overlay-gradient":""},"mobile":{"background-color":"","background-image":"","background-repeat":"repeat","background-position":"center center","background-size":"auto","background-attachment":"scroll","background-type":"","background-media":"","overlay-type":"","overlay-color":"","overlay-opacity":"","overlay-gradient":""}},"ast-content-background-meta":{"desktop":{"background-color":"var(--ast-global-color-4)","background-image":"","background-repeat":"repeat","background-position":"center center","background-size":"auto","background-attachment":"scroll","background-type":"","background-media":"","overlay-type":"","overlay-color":"","overlay-opacity":"","overlay-gradient":""},"tablet":{"background-color":"var(--ast-global-color-4)","background-image":"","background-repeat":"repeat","background-position":"center center","background-size":"auto","background-attachment":"scroll","background-type":"","background-media":"","overlay-type":"","overlay-color":"","overlay-opacity":"","overlay-gradient":""},"mobile":{"background-color":"var(--ast-global-color-4)","background-image":"","background-repeat":"repeat","background-position":"center center","background-size":"auto","background-attachment":"scroll","background-type":"","background-media":"","overlay-type":"","overlay-color":"","overlay-opacity":"","overlay-gradient":""}}},"product_brand":[],"product_cat":[53,83,52],"product_tag":[109,21,33],"class_list":{"0":"post-10257","1":"product","2":"type-product","3":"status-publish","4":"has-post-thumbnail","6":"product_cat-hochfrequenz","7":"product_cat-slider-start-1","8":"product_cat-stoffe-und-gewebe","9":"product_tag-abschirmgewebe","10":"product_tag-schutz-vor-5g","11":"product_tag-schutz-vor-elektrosmog","12":"product_shipping_class-standardversand","13":"desktop-align-left","14":"tablet-align-left","15":"mobile-align-left","17":"first","18":"instock","19":"taxable","20":"shipping-taxable","21":"purchasable","22":"product-type-simple"},"yoast_head":"<!-- This site is optimized with the Yoast SEO plugin v27.3 - https:\/\/yoast.com\/product\/yoast-seo-wordpress\/ -->\n<title>Abschirmbaumwolle Ventus - Elektrosmog-Schutz Onlineshop<\/title>\n<meta name=\"description\" content=\"Hochwertiger Abschirmstoff aus Baumwolle zur Reduktion von Elektrosmog und hochfrequenter elektromagnetischer Strahlung (z. B. WLAN, Mobilfunk, 5G).\" \/>\n<meta name=\"robots\" content=\"index, follow, max-snippet:-1, max-image-preview:large, max-video-preview:-1\" \/>\n<link rel=\"canonical\" href=\"https:\/\/ecologa-europe.com\/shop\/produkt\/abschirmbaumwolle-ventus\/\" \/>\n<meta property=\"og:locale\" content=\"de_DE\" \/>\n<meta property=\"og:type\" content=\"article\" \/>\n<meta property=\"og:title\" content=\"Abschirmbaumwolle Ventus - Elektrosmog-Schutz Onlineshop\" \/>\n<meta property=\"og:description\" content=\"Hochwertiger Abschirmstoff aus Baumwolle zur Reduktion von Elektrosmog und hochfrequenter elektromagnetischer Strahlung (z. B. WLAN, Mobilfunk, 5G).\" \/>\n<meta property=\"og:url\" content=\"https:\/\/ecologa-europe.com\/shop\/produkt\/abschirmbaumwolle-ventus\/\" \/>\n<meta property=\"og:site_name\" content=\"Elektrosmog-Schutz Onlineshop\" \/>\n<meta property=\"article:publisher\" content=\"https:\/\/www.facebook.com\/Ecologa-Europe-GmbH-1604744566252298\/\" \/>\n<meta property=\"article:modified_time\" content=\"2026-02-01T09:37:14+00:00\" \/>\n<meta property=\"og:image\" content=\"https:\/\/ecologa-europe.com\/shop\/wp-content\/uploads\/2026\/01\/Ventus.png\" \/>\n\t<meta property=\"og:image:width\" content=\"488\" \/>\n\t<meta property=\"og:image:height\" content=\"494\" \/>\n\t<meta property=\"og:image:type\" content=\"image\/png\" \/>\n<meta name=\"twitter:card\" content=\"summary_large_image\" \/>\n<meta name=\"twitter:label1\" content=\"Gesch\u00e4tzte Lesezeit\" \/>\n\t<meta name=\"twitter:data1\" content=\"3\u00a0Minuten\" \/>\n<script type=\"application\/ld+json\" class=\"yoast-schema-graph\">{\"@context\":\"https:\\\/\\\/schema.org\",\"@graph\":[{\"@type\":\"WebPage\",\"@id\":\"https:\\\/\\\/ecologa-europe.com\\\/shop\\\/produkt\\\/abschirmbaumwolle-ventus\\\/\",\"url\":\"https:\\\/\\\/ecologa-europe.com\\\/shop\\\/produkt\\\/abschirmbaumwolle-ventus\\\/\",\"name\":\"Abschirmbaumwolle Ventus - Elektrosmog-Schutz Onlineshop\",\"isPartOf\":{\"@id\":\"https:\\\/\\\/ecologa-europe.com\\\/shop\\\/#website\"},\"primaryImageOfPage\":{\"@id\":\"https:\\\/\\\/ecologa-europe.com\\\/shop\\\/produkt\\\/abschirmbaumwolle-ventus\\\/#primaryimage\"},\"image\":{\"@id\":\"https:\\\/\\\/ecologa-europe.com\\\/shop\\\/produkt\\\/abschirmbaumwolle-ventus\\\/#primaryimage\"},\"thumbnailUrl\":\"https:\\\/\\\/ecologa-europe.com\\\/shop\\\/wp-content\\\/uploads\\\/2026\\\/01\\\/Ventus.png\",\"datePublished\":\"2026-01-27T08:19:17+00:00\",\"dateModified\":\"2026-02-01T09:37:14+00:00\",\"description\":\"Hochwertiger Abschirmstoff aus Baumwolle zur Reduktion von Elektrosmog und hochfrequenter elektromagnetischer Strahlung (z. B. WLAN, Mobilfunk, 5G).\",\"breadcrumb\":{\"@id\":\"https:\\\/\\\/ecologa-europe.com\\\/shop\\\/produkt\\\/abschirmbaumwolle-ventus\\\/#breadcrumb\"},\"inLanguage\":\"de\",\"potentialAction\":[{\"@type\":\"ReadAction\",\"target\":[\"https:\\\/\\\/ecologa-europe.com\\\/shop\\\/produkt\\\/abschirmbaumwolle-ventus\\\/\"]}]},{\"@type\":\"ImageObject\",\"inLanguage\":\"de\",\"@id\":\"https:\\\/\\\/ecologa-europe.com\\\/shop\\\/produkt\\\/abschirmbaumwolle-ventus\\\/#primaryimage\",\"url\":\"https:\\\/\\\/ecologa-europe.com\\\/shop\\\/wp-content\\\/uploads\\\/2026\\\/01\\\/Ventus.png\",\"contentUrl\":\"https:\\\/\\\/ecologa-europe.com\\\/shop\\\/wp-content\\\/uploads\\\/2026\\\/01\\\/Ventus.png\",\"width\":488,\"height\":494},{\"@type\":\"BreadcrumbList\",\"@id\":\"https:\\\/\\\/ecologa-europe.com\\\/shop\\\/produkt\\\/abschirmbaumwolle-ventus\\\/#breadcrumb\",\"itemListElement\":[{\"@type\":\"ListItem\",\"position\":1,\"name\":\"Startseite\",\"item\":\"https:\\\/\\\/ecologa-europe.com\\\/shop\\\/\"},{\"@type\":\"ListItem\",\"position\":2,\"name\":\"Shop\",\"item\":\"https:\\\/\\\/ecologa-europe.com\\\/shop\\\/shop\\\/\"},{\"@type\":\"ListItem\",\"position\":3,\"name\":\"Abschirmbaumwolle Ventus\"}]},{\"@type\":\"WebSite\",\"@id\":\"https:\\\/\\\/ecologa-europe.com\\\/shop\\\/#website\",\"url\":\"https:\\\/\\\/ecologa-europe.com\\\/shop\\\/\",\"name\":\"Elektrosmog-Schutz Onlineshop\",\"description\":\"Ecologa Europe\",\"publisher\":{\"@id\":\"https:\\\/\\\/ecologa-europe.com\\\/shop\\\/#organization\"},\"potentialAction\":[{\"@type\":\"SearchAction\",\"target\":{\"@type\":\"EntryPoint\",\"urlTemplate\":\"https:\\\/\\\/ecologa-europe.com\\\/shop\\\/?s={search_term_string}\"},\"query-input\":{\"@type\":\"PropertyValueSpecification\",\"valueRequired\":true,\"valueName\":\"search_term_string\"}}],\"inLanguage\":\"de\"},{\"@type\":\"Organization\",\"@id\":\"https:\\\/\\\/ecologa-europe.com\\\/shop\\\/#organization\",\"name\":\"Elektrosmog-Schutz Onlineshop\",\"url\":\"https:\\\/\\\/ecologa-europe.com\\\/shop\\\/\",\"logo\":{\"@type\":\"ImageObject\",\"inLanguage\":\"de\",\"@id\":\"https:\\\/\\\/ecologa-europe.com\\\/shop\\\/#\\\/schema\\\/logo\\\/image\\\/\",\"url\":\"https:\\\/\\\/ecologa-europe.com\\\/shop\\\/wp-content\\\/uploads\\\/2025\\\/04\\\/vertical-navbar-logo.svg\",\"contentUrl\":\"https:\\\/\\\/ecologa-europe.com\\\/shop\\\/wp-content\\\/uploads\\\/2025\\\/04\\\/vertical-navbar-logo.svg\",\"width\":182,\"height\":70,\"caption\":\"Elektrosmog-Schutz Onlineshop\"},\"image\":{\"@id\":\"https:\\\/\\\/ecologa-europe.com\\\/shop\\\/#\\\/schema\\\/logo\\\/image\\\/\"},\"sameAs\":[\"https:\\\/\\\/www.facebook.com\\\/Ecologa-Europe-GmbH-1604744566252298\\\/\",\"https:\\\/\\\/www.instagram.com\\\/ecologaeurope\\\/\"]}]}<\/script>\n<!-- \/ Yoast SEO plugin. -->","yoast_head_json":{"title":"Abschirmbaumwolle Ventus - Elektrosmog-Schutz Onlineshop","description":"Hochwertiger Abschirmstoff aus Baumwolle zur Reduktion von Elektrosmog und hochfrequenter elektromagnetischer Strahlung (z. B. WLAN, Mobilfunk, 5G).","robots":{"index":"index","follow":"follow","max-snippet":"max-snippet:-1","max-image-preview":"max-image-preview:large","max-video-preview":"max-video-preview:-1"},"canonical":"https:\/\/ecologa-europe.com\/shop\/produkt\/abschirmbaumwolle-ventus\/","og_locale":"de_DE","og_type":"article","og_title":"Abschirmbaumwolle Ventus - Elektrosmog-Schutz Onlineshop","og_description":"Hochwertiger Abschirmstoff aus Baumwolle zur Reduktion von Elektrosmog und hochfrequenter elektromagnetischer Strahlung (z. B. WLAN, Mobilfunk, 5G).","og_url":"https:\/\/ecologa-europe.com\/shop\/produkt\/abschirmbaumwolle-ventus\/","og_site_name":"Elektrosmog-Schutz Onlineshop","article_publisher":"https:\/\/www.facebook.com\/Ecologa-Europe-GmbH-1604744566252298\/","article_modified_time":"2026-02-01T09:37:14+00:00","og_image":[{"width":488,"height":494,"url":"https:\/\/ecologa-europe.com\/shop\/wp-content\/uploads\/2026\/01\/Ventus.png","type":"image\/png"}],"twitter_card":"summary_large_image","twitter_misc":{"Gesch\u00e4tzte Lesezeit":"3\u00a0Minuten"},"schema":{"@context":"https:\/\/schema.org","@graph":[{"@type":"WebPage","@id":"https:\/\/ecologa-europe.com\/shop\/produkt\/abschirmbaumwolle-ventus\/","url":"https:\/\/ecologa-europe.com\/shop\/produkt\/abschirmbaumwolle-ventus\/","name":"Abschirmbaumwolle Ventus - Elektrosmog-Schutz Onlineshop","isPartOf":{"@id":"https:\/\/ecologa-europe.com\/shop\/#website"},"primaryImageOfPage":{"@id":"https:\/\/ecologa-europe.com\/shop\/produkt\/abschirmbaumwolle-ventus\/#primaryimage"},"image":{"@id":"https:\/\/ecologa-europe.com\/shop\/produkt\/abschirmbaumwolle-ventus\/#primaryimage"},"thumbnailUrl":"https:\/\/ecologa-europe.com\/shop\/wp-content\/uploads\/2026\/01\/Ventus.png","datePublished":"2026-01-27T08:19:17+00:00","dateModified":"2026-02-01T09:37:14+00:00","description":"Hochwertiger Abschirmstoff aus Baumwolle zur Reduktion von Elektrosmog und hochfrequenter elektromagnetischer Strahlung (z. B. WLAN, Mobilfunk, 5G).","breadcrumb":{"@id":"https:\/\/ecologa-europe.com\/shop\/produkt\/abschirmbaumwolle-ventus\/#breadcrumb"},"inLanguage":"de","potentialAction":[{"@type":"ReadAction","target":["https:\/\/ecologa-europe.com\/shop\/produkt\/abschirmbaumwolle-ventus\/"]}]},{"@type":"ImageObject","inLanguage":"de","@id":"https:\/\/ecologa-europe.com\/shop\/produkt\/abschirmbaumwolle-ventus\/#primaryimage","url":"https:\/\/ecologa-europe.com\/shop\/wp-content\/uploads\/2026\/01\/Ventus.png","contentUrl":"https:\/\/ecologa-europe.com\/shop\/wp-content\/uploads\/2026\/01\/Ventus.png","width":488,"height":494},{"@type":"BreadcrumbList","@id":"https:\/\/ecologa-europe.com\/shop\/produkt\/abschirmbaumwolle-ventus\/#breadcrumb","itemListElement":[{"@type":"ListItem","position":1,"name":"Startseite","item":"https:\/\/ecologa-europe.com\/shop\/"},{"@type":"ListItem","position":2,"name":"Shop","item":"https:\/\/ecologa-europe.com\/shop\/shop\/"},{"@type":"ListItem","position":3,"name":"Abschirmbaumwolle Ventus"}]},{"@type":"WebSite","@id":"https:\/\/ecologa-europe.com\/shop\/#website","url":"https:\/\/ecologa-europe.com\/shop\/","name":"Elektrosmog-Schutz Onlineshop","description":"Ecologa Europe","publisher":{"@id":"https:\/\/ecologa-europe.com\/shop\/#organization"},"potentialAction":[{"@type":"SearchAction","target":{"@type":"EntryPoint","urlTemplate":"https:\/\/ecologa-europe.com\/shop\/?s={search_term_string}"},"query-input":{"@type":"PropertyValueSpecification","valueRequired":true,"valueName":"search_term_string"}}],"inLanguage":"de"},{"@type":"Organization","@id":"https:\/\/ecologa-europe.com\/shop\/#organization","name":"Elektrosmog-Schutz Onlineshop","url":"https:\/\/ecologa-europe.com\/shop\/","logo":{"@type":"ImageObject","inLanguage":"de","@id":"https:\/\/ecologa-europe.com\/shop\/#\/schema\/logo\/image\/","url":"https:\/\/ecologa-europe.com\/shop\/wp-content\/uploads\/2025\/04\/vertical-navbar-logo.svg","contentUrl":"https:\/\/ecologa-europe.com\/shop\/wp-content\/uploads\/2025\/04\/vertical-navbar-logo.svg","width":182,"height":70,"caption":"Elektrosmog-Schutz Onlineshop"},"image":{"@id":"https:\/\/ecologa-europe.com\/shop\/#\/schema\/logo\/image\/"},"sameAs":["https:\/\/www.facebook.com\/Ecologa-Europe-GmbH-1604744566252298\/","https:\/\/www.instagram.com\/ecologaeurope\/"]}]}},"_links":{"self":[{"href":"https:\/\/ecologa-europe.com\/shop\/wp-json\/wp\/v2\/product\/10257","targetHints":{"allow":["GET"]}}],"collection":[{"href":"https:\/\/ecologa-europe.com\/shop\/wp-json\/wp\/v2\/product"}],"about":[{"href":"https:\/\/ecologa-europe.com\/shop\/wp-json\/wp\/v2\/types\/product"}],"wp:featuredmedia":[{"embeddable":true,"href":"https:\/\/ecologa-europe.com\/shop\/wp-json\/wp\/v2\/media\/10333"}],"wp:attachment":[{"href":"https:\/\/ecologa-europe.com\/shop\/wp-json\/wp\/v2\/media?parent=10257"}],"wp:term":[{"taxonomy":"product_brand","embeddable":true,"href":"https:\/\/ecologa-europe.com\/shop\/wp-json\/wp\/v2\/product_brand?post=10257"},{"taxonomy":"product_cat","embeddable":true,"href":"https:\/\/ecologa-europe.com\/shop\/wp-json\/wp\/v2\/product_cat?post=10257"},{"taxonomy":"product_tag","embeddable":true,"href":"https:\/\/ecologa-europe.com\/shop\/wp-json\/wp\/v2\/product_tag?post=10257"}],"curies":[{"name":"wp","href":"https:\/\/api.w.org\/{rel}","templated":true}]}}