{"id":10259,"date":"2026-01-27T08:19:17","date_gmt":"2026-01-27T08:19:17","guid":{"rendered":"https:\/\/ecologa-europe.com\/shop\/?post_type=product&#038;p=10259"},"modified":"2026-01-28T12:43:29","modified_gmt":"2026-01-28T12:43:29","slug":"coton-de-protection-ventus","status":"publish","type":"product","link":"https:\/\/ecologa-europe.com\/shop\/produkt\/coton-de-protection-ventus\/?lang=fr","title":{"rendered":"Coton de protection Ventus"},"content":{"rendered":"<h2>Coton de protection Ventus<br \/>\nUne protection invisible. Un confort perceptible.<\/h2>\n<p><strong>Tissu de protection haut de gamme en coton pour r\u00e9duire la pollution \u00e9lectromagn\u00e9tique et les rayonnements \u00e9lectromagn\u00e9tiques \u00e0 haute fr\u00e9quence (par exemple, Wi-Fi, t\u00e9l\u00e9phonie mobile, 5G).<\/strong><\/p>\n<p>Transformez votre maison en une oasis de calme et de s\u00e9curit\u00e9. <strong>Swiss Shield\u00ae Ventus<\/strong> est plus qu&#8217;un simple tissu, c&#8217;est une promesse de protection, de bien-\u00eatre et de confort luxueux. D\u00e9velopp\u00e9 \u00e0 l&#8217;aide d&#8217;une technologie suisse de pointe, Ventus combine une protection \u00e9lectromagn\u00e9tique tr\u00e8s efficace avec une qualit\u00e9 textile exceptionnellement douce, l\u00e9g\u00e8re et a\u00e9r\u00e9e.Une protection pour un bien-\u00eatre optimal<\/p>\n<hr \/>\n<h4>Une protection pour un bien-\u00eatre optimal<\/h4>\n<p>Gr\u00e2ce au fil high-tech brevet\u00e9<strong> Swiss Shield\u00ae, Ventus<\/strong> prot\u00e8ge efficacement contre les rayonnements \u00e9lectromagn\u00e9tiques \u00e0 haute fr\u00e9quence g\u00e9n\u00e9r\u00e9s par le Wi-Fi, la t\u00e9l\u00e9phonie mobile, les t\u00e9l\u00e9phones DECT ou les applications 5G, sans pour autant nuire \u00e0 votre confort.<\/p>\n<p>Le tissu en coton semi-transparent laisse passer la lumi\u00e8re et l&#8217;air et cr\u00e9e une atmosph\u00e8re de s\u00e9curit\u00e9, de l\u00e9g\u00e8ret\u00e9 et de confort naturel.<\/p>\n<hr \/>\n<h4 class=\"western\">Contexte technique relatif \u00e0 l&#8217;effet de blindage<\/h4>\n<p>Swiss Shield\u00ae Ventus est un tissu de <strong>blindage sp\u00e9cialement con\u00e7u pour lutter contre la pollution \u00e9lectromagn\u00e9tique<\/strong>. Les fibres de cuivre\/argent int\u00e9gr\u00e9es dans le tissu r\u00e9fl\u00e9chissent et att\u00e9nuent efficacement les champs \u00e9lectromagn\u00e9tiques dans la gamme des hautes fr\u00e9quences.<\/p>\n<p>L&#8217;effet de blindage est indiqu\u00e9 en <strong>d\u00e9cibels (dB)<\/strong> et correspond \u00e0 une r\u00e9duction significative de la pollution \u00e9lectromagn\u00e9tique dans les pi\u00e8ces \u00e0 vivre et les chambres \u00e0 coucher.<\/p>\n<hr \/>\n<h4 class=\"western\">Des performances \u00e9prouv\u00e9es \u2013 int\u00e9gr\u00e9es de mani\u00e8re discr\u00e8te<\/h4>\n<ul>\n<li><strong>Jusqu&#8217;\u00e0 99,998 % de protection \u00e0 1 GHz<\/strong> (plage de fr\u00e9quences typique de la t\u00e9l\u00e9phonie mobile et du Wi-Fi)<\/li>\n<li><strong>Jusqu&#8217;\u00e0 99,974 % de protection \u00e0 3,5 GHz<\/strong> (par exemple, plage de fr\u00e9quences 5G)<\/li>\n<\/ul>\n<p>Une protection maximale \u2013 discr\u00e8te et presque invisible, int\u00e9gr\u00e9e \u00e0 votre concept d&#8217;habitat.<\/p>\n<hr \/>\n<h4 class=\"western\">Parfait pour les baldaquins, les rideaux et les int\u00e9rieurs \u00e9l\u00e9gants<\/h4>\n<p>Qu&#8217;il s&#8217;agisse d&#8217;un baldaquin luxueux, d&#8217;un rideau \u00e9l\u00e9gant ou d&#8217;une solution textile sur mesure pour l&#8217;int\u00e9rieur, Ventus a \u00e9t\u00e9 sp\u00e9cialement con\u00e7u pour les applications o\u00f9 l&#8217;esth\u00e9tique, le confort et le blindage \u00e9lectromagn\u00e9tique vont de pair.<\/p>\n<p>Le tissu est doux, respirant et l\u00e9ger comme une plume, et contribue \u00e0 cr\u00e9er un climat ambiant agr\u00e9able, de jour comme de nuit.<\/p>\n<hr \/>\n<h4>Facile d&#8217;entretien. Durable. Adapt\u00e9 \u00e0 un usage quotidien.<\/h4>\n<p>Ventus <strong>n&#8217;est pas conducteur d&#8217;\u00e9lectricit\u00e9 et ne n\u00e9cessite pas de mise \u00e0 la terre<\/strong>. Le tissu de protection s\u00e9duit par sa grande aptitude \u00e0 un usage quotidien, sa stabilit\u00e9 de forme et de couleur, ainsi que sa longue dur\u00e9e de vie. Lavable, repassable et robuste, il est id\u00e9al pour une utilisation durable dans des environnements r\u00e9sidentiels exigeants.<\/p>\n<hr \/>\n<h4>Une responsabilit\u00e9 qui se ressent<\/h4>\n<p>Avec la certification <strong>OEKO-TEX\u00ae STANDARD 100<\/strong>, Swiss Shield\u00ae Ventus r\u00e9pond aux normes les plus strictes en mati\u00e8re de sant\u00e9 et d&#8217;environnement. Sans substances nocives, produit de mani\u00e8re durable et test\u00e9 selon des crit\u00e8res plus stricts que ceux prescrits par la loi.<\/p>\n<hr \/>\n<h4 class=\"western\">Swiss Shield\u00ae Ventus<\/h4>\n<p><strong>Le tissu de protection haut de gamme pour ceux qui ne veulent pas voir la protection, mais la resentir.<\/strong><\/p>\n<p>\u2714 Protection tr\u00e8s efficace contre la pollution \u00e9lectromagn\u00e9tique<br \/>\n\u2714 Perm\u00e9able \u00e0 la lumi\u00e8re et \u00e0 l&#8217;air<br \/>\n\u2714 Toucher luxueux<br \/>\n\u2714 Aucune mise \u00e0 la terre n\u00e9cessaire<br \/>\n\u2714 Norme de qualit\u00e9 suisse<\/p>\n<hr \/>\n<h4>Caract\u00e9ristiques techniques<\/h4>\n<ul>\n<li><strong>Largeur<\/strong> : 245 cm (\u00b1 5 %)<\/li>\n<li><strong>Longueur<\/strong> : vendu au m\u00e8tre<\/li>\n<li><strong>Att\u00e9nuation de blindage<\/strong> : 47 dB<\/li>\n<li><strong>Couleur<\/strong> : blanc, \u00e9cru<\/li>\n<li><strong>Mati\u00e8res premi\u00e8res<\/strong> : 78 % coton, 22 % cuivre \/ argent<\/li>\n<li><strong>Poids au m\u00e8tre carr\u00e9<\/strong> : 79 g\/m\u00b2<\/li>\n<li><strong>Stabilit\u00e9 dimensionnelle<\/strong> : \u00b1 3 %<\/li>\n<\/ul>\n<hr \/>\n<h4 class=\"western\">Conseils d&#8217;entretien<\/h4>\n<ul>\n<li>Lavage d\u00e9licat \u00e0 30 \u00b0C<\/li>\n<li>Repassage sans vapeur, niveau 1<\/li>\n<li>Ne pas s\u00e9cher en machine<\/li>\n<li>Ne pas blanchir<\/li>\n<li>Ne pas nettoyer \u00e0 sec<\/li>\n<\/ul>\n<hr \/>\n<h4 class=\"western\">Questions fr\u00e9quentes (FAQ)<\/h4>\n<p><strong>Ventus prot\u00e8ge-t-il contre la pollution \u00e9lectromagn\u00e9tique ?<\/strong><br \/>\nOui. Veil a \u00e9t\u00e9 d\u00e9velopp\u00e9 pour r\u00e9duire les rayonnements \u00e9lectromagn\u00e9tiques \u00e0 haute fr\u00e9quence, tels que ceux g\u00e9n\u00e9r\u00e9s par le Wi-Fi, la t\u00e9l\u00e9phonie mobile ou la 5G.<\/p>\n<p><strong>Le tissu en coton semi-transparent laisse-t-il passer la lumi\u00e8re et l&#8217;air ?<\/strong><br \/>\nOui. Ventus est d\u00e9lib\u00e9r\u00e9ment perm\u00e9able \u00e0 la lumi\u00e8re et \u00e0 l&#8217;air et convient pour des solutions de protection discr\u00e8tes.<\/p>\n<p><strong>Une mise \u00e0 la terre est-elle n\u00e9cessaire ?<\/strong><br \/>\nNon. Le tissu est con\u00e7u pour des applications textiles et ne n\u00e9cessite aucune mise \u00e0 la terre.<\/p>\n<p><strong>Ventus convient-il aux chambres \u00e0 coucher ?<\/strong><br \/>\nOui. Veil est souvent utilis\u00e9 dans les chambres \u00e0 coucher, notamment sous forme de rideaux ou de baldaquins.<\/p>\n<hr \/>\n\n<table id=\"tablepress-109\" class=\"tablepress tablepress-id-109\">\n<thead>\n<tr class=\"row-1\">\n\t<td class=\"column-1\"><\/td><th class=\"column-2\">Fr\u00e9quence \/ Application (MHz)<\/th><th class=\"column-3\">Decibel (dB)<\/th><th class=\"column-4\">Pourcentage (%)<\/th>\n<\/tr>\n<\/thead>\n<tbody class=\"row-striping row-hover\">\n<tr class=\"row-2\">\n\t<td class=\"column-1\">LTE \/ 5G wide<\/td><td class=\"column-2\">700 - 750 MHz<\/td><td class=\"column-3\">48dB<\/td><td class=\"column-4\">99,99%<\/td>\n<\/tr>\n<tr class=\"row-3\">\n\t<td class=\"column-1\">LTE<\/td><td class=\"column-2\">790 - 820 MHz<\/td><td class=\"column-3\">48dB<\/td><td class=\"column-4\">99,99%<\/td>\n<\/tr>\n<tr class=\"row-4\">\n\t<td class=\"column-1\">GSM \/ LTE<\/td><td class=\"column-2\">920 - 960 MHz<\/td><td class=\"column-3\">47dB<\/td><td class=\"column-4\">99,99%<\/td>\n<\/tr>\n<tr class=\"row-5\">\n\t<td class=\"column-1\">5G wide (SDL)<\/td><td class=\"column-2\">1450 - 1500 MHz<\/td><td class=\"column-3\">45dB<\/td><td class=\"column-4\">99,99%<\/td>\n<\/tr>\n<tr class=\"row-6\">\n\t<td class=\"column-1\">GSM \/ LTE<\/td><td class=\"column-2\">1800 - 1880 MHz<\/td><td class=\"column-3\">44dB<\/td><td class=\"column-4\">99,99%<\/td>\n<\/tr>\n<tr class=\"row-7\">\n\t<td class=\"column-1\">DECT <\/td><td class=\"column-2\">1880 - 1900 MHz<\/td><td class=\"column-3\">43dB<\/td><td class=\"column-4\">99,99%<\/td>\n<\/tr>\n<tr class=\"row-8\">\n\t<td class=\"column-1\">LTE \/ 5G wide, UMTS<\/td><td class=\"column-2\">2100 - 2170 MHz<\/td><td class=\"column-3\">41dB<\/td><td class=\"column-4\">99,99%<\/td>\n<\/tr>\n<tr class=\"row-9\">\n\t<td class=\"column-1\">WLAN \/WIFI 2400 2400<\/td><td class=\"column-2\">2400 - 2500 MHz<\/td><td class=\"column-3\">40dB<\/td><td class=\"column-4\">99,99%<\/td>\n<\/tr>\n<tr class=\"row-10\">\n\t<td class=\"column-1\">LTE<\/td><td class=\"column-2\">2620 - 1690 MHz<\/td><td class=\"column-3\">38dB<\/td><td class=\"column-4\">99,98%<\/td>\n<\/tr>\n<tr class=\"row-11\">\n\t<td class=\"column-1\">5G fast<\/td><td class=\"column-2\">3400 - 3700 MHz<\/td><td class=\"column-3\">34dB<\/td><td class=\"column-4\">99,96%<\/td>\n<\/tr>\n<tr class=\"row-12\">\n\t<td class=\"column-1\">WLAN \/ WIFI 5200<\/td><td class=\"column-2\">5150 - 5350 MHz<\/td><td class=\"column-3\">30dB<\/td><td class=\"column-4\">99,90%<\/td>\n<\/tr>\n<tr class=\"row-13\">\n\t<td class=\"column-1\">5G mmWave<\/td><td class=\"column-2\">20 000 MHz<\/td><td class=\"column-3\">22dB<\/td><td class=\"column-4\">99,36%<\/td>\n<\/tr>\n<tr class=\"row-14\">\n\t<td class=\"column-1\">5G mmWave<\/td><td class=\"column-2\">30 000 MHz<\/td><td class=\"column-3\">18dB<\/td><td class=\"column-4\">98,41%<\/td>\n<\/tr>\n<tr class=\"row-15\">\n\t<td class=\"column-1\">5G mmWave<\/td><td class=\"column-2\">40 000 MHz<\/td><td class=\"column-3\">18dB<\/td><td class=\"column-4\">98,41%<\/td>\n<\/tr>\n<\/tbody>\n<\/table>\n\n","protected":false},"excerpt":{"rendered":"<h5>Protection invisible. Confort perceptible.<\/h5>\n<p>Swiss Shield\u00ae Ventus est un coton de protection haut de gamme en coton naturel, d\u00e9velopp\u00e9 pour des chambres \u00e0 coucher calmes et prot\u00e9g\u00e9es.<\/p>\n<p>Ce tissu semi-transparent r\u00e9duit les rayonnements \u00e9lectromagn\u00e9tiques \u00e0 haute fr\u00e9quence (par exemple, Wi-Fi, t\u00e9l\u00e9phonie mobile, 5G) sans nuire \u00e0 la lumi\u00e8re, \u00e0 l&#8217;air ou au confort de l&#8217;habitat.<\/p>\n<p>\u2714 Protection douce contre la pollution \u00e9lectromagn\u00e9tique dans la chambre \u00e0 coucher<br \/>\n\u2714 A\u00e9r\u00e9, doux et \u00e0 peine perceptible<br \/>\n\u2714 Id\u00e9al pour les baldaquins et les rideaux de chambre \u00e0 coucher<br \/>\n\u2714 Aucune mise \u00e0 la terre n\u00e9cessaire<br \/>\n\u2714 Qualit\u00e9 suisse haut de gamme<\/p>\n","protected":false},"featured_media":10335,"template":"","meta":{"inline_featured_image":false,"site-sidebar-layout":"default","site-content-layout":"","ast-site-content-layout":"default","site-content-style":"default","site-sidebar-style":"default","ast-global-header-display":"","ast-banner-title-visibility":"","ast-main-header-display":"","ast-hfb-above-header-display":"","ast-hfb-below-header-display":"","ast-hfb-mobile-header-display":"","site-post-title":"","ast-breadcrumbs-content":"","ast-featured-img":"","footer-sml-layout":"","ast-disable-related-posts":"","theme-transparent-header-meta":"default","adv-header-id-meta":"","stick-header-meta":"","header-above-stick-meta":"","header-main-stick-meta":"","header-below-stick-meta":"","astra-migrate-meta-layouts":"set","ast-page-background-enabled":"default","ast-page-background-meta":{"desktop":{"background-color":"var(--ast-global-color-5)","background-image":"","background-repeat":"repeat","background-position":"center center","background-size":"auto","background-attachment":"scroll","background-type":"","background-media":"","overlay-type":"","overlay-color":"","overlay-opacity":"","overlay-gradient":""},"tablet":{"background-color":"","background-image":"","background-repeat":"repeat","background-position":"center center","background-size":"auto","background-attachment":"scroll","background-type":"","background-media":"","overlay-type":"","overlay-color":"","overlay-opacity":"","overlay-gradient":""},"mobile":{"background-color":"","background-image":"","background-repeat":"repeat","background-position":"center center","background-size":"auto","background-attachment":"scroll","background-type":"","background-media":"","overlay-type":"","overlay-color":"","overlay-opacity":"","overlay-gradient":""}},"ast-content-background-meta":{"desktop":{"background-color":"var(--ast-global-color-4)","background-image":"","background-repeat":"repeat","background-position":"center center","background-size":"auto","background-attachment":"scroll","background-type":"","background-media":"","overlay-type":"","overlay-color":"","overlay-opacity":"","overlay-gradient":""},"tablet":{"background-color":"var(--ast-global-color-4)","background-image":"","background-repeat":"repeat","background-position":"center center","background-size":"auto","background-attachment":"scroll","background-type":"","background-media":"","overlay-type":"","overlay-color":"","overlay-opacity":"","overlay-gradient":""},"mobile":{"background-color":"var(--ast-global-color-4)","background-image":"","background-repeat":"repeat","background-position":"center center","background-size":"auto","background-attachment":"scroll","background-type":"","background-media":"","overlay-type":"","overlay-color":"","overlay-opacity":"","overlay-gradient":""}}},"product_brand":[],"product_cat":[314],"product_tag":[],"class_list":{"0":"post-10259","1":"product","2":"type-product","3":"status-publish","4":"has-post-thumbnail","6":"product_cat-tissus-blindes","7":"product_shipping_class-standardversand","8":"desktop-align-left","9":"tablet-align-left","10":"mobile-align-left","12":"first","13":"instock","14":"taxable","15":"shipping-taxable","16":"purchasable","17":"product-type-simple"},"yoast_head":"<!-- This site is optimized with the Yoast SEO plugin v27.5 - https:\/\/yoast.com\/product\/yoast-seo-wordpress\/ -->\n<title>Coton de protection Ventus - Elektrosmog-Schutz Onlineshop<\/title>\n<meta name=\"description\" content=\"Tissu de protection haut de gamme en coton pour r\u00e9duire les rayonnements \u00e9lectromagn\u00e9tiques \u00e0 haute fr\u00e9quence (par exemple, Wi-Fi, t\u00e9l\u00e9phonie mobile, 5G).\" \/>\n<meta name=\"robots\" content=\"index, follow, max-snippet:-1, max-image-preview:large, max-video-preview:-1\" \/>\n<link rel=\"canonical\" href=\"https:\/\/ecologa-europe.com\/shop\/produkt\/coton-de-protection-ventus\/\" \/>\n<meta property=\"og:locale\" content=\"de_DE\" \/>\n<meta property=\"og:type\" content=\"article\" \/>\n<meta property=\"og:title\" content=\"Coton de protection Ventus - Elektrosmog-Schutz Onlineshop\" \/>\n<meta property=\"og:description\" content=\"Tissu de protection haut de gamme en coton pour r\u00e9duire les rayonnements \u00e9lectromagn\u00e9tiques \u00e0 haute fr\u00e9quence (par exemple, Wi-Fi, t\u00e9l\u00e9phonie mobile, 5G).\" \/>\n<meta property=\"og:url\" content=\"https:\/\/ecologa-europe.com\/shop\/produkt\/coton-de-protection-ventus\/?lang=fr\" \/>\n<meta property=\"og:site_name\" content=\"Elektrosmog-Schutz Onlineshop\" \/>\n<meta property=\"article:publisher\" content=\"https:\/\/www.facebook.com\/Ecologa-Europe-GmbH-1604744566252298\/\" \/>\n<meta property=\"article:modified_time\" content=\"2026-01-28T12:43:29+00:00\" \/>\n<meta property=\"og:image\" content=\"https:\/\/ecologa-europe.com\/shop\/wp-content\/uploads\/2026\/01\/Ventus-1.jpg\" \/>\n\t<meta property=\"og:image:width\" content=\"1733\" \/>\n\t<meta property=\"og:image:height\" content=\"1300\" \/>\n\t<meta property=\"og:image:type\" content=\"image\/jpeg\" \/>\n<meta name=\"twitter:card\" content=\"summary_large_image\" \/>\n<meta name=\"twitter:label1\" content=\"Gesch\u00e4tzte Lesezeit\" \/>\n\t<meta name=\"twitter:data1\" content=\"5\u00a0Minuten\" \/>\n<script type=\"application\/ld+json\" class=\"yoast-schema-graph\">{\"@context\":\"https:\\\/\\\/schema.org\",\"@graph\":[{\"@type\":\"WebPage\",\"@id\":\"https:\\\/\\\/ecologa-europe.com\\\/shop\\\/produkt\\\/coton-de-protection-ventus\\\/?lang=fr\",\"url\":\"https:\\\/\\\/ecologa-europe.com\\\/shop\\\/produkt\\\/coton-de-protection-ventus\\\/?lang=fr\",\"name\":\"Coton de protection Ventus - Elektrosmog-Schutz Onlineshop\",\"isPartOf\":{\"@id\":\"https:\\\/\\\/ecologa-europe.com\\\/shop\\\/#website\"},\"primaryImageOfPage\":{\"@id\":\"https:\\\/\\\/ecologa-europe.com\\\/shop\\\/produkt\\\/coton-de-protection-ventus\\\/?lang=fr#primaryimage\"},\"image\":{\"@id\":\"https:\\\/\\\/ecologa-europe.com\\\/shop\\\/produkt\\\/coton-de-protection-ventus\\\/?lang=fr#primaryimage\"},\"thumbnailUrl\":\"https:\\\/\\\/ecologa-europe.com\\\/shop\\\/wp-content\\\/uploads\\\/2026\\\/01\\\/Ventus.png\",\"datePublished\":\"2026-01-27T08:19:17+00:00\",\"dateModified\":\"2026-01-28T12:43:29+00:00\",\"description\":\"Tissu de protection haut de gamme en coton pour r\u00e9duire les rayonnements \u00e9lectromagn\u00e9tiques \u00e0 haute fr\u00e9quence (par exemple, Wi-Fi, t\u00e9l\u00e9phonie mobile, 5G).\",\"breadcrumb\":{\"@id\":\"https:\\\/\\\/ecologa-europe.com\\\/shop\\\/produkt\\\/coton-de-protection-ventus\\\/?lang=fr#breadcrumb\"},\"inLanguage\":\"de\",\"potentialAction\":[{\"@type\":\"ReadAction\",\"target\":[\"https:\\\/\\\/ecologa-europe.com\\\/shop\\\/produkt\\\/coton-de-protection-ventus\\\/?lang=fr\"]}]},{\"@type\":\"ImageObject\",\"inLanguage\":\"de\",\"@id\":\"https:\\\/\\\/ecologa-europe.com\\\/shop\\\/produkt\\\/coton-de-protection-ventus\\\/?lang=fr#primaryimage\",\"url\":\"https:\\\/\\\/ecologa-europe.com\\\/shop\\\/wp-content\\\/uploads\\\/2026\\\/01\\\/Ventus.png\",\"contentUrl\":\"https:\\\/\\\/ecologa-europe.com\\\/shop\\\/wp-content\\\/uploads\\\/2026\\\/01\\\/Ventus.png\",\"width\":488,\"height\":494},{\"@type\":\"BreadcrumbList\",\"@id\":\"https:\\\/\\\/ecologa-europe.com\\\/shop\\\/produkt\\\/coton-de-protection-ventus\\\/?lang=fr#breadcrumb\",\"itemListElement\":[{\"@type\":\"ListItem\",\"position\":1,\"name\":\"Startseite\",\"item\":\"https:\\\/\\\/ecologa-europe.com\\\/shop\\\/\"},{\"@type\":\"ListItem\",\"position\":2,\"name\":\"Shop\",\"item\":\"https:\\\/\\\/ecologa-europe.com\\\/shop\\\/shop\\\/\"},{\"@type\":\"ListItem\",\"position\":3,\"name\":\"Coton de protection Ventus\"}]},{\"@type\":\"WebSite\",\"@id\":\"https:\\\/\\\/ecologa-europe.com\\\/shop\\\/#website\",\"url\":\"https:\\\/\\\/ecologa-europe.com\\\/shop\\\/\",\"name\":\"Elektrosmog-Schutz Onlineshop\",\"description\":\"Ecologa Europe\",\"publisher\":{\"@id\":\"https:\\\/\\\/ecologa-europe.com\\\/shop\\\/#organization\"},\"potentialAction\":[{\"@type\":\"SearchAction\",\"target\":{\"@type\":\"EntryPoint\",\"urlTemplate\":\"https:\\\/\\\/ecologa-europe.com\\\/shop\\\/?s={search_term_string}\"},\"query-input\":{\"@type\":\"PropertyValueSpecification\",\"valueRequired\":true,\"valueName\":\"search_term_string\"}}],\"inLanguage\":\"de\"},{\"@type\":\"Organization\",\"@id\":\"https:\\\/\\\/ecologa-europe.com\\\/shop\\\/#organization\",\"name\":\"Elektrosmog-Schutz Onlineshop\",\"url\":\"https:\\\/\\\/ecologa-europe.com\\\/shop\\\/\",\"logo\":{\"@type\":\"ImageObject\",\"inLanguage\":\"de\",\"@id\":\"https:\\\/\\\/ecologa-europe.com\\\/shop\\\/#\\\/schema\\\/logo\\\/image\\\/\",\"url\":\"https:\\\/\\\/ecologa-europe.com\\\/shop\\\/wp-content\\\/uploads\\\/2025\\\/04\\\/vertical-navbar-logo.svg\",\"contentUrl\":\"https:\\\/\\\/ecologa-europe.com\\\/shop\\\/wp-content\\\/uploads\\\/2025\\\/04\\\/vertical-navbar-logo.svg\",\"width\":182,\"height\":70,\"caption\":\"Elektrosmog-Schutz Onlineshop\"},\"image\":{\"@id\":\"https:\\\/\\\/ecologa-europe.com\\\/shop\\\/#\\\/schema\\\/logo\\\/image\\\/\"},\"sameAs\":[\"https:\\\/\\\/www.facebook.com\\\/Ecologa-Europe-GmbH-1604744566252298\\\/\",\"https:\\\/\\\/www.instagram.com\\\/ecologaeurope\\\/\"]}]}<\/script>\n<!-- \/ Yoast SEO plugin. -->","yoast_head_json":{"title":"Coton de protection Ventus - Elektrosmog-Schutz Onlineshop","description":"Tissu de protection haut de gamme en coton pour r\u00e9duire les rayonnements \u00e9lectromagn\u00e9tiques \u00e0 haute fr\u00e9quence (par exemple, Wi-Fi, t\u00e9l\u00e9phonie mobile, 5G).","robots":{"index":"index","follow":"follow","max-snippet":"max-snippet:-1","max-image-preview":"max-image-preview:large","max-video-preview":"max-video-preview:-1"},"canonical":"https:\/\/ecologa-europe.com\/shop\/produkt\/coton-de-protection-ventus\/","og_locale":"de_DE","og_type":"article","og_title":"Coton de protection Ventus - Elektrosmog-Schutz Onlineshop","og_description":"Tissu de protection haut de gamme en coton pour r\u00e9duire les rayonnements \u00e9lectromagn\u00e9tiques \u00e0 haute fr\u00e9quence (par exemple, Wi-Fi, t\u00e9l\u00e9phonie mobile, 5G).","og_url":"https:\/\/ecologa-europe.com\/shop\/produkt\/coton-de-protection-ventus\/?lang=fr","og_site_name":"Elektrosmog-Schutz Onlineshop","article_publisher":"https:\/\/www.facebook.com\/Ecologa-Europe-GmbH-1604744566252298\/","article_modified_time":"2026-01-28T12:43:29+00:00","og_image":[{"width":1733,"height":1300,"url":"https:\/\/ecologa-europe.com\/shop\/wp-content\/uploads\/2026\/01\/Ventus-1.jpg","type":"image\/jpeg"}],"twitter_card":"summary_large_image","twitter_misc":{"Gesch\u00e4tzte Lesezeit":"5\u00a0Minuten"},"schema":{"@context":"https:\/\/schema.org","@graph":[{"@type":"WebPage","@id":"https:\/\/ecologa-europe.com\/shop\/produkt\/coton-de-protection-ventus\/?lang=fr","url":"https:\/\/ecologa-europe.com\/shop\/produkt\/coton-de-protection-ventus\/?lang=fr","name":"Coton de protection Ventus - Elektrosmog-Schutz Onlineshop","isPartOf":{"@id":"https:\/\/ecologa-europe.com\/shop\/#website"},"primaryImageOfPage":{"@id":"https:\/\/ecologa-europe.com\/shop\/produkt\/coton-de-protection-ventus\/?lang=fr#primaryimage"},"image":{"@id":"https:\/\/ecologa-europe.com\/shop\/produkt\/coton-de-protection-ventus\/?lang=fr#primaryimage"},"thumbnailUrl":"https:\/\/ecologa-europe.com\/shop\/wp-content\/uploads\/2026\/01\/Ventus.png","datePublished":"2026-01-27T08:19:17+00:00","dateModified":"2026-01-28T12:43:29+00:00","description":"Tissu de protection haut de gamme en coton pour r\u00e9duire les rayonnements \u00e9lectromagn\u00e9tiques \u00e0 haute fr\u00e9quence (par exemple, Wi-Fi, t\u00e9l\u00e9phonie mobile, 5G).","breadcrumb":{"@id":"https:\/\/ecologa-europe.com\/shop\/produkt\/coton-de-protection-ventus\/?lang=fr#breadcrumb"},"inLanguage":"de","potentialAction":[{"@type":"ReadAction","target":["https:\/\/ecologa-europe.com\/shop\/produkt\/coton-de-protection-ventus\/?lang=fr"]}]},{"@type":"ImageObject","inLanguage":"de","@id":"https:\/\/ecologa-europe.com\/shop\/produkt\/coton-de-protection-ventus\/?lang=fr#primaryimage","url":"https:\/\/ecologa-europe.com\/shop\/wp-content\/uploads\/2026\/01\/Ventus.png","contentUrl":"https:\/\/ecologa-europe.com\/shop\/wp-content\/uploads\/2026\/01\/Ventus.png","width":488,"height":494},{"@type":"BreadcrumbList","@id":"https:\/\/ecologa-europe.com\/shop\/produkt\/coton-de-protection-ventus\/?lang=fr#breadcrumb","itemListElement":[{"@type":"ListItem","position":1,"name":"Startseite","item":"https:\/\/ecologa-europe.com\/shop\/"},{"@type":"ListItem","position":2,"name":"Shop","item":"https:\/\/ecologa-europe.com\/shop\/shop\/"},{"@type":"ListItem","position":3,"name":"Coton de protection Ventus"}]},{"@type":"WebSite","@id":"https:\/\/ecologa-europe.com\/shop\/#website","url":"https:\/\/ecologa-europe.com\/shop\/","name":"Elektrosmog-Schutz Onlineshop","description":"Ecologa Europe","publisher":{"@id":"https:\/\/ecologa-europe.com\/shop\/#organization"},"potentialAction":[{"@type":"SearchAction","target":{"@type":"EntryPoint","urlTemplate":"https:\/\/ecologa-europe.com\/shop\/?s={search_term_string}"},"query-input":{"@type":"PropertyValueSpecification","valueRequired":true,"valueName":"search_term_string"}}],"inLanguage":"de"},{"@type":"Organization","@id":"https:\/\/ecologa-europe.com\/shop\/#organization","name":"Elektrosmog-Schutz Onlineshop","url":"https:\/\/ecologa-europe.com\/shop\/","logo":{"@type":"ImageObject","inLanguage":"de","@id":"https:\/\/ecologa-europe.com\/shop\/#\/schema\/logo\/image\/","url":"https:\/\/ecologa-europe.com\/shop\/wp-content\/uploads\/2025\/04\/vertical-navbar-logo.svg","contentUrl":"https:\/\/ecologa-europe.com\/shop\/wp-content\/uploads\/2025\/04\/vertical-navbar-logo.svg","width":182,"height":70,"caption":"Elektrosmog-Schutz Onlineshop"},"image":{"@id":"https:\/\/ecologa-europe.com\/shop\/#\/schema\/logo\/image\/"},"sameAs":["https:\/\/www.facebook.com\/Ecologa-Europe-GmbH-1604744566252298\/","https:\/\/www.instagram.com\/ecologaeurope\/"]}]}},"_links":{"self":[{"href":"https:\/\/ecologa-europe.com\/shop\/wp-json\/wp\/v2\/product\/10259","targetHints":{"allow":["GET"]}}],"collection":[{"href":"https:\/\/ecologa-europe.com\/shop\/wp-json\/wp\/v2\/product"}],"about":[{"href":"https:\/\/ecologa-europe.com\/shop\/wp-json\/wp\/v2\/types\/product"}],"wp:featuredmedia":[{"embeddable":true,"href":"https:\/\/ecologa-europe.com\/shop\/wp-json\/wp\/v2\/media\/10335"}],"wp:attachment":[{"href":"https:\/\/ecologa-europe.com\/shop\/wp-json\/wp\/v2\/media?parent=10259"}],"wp:term":[{"taxonomy":"product_brand","embeddable":true,"href":"https:\/\/ecologa-europe.com\/shop\/wp-json\/wp\/v2\/product_brand?post=10259"},{"taxonomy":"product_cat","embeddable":true,"href":"https:\/\/ecologa-europe.com\/shop\/wp-json\/wp\/v2\/product_cat?post=10259"},{"taxonomy":"product_tag","embeddable":true,"href":"https:\/\/ecologa-europe.com\/shop\/wp-json\/wp\/v2\/product_tag?post=10259"}],"curies":[{"name":"wp","href":"https:\/\/api.w.org\/{rel}","templated":true}]}}