{"id":10260,"date":"2026-01-27T08:19:17","date_gmt":"2026-01-27T08:19:17","guid":{"rendered":"https:\/\/ecologa-europe.com\/shop\/?post_type=product&#038;p=10260"},"modified":"2026-01-28T12:44:46","modified_gmt":"2026-01-28T12:44:46","slug":"cotone-schermato-ventus","status":"publish","type":"product","link":"https:\/\/ecologa-europe.com\/shop\/produkt\/cotone-schermato-ventus\/?lang=it","title":{"rendered":"Cotone schermato Ventus"},"content":{"rendered":"<h2>Cotone schermato Ventus<br \/>\nProtezione invisibile. Comfort tangibile.<\/h2>\n<p><strong>Tessuto schermato di alta qualit\u00e0 in cotone per la riduzione dell&#8217;elettrosmog e delle radiazioni elettromagnetiche ad alta frequenza (ad es. WLAN, telefonia mobile, 5G).<\/strong><\/p>\n<p>Trasformate la vostra casa in un&#8217;oasi di pace e sicurezza. Swiss Shield\u00ae Ventus \u00e8 pi\u00f9 di un semplice tessuto: \u00e8 una promessa di protezione, benessere e comfort abitativo di lusso. Sviluppato con la pi\u00f9 moderna tecnologia svizzera, Ventus combina una schermatura elettromagnetica altamente efficace con una qualit\u00e0 tessile eccezionalmente morbida, leggera e ariosa.<\/p>\n<hr \/>\n<h4>Protezione che d\u00e0 una sensazione di benessere<\/h4>\n<p>Grazie al<strong> filato high-tech brevettato Swiss Shield\u00ae, Ventus protegge<\/strong> in modo affidabile dalle radiazioni elettromagnetiche ad alta frequenza generate da WLAN, telefonia mobile, telefoni DECT o applicazioni 5G, senza alcuna limitazione percepibile del vostro comfort abitativo.<\/p>\n<p>Il tessuto di cotone semitrasparente lascia passare delicatamente la luce e l&#8217;aria, creando un&#8217;atmosfera di sicurezza, leggerezza e comfort naturale<\/p>\n<hr \/>\n<h4 class=\"western\">Informazioni tecniche sull&#8217;effetto schermante<\/h4>\n<p>Swiss Shield\u00ae Ventus \u00e8 un tessuto schermato <strong>appositamente sviluppato contro l&#8217;elettrosmog<\/strong>. Le fibre di rame\/argento integrate nel tessuto riflettono e attenuano efficacemente i campi elettromagnetici nella gamma delle alte frequenze.<\/p>\n<p>L&#8217;effetto schermante \u00e8 indicato come attenuazione dello schermo in <strong>decibel (dB)<\/strong> e corrisponde a una significativa riduzione dell&#8217;esposizione alle onde radio nelle zone giorno e notte.<\/p>\n<hr \/>\n<h4 class=\"western\">Prestazioni comprovate \u2013 integrate in modo discreto<\/h4>\n<ul>\n<li><strong>Schermatura fino al 99,998% a 1 GHz<\/strong> (banda di frequenza tipica della telefonia mobile e del WiFi)<\/li>\n<li><strong>Schermatura fino al 99,974% a 3,5 GHz<\/strong> (ad es. banda di frequenza 5G)<\/li>\n<\/ul>\n<p>Massima protezione \u2013 discreta e quasi invisibile, si integra perfettamente nel vostro arredamento.<\/p>\n<hr \/>\n<h4 class=\"western\">Perfetto per baldacchini, tende e interni eleganti<\/h4>\n<p>Che si tratti di un baldacchino di lusso, di una tenda elegante o di una soluzione tessile su misura per interni, Ventus \u00e8 stato sviluppato appositamente per applicazioni in cui estetica, comfort e schermatura elettromagnetica vanno di pari passo.<\/p>\n<p>Il tessuto \u00e8 morbido, traspirante e leggerissimo e contribuisce a creare un clima piacevole nell&#8217;ambiente, sia di giorno che di notte.<\/p>\n<hr \/>\n<h4>Facile da pulire. Durevole. Adatto all&#8217;uso quotidiano.<\/h4>\n<p>Ventus <strong>non \u00e8 elettricamente conduttivo e non richiede messa a terra.<\/strong> Il tessuto schermato convince per la sua elevata idoneit\u00e0 all&#8217;uso quotidiano, la stabilit\u00e0 della forma e del colore e la lunga durata. Lavabile, stirabile e resistente: ideale per un uso prolungato in ambienti domestici esigenti.<\/p>\n<hr \/>\n<h4>Responsabilit\u00e0 che si percepisce<\/h4>\n<p>Con la certificazione <strong>OEKO-TEX\u00ae STANDARD 100<\/strong>, Swiss Shield\u00ae Ventus \u00e8 sinonimo dei pi\u00f9 elevati standard sanitari e ambientali. Privo di sostanze nocive, prodotto in modo sostenibile e testato secondo criteri pi\u00f9 severi di quelli previsti dalla legge.<\/p>\n<hr \/>\n<h4 class=\"western\">Swiss Shield\u00ae Ventus<\/h4>\n<p><strong>Il tessuto schermato premium per chi non vuole vedere la protezione, ma sentirla.<\/strong><\/p>\n<p>\u2714 Schermatura altamente efficace contro l&#8217;elettrosmog<br \/>\n\u2714 Trasparente alla luce e permeabile all&#8217;aria<br \/>\n\u2714Tatto lussuoso<br \/>\n\u2714 Non richiede messa a terra<br \/>\n\u2714 Standard di qualit\u00e0 svizzero<\/p>\n<hr \/>\n<h4>Dati tecnici<\/h4>\n<ul>\n<li><strong>Larghezza<\/strong>: 245 cm (\u00b1 5 %)<\/li>\n<li><strong>Lunghezza<\/strong>: al metro<\/li>\n<li><strong>Attenuazione schermatura<\/strong>: 47 dB<\/li>\n<li><strong>Colore<\/strong>: bianco, ecru<\/li>\n<li><strong>Materie prime<\/strong>: 78 % cotone, 22 % rame \/ argento<\/li>\n<li><strong>Peso:<\/strong> 79 g\/m\u00b2<\/li>\n<li><strong>Stabilit\u00e0 dimensionale<\/strong>: \u00b1 3 %<\/li>\n<\/ul>\n<hr \/>\n<h4 class=\"western\">Istruzioni per la cura<\/h4>\n<ul>\n<li>Ciclo delicato a 30 \u00b0C<\/li>\n<li>Stirare senza vapore, livello 1<\/li>\n<li>Non asciugare in asciugatrice<\/li>\n<li>Non candeggiare<\/li>\n<li>Non lavare a secco<\/li>\n<\/ul>\n<hr \/>\n<h4 class=\"western\">Domande frequenti (FAQ)<\/h4>\n<p><strong>Ventus protegge dall&#8217;elettrosmog?<\/strong><br \/>\nS\u00ec. Veil \u00e8 stato sviluppato per ridurre le radiazioni elettromagnetiche ad alta frequenza generate da WLAN, telefonia mobile o 5G.<\/p>\n<p><strong>Il tessuto di cotone semitrasparente lascia passare la luce e l&#8217;aria?<br \/>\n<\/strong>S\u00ec. Ventus \u00e8 volutamente permeabile alla luce e all&#8217;aria ed \u00e8 adatto per soluzioni di schermatura discrete.<\/p>\n<p><strong>\u00c8 necessaria la messa a terra?<\/strong><br \/>\nNo. Il tessuto \u00e8 progettato per applicazioni tessili e non richiede messa a terra.<\/p>\n<p><strong>Ventus \u00e8 adatto alle camere da letto?<\/strong><br \/>\nS\u00ec. Veil viene spesso utilizzato nella zona notte, in particolare come tenda o baldacchino.<\/p>\n<hr \/>\n\n<table id=\"tablepress-110\" class=\"tablepress tablepress-id-110\">\n<thead>\n<tr class=\"row-1\">\n\t<td class=\"column-1\"><\/td><th class=\"column-2\">Frequenza \/ Applicazione (MHz)<\/th><th class=\"column-3\">Decibel (dB)<\/th><th class=\"column-4\">Percentuale  (%)<\/th>\n<\/tr>\n<\/thead>\n<tbody class=\"row-striping row-hover\">\n<tr class=\"row-2\">\n\t<td class=\"column-1\">LTE \/ 5G wide<\/td><td class=\"column-2\">700 - 750 MHz<\/td><td class=\"column-3\">48dB<\/td><td class=\"column-4\">99,99%<\/td>\n<\/tr>\n<tr class=\"row-3\">\n\t<td class=\"column-1\">LTE<\/td><td class=\"column-2\">790 - 820 MHz<\/td><td class=\"column-3\">48dB<\/td><td class=\"column-4\">99,99%<\/td>\n<\/tr>\n<tr class=\"row-4\">\n\t<td class=\"column-1\">GSM \/ LTE<\/td><td class=\"column-2\">920 - 960 MHz<\/td><td class=\"column-3\">47dB<\/td><td class=\"column-4\">99,99%<\/td>\n<\/tr>\n<tr class=\"row-5\">\n\t<td class=\"column-1\">5G wide (SDL)<\/td><td class=\"column-2\">1450 - 1500 MHz<\/td><td class=\"column-3\">45dB<\/td><td class=\"column-4\">99,99%<\/td>\n<\/tr>\n<tr class=\"row-6\">\n\t<td class=\"column-1\">GSM \/ LTE<\/td><td class=\"column-2\">1800 - 1880 MHz<\/td><td class=\"column-3\">44dB<\/td><td class=\"column-4\">99,99%<\/td>\n<\/tr>\n<tr class=\"row-7\">\n\t<td class=\"column-1\">DECT <\/td><td class=\"column-2\">1880 - 1900 MHz<\/td><td class=\"column-3\">43dB<\/td><td class=\"column-4\">99,99%<\/td>\n<\/tr>\n<tr class=\"row-8\">\n\t<td class=\"column-1\">LTE \/ 5G wide, UMTS<\/td><td class=\"column-2\">2100 - 2170 MHz<\/td><td class=\"column-3\">41dB<\/td><td class=\"column-4\">99,99%<\/td>\n<\/tr>\n<tr class=\"row-9\">\n\t<td class=\"column-1\">WLAN \/WIFI 2400 2400<\/td><td class=\"column-2\">2400 - 2500 MHz<\/td><td class=\"column-3\">40dB<\/td><td class=\"column-4\">99,99%<\/td>\n<\/tr>\n<tr class=\"row-10\">\n\t<td class=\"column-1\">LTE<\/td><td class=\"column-2\">2620 - 1690 MHz<\/td><td class=\"column-3\">38dB<\/td><td class=\"column-4\">99,98%<\/td>\n<\/tr>\n<tr class=\"row-11\">\n\t<td class=\"column-1\">5G fast<\/td><td class=\"column-2\">3400 - 3700 MHz<\/td><td class=\"column-3\">34dB<\/td><td class=\"column-4\">99,96%<\/td>\n<\/tr>\n<tr class=\"row-12\">\n\t<td class=\"column-1\">WLAN \/ WIFI 5200<\/td><td class=\"column-2\">5150 - 5350 MHz<\/td><td class=\"column-3\">30dB<\/td><td class=\"column-4\">99,90%<\/td>\n<\/tr>\n<tr class=\"row-13\">\n\t<td class=\"column-1\">5G mmWave<\/td><td class=\"column-2\">20 000 MHz<\/td><td class=\"column-3\">22dB<\/td><td class=\"column-4\">99,36%<\/td>\n<\/tr>\n<tr class=\"row-14\">\n\t<td class=\"column-1\">5G mmWave<\/td><td class=\"column-2\">30 000 MHz<\/td><td class=\"column-3\">18dB<\/td><td class=\"column-4\">98,41%<\/td>\n<\/tr>\n<tr class=\"row-15\">\n\t<td class=\"column-1\">5G mmWave<\/td><td class=\"column-2\">40 000 MHz<\/td><td class=\"column-3\">18dB<\/td><td class=\"column-4\">98,41%<\/td>\n<\/tr>\n<\/tbody>\n<\/table>\n\n","protected":false},"excerpt":{"rendered":"<h5>Protezione invisibile. Comfort tangibile.<\/h5>\n<p>Swiss Shield\u00ae Ventus \u00e8 un cotone schermato di alta qualit\u00e0 realizzato in cotone naturale, sviluppato per camere da letto tranquille e protette.<br \/>\nIl tessuto semitrasparente riduce le radiazioni elettromagnetiche ad alta frequenza (ad es. WLAN, telefonia mobile, 5G) senza compromettere la luce, l&#8217;aria o il comfort abitativo.<\/p>\n<p>\u2714 Protezione delicata dall&#8217;elettrosmog nella zona notte<br \/>\n\u2714 Leggero, morbido e quasi impercettibile<br \/>\n\u2714 Ideale per baldacchini e tende da camera da letto<br \/>\n\u2714 Non \u00e8 necessaria la messa a terra<br \/>\n\u2714 Qualit\u00e0 svizzera premium<\/p>\n","protected":false},"featured_media":10336,"template":"","meta":{"inline_featured_image":false,"site-sidebar-layout":"default","site-content-layout":"","ast-site-content-layout":"default","site-content-style":"default","site-sidebar-style":"default","ast-global-header-display":"","ast-banner-title-visibility":"","ast-main-header-display":"","ast-hfb-above-header-display":"","ast-hfb-below-header-display":"","ast-hfb-mobile-header-display":"","site-post-title":"","ast-breadcrumbs-content":"","ast-featured-img":"","footer-sml-layout":"","ast-disable-related-posts":"","theme-transparent-header-meta":"default","adv-header-id-meta":"","stick-header-meta":"","header-above-stick-meta":"","header-main-stick-meta":"","header-below-stick-meta":"","astra-migrate-meta-layouts":"set","ast-page-background-enabled":"default","ast-page-background-meta":{"desktop":{"background-color":"var(--ast-global-color-5)","background-image":"","background-repeat":"repeat","background-position":"center center","background-size":"auto","background-attachment":"scroll","background-type":"","background-media":"","overlay-type":"","overlay-color":"","overlay-opacity":"","overlay-gradient":""},"tablet":{"background-color":"","background-image":"","background-repeat":"repeat","background-position":"center center","background-size":"auto","background-attachment":"scroll","background-type":"","background-media":"","overlay-type":"","overlay-color":"","overlay-opacity":"","overlay-gradient":""},"mobile":{"background-color":"","background-image":"","background-repeat":"repeat","background-position":"center center","background-size":"auto","background-attachment":"scroll","background-type":"","background-media":"","overlay-type":"","overlay-color":"","overlay-opacity":"","overlay-gradient":""}},"ast-content-background-meta":{"desktop":{"background-color":"var(--ast-global-color-4)","background-image":"","background-repeat":"repeat","background-position":"center center","background-size":"auto","background-attachment":"scroll","background-type":"","background-media":"","overlay-type":"","overlay-color":"","overlay-opacity":"","overlay-gradient":""},"tablet":{"background-color":"var(--ast-global-color-4)","background-image":"","background-repeat":"repeat","background-position":"center center","background-size":"auto","background-attachment":"scroll","background-type":"","background-media":"","overlay-type":"","overlay-color":"","overlay-opacity":"","overlay-gradient":""},"mobile":{"background-color":"var(--ast-global-color-4)","background-image":"","background-repeat":"repeat","background-position":"center center","background-size":"auto","background-attachment":"scroll","background-type":"","background-media":"","overlay-type":"","overlay-color":"","overlay-opacity":"","overlay-gradient":""}}},"product_brand":[],"product_cat":[317],"product_tag":[194,209],"class_list":{"0":"post-10260","1":"product","2":"type-product","3":"status-publish","4":"has-post-thumbnail","6":"product_cat-tessuti-schermanti","7":"product_tag-protezione-dal-5g","8":"product_tag-protezione-dallelettrosmog","9":"product_shipping_class-standardversand","10":"desktop-align-left","11":"tablet-align-left","12":"mobile-align-left","14":"first","15":"instock","16":"taxable","17":"shipping-taxable","18":"purchasable","19":"product-type-simple"},"yoast_head":"<!-- This site is optimized with the Yoast SEO plugin v27.5 - https:\/\/yoast.com\/product\/yoast-seo-wordpress\/ -->\n<title>Cotone schermato Ventus - Elektrosmog-Schutz Onlineshop<\/title>\n<meta name=\"description\" content=\"Tessuto schermato di alta qualit\u00e0 in cotone per la riduzione delle radiazioni elettromagnetiche ad alta frequenza (ad es. WLAN, telefonia mobile, 5G).\" \/>\n<meta name=\"robots\" content=\"index, follow, max-snippet:-1, max-image-preview:large, max-video-preview:-1\" \/>\n<link rel=\"canonical\" href=\"https:\/\/ecologa-europe.com\/shop\/produkt\/cotone-schermato-ventus\/\" \/>\n<meta property=\"og:locale\" content=\"de_DE\" \/>\n<meta property=\"og:type\" content=\"article\" \/>\n<meta property=\"og:title\" content=\"Cotone schermato Ventus - Elektrosmog-Schutz Onlineshop\" \/>\n<meta property=\"og:description\" content=\"Tessuto schermato di alta qualit\u00e0 in cotone per la riduzione delle radiazioni elettromagnetiche ad alta frequenza (ad es. WLAN, telefonia mobile, 5G).\" \/>\n<meta property=\"og:url\" content=\"https:\/\/ecologa-europe.com\/shop\/produkt\/cotone-schermato-ventus\/?lang=it\" \/>\n<meta property=\"og:site_name\" content=\"Elektrosmog-Schutz Onlineshop\" \/>\n<meta property=\"article:publisher\" content=\"https:\/\/www.facebook.com\/Ecologa-Europe-GmbH-1604744566252298\/\" \/>\n<meta property=\"article:modified_time\" content=\"2026-01-28T12:44:46+00:00\" \/>\n<meta property=\"og:image\" content=\"https:\/\/ecologa-europe.com\/shop\/wp-content\/uploads\/2026\/01\/Ventus-1.jpg\" \/>\n\t<meta property=\"og:image:width\" content=\"1733\" \/>\n\t<meta property=\"og:image:height\" content=\"1300\" \/>\n\t<meta property=\"og:image:type\" content=\"image\/jpeg\" \/>\n<meta name=\"twitter:card\" content=\"summary_large_image\" \/>\n<meta name=\"twitter:label1\" content=\"Gesch\u00e4tzte Lesezeit\" \/>\n\t<meta name=\"twitter:data1\" content=\"4\u00a0Minuten\" \/>\n<script type=\"application\/ld+json\" class=\"yoast-schema-graph\">{\"@context\":\"https:\\\/\\\/schema.org\",\"@graph\":[{\"@type\":\"WebPage\",\"@id\":\"https:\\\/\\\/ecologa-europe.com\\\/shop\\\/produkt\\\/cotone-schermato-ventus\\\/?lang=it\",\"url\":\"https:\\\/\\\/ecologa-europe.com\\\/shop\\\/produkt\\\/cotone-schermato-ventus\\\/?lang=it\",\"name\":\"Cotone schermato Ventus - Elektrosmog-Schutz Onlineshop\",\"isPartOf\":{\"@id\":\"https:\\\/\\\/ecologa-europe.com\\\/shop\\\/#website\"},\"primaryImageOfPage\":{\"@id\":\"https:\\\/\\\/ecologa-europe.com\\\/shop\\\/produkt\\\/cotone-schermato-ventus\\\/?lang=it#primaryimage\"},\"image\":{\"@id\":\"https:\\\/\\\/ecologa-europe.com\\\/shop\\\/produkt\\\/cotone-schermato-ventus\\\/?lang=it#primaryimage\"},\"thumbnailUrl\":\"https:\\\/\\\/ecologa-europe.com\\\/shop\\\/wp-content\\\/uploads\\\/2026\\\/01\\\/Ventus.png\",\"datePublished\":\"2026-01-27T08:19:17+00:00\",\"dateModified\":\"2026-01-28T12:44:46+00:00\",\"description\":\"Tessuto schermato di alta qualit\u00e0 in cotone per la riduzione delle radiazioni elettromagnetiche ad alta frequenza (ad es. WLAN, telefonia mobile, 5G).\",\"breadcrumb\":{\"@id\":\"https:\\\/\\\/ecologa-europe.com\\\/shop\\\/produkt\\\/cotone-schermato-ventus\\\/?lang=it#breadcrumb\"},\"inLanguage\":\"de\",\"potentialAction\":[{\"@type\":\"ReadAction\",\"target\":[\"https:\\\/\\\/ecologa-europe.com\\\/shop\\\/produkt\\\/cotone-schermato-ventus\\\/?lang=it\"]}]},{\"@type\":\"ImageObject\",\"inLanguage\":\"de\",\"@id\":\"https:\\\/\\\/ecologa-europe.com\\\/shop\\\/produkt\\\/cotone-schermato-ventus\\\/?lang=it#primaryimage\",\"url\":\"https:\\\/\\\/ecologa-europe.com\\\/shop\\\/wp-content\\\/uploads\\\/2026\\\/01\\\/Ventus.png\",\"contentUrl\":\"https:\\\/\\\/ecologa-europe.com\\\/shop\\\/wp-content\\\/uploads\\\/2026\\\/01\\\/Ventus.png\",\"width\":488,\"height\":494},{\"@type\":\"BreadcrumbList\",\"@id\":\"https:\\\/\\\/ecologa-europe.com\\\/shop\\\/produkt\\\/cotone-schermato-ventus\\\/?lang=it#breadcrumb\",\"itemListElement\":[{\"@type\":\"ListItem\",\"position\":1,\"name\":\"Startseite\",\"item\":\"https:\\\/\\\/ecologa-europe.com\\\/shop\\\/\"},{\"@type\":\"ListItem\",\"position\":2,\"name\":\"Shop\",\"item\":\"https:\\\/\\\/ecologa-europe.com\\\/shop\\\/shop\\\/\"},{\"@type\":\"ListItem\",\"position\":3,\"name\":\"Cotone schermato Ventus\"}]},{\"@type\":\"WebSite\",\"@id\":\"https:\\\/\\\/ecologa-europe.com\\\/shop\\\/#website\",\"url\":\"https:\\\/\\\/ecologa-europe.com\\\/shop\\\/\",\"name\":\"Elektrosmog-Schutz Onlineshop\",\"description\":\"Ecologa Europe\",\"publisher\":{\"@id\":\"https:\\\/\\\/ecologa-europe.com\\\/shop\\\/#organization\"},\"potentialAction\":[{\"@type\":\"SearchAction\",\"target\":{\"@type\":\"EntryPoint\",\"urlTemplate\":\"https:\\\/\\\/ecologa-europe.com\\\/shop\\\/?s={search_term_string}\"},\"query-input\":{\"@type\":\"PropertyValueSpecification\",\"valueRequired\":true,\"valueName\":\"search_term_string\"}}],\"inLanguage\":\"de\"},{\"@type\":\"Organization\",\"@id\":\"https:\\\/\\\/ecologa-europe.com\\\/shop\\\/#organization\",\"name\":\"Elektrosmog-Schutz Onlineshop\",\"url\":\"https:\\\/\\\/ecologa-europe.com\\\/shop\\\/\",\"logo\":{\"@type\":\"ImageObject\",\"inLanguage\":\"de\",\"@id\":\"https:\\\/\\\/ecologa-europe.com\\\/shop\\\/#\\\/schema\\\/logo\\\/image\\\/\",\"url\":\"https:\\\/\\\/ecologa-europe.com\\\/shop\\\/wp-content\\\/uploads\\\/2025\\\/04\\\/vertical-navbar-logo.svg\",\"contentUrl\":\"https:\\\/\\\/ecologa-europe.com\\\/shop\\\/wp-content\\\/uploads\\\/2025\\\/04\\\/vertical-navbar-logo.svg\",\"width\":182,\"height\":70,\"caption\":\"Elektrosmog-Schutz Onlineshop\"},\"image\":{\"@id\":\"https:\\\/\\\/ecologa-europe.com\\\/shop\\\/#\\\/schema\\\/logo\\\/image\\\/\"},\"sameAs\":[\"https:\\\/\\\/www.facebook.com\\\/Ecologa-Europe-GmbH-1604744566252298\\\/\",\"https:\\\/\\\/www.instagram.com\\\/ecologaeurope\\\/\"]}]}<\/script>\n<!-- \/ Yoast SEO plugin. -->","yoast_head_json":{"title":"Cotone schermato Ventus - Elektrosmog-Schutz Onlineshop","description":"Tessuto schermato di alta qualit\u00e0 in cotone per la riduzione delle radiazioni elettromagnetiche ad alta frequenza (ad es. WLAN, telefonia mobile, 5G).","robots":{"index":"index","follow":"follow","max-snippet":"max-snippet:-1","max-image-preview":"max-image-preview:large","max-video-preview":"max-video-preview:-1"},"canonical":"https:\/\/ecologa-europe.com\/shop\/produkt\/cotone-schermato-ventus\/","og_locale":"de_DE","og_type":"article","og_title":"Cotone schermato Ventus - Elektrosmog-Schutz Onlineshop","og_description":"Tessuto schermato di alta qualit\u00e0 in cotone per la riduzione delle radiazioni elettromagnetiche ad alta frequenza (ad es. WLAN, telefonia mobile, 5G).","og_url":"https:\/\/ecologa-europe.com\/shop\/produkt\/cotone-schermato-ventus\/?lang=it","og_site_name":"Elektrosmog-Schutz Onlineshop","article_publisher":"https:\/\/www.facebook.com\/Ecologa-Europe-GmbH-1604744566252298\/","article_modified_time":"2026-01-28T12:44:46+00:00","og_image":[{"width":1733,"height":1300,"url":"https:\/\/ecologa-europe.com\/shop\/wp-content\/uploads\/2026\/01\/Ventus-1.jpg","type":"image\/jpeg"}],"twitter_card":"summary_large_image","twitter_misc":{"Gesch\u00e4tzte Lesezeit":"4\u00a0Minuten"},"schema":{"@context":"https:\/\/schema.org","@graph":[{"@type":"WebPage","@id":"https:\/\/ecologa-europe.com\/shop\/produkt\/cotone-schermato-ventus\/?lang=it","url":"https:\/\/ecologa-europe.com\/shop\/produkt\/cotone-schermato-ventus\/?lang=it","name":"Cotone schermato Ventus - Elektrosmog-Schutz Onlineshop","isPartOf":{"@id":"https:\/\/ecologa-europe.com\/shop\/#website"},"primaryImageOfPage":{"@id":"https:\/\/ecologa-europe.com\/shop\/produkt\/cotone-schermato-ventus\/?lang=it#primaryimage"},"image":{"@id":"https:\/\/ecologa-europe.com\/shop\/produkt\/cotone-schermato-ventus\/?lang=it#primaryimage"},"thumbnailUrl":"https:\/\/ecologa-europe.com\/shop\/wp-content\/uploads\/2026\/01\/Ventus.png","datePublished":"2026-01-27T08:19:17+00:00","dateModified":"2026-01-28T12:44:46+00:00","description":"Tessuto schermato di alta qualit\u00e0 in cotone per la riduzione delle radiazioni elettromagnetiche ad alta frequenza (ad es. WLAN, telefonia mobile, 5G).","breadcrumb":{"@id":"https:\/\/ecologa-europe.com\/shop\/produkt\/cotone-schermato-ventus\/?lang=it#breadcrumb"},"inLanguage":"de","potentialAction":[{"@type":"ReadAction","target":["https:\/\/ecologa-europe.com\/shop\/produkt\/cotone-schermato-ventus\/?lang=it"]}]},{"@type":"ImageObject","inLanguage":"de","@id":"https:\/\/ecologa-europe.com\/shop\/produkt\/cotone-schermato-ventus\/?lang=it#primaryimage","url":"https:\/\/ecologa-europe.com\/shop\/wp-content\/uploads\/2026\/01\/Ventus.png","contentUrl":"https:\/\/ecologa-europe.com\/shop\/wp-content\/uploads\/2026\/01\/Ventus.png","width":488,"height":494},{"@type":"BreadcrumbList","@id":"https:\/\/ecologa-europe.com\/shop\/produkt\/cotone-schermato-ventus\/?lang=it#breadcrumb","itemListElement":[{"@type":"ListItem","position":1,"name":"Startseite","item":"https:\/\/ecologa-europe.com\/shop\/"},{"@type":"ListItem","position":2,"name":"Shop","item":"https:\/\/ecologa-europe.com\/shop\/shop\/"},{"@type":"ListItem","position":3,"name":"Cotone schermato Ventus"}]},{"@type":"WebSite","@id":"https:\/\/ecologa-europe.com\/shop\/#website","url":"https:\/\/ecologa-europe.com\/shop\/","name":"Elektrosmog-Schutz Onlineshop","description":"Ecologa Europe","publisher":{"@id":"https:\/\/ecologa-europe.com\/shop\/#organization"},"potentialAction":[{"@type":"SearchAction","target":{"@type":"EntryPoint","urlTemplate":"https:\/\/ecologa-europe.com\/shop\/?s={search_term_string}"},"query-input":{"@type":"PropertyValueSpecification","valueRequired":true,"valueName":"search_term_string"}}],"inLanguage":"de"},{"@type":"Organization","@id":"https:\/\/ecologa-europe.com\/shop\/#organization","name":"Elektrosmog-Schutz Onlineshop","url":"https:\/\/ecologa-europe.com\/shop\/","logo":{"@type":"ImageObject","inLanguage":"de","@id":"https:\/\/ecologa-europe.com\/shop\/#\/schema\/logo\/image\/","url":"https:\/\/ecologa-europe.com\/shop\/wp-content\/uploads\/2025\/04\/vertical-navbar-logo.svg","contentUrl":"https:\/\/ecologa-europe.com\/shop\/wp-content\/uploads\/2025\/04\/vertical-navbar-logo.svg","width":182,"height":70,"caption":"Elektrosmog-Schutz Onlineshop"},"image":{"@id":"https:\/\/ecologa-europe.com\/shop\/#\/schema\/logo\/image\/"},"sameAs":["https:\/\/www.facebook.com\/Ecologa-Europe-GmbH-1604744566252298\/","https:\/\/www.instagram.com\/ecologaeurope\/"]}]}},"_links":{"self":[{"href":"https:\/\/ecologa-europe.com\/shop\/wp-json\/wp\/v2\/product\/10260","targetHints":{"allow":["GET"]}}],"collection":[{"href":"https:\/\/ecologa-europe.com\/shop\/wp-json\/wp\/v2\/product"}],"about":[{"href":"https:\/\/ecologa-europe.com\/shop\/wp-json\/wp\/v2\/types\/product"}],"wp:featuredmedia":[{"embeddable":true,"href":"https:\/\/ecologa-europe.com\/shop\/wp-json\/wp\/v2\/media\/10336"}],"wp:attachment":[{"href":"https:\/\/ecologa-europe.com\/shop\/wp-json\/wp\/v2\/media?parent=10260"}],"wp:term":[{"taxonomy":"product_brand","embeddable":true,"href":"https:\/\/ecologa-europe.com\/shop\/wp-json\/wp\/v2\/product_brand?post=10260"},{"taxonomy":"product_cat","embeddable":true,"href":"https:\/\/ecologa-europe.com\/shop\/wp-json\/wp\/v2\/product_cat?post=10260"},{"taxonomy":"product_tag","embeddable":true,"href":"https:\/\/ecologa-europe.com\/shop\/wp-json\/wp\/v2\/product_tag?post=10260"}],"curies":[{"name":"wp","href":"https:\/\/api.w.org\/{rel}","templated":true}]}}