{"id":10308,"date":"2026-01-29T14:33:01","date_gmt":"2026-01-29T14:33:01","guid":{"rendered":"https:\/\/ecologa-europe.com\/shop\/?post_type=product&#038;p=10308"},"modified":"2026-02-11T15:15:35","modified_gmt":"2026-02-11T15:15:35","slug":"cotone-schermato-ventus-kopie","status":"publish","type":"product","link":"https:\/\/ecologa-europe.com\/shop\/produkt\/cotone-schermato-ventus-kopie\/?lang=it","title":{"rendered":"Cotone schermato NATURELL ARBOR FR\u2122"},"content":{"rendered":"<h2 class=\"western\">Cotone schermato NATURELL ARBOR FR\u2122<br \/>\nTessuto schermato sostenibile con protezione antincendio certificata<\/h2>\n<p><strong>Tessuto schermato innovativo e sostenibile contro le radiazioni elettromagnetiche (EMF) con protezione antincendio certificata secondo la norma UE EN 13773 (classe di protezione antincendio 5.3).<\/strong><\/p>\n<hr \/>\n<p>Una casa \u00e8 pi\u00f9 di quattro mura: \u00e8 un luogo di pace, rifugio e sicurezza.<br \/>\nSwiss Shield\u00ae NATURELL_ARBOR FR\u2122 \u00e8 stato sviluppato proprio per questo: per proteggere in modo tangibile gli spazi abitativi e allo stesso tempo mantenere un&#8217;atmosfera naturale e leggera.<\/p>\n<p>Il tessuto schermato di alta qualit\u00e0 riduce le radiazioni WLAN, cellulari e 5G senza appesantire o oscurare la stanza. La sua delicata trasparenza, la piacevole sensazione al tatto e la protezione antincendio certificata di classe 5.3 danno una sensazione di benessere, giorno dopo giorno.<br \/>\nPer tutti coloro che desiderano vivere in modo consapevole e combinare sicurezza, sostenibilit\u00e0 e benessere.<\/p>\n<hr \/>\n<h4 class=\"western\">Tessuto ecologico high-tech<\/h4>\n<p>Il tessuto \u00e8 realizzato con fibre <strong>LENZING\u2122 Lyocell FR\u2122<\/strong>, provenienti da legno certificato e rinnovabile. La produzione ecologica avviene secondo rigorosi standard ecologici e sostiene uno stile di vita sostenibile. Le fibre utilizzate <strong>mantengono le loro propriet\u00e0 ignifughe<\/strong> in modo permanente, anche in caso di calore o sollecitazioni chimiche.<\/p>\n<hr \/>\n<h4 class=\"western\">Protezione antincendio unica al mondo secondo la norma UE<\/h4>\n<p>NATURELL\u00a0 ARBOR FR\u2122 \u00e8 il primo tessuto schermato al mondo a raggiungere la classe di protezione antincendio 5.3 secondo la norma UE EN 13773. Soddisfa quindi i pi\u00f9 elevati requisiti in materia di protezione antincendio e antifiamma ed \u00e8 ideale per applicazioni rilevanti per la sicurezza come:<\/p>\n<ul>\n<li>Ospedali<\/li>\n<li>Case di cura e di riposo<\/li>\n<li>Edifici pubblici<\/li>\n<li>Abbigliamento da lavoro e protettivo<\/li>\n<\/ul>\n<p>Nonostante gli elevati standard di sicurezza, il tessuto rimane leggero, semitrasparente e decorativo.<\/p>\n<hr \/>\n<h4 class=\"western\">Protezione efficace dalle radiazioni elettromagnetiche (EMF)<\/h4>\n<p>Grazie all&#8217;innovativa struttura del filato <strong>Lenzing\u2122 Lyocell FR\u2122<\/strong>, combinata con un filo di rame argentato ultrafino (0,02 mm), il tessuto offre un&#8217;ottima <strong>protezione contro le radiazioni ad alta frequenza<\/strong> (ad es. WLAN, Bluetooth, GSM). Inoltre, la superficie \u00e8 <strong>non conduttiva (rivestita in PES)<\/strong><\/p>\n<hr \/>\n<h4 class=\"western\">Versatile e durevole<\/h4>\n<p>NATURELL ARBOR FR\u2122 \u00e8 ideale per:<\/p>\n<ul>\n<li>Tende e tendaggi<\/li>\n<li>Divisori e baldacchini<\/li>\n<li>Tessuti per mobili e oggetti d&#8217;arredo<\/li>\n<li>Decorazioni funzionali in aree sensibili<\/li>\n<\/ul>\n<p>L&#8217;elevata robustezza garantisce una<strong> lunga durata<\/strong> e riduce la necessit\u00e0 di materiali di ricambio, un chiaro vantaggio per i concetti di sostenibilit\u00e0 degli spazi.<\/p>\n<hr \/>\n<h4 class=\"western\">Dati tecnici<\/h4>\n<p><strong>Materiale<\/strong>: 82% LENZING\u2122 Lyocell FR\u2122, 17% rame, 1% argento.<br \/>\n<strong>Filato<\/strong>: fibre Lyocell FR\u2122 con filo di rame argentato (0,02 mm).<br \/>\n<strong>Superficie: <\/strong>non conduttiva (rivestita in PES).<br \/>\n<strong>Tipo di tessuto<\/strong>: tessuto decorativo schermato.<br \/>\n<strong>Caratteristiche<\/strong>: alta qualit\u00e0, leggero, semitrasparente, mano tessile<br \/>\n<strong>Colore<\/strong>: naturale (ecru)<br \/>\n<strong>Larghezza: 250 cm<br \/>\nLunghezza<\/strong>: al metro<br \/>\n<strong>Peso<\/strong>: 69 g\/m\u00b2<br \/>\n<strong>Stabilit\u00e0 dimensionale<\/strong>: +\/- 3%<\/p>\n<p><strong>Valori di schermatura<\/strong><\/p>\n<ul>\n<li>GSM 900 MHz: fino a 37 dB<\/li>\n<li>GSM 1,8 GHz: fino a 35 dB<\/li>\n<li>WLAN \/ Bluetooth 2,45 GHz: fino a 34 dB<\/li>\n<li>WLAN 5,8 GHz: fino a 27 dB<\/li>\n<li>Radar banda X 9,5 GHz: fino a 20 dB<\/li>\n<\/ul>\n<p><strong>Attenuazione:<\/strong><br \/>\n30 dB \u2259 99,9 % | 40 dB \u2259 99,99 %<\/p>\n<hr \/>\n<h4 class=\"western\">Fiducia grazie alla qualit\u00e0 certificata<\/h4>\n<p>Con <strong>Swiss Shield\u00ae NATURELL ARBOR FR\u2122<\/strong> scegliete un tessuto che non solo protegge, ma soddisfa anche i pi\u00f9 elevati standard di qualit\u00e0 e sicurezza.<\/p>\n<ul>\n<li><strong>OEKO-TEX\u00ae Standard 100, Classe 1<\/strong> \u2013 garantito privo di sostanze nocive e sicuro anche per neonati e persone sensibili.<\/li>\n<li><strong>Norma UE EN 13773, classe di protezione antincendio 5.3<\/strong> \u2013 unica al mondo per un tessuto schermato con protezione antincendio efficace a lungo termine.<\/li>\n<li><strong>EMPA Fire Code Ratin<\/strong>g \u2013 sicurezza antincendio certificata anche in condizioni estreme. \u2013 per una protezione affidabile contro le radiazioni EMF.<\/li>\n<li><strong>EMPA Fire Code Rating<\/strong> \u2013 sicurezza antincendio certificata anche in condizioni estreme.<\/li>\n<\/ul>\n<p>Ogni certificato e ogni test confermano che la sicurezza, la sostenibilit\u00e0 e la<strong> protezione dalle radiazioni<\/strong> non conoscono compromessi con questo tessuto. Potete quindi stare certi che la vostra casa non solo sar\u00e0 elegante, ma anche <strong>sana, sicura e salubre.<\/strong><\/p>\n<hr \/>\n<h4 class=\"western\">Istruzioni per la cura<\/h4>\n<ul>\n<li><strong>Questo tessuto deve essere lavato esclusivamente a secco.<\/strong><\/li>\n<li>Stirare senza vapore a livello 1.<\/li>\n<li>NON lavare con acqua.<\/li>\n<li>NON lavare a mano<\/li>\n<li>NON asciugare in asciugatrice.<\/li>\n<li>NON candeggiare.<\/li>\n<\/ul>\n<p><em><strong>* Lavaggio a secco professionale: poich\u00e9 il tessuto deve essere lavato esclusivamente a secco, \u00e8 importante portare il tessuto schermato in una lavanderia qualificata che abbia esperienza nel lavaggio di tessuti in viscosa. Assicurati che la lavanderia segua le istruzioni per l&#8217;uso di solventi delicati, al fine di evitare danni.<\/strong><\/em><\/p>\n<hr \/>\n<h4 class=\"western\">Domande frequenti (FAQ)<\/h4>\n<p class=\"western\"><strong>Che cos&#8217;\u00e8 NATURELL ARBOR FR\u2122?<br \/>\n<\/strong>NATURELL ARBOR FR\u2122 \u00e8 un innovativo<strong> tessuto schermato contro le radiazioni elettromagnetiche (EMF) con protezione antincendio certificata secondo la norma UE EN 13773 (classe di protezione antincendio 5.3)<\/strong>. \u00c8 stato sviluppato appositamente per applicazioni sensibili e rilevanti per la sicurezza.<\/p>\n<p class=\"western\"><strong>Da cosa protegge il tessuto?<br \/>\n<\/strong>Il tessuto protegge efficacemente dalle <strong>radiazioni elettromagnetiche ad alta frequenza<\/strong>, ad esempio:<\/p>\n<ul>\n<li>WLAN e Bluetooth<\/li>\n<li>Telefonia mobile (GSM, LTE, 5G)<\/li>\n<li>Radar e frequenze radio<\/li>\n<\/ul>\n<p>A seconda della frequenza, viene schermato fino al 99,9% e oltre delle radiazioni.<\/p>\n<p class=\"western\"><strong>Il tessuto schermato \u00e8 davvero ignifugo?<br \/>\n<\/strong>S\u00ec. NATURELL ARBOR FR\u2122<strong> \u00e8 il primo tessuto schermato al mondo con classe di protezione antincendio 5.3 secondo la norma EN 13773.<\/strong> Le propriet\u00e0 ignifughe sono integrate in modo permanente nelle fibre e<strong> rimangono inalterate<\/strong> anche in caso di calore o sollecitazioni chimiche.<\/p>\n<p class=\"western\"><strong>Di che materiale \u00e8 composto NATURELL ARBOR FR\u2122?<br \/>\n<\/strong>Il tessuto \u00e8 composto da <strong>fibre LENZING\u2122 Lyocell FR\u2122<\/strong> con un sottile filo di rame argentato. Le<strong> fibre provengono da legno certificato<\/strong> e rinnovabile e sono prodotte in modo ecologico.<\/p>\n<p class=\"western\"><strong>Il tessuto \u00e8 sicuro per la salute?<br \/>\n<\/strong>S\u00ec. NATURELL ARBOR FR\u2122 \u00e8 certificato secondo lo standard OEKO-TEX\u00ae 100, classe 1, ed \u00e8 quindi adatto anche ai neonati e alle persone sensibili.<\/p>\n<p class=\"western\"><strong>Il tessuto \u00e8 conduttivo?<br \/>\n<\/strong>No. La superficie del tessuto non \u00e8 conduttiva (rivestita in PES), il che lo rende particolarmente sicuro e facile da usare.<\/p>\n<hr \/>\n\n<table id=\"tablepress-114\" class=\"tablepress tablepress-id-114\">\n<thead>\n<tr class=\"row-1\">\n\t<td class=\"column-1\"><\/td><th class=\"column-2\">Frequenza \/ Applicazione (MHz)<\/th><th class=\"column-3\">Decibel (dB)<\/th><th class=\"column-4\">Percentuale (%)<\/th>\n<\/tr>\n<\/thead>\n<tbody class=\"row-striping row-hover\">\n<tr class=\"row-2\">\n\t<td class=\"column-1\">DVB - T2<\/td><td class=\"column-2\">470 - 690 MHz<\/td><td class=\"column-3\">42dB<\/td><td class=\"column-4\">99,99%<\/td>\n<\/tr>\n<tr class=\"row-3\">\n\t<td class=\"column-1\">LTE \/ 5G wide<\/td><td class=\"column-2\">700 - 750 MHz<\/td><td class=\"column-3\">42dB<\/td><td class=\"column-4\">99,99%<\/td>\n<\/tr>\n<tr class=\"row-4\">\n\t<td class=\"column-1\">LTE<\/td><td class=\"column-2\">790 - 820 MHz<\/td><td class=\"column-3\">41dB<\/td><td class=\"column-4\">99,99%<\/td>\n<\/tr>\n<tr class=\"row-5\">\n\t<td class=\"column-1\">GSM \/ LTE<\/td><td class=\"column-2\">920 - 960 MHz<\/td><td class=\"column-3\">40dB<\/td><td class=\"column-4\">99,99%<\/td>\n<\/tr>\n<tr class=\"row-6\">\n\t<td class=\"column-1\">5G wide (SDL)<\/td><td class=\"column-2\">1450 - 1500 MHz<\/td><td class=\"column-3\">38dB<\/td><td class=\"column-4\">99,98%<\/td>\n<\/tr>\n<tr class=\"row-7\">\n\t<td class=\"column-1\">GSM \/ LTE<\/td><td class=\"column-2\">1800 - 1880 MHz<\/td><td class=\"column-3\">36dB<\/td><td class=\"column-4\">99,97%<\/td>\n<\/tr>\n<tr class=\"row-8\">\n\t<td class=\"column-1\">DECT <\/td><td class=\"column-2\">1880 - 1900 MHz<\/td><td class=\"column-3\">36dB<\/td><td class=\"column-4\">99,97%<\/td>\n<\/tr>\n<tr class=\"row-9\">\n\t<td class=\"column-1\">LTE \/ 5G wide, UMTS<\/td><td class=\"column-2\">2100 - 2170 MHz<\/td><td class=\"column-3\">34dB<\/td><td class=\"column-4\">99,96%<\/td>\n<\/tr>\n<tr class=\"row-10\">\n\t<td class=\"column-1\">WLAN \/WIFI 2400 2400<\/td><td class=\"column-2\">2400 - 2500 MHz<\/td><td class=\"column-3\">33dB<\/td><td class=\"column-4\">99,94%<\/td>\n<\/tr>\n<tr class=\"row-11\">\n\t<td class=\"column-1\">LTE<\/td><td class=\"column-2\">2620 - 1690 MHz<\/td><td class=\"column-3\">32dB<\/td><td class=\"column-4\">99,93%<\/td>\n<\/tr>\n<tr class=\"row-12\">\n\t<td class=\"column-1\">5G fast<\/td><td class=\"column-2\">3400 - 3700 MHz<\/td><td class=\"column-3\">28dB<\/td><td class=\"column-4\">99,84%<\/td>\n<\/tr>\n<tr class=\"row-13\">\n\t<td class=\"column-1\">WLAN \/ WIFI 5200<\/td><td class=\"column-2\">5150 - 5350 MHz<\/td><td class=\"column-3\">24dB<\/td><td class=\"column-4\">99,60%<\/td>\n<\/tr>\n<tr class=\"row-14\">\n\t<td class=\"column-1\">5G mmWave<\/td><td class=\"column-2\">20 000 MHz<\/td><td class=\"column-3\">17dB<\/td><td class=\"column-4\">98,00%<\/td>\n<\/tr>\n<tr class=\"row-15\">\n\t<td class=\"column-1\">5G mmWave<\/td><td class=\"column-2\">30 000 MHz<\/td><td class=\"column-3\">14dB<\/td><td class=\"column-4\">96,01%<\/td>\n<\/tr>\n<tr class=\"row-16\">\n\t<td class=\"column-1\">5G mmWave<\/td><td class=\"column-2\">40 000 MHz<\/td><td class=\"column-3\">12dB<\/td><td class=\"column-4\">93,69%<\/td>\n<\/tr>\n<\/tbody>\n<\/table>\n\n","protected":false},"excerpt":{"rendered":"<h5>Protezione invisibile. Comfort tangibile.<\/h5>\n<p>Swiss Shield\u00ae Ventus \u00e8 un cotone schermato di alta qualit\u00e0 realizzato in cotone naturale, sviluppato per camere da letto tranquille e protette.<br \/>\nIl tessuto semitrasparente riduce le radiazioni elettromagnetiche ad alta frequenza (ad es. WLAN, telefonia mobile, 5G) senza compromettere la luce, l&#8217;aria o il comfort abitativo.<\/p>\n<p>\u2714 Protezione delicata dall&#8217;elettrosmog nella zona notte<br \/>\n\u2714 Leggero, morbido e quasi impercettibile<br \/>\n\u2714 Ideale per baldacchini e tende da camera da letto<br \/>\n\u2714 Non \u00e8 necessaria la messa a terra<br \/>\n\u2714 Qualit\u00e0 svizzera premium<\/p>\n","protected":false},"featured_media":10332,"template":"","meta":{"inline_featured_image":false,"site-sidebar-layout":"default","site-content-layout":"","ast-site-content-layout":"default","site-content-style":"default","site-sidebar-style":"default","ast-global-header-display":"","ast-banner-title-visibility":"","ast-main-header-display":"","ast-hfb-above-header-display":"","ast-hfb-below-header-display":"","ast-hfb-mobile-header-display":"","site-post-title":"","ast-breadcrumbs-content":"","ast-featured-img":"","footer-sml-layout":"","ast-disable-related-posts":"","theme-transparent-header-meta":"default","adv-header-id-meta":"","stick-header-meta":"","header-above-stick-meta":"","header-main-stick-meta":"","header-below-stick-meta":"","astra-migrate-meta-layouts":"set","ast-page-background-enabled":"default","ast-page-background-meta":{"desktop":{"background-color":"var(--ast-global-color-5)","background-image":"","background-repeat":"repeat","background-position":"center center","background-size":"auto","background-attachment":"scroll","background-type":"","background-media":"","overlay-type":"","overlay-color":"","overlay-opacity":"","overlay-gradient":""},"tablet":{"background-color":"","background-image":"","background-repeat":"repeat","background-position":"center center","background-size":"auto","background-attachment":"scroll","background-type":"","background-media":"","overlay-type":"","overlay-color":"","overlay-opacity":"","overlay-gradient":""},"mobile":{"background-color":"","background-image":"","background-repeat":"repeat","background-position":"center center","background-size":"auto","background-attachment":"scroll","background-type":"","background-media":"","overlay-type":"","overlay-color":"","overlay-opacity":"","overlay-gradient":""}},"ast-content-background-meta":{"desktop":{"background-color":"var(--ast-global-color-4)","background-image":"","background-repeat":"repeat","background-position":"center center","background-size":"auto","background-attachment":"scroll","background-type":"","background-media":"","overlay-type":"","overlay-color":"","overlay-opacity":"","overlay-gradient":""},"tablet":{"background-color":"var(--ast-global-color-4)","background-image":"","background-repeat":"repeat","background-position":"center center","background-size":"auto","background-attachment":"scroll","background-type":"","background-media":"","overlay-type":"","overlay-color":"","overlay-opacity":"","overlay-gradient":""},"mobile":{"background-color":"var(--ast-global-color-4)","background-image":"","background-repeat":"repeat","background-position":"center center","background-size":"auto","background-attachment":"scroll","background-type":"","background-media":"","overlay-type":"","overlay-color":"","overlay-opacity":"","overlay-gradient":""}}},"product_brand":[],"product_cat":[317],"product_tag":[194,209],"class_list":{"0":"post-10308","1":"product","2":"type-product","3":"status-publish","4":"has-post-thumbnail","6":"product_cat-tessuti-schermanti","7":"product_tag-protezione-dal-5g","8":"product_tag-protezione-dallelettrosmog","9":"product_shipping_class-standardversand","10":"desktop-align-left","11":"tablet-align-left","12":"mobile-align-left","14":"first","15":"instock","16":"taxable","17":"shipping-taxable","18":"purchasable","19":"product-type-simple"},"yoast_head":"<!-- This site is optimized with the Yoast SEO plugin v27.5 - https:\/\/yoast.com\/product\/yoast-seo-wordpress\/ -->\n<title>Cotone schermato NATURELL ARBOR FR\u2122 - Elektrosmog-Schutz Onlineshop<\/title>\n<meta name=\"description\" content=\"Tessuto schermato di alta qualit\u00e0 in cotone per la riduzione delle radiazioni elettromagnetiche ad alta frequenza (ad es. WLAN, telefonia mobile, 5G).\" \/>\n<meta name=\"robots\" content=\"index, follow, max-snippet:-1, max-image-preview:large, max-video-preview:-1\" \/>\n<link rel=\"canonical\" href=\"https:\/\/ecologa-europe.com\/shop\/produkt\/cotone-schermato-ventus-kopie\/\" \/>\n<meta property=\"og:locale\" content=\"de_DE\" \/>\n<meta property=\"og:type\" content=\"article\" \/>\n<meta property=\"og:title\" content=\"Cotone schermato NATURELL ARBOR FR\u2122 - Elektrosmog-Schutz Onlineshop\" \/>\n<meta property=\"og:description\" content=\"Tessuto schermato di alta qualit\u00e0 in cotone per la riduzione delle radiazioni elettromagnetiche ad alta frequenza (ad es. WLAN, telefonia mobile, 5G).\" \/>\n<meta property=\"og:url\" content=\"https:\/\/ecologa-europe.com\/shop\/produkt\/cotone-schermato-ventus-kopie\/?lang=it\" \/>\n<meta property=\"og:site_name\" content=\"Elektrosmog-Schutz Onlineshop\" \/>\n<meta property=\"article:publisher\" content=\"https:\/\/www.facebook.com\/Ecologa-Europe-GmbH-1604744566252298\/\" \/>\n<meta property=\"article:modified_time\" content=\"2026-02-11T15:15:35+00:00\" \/>\n<meta property=\"og:image\" content=\"https:\/\/ecologa-europe.com\/shop\/wp-content\/uploads\/2026\/01\/ARBOR.png\" \/>\n\t<meta property=\"og:image:width\" content=\"488\" \/>\n\t<meta property=\"og:image:height\" content=\"494\" \/>\n\t<meta property=\"og:image:type\" content=\"image\/png\" \/>\n<meta name=\"twitter:card\" content=\"summary_large_image\" \/>\n<meta name=\"twitter:label1\" content=\"Gesch\u00e4tzte Lesezeit\" \/>\n\t<meta name=\"twitter:data1\" content=\"6\u00a0Minuten\" \/>\n<script type=\"application\/ld+json\" class=\"yoast-schema-graph\">{\"@context\":\"https:\\\/\\\/schema.org\",\"@graph\":[{\"@type\":\"WebPage\",\"@id\":\"https:\\\/\\\/ecologa-europe.com\\\/shop\\\/produkt\\\/cotone-schermato-ventus-kopie\\\/?lang=it\",\"url\":\"https:\\\/\\\/ecologa-europe.com\\\/shop\\\/produkt\\\/cotone-schermato-ventus-kopie\\\/?lang=it\",\"name\":\"Cotone schermato NATURELL ARBOR FR\u2122 - Elektrosmog-Schutz Onlineshop\",\"isPartOf\":{\"@id\":\"https:\\\/\\\/ecologa-europe.com\\\/shop\\\/#website\"},\"primaryImageOfPage\":{\"@id\":\"https:\\\/\\\/ecologa-europe.com\\\/shop\\\/produkt\\\/cotone-schermato-ventus-kopie\\\/?lang=it#primaryimage\"},\"image\":{\"@id\":\"https:\\\/\\\/ecologa-europe.com\\\/shop\\\/produkt\\\/cotone-schermato-ventus-kopie\\\/?lang=it#primaryimage\"},\"thumbnailUrl\":\"https:\\\/\\\/ecologa-europe.com\\\/shop\\\/wp-content\\\/uploads\\\/2026\\\/01\\\/ARBOR.png\",\"datePublished\":\"2026-01-29T14:33:01+00:00\",\"dateModified\":\"2026-02-11T15:15:35+00:00\",\"description\":\"Tessuto schermato di alta qualit\u00e0 in cotone per la riduzione delle radiazioni elettromagnetiche ad alta frequenza (ad es. WLAN, telefonia mobile, 5G).\",\"breadcrumb\":{\"@id\":\"https:\\\/\\\/ecologa-europe.com\\\/shop\\\/produkt\\\/cotone-schermato-ventus-kopie\\\/?lang=it#breadcrumb\"},\"inLanguage\":\"de\",\"potentialAction\":[{\"@type\":\"ReadAction\",\"target\":[\"https:\\\/\\\/ecologa-europe.com\\\/shop\\\/produkt\\\/cotone-schermato-ventus-kopie\\\/?lang=it\"]}]},{\"@type\":\"ImageObject\",\"inLanguage\":\"de\",\"@id\":\"https:\\\/\\\/ecologa-europe.com\\\/shop\\\/produkt\\\/cotone-schermato-ventus-kopie\\\/?lang=it#primaryimage\",\"url\":\"https:\\\/\\\/ecologa-europe.com\\\/shop\\\/wp-content\\\/uploads\\\/2026\\\/01\\\/ARBOR.png\",\"contentUrl\":\"https:\\\/\\\/ecologa-europe.com\\\/shop\\\/wp-content\\\/uploads\\\/2026\\\/01\\\/ARBOR.png\",\"width\":488,\"height\":494},{\"@type\":\"BreadcrumbList\",\"@id\":\"https:\\\/\\\/ecologa-europe.com\\\/shop\\\/produkt\\\/cotone-schermato-ventus-kopie\\\/?lang=it#breadcrumb\",\"itemListElement\":[{\"@type\":\"ListItem\",\"position\":1,\"name\":\"Startseite\",\"item\":\"https:\\\/\\\/ecologa-europe.com\\\/shop\\\/\"},{\"@type\":\"ListItem\",\"position\":2,\"name\":\"Shop\",\"item\":\"https:\\\/\\\/ecologa-europe.com\\\/shop\\\/shop\\\/\"},{\"@type\":\"ListItem\",\"position\":3,\"name\":\"Cotone schermato NATURELL ARBOR FR\u2122\"}]},{\"@type\":\"WebSite\",\"@id\":\"https:\\\/\\\/ecologa-europe.com\\\/shop\\\/#website\",\"url\":\"https:\\\/\\\/ecologa-europe.com\\\/shop\\\/\",\"name\":\"Elektrosmog-Schutz Onlineshop\",\"description\":\"Ecologa Europe\",\"publisher\":{\"@id\":\"https:\\\/\\\/ecologa-europe.com\\\/shop\\\/#organization\"},\"potentialAction\":[{\"@type\":\"SearchAction\",\"target\":{\"@type\":\"EntryPoint\",\"urlTemplate\":\"https:\\\/\\\/ecologa-europe.com\\\/shop\\\/?s={search_term_string}\"},\"query-input\":{\"@type\":\"PropertyValueSpecification\",\"valueRequired\":true,\"valueName\":\"search_term_string\"}}],\"inLanguage\":\"de\"},{\"@type\":\"Organization\",\"@id\":\"https:\\\/\\\/ecologa-europe.com\\\/shop\\\/#organization\",\"name\":\"Elektrosmog-Schutz Onlineshop\",\"url\":\"https:\\\/\\\/ecologa-europe.com\\\/shop\\\/\",\"logo\":{\"@type\":\"ImageObject\",\"inLanguage\":\"de\",\"@id\":\"https:\\\/\\\/ecologa-europe.com\\\/shop\\\/#\\\/schema\\\/logo\\\/image\\\/\",\"url\":\"https:\\\/\\\/ecologa-europe.com\\\/shop\\\/wp-content\\\/uploads\\\/2025\\\/04\\\/vertical-navbar-logo.svg\",\"contentUrl\":\"https:\\\/\\\/ecologa-europe.com\\\/shop\\\/wp-content\\\/uploads\\\/2025\\\/04\\\/vertical-navbar-logo.svg\",\"width\":182,\"height\":70,\"caption\":\"Elektrosmog-Schutz Onlineshop\"},\"image\":{\"@id\":\"https:\\\/\\\/ecologa-europe.com\\\/shop\\\/#\\\/schema\\\/logo\\\/image\\\/\"},\"sameAs\":[\"https:\\\/\\\/www.facebook.com\\\/Ecologa-Europe-GmbH-1604744566252298\\\/\",\"https:\\\/\\\/www.instagram.com\\\/ecologaeurope\\\/\"]}]}<\/script>\n<!-- \/ Yoast SEO plugin. -->","yoast_head_json":{"title":"Cotone schermato NATURELL ARBOR FR\u2122 - Elektrosmog-Schutz Onlineshop","description":"Tessuto schermato di alta qualit\u00e0 in cotone per la riduzione delle radiazioni elettromagnetiche ad alta frequenza (ad es. WLAN, telefonia mobile, 5G).","robots":{"index":"index","follow":"follow","max-snippet":"max-snippet:-1","max-image-preview":"max-image-preview:large","max-video-preview":"max-video-preview:-1"},"canonical":"https:\/\/ecologa-europe.com\/shop\/produkt\/cotone-schermato-ventus-kopie\/","og_locale":"de_DE","og_type":"article","og_title":"Cotone schermato NATURELL ARBOR FR\u2122 - Elektrosmog-Schutz Onlineshop","og_description":"Tessuto schermato di alta qualit\u00e0 in cotone per la riduzione delle radiazioni elettromagnetiche ad alta frequenza (ad es. WLAN, telefonia mobile, 5G).","og_url":"https:\/\/ecologa-europe.com\/shop\/produkt\/cotone-schermato-ventus-kopie\/?lang=it","og_site_name":"Elektrosmog-Schutz Onlineshop","article_publisher":"https:\/\/www.facebook.com\/Ecologa-Europe-GmbH-1604744566252298\/","article_modified_time":"2026-02-11T15:15:35+00:00","og_image":[{"width":488,"height":494,"url":"https:\/\/ecologa-europe.com\/shop\/wp-content\/uploads\/2026\/01\/ARBOR.png","type":"image\/png"}],"twitter_card":"summary_large_image","twitter_misc":{"Gesch\u00e4tzte Lesezeit":"6\u00a0Minuten"},"schema":{"@context":"https:\/\/schema.org","@graph":[{"@type":"WebPage","@id":"https:\/\/ecologa-europe.com\/shop\/produkt\/cotone-schermato-ventus-kopie\/?lang=it","url":"https:\/\/ecologa-europe.com\/shop\/produkt\/cotone-schermato-ventus-kopie\/?lang=it","name":"Cotone schermato NATURELL ARBOR FR\u2122 - Elektrosmog-Schutz Onlineshop","isPartOf":{"@id":"https:\/\/ecologa-europe.com\/shop\/#website"},"primaryImageOfPage":{"@id":"https:\/\/ecologa-europe.com\/shop\/produkt\/cotone-schermato-ventus-kopie\/?lang=it#primaryimage"},"image":{"@id":"https:\/\/ecologa-europe.com\/shop\/produkt\/cotone-schermato-ventus-kopie\/?lang=it#primaryimage"},"thumbnailUrl":"https:\/\/ecologa-europe.com\/shop\/wp-content\/uploads\/2026\/01\/ARBOR.png","datePublished":"2026-01-29T14:33:01+00:00","dateModified":"2026-02-11T15:15:35+00:00","description":"Tessuto schermato di alta qualit\u00e0 in cotone per la riduzione delle radiazioni elettromagnetiche ad alta frequenza (ad es. WLAN, telefonia mobile, 5G).","breadcrumb":{"@id":"https:\/\/ecologa-europe.com\/shop\/produkt\/cotone-schermato-ventus-kopie\/?lang=it#breadcrumb"},"inLanguage":"de","potentialAction":[{"@type":"ReadAction","target":["https:\/\/ecologa-europe.com\/shop\/produkt\/cotone-schermato-ventus-kopie\/?lang=it"]}]},{"@type":"ImageObject","inLanguage":"de","@id":"https:\/\/ecologa-europe.com\/shop\/produkt\/cotone-schermato-ventus-kopie\/?lang=it#primaryimage","url":"https:\/\/ecologa-europe.com\/shop\/wp-content\/uploads\/2026\/01\/ARBOR.png","contentUrl":"https:\/\/ecologa-europe.com\/shop\/wp-content\/uploads\/2026\/01\/ARBOR.png","width":488,"height":494},{"@type":"BreadcrumbList","@id":"https:\/\/ecologa-europe.com\/shop\/produkt\/cotone-schermato-ventus-kopie\/?lang=it#breadcrumb","itemListElement":[{"@type":"ListItem","position":1,"name":"Startseite","item":"https:\/\/ecologa-europe.com\/shop\/"},{"@type":"ListItem","position":2,"name":"Shop","item":"https:\/\/ecologa-europe.com\/shop\/shop\/"},{"@type":"ListItem","position":3,"name":"Cotone schermato NATURELL ARBOR FR\u2122"}]},{"@type":"WebSite","@id":"https:\/\/ecologa-europe.com\/shop\/#website","url":"https:\/\/ecologa-europe.com\/shop\/","name":"Elektrosmog-Schutz Onlineshop","description":"Ecologa Europe","publisher":{"@id":"https:\/\/ecologa-europe.com\/shop\/#organization"},"potentialAction":[{"@type":"SearchAction","target":{"@type":"EntryPoint","urlTemplate":"https:\/\/ecologa-europe.com\/shop\/?s={search_term_string}"},"query-input":{"@type":"PropertyValueSpecification","valueRequired":true,"valueName":"search_term_string"}}],"inLanguage":"de"},{"@type":"Organization","@id":"https:\/\/ecologa-europe.com\/shop\/#organization","name":"Elektrosmog-Schutz Onlineshop","url":"https:\/\/ecologa-europe.com\/shop\/","logo":{"@type":"ImageObject","inLanguage":"de","@id":"https:\/\/ecologa-europe.com\/shop\/#\/schema\/logo\/image\/","url":"https:\/\/ecologa-europe.com\/shop\/wp-content\/uploads\/2025\/04\/vertical-navbar-logo.svg","contentUrl":"https:\/\/ecologa-europe.com\/shop\/wp-content\/uploads\/2025\/04\/vertical-navbar-logo.svg","width":182,"height":70,"caption":"Elektrosmog-Schutz Onlineshop"},"image":{"@id":"https:\/\/ecologa-europe.com\/shop\/#\/schema\/logo\/image\/"},"sameAs":["https:\/\/www.facebook.com\/Ecologa-Europe-GmbH-1604744566252298\/","https:\/\/www.instagram.com\/ecologaeurope\/"]}]}},"_links":{"self":[{"href":"https:\/\/ecologa-europe.com\/shop\/wp-json\/wp\/v2\/product\/10308","targetHints":{"allow":["GET"]}}],"collection":[{"href":"https:\/\/ecologa-europe.com\/shop\/wp-json\/wp\/v2\/product"}],"about":[{"href":"https:\/\/ecologa-europe.com\/shop\/wp-json\/wp\/v2\/types\/product"}],"wp:featuredmedia":[{"embeddable":true,"href":"https:\/\/ecologa-europe.com\/shop\/wp-json\/wp\/v2\/media\/10332"}],"wp:attachment":[{"href":"https:\/\/ecologa-europe.com\/shop\/wp-json\/wp\/v2\/media?parent=10308"}],"wp:term":[{"taxonomy":"product_brand","embeddable":true,"href":"https:\/\/ecologa-europe.com\/shop\/wp-json\/wp\/v2\/product_brand?post=10308"},{"taxonomy":"product_cat","embeddable":true,"href":"https:\/\/ecologa-europe.com\/shop\/wp-json\/wp\/v2\/product_cat?post=10308"},{"taxonomy":"product_tag","embeddable":true,"href":"https:\/\/ecologa-europe.com\/shop\/wp-json\/wp\/v2\/product_tag?post=10308"}],"curies":[{"name":"wp","href":"https:\/\/api.w.org\/{rel}","templated":true}]}}