{"id":15385,"date":"2026-04-01T04:09:21","date_gmt":"2026-04-01T04:09:21","guid":{"rendered":"https:\/\/ecologa-europe.com\/shop\/?post_type=product&#038;p=15385"},"modified":"2026-04-01T07:09:52","modified_gmt":"2026-04-01T07:09:52","slug":"lampe-de-table-ondine-kopie-2","status":"publish","type":"product","link":"https:\/\/ecologa-europe.com\/shop\/produkt\/lampe-de-table-ondine-kopie-2\/?lang=fr","title":{"rendered":"Lampe de table Ondine (Kopie)"},"content":{"rendered":"<p>Alliant la douceur naturelle et intemporelle du bois au design plus contemporain du m\u00e9tal, cette lampe de table, aussi utile que d\u00e9corative, ornera parfaitement un bureau, une table de chevet ou tout autre meuble.<\/p>\n<p>Sa couleur blanche en m\u00e9tal et son socle en bois de h\u00eatre lui conf\u00e8rent un look gai et tendance dans votre espace.<\/p>\n<p>Cette lampe est enti\u00e8rement blind\u00e9e, de l\u2018ampoule \u00e0 la fiche secteur, y compris corbeille d\u2018abat-jour et ampoule LED G9.<\/p>\n<p>Grace a son Col de cygne, la lampe est orientable dans toutes les directions.<\/p>\n<p><strong>Donn\u00e9es techniques<\/strong><\/p>\n<p>Couleur de l\u2018abat-jour : blanc, rev\u00eatu par poudre<br \/>\nSocle : bois de h\u00eatre<br \/>\nLongueur du c\u00e2ble : env. 180 cm blanc<br \/>\nRaccordement au r\u00e9seau blind\u00e9 : Fiche de contact de protection coud\u00e9e DIN 49441<br \/>\nInterrupteur : 1 p\u00f4le (blind\u00e9)<br \/>\nTension de service : 230 VAC \/ 50 Hz<br \/>\nDimensions : voir croquis<br \/>\nSource lumineuse : E14, LED-G9-5,5 W, 485 lm<br \/>\nClasse de protection : 1 (avec conducteur de protection)<br \/>\nBlindage du champ \u00e9lectrique alternatif : c\u00e2ble d\u2018alimentation blind\u00e9 (ruban d\u2018aluminium, fil double, cage de blindage)<br \/>\nCorbeille de blindage : spirale en acier inoxydable avec bague \u00e0 visser E14<br \/>\nBlindage contre les champs magn\u00e9tiques alternatifs : c\u00e2ble choc 10 (fils s\u00e9par\u00e9s dix fois par m\u00e8tre, torsad\u00e9s entre eux)<br \/>\nTest selon : TCO\u201899 (MPR II, DIN EN 50279) Valeurs limites inf\u00e9rieures d\u2018un facteur 20 et plus pour toutes les m\u00e9thodes de mesure, individuellement \u00e0 100%.<\/p>\n<p><strong>Contenu de la livraison<\/strong><\/p>\n<p>Luminaire avec une source lumineuse G9-LED-5,5 et Corbeille d\u2018abat-jour<\/p>\n<p><strong>Consignes de s\u00e9curit\u00e9<\/strong><br \/>\nTous les travaux \u00e9lectriques (travaux sur les appareils et installations \u00e9lectriques) doivent \u00eatre effectu\u00e9s et contr\u00f4l\u00e9s par un \u00e9lectricien sp\u00e9cialis\u00e9 ou sous sa direction et sa surveillance !<br \/>\nN\u2018utilisez votre lampe que dans des locaux int\u00e9rieurs secs et \u00e0 temp\u00e9rature normale. Pas d\u2018utilisation \u00e0 l\u2018ext\u00e9rieur !<\/p>\n<p><strong>Mise en service<\/strong><br \/>\n1. retirer le produit de son emballage<br \/>\n2. mettre en place l\u2018ampoule G9<br \/>\n3. brancher le c\u00e2ble sur la prise de courant<br \/>\n4. mise en marche et arr\u00eat par interrupteur \u00e0 bascule.<\/p>\n<p>Une l\u00e9g\u00e8re inclinaison de l\u2018abat-jour peut \u00eatre compens\u00e9e par un r\u00e9glage de l\u2018\u00e9clairage. en pliant avec pr\u00e9caution la structure m\u00e9tallique.<\/p>\n<p><strong>Attention, remarque importante :<\/strong><br \/>\nPour toute intervention sur la lampe, il faut toujours commencer par la d\u00e9brancher ! Dans le cas d\u2018une ampoule G9 lampe halog\u00e8ne \u00e0 haute tension, il faut la laisser refroidir avant de la retirer !<\/p>\n<p>1. pousser le panier d\u2018abat-jour du haut vers le bas<br \/>\n2. retirer l\u2018ampoule d\u00e9fectueuse et ins\u00e9rer la nouvelle. Mettre en place l\u2018ampoule. Faire sortir la corbeille de l\u2018abat-jour en la laissant glisser lentement vers le haut.<\/p>\n<p>En cas d\u2018utilisation d\u2018une ampoule haute tension de type G9, puissance maximale de 20W !<br \/>\nIl n\u2018y a pas de limite pour les ampoules LED<\/p>\n","protected":false},"excerpt":{"rendered":"<p>Protection contre les champs \u00e9lectriques et magn\u00e9tiques !<\/p>\n<p>Cette lampe de table, qui allie la douceur naturelle et intemporelle du bois au design moderne du m\u00e9tal, est aussi utile que d\u00e9corative et orne parfaitement un bureau, une table de nuit ou tout autre meuble.<\/p>\n<p>Ondine est enti\u00e8rement blind\u00e9e, de l&#8217;ampoule \u00e0 la fiche secteur, y compris le panier de l&#8217;abat-jour et l&#8217;ampoule LED G9.<\/p>\n<p>Couleur de l&#8217;abat-jour : blanc, rev\u00eatu par poudre.<br \/>\nSocle : bois de h\u00eatre<br \/>\nLongueur du c\u00e2ble : env. 180 cm blanc<br \/>\nSource lumineuse : E14, LED G9-5,5 W, 485 lm<\/p>\n<p>Contenu de la livraison<br \/>\nLampe avec une source lumineuse G9-LED-5,5 ainsi que corbeille d&#8217;abat-jour<\/p>\n","protected":false},"featured_media":15443,"template":"","meta":{"inline_featured_image":false,"site-sidebar-layout":"default","site-content-layout":"","ast-site-content-layout":"default","site-content-style":"default","site-sidebar-style":"default","ast-global-header-display":"","ast-banner-title-visibility":"","ast-main-header-display":"","ast-hfb-above-header-display":"","ast-hfb-below-header-display":"","ast-hfb-mobile-header-display":"","site-post-title":"","ast-breadcrumbs-content":"","ast-featured-img":"","footer-sml-layout":"","ast-disable-related-posts":"","theme-transparent-header-meta":"","adv-header-id-meta":"","stick-header-meta":"","header-above-stick-meta":"","header-main-stick-meta":"","header-below-stick-meta":"","astra-migrate-meta-layouts":"set","ast-page-background-enabled":"default","ast-page-background-meta":{"desktop":{"background-color":"var(--ast-global-color-5)","background-image":"","background-repeat":"repeat","background-position":"center center","background-size":"auto","background-attachment":"scroll","background-type":"","background-media":"","overlay-type":"","overlay-color":"","overlay-opacity":"","overlay-gradient":""},"tablet":{"background-color":"","background-image":"","background-repeat":"repeat","background-position":"center center","background-size":"auto","background-attachment":"scroll","background-type":"","background-media":"","overlay-type":"","overlay-color":"","overlay-opacity":"","overlay-gradient":""},"mobile":{"background-color":"","background-image":"","background-repeat":"repeat","background-position":"center center","background-size":"auto","background-attachment":"scroll","background-type":"","background-media":"","overlay-type":"","overlay-color":"","overlay-opacity":"","overlay-gradient":""}},"ast-content-background-meta":{"desktop":{"background-color":"var(--ast-global-color-4)","background-image":"","background-repeat":"repeat","background-position":"center center","background-size":"auto","background-attachment":"scroll","background-type":"","background-media":"","overlay-type":"","overlay-color":"","overlay-opacity":"","overlay-gradient":""},"tablet":{"background-color":"var(--ast-global-color-4)","background-image":"","background-repeat":"repeat","background-position":"center center","background-size":"auto","background-attachment":"scroll","background-type":"","background-media":"","overlay-type":"","overlay-color":"","overlay-opacity":"","overlay-gradient":""},"mobile":{"background-color":"var(--ast-global-color-4)","background-image":"","background-repeat":"repeat","background-position":"center center","background-size":"auto","background-attachment":"scroll","background-type":"","background-media":"","overlay-type":"","overlay-color":"","overlay-opacity":"","overlay-gradient":""}}},"product_brand":[],"product_cat":[358],"product_tag":[426,427,360],"class_list":{"0":"post-15385","1":"product","2":"type-product","3":"status-publish","4":"has-post-thumbnail","6":"product_cat-luminaires-blindes","7":"product_tag-blindage-contre-les-champs-electriques","8":"product_tag-blindage-contre-les-champs-magnetiques","9":"product_tag-lampe-blindee","10":"product_shipping_class-standardversand","11":"desktop-align-left","12":"tablet-align-left","13":"mobile-align-left","15":"first","16":"instock","17":"taxable","18":"shipping-taxable","19":"purchasable","20":"product-type-simple"},"yoast_head":"<!-- This site is optimized with the Yoast SEO plugin v27.3 - https:\/\/yoast.com\/product\/yoast-seo-wordpress\/ -->\n<title>Lampe de table Ondine (Kopie) - Elektrosmog-Schutz Onlineshop<\/title>\n<meta name=\"description\" content=\"Lampe Ondine enti\u00e8rement blind\u00e9e, de l&#039;ampoule \u00e0 la fiche secteur, y compris la corbeille de blindage et l&#039;ampoule LED G9.\" \/>\n<meta name=\"robots\" content=\"index, follow, max-snippet:-1, max-image-preview:large, max-video-preview:-1\" \/>\n<link rel=\"canonical\" href=\"https:\/\/ecologa-europe.com\/shop\/produkt\/lampe-de-table-ondine-kopie-2\/\" \/>\n<meta property=\"og:locale\" content=\"de_DE\" \/>\n<meta property=\"og:type\" content=\"article\" \/>\n<meta property=\"og:title\" content=\"Lampe de table Ondine (Kopie) - Elektrosmog-Schutz Onlineshop\" \/>\n<meta property=\"og:description\" content=\"Lampe Ondine enti\u00e8rement blind\u00e9e, de l&#039;ampoule \u00e0 la fiche secteur, y compris la corbeille de blindage et l&#039;ampoule LED G9.\" \/>\n<meta property=\"og:url\" content=\"https:\/\/ecologa-europe.com\/shop\/produkt\/lampe-de-table-ondine-kopie-2\/?lang=fr\" \/>\n<meta property=\"og:site_name\" content=\"Elektrosmog-Schutz Onlineshop\" \/>\n<meta property=\"article:publisher\" content=\"https:\/\/www.facebook.com\/Ecologa-Europe-GmbH-1604744566252298\/\" \/>\n<meta property=\"article:modified_time\" content=\"2026-04-01T07:09:52+00:00\" \/>\n<meta property=\"og:image\" content=\"https:\/\/ecologa-europe.com\/shop\/wp-content\/uploads\/2026\/04\/clario_tischleuchte_wohnzimmer.jpg\" \/>\n\t<meta property=\"og:image:width\" content=\"550\" \/>\n\t<meta property=\"og:image:height\" content=\"550\" \/>\n\t<meta property=\"og:image:type\" content=\"image\/jpeg\" \/>\n<meta name=\"twitter:card\" content=\"summary_large_image\" \/>\n<meta name=\"twitter:label1\" content=\"Gesch\u00e4tzte Lesezeit\" \/>\n\t<meta name=\"twitter:data1\" content=\"2\u00a0Minuten\" \/>\n<script type=\"application\/ld+json\" class=\"yoast-schema-graph\">{\"@context\":\"https:\\\/\\\/schema.org\",\"@graph\":[{\"@type\":\"WebPage\",\"@id\":\"https:\\\/\\\/ecologa-europe.com\\\/shop\\\/produkt\\\/lampe-de-table-ondine-kopie-2\\\/?lang=fr\",\"url\":\"https:\\\/\\\/ecologa-europe.com\\\/shop\\\/produkt\\\/lampe-de-table-ondine-kopie-2\\\/?lang=fr\",\"name\":\"Lampe de table Ondine (Kopie) - Elektrosmog-Schutz Onlineshop\",\"isPartOf\":{\"@id\":\"https:\\\/\\\/ecologa-europe.com\\\/shop\\\/#website\"},\"primaryImageOfPage\":{\"@id\":\"https:\\\/\\\/ecologa-europe.com\\\/shop\\\/produkt\\\/lampe-de-table-ondine-kopie-2\\\/?lang=fr#primaryimage\"},\"image\":{\"@id\":\"https:\\\/\\\/ecologa-europe.com\\\/shop\\\/produkt\\\/lampe-de-table-ondine-kopie-2\\\/?lang=fr#primaryimage\"},\"thumbnailUrl\":\"https:\\\/\\\/ecologa-europe.com\\\/shop\\\/wp-content\\\/uploads\\\/2026\\\/04\\\/clario_tischlampe_wohnzimmerjpg.jpg\",\"datePublished\":\"2026-04-01T04:09:21+00:00\",\"dateModified\":\"2026-04-01T07:09:52+00:00\",\"description\":\"Lampe Ondine enti\u00e8rement blind\u00e9e, de l'ampoule \u00e0 la fiche secteur, y compris la corbeille de blindage et l'ampoule LED G9.\",\"breadcrumb\":{\"@id\":\"https:\\\/\\\/ecologa-europe.com\\\/shop\\\/produkt\\\/lampe-de-table-ondine-kopie-2\\\/?lang=fr#breadcrumb\"},\"inLanguage\":\"de\",\"potentialAction\":[{\"@type\":\"ReadAction\",\"target\":[\"https:\\\/\\\/ecologa-europe.com\\\/shop\\\/produkt\\\/lampe-de-table-ondine-kopie-2\\\/?lang=fr\"]}]},{\"@type\":\"ImageObject\",\"inLanguage\":\"de\",\"@id\":\"https:\\\/\\\/ecologa-europe.com\\\/shop\\\/produkt\\\/lampe-de-table-ondine-kopie-2\\\/?lang=fr#primaryimage\",\"url\":\"https:\\\/\\\/ecologa-europe.com\\\/shop\\\/wp-content\\\/uploads\\\/2026\\\/04\\\/clario_tischlampe_wohnzimmerjpg.jpg\",\"contentUrl\":\"https:\\\/\\\/ecologa-europe.com\\\/shop\\\/wp-content\\\/uploads\\\/2026\\\/04\\\/clario_tischlampe_wohnzimmerjpg.jpg\",\"width\":550,\"height\":550},{\"@type\":\"BreadcrumbList\",\"@id\":\"https:\\\/\\\/ecologa-europe.com\\\/shop\\\/produkt\\\/lampe-de-table-ondine-kopie-2\\\/?lang=fr#breadcrumb\",\"itemListElement\":[{\"@type\":\"ListItem\",\"position\":1,\"name\":\"Startseite\",\"item\":\"https:\\\/\\\/ecologa-europe.com\\\/shop\\\/\"},{\"@type\":\"ListItem\",\"position\":2,\"name\":\"Shop\",\"item\":\"https:\\\/\\\/ecologa-europe.com\\\/shop\\\/shop\\\/\"},{\"@type\":\"ListItem\",\"position\":3,\"name\":\"Lampe de table Ondine (Kopie)\"}]},{\"@type\":\"WebSite\",\"@id\":\"https:\\\/\\\/ecologa-europe.com\\\/shop\\\/#website\",\"url\":\"https:\\\/\\\/ecologa-europe.com\\\/shop\\\/\",\"name\":\"Elektrosmog-Schutz Onlineshop\",\"description\":\"Ecologa Europe\",\"publisher\":{\"@id\":\"https:\\\/\\\/ecologa-europe.com\\\/shop\\\/#organization\"},\"potentialAction\":[{\"@type\":\"SearchAction\",\"target\":{\"@type\":\"EntryPoint\",\"urlTemplate\":\"https:\\\/\\\/ecologa-europe.com\\\/shop\\\/?s={search_term_string}\"},\"query-input\":{\"@type\":\"PropertyValueSpecification\",\"valueRequired\":true,\"valueName\":\"search_term_string\"}}],\"inLanguage\":\"de\"},{\"@type\":\"Organization\",\"@id\":\"https:\\\/\\\/ecologa-europe.com\\\/shop\\\/#organization\",\"name\":\"Elektrosmog-Schutz Onlineshop\",\"url\":\"https:\\\/\\\/ecologa-europe.com\\\/shop\\\/\",\"logo\":{\"@type\":\"ImageObject\",\"inLanguage\":\"de\",\"@id\":\"https:\\\/\\\/ecologa-europe.com\\\/shop\\\/#\\\/schema\\\/logo\\\/image\\\/\",\"url\":\"https:\\\/\\\/ecologa-europe.com\\\/shop\\\/wp-content\\\/uploads\\\/2025\\\/04\\\/vertical-navbar-logo.svg\",\"contentUrl\":\"https:\\\/\\\/ecologa-europe.com\\\/shop\\\/wp-content\\\/uploads\\\/2025\\\/04\\\/vertical-navbar-logo.svg\",\"width\":182,\"height\":70,\"caption\":\"Elektrosmog-Schutz Onlineshop\"},\"image\":{\"@id\":\"https:\\\/\\\/ecologa-europe.com\\\/shop\\\/#\\\/schema\\\/logo\\\/image\\\/\"},\"sameAs\":[\"https:\\\/\\\/www.facebook.com\\\/Ecologa-Europe-GmbH-1604744566252298\\\/\",\"https:\\\/\\\/www.instagram.com\\\/ecologaeurope\\\/\"]}]}<\/script>\n<!-- \/ Yoast SEO plugin. -->","yoast_head_json":{"title":"Lampe de table Ondine (Kopie) - Elektrosmog-Schutz Onlineshop","description":"Lampe Ondine enti\u00e8rement blind\u00e9e, de l'ampoule \u00e0 la fiche secteur, y compris la corbeille de blindage et l'ampoule LED G9.","robots":{"index":"index","follow":"follow","max-snippet":"max-snippet:-1","max-image-preview":"max-image-preview:large","max-video-preview":"max-video-preview:-1"},"canonical":"https:\/\/ecologa-europe.com\/shop\/produkt\/lampe-de-table-ondine-kopie-2\/","og_locale":"de_DE","og_type":"article","og_title":"Lampe de table Ondine (Kopie) - Elektrosmog-Schutz Onlineshop","og_description":"Lampe Ondine enti\u00e8rement blind\u00e9e, de l'ampoule \u00e0 la fiche secteur, y compris la corbeille de blindage et l'ampoule LED G9.","og_url":"https:\/\/ecologa-europe.com\/shop\/produkt\/lampe-de-table-ondine-kopie-2\/?lang=fr","og_site_name":"Elektrosmog-Schutz Onlineshop","article_publisher":"https:\/\/www.facebook.com\/Ecologa-Europe-GmbH-1604744566252298\/","article_modified_time":"2026-04-01T07:09:52+00:00","og_image":[{"width":550,"height":550,"url":"https:\/\/ecologa-europe.com\/shop\/wp-content\/uploads\/2026\/04\/clario_tischleuchte_wohnzimmer.jpg","type":"image\/jpeg"}],"twitter_card":"summary_large_image","twitter_misc":{"Gesch\u00e4tzte Lesezeit":"2\u00a0Minuten"},"schema":{"@context":"https:\/\/schema.org","@graph":[{"@type":"WebPage","@id":"https:\/\/ecologa-europe.com\/shop\/produkt\/lampe-de-table-ondine-kopie-2\/?lang=fr","url":"https:\/\/ecologa-europe.com\/shop\/produkt\/lampe-de-table-ondine-kopie-2\/?lang=fr","name":"Lampe de table Ondine (Kopie) - Elektrosmog-Schutz Onlineshop","isPartOf":{"@id":"https:\/\/ecologa-europe.com\/shop\/#website"},"primaryImageOfPage":{"@id":"https:\/\/ecologa-europe.com\/shop\/produkt\/lampe-de-table-ondine-kopie-2\/?lang=fr#primaryimage"},"image":{"@id":"https:\/\/ecologa-europe.com\/shop\/produkt\/lampe-de-table-ondine-kopie-2\/?lang=fr#primaryimage"},"thumbnailUrl":"https:\/\/ecologa-europe.com\/shop\/wp-content\/uploads\/2026\/04\/clario_tischlampe_wohnzimmerjpg.jpg","datePublished":"2026-04-01T04:09:21+00:00","dateModified":"2026-04-01T07:09:52+00:00","description":"Lampe Ondine enti\u00e8rement blind\u00e9e, de l'ampoule \u00e0 la fiche secteur, y compris la corbeille de blindage et l'ampoule LED G9.","breadcrumb":{"@id":"https:\/\/ecologa-europe.com\/shop\/produkt\/lampe-de-table-ondine-kopie-2\/?lang=fr#breadcrumb"},"inLanguage":"de","potentialAction":[{"@type":"ReadAction","target":["https:\/\/ecologa-europe.com\/shop\/produkt\/lampe-de-table-ondine-kopie-2\/?lang=fr"]}]},{"@type":"ImageObject","inLanguage":"de","@id":"https:\/\/ecologa-europe.com\/shop\/produkt\/lampe-de-table-ondine-kopie-2\/?lang=fr#primaryimage","url":"https:\/\/ecologa-europe.com\/shop\/wp-content\/uploads\/2026\/04\/clario_tischlampe_wohnzimmerjpg.jpg","contentUrl":"https:\/\/ecologa-europe.com\/shop\/wp-content\/uploads\/2026\/04\/clario_tischlampe_wohnzimmerjpg.jpg","width":550,"height":550},{"@type":"BreadcrumbList","@id":"https:\/\/ecologa-europe.com\/shop\/produkt\/lampe-de-table-ondine-kopie-2\/?lang=fr#breadcrumb","itemListElement":[{"@type":"ListItem","position":1,"name":"Startseite","item":"https:\/\/ecologa-europe.com\/shop\/"},{"@type":"ListItem","position":2,"name":"Shop","item":"https:\/\/ecologa-europe.com\/shop\/shop\/"},{"@type":"ListItem","position":3,"name":"Lampe de table Ondine (Kopie)"}]},{"@type":"WebSite","@id":"https:\/\/ecologa-europe.com\/shop\/#website","url":"https:\/\/ecologa-europe.com\/shop\/","name":"Elektrosmog-Schutz Onlineshop","description":"Ecologa Europe","publisher":{"@id":"https:\/\/ecologa-europe.com\/shop\/#organization"},"potentialAction":[{"@type":"SearchAction","target":{"@type":"EntryPoint","urlTemplate":"https:\/\/ecologa-europe.com\/shop\/?s={search_term_string}"},"query-input":{"@type":"PropertyValueSpecification","valueRequired":true,"valueName":"search_term_string"}}],"inLanguage":"de"},{"@type":"Organization","@id":"https:\/\/ecologa-europe.com\/shop\/#organization","name":"Elektrosmog-Schutz Onlineshop","url":"https:\/\/ecologa-europe.com\/shop\/","logo":{"@type":"ImageObject","inLanguage":"de","@id":"https:\/\/ecologa-europe.com\/shop\/#\/schema\/logo\/image\/","url":"https:\/\/ecologa-europe.com\/shop\/wp-content\/uploads\/2025\/04\/vertical-navbar-logo.svg","contentUrl":"https:\/\/ecologa-europe.com\/shop\/wp-content\/uploads\/2025\/04\/vertical-navbar-logo.svg","width":182,"height":70,"caption":"Elektrosmog-Schutz Onlineshop"},"image":{"@id":"https:\/\/ecologa-europe.com\/shop\/#\/schema\/logo\/image\/"},"sameAs":["https:\/\/www.facebook.com\/Ecologa-Europe-GmbH-1604744566252298\/","https:\/\/www.instagram.com\/ecologaeurope\/"]}]}},"_links":{"self":[{"href":"https:\/\/ecologa-europe.com\/shop\/wp-json\/wp\/v2\/product\/15385","targetHints":{"allow":["GET"]}}],"collection":[{"href":"https:\/\/ecologa-europe.com\/shop\/wp-json\/wp\/v2\/product"}],"about":[{"href":"https:\/\/ecologa-europe.com\/shop\/wp-json\/wp\/v2\/types\/product"}],"wp:featuredmedia":[{"embeddable":true,"href":"https:\/\/ecologa-europe.com\/shop\/wp-json\/wp\/v2\/media\/15443"}],"wp:attachment":[{"href":"https:\/\/ecologa-europe.com\/shop\/wp-json\/wp\/v2\/media?parent=15385"}],"wp:term":[{"taxonomy":"product_brand","embeddable":true,"href":"https:\/\/ecologa-europe.com\/shop\/wp-json\/wp\/v2\/product_brand?post=15385"},{"taxonomy":"product_cat","embeddable":true,"href":"https:\/\/ecologa-europe.com\/shop\/wp-json\/wp\/v2\/product_cat?post=15385"},{"taxonomy":"product_tag","embeddable":true,"href":"https:\/\/ecologa-europe.com\/shop\/wp-json\/wp\/v2\/product_tag?post=15385"}],"curies":[{"name":"wp","href":"https:\/\/api.w.org\/{rel}","templated":true}]}}