{"id":15386,"date":"2026-04-01T04:09:21","date_gmt":"2026-04-01T04:09:21","guid":{"rendered":"https:\/\/ecologa-europe.com\/shop\/?post_type=product&#038;p=15386"},"modified":"2026-04-01T07:09:52","modified_gmt":"2026-04-01T07:09:52","slug":"lampada-da-tavolo-ondine-kopie-2","status":"publish","type":"product","link":"https:\/\/ecologa-europe.com\/shop\/produkt\/lampada-da-tavolo-ondine-kopie-2\/?lang=it","title":{"rendered":"Lampada da tavolo Ondine (Kopie)"},"content":{"rendered":"<p>Lampada da tavolo Ondine<\/p>\n<p>Combinando la morbidezza naturale e atemporale del legno con il design pi\u00f9 contemporaneo del metallo, questa lampada da tavolo \u00e8 tanto utile quanto decorativa, e star\u00e0 benissimo su una scrivania, un comodino o qualsiasi altro mobile.<\/p>\n<p>La sua finitura in metallo bianco e la base in legno di faggio aggiungeranno un aspetto allegro e di tendenza al vostro spazio.<\/p>\n<p>Questa lampada \u00e8 completamente schermata, dalla lampadina alla presa di corrente, compreso il cestello del paralume e la lampadina LED G9.<\/p>\n<p>Grazie al suo collo di cigno, la lampada pu\u00f2 essere girata in qualsiasi direzione.<\/p>\n<p><strong>Dati tecnici<\/strong><\/p>\n<p>Colore del paralume: bianco, verniciato a polvere<br \/>\nBase: faggio<br \/>\nLunghezza cavo: circa 180 cm bianco<br \/>\nCollegamento di rete schermato: spina con contatto di protezione angolare DIN 49441<br \/>\nInterruttore: 1 polo (schermato)<br \/>\nTensione di funzionamento: 230 VAC \/ 50 Hz<br \/>\nDimensioni: vedi schizzo<br \/>\nSorgente luminosa: E14, LED-G9-5,5 W, 485 lm<br \/>\nClasse di protezione: 1 (con conduttore di protezione)<br \/>\nSchermatura del campo elettrico CA: cavo di alimentazione schermato (nastro di alluminio, filo doppio, gabbia di schermatura)<br \/>\nCestello di schermatura: spirale in acciaio inox con anello a vite E14<br \/>\nSchermatura contro i campi magnetici alternati: cavo shock 10 (fili separati dieci volte per metro, attorcigliati insieme)<br \/>\nTestato in conformit\u00e0 con: TCO\u201899 (MPR II, DIN EN 50279) Valori limite inferiori di un fattore 20 o pi\u00f9 per tutti i metodi di misurazione, individualmente al 100%.<\/p>\n<p><strong>Contenuto della fornitura<\/strong><\/p>\n<p>Apparecchio con sorgente luminosa G9-LED-5.5 e<br \/>\nCestello per paralume<\/p>\n<p><strong>Istruzioni di sicurezza<\/strong><br \/>\nTutti i lavori elettrici (interventi su apparecchiature e impianti elettrici) devono essere eseguiti e controllati da un elettricista qualificato o sotto la sua supervisione!<br \/>\nUtilizzare la lampada solo in ambienti interni asciutti e a temperature normali. Non utilizzare all\u2018aperto!<\/p>\n<p><strong>Introduzione<\/strong><br \/>\n1. togliere il prodotto dall\u2018imballaggio<br \/>\n2. inserire la lampadina G9<br \/>\n3. inserire il cavo nella presa di corrente<br \/>\n4. accendere e spegnere con l\u2018interruttore a bilico.<\/p>\n<p>Una leggera inclinazione del paralume pu\u00f2 essere compensata regolando l\u2018illuminazione. piegando con attenzione la struttura metallica.<\/p>\n<p><strong>Nota importante:<\/strong><br \/>\nStaccare sempre la spina della lampadina prima di effettuare qualsiasi intervento su di essa! Nel caso di una lampadina alogena G9 ad alta tensione, lasciarla raffreddare prima di rimuoverla!<\/p>\n<p>1. spingere il cestello del paralume dall&#8217;alto verso il basso<br \/>\n2. rimuovere la lampadina difettosa e inserire quella nuova. Inserire la lampadina. Far scorrere lentamente il cestello verso l&#8217;alto per estrarlo dal paralume.<\/p>\n<p>Quando si utilizza una lampadina G9 ad alta tensione, la potenza massima \u00e8 di 20W!<br \/>\nPer le lampadine a LED non vi \u00e8 alcun limite.<\/p>\n","protected":false},"excerpt":{"rendered":"<p>Schermatura contro i campi elettrici e magnetici!<\/p>\n<p>Combinando la naturale e intramontabile morbidezza del legno con il design moderno del metallo, questa lampada da tavolo \u00e8 tanto utile quanto decorativa, in grado di abbellire perfettamente una scrivania, un comodino o qualsiasi altro mobile.<\/p>\n<p>Ondine \u00e8 completamente schermata, dalla lampadina alla presa di corrente, compresi il cestello del paralume e la lampadina LED G9.<\/p>\n<p>Colore del paralume: bianco, verniciato a polvere.<br \/>\nBase: legno di faggio<br \/>\nLunghezza cavo: circa 180 cm bianco<br \/>\nSorgente luminosa: E14, LED-G9-5,5 W, 485 lm<\/p>\n<p>Contenuto della fornitura<br \/>\nLampada con una sorgente luminosa G9-LED-5,5 e cestello per paralume<\/p>\n","protected":false},"featured_media":15444,"template":"","meta":{"inline_featured_image":false,"site-sidebar-layout":"default","site-content-layout":"","ast-site-content-layout":"default","site-content-style":"default","site-sidebar-style":"default","ast-global-header-display":"","ast-banner-title-visibility":"","ast-main-header-display":"","ast-hfb-above-header-display":"","ast-hfb-below-header-display":"","ast-hfb-mobile-header-display":"","site-post-title":"","ast-breadcrumbs-content":"","ast-featured-img":"","footer-sml-layout":"","ast-disable-related-posts":"","theme-transparent-header-meta":"","adv-header-id-meta":"","stick-header-meta":"","header-above-stick-meta":"","header-main-stick-meta":"","header-below-stick-meta":"","astra-migrate-meta-layouts":"set","ast-page-background-enabled":"default","ast-page-background-meta":{"desktop":{"background-color":"var(--ast-global-color-5)","background-image":"","background-repeat":"repeat","background-position":"center center","background-size":"auto","background-attachment":"scroll","background-type":"","background-media":"","overlay-type":"","overlay-color":"","overlay-opacity":"","overlay-gradient":""},"tablet":{"background-color":"","background-image":"","background-repeat":"repeat","background-position":"center center","background-size":"auto","background-attachment":"scroll","background-type":"","background-media":"","overlay-type":"","overlay-color":"","overlay-opacity":"","overlay-gradient":""},"mobile":{"background-color":"","background-image":"","background-repeat":"repeat","background-position":"center center","background-size":"auto","background-attachment":"scroll","background-type":"","background-media":"","overlay-type":"","overlay-color":"","overlay-opacity":"","overlay-gradient":""}},"ast-content-background-meta":{"desktop":{"background-color":"var(--ast-global-color-4)","background-image":"","background-repeat":"repeat","background-position":"center center","background-size":"auto","background-attachment":"scroll","background-type":"","background-media":"","overlay-type":"","overlay-color":"","overlay-opacity":"","overlay-gradient":""},"tablet":{"background-color":"var(--ast-global-color-4)","background-image":"","background-repeat":"repeat","background-position":"center center","background-size":"auto","background-attachment":"scroll","background-type":"","background-media":"","overlay-type":"","overlay-color":"","overlay-opacity":"","overlay-gradient":""},"mobile":{"background-color":"var(--ast-global-color-4)","background-image":"","background-repeat":"repeat","background-position":"center center","background-size":"auto","background-attachment":"scroll","background-type":"","background-media":"","overlay-type":"","overlay-color":"","overlay-opacity":"","overlay-gradient":""}}},"product_brand":[],"product_cat":[361],"product_tag":[362,428,429],"class_list":{"0":"post-15386","1":"product","2":"type-product","3":"status-publish","4":"has-post-thumbnail","6":"product_cat-lampade-schermate","7":"product_tag-lampada-schermata","8":"product_tag-schermatura-contro-i-campi-elettrici","9":"product_tag-schermatura-contro-i-campi-magnetici","10":"product_shipping_class-standardversand","11":"desktop-align-left","12":"tablet-align-left","13":"mobile-align-left","15":"first","16":"instock","17":"taxable","18":"shipping-taxable","19":"purchasable","20":"product-type-simple"},"yoast_head":"<!-- This site is optimized with the Yoast SEO plugin v27.3 - https:\/\/yoast.com\/product\/yoast-seo-wordpress\/ -->\n<title>Lampada da tavolo Ondine (Kopie) - Elektrosmog-Schutz Onlineshop<\/title>\n<meta name=\"description\" content=\"Lampada Ondine completamente schermata, dalla lampadina alla spina di rete, compreso il cestello di schermatura e la lampadina LED G9.\" \/>\n<meta name=\"robots\" content=\"index, follow, max-snippet:-1, max-image-preview:large, max-video-preview:-1\" \/>\n<link rel=\"canonical\" href=\"https:\/\/ecologa-europe.com\/shop\/produkt\/lampada-da-tavolo-ondine-kopie-2\/\" \/>\n<meta property=\"og:locale\" content=\"de_DE\" \/>\n<meta property=\"og:type\" content=\"article\" \/>\n<meta property=\"og:title\" content=\"Lampada da tavolo Ondine (Kopie) - Elektrosmog-Schutz Onlineshop\" \/>\n<meta property=\"og:description\" content=\"Lampada Ondine completamente schermata, dalla lampadina alla spina di rete, compreso il cestello di schermatura e la lampadina LED G9.\" \/>\n<meta property=\"og:url\" content=\"https:\/\/ecologa-europe.com\/shop\/produkt\/lampada-da-tavolo-ondine-kopie-2\/?lang=it\" \/>\n<meta property=\"og:site_name\" content=\"Elektrosmog-Schutz Onlineshop\" \/>\n<meta property=\"article:publisher\" content=\"https:\/\/www.facebook.com\/Ecologa-Europe-GmbH-1604744566252298\/\" \/>\n<meta property=\"article:modified_time\" content=\"2026-04-01T07:09:52+00:00\" \/>\n<meta property=\"og:image\" content=\"https:\/\/ecologa-europe.com\/shop\/wp-content\/uploads\/2026\/04\/clario_tischleuchte_wohnzimmer.jpg\" \/>\n\t<meta property=\"og:image:width\" content=\"550\" \/>\n\t<meta property=\"og:image:height\" content=\"550\" \/>\n\t<meta property=\"og:image:type\" content=\"image\/jpeg\" \/>\n<meta name=\"twitter:card\" content=\"summary_large_image\" \/>\n<meta name=\"twitter:label1\" content=\"Gesch\u00e4tzte Lesezeit\" \/>\n\t<meta name=\"twitter:data1\" content=\"3\u00a0Minuten\" \/>\n<script type=\"application\/ld+json\" class=\"yoast-schema-graph\">{\"@context\":\"https:\\\/\\\/schema.org\",\"@graph\":[{\"@type\":\"WebPage\",\"@id\":\"https:\\\/\\\/ecologa-europe.com\\\/shop\\\/produkt\\\/lampada-da-tavolo-ondine-kopie-2\\\/?lang=it\",\"url\":\"https:\\\/\\\/ecologa-europe.com\\\/shop\\\/produkt\\\/lampada-da-tavolo-ondine-kopie-2\\\/?lang=it\",\"name\":\"Lampada da tavolo Ondine (Kopie) - Elektrosmog-Schutz Onlineshop\",\"isPartOf\":{\"@id\":\"https:\\\/\\\/ecologa-europe.com\\\/shop\\\/#website\"},\"primaryImageOfPage\":{\"@id\":\"https:\\\/\\\/ecologa-europe.com\\\/shop\\\/produkt\\\/lampada-da-tavolo-ondine-kopie-2\\\/?lang=it#primaryimage\"},\"image\":{\"@id\":\"https:\\\/\\\/ecologa-europe.com\\\/shop\\\/produkt\\\/lampada-da-tavolo-ondine-kopie-2\\\/?lang=it#primaryimage\"},\"thumbnailUrl\":\"https:\\\/\\\/ecologa-europe.com\\\/shop\\\/wp-content\\\/uploads\\\/2026\\\/04\\\/clario_tischlampe_wohnzimmerjpg.jpg\",\"datePublished\":\"2026-04-01T04:09:21+00:00\",\"dateModified\":\"2026-04-01T07:09:52+00:00\",\"description\":\"Lampada Ondine completamente schermata, dalla lampadina alla spina di rete, compreso il cestello di schermatura e la lampadina LED G9.\",\"breadcrumb\":{\"@id\":\"https:\\\/\\\/ecologa-europe.com\\\/shop\\\/produkt\\\/lampada-da-tavolo-ondine-kopie-2\\\/?lang=it#breadcrumb\"},\"inLanguage\":\"de\",\"potentialAction\":[{\"@type\":\"ReadAction\",\"target\":[\"https:\\\/\\\/ecologa-europe.com\\\/shop\\\/produkt\\\/lampada-da-tavolo-ondine-kopie-2\\\/?lang=it\"]}]},{\"@type\":\"ImageObject\",\"inLanguage\":\"de\",\"@id\":\"https:\\\/\\\/ecologa-europe.com\\\/shop\\\/produkt\\\/lampada-da-tavolo-ondine-kopie-2\\\/?lang=it#primaryimage\",\"url\":\"https:\\\/\\\/ecologa-europe.com\\\/shop\\\/wp-content\\\/uploads\\\/2026\\\/04\\\/clario_tischlampe_wohnzimmerjpg.jpg\",\"contentUrl\":\"https:\\\/\\\/ecologa-europe.com\\\/shop\\\/wp-content\\\/uploads\\\/2026\\\/04\\\/clario_tischlampe_wohnzimmerjpg.jpg\",\"width\":550,\"height\":550},{\"@type\":\"BreadcrumbList\",\"@id\":\"https:\\\/\\\/ecologa-europe.com\\\/shop\\\/produkt\\\/lampada-da-tavolo-ondine-kopie-2\\\/?lang=it#breadcrumb\",\"itemListElement\":[{\"@type\":\"ListItem\",\"position\":1,\"name\":\"Startseite\",\"item\":\"https:\\\/\\\/ecologa-europe.com\\\/shop\\\/\"},{\"@type\":\"ListItem\",\"position\":2,\"name\":\"Shop\",\"item\":\"https:\\\/\\\/ecologa-europe.com\\\/shop\\\/shop\\\/\"},{\"@type\":\"ListItem\",\"position\":3,\"name\":\"Lampada da tavolo Ondine (Kopie)\"}]},{\"@type\":\"WebSite\",\"@id\":\"https:\\\/\\\/ecologa-europe.com\\\/shop\\\/#website\",\"url\":\"https:\\\/\\\/ecologa-europe.com\\\/shop\\\/\",\"name\":\"Elektrosmog-Schutz Onlineshop\",\"description\":\"Ecologa Europe\",\"publisher\":{\"@id\":\"https:\\\/\\\/ecologa-europe.com\\\/shop\\\/#organization\"},\"potentialAction\":[{\"@type\":\"SearchAction\",\"target\":{\"@type\":\"EntryPoint\",\"urlTemplate\":\"https:\\\/\\\/ecologa-europe.com\\\/shop\\\/?s={search_term_string}\"},\"query-input\":{\"@type\":\"PropertyValueSpecification\",\"valueRequired\":true,\"valueName\":\"search_term_string\"}}],\"inLanguage\":\"de\"},{\"@type\":\"Organization\",\"@id\":\"https:\\\/\\\/ecologa-europe.com\\\/shop\\\/#organization\",\"name\":\"Elektrosmog-Schutz Onlineshop\",\"url\":\"https:\\\/\\\/ecologa-europe.com\\\/shop\\\/\",\"logo\":{\"@type\":\"ImageObject\",\"inLanguage\":\"de\",\"@id\":\"https:\\\/\\\/ecologa-europe.com\\\/shop\\\/#\\\/schema\\\/logo\\\/image\\\/\",\"url\":\"https:\\\/\\\/ecologa-europe.com\\\/shop\\\/wp-content\\\/uploads\\\/2025\\\/04\\\/vertical-navbar-logo.svg\",\"contentUrl\":\"https:\\\/\\\/ecologa-europe.com\\\/shop\\\/wp-content\\\/uploads\\\/2025\\\/04\\\/vertical-navbar-logo.svg\",\"width\":182,\"height\":70,\"caption\":\"Elektrosmog-Schutz Onlineshop\"},\"image\":{\"@id\":\"https:\\\/\\\/ecologa-europe.com\\\/shop\\\/#\\\/schema\\\/logo\\\/image\\\/\"},\"sameAs\":[\"https:\\\/\\\/www.facebook.com\\\/Ecologa-Europe-GmbH-1604744566252298\\\/\",\"https:\\\/\\\/www.instagram.com\\\/ecologaeurope\\\/\"]}]}<\/script>\n<!-- \/ Yoast SEO plugin. -->","yoast_head_json":{"title":"Lampada da tavolo Ondine (Kopie) - Elektrosmog-Schutz Onlineshop","description":"Lampada Ondine completamente schermata, dalla lampadina alla spina di rete, compreso il cestello di schermatura e la lampadina LED G9.","robots":{"index":"index","follow":"follow","max-snippet":"max-snippet:-1","max-image-preview":"max-image-preview:large","max-video-preview":"max-video-preview:-1"},"canonical":"https:\/\/ecologa-europe.com\/shop\/produkt\/lampada-da-tavolo-ondine-kopie-2\/","og_locale":"de_DE","og_type":"article","og_title":"Lampada da tavolo Ondine (Kopie) - Elektrosmog-Schutz Onlineshop","og_description":"Lampada Ondine completamente schermata, dalla lampadina alla spina di rete, compreso il cestello di schermatura e la lampadina LED G9.","og_url":"https:\/\/ecologa-europe.com\/shop\/produkt\/lampada-da-tavolo-ondine-kopie-2\/?lang=it","og_site_name":"Elektrosmog-Schutz Onlineshop","article_publisher":"https:\/\/www.facebook.com\/Ecologa-Europe-GmbH-1604744566252298\/","article_modified_time":"2026-04-01T07:09:52+00:00","og_image":[{"width":550,"height":550,"url":"https:\/\/ecologa-europe.com\/shop\/wp-content\/uploads\/2026\/04\/clario_tischleuchte_wohnzimmer.jpg","type":"image\/jpeg"}],"twitter_card":"summary_large_image","twitter_misc":{"Gesch\u00e4tzte Lesezeit":"3\u00a0Minuten"},"schema":{"@context":"https:\/\/schema.org","@graph":[{"@type":"WebPage","@id":"https:\/\/ecologa-europe.com\/shop\/produkt\/lampada-da-tavolo-ondine-kopie-2\/?lang=it","url":"https:\/\/ecologa-europe.com\/shop\/produkt\/lampada-da-tavolo-ondine-kopie-2\/?lang=it","name":"Lampada da tavolo Ondine (Kopie) - Elektrosmog-Schutz Onlineshop","isPartOf":{"@id":"https:\/\/ecologa-europe.com\/shop\/#website"},"primaryImageOfPage":{"@id":"https:\/\/ecologa-europe.com\/shop\/produkt\/lampada-da-tavolo-ondine-kopie-2\/?lang=it#primaryimage"},"image":{"@id":"https:\/\/ecologa-europe.com\/shop\/produkt\/lampada-da-tavolo-ondine-kopie-2\/?lang=it#primaryimage"},"thumbnailUrl":"https:\/\/ecologa-europe.com\/shop\/wp-content\/uploads\/2026\/04\/clario_tischlampe_wohnzimmerjpg.jpg","datePublished":"2026-04-01T04:09:21+00:00","dateModified":"2026-04-01T07:09:52+00:00","description":"Lampada Ondine completamente schermata, dalla lampadina alla spina di rete, compreso il cestello di schermatura e la lampadina LED G9.","breadcrumb":{"@id":"https:\/\/ecologa-europe.com\/shop\/produkt\/lampada-da-tavolo-ondine-kopie-2\/?lang=it#breadcrumb"},"inLanguage":"de","potentialAction":[{"@type":"ReadAction","target":["https:\/\/ecologa-europe.com\/shop\/produkt\/lampada-da-tavolo-ondine-kopie-2\/?lang=it"]}]},{"@type":"ImageObject","inLanguage":"de","@id":"https:\/\/ecologa-europe.com\/shop\/produkt\/lampada-da-tavolo-ondine-kopie-2\/?lang=it#primaryimage","url":"https:\/\/ecologa-europe.com\/shop\/wp-content\/uploads\/2026\/04\/clario_tischlampe_wohnzimmerjpg.jpg","contentUrl":"https:\/\/ecologa-europe.com\/shop\/wp-content\/uploads\/2026\/04\/clario_tischlampe_wohnzimmerjpg.jpg","width":550,"height":550},{"@type":"BreadcrumbList","@id":"https:\/\/ecologa-europe.com\/shop\/produkt\/lampada-da-tavolo-ondine-kopie-2\/?lang=it#breadcrumb","itemListElement":[{"@type":"ListItem","position":1,"name":"Startseite","item":"https:\/\/ecologa-europe.com\/shop\/"},{"@type":"ListItem","position":2,"name":"Shop","item":"https:\/\/ecologa-europe.com\/shop\/shop\/"},{"@type":"ListItem","position":3,"name":"Lampada da tavolo Ondine (Kopie)"}]},{"@type":"WebSite","@id":"https:\/\/ecologa-europe.com\/shop\/#website","url":"https:\/\/ecologa-europe.com\/shop\/","name":"Elektrosmog-Schutz Onlineshop","description":"Ecologa Europe","publisher":{"@id":"https:\/\/ecologa-europe.com\/shop\/#organization"},"potentialAction":[{"@type":"SearchAction","target":{"@type":"EntryPoint","urlTemplate":"https:\/\/ecologa-europe.com\/shop\/?s={search_term_string}"},"query-input":{"@type":"PropertyValueSpecification","valueRequired":true,"valueName":"search_term_string"}}],"inLanguage":"de"},{"@type":"Organization","@id":"https:\/\/ecologa-europe.com\/shop\/#organization","name":"Elektrosmog-Schutz Onlineshop","url":"https:\/\/ecologa-europe.com\/shop\/","logo":{"@type":"ImageObject","inLanguage":"de","@id":"https:\/\/ecologa-europe.com\/shop\/#\/schema\/logo\/image\/","url":"https:\/\/ecologa-europe.com\/shop\/wp-content\/uploads\/2025\/04\/vertical-navbar-logo.svg","contentUrl":"https:\/\/ecologa-europe.com\/shop\/wp-content\/uploads\/2025\/04\/vertical-navbar-logo.svg","width":182,"height":70,"caption":"Elektrosmog-Schutz Onlineshop"},"image":{"@id":"https:\/\/ecologa-europe.com\/shop\/#\/schema\/logo\/image\/"},"sameAs":["https:\/\/www.facebook.com\/Ecologa-Europe-GmbH-1604744566252298\/","https:\/\/www.instagram.com\/ecologaeurope\/"]}]}},"_links":{"self":[{"href":"https:\/\/ecologa-europe.com\/shop\/wp-json\/wp\/v2\/product\/15386","targetHints":{"allow":["GET"]}}],"collection":[{"href":"https:\/\/ecologa-europe.com\/shop\/wp-json\/wp\/v2\/product"}],"about":[{"href":"https:\/\/ecologa-europe.com\/shop\/wp-json\/wp\/v2\/types\/product"}],"wp:featuredmedia":[{"embeddable":true,"href":"https:\/\/ecologa-europe.com\/shop\/wp-json\/wp\/v2\/media\/15444"}],"wp:attachment":[{"href":"https:\/\/ecologa-europe.com\/shop\/wp-json\/wp\/v2\/media?parent=15386"}],"wp:term":[{"taxonomy":"product_brand","embeddable":true,"href":"https:\/\/ecologa-europe.com\/shop\/wp-json\/wp\/v2\/product_brand?post=15386"},{"taxonomy":"product_cat","embeddable":true,"href":"https:\/\/ecologa-europe.com\/shop\/wp-json\/wp\/v2\/product_cat?post=15386"},{"taxonomy":"product_tag","embeddable":true,"href":"https:\/\/ecologa-europe.com\/shop\/wp-json\/wp\/v2\/product_tag?post=15386"}],"curies":[{"name":"wp","href":"https:\/\/api.w.org\/{rel}","templated":true}]}}