{"id":6427,"date":"2025-05-16T10:08:04","date_gmt":"2025-05-16T10:08:04","guid":{"rendered":"https:\/\/639.pm-domains.de\/?post_type=product&#038;p=6427"},"modified":"2026-03-09T10:55:06","modified_gmt":"2026-03-09T10:55:06","slug":"abschirm-damenbluse","status":"publish","type":"product","link":"https:\/\/ecologa-europe.com\/shop\/produkt\/abschirm-damenbluse\/","title":{"rendered":"Abschirm-Damenbluse"},"content":{"rendered":"<p>Die Bluse geh\u00f6rt zu den unverzichtbaren Kleidungsst\u00fccken in jedem Kleiderschrank. Dieser Klassiker kann vielseitig gestylt werden, ob \u00fcber einem Top, unter einem Pullover oder zu Jeans, es gibt unendlich viele und extrem schicke Varianten, eine Bluse zu kombinieren.<br \/>\nDie Auswahl ist shier unersch\u00f6pflich. Doch die Kombination aus modischem Schnitt und erlesener Qualit\u00e4t ist schwer zu finden.<\/p>\n<p>Unser Langarmmodell ist sowohl funktionell als auch angenehm zu tragen. Der sportlich-elegante Schnitt ist leicht tailliert. Die Bluse mit ihrem Hemdkragen ist einfach und leicht zu tragen. Offen oder gekn\u00f6pft passt sie sich jedem Stil an. Die sehr hochwertige Verarbeitung garantiert eine lange Lebensdauer.<br \/>\nWir pr\u00e4sentieren sie in den klassischen Farben Wei\u00df und Hellblau.<\/p>\n<p>Die Bluse ist aus Baumwolle OEKO Standard 100 gefertigt und sch\u00fctzt vor hohen Frequenzen.<br \/>\nFeinste Kupferf\u00e4den werden f\u00fcr optimale Vertr\u00e4glichkeit mit Silber beschichtet. Um eine elektrische Leitf\u00e4higkeit auszuschlie\u00dfen und Oxidation zu verhindern, wird der Metallfaden anschlie\u00dfend mit Polyester ummantelt. Nun wird das Ganze mit Baumwolle umsponnen und das entstandene Garn mit einem zweiten, reinen Baumwollgarn verzwirnt.<br \/>\nDurch die abschirmende Wirkung des hochfeinen Metallgitters in dem Gewebe werden elektromagnetische Strahlungen am Eindringen gehindert.<br \/>\nSchirmd\u00e4mpfung:\u00a0max. ~45 dB (&gt;99,99 %)<\/p>\n\n<table id=\"tablepress-2\" class=\"tablepress tablepress-id-2\">\n<thead>\n<tr class=\"row-1\">\n\t<td class=\"column-1\"><\/td><th class=\"column-2\">Frequenz \/ Anwendung (MHz)<\/th><th class=\"column-3\">Dezibel (dB*)<\/th><th class=\"column-4\">Prozent (%)<\/th>\n<\/tr>\n<\/thead>\n<tbody class=\"row-striping row-hover\">\n<tr class=\"row-2\">\n\t<td class=\"column-1\">Tetra 450<\/td><td class=\"column-2\">450MHz<\/td><td class=\"column-3\">45dB<\/td><td class=\"column-4\">99,99%<\/td>\n<\/tr>\n<tr class=\"row-3\">\n\t<td class=\"column-1\">LTE 800<\/td><td class=\"column-2\">800MHz<\/td><td class=\"column-3\">30dB<\/td><td class=\"column-4\">99,9%<\/td>\n<\/tr>\n<tr class=\"row-4\">\n\t<td class=\"column-1\">GSM 900<\/td><td class=\"column-2\">900MHz<\/td><td class=\"column-3\">30dB<\/td><td class=\"column-4\">99,9%<\/td>\n<\/tr>\n<tr class=\"row-5\">\n\t<td class=\"column-1\">GSM 1800<\/td><td class=\"column-2\">1800MHz<\/td><td class=\"column-3\">20dB<\/td><td class=\"column-4\">99%<\/td>\n<\/tr>\n<tr class=\"row-6\">\n\t<td class=\"column-1\">DECT 1800<\/td><td class=\"column-2\">1800MHz<\/td><td class=\"column-3\">20dB<\/td><td class=\"column-4\">99%<\/td>\n<\/tr>\n<tr class=\"row-7\">\n\t<td class=\"column-1\">UMTS 2000<\/td><td class=\"column-2\">2000MHz<\/td><td class=\"column-3\">20dB<\/td><td class=\"column-4\">99%<\/td>\n<\/tr>\n<tr class=\"row-8\">\n\t<td class=\"column-1\">WLAN 2400<\/td><td class=\"column-2\">2400MHz<\/td><td class=\"column-3\">20dB<\/td><td class=\"column-4\">99%<\/td>\n<\/tr>\n<tr class=\"row-9\">\n\t<td class=\"column-1\">LTE 2600<\/td><td class=\"column-2\">2600MHz<\/td><td class=\"column-3\">20dB<\/td><td class=\"column-4\">99%<\/td>\n<\/tr>\n<tr class=\"row-10\">\n\t<td class=\"column-1\">WLAN 5800<\/td><td class=\"column-2\">5800MHz<\/td><td class=\"column-3\">10dB<\/td><td class=\"column-4\">90%<\/td>\n<\/tr>\n<\/tbody>\n<\/table>\n<!-- #tablepress-2 from cache -->\n<p>Technische Daten:<br \/>\nZusammensetzung: Vollzwirn Popelin<br \/>\n97 % Coton, 3 % Metal (versilberter Feinstkupferfaden)<\/p>\n\n<table id=\"tablepress-4\" class=\"tablepress tablepress-id-4\">\n<thead>\n<tr class=\"row-1\">\n\t<th class=\"column-1\">Gr\u00f6\u00dfe<\/th><th class=\"column-2\">S <br \/>\n36<\/th><th class=\"column-3\">M<br \/>\n38<\/th><th class=\"column-4\">L<br \/>\n40<\/th><th class=\"column-5\">XL<br \/>\n42<\/th><th class=\"column-6\">XXL<br \/>\n44<\/th><th class=\"column-7\">3XL<br \/>\n46<\/th>\n<\/tr>\n<\/thead>\n<tbody class=\"row-striping row-hover\">\n<tr class=\"row-2\">\n\t<td class=\"column-1\">Kragenweite<\/td><td class=\"column-2\">36<\/td><td class=\"column-3\">37<\/td><td class=\"column-4\">38<\/td><td class=\"column-5\">39<\/td><td class=\"column-6\">40<\/td><td class=\"column-7\">41<\/td>\n<\/tr>\n<tr class=\"row-3\">\n\t<td class=\"column-1\">Oberweite<\/td><td class=\"column-2\">94<\/td><td class=\"column-3\">98<\/td><td class=\"column-4\">102<\/td><td class=\"column-5\">106<\/td><td class=\"column-6\">110<\/td><td class=\"column-7\">114<\/td>\n<\/tr>\n<tr class=\"row-4\">\n\t<td class=\"column-1\">Taillie mit Abn\u00e4her<\/td><td class=\"column-2\">84<\/td><td class=\"column-3\">88<\/td><td class=\"column-4\">92<\/td><td class=\"column-5\">96<\/td><td class=\"column-6\">100<\/td><td class=\"column-7\">104<\/td>\n<\/tr>\n<tr class=\"row-5\">\n\t<td class=\"column-1\">Saumweite<\/td><td class=\"column-2\">96<\/td><td class=\"column-3\">100<\/td><td class=\"column-4\">104<\/td><td class=\"column-5\">108<\/td><td class=\"column-6\">112<\/td><td class=\"column-7\">116<\/td>\n<\/tr>\n<tr class=\"row-6\">\n\t<td class=\"column-1\">Rumpfl\u00e4nge<\/td><td class=\"column-2\">66<\/td><td class=\"column-3\">66<\/td><td class=\"column-4\">66<\/td><td class=\"column-5\">67<\/td><td class=\"column-6\">67<\/td><td class=\"column-7\">68<\/td>\n<\/tr>\n<tr class=\"row-7\">\n\t<td class=\"column-1\">Arml\u00e4nge LA<\/td><td class=\"column-2\">60<\/td><td class=\"column-3\">61<\/td><td class=\"column-4\">61<\/td><td class=\"column-5\">62<\/td><td class=\"column-6\">62<\/td><td class=\"column-7\">62<\/td>\n<\/tr>\n<tr class=\"row-8\">\n\t<td class=\"column-1\">Manschettenl\u00e4nge<\/td><td class=\"column-2\">23<\/td><td class=\"column-3\">23<\/td><td class=\"column-4\">24<\/td><td class=\"column-5\">24<\/td><td class=\"column-6\">25<\/td><td class=\"column-7\">25<\/td>\n<\/tr>\n<tr class=\"row-9\">\n\t<td class=\"column-1\">Manschettenh\u00f6he<\/td><td class=\"column-2\">6<\/td><td class=\"column-3\">6<\/td><td class=\"column-4\">6<\/td><td class=\"column-5\">6<\/td><td class=\"column-6\">6<\/td><td class=\"column-7\">6<\/td>\n<\/tr>\n<tr class=\"row-10\">\n\t<td class=\"column-1\">Manschettenbreite<\/td><td class=\"column-2\">24,5<\/td><td class=\"column-3\">24,5<\/td><td class=\"column-4\">24,5<\/td><td class=\"column-5\">24,5<\/td><td class=\"column-6\">25<\/td><td class=\"column-7\">25<\/td>\n<\/tr>\n<\/tbody>\n<\/table>\n<!-- #tablepress-4 from cache -->\n<p>Pflegehinweis:<br \/>\nSchonwaschgang bei 30 \u00b0C.<br \/>\nKeine Desinfektionsmittel oder chlorhaltigen Reiniger verwenden!<br \/>\nZudem auf Weichsp\u00fcler verzichten<\/p>\n<p>&nbsp;<\/p>\n","protected":false},"excerpt":{"rendered":"<p>Hochfrequenz schirmende Damenbluse in sportlich elegantem, leicht tailliertem Schnitt. Die sehr hochwertige Verarbeitung<br \/>\ngarantiert Langlebigkeit. Funktionale und zugleich angenehm zu tragende Langarmbluse.<\/p>\n<p>Zur Abschirmung hochfrequenter elektromagnetischer Wellen des Oberk\u00f6rpers<\/p>\n<p>Vollzwirn Popelingewebe &#8211; 97% Baumwolle \/\u00a03% Metall<br \/>\nSehr hochwertige Verarbeitung<br \/>\nGute Waschbarkeit<br \/>\nHoher Tragekomfort<\/p>\n<p>&nbsp;<\/p>\n","protected":false},"featured_media":96,"template":"","meta":{"inline_featured_image":false,"site-sidebar-layout":"default","site-content-layout":"","ast-site-content-layout":"default","site-content-style":"default","site-sidebar-style":"default","ast-global-header-display":"","ast-banner-title-visibility":"","ast-main-header-display":"","ast-hfb-above-header-display":"","ast-hfb-below-header-display":"","ast-hfb-mobile-header-display":"","site-post-title":"","ast-breadcrumbs-content":"","ast-featured-img":"","footer-sml-layout":"","ast-disable-related-posts":"","theme-transparent-header-meta":"default","adv-header-id-meta":"","stick-header-meta":"","header-above-stick-meta":"","header-main-stick-meta":"","header-below-stick-meta":"","astra-migrate-meta-layouts":"set","ast-page-background-enabled":"default","ast-page-background-meta":{"desktop":{"background-color":"var(--ast-global-color-5)","background-image":"","background-repeat":"repeat","background-position":"center center","background-size":"auto","background-attachment":"scroll","background-type":"","background-media":"","overlay-type":"","overlay-color":"","overlay-opacity":"","overlay-gradient":""},"tablet":{"background-color":"","background-image":"","background-repeat":"repeat","background-position":"center center","background-size":"auto","background-attachment":"scroll","background-type":"","background-media":"","overlay-type":"","overlay-color":"","overlay-opacity":"","overlay-gradient":""},"mobile":{"background-color":"","background-image":"","background-repeat":"repeat","background-position":"center center","background-size":"auto","background-attachment":"scroll","background-type":"","background-media":"","overlay-type":"","overlay-color":"","overlay-opacity":"","overlay-gradient":""}},"ast-content-background-meta":{"desktop":{"background-color":"var(--ast-global-color-4)","background-image":"","background-repeat":"repeat","background-position":"center center","background-size":"auto","background-attachment":"scroll","background-type":"","background-media":"","overlay-type":"","overlay-color":"","overlay-opacity":"","overlay-gradient":""},"tablet":{"background-color":"var(--ast-global-color-4)","background-image":"","background-repeat":"repeat","background-position":"center center","background-size":"auto","background-attachment":"scroll","background-type":"","background-media":"","overlay-type":"","overlay-color":"","overlay-opacity":"","overlay-gradient":""},"mobile":{"background-color":"var(--ast-global-color-4)","background-image":"","background-repeat":"repeat","background-position":"center center","background-size":"auto","background-attachment":"scroll","background-type":"","background-media":"","overlay-type":"","overlay-color":"","overlay-opacity":"","overlay-gradient":""}}},"product_brand":[],"product_cat":[16,17,18],"product_tag":[19,20,21],"class_list":{"0":"post-6427","1":"product","2":"type-product","3":"status-publish","4":"has-post-thumbnail","6":"product_cat-abschirmkleidung","7":"product_cat-abschirmkleidung-damen","8":"product_cat-hemd-und-blusen","9":"product_tag-abschirmkleidung","10":"product_tag-damenbluse","11":"product_tag-schutz-vor-5g","12":"product_shipping_class-standardversand","13":"pa_farbe-hell-blaugrau","14":"pa_farbe-weiss","15":"pa_groesse-36","16":"pa_groesse-37","17":"pa_groesse-38","18":"pa_groesse-39","19":"pa_groesse-40","20":"pa_groesse-41","21":"pa_groesse-92","22":"pa_groesse-93","23":"desktop-align-left","24":"tablet-align-left","25":"mobile-align-left","27":"first","28":"instock","29":"taxable","30":"shipping-taxable","31":"purchasable","32":"product-type-variable"},"yoast_head":"<!-- This site is optimized with the Yoast SEO plugin v27.3 - https:\/\/yoast.com\/product\/yoast-seo-wordpress\/ -->\n<title>Abschirm-Damenbluse - Elektrosmog-Schutz Onlineshop<\/title>\n<meta name=\"description\" content=\"Hochfrequenz schirmende Langarm-Damenbluse in sportlich elegantem, leicht tailliertem Schnitt. Funktionale und zugleich angenehm zu tragen.\" \/>\n<meta name=\"robots\" content=\"index, follow, max-snippet:-1, max-image-preview:large, max-video-preview:-1\" \/>\n<link rel=\"canonical\" href=\"https:\/\/ecologa-europe.com\/shop\/produkt\/abschirm-damenbluse\/\" \/>\n<meta property=\"og:locale\" content=\"de_DE\" \/>\n<meta property=\"og:type\" content=\"article\" \/>\n<meta property=\"og:title\" content=\"Abschirm-Damenbluse - Elektrosmog-Schutz Onlineshop\" \/>\n<meta property=\"og:description\" content=\"Hochfrequenz schirmende Langarm-Damenbluse in sportlich elegantem, leicht tailliertem Schnitt. Funktionale und zugleich angenehm zu tragen.\" \/>\n<meta property=\"og:url\" content=\"https:\/\/ecologa-europe.com\/shop\/produkt\/abschirm-damenbluse\/\" \/>\n<meta property=\"og:site_name\" content=\"Elektrosmog-Schutz Onlineshop\" \/>\n<meta property=\"article:publisher\" content=\"https:\/\/www.facebook.com\/Ecologa-Europe-GmbH-1604744566252298\/\" \/>\n<meta property=\"article:modified_time\" content=\"2026-03-09T10:55:06+00:00\" \/>\n<meta property=\"og:image\" content=\"https:\/\/ecologa-europe.com\/shop\/wp-content\/uploads\/2025\/04\/Bluse_blau_4.jpg\" \/>\n\t<meta property=\"og:image:width\" content=\"1772\" \/>\n\t<meta property=\"og:image:height\" content=\"1280\" \/>\n\t<meta property=\"og:image:type\" content=\"image\/jpeg\" \/>\n<meta name=\"twitter:card\" content=\"summary_large_image\" \/>\n<meta name=\"twitter:label1\" content=\"Gesch\u00e4tzte Lesezeit\" \/>\n\t<meta name=\"twitter:data1\" content=\"2\u00a0Minuten\" \/>\n<script type=\"application\/ld+json\" class=\"yoast-schema-graph\">{\"@context\":\"https:\\\/\\\/schema.org\",\"@graph\":[{\"@type\":\"WebPage\",\"@id\":\"https:\\\/\\\/ecologa-europe.com\\\/shop\\\/produkt\\\/abschirm-damenbluse\\\/\",\"url\":\"https:\\\/\\\/ecologa-europe.com\\\/shop\\\/produkt\\\/abschirm-damenbluse\\\/\",\"name\":\"Abschirm-Damenbluse - Elektrosmog-Schutz Onlineshop\",\"isPartOf\":{\"@id\":\"https:\\\/\\\/ecologa-europe.com\\\/shop\\\/#website\"},\"primaryImageOfPage\":{\"@id\":\"https:\\\/\\\/ecologa-europe.com\\\/shop\\\/produkt\\\/abschirm-damenbluse\\\/#primaryimage\"},\"image\":{\"@id\":\"https:\\\/\\\/ecologa-europe.com\\\/shop\\\/produkt\\\/abschirm-damenbluse\\\/#primaryimage\"},\"thumbnailUrl\":\"https:\\\/\\\/ecologa-europe.com\\\/shop\\\/wp-content\\\/uploads\\\/2025\\\/04\\\/Bluse_blau_4.jpg\",\"datePublished\":\"2025-05-16T10:08:04+00:00\",\"dateModified\":\"2026-03-09T10:55:06+00:00\",\"description\":\"Hochfrequenz schirmende Langarm-Damenbluse in sportlich elegantem, leicht tailliertem Schnitt. Funktionale und zugleich angenehm zu tragen.\",\"breadcrumb\":{\"@id\":\"https:\\\/\\\/ecologa-europe.com\\\/shop\\\/produkt\\\/abschirm-damenbluse\\\/#breadcrumb\"},\"inLanguage\":\"de\",\"potentialAction\":[{\"@type\":\"ReadAction\",\"target\":[\"https:\\\/\\\/ecologa-europe.com\\\/shop\\\/produkt\\\/abschirm-damenbluse\\\/\"]}]},{\"@type\":\"ImageObject\",\"inLanguage\":\"de\",\"@id\":\"https:\\\/\\\/ecologa-europe.com\\\/shop\\\/produkt\\\/abschirm-damenbluse\\\/#primaryimage\",\"url\":\"https:\\\/\\\/ecologa-europe.com\\\/shop\\\/wp-content\\\/uploads\\\/2025\\\/04\\\/Bluse_blau_4.jpg\",\"contentUrl\":\"https:\\\/\\\/ecologa-europe.com\\\/shop\\\/wp-content\\\/uploads\\\/2025\\\/04\\\/Bluse_blau_4.jpg\",\"width\":1772,\"height\":1280},{\"@type\":\"BreadcrumbList\",\"@id\":\"https:\\\/\\\/ecologa-europe.com\\\/shop\\\/produkt\\\/abschirm-damenbluse\\\/#breadcrumb\",\"itemListElement\":[{\"@type\":\"ListItem\",\"position\":1,\"name\":\"Startseite\",\"item\":\"https:\\\/\\\/ecologa-europe.com\\\/shop\\\/\"},{\"@type\":\"ListItem\",\"position\":2,\"name\":\"Shop\",\"item\":\"https:\\\/\\\/ecologa-europe.com\\\/shop\\\/shop\\\/\"},{\"@type\":\"ListItem\",\"position\":3,\"name\":\"Abschirm-Damenbluse\"}]},{\"@type\":\"WebSite\",\"@id\":\"https:\\\/\\\/ecologa-europe.com\\\/shop\\\/#website\",\"url\":\"https:\\\/\\\/ecologa-europe.com\\\/shop\\\/\",\"name\":\"Elektrosmog-Schutz Onlineshop\",\"description\":\"Ecologa Europe\",\"publisher\":{\"@id\":\"https:\\\/\\\/ecologa-europe.com\\\/shop\\\/#organization\"},\"potentialAction\":[{\"@type\":\"SearchAction\",\"target\":{\"@type\":\"EntryPoint\",\"urlTemplate\":\"https:\\\/\\\/ecologa-europe.com\\\/shop\\\/?s={search_term_string}\"},\"query-input\":{\"@type\":\"PropertyValueSpecification\",\"valueRequired\":true,\"valueName\":\"search_term_string\"}}],\"inLanguage\":\"de\"},{\"@type\":\"Organization\",\"@id\":\"https:\\\/\\\/ecologa-europe.com\\\/shop\\\/#organization\",\"name\":\"Elektrosmog-Schutz Onlineshop\",\"url\":\"https:\\\/\\\/ecologa-europe.com\\\/shop\\\/\",\"logo\":{\"@type\":\"ImageObject\",\"inLanguage\":\"de\",\"@id\":\"https:\\\/\\\/ecologa-europe.com\\\/shop\\\/#\\\/schema\\\/logo\\\/image\\\/\",\"url\":\"https:\\\/\\\/ecologa-europe.com\\\/shop\\\/wp-content\\\/uploads\\\/2025\\\/04\\\/vertical-navbar-logo.svg\",\"contentUrl\":\"https:\\\/\\\/ecologa-europe.com\\\/shop\\\/wp-content\\\/uploads\\\/2025\\\/04\\\/vertical-navbar-logo.svg\",\"width\":182,\"height\":70,\"caption\":\"Elektrosmog-Schutz Onlineshop\"},\"image\":{\"@id\":\"https:\\\/\\\/ecologa-europe.com\\\/shop\\\/#\\\/schema\\\/logo\\\/image\\\/\"},\"sameAs\":[\"https:\\\/\\\/www.facebook.com\\\/Ecologa-Europe-GmbH-1604744566252298\\\/\",\"https:\\\/\\\/www.instagram.com\\\/ecologaeurope\\\/\"]}]}<\/script>\n<!-- \/ Yoast SEO plugin. -->","yoast_head_json":{"title":"Abschirm-Damenbluse - Elektrosmog-Schutz Onlineshop","description":"Hochfrequenz schirmende Langarm-Damenbluse in sportlich elegantem, leicht tailliertem Schnitt. Funktionale und zugleich angenehm zu tragen.","robots":{"index":"index","follow":"follow","max-snippet":"max-snippet:-1","max-image-preview":"max-image-preview:large","max-video-preview":"max-video-preview:-1"},"canonical":"https:\/\/ecologa-europe.com\/shop\/produkt\/abschirm-damenbluse\/","og_locale":"de_DE","og_type":"article","og_title":"Abschirm-Damenbluse - Elektrosmog-Schutz Onlineshop","og_description":"Hochfrequenz schirmende Langarm-Damenbluse in sportlich elegantem, leicht tailliertem Schnitt. Funktionale und zugleich angenehm zu tragen.","og_url":"https:\/\/ecologa-europe.com\/shop\/produkt\/abschirm-damenbluse\/","og_site_name":"Elektrosmog-Schutz Onlineshop","article_publisher":"https:\/\/www.facebook.com\/Ecologa-Europe-GmbH-1604744566252298\/","article_modified_time":"2026-03-09T10:55:06+00:00","og_image":[{"width":1772,"height":1280,"url":"https:\/\/ecologa-europe.com\/shop\/wp-content\/uploads\/2025\/04\/Bluse_blau_4.jpg","type":"image\/jpeg"}],"twitter_card":"summary_large_image","twitter_misc":{"Gesch\u00e4tzte Lesezeit":"2\u00a0Minuten"},"schema":{"@context":"https:\/\/schema.org","@graph":[{"@type":"WebPage","@id":"https:\/\/ecologa-europe.com\/shop\/produkt\/abschirm-damenbluse\/","url":"https:\/\/ecologa-europe.com\/shop\/produkt\/abschirm-damenbluse\/","name":"Abschirm-Damenbluse - Elektrosmog-Schutz Onlineshop","isPartOf":{"@id":"https:\/\/ecologa-europe.com\/shop\/#website"},"primaryImageOfPage":{"@id":"https:\/\/ecologa-europe.com\/shop\/produkt\/abschirm-damenbluse\/#primaryimage"},"image":{"@id":"https:\/\/ecologa-europe.com\/shop\/produkt\/abschirm-damenbluse\/#primaryimage"},"thumbnailUrl":"https:\/\/ecologa-europe.com\/shop\/wp-content\/uploads\/2025\/04\/Bluse_blau_4.jpg","datePublished":"2025-05-16T10:08:04+00:00","dateModified":"2026-03-09T10:55:06+00:00","description":"Hochfrequenz schirmende Langarm-Damenbluse in sportlich elegantem, leicht tailliertem Schnitt. Funktionale und zugleich angenehm zu tragen.","breadcrumb":{"@id":"https:\/\/ecologa-europe.com\/shop\/produkt\/abschirm-damenbluse\/#breadcrumb"},"inLanguage":"de","potentialAction":[{"@type":"ReadAction","target":["https:\/\/ecologa-europe.com\/shop\/produkt\/abschirm-damenbluse\/"]}]},{"@type":"ImageObject","inLanguage":"de","@id":"https:\/\/ecologa-europe.com\/shop\/produkt\/abschirm-damenbluse\/#primaryimage","url":"https:\/\/ecologa-europe.com\/shop\/wp-content\/uploads\/2025\/04\/Bluse_blau_4.jpg","contentUrl":"https:\/\/ecologa-europe.com\/shop\/wp-content\/uploads\/2025\/04\/Bluse_blau_4.jpg","width":1772,"height":1280},{"@type":"BreadcrumbList","@id":"https:\/\/ecologa-europe.com\/shop\/produkt\/abschirm-damenbluse\/#breadcrumb","itemListElement":[{"@type":"ListItem","position":1,"name":"Startseite","item":"https:\/\/ecologa-europe.com\/shop\/"},{"@type":"ListItem","position":2,"name":"Shop","item":"https:\/\/ecologa-europe.com\/shop\/shop\/"},{"@type":"ListItem","position":3,"name":"Abschirm-Damenbluse"}]},{"@type":"WebSite","@id":"https:\/\/ecologa-europe.com\/shop\/#website","url":"https:\/\/ecologa-europe.com\/shop\/","name":"Elektrosmog-Schutz Onlineshop","description":"Ecologa Europe","publisher":{"@id":"https:\/\/ecologa-europe.com\/shop\/#organization"},"potentialAction":[{"@type":"SearchAction","target":{"@type":"EntryPoint","urlTemplate":"https:\/\/ecologa-europe.com\/shop\/?s={search_term_string}"},"query-input":{"@type":"PropertyValueSpecification","valueRequired":true,"valueName":"search_term_string"}}],"inLanguage":"de"},{"@type":"Organization","@id":"https:\/\/ecologa-europe.com\/shop\/#organization","name":"Elektrosmog-Schutz Onlineshop","url":"https:\/\/ecologa-europe.com\/shop\/","logo":{"@type":"ImageObject","inLanguage":"de","@id":"https:\/\/ecologa-europe.com\/shop\/#\/schema\/logo\/image\/","url":"https:\/\/ecologa-europe.com\/shop\/wp-content\/uploads\/2025\/04\/vertical-navbar-logo.svg","contentUrl":"https:\/\/ecologa-europe.com\/shop\/wp-content\/uploads\/2025\/04\/vertical-navbar-logo.svg","width":182,"height":70,"caption":"Elektrosmog-Schutz Onlineshop"},"image":{"@id":"https:\/\/ecologa-europe.com\/shop\/#\/schema\/logo\/image\/"},"sameAs":["https:\/\/www.facebook.com\/Ecologa-Europe-GmbH-1604744566252298\/","https:\/\/www.instagram.com\/ecologaeurope\/"]}]}},"_links":{"self":[{"href":"https:\/\/ecologa-europe.com\/shop\/wp-json\/wp\/v2\/product\/6427","targetHints":{"allow":["GET"]}}],"collection":[{"href":"https:\/\/ecologa-europe.com\/shop\/wp-json\/wp\/v2\/product"}],"about":[{"href":"https:\/\/ecologa-europe.com\/shop\/wp-json\/wp\/v2\/types\/product"}],"wp:featuredmedia":[{"embeddable":true,"href":"https:\/\/ecologa-europe.com\/shop\/wp-json\/wp\/v2\/media\/96"}],"wp:attachment":[{"href":"https:\/\/ecologa-europe.com\/shop\/wp-json\/wp\/v2\/media?parent=6427"}],"wp:term":[{"taxonomy":"product_brand","embeddable":true,"href":"https:\/\/ecologa-europe.com\/shop\/wp-json\/wp\/v2\/product_brand?post=6427"},{"taxonomy":"product_cat","embeddable":true,"href":"https:\/\/ecologa-europe.com\/shop\/wp-json\/wp\/v2\/product_cat?post=6427"},{"taxonomy":"product_tag","embeddable":true,"href":"https:\/\/ecologa-europe.com\/shop\/wp-json\/wp\/v2\/product_tag?post=6427"}],"curies":[{"name":"wp","href":"https:\/\/api.w.org\/{rel}","templated":true}]}}