{"id":6442,"date":"2025-05-16T10:08:08","date_gmt":"2025-05-16T10:08:08","guid":{"rendered":"https:\/\/639.pm-domains.de\/?post_type=product&#038;p=6442"},"modified":"2026-04-28T08:00:00","modified_gmt":"2026-04-28T08:00:00","slug":"abschirm-kopftuch-taya","status":"publish","type":"product","link":"https:\/\/ecologa-europe.com\/shop\/produkt\/abschirm-kopftuch-taya\/","title":{"rendered":"Abschirm-Kopftuch Taya"},"content":{"rendered":"<p>Das Kopftuch ist ein zeitloser Modetrend, der auf verschiedene Arten getragen werden kann.<br \/>\nAls Kopfbedeckung macht es eine gute Figur. Fein gefaltet um den Kopf gelegt, strahlt das Tuch eine l\u00e4ssige Atmosph\u00e4re aus.Er kann auch um den Hals getragen werden.<br \/>\nWenn Sie zwei T\u00fccher verwenden, k\u00f6nnen Sie Ihren Kopf- und Halsschutz kombinieren.<br \/>\nTaya ist in den Farben Wei\u00df, Hellblau, Rosa, Beige sowie Hellgrau erh\u00e4ltlich.<br \/>\nEs ist aus einem K\u00f6per-Baumwoll-Abschirmstoff gefertigt, der nach OEKO-STANDARD 100 zertifiziert ist. Dieser Twill-Stoff ist weich und flie\u00dfend mit einem matten Seidenglanz.<br \/>\nSeine Abschirmungsleistung ist mit einem Wert zwischen 90 und 99,9%, je nach Frequenz, hervorragend.<\/p>\n\n<table id=\"tablepress-2\" class=\"tablepress tablepress-id-2\">\n<thead>\n<tr class=\"row-1\">\n\t<td class=\"column-1\"><\/td><th class=\"column-2\">Frequenz \/ Anwendung (MHz)<\/th><th class=\"column-3\">Dezibel (dB*)<\/th><th class=\"column-4\">Prozent (%)<\/th>\n<\/tr>\n<\/thead>\n<tbody class=\"row-striping row-hover\">\n<tr class=\"row-2\">\n\t<td class=\"column-1\">Tetra 450<\/td><td class=\"column-2\">450MHz<\/td><td class=\"column-3\">45dB<\/td><td class=\"column-4\">99,99%<\/td>\n<\/tr>\n<tr class=\"row-3\">\n\t<td class=\"column-1\">LTE 800<\/td><td class=\"column-2\">800MHz<\/td><td class=\"column-3\">30dB<\/td><td class=\"column-4\">99,9%<\/td>\n<\/tr>\n<tr class=\"row-4\">\n\t<td class=\"column-1\">GSM 900<\/td><td class=\"column-2\">900MHz<\/td><td class=\"column-3\">30dB<\/td><td class=\"column-4\">99,9%<\/td>\n<\/tr>\n<tr class=\"row-5\">\n\t<td class=\"column-1\">GSM 1800<\/td><td class=\"column-2\">1800MHz<\/td><td class=\"column-3\">20dB<\/td><td class=\"column-4\">99%<\/td>\n<\/tr>\n<tr class=\"row-6\">\n\t<td class=\"column-1\">DECT 1800<\/td><td class=\"column-2\">1800MHz<\/td><td class=\"column-3\">20dB<\/td><td class=\"column-4\">99%<\/td>\n<\/tr>\n<tr class=\"row-7\">\n\t<td class=\"column-1\">UMTS 2000<\/td><td class=\"column-2\">2000MHz<\/td><td class=\"column-3\">20dB<\/td><td class=\"column-4\">99%<\/td>\n<\/tr>\n<tr class=\"row-8\">\n\t<td class=\"column-1\">WLAN 2400<\/td><td class=\"column-2\">2400MHz<\/td><td class=\"column-3\">20dB<\/td><td class=\"column-4\">99%<\/td>\n<\/tr>\n<tr class=\"row-9\">\n\t<td class=\"column-1\">LTE 2600<\/td><td class=\"column-2\">2600MHz<\/td><td class=\"column-3\">20dB<\/td><td class=\"column-4\">99%<\/td>\n<\/tr>\n<tr class=\"row-10\">\n\t<td class=\"column-1\">WLAN 5800<\/td><td class=\"column-2\">5800MHz<\/td><td class=\"column-3\">10dB<\/td><td class=\"column-4\">90%<\/td>\n<\/tr>\n<\/tbody>\n<\/table>\n<!-- #tablepress-2 from cache -->\n<p>Das Abschirm-Kopftuch wird in Deutschland hergestellt.<\/p>\n<p>Pflegehinweis:<br \/>\nSchonwaschgang bei 30 \u00b0C.<br \/>\nKeine Desinfektionsmittel oder chlorhaltigen Reiniger verwenden!<br \/>\nZudem auf Weichsp\u00fcler verzichten<\/p>\n","protected":false},"excerpt":{"rendered":"<p>Zur Abschirmung hochfrequenter elektromagnetischer Wellen<br \/>\nVollzwirn K\u00f6pergewebe<br \/>\nSehr hochwertige Verarbeitung<br \/>\nGute Waschbarkeit<br \/>\nHoher Tragekomfort<br \/>\nGr\u00f6\u00dfe: 73 cm x 73 cm<br \/>\nFarben: lachs, hellblau, wei\u00df, hellgrau, beige<br \/>\nMaterial: 97% Baumwolle \/ 3% Metall, Vollzwirn K\u00f6perbindung<br \/>\nPr\u00fcfungsgrundlage: IEEE 299-1997<br \/>\nASTM D 4935-89<\/p>\n","protected":false},"featured_media":108,"template":"","meta":{"inline_featured_image":false,"site-sidebar-layout":"default","site-content-layout":"","ast-site-content-layout":"default","site-content-style":"default","site-sidebar-style":"default","ast-global-header-display":"","ast-banner-title-visibility":"","ast-main-header-display":"","ast-hfb-above-header-display":"","ast-hfb-below-header-display":"","ast-hfb-mobile-header-display":"","site-post-title":"","ast-breadcrumbs-content":"","ast-featured-img":"","footer-sml-layout":"","ast-disable-related-posts":"","theme-transparent-header-meta":"default","adv-header-id-meta":"","stick-header-meta":"","header-above-stick-meta":"","header-main-stick-meta":"","header-below-stick-meta":"","astra-migrate-meta-layouts":"set","ast-page-background-enabled":"default","ast-page-background-meta":{"desktop":{"background-color":"var(--ast-global-color-5)","background-image":"","background-repeat":"repeat","background-position":"center center","background-size":"auto","background-attachment":"scroll","background-type":"","background-media":"","overlay-type":"","overlay-color":"","overlay-opacity":"","overlay-gradient":""},"tablet":{"background-color":"","background-image":"","background-repeat":"repeat","background-position":"center center","background-size":"auto","background-attachment":"scroll","background-type":"","background-media":"","overlay-type":"","overlay-color":"","overlay-opacity":"","overlay-gradient":""},"mobile":{"background-color":"","background-image":"","background-repeat":"repeat","background-position":"center center","background-size":"auto","background-attachment":"scroll","background-type":"","background-media":"","overlay-type":"","overlay-color":"","overlay-opacity":"","overlay-gradient":""}},"ast-content-background-meta":{"desktop":{"background-color":"var(--ast-global-color-4)","background-image":"","background-repeat":"repeat","background-position":"center center","background-size":"auto","background-attachment":"scroll","background-type":"","background-media":"","overlay-type":"","overlay-color":"","overlay-opacity":"","overlay-gradient":""},"tablet":{"background-color":"var(--ast-global-color-4)","background-image":"","background-repeat":"repeat","background-position":"center center","background-size":"auto","background-attachment":"scroll","background-type":"","background-media":"","overlay-type":"","overlay-color":"","overlay-opacity":"","overlay-gradient":""},"mobile":{"background-color":"var(--ast-global-color-4)","background-image":"","background-repeat":"repeat","background-position":"center center","background-size":"auto","background-attachment":"scroll","background-type":"","background-media":"","overlay-type":"","overlay-color":"","overlay-opacity":"","overlay-gradient":""}}},"product_brand":[],"product_cat":[16,17,23],"product_tag":[28,19,29],"class_list":{"0":"post-6442","1":"product","2":"type-product","3":"status-publish","4":"has-post-thumbnail","6":"product_cat-abschirmkleidung","7":"product_cat-abschirmkleidung-damen","8":"product_cat-accessoires","9":"product_tag-abschirm-kopfbedeckung-damen","10":"product_tag-abschirmkleidung","11":"product_tag-abschirmung-hochfrequenz","12":"product_shipping_class-standardversand","13":"pa_farbe-beige","14":"pa_farbe-hellblau","15":"pa_farbe-hellgrau","16":"pa_farbe-lachs","17":"pa_farbe-weiss","18":"desktop-align-left","19":"tablet-align-left","20":"mobile-align-left","22":"first","23":"instock","24":"taxable","25":"shipping-taxable","26":"purchasable","27":"product-type-variable"},"yoast_head":"<!-- This site is optimized with the Yoast SEO plugin v27.4 - https:\/\/yoast.com\/product\/yoast-seo-wordpress\/ -->\n<title>Abschirm-Kopftuch Taya - Elektrosmog-Schutz Onlineshop<\/title>\n<meta name=\"description\" content=\"Taya-Kopftuch aus weichem, flie\u00dfendem Twill-Stoff zum Schutz vor hochfrequenten elektromagnetischen Wellen. Es ist in den Farben Wei\u00df, Hellblau, Rosa, Beige sowie Hellgrau erh\u00e4ltlich und wird in Deutschland hergestellt. Seine Abschirmungsleistung ist mit einem Wert zwischen 90 und 99,9%, je nach Frequenz, hervorragend.\" \/>\n<meta name=\"robots\" content=\"index, follow, max-snippet:-1, max-image-preview:large, max-video-preview:-1\" \/>\n<link rel=\"canonical\" href=\"https:\/\/ecologa-europe.com\/shop\/produkt\/abschirm-kopftuch-taya\/\" \/>\n<meta property=\"og:locale\" content=\"de_DE\" \/>\n<meta property=\"og:type\" content=\"article\" \/>\n<meta property=\"og:title\" content=\"Abschirm-Kopftuch Taya - Elektrosmog-Schutz Onlineshop\" \/>\n<meta property=\"og:description\" content=\"Taya-Kopftuch aus weichem, flie\u00dfendem Twill-Stoff zum Schutz vor hochfrequenten elektromagnetischen Wellen. Es ist in den Farben Wei\u00df, Hellblau, Rosa, Beige sowie Hellgrau erh\u00e4ltlich und wird in Deutschland hergestellt. Seine Abschirmungsleistung ist mit einem Wert zwischen 90 und 99,9%, je nach Frequenz, hervorragend.\" \/>\n<meta property=\"og:url\" content=\"https:\/\/ecologa-europe.com\/shop\/produkt\/abschirm-kopftuch-taya\/\" \/>\n<meta property=\"og:site_name\" content=\"Elektrosmog-Schutz Onlineshop\" \/>\n<meta property=\"article:publisher\" content=\"https:\/\/www.facebook.com\/Ecologa-Europe-GmbH-1604744566252298\/\" \/>\n<meta property=\"article:modified_time\" content=\"2026-04-28T08:00:00+00:00\" \/>\n<meta property=\"og:image\" content=\"https:\/\/ecologa-europe.com\/shop\/wp-content\/uploads\/2025\/04\/foulard_bleu_ciel.jpg\" \/>\n\t<meta property=\"og:image:width\" content=\"1280\" \/>\n\t<meta property=\"og:image:height\" content=\"1772\" \/>\n\t<meta property=\"og:image:type\" content=\"image\/jpeg\" \/>\n<meta name=\"twitter:card\" content=\"summary_large_image\" \/>\n<meta name=\"twitter:label1\" content=\"Gesch\u00e4tzte Lesezeit\" \/>\n\t<meta name=\"twitter:data1\" content=\"1\u00a0Minute\" \/>\n<script type=\"application\/ld+json\" class=\"yoast-schema-graph\">{\"@context\":\"https:\\\/\\\/schema.org\",\"@graph\":[{\"@type\":\"WebPage\",\"@id\":\"https:\\\/\\\/ecologa-europe.com\\\/shop\\\/produkt\\\/abschirm-kopftuch-taya\\\/\",\"url\":\"https:\\\/\\\/ecologa-europe.com\\\/shop\\\/produkt\\\/abschirm-kopftuch-taya\\\/\",\"name\":\"Abschirm-Kopftuch Taya - Elektrosmog-Schutz Onlineshop\",\"isPartOf\":{\"@id\":\"https:\\\/\\\/ecologa-europe.com\\\/shop\\\/#website\"},\"primaryImageOfPage\":{\"@id\":\"https:\\\/\\\/ecologa-europe.com\\\/shop\\\/produkt\\\/abschirm-kopftuch-taya\\\/#primaryimage\"},\"image\":{\"@id\":\"https:\\\/\\\/ecologa-europe.com\\\/shop\\\/produkt\\\/abschirm-kopftuch-taya\\\/#primaryimage\"},\"thumbnailUrl\":\"https:\\\/\\\/ecologa-europe.com\\\/shop\\\/wp-content\\\/uploads\\\/2025\\\/04\\\/foulard_bleu_ciel.jpg\",\"datePublished\":\"2025-05-16T10:08:08+00:00\",\"dateModified\":\"2026-04-28T08:00:00+00:00\",\"description\":\"Taya-Kopftuch aus weichem, flie\u00dfendem Twill-Stoff zum Schutz vor hochfrequenten elektromagnetischen Wellen. Es ist in den Farben Wei\u00df, Hellblau, Rosa, Beige sowie Hellgrau erh\u00e4ltlich und wird in Deutschland hergestellt. Seine Abschirmungsleistung ist mit einem Wert zwischen 90 und 99,9%, je nach Frequenz, hervorragend.\",\"breadcrumb\":{\"@id\":\"https:\\\/\\\/ecologa-europe.com\\\/shop\\\/produkt\\\/abschirm-kopftuch-taya\\\/#breadcrumb\"},\"inLanguage\":\"de\",\"potentialAction\":[{\"@type\":\"ReadAction\",\"target\":[\"https:\\\/\\\/ecologa-europe.com\\\/shop\\\/produkt\\\/abschirm-kopftuch-taya\\\/\"]}]},{\"@type\":\"ImageObject\",\"inLanguage\":\"de\",\"@id\":\"https:\\\/\\\/ecologa-europe.com\\\/shop\\\/produkt\\\/abschirm-kopftuch-taya\\\/#primaryimage\",\"url\":\"https:\\\/\\\/ecologa-europe.com\\\/shop\\\/wp-content\\\/uploads\\\/2025\\\/04\\\/foulard_bleu_ciel.jpg\",\"contentUrl\":\"https:\\\/\\\/ecologa-europe.com\\\/shop\\\/wp-content\\\/uploads\\\/2025\\\/04\\\/foulard_bleu_ciel.jpg\",\"width\":1280,\"height\":1772},{\"@type\":\"BreadcrumbList\",\"@id\":\"https:\\\/\\\/ecologa-europe.com\\\/shop\\\/produkt\\\/abschirm-kopftuch-taya\\\/#breadcrumb\",\"itemListElement\":[{\"@type\":\"ListItem\",\"position\":1,\"name\":\"Startseite\",\"item\":\"https:\\\/\\\/ecologa-europe.com\\\/shop\\\/\"},{\"@type\":\"ListItem\",\"position\":2,\"name\":\"Shop\",\"item\":\"https:\\\/\\\/ecologa-europe.com\\\/shop\\\/shop\\\/\"},{\"@type\":\"ListItem\",\"position\":3,\"name\":\"Abschirm-Kopftuch Taya\"}]},{\"@type\":\"WebSite\",\"@id\":\"https:\\\/\\\/ecologa-europe.com\\\/shop\\\/#website\",\"url\":\"https:\\\/\\\/ecologa-europe.com\\\/shop\\\/\",\"name\":\"Elektrosmog-Schutz Onlineshop\",\"description\":\"Ecologa Europe\",\"publisher\":{\"@id\":\"https:\\\/\\\/ecologa-europe.com\\\/shop\\\/#organization\"},\"potentialAction\":[{\"@type\":\"SearchAction\",\"target\":{\"@type\":\"EntryPoint\",\"urlTemplate\":\"https:\\\/\\\/ecologa-europe.com\\\/shop\\\/?s={search_term_string}\"},\"query-input\":{\"@type\":\"PropertyValueSpecification\",\"valueRequired\":true,\"valueName\":\"search_term_string\"}}],\"inLanguage\":\"de\"},{\"@type\":\"Organization\",\"@id\":\"https:\\\/\\\/ecologa-europe.com\\\/shop\\\/#organization\",\"name\":\"Elektrosmog-Schutz Onlineshop\",\"url\":\"https:\\\/\\\/ecologa-europe.com\\\/shop\\\/\",\"logo\":{\"@type\":\"ImageObject\",\"inLanguage\":\"de\",\"@id\":\"https:\\\/\\\/ecologa-europe.com\\\/shop\\\/#\\\/schema\\\/logo\\\/image\\\/\",\"url\":\"https:\\\/\\\/ecologa-europe.com\\\/shop\\\/wp-content\\\/uploads\\\/2025\\\/04\\\/vertical-navbar-logo.svg\",\"contentUrl\":\"https:\\\/\\\/ecologa-europe.com\\\/shop\\\/wp-content\\\/uploads\\\/2025\\\/04\\\/vertical-navbar-logo.svg\",\"width\":182,\"height\":70,\"caption\":\"Elektrosmog-Schutz Onlineshop\"},\"image\":{\"@id\":\"https:\\\/\\\/ecologa-europe.com\\\/shop\\\/#\\\/schema\\\/logo\\\/image\\\/\"},\"sameAs\":[\"https:\\\/\\\/www.facebook.com\\\/Ecologa-Europe-GmbH-1604744566252298\\\/\",\"https:\\\/\\\/www.instagram.com\\\/ecologaeurope\\\/\"]}]}<\/script>\n<!-- \/ Yoast SEO plugin. -->","yoast_head_json":{"title":"Abschirm-Kopftuch Taya - Elektrosmog-Schutz Onlineshop","description":"Taya-Kopftuch aus weichem, flie\u00dfendem Twill-Stoff zum Schutz vor hochfrequenten elektromagnetischen Wellen. Es ist in den Farben Wei\u00df, Hellblau, Rosa, Beige sowie Hellgrau erh\u00e4ltlich und wird in Deutschland hergestellt. Seine Abschirmungsleistung ist mit einem Wert zwischen 90 und 99,9%, je nach Frequenz, hervorragend.","robots":{"index":"index","follow":"follow","max-snippet":"max-snippet:-1","max-image-preview":"max-image-preview:large","max-video-preview":"max-video-preview:-1"},"canonical":"https:\/\/ecologa-europe.com\/shop\/produkt\/abschirm-kopftuch-taya\/","og_locale":"de_DE","og_type":"article","og_title":"Abschirm-Kopftuch Taya - Elektrosmog-Schutz Onlineshop","og_description":"Taya-Kopftuch aus weichem, flie\u00dfendem Twill-Stoff zum Schutz vor hochfrequenten elektromagnetischen Wellen. Es ist in den Farben Wei\u00df, Hellblau, Rosa, Beige sowie Hellgrau erh\u00e4ltlich und wird in Deutschland hergestellt. Seine Abschirmungsleistung ist mit einem Wert zwischen 90 und 99,9%, je nach Frequenz, hervorragend.","og_url":"https:\/\/ecologa-europe.com\/shop\/produkt\/abschirm-kopftuch-taya\/","og_site_name":"Elektrosmog-Schutz Onlineshop","article_publisher":"https:\/\/www.facebook.com\/Ecologa-Europe-GmbH-1604744566252298\/","article_modified_time":"2026-04-28T08:00:00+00:00","og_image":[{"width":1280,"height":1772,"url":"https:\/\/ecologa-europe.com\/shop\/wp-content\/uploads\/2025\/04\/foulard_bleu_ciel.jpg","type":"image\/jpeg"}],"twitter_card":"summary_large_image","twitter_misc":{"Gesch\u00e4tzte Lesezeit":"1\u00a0Minute"},"schema":{"@context":"https:\/\/schema.org","@graph":[{"@type":"WebPage","@id":"https:\/\/ecologa-europe.com\/shop\/produkt\/abschirm-kopftuch-taya\/","url":"https:\/\/ecologa-europe.com\/shop\/produkt\/abschirm-kopftuch-taya\/","name":"Abschirm-Kopftuch Taya - Elektrosmog-Schutz Onlineshop","isPartOf":{"@id":"https:\/\/ecologa-europe.com\/shop\/#website"},"primaryImageOfPage":{"@id":"https:\/\/ecologa-europe.com\/shop\/produkt\/abschirm-kopftuch-taya\/#primaryimage"},"image":{"@id":"https:\/\/ecologa-europe.com\/shop\/produkt\/abschirm-kopftuch-taya\/#primaryimage"},"thumbnailUrl":"https:\/\/ecologa-europe.com\/shop\/wp-content\/uploads\/2025\/04\/foulard_bleu_ciel.jpg","datePublished":"2025-05-16T10:08:08+00:00","dateModified":"2026-04-28T08:00:00+00:00","description":"Taya-Kopftuch aus weichem, flie\u00dfendem Twill-Stoff zum Schutz vor hochfrequenten elektromagnetischen Wellen. Es ist in den Farben Wei\u00df, Hellblau, Rosa, Beige sowie Hellgrau erh\u00e4ltlich und wird in Deutschland hergestellt. Seine Abschirmungsleistung ist mit einem Wert zwischen 90 und 99,9%, je nach Frequenz, hervorragend.","breadcrumb":{"@id":"https:\/\/ecologa-europe.com\/shop\/produkt\/abschirm-kopftuch-taya\/#breadcrumb"},"inLanguage":"de","potentialAction":[{"@type":"ReadAction","target":["https:\/\/ecologa-europe.com\/shop\/produkt\/abschirm-kopftuch-taya\/"]}]},{"@type":"ImageObject","inLanguage":"de","@id":"https:\/\/ecologa-europe.com\/shop\/produkt\/abschirm-kopftuch-taya\/#primaryimage","url":"https:\/\/ecologa-europe.com\/shop\/wp-content\/uploads\/2025\/04\/foulard_bleu_ciel.jpg","contentUrl":"https:\/\/ecologa-europe.com\/shop\/wp-content\/uploads\/2025\/04\/foulard_bleu_ciel.jpg","width":1280,"height":1772},{"@type":"BreadcrumbList","@id":"https:\/\/ecologa-europe.com\/shop\/produkt\/abschirm-kopftuch-taya\/#breadcrumb","itemListElement":[{"@type":"ListItem","position":1,"name":"Startseite","item":"https:\/\/ecologa-europe.com\/shop\/"},{"@type":"ListItem","position":2,"name":"Shop","item":"https:\/\/ecologa-europe.com\/shop\/shop\/"},{"@type":"ListItem","position":3,"name":"Abschirm-Kopftuch Taya"}]},{"@type":"WebSite","@id":"https:\/\/ecologa-europe.com\/shop\/#website","url":"https:\/\/ecologa-europe.com\/shop\/","name":"Elektrosmog-Schutz Onlineshop","description":"Ecologa Europe","publisher":{"@id":"https:\/\/ecologa-europe.com\/shop\/#organization"},"potentialAction":[{"@type":"SearchAction","target":{"@type":"EntryPoint","urlTemplate":"https:\/\/ecologa-europe.com\/shop\/?s={search_term_string}"},"query-input":{"@type":"PropertyValueSpecification","valueRequired":true,"valueName":"search_term_string"}}],"inLanguage":"de"},{"@type":"Organization","@id":"https:\/\/ecologa-europe.com\/shop\/#organization","name":"Elektrosmog-Schutz Onlineshop","url":"https:\/\/ecologa-europe.com\/shop\/","logo":{"@type":"ImageObject","inLanguage":"de","@id":"https:\/\/ecologa-europe.com\/shop\/#\/schema\/logo\/image\/","url":"https:\/\/ecologa-europe.com\/shop\/wp-content\/uploads\/2025\/04\/vertical-navbar-logo.svg","contentUrl":"https:\/\/ecologa-europe.com\/shop\/wp-content\/uploads\/2025\/04\/vertical-navbar-logo.svg","width":182,"height":70,"caption":"Elektrosmog-Schutz Onlineshop"},"image":{"@id":"https:\/\/ecologa-europe.com\/shop\/#\/schema\/logo\/image\/"},"sameAs":["https:\/\/www.facebook.com\/Ecologa-Europe-GmbH-1604744566252298\/","https:\/\/www.instagram.com\/ecologaeurope\/"]}]}},"_links":{"self":[{"href":"https:\/\/ecologa-europe.com\/shop\/wp-json\/wp\/v2\/product\/6442","targetHints":{"allow":["GET"]}}],"collection":[{"href":"https:\/\/ecologa-europe.com\/shop\/wp-json\/wp\/v2\/product"}],"about":[{"href":"https:\/\/ecologa-europe.com\/shop\/wp-json\/wp\/v2\/types\/product"}],"wp:featuredmedia":[{"embeddable":true,"href":"https:\/\/ecologa-europe.com\/shop\/wp-json\/wp\/v2\/media\/108"}],"wp:attachment":[{"href":"https:\/\/ecologa-europe.com\/shop\/wp-json\/wp\/v2\/media?parent=6442"}],"wp:term":[{"taxonomy":"product_brand","embeddable":true,"href":"https:\/\/ecologa-europe.com\/shop\/wp-json\/wp\/v2\/product_brand?post=6442"},{"taxonomy":"product_cat","embeddable":true,"href":"https:\/\/ecologa-europe.com\/shop\/wp-json\/wp\/v2\/product_cat?post=6442"},{"taxonomy":"product_tag","embeddable":true,"href":"https:\/\/ecologa-europe.com\/shop\/wp-json\/wp\/v2\/product_tag?post=6442"}],"curies":[{"name":"wp","href":"https:\/\/api.w.org\/{rel}","templated":true}]}}