{"id":6470,"date":"2025-05-16T10:08:34","date_gmt":"2025-05-16T10:08:34","guid":{"rendered":"https:\/\/639.pm-domains.de\/?post_type=product&#038;p=6470"},"modified":"2026-05-01T09:30:01","modified_gmt":"2026-05-01T09:30:01","slug":"abschirm-flachmuetze-galene","status":"publish","type":"product","link":"https:\/\/ecologa-europe.com\/shop\/produkt\/abschirm-flachmuetze-galene\/","title":{"rendered":"Abschirm Flachm\u00fctze Galene"},"content":{"rendered":"<h2><strong>Abschirm Flachm\u00fctze \u201eGalene\u201c \u2013 Zeitloser Klassiker mit Strahlenschutz<\/strong><\/h2>\n<p>Die Abschirm Flachm\u00fctze \u201eGalene\u201c steht f\u00fcr einen klassischen, reduzierten Stil kombiniert mit funktionalem Schutz vor elektromagnetischer Strahlung. Als traditionelle <strong>Schieberm\u00fctze mit EMF Abschirmung<\/strong> ist sie die ideale Wahl f\u00fcr Liebhaber zeitloser Mode.<\/p>\n<hr \/>\n<h3 class=\"western\">Effektiver Schutz im Alltag<\/h3>\n<p>Ein integriertes Abschirmgewebe reduziert hochfrequente Strahlung und macht die M\u00fctze zu einer zuverl\u00e4ssigen <strong>Strahlenschutz Flachm\u00fctze<\/strong>.<\/p>\n<hr \/>\n<h3 class=\"western\">Klassisch &amp; vielseitig<\/h3>\n<p>Die schlichte Form sorgt f\u00fcr einen eleganten, unaufdringlichen Look und passt sowohl zu klassischen als auch modernen Outfits.<\/p>\n<hr \/>\n<h3 class=\"western\">Produktdetails<\/h3>\n<ul>\n<li>Abschirm Flachm\u00fctze \/ Schieberm\u00fctze<\/li>\n<li>Integriertes EMF Abschirmgewebe<\/li>\n<li>Klassisches Design<\/li>\n<\/ul>\n<hr \/>\n<h3 class=\"western\">Pflegehinweise<\/h3>\n<ul>\n<li style=\"list-style-type: none;\">\n<ul>\n<li>Maschinenw\u00e4sche bei 30\u00b0C (Feinw\u00e4sche)<\/li>\n<li>Nicht im Trockner trocknen<\/li>\n<li>Nicht bleichen<\/li>\n<li>Keine chemische Reinigung<\/li>\n<\/ul>\n<\/li>\n<\/ul>\n<hr \/>\n<p>F\u00fcr einen eleganteren, urbanen Stil k\u00f6nnen Sie zur<a href=\"https:\/\/ecologa-europe.com\/shop\/produkt\/damen-abschirm-gatsby-berret\/\"> Gatsby M\u00fctze<\/a> greifen. Wenn Sie eine modernere Interpretation bevorzugen, ist die <a href=\"https:\/\/ecologa-europe.com\/shop\/produkt\/abschirm-bakerboy-cap-zoella\/\">Bakerboy Cap Zoella<\/a> eine gute Wahl. F\u00fcr einen maritimen Look eignet sich au\u00dferdem der <a href=\"https:\/\/ecologa-europe.com\/shop\/produkt\/abschirm-elbsegler-muetze-ailsa\/\">Elbsegler Ailsa.<\/a><\/p>\n<hr \/>\n\n<table id=\"tablepress-11\" class=\"tablepress tablepress-id-11\">\n<thead>\n<tr class=\"row-1\">\n\t<td class=\"column-1\"><\/td><th class=\"column-2\">Frequenz \/ Anwendung (MHz)<\/th><th class=\"column-3\">Dezibel (dB)<\/th><th class=\"column-4\">Prozent (%)<\/th>\n<\/tr>\n<\/thead>\n<tbody class=\"row-striping row-hover\">\n<tr class=\"row-2\">\n\t<td class=\"column-1\">Tetra 450<\/td><td class=\"column-2\">450MHz<\/td><td class=\"column-3\">30dB<\/td><td class=\"column-4\">99,9%<\/td>\n<\/tr>\n<tr class=\"row-3\">\n\t<td class=\"column-1\">LTE 800<\/td><td class=\"column-2\">800MHz<\/td><td class=\"column-3\">40dB<\/td><td class=\"column-4\">99,99%<\/td>\n<\/tr>\n<tr class=\"row-4\">\n\t<td class=\"column-1\">GSM 900<\/td><td class=\"column-2\">900MHz<\/td><td class=\"column-3\">40dB<\/td><td class=\"column-4\">99,99%<\/td>\n<\/tr>\n<tr class=\"row-5\">\n\t<td class=\"column-1\">GSM 1800<\/td><td class=\"column-2\">1800MHz<\/td><td class=\"column-3\">30dB<\/td><td class=\"column-4\">99,9%<\/td>\n<\/tr>\n<tr class=\"row-6\">\n\t<td class=\"column-1\">DECT 1800<\/td><td class=\"column-2\">1800MHz<\/td><td class=\"column-3\">30dB<\/td><td class=\"column-4\">99,9%<\/td>\n<\/tr>\n<tr class=\"row-7\">\n\t<td class=\"column-1\">UMTS 2000<\/td><td class=\"column-2\">2000MHz<\/td><td class=\"column-3\">30dB<\/td><td class=\"column-4\">99,9%<\/td>\n<\/tr>\n<tr class=\"row-8\">\n\t<td class=\"column-1\">WLAN 2400<\/td><td class=\"column-2\">2400MHz<\/td><td class=\"column-3\">20dB<\/td><td class=\"column-4\">99%<\/td>\n<\/tr>\n<tr class=\"row-9\">\n\t<td class=\"column-1\">LTE 2600<\/td><td class=\"column-2\">2600MHz<\/td><td class=\"column-3\">20dB<\/td><td class=\"column-4\">99%<\/td>\n<\/tr>\n<tr class=\"row-10\">\n\t<td class=\"column-1\">WLAN 5800<\/td><td class=\"column-2\">5800MHz<\/td><td class=\"column-3\">20dB<\/td><td class=\"column-4\">99%<\/td>\n<\/tr>\n<\/tbody>\n<\/table>\n<!-- #tablepress-11 from cache -->\n","protected":false},"excerpt":{"rendered":"<p><strong>Klassische Flachm\u00fctze mit integrierter Abschirmung gegen elektromagnetische Strahlung.<\/strong> Der zeitlose Schnitt sorgt f\u00fcr einen stilvollen, dezenten Look \u2013 passend f\u00fcr Alltag und gehobene Casual-Outfits. Funktional und vielseitig tragbar.<\/p>\n<ul>\n<li>Integrierter Schutz vor Elektrosmog<\/li>\n<li>Traditioneller Schieberm\u00fctzen-Stil<\/li>\n<li>Dezentes, elegantes Design<\/li>\n<li>Komfortabel &amp; alltagstauglich<\/li>\n<li>F\u00fcr Damen und Herren geeignet<\/li>\n<\/ul>\n","protected":false},"featured_media":168,"template":"","meta":{"inline_featured_image":false,"site-sidebar-layout":"default","site-content-layout":"","ast-site-content-layout":"default","site-content-style":"default","site-sidebar-style":"default","ast-global-header-display":"","ast-banner-title-visibility":"","ast-main-header-display":"","ast-hfb-above-header-display":"","ast-hfb-below-header-display":"","ast-hfb-mobile-header-display":"","site-post-title":"","ast-breadcrumbs-content":"","ast-featured-img":"","footer-sml-layout":"","ast-disable-related-posts":"","theme-transparent-header-meta":"default","adv-header-id-meta":"","stick-header-meta":"","header-above-stick-meta":"","header-main-stick-meta":"","header-below-stick-meta":"","astra-migrate-meta-layouts":"set","ast-page-background-enabled":"default","ast-page-background-meta":{"desktop":{"background-color":"var(--ast-global-color-5)","background-image":"","background-repeat":"repeat","background-position":"center center","background-size":"auto","background-attachment":"scroll","background-type":"","background-media":"","overlay-type":"","overlay-color":"","overlay-opacity":"","overlay-gradient":""},"tablet":{"background-color":"","background-image":"","background-repeat":"repeat","background-position":"center center","background-size":"auto","background-attachment":"scroll","background-type":"","background-media":"","overlay-type":"","overlay-color":"","overlay-opacity":"","overlay-gradient":""},"mobile":{"background-color":"","background-image":"","background-repeat":"repeat","background-position":"center center","background-size":"auto","background-attachment":"scroll","background-type":"","background-media":"","overlay-type":"","overlay-color":"","overlay-opacity":"","overlay-gradient":""}},"ast-content-background-meta":{"desktop":{"background-color":"var(--ast-global-color-4)","background-image":"","background-repeat":"repeat","background-position":"center center","background-size":"auto","background-attachment":"scroll","background-type":"","background-media":"","overlay-type":"","overlay-color":"","overlay-opacity":"","overlay-gradient":""},"tablet":{"background-color":"var(--ast-global-color-4)","background-image":"","background-repeat":"repeat","background-position":"center center","background-size":"auto","background-attachment":"scroll","background-type":"","background-media":"","overlay-type":"","overlay-color":"","overlay-opacity":"","overlay-gradient":""},"mobile":{"background-color":"var(--ast-global-color-4)","background-image":"","background-repeat":"repeat","background-position":"center center","background-size":"auto","background-attachment":"scroll","background-type":"","background-media":"","overlay-type":"","overlay-color":"","overlay-opacity":"","overlay-gradient":""}}},"product_brand":[],"product_cat":[16,17,23],"product_tag":[49,1187,1186],"class_list":{"0":"post-6470","1":"product","2":"type-product","3":"status-publish","4":"has-post-thumbnail","6":"product_cat-abschirmkleidung","7":"product_cat-abschirmkleidung-damen","8":"product_cat-accessoires","9":"product_tag-abschirm-flachmuetze","10":"product_tag-emf-flat-cap","11":"product_tag-schiebermuetze-strahlenschutz","12":"product_shipping_class-standardversand","13":"pa_farbe-jeans-blau","14":"desktop-align-left","15":"tablet-align-left","16":"mobile-align-left","18":"first","19":"instock","20":"taxable","21":"shipping-taxable","22":"purchasable","23":"product-type-simple"},"yoast_head":"<!-- This site is optimized with the Yoast SEO plugin v27.5 - https:\/\/yoast.com\/product\/yoast-seo-wordpress\/ -->\n<title>Abschirm Flachm\u00fctze Galene - Elektrosmog-Schutz Onlineshop<\/title>\n<meta name=\"description\" content=\"Zeitlose Abschirm Flachm\u00fctze \u201eGalene\u201c. Klassischer Stil mit funktionalem Schutz vor elektromagnetischer Strahlung. Jetzt entdecken !\" \/>\n<meta name=\"robots\" content=\"index, follow, max-snippet:-1, max-image-preview:large, max-video-preview:-1\" \/>\n<link rel=\"canonical\" href=\"https:\/\/ecologa-europe.com\/shop\/produkt\/abschirm-flachmuetze-galene\/\" \/>\n<meta property=\"og:locale\" content=\"de_DE\" \/>\n<meta property=\"og:type\" content=\"article\" \/>\n<meta property=\"og:title\" content=\"Abschirm Flachm\u00fctze Galene - Elektrosmog-Schutz Onlineshop\" \/>\n<meta property=\"og:description\" content=\"Zeitlose Abschirm Flachm\u00fctze \u201eGalene\u201c. Klassischer Stil mit funktionalem Schutz vor elektromagnetischer Strahlung. Jetzt entdecken !\" \/>\n<meta property=\"og:url\" content=\"https:\/\/ecologa-europe.com\/shop\/produkt\/abschirm-flachmuetze-galene\/\" \/>\n<meta property=\"og:site_name\" content=\"Elektrosmog-Schutz Onlineshop\" \/>\n<meta property=\"article:publisher\" content=\"https:\/\/www.facebook.com\/Ecologa-Europe-GmbH-1604744566252298\/\" \/>\n<meta property=\"article:modified_time\" content=\"2026-05-01T09:30:01+00:00\" \/>\n<meta property=\"og:image\" content=\"https:\/\/ecologa-europe.com\/shop\/wp-content\/uploads\/2025\/04\/flachmuetze_1.jpg\" \/>\n\t<meta property=\"og:image:width\" content=\"1772\" \/>\n\t<meta property=\"og:image:height\" content=\"1280\" \/>\n\t<meta property=\"og:image:type\" content=\"image\/jpeg\" \/>\n<meta name=\"twitter:card\" content=\"summary_large_image\" \/>\n<meta name=\"twitter:label1\" content=\"Gesch\u00e4tzte Lesezeit\" \/>\n\t<meta name=\"twitter:data1\" content=\"1\u00a0Minute\" \/>\n<script type=\"application\/ld+json\" class=\"yoast-schema-graph\">{\"@context\":\"https:\\\/\\\/schema.org\",\"@graph\":[{\"@type\":\"WebPage\",\"@id\":\"https:\\\/\\\/ecologa-europe.com\\\/shop\\\/produkt\\\/abschirm-flachmuetze-galene\\\/\",\"url\":\"https:\\\/\\\/ecologa-europe.com\\\/shop\\\/produkt\\\/abschirm-flachmuetze-galene\\\/\",\"name\":\"Abschirm Flachm\u00fctze Galene - Elektrosmog-Schutz Onlineshop\",\"isPartOf\":{\"@id\":\"https:\\\/\\\/ecologa-europe.com\\\/shop\\\/#website\"},\"primaryImageOfPage\":{\"@id\":\"https:\\\/\\\/ecologa-europe.com\\\/shop\\\/produkt\\\/abschirm-flachmuetze-galene\\\/#primaryimage\"},\"image\":{\"@id\":\"https:\\\/\\\/ecologa-europe.com\\\/shop\\\/produkt\\\/abschirm-flachmuetze-galene\\\/#primaryimage\"},\"thumbnailUrl\":\"https:\\\/\\\/ecologa-europe.com\\\/shop\\\/wp-content\\\/uploads\\\/2025\\\/04\\\/flachmuetze_1.jpg\",\"datePublished\":\"2025-05-16T10:08:34+00:00\",\"dateModified\":\"2026-05-01T09:30:01+00:00\",\"description\":\"Zeitlose Abschirm Flachm\u00fctze \u201eGalene\u201c. Klassischer Stil mit funktionalem Schutz vor elektromagnetischer Strahlung. Jetzt entdecken !\",\"breadcrumb\":{\"@id\":\"https:\\\/\\\/ecologa-europe.com\\\/shop\\\/produkt\\\/abschirm-flachmuetze-galene\\\/#breadcrumb\"},\"inLanguage\":\"de\",\"potentialAction\":[{\"@type\":\"ReadAction\",\"target\":[\"https:\\\/\\\/ecologa-europe.com\\\/shop\\\/produkt\\\/abschirm-flachmuetze-galene\\\/\"]}]},{\"@type\":\"ImageObject\",\"inLanguage\":\"de\",\"@id\":\"https:\\\/\\\/ecologa-europe.com\\\/shop\\\/produkt\\\/abschirm-flachmuetze-galene\\\/#primaryimage\",\"url\":\"https:\\\/\\\/ecologa-europe.com\\\/shop\\\/wp-content\\\/uploads\\\/2025\\\/04\\\/flachmuetze_1.jpg\",\"contentUrl\":\"https:\\\/\\\/ecologa-europe.com\\\/shop\\\/wp-content\\\/uploads\\\/2025\\\/04\\\/flachmuetze_1.jpg\",\"width\":1772,\"height\":1280},{\"@type\":\"BreadcrumbList\",\"@id\":\"https:\\\/\\\/ecologa-europe.com\\\/shop\\\/produkt\\\/abschirm-flachmuetze-galene\\\/#breadcrumb\",\"itemListElement\":[{\"@type\":\"ListItem\",\"position\":1,\"name\":\"Startseite\",\"item\":\"https:\\\/\\\/ecologa-europe.com\\\/shop\\\/\"},{\"@type\":\"ListItem\",\"position\":2,\"name\":\"Shop\",\"item\":\"https:\\\/\\\/ecologa-europe.com\\\/shop\\\/shop\\\/\"},{\"@type\":\"ListItem\",\"position\":3,\"name\":\"Abschirm Flachm\u00fctze Galene\"}]},{\"@type\":\"WebSite\",\"@id\":\"https:\\\/\\\/ecologa-europe.com\\\/shop\\\/#website\",\"url\":\"https:\\\/\\\/ecologa-europe.com\\\/shop\\\/\",\"name\":\"Elektrosmog-Schutz Onlineshop\",\"description\":\"Ecologa Europe\",\"publisher\":{\"@id\":\"https:\\\/\\\/ecologa-europe.com\\\/shop\\\/#organization\"},\"potentialAction\":[{\"@type\":\"SearchAction\",\"target\":{\"@type\":\"EntryPoint\",\"urlTemplate\":\"https:\\\/\\\/ecologa-europe.com\\\/shop\\\/?s={search_term_string}\"},\"query-input\":{\"@type\":\"PropertyValueSpecification\",\"valueRequired\":true,\"valueName\":\"search_term_string\"}}],\"inLanguage\":\"de\"},{\"@type\":\"Organization\",\"@id\":\"https:\\\/\\\/ecologa-europe.com\\\/shop\\\/#organization\",\"name\":\"Elektrosmog-Schutz Onlineshop\",\"url\":\"https:\\\/\\\/ecologa-europe.com\\\/shop\\\/\",\"logo\":{\"@type\":\"ImageObject\",\"inLanguage\":\"de\",\"@id\":\"https:\\\/\\\/ecologa-europe.com\\\/shop\\\/#\\\/schema\\\/logo\\\/image\\\/\",\"url\":\"https:\\\/\\\/ecologa-europe.com\\\/shop\\\/wp-content\\\/uploads\\\/2025\\\/04\\\/vertical-navbar-logo.svg\",\"contentUrl\":\"https:\\\/\\\/ecologa-europe.com\\\/shop\\\/wp-content\\\/uploads\\\/2025\\\/04\\\/vertical-navbar-logo.svg\",\"width\":182,\"height\":70,\"caption\":\"Elektrosmog-Schutz Onlineshop\"},\"image\":{\"@id\":\"https:\\\/\\\/ecologa-europe.com\\\/shop\\\/#\\\/schema\\\/logo\\\/image\\\/\"},\"sameAs\":[\"https:\\\/\\\/www.facebook.com\\\/Ecologa-Europe-GmbH-1604744566252298\\\/\",\"https:\\\/\\\/www.instagram.com\\\/ecologaeurope\\\/\"]}]}<\/script>\n<!-- \/ Yoast SEO plugin. -->","yoast_head_json":{"title":"Abschirm Flachm\u00fctze Galene - Elektrosmog-Schutz Onlineshop","description":"Zeitlose Abschirm Flachm\u00fctze \u201eGalene\u201c. Klassischer Stil mit funktionalem Schutz vor elektromagnetischer Strahlung. Jetzt entdecken !","robots":{"index":"index","follow":"follow","max-snippet":"max-snippet:-1","max-image-preview":"max-image-preview:large","max-video-preview":"max-video-preview:-1"},"canonical":"https:\/\/ecologa-europe.com\/shop\/produkt\/abschirm-flachmuetze-galene\/","og_locale":"de_DE","og_type":"article","og_title":"Abschirm Flachm\u00fctze Galene - Elektrosmog-Schutz Onlineshop","og_description":"Zeitlose Abschirm Flachm\u00fctze \u201eGalene\u201c. Klassischer Stil mit funktionalem Schutz vor elektromagnetischer Strahlung. Jetzt entdecken !","og_url":"https:\/\/ecologa-europe.com\/shop\/produkt\/abschirm-flachmuetze-galene\/","og_site_name":"Elektrosmog-Schutz Onlineshop","article_publisher":"https:\/\/www.facebook.com\/Ecologa-Europe-GmbH-1604744566252298\/","article_modified_time":"2026-05-01T09:30:01+00:00","og_image":[{"width":1772,"height":1280,"url":"https:\/\/ecologa-europe.com\/shop\/wp-content\/uploads\/2025\/04\/flachmuetze_1.jpg","type":"image\/jpeg"}],"twitter_card":"summary_large_image","twitter_misc":{"Gesch\u00e4tzte Lesezeit":"1\u00a0Minute"},"schema":{"@context":"https:\/\/schema.org","@graph":[{"@type":"WebPage","@id":"https:\/\/ecologa-europe.com\/shop\/produkt\/abschirm-flachmuetze-galene\/","url":"https:\/\/ecologa-europe.com\/shop\/produkt\/abschirm-flachmuetze-galene\/","name":"Abschirm Flachm\u00fctze Galene - Elektrosmog-Schutz Onlineshop","isPartOf":{"@id":"https:\/\/ecologa-europe.com\/shop\/#website"},"primaryImageOfPage":{"@id":"https:\/\/ecologa-europe.com\/shop\/produkt\/abschirm-flachmuetze-galene\/#primaryimage"},"image":{"@id":"https:\/\/ecologa-europe.com\/shop\/produkt\/abschirm-flachmuetze-galene\/#primaryimage"},"thumbnailUrl":"https:\/\/ecologa-europe.com\/shop\/wp-content\/uploads\/2025\/04\/flachmuetze_1.jpg","datePublished":"2025-05-16T10:08:34+00:00","dateModified":"2026-05-01T09:30:01+00:00","description":"Zeitlose Abschirm Flachm\u00fctze \u201eGalene\u201c. Klassischer Stil mit funktionalem Schutz vor elektromagnetischer Strahlung. Jetzt entdecken !","breadcrumb":{"@id":"https:\/\/ecologa-europe.com\/shop\/produkt\/abschirm-flachmuetze-galene\/#breadcrumb"},"inLanguage":"de","potentialAction":[{"@type":"ReadAction","target":["https:\/\/ecologa-europe.com\/shop\/produkt\/abschirm-flachmuetze-galene\/"]}]},{"@type":"ImageObject","inLanguage":"de","@id":"https:\/\/ecologa-europe.com\/shop\/produkt\/abschirm-flachmuetze-galene\/#primaryimage","url":"https:\/\/ecologa-europe.com\/shop\/wp-content\/uploads\/2025\/04\/flachmuetze_1.jpg","contentUrl":"https:\/\/ecologa-europe.com\/shop\/wp-content\/uploads\/2025\/04\/flachmuetze_1.jpg","width":1772,"height":1280},{"@type":"BreadcrumbList","@id":"https:\/\/ecologa-europe.com\/shop\/produkt\/abschirm-flachmuetze-galene\/#breadcrumb","itemListElement":[{"@type":"ListItem","position":1,"name":"Startseite","item":"https:\/\/ecologa-europe.com\/shop\/"},{"@type":"ListItem","position":2,"name":"Shop","item":"https:\/\/ecologa-europe.com\/shop\/shop\/"},{"@type":"ListItem","position":3,"name":"Abschirm Flachm\u00fctze Galene"}]},{"@type":"WebSite","@id":"https:\/\/ecologa-europe.com\/shop\/#website","url":"https:\/\/ecologa-europe.com\/shop\/","name":"Elektrosmog-Schutz Onlineshop","description":"Ecologa Europe","publisher":{"@id":"https:\/\/ecologa-europe.com\/shop\/#organization"},"potentialAction":[{"@type":"SearchAction","target":{"@type":"EntryPoint","urlTemplate":"https:\/\/ecologa-europe.com\/shop\/?s={search_term_string}"},"query-input":{"@type":"PropertyValueSpecification","valueRequired":true,"valueName":"search_term_string"}}],"inLanguage":"de"},{"@type":"Organization","@id":"https:\/\/ecologa-europe.com\/shop\/#organization","name":"Elektrosmog-Schutz Onlineshop","url":"https:\/\/ecologa-europe.com\/shop\/","logo":{"@type":"ImageObject","inLanguage":"de","@id":"https:\/\/ecologa-europe.com\/shop\/#\/schema\/logo\/image\/","url":"https:\/\/ecologa-europe.com\/shop\/wp-content\/uploads\/2025\/04\/vertical-navbar-logo.svg","contentUrl":"https:\/\/ecologa-europe.com\/shop\/wp-content\/uploads\/2025\/04\/vertical-navbar-logo.svg","width":182,"height":70,"caption":"Elektrosmog-Schutz Onlineshop"},"image":{"@id":"https:\/\/ecologa-europe.com\/shop\/#\/schema\/logo\/image\/"},"sameAs":["https:\/\/www.facebook.com\/Ecologa-Europe-GmbH-1604744566252298\/","https:\/\/www.instagram.com\/ecologaeurope\/"]}]}},"_links":{"self":[{"href":"https:\/\/ecologa-europe.com\/shop\/wp-json\/wp\/v2\/product\/6470","targetHints":{"allow":["GET"]}}],"collection":[{"href":"https:\/\/ecologa-europe.com\/shop\/wp-json\/wp\/v2\/product"}],"about":[{"href":"https:\/\/ecologa-europe.com\/shop\/wp-json\/wp\/v2\/types\/product"}],"wp:featuredmedia":[{"embeddable":true,"href":"https:\/\/ecologa-europe.com\/shop\/wp-json\/wp\/v2\/media\/168"}],"wp:attachment":[{"href":"https:\/\/ecologa-europe.com\/shop\/wp-json\/wp\/v2\/media?parent=6470"}],"wp:term":[{"taxonomy":"product_brand","embeddable":true,"href":"https:\/\/ecologa-europe.com\/shop\/wp-json\/wp\/v2\/product_brand?post=6470"},{"taxonomy":"product_cat","embeddable":true,"href":"https:\/\/ecologa-europe.com\/shop\/wp-json\/wp\/v2\/product_cat?post=6470"},{"taxonomy":"product_tag","embeddable":true,"href":"https:\/\/ecologa-europe.com\/shop\/wp-json\/wp\/v2\/product_tag?post=6470"}],"curies":[{"name":"wp","href":"https:\/\/api.w.org\/{rel}","templated":true}]}}