{"id":6494,"date":"2025-05-16T10:08:59","date_gmt":"2025-05-16T10:08:59","guid":{"rendered":"https:\/\/639.pm-domains.de\/?post_type=product&#038;p=6494"},"modified":"2026-03-17T08:31:51","modified_gmt":"2026-03-17T08:31:51","slug":"abschirmschal-mit-tierprint-coumba","status":"publish","type":"product","link":"https:\/\/ecologa-europe.com\/shop\/produkt\/abschirmschal-mit-tierprint-coumba\/","title":{"rendered":"Abschirmschal mit Tierprint Coumba"},"content":{"rendered":"<p>Der Schal ist nicht nur ein praktischer Begleiter in der kalten Jahreszeit, er kann auch zu einem modischen St\u00fcck werden, mit dem wir unseren Look abwechslungsreicher gestalten k\u00f6nnen. Tats\u00e4chlich ist er eines der Must-haves in unserer Garderobe.<br \/>\nWir stellen Ihnen unser doppelseitiges Modell Coumba vor, das auf der einen Seite mit einem Animalprint und auf der anderen Seite mit einem weichen schwarzen Velourstoff\u00a0 OEKO-Tex Standard 100 versehen ist.<\/p>\n<p>Unser Schal mit dem originellen Muster und der Mischung aus Raubtierdrucken ist ein sehr raffiniertes, schickes und elegantes Accessoire.<\/p>\n<p>Coumba verf\u00fcgt \u00fcber ein Futter aus Nylongewirke, das vollst\u00e4ndig mit reinem Silber metallisiert ist und sich besonders gut zur Abschirmung hochfrequenter elektromagnetischer Wellen eignet.<\/p>\n<p>Die Ma\u00dfe des Schals betragen ca. 145 cm in der L\u00e4nge und 35 cm in der Breite.<br \/>\nIn deutschland hergestellt<\/p>\n<p>Material:<br \/>\nNicki Velourstoff: 80% Baumwolle 20% Polyester<br \/>\nPrint Viskose Jersey: 96% Viskose, 4% Elastan<br \/>\nFutter: versilbertes Nylongewirke<br \/>\nSchirmd\u00e4mpfung: max. ~40 dB (&gt;99,99 %)<br \/>\ndurchschnittlich &lt; 45 dB von 0,2 GHz &#8211; 2 GHz<br \/>\ndurchschnittlich &lt; 40 dB von 2 GHz &#8211; 5 GHz<br \/>\ndurchschnittlich &lt; 36 dB von 5 GHz &#8211; 14 GHZ<\/p>\n<p class=\"custom-discription-title\">Pflegehinweis:<br \/>\nWaschtemperatur: 30\u00b0C (Feinw\u00e4sche)<br \/>\nB\u00fcgeltemperatur: Stufe 1 &#8211; Schonendes B\u00fcgeln<br \/>\nTrockner: Nicht im Trockner trocknen<br \/>\nBleichen: Bleichen nicht erlaubt &#8211; Keine Waschmittel mit Bleichmittel.<br \/>\nReinigung: Keine chemische Reinigung<\/p>\n","protected":false},"excerpt":{"rendered":"<p>Unser Schal mit dem originellen Muster und der Mischung aus Raubtierdrucken ist ein sehr raffiniertes, schickes und elegantes Accessoire.<\/p>\n<p>Zur Abschirmung hochfrequenter elektromagnetischer Wellen<br \/>\nGr\u00f6\u00dfe: ca. 145 cm in der L\u00e4nge und 35 cm in der Breite<br \/>\nFarben: auf der einen Seite mit einem Animalprint und auf der anderen Seite mit einem weichen schwarzen Nicki Velourstoff\u00a0 OEKO-Tex Standard 100 versehen.<br \/>\nAbschirmstoff (innen): versilbertes 100 % Polyamid \/ Nylon 6.6<br \/>\nOEKO-Tex\u00ae zertifiziert<br \/>\nRoHS und REACH konform<br \/>\nIn deutschland hergestellt<\/p>\n","protected":false},"featured_media":221,"template":"","meta":{"inline_featured_image":false,"site-sidebar-layout":"default","site-content-layout":"","ast-site-content-layout":"default","site-content-style":"default","site-sidebar-style":"default","ast-global-header-display":"","ast-banner-title-visibility":"","ast-main-header-display":"","ast-hfb-above-header-display":"","ast-hfb-below-header-display":"","ast-hfb-mobile-header-display":"","site-post-title":"","ast-breadcrumbs-content":"","ast-featured-img":"","footer-sml-layout":"","ast-disable-related-posts":"","theme-transparent-header-meta":"default","adv-header-id-meta":"","stick-header-meta":"","header-above-stick-meta":"","header-main-stick-meta":"","header-below-stick-meta":"","astra-migrate-meta-layouts":"set","ast-page-background-enabled":"default","ast-page-background-meta":{"desktop":{"background-color":"var(--ast-global-color-5)","background-image":"","background-repeat":"repeat","background-position":"center center","background-size":"auto","background-attachment":"scroll","background-type":"","background-media":"","overlay-type":"","overlay-color":"","overlay-opacity":"","overlay-gradient":""},"tablet":{"background-color":"","background-image":"","background-repeat":"repeat","background-position":"center center","background-size":"auto","background-attachment":"scroll","background-type":"","background-media":"","overlay-type":"","overlay-color":"","overlay-opacity":"","overlay-gradient":""},"mobile":{"background-color":"","background-image":"","background-repeat":"repeat","background-position":"center center","background-size":"auto","background-attachment":"scroll","background-type":"","background-media":"","overlay-type":"","overlay-color":"","overlay-opacity":"","overlay-gradient":""}},"ast-content-background-meta":{"desktop":{"background-color":"var(--ast-global-color-4)","background-image":"","background-repeat":"repeat","background-position":"center center","background-size":"auto","background-attachment":"scroll","background-type":"","background-media":"","overlay-type":"","overlay-color":"","overlay-opacity":"","overlay-gradient":""},"tablet":{"background-color":"var(--ast-global-color-4)","background-image":"","background-repeat":"repeat","background-position":"center center","background-size":"auto","background-attachment":"scroll","background-type":"","background-media":"","overlay-type":"","overlay-color":"","overlay-opacity":"","overlay-gradient":""},"mobile":{"background-color":"var(--ast-global-color-4)","background-image":"","background-repeat":"repeat","background-position":"center center","background-size":"auto","background-attachment":"scroll","background-type":"","background-media":"","overlay-type":"","overlay-color":"","overlay-opacity":"","overlay-gradient":""}}},"product_brand":[],"product_cat":[16,17,23,644],"product_tag":[19,71,33],"class_list":{"0":"post-6494","1":"product","2":"type-product","3":"status-publish","4":"has-post-thumbnail","6":"product_cat-abschirmkleidung","7":"product_cat-abschirmkleidung-damen","8":"product_cat-accessoires","9":"product_cat-angebote","10":"product_tag-abschirmkleidung","11":"product_tag-hochfrequenz","12":"product_tag-schutz-vor-elektrosmog","13":"product_shipping_class-standardversand","14":"desktop-align-left","15":"tablet-align-left","16":"mobile-align-left","18":"first","19":"instock","20":"taxable","21":"shipping-taxable","22":"purchasable","23":"product-type-simple"},"yoast_head":"<!-- This site is optimized with the Yoast SEO plugin v27.3 - https:\/\/yoast.com\/product\/yoast-seo-wordpress\/ -->\n<title>Abschirmschal mit Tierprint Coumba - Elektrosmog-Schutz Onlineshop<\/title>\n<meta name=\"description\" content=\"Abschirmschal Coumba ist mit einem Abschirmgewebe ausgekleidet, so dass er hohe Frequenzen blockiert.\" \/>\n<meta name=\"robots\" content=\"index, follow, max-snippet:-1, max-image-preview:large, max-video-preview:-1\" \/>\n<link rel=\"canonical\" href=\"https:\/\/ecologa-europe.com\/shop\/produkt\/abschirmschal-mit-tierprint-coumba\/\" \/>\n<meta property=\"og:locale\" content=\"de_DE\" \/>\n<meta property=\"og:type\" content=\"article\" \/>\n<meta property=\"og:title\" content=\"Abschirmschal mit Tierprint Coumba - Elektrosmog-Schutz Onlineshop\" \/>\n<meta property=\"og:description\" content=\"Abschirmschal Coumba ist mit einem Abschirmgewebe ausgekleidet, so dass er hohe Frequenzen blockiert.\" \/>\n<meta property=\"og:url\" content=\"https:\/\/ecologa-europe.com\/shop\/produkt\/abschirmschal-mit-tierprint-coumba\/\" \/>\n<meta property=\"og:site_name\" content=\"Elektrosmog-Schutz Onlineshop\" \/>\n<meta property=\"article:publisher\" content=\"https:\/\/www.facebook.com\/Ecologa-Europe-GmbH-1604744566252298\/\" \/>\n<meta property=\"article:modified_time\" content=\"2026-03-17T08:31:51+00:00\" \/>\n<meta property=\"og:image\" content=\"https:\/\/ecologa-europe.com\/shop\/wp-content\/uploads\/2025\/04\/coumba_3.jpg\" \/>\n\t<meta property=\"og:image:width\" content=\"1772\" \/>\n\t<meta property=\"og:image:height\" content=\"1280\" \/>\n\t<meta property=\"og:image:type\" content=\"image\/jpeg\" \/>\n<meta name=\"twitter:card\" content=\"summary_large_image\" \/>\n<meta name=\"twitter:label1\" content=\"Gesch\u00e4tzte Lesezeit\" \/>\n\t<meta name=\"twitter:data1\" content=\"2\u00a0Minuten\" \/>\n<script type=\"application\/ld+json\" class=\"yoast-schema-graph\">{\"@context\":\"https:\\\/\\\/schema.org\",\"@graph\":[{\"@type\":\"WebPage\",\"@id\":\"https:\\\/\\\/ecologa-europe.com\\\/shop\\\/produkt\\\/abschirmschal-mit-tierprint-coumba\\\/\",\"url\":\"https:\\\/\\\/ecologa-europe.com\\\/shop\\\/produkt\\\/abschirmschal-mit-tierprint-coumba\\\/\",\"name\":\"Abschirmschal mit Tierprint Coumba - Elektrosmog-Schutz Onlineshop\",\"isPartOf\":{\"@id\":\"https:\\\/\\\/ecologa-europe.com\\\/shop\\\/#website\"},\"primaryImageOfPage\":{\"@id\":\"https:\\\/\\\/ecologa-europe.com\\\/shop\\\/produkt\\\/abschirmschal-mit-tierprint-coumba\\\/#primaryimage\"},\"image\":{\"@id\":\"https:\\\/\\\/ecologa-europe.com\\\/shop\\\/produkt\\\/abschirmschal-mit-tierprint-coumba\\\/#primaryimage\"},\"thumbnailUrl\":\"https:\\\/\\\/ecologa-europe.com\\\/shop\\\/wp-content\\\/uploads\\\/2025\\\/04\\\/coumba_3.jpg\",\"datePublished\":\"2025-05-16T10:08:59+00:00\",\"dateModified\":\"2026-03-17T08:31:51+00:00\",\"description\":\"Abschirmschal Coumba ist mit einem Abschirmgewebe ausgekleidet, so dass er hohe Frequenzen blockiert.\",\"breadcrumb\":{\"@id\":\"https:\\\/\\\/ecologa-europe.com\\\/shop\\\/produkt\\\/abschirmschal-mit-tierprint-coumba\\\/#breadcrumb\"},\"inLanguage\":\"de\",\"potentialAction\":[{\"@type\":\"ReadAction\",\"target\":[\"https:\\\/\\\/ecologa-europe.com\\\/shop\\\/produkt\\\/abschirmschal-mit-tierprint-coumba\\\/\"]}]},{\"@type\":\"ImageObject\",\"inLanguage\":\"de\",\"@id\":\"https:\\\/\\\/ecologa-europe.com\\\/shop\\\/produkt\\\/abschirmschal-mit-tierprint-coumba\\\/#primaryimage\",\"url\":\"https:\\\/\\\/ecologa-europe.com\\\/shop\\\/wp-content\\\/uploads\\\/2025\\\/04\\\/coumba_3.jpg\",\"contentUrl\":\"https:\\\/\\\/ecologa-europe.com\\\/shop\\\/wp-content\\\/uploads\\\/2025\\\/04\\\/coumba_3.jpg\",\"width\":1772,\"height\":1280},{\"@type\":\"BreadcrumbList\",\"@id\":\"https:\\\/\\\/ecologa-europe.com\\\/shop\\\/produkt\\\/abschirmschal-mit-tierprint-coumba\\\/#breadcrumb\",\"itemListElement\":[{\"@type\":\"ListItem\",\"position\":1,\"name\":\"Startseite\",\"item\":\"https:\\\/\\\/ecologa-europe.com\\\/shop\\\/\"},{\"@type\":\"ListItem\",\"position\":2,\"name\":\"Shop\",\"item\":\"https:\\\/\\\/ecologa-europe.com\\\/shop\\\/shop\\\/\"},{\"@type\":\"ListItem\",\"position\":3,\"name\":\"Abschirmschal mit Tierprint Coumba\"}]},{\"@type\":\"WebSite\",\"@id\":\"https:\\\/\\\/ecologa-europe.com\\\/shop\\\/#website\",\"url\":\"https:\\\/\\\/ecologa-europe.com\\\/shop\\\/\",\"name\":\"Elektrosmog-Schutz Onlineshop\",\"description\":\"Ecologa Europe\",\"publisher\":{\"@id\":\"https:\\\/\\\/ecologa-europe.com\\\/shop\\\/#organization\"},\"potentialAction\":[{\"@type\":\"SearchAction\",\"target\":{\"@type\":\"EntryPoint\",\"urlTemplate\":\"https:\\\/\\\/ecologa-europe.com\\\/shop\\\/?s={search_term_string}\"},\"query-input\":{\"@type\":\"PropertyValueSpecification\",\"valueRequired\":true,\"valueName\":\"search_term_string\"}}],\"inLanguage\":\"de\"},{\"@type\":\"Organization\",\"@id\":\"https:\\\/\\\/ecologa-europe.com\\\/shop\\\/#organization\",\"name\":\"Elektrosmog-Schutz Onlineshop\",\"url\":\"https:\\\/\\\/ecologa-europe.com\\\/shop\\\/\",\"logo\":{\"@type\":\"ImageObject\",\"inLanguage\":\"de\",\"@id\":\"https:\\\/\\\/ecologa-europe.com\\\/shop\\\/#\\\/schema\\\/logo\\\/image\\\/\",\"url\":\"https:\\\/\\\/ecologa-europe.com\\\/shop\\\/wp-content\\\/uploads\\\/2025\\\/04\\\/vertical-navbar-logo.svg\",\"contentUrl\":\"https:\\\/\\\/ecologa-europe.com\\\/shop\\\/wp-content\\\/uploads\\\/2025\\\/04\\\/vertical-navbar-logo.svg\",\"width\":182,\"height\":70,\"caption\":\"Elektrosmog-Schutz Onlineshop\"},\"image\":{\"@id\":\"https:\\\/\\\/ecologa-europe.com\\\/shop\\\/#\\\/schema\\\/logo\\\/image\\\/\"},\"sameAs\":[\"https:\\\/\\\/www.facebook.com\\\/Ecologa-Europe-GmbH-1604744566252298\\\/\",\"https:\\\/\\\/www.instagram.com\\\/ecologaeurope\\\/\"]}]}<\/script>\n<!-- \/ Yoast SEO plugin. -->","yoast_head_json":{"title":"Abschirmschal mit Tierprint Coumba - Elektrosmog-Schutz Onlineshop","description":"Abschirmschal Coumba ist mit einem Abschirmgewebe ausgekleidet, so dass er hohe Frequenzen blockiert.","robots":{"index":"index","follow":"follow","max-snippet":"max-snippet:-1","max-image-preview":"max-image-preview:large","max-video-preview":"max-video-preview:-1"},"canonical":"https:\/\/ecologa-europe.com\/shop\/produkt\/abschirmschal-mit-tierprint-coumba\/","og_locale":"de_DE","og_type":"article","og_title":"Abschirmschal mit Tierprint Coumba - Elektrosmog-Schutz Onlineshop","og_description":"Abschirmschal Coumba ist mit einem Abschirmgewebe ausgekleidet, so dass er hohe Frequenzen blockiert.","og_url":"https:\/\/ecologa-europe.com\/shop\/produkt\/abschirmschal-mit-tierprint-coumba\/","og_site_name":"Elektrosmog-Schutz Onlineshop","article_publisher":"https:\/\/www.facebook.com\/Ecologa-Europe-GmbH-1604744566252298\/","article_modified_time":"2026-03-17T08:31:51+00:00","og_image":[{"width":1772,"height":1280,"url":"https:\/\/ecologa-europe.com\/shop\/wp-content\/uploads\/2025\/04\/coumba_3.jpg","type":"image\/jpeg"}],"twitter_card":"summary_large_image","twitter_misc":{"Gesch\u00e4tzte Lesezeit":"2\u00a0Minuten"},"schema":{"@context":"https:\/\/schema.org","@graph":[{"@type":"WebPage","@id":"https:\/\/ecologa-europe.com\/shop\/produkt\/abschirmschal-mit-tierprint-coumba\/","url":"https:\/\/ecologa-europe.com\/shop\/produkt\/abschirmschal-mit-tierprint-coumba\/","name":"Abschirmschal mit Tierprint Coumba - Elektrosmog-Schutz Onlineshop","isPartOf":{"@id":"https:\/\/ecologa-europe.com\/shop\/#website"},"primaryImageOfPage":{"@id":"https:\/\/ecologa-europe.com\/shop\/produkt\/abschirmschal-mit-tierprint-coumba\/#primaryimage"},"image":{"@id":"https:\/\/ecologa-europe.com\/shop\/produkt\/abschirmschal-mit-tierprint-coumba\/#primaryimage"},"thumbnailUrl":"https:\/\/ecologa-europe.com\/shop\/wp-content\/uploads\/2025\/04\/coumba_3.jpg","datePublished":"2025-05-16T10:08:59+00:00","dateModified":"2026-03-17T08:31:51+00:00","description":"Abschirmschal Coumba ist mit einem Abschirmgewebe ausgekleidet, so dass er hohe Frequenzen blockiert.","breadcrumb":{"@id":"https:\/\/ecologa-europe.com\/shop\/produkt\/abschirmschal-mit-tierprint-coumba\/#breadcrumb"},"inLanguage":"de","potentialAction":[{"@type":"ReadAction","target":["https:\/\/ecologa-europe.com\/shop\/produkt\/abschirmschal-mit-tierprint-coumba\/"]}]},{"@type":"ImageObject","inLanguage":"de","@id":"https:\/\/ecologa-europe.com\/shop\/produkt\/abschirmschal-mit-tierprint-coumba\/#primaryimage","url":"https:\/\/ecologa-europe.com\/shop\/wp-content\/uploads\/2025\/04\/coumba_3.jpg","contentUrl":"https:\/\/ecologa-europe.com\/shop\/wp-content\/uploads\/2025\/04\/coumba_3.jpg","width":1772,"height":1280},{"@type":"BreadcrumbList","@id":"https:\/\/ecologa-europe.com\/shop\/produkt\/abschirmschal-mit-tierprint-coumba\/#breadcrumb","itemListElement":[{"@type":"ListItem","position":1,"name":"Startseite","item":"https:\/\/ecologa-europe.com\/shop\/"},{"@type":"ListItem","position":2,"name":"Shop","item":"https:\/\/ecologa-europe.com\/shop\/shop\/"},{"@type":"ListItem","position":3,"name":"Abschirmschal mit Tierprint Coumba"}]},{"@type":"WebSite","@id":"https:\/\/ecologa-europe.com\/shop\/#website","url":"https:\/\/ecologa-europe.com\/shop\/","name":"Elektrosmog-Schutz Onlineshop","description":"Ecologa Europe","publisher":{"@id":"https:\/\/ecologa-europe.com\/shop\/#organization"},"potentialAction":[{"@type":"SearchAction","target":{"@type":"EntryPoint","urlTemplate":"https:\/\/ecologa-europe.com\/shop\/?s={search_term_string}"},"query-input":{"@type":"PropertyValueSpecification","valueRequired":true,"valueName":"search_term_string"}}],"inLanguage":"de"},{"@type":"Organization","@id":"https:\/\/ecologa-europe.com\/shop\/#organization","name":"Elektrosmog-Schutz Onlineshop","url":"https:\/\/ecologa-europe.com\/shop\/","logo":{"@type":"ImageObject","inLanguage":"de","@id":"https:\/\/ecologa-europe.com\/shop\/#\/schema\/logo\/image\/","url":"https:\/\/ecologa-europe.com\/shop\/wp-content\/uploads\/2025\/04\/vertical-navbar-logo.svg","contentUrl":"https:\/\/ecologa-europe.com\/shop\/wp-content\/uploads\/2025\/04\/vertical-navbar-logo.svg","width":182,"height":70,"caption":"Elektrosmog-Schutz Onlineshop"},"image":{"@id":"https:\/\/ecologa-europe.com\/shop\/#\/schema\/logo\/image\/"},"sameAs":["https:\/\/www.facebook.com\/Ecologa-Europe-GmbH-1604744566252298\/","https:\/\/www.instagram.com\/ecologaeurope\/"]}]}},"_links":{"self":[{"href":"https:\/\/ecologa-europe.com\/shop\/wp-json\/wp\/v2\/product\/6494","targetHints":{"allow":["GET"]}}],"collection":[{"href":"https:\/\/ecologa-europe.com\/shop\/wp-json\/wp\/v2\/product"}],"about":[{"href":"https:\/\/ecologa-europe.com\/shop\/wp-json\/wp\/v2\/types\/product"}],"wp:featuredmedia":[{"embeddable":true,"href":"https:\/\/ecologa-europe.com\/shop\/wp-json\/wp\/v2\/media\/221"}],"wp:attachment":[{"href":"https:\/\/ecologa-europe.com\/shop\/wp-json\/wp\/v2\/media?parent=6494"}],"wp:term":[{"taxonomy":"product_brand","embeddable":true,"href":"https:\/\/ecologa-europe.com\/shop\/wp-json\/wp\/v2\/product_brand?post=6494"},{"taxonomy":"product_cat","embeddable":true,"href":"https:\/\/ecologa-europe.com\/shop\/wp-json\/wp\/v2\/product_cat?post=6494"},{"taxonomy":"product_tag","embeddable":true,"href":"https:\/\/ecologa-europe.com\/shop\/wp-json\/wp\/v2\/product_tag?post=6494"}],"curies":[{"name":"wp","href":"https:\/\/api.w.org\/{rel}","templated":true}]}}