{"id":6506,"date":"2025-05-16T10:09:00","date_gmt":"2025-05-16T10:09:00","guid":{"rendered":"https:\/\/639.pm-domains.de\/?post_type=product&#038;p=6506"},"modified":"2026-01-19T11:07:46","modified_gmt":"2026-01-19T11:07:46","slug":"abschirm-snood-logan","status":"publish","type":"product","link":"https:\/\/ecologa-europe.com\/shop\/produkt\/abschirm-snood-logan\/","title":{"rendered":"Abschirm-Snood Logan"},"content":{"rendered":"<p>Der Snood ist eine Kombination aus Schal, M\u00fctze und Rollkragenpullover. Er kann wie ein Halstuch getragen und schnell als Kopfbedeckung verwendet werden, die vor allem die Ohren warm h\u00e4lt, da Kopf und Hals im Winter gut vor K\u00e4lte gesch\u00fctzt werden m\u00fcssen.<br \/>\nNeben seiner praktischen Seite ist der Snood auch ein modisches Accessoire. So kann man ihn perfekt mit der Wintergarderobe kombinieren oder ihn als Highlight tragen.<\/p>\n<p>F\u00fcr unser Modell Logan haben wir uns f\u00fcr die klassischen Farben Marineblau, Schwarz, Hellgrau, Bordeaux und Khaki entschieden.<br \/>\nDieses vielseitige Accessoire kann sowohl von Frauen als auch von M\u00e4nnern getragen werden.<br \/>\nDer Snood ist aus feinmaschiger Jersey-Baumwolle, mit kompakten Garnen gefertigt.<br \/>\nDies sind Garne, die mit einer speziellen Spinntechnik hergestellt werden. Die Garne werden zu einem sehr kleinen Dreieck mit Drehung verdreht, wodurch die Fasern entfernt werden. Diese neue Garnstruktur verleiht Kompaktgarnen eine h\u00f6here Festigkeit, eine bessere Dehnung und weniger Haarigkeit. Kompakte Garne (mit hoher Drehung), rauen weniger als lose Garne (mit niedriger Drehung).<\/p>\n<p>Die Innenseite des Schlauchschals ist mit einem Schutzgewebe ausgekleidet, das einen hervorragenden Schutz vor elektromagnetischen Wellen bietet.<br \/>\nEs handelt sich um ein silberfarbenes, metallisiertes Polyamidgewebe, das eine sehr hohe Abschirmungseigenschaft besitzt. Das Gewirke wird aus einem feinen, monofilen Polymergarn hergestellt. Durch die gleichm\u00e4\u00dfige Metallisierung bleibt die Abschirmungseigenschaft unver\u00e4ndert.<br \/>\nAbschirmverm\u00f6gen (0,2-2 GHz) Durchschnittlich &lt; 45 dB von 0.2 GHz &#8211; 2 GHz.<br \/>\nAbschirmungsf\u00e4higkeit (2 &#8211; 5 GHz) Durchschnittlich &lt; 40 dB from 2 GHz &#8211; 5 GHz.<br \/>\nAbschirmungskapazit\u00e4t (5 &#8211; 14 GHz) Durchschnittlich &lt; 36 dB from 5 GHz &#8211; 14 GHz<br \/>\nAbschirmstoff: 100 % Polyamid \/ Nylon 6.6<br \/>\nMetallisierung: Feinsilber, Ag<br \/>\nObermaterial: 96 % Baumwolle 4 % Lycra<br \/>\nUmfang: Ca. 70 cm, H\u00f6he ca. 37 cm<\/p>\n<p>Pflegehinweise:<br \/>\nSchonwaschgang bei 30\u00b0C.<br \/>\nKeine Desinfektionsmittel oder chlorhaltigen Reiniger verwenden!<br \/>\nZudem auf Weichsp\u00fcler verzichten<br \/>\nNicht Trockner geeignet<\/p>\n","protected":false},"excerpt":{"rendered":"<p>Zur Abschirmung hochfrequenter elektromagnetischer Wellen<br \/>\nSehr hochwertige Verarbeitung<br \/>\nHoher Tragekomfort.<br \/>\nDieses vielseitige Accessoire verleiht Ihren Looks eine stilvolle Note und kann sowohl von Frauen als auch von M\u00e4nnern getragen werden.<br \/>\nDie Innenseite ist aus einem versilberten Polyamid und bietet hervorragenden Schutz gegen elektromagnetische Wellen.<br \/>\nSehr hohe Schirmd\u00e4mpfung bis 48 dB (&gt;99,99 %)<br \/>\nFarbe: Bordeaux, Hellgrau, Khaki, Marine, Schwarz<br \/>\nUnisex<br \/>\nHergestellt in Deutschland<\/p>\n","protected":false},"featured_media":259,"template":"","meta":{"inline_featured_image":false,"site-sidebar-layout":"default","site-content-layout":"","ast-site-content-layout":"default","site-content-style":"default","site-sidebar-style":"default","ast-global-header-display":"","ast-banner-title-visibility":"","ast-main-header-display":"","ast-hfb-above-header-display":"","ast-hfb-below-header-display":"","ast-hfb-mobile-header-display":"","site-post-title":"","ast-breadcrumbs-content":"","ast-featured-img":"","footer-sml-layout":"","ast-disable-related-posts":"","theme-transparent-header-meta":"default","adv-header-id-meta":"","stick-header-meta":"","header-above-stick-meta":"","header-main-stick-meta":"","header-below-stick-meta":"","astra-migrate-meta-layouts":"set","ast-page-background-enabled":"default","ast-page-background-meta":{"desktop":{"background-color":"var(--ast-global-color-5)","background-image":"","background-repeat":"repeat","background-position":"center center","background-size":"auto","background-attachment":"scroll","background-type":"","background-media":"","overlay-type":"","overlay-color":"","overlay-opacity":"","overlay-gradient":""},"tablet":{"background-color":"","background-image":"","background-repeat":"repeat","background-position":"center center","background-size":"auto","background-attachment":"scroll","background-type":"","background-media":"","overlay-type":"","overlay-color":"","overlay-opacity":"","overlay-gradient":""},"mobile":{"background-color":"","background-image":"","background-repeat":"repeat","background-position":"center center","background-size":"auto","background-attachment":"scroll","background-type":"","background-media":"","overlay-type":"","overlay-color":"","overlay-opacity":"","overlay-gradient":""}},"ast-content-background-meta":{"desktop":{"background-color":"var(--ast-global-color-4)","background-image":"","background-repeat":"repeat","background-position":"center center","background-size":"auto","background-attachment":"scroll","background-type":"","background-media":"","overlay-type":"","overlay-color":"","overlay-opacity":"","overlay-gradient":""},"tablet":{"background-color":"var(--ast-global-color-4)","background-image":"","background-repeat":"repeat","background-position":"center center","background-size":"auto","background-attachment":"scroll","background-type":"","background-media":"","overlay-type":"","overlay-color":"","overlay-opacity":"","overlay-gradient":""},"mobile":{"background-color":"var(--ast-global-color-4)","background-image":"","background-repeat":"repeat","background-position":"center center","background-size":"auto","background-attachment":"scroll","background-type":"","background-media":"","overlay-type":"","overlay-color":"","overlay-opacity":"","overlay-gradient":""}}},"product_brand":[],"product_cat":[16,17,23,665],"product_tag":[19,21,33],"class_list":{"0":"post-6506","1":"product","2":"type-product","3":"status-publish","4":"has-post-thumbnail","6":"product_cat-abschirmkleidung","7":"product_cat-abschirmkleidung-damen","8":"product_cat-accessoires","9":"product_cat-nur-solange-vorrat-reicht","10":"product_tag-abschirmkleidung","11":"product_tag-schutz-vor-5g","12":"product_tag-schutz-vor-elektrosmog","13":"product_shipping_class-standardversand","14":"pa_farbe-bordeaux","15":"pa_farbe-hellgrau","16":"pa_farbe-khaki","17":"pa_farbe-marine","18":"pa_farbe-schwarz","19":"desktop-align-left","20":"tablet-align-left","21":"mobile-align-left","23":"first","24":"instock","25":"taxable","26":"shipping-taxable","27":"purchasable","28":"product-type-variable"},"yoast_head":"<!-- This site is optimized with the Yoast SEO plugin v27.3 - https:\/\/yoast.com\/product\/yoast-seo-wordpress\/ -->\n<title>Abschirm-Snood Logan - Elektrosmog-Schutz Onlineshop<\/title>\n<meta name=\"description\" content=\"Das Innere des Schlauchschals ist mit einem Abschirmgewebe gefuttert, der einen hervorragenden Schutz gegen elektromagnetische Wellen bietet.\" \/>\n<meta name=\"robots\" content=\"index, follow, max-snippet:-1, max-image-preview:large, max-video-preview:-1\" \/>\n<link rel=\"canonical\" href=\"https:\/\/ecologa-europe.com\/shop\/produkt\/abschirm-snood-logan\/\" \/>\n<meta property=\"og:locale\" content=\"de_DE\" \/>\n<meta property=\"og:type\" content=\"article\" \/>\n<meta property=\"og:title\" content=\"Abschirm-Snood Logan - Elektrosmog-Schutz Onlineshop\" \/>\n<meta property=\"og:description\" content=\"Das Innere des Schlauchschals ist mit einem Abschirmgewebe gefuttert, der einen hervorragenden Schutz gegen elektromagnetische Wellen bietet.\" \/>\n<meta property=\"og:url\" content=\"https:\/\/ecologa-europe.com\/shop\/produkt\/abschirm-snood-logan\/\" \/>\n<meta property=\"og:site_name\" content=\"Elektrosmog-Schutz Onlineshop\" \/>\n<meta property=\"article:publisher\" content=\"https:\/\/www.facebook.com\/Ecologa-Europe-GmbH-1604744566252298\/\" \/>\n<meta property=\"article:modified_time\" content=\"2026-01-19T11:07:46+00:00\" \/>\n<meta property=\"og:image\" content=\"https:\/\/ecologa-europe.com\/shop\/wp-content\/uploads\/2025\/04\/logan_khaki_1.jpg\" \/>\n\t<meta property=\"og:image:width\" content=\"1772\" \/>\n\t<meta property=\"og:image:height\" content=\"1280\" \/>\n\t<meta property=\"og:image:type\" content=\"image\/jpeg\" \/>\n<meta name=\"twitter:card\" content=\"summary_large_image\" \/>\n<meta name=\"twitter:label1\" content=\"Gesch\u00e4tzte Lesezeit\" \/>\n\t<meta name=\"twitter:data1\" content=\"2\u00a0Minuten\" \/>\n<script type=\"application\/ld+json\" class=\"yoast-schema-graph\">{\"@context\":\"https:\\\/\\\/schema.org\",\"@graph\":[{\"@type\":\"WebPage\",\"@id\":\"https:\\\/\\\/ecologa-europe.com\\\/shop\\\/produkt\\\/abschirm-snood-logan\\\/\",\"url\":\"https:\\\/\\\/ecologa-europe.com\\\/shop\\\/produkt\\\/abschirm-snood-logan\\\/\",\"name\":\"Abschirm-Snood Logan - Elektrosmog-Schutz Onlineshop\",\"isPartOf\":{\"@id\":\"https:\\\/\\\/ecologa-europe.com\\\/shop\\\/#website\"},\"primaryImageOfPage\":{\"@id\":\"https:\\\/\\\/ecologa-europe.com\\\/shop\\\/produkt\\\/abschirm-snood-logan\\\/#primaryimage\"},\"image\":{\"@id\":\"https:\\\/\\\/ecologa-europe.com\\\/shop\\\/produkt\\\/abschirm-snood-logan\\\/#primaryimage\"},\"thumbnailUrl\":\"https:\\\/\\\/ecologa-europe.com\\\/shop\\\/wp-content\\\/uploads\\\/2025\\\/04\\\/logan_khaki_1.jpg\",\"datePublished\":\"2025-05-16T10:09:00+00:00\",\"dateModified\":\"2026-01-19T11:07:46+00:00\",\"description\":\"Das Innere des Schlauchschals ist mit einem Abschirmgewebe gefuttert, der einen hervorragenden Schutz gegen elektromagnetische Wellen bietet.\",\"breadcrumb\":{\"@id\":\"https:\\\/\\\/ecologa-europe.com\\\/shop\\\/produkt\\\/abschirm-snood-logan\\\/#breadcrumb\"},\"inLanguage\":\"de\",\"potentialAction\":[{\"@type\":\"ReadAction\",\"target\":[\"https:\\\/\\\/ecologa-europe.com\\\/shop\\\/produkt\\\/abschirm-snood-logan\\\/\"]}]},{\"@type\":\"ImageObject\",\"inLanguage\":\"de\",\"@id\":\"https:\\\/\\\/ecologa-europe.com\\\/shop\\\/produkt\\\/abschirm-snood-logan\\\/#primaryimage\",\"url\":\"https:\\\/\\\/ecologa-europe.com\\\/shop\\\/wp-content\\\/uploads\\\/2025\\\/04\\\/logan_khaki_1.jpg\",\"contentUrl\":\"https:\\\/\\\/ecologa-europe.com\\\/shop\\\/wp-content\\\/uploads\\\/2025\\\/04\\\/logan_khaki_1.jpg\",\"width\":1772,\"height\":1280},{\"@type\":\"BreadcrumbList\",\"@id\":\"https:\\\/\\\/ecologa-europe.com\\\/shop\\\/produkt\\\/abschirm-snood-logan\\\/#breadcrumb\",\"itemListElement\":[{\"@type\":\"ListItem\",\"position\":1,\"name\":\"Startseite\",\"item\":\"https:\\\/\\\/ecologa-europe.com\\\/shop\\\/\"},{\"@type\":\"ListItem\",\"position\":2,\"name\":\"Shop\",\"item\":\"https:\\\/\\\/ecologa-europe.com\\\/shop\\\/shop\\\/\"},{\"@type\":\"ListItem\",\"position\":3,\"name\":\"Abschirm-Snood Logan\"}]},{\"@type\":\"WebSite\",\"@id\":\"https:\\\/\\\/ecologa-europe.com\\\/shop\\\/#website\",\"url\":\"https:\\\/\\\/ecologa-europe.com\\\/shop\\\/\",\"name\":\"Elektrosmog-Schutz Onlineshop\",\"description\":\"Ecologa Europe\",\"publisher\":{\"@id\":\"https:\\\/\\\/ecologa-europe.com\\\/shop\\\/#organization\"},\"potentialAction\":[{\"@type\":\"SearchAction\",\"target\":{\"@type\":\"EntryPoint\",\"urlTemplate\":\"https:\\\/\\\/ecologa-europe.com\\\/shop\\\/?s={search_term_string}\"},\"query-input\":{\"@type\":\"PropertyValueSpecification\",\"valueRequired\":true,\"valueName\":\"search_term_string\"}}],\"inLanguage\":\"de\"},{\"@type\":\"Organization\",\"@id\":\"https:\\\/\\\/ecologa-europe.com\\\/shop\\\/#organization\",\"name\":\"Elektrosmog-Schutz Onlineshop\",\"url\":\"https:\\\/\\\/ecologa-europe.com\\\/shop\\\/\",\"logo\":{\"@type\":\"ImageObject\",\"inLanguage\":\"de\",\"@id\":\"https:\\\/\\\/ecologa-europe.com\\\/shop\\\/#\\\/schema\\\/logo\\\/image\\\/\",\"url\":\"https:\\\/\\\/ecologa-europe.com\\\/shop\\\/wp-content\\\/uploads\\\/2025\\\/04\\\/vertical-navbar-logo.svg\",\"contentUrl\":\"https:\\\/\\\/ecologa-europe.com\\\/shop\\\/wp-content\\\/uploads\\\/2025\\\/04\\\/vertical-navbar-logo.svg\",\"width\":182,\"height\":70,\"caption\":\"Elektrosmog-Schutz Onlineshop\"},\"image\":{\"@id\":\"https:\\\/\\\/ecologa-europe.com\\\/shop\\\/#\\\/schema\\\/logo\\\/image\\\/\"},\"sameAs\":[\"https:\\\/\\\/www.facebook.com\\\/Ecologa-Europe-GmbH-1604744566252298\\\/\",\"https:\\\/\\\/www.instagram.com\\\/ecologaeurope\\\/\"]}]}<\/script>\n<!-- \/ Yoast SEO plugin. -->","yoast_head_json":{"title":"Abschirm-Snood Logan - Elektrosmog-Schutz Onlineshop","description":"Das Innere des Schlauchschals ist mit einem Abschirmgewebe gefuttert, der einen hervorragenden Schutz gegen elektromagnetische Wellen bietet.","robots":{"index":"index","follow":"follow","max-snippet":"max-snippet:-1","max-image-preview":"max-image-preview:large","max-video-preview":"max-video-preview:-1"},"canonical":"https:\/\/ecologa-europe.com\/shop\/produkt\/abschirm-snood-logan\/","og_locale":"de_DE","og_type":"article","og_title":"Abschirm-Snood Logan - Elektrosmog-Schutz Onlineshop","og_description":"Das Innere des Schlauchschals ist mit einem Abschirmgewebe gefuttert, der einen hervorragenden Schutz gegen elektromagnetische Wellen bietet.","og_url":"https:\/\/ecologa-europe.com\/shop\/produkt\/abschirm-snood-logan\/","og_site_name":"Elektrosmog-Schutz Onlineshop","article_publisher":"https:\/\/www.facebook.com\/Ecologa-Europe-GmbH-1604744566252298\/","article_modified_time":"2026-01-19T11:07:46+00:00","og_image":[{"width":1772,"height":1280,"url":"https:\/\/ecologa-europe.com\/shop\/wp-content\/uploads\/2025\/04\/logan_khaki_1.jpg","type":"image\/jpeg"}],"twitter_card":"summary_large_image","twitter_misc":{"Gesch\u00e4tzte Lesezeit":"2\u00a0Minuten"},"schema":{"@context":"https:\/\/schema.org","@graph":[{"@type":"WebPage","@id":"https:\/\/ecologa-europe.com\/shop\/produkt\/abschirm-snood-logan\/","url":"https:\/\/ecologa-europe.com\/shop\/produkt\/abschirm-snood-logan\/","name":"Abschirm-Snood Logan - Elektrosmog-Schutz Onlineshop","isPartOf":{"@id":"https:\/\/ecologa-europe.com\/shop\/#website"},"primaryImageOfPage":{"@id":"https:\/\/ecologa-europe.com\/shop\/produkt\/abschirm-snood-logan\/#primaryimage"},"image":{"@id":"https:\/\/ecologa-europe.com\/shop\/produkt\/abschirm-snood-logan\/#primaryimage"},"thumbnailUrl":"https:\/\/ecologa-europe.com\/shop\/wp-content\/uploads\/2025\/04\/logan_khaki_1.jpg","datePublished":"2025-05-16T10:09:00+00:00","dateModified":"2026-01-19T11:07:46+00:00","description":"Das Innere des Schlauchschals ist mit einem Abschirmgewebe gefuttert, der einen hervorragenden Schutz gegen elektromagnetische Wellen bietet.","breadcrumb":{"@id":"https:\/\/ecologa-europe.com\/shop\/produkt\/abschirm-snood-logan\/#breadcrumb"},"inLanguage":"de","potentialAction":[{"@type":"ReadAction","target":["https:\/\/ecologa-europe.com\/shop\/produkt\/abschirm-snood-logan\/"]}]},{"@type":"ImageObject","inLanguage":"de","@id":"https:\/\/ecologa-europe.com\/shop\/produkt\/abschirm-snood-logan\/#primaryimage","url":"https:\/\/ecologa-europe.com\/shop\/wp-content\/uploads\/2025\/04\/logan_khaki_1.jpg","contentUrl":"https:\/\/ecologa-europe.com\/shop\/wp-content\/uploads\/2025\/04\/logan_khaki_1.jpg","width":1772,"height":1280},{"@type":"BreadcrumbList","@id":"https:\/\/ecologa-europe.com\/shop\/produkt\/abschirm-snood-logan\/#breadcrumb","itemListElement":[{"@type":"ListItem","position":1,"name":"Startseite","item":"https:\/\/ecologa-europe.com\/shop\/"},{"@type":"ListItem","position":2,"name":"Shop","item":"https:\/\/ecologa-europe.com\/shop\/shop\/"},{"@type":"ListItem","position":3,"name":"Abschirm-Snood Logan"}]},{"@type":"WebSite","@id":"https:\/\/ecologa-europe.com\/shop\/#website","url":"https:\/\/ecologa-europe.com\/shop\/","name":"Elektrosmog-Schutz Onlineshop","description":"Ecologa Europe","publisher":{"@id":"https:\/\/ecologa-europe.com\/shop\/#organization"},"potentialAction":[{"@type":"SearchAction","target":{"@type":"EntryPoint","urlTemplate":"https:\/\/ecologa-europe.com\/shop\/?s={search_term_string}"},"query-input":{"@type":"PropertyValueSpecification","valueRequired":true,"valueName":"search_term_string"}}],"inLanguage":"de"},{"@type":"Organization","@id":"https:\/\/ecologa-europe.com\/shop\/#organization","name":"Elektrosmog-Schutz Onlineshop","url":"https:\/\/ecologa-europe.com\/shop\/","logo":{"@type":"ImageObject","inLanguage":"de","@id":"https:\/\/ecologa-europe.com\/shop\/#\/schema\/logo\/image\/","url":"https:\/\/ecologa-europe.com\/shop\/wp-content\/uploads\/2025\/04\/vertical-navbar-logo.svg","contentUrl":"https:\/\/ecologa-europe.com\/shop\/wp-content\/uploads\/2025\/04\/vertical-navbar-logo.svg","width":182,"height":70,"caption":"Elektrosmog-Schutz Onlineshop"},"image":{"@id":"https:\/\/ecologa-europe.com\/shop\/#\/schema\/logo\/image\/"},"sameAs":["https:\/\/www.facebook.com\/Ecologa-Europe-GmbH-1604744566252298\/","https:\/\/www.instagram.com\/ecologaeurope\/"]}]}},"_links":{"self":[{"href":"https:\/\/ecologa-europe.com\/shop\/wp-json\/wp\/v2\/product\/6506","targetHints":{"allow":["GET"]}}],"collection":[{"href":"https:\/\/ecologa-europe.com\/shop\/wp-json\/wp\/v2\/product"}],"about":[{"href":"https:\/\/ecologa-europe.com\/shop\/wp-json\/wp\/v2\/types\/product"}],"wp:featuredmedia":[{"embeddable":true,"href":"https:\/\/ecologa-europe.com\/shop\/wp-json\/wp\/v2\/media\/259"}],"wp:attachment":[{"href":"https:\/\/ecologa-europe.com\/shop\/wp-json\/wp\/v2\/media?parent=6506"}],"wp:term":[{"taxonomy":"product_brand","embeddable":true,"href":"https:\/\/ecologa-europe.com\/shop\/wp-json\/wp\/v2\/product_brand?post=6506"},{"taxonomy":"product_cat","embeddable":true,"href":"https:\/\/ecologa-europe.com\/shop\/wp-json\/wp\/v2\/product_cat?post=6506"},{"taxonomy":"product_tag","embeddable":true,"href":"https:\/\/ecologa-europe.com\/shop\/wp-json\/wp\/v2\/product_tag?post=6506"}],"curies":[{"name":"wp","href":"https:\/\/api.w.org\/{rel}","templated":true}]}}