{"id":6545,"date":"2025-05-16T10:09:32","date_gmt":"2025-05-16T10:09:32","guid":{"rendered":"https:\/\/639.pm-domains.de\/?post_type=product&#038;p=6545"},"modified":"2026-01-26T07:01:19","modified_gmt":"2026-01-26T07:01:19","slug":"unisex-abschirm-t-shirt-connor","status":"publish","type":"product","link":"https:\/\/ecologa-europe.com\/shop\/produkt\/unisex-abschirm-t-shirt-connor\/","title":{"rendered":"Unisex-Abschirm-T-Shirt Connor"},"content":{"rendered":"<p>Haben Sie es satt, enge, unbequeme Kleidung zu tragen? Hier ist das Modell, das Sie ben\u00f6tigen.<br \/>\nUnser neues Unisex Boyfriend-T-Shirt, ein Kleidungsst\u00fcck, das man einfach haben muss!<br \/>\nSeine klassische, l\u00e4ngliche und leicht lockere Passform verleiht ihm einen coolen, l\u00e4ssigen Look. Dieser Look wird durch eine horizontale Naht im unteren R\u00fcckenbereich akzentuiert.<br \/>\nDer Saum ist leicht gerundet. Der Rundhalsausschnitt bietet besonderen Tragekomfort. Die langen \u00c4rmel sind raglan.<br \/>\nUnser neues Androgyn-Modell presentiert sich in Schwarz, einer der am h\u00e4ufigsten getragenen klassischen Farben. Dank seines Bio Baumwollschirmgewebes bietet es einen hervorragenden Schutz vor Elektrosmog.<\/p>\n<p>Durch den innovativen Aufbau der Stoffkonstruktion und den Einsatz hochwertiger Materialien sch\u00fctzt dieses Gestrick gegen elektromagnetische Strahlung im Bereich von 20 kHz bis 10 GHz, mit einem Wirkungsgrad von bis zu 99%.<\/p>\n\n<table id=\"tablepress-1\" class=\"tablepress tablepress-id-1\">\n<thead>\n<tr class=\"row-1\">\n\t<td class=\"column-1\"><\/td><th class=\"column-2\">Frequenz \/ Anwendung (MHz)<\/th><th class=\"column-3\">Dezibel (dB*)<\/th><th class=\"column-4\">Prozent (%)<\/th>\n<\/tr>\n<\/thead>\n<tbody class=\"row-striping row-hover\">\n<tr class=\"row-2\">\n\t<td class=\"column-1\">Tetra 450<\/td><td class=\"column-2\">450MHz<\/td><td class=\"column-3\">33dB<\/td><td class=\"column-4\">99,9%<\/td>\n<\/tr>\n<tr class=\"row-3\">\n\t<td class=\"column-1\">LTE 800<\/td><td class=\"column-2\">800MHz<\/td><td class=\"column-3\">31dB<\/td><td class=\"column-4\">99,9%<\/td>\n<\/tr>\n<tr class=\"row-4\">\n\t<td class=\"column-1\">GSM 900<\/td><td class=\"column-2\">900MHz<\/td><td class=\"column-3\">31dB<\/td><td class=\"column-4\">99,9%<\/td>\n<\/tr>\n<tr class=\"row-5\">\n\t<td class=\"column-1\">GSM 1800<\/td><td class=\"column-2\">1800MHz<\/td><td class=\"column-3\">23dB<\/td><td class=\"column-4\">99%<\/td>\n<\/tr>\n<tr class=\"row-6\">\n\t<td class=\"column-1\">DECT 1800<\/td><td class=\"column-2\">1800MHz<\/td><td class=\"column-3\">23dB<\/td><td class=\"column-4\">99%<\/td>\n<\/tr>\n<tr class=\"row-7\">\n\t<td class=\"column-1\">UMTS 2000<\/td><td class=\"column-2\">2000MHz<\/td><td class=\"column-3\">21dB<\/td><td class=\"column-4\">99%<\/td>\n<\/tr>\n<tr class=\"row-8\">\n\t<td class=\"column-1\">WLAN 2400<\/td><td class=\"column-2\">2400MHz<\/td><td class=\"column-3\">21dB<\/td><td class=\"column-4\">90%<\/td>\n<\/tr>\n<tr class=\"row-9\">\n\t<td class=\"column-1\">LTE 2600<\/td><td class=\"column-2\">2600MHz<\/td><td class=\"column-3\">21dB<\/td><td class=\"column-4\">99%<\/td>\n<\/tr>\n<tr class=\"row-10\">\n\t<td class=\"column-1\">WLAN 5800<\/td><td class=\"column-2\">5800MHz<\/td><td class=\"column-3\">15dB<\/td><td class=\"column-4\">90%<\/td>\n<\/tr>\n<\/tbody>\n<\/table>\n<!-- #tablepress-1 from cache -->\n<p>Connor wird in Deutschland hergestellt.<\/p>\n<p>Zusammensetzung<br \/>\nAbschirmgewebe: 89% Bio Baumwolle, 11% Polyamid mit 99% reinem Silber<br \/>\nFarbe: schwarz \/ gold<\/p>\n\n<table id=\"tablepress-8\" class=\"tablepress tablepress-id-8\">\n<thead>\n<tr class=\"row-1\">\n\t<th class=\"column-1\">Gr\u00f6\u00dfe<\/th><th class=\"column-2\">S<\/th><th class=\"column-3\">M<\/th><th class=\"column-4\">L<\/th>\n<\/tr>\n<\/thead>\n<tbody class=\"row-striping row-hover\">\n<tr class=\"row-2\">\n\t<td class=\"column-1\">\u00bd Oberweite<\/td><td class=\"column-2\">52<\/td><td class=\"column-3\">56<\/td><td class=\"column-4\">58<\/td>\n<\/tr>\n<tr class=\"row-3\">\n\t<td class=\"column-1\">L\u00e4nge von Halsnaht bis Saum<\/td><td class=\"column-2\">72<\/td><td class=\"column-3\">76<\/td><td class=\"column-4\">78<\/td>\n<\/tr>\n<tr class=\"row-4\">\n\t<td class=\"column-1\">Arml\u00e4nge von der Schulter bis zum Handgelenk<\/td><td class=\"column-2\">74<\/td><td class=\"column-3\">78<\/td><td class=\"column-4\">79<\/td>\n<\/tr>\n<tr class=\"row-5\">\n\t<td class=\"column-1\">Arml\u00e4nge ab Achselh\u00f6hle bis Handgelenk<\/td><td class=\"column-2\">55<\/td><td class=\"column-3\">56<\/td><td class=\"column-4\">57<\/td>\n<\/tr>\n<tr class=\"row-6\">\n\t<td class=\"column-1\">\u00bd Saumweite<\/td><td class=\"column-2\">52<\/td><td class=\"column-3\">53<\/td><td class=\"column-4\">55<\/td>\n<\/tr>\n<\/tbody>\n<\/table>\n<!-- #tablepress-8 from cache -->\n<p>Pflegehinweis<br \/>\nWaschtemperatur: 30\u00b0C (Feinw\u00e4sche)<br \/>\nB\u00fcgeltemperatur: Stufe 1 &#8211; Schonendes B\u00fcgeln<br \/>\nTrockner: Nicht im Trockner trocknen<br \/>\nBleichen: Bleichen nicht erlaubt &#8211; Keine Waschmittel mit Bleichmittel.<br \/>\nReinigung: Keine chemische Reinigung<\/p>\n","protected":false},"excerpt":{"rendered":"<p>Unser neues Unisex Boyfriend-T-Shirt, ein Kleidungsst\u00fcck, das man einfach haben muss!<\/p>\n<p>Der klassische Schnitt ist l\u00e4nglich und locker.<br \/>\nDer Saum ist leicht abgerundet. Der Rundhalsausschnitt bietet einen besonderen Tragekomfort. Die langen \u00c4rmel sind raglanf\u00f6rmig.<br \/>\nUnser neues androgynes Modell pr\u00e4sentiert sich in Schwarz. Dank seines Schirmstoffs aus Bio-Baumwolle bietet es einen hervorragenden Schutz vor Elektrosmog.<br \/>\nGr\u00f6\u00dfen: S, M, L<\/p>\n","protected":false},"featured_media":309,"template":"","meta":{"inline_featured_image":false,"site-sidebar-layout":"default","site-content-layout":"","ast-site-content-layout":"default","site-content-style":"default","site-sidebar-style":"default","ast-global-header-display":"","ast-banner-title-visibility":"","ast-main-header-display":"","ast-hfb-above-header-display":"","ast-hfb-below-header-display":"","ast-hfb-mobile-header-display":"","site-post-title":"","ast-breadcrumbs-content":"","ast-featured-img":"","footer-sml-layout":"","ast-disable-related-posts":"","theme-transparent-header-meta":"default","adv-header-id-meta":"","stick-header-meta":"","header-above-stick-meta":"","header-main-stick-meta":"","header-below-stick-meta":"","astra-migrate-meta-layouts":"set","ast-page-background-enabled":"default","ast-page-background-meta":{"desktop":{"background-color":"var(--ast-global-color-5)","background-image":"","background-repeat":"repeat","background-position":"center center","background-size":"auto","background-attachment":"scroll","background-type":"","background-media":"","overlay-type":"","overlay-color":"","overlay-opacity":"","overlay-gradient":""},"tablet":{"background-color":"","background-image":"","background-repeat":"repeat","background-position":"center center","background-size":"auto","background-attachment":"scroll","background-type":"","background-media":"","overlay-type":"","overlay-color":"","overlay-opacity":"","overlay-gradient":""},"mobile":{"background-color":"","background-image":"","background-repeat":"repeat","background-position":"center center","background-size":"auto","background-attachment":"scroll","background-type":"","background-media":"","overlay-type":"","overlay-color":"","overlay-opacity":"","overlay-gradient":""}},"ast-content-background-meta":{"desktop":{"background-color":"var(--ast-global-color-4)","background-image":"","background-repeat":"repeat","background-position":"center center","background-size":"auto","background-attachment":"scroll","background-type":"","background-media":"","overlay-type":"","overlay-color":"","overlay-opacity":"","overlay-gradient":""},"tablet":{"background-color":"var(--ast-global-color-4)","background-image":"","background-repeat":"repeat","background-position":"center center","background-size":"auto","background-attachment":"scroll","background-type":"","background-media":"","overlay-type":"","overlay-color":"","overlay-opacity":"","overlay-gradient":""},"mobile":{"background-color":"var(--ast-global-color-4)","background-image":"","background-repeat":"repeat","background-position":"center center","background-size":"auto","background-attachment":"scroll","background-type":"","background-media":"","overlay-type":"","overlay-color":"","overlay-opacity":"","overlay-gradient":""}}},"product_brand":[],"product_cat":[16,17,30,18],"product_tag":[19,21,27],"class_list":{"0":"post-6545","1":"product","2":"type-product","3":"status-publish","4":"has-post-thumbnail","6":"product_cat-abschirmkleidung","7":"product_cat-abschirmkleidung-damen","8":"product_cat-abschirmkleidung-herren","9":"product_cat-hemd-und-blusen","10":"product_tag-abschirmkleidung","11":"product_tag-schutz-vor-5g","12":"product_tag-schutzkleidung-elektrosmog","13":"product_shipping_class-standardversand","14":"pa_groesse-l","15":"pa_groesse-m","16":"pa_groesse-s","17":"desktop-align-left","18":"tablet-align-left","19":"mobile-align-left","21":"first","22":"instock","23":"taxable","24":"shipping-taxable","25":"purchasable","26":"product-type-variable"},"yoast_head":"<!-- This site is optimized with the Yoast SEO plugin v27.4 - https:\/\/yoast.com\/product\/yoast-seo-wordpress\/ -->\n<title>Unisex-Abschirm-T-Shirt Connor - Elektrosmog-Schutz Onlineshop<\/title>\n<meta name=\"description\" content=\"Unisex-Abschirm-T-Shirt Connor bietet dank seines Baumwollschirmgewebes einen hervorragenden Schutz vor Elektrosmog.\" \/>\n<meta name=\"robots\" content=\"index, follow, max-snippet:-1, max-image-preview:large, max-video-preview:-1\" \/>\n<link rel=\"canonical\" href=\"https:\/\/ecologa-europe.com\/shop\/produkt\/unisex-abschirm-t-shirt-connor\/\" \/>\n<meta property=\"og:locale\" content=\"de_DE\" \/>\n<meta property=\"og:type\" content=\"article\" \/>\n<meta property=\"og:title\" content=\"Unisex-Abschirm-T-Shirt Connor - Elektrosmog-Schutz Onlineshop\" \/>\n<meta property=\"og:description\" content=\"Unisex-Abschirm-T-Shirt Connor bietet dank seines Baumwollschirmgewebes einen hervorragenden Schutz vor Elektrosmog.\" \/>\n<meta property=\"og:url\" content=\"https:\/\/ecologa-europe.com\/shop\/produkt\/unisex-abschirm-t-shirt-connor\/\" \/>\n<meta property=\"og:site_name\" content=\"Elektrosmog-Schutz Onlineshop\" \/>\n<meta property=\"article:publisher\" content=\"https:\/\/www.facebook.com\/Ecologa-Europe-GmbH-1604744566252298\/\" \/>\n<meta property=\"article:modified_time\" content=\"2026-01-26T07:01:19+00:00\" \/>\n<meta property=\"og:image\" content=\"https:\/\/ecologa-europe.com\/shop\/wp-content\/uploads\/2025\/04\/T-Shirt_connor_7.jpg\" \/>\n\t<meta property=\"og:image:width\" content=\"1772\" \/>\n\t<meta property=\"og:image:height\" content=\"1280\" \/>\n\t<meta property=\"og:image:type\" content=\"image\/jpeg\" \/>\n<meta name=\"twitter:card\" content=\"summary_large_image\" \/>\n<meta name=\"twitter:label1\" content=\"Gesch\u00e4tzte Lesezeit\" \/>\n\t<meta name=\"twitter:data1\" content=\"2\u00a0Minuten\" \/>\n<script type=\"application\/ld+json\" class=\"yoast-schema-graph\">{\"@context\":\"https:\\\/\\\/schema.org\",\"@graph\":[{\"@type\":\"WebPage\",\"@id\":\"https:\\\/\\\/ecologa-europe.com\\\/shop\\\/produkt\\\/unisex-abschirm-t-shirt-connor\\\/\",\"url\":\"https:\\\/\\\/ecologa-europe.com\\\/shop\\\/produkt\\\/unisex-abschirm-t-shirt-connor\\\/\",\"name\":\"Unisex-Abschirm-T-Shirt Connor - Elektrosmog-Schutz Onlineshop\",\"isPartOf\":{\"@id\":\"https:\\\/\\\/ecologa-europe.com\\\/shop\\\/#website\"},\"primaryImageOfPage\":{\"@id\":\"https:\\\/\\\/ecologa-europe.com\\\/shop\\\/produkt\\\/unisex-abschirm-t-shirt-connor\\\/#primaryimage\"},\"image\":{\"@id\":\"https:\\\/\\\/ecologa-europe.com\\\/shop\\\/produkt\\\/unisex-abschirm-t-shirt-connor\\\/#primaryimage\"},\"thumbnailUrl\":\"https:\\\/\\\/ecologa-europe.com\\\/shop\\\/wp-content\\\/uploads\\\/2025\\\/04\\\/T-Shirt_connor_7.jpg\",\"datePublished\":\"2025-05-16T10:09:32+00:00\",\"dateModified\":\"2026-01-26T07:01:19+00:00\",\"description\":\"Unisex-Abschirm-T-Shirt Connor bietet dank seines Baumwollschirmgewebes einen hervorragenden Schutz vor Elektrosmog.\",\"breadcrumb\":{\"@id\":\"https:\\\/\\\/ecologa-europe.com\\\/shop\\\/produkt\\\/unisex-abschirm-t-shirt-connor\\\/#breadcrumb\"},\"inLanguage\":\"de\",\"potentialAction\":[{\"@type\":\"ReadAction\",\"target\":[\"https:\\\/\\\/ecologa-europe.com\\\/shop\\\/produkt\\\/unisex-abschirm-t-shirt-connor\\\/\"]}]},{\"@type\":\"ImageObject\",\"inLanguage\":\"de\",\"@id\":\"https:\\\/\\\/ecologa-europe.com\\\/shop\\\/produkt\\\/unisex-abschirm-t-shirt-connor\\\/#primaryimage\",\"url\":\"https:\\\/\\\/ecologa-europe.com\\\/shop\\\/wp-content\\\/uploads\\\/2025\\\/04\\\/T-Shirt_connor_7.jpg\",\"contentUrl\":\"https:\\\/\\\/ecologa-europe.com\\\/shop\\\/wp-content\\\/uploads\\\/2025\\\/04\\\/T-Shirt_connor_7.jpg\",\"width\":1772,\"height\":1280},{\"@type\":\"BreadcrumbList\",\"@id\":\"https:\\\/\\\/ecologa-europe.com\\\/shop\\\/produkt\\\/unisex-abschirm-t-shirt-connor\\\/#breadcrumb\",\"itemListElement\":[{\"@type\":\"ListItem\",\"position\":1,\"name\":\"Startseite\",\"item\":\"https:\\\/\\\/ecologa-europe.com\\\/shop\\\/\"},{\"@type\":\"ListItem\",\"position\":2,\"name\":\"Shop\",\"item\":\"https:\\\/\\\/ecologa-europe.com\\\/shop\\\/shop\\\/\"},{\"@type\":\"ListItem\",\"position\":3,\"name\":\"Unisex-Abschirm-T-Shirt Connor\"}]},{\"@type\":\"WebSite\",\"@id\":\"https:\\\/\\\/ecologa-europe.com\\\/shop\\\/#website\",\"url\":\"https:\\\/\\\/ecologa-europe.com\\\/shop\\\/\",\"name\":\"Elektrosmog-Schutz Onlineshop\",\"description\":\"Ecologa Europe\",\"publisher\":{\"@id\":\"https:\\\/\\\/ecologa-europe.com\\\/shop\\\/#organization\"},\"potentialAction\":[{\"@type\":\"SearchAction\",\"target\":{\"@type\":\"EntryPoint\",\"urlTemplate\":\"https:\\\/\\\/ecologa-europe.com\\\/shop\\\/?s={search_term_string}\"},\"query-input\":{\"@type\":\"PropertyValueSpecification\",\"valueRequired\":true,\"valueName\":\"search_term_string\"}}],\"inLanguage\":\"de\"},{\"@type\":\"Organization\",\"@id\":\"https:\\\/\\\/ecologa-europe.com\\\/shop\\\/#organization\",\"name\":\"Elektrosmog-Schutz Onlineshop\",\"url\":\"https:\\\/\\\/ecologa-europe.com\\\/shop\\\/\",\"logo\":{\"@type\":\"ImageObject\",\"inLanguage\":\"de\",\"@id\":\"https:\\\/\\\/ecologa-europe.com\\\/shop\\\/#\\\/schema\\\/logo\\\/image\\\/\",\"url\":\"https:\\\/\\\/ecologa-europe.com\\\/shop\\\/wp-content\\\/uploads\\\/2025\\\/04\\\/vertical-navbar-logo.svg\",\"contentUrl\":\"https:\\\/\\\/ecologa-europe.com\\\/shop\\\/wp-content\\\/uploads\\\/2025\\\/04\\\/vertical-navbar-logo.svg\",\"width\":182,\"height\":70,\"caption\":\"Elektrosmog-Schutz Onlineshop\"},\"image\":{\"@id\":\"https:\\\/\\\/ecologa-europe.com\\\/shop\\\/#\\\/schema\\\/logo\\\/image\\\/\"},\"sameAs\":[\"https:\\\/\\\/www.facebook.com\\\/Ecologa-Europe-GmbH-1604744566252298\\\/\",\"https:\\\/\\\/www.instagram.com\\\/ecologaeurope\\\/\"]}]}<\/script>\n<!-- \/ Yoast SEO plugin. -->","yoast_head_json":{"title":"Unisex-Abschirm-T-Shirt Connor - Elektrosmog-Schutz Onlineshop","description":"Unisex-Abschirm-T-Shirt Connor bietet dank seines Baumwollschirmgewebes einen hervorragenden Schutz vor Elektrosmog.","robots":{"index":"index","follow":"follow","max-snippet":"max-snippet:-1","max-image-preview":"max-image-preview:large","max-video-preview":"max-video-preview:-1"},"canonical":"https:\/\/ecologa-europe.com\/shop\/produkt\/unisex-abschirm-t-shirt-connor\/","og_locale":"de_DE","og_type":"article","og_title":"Unisex-Abschirm-T-Shirt Connor - Elektrosmog-Schutz Onlineshop","og_description":"Unisex-Abschirm-T-Shirt Connor bietet dank seines Baumwollschirmgewebes einen hervorragenden Schutz vor Elektrosmog.","og_url":"https:\/\/ecologa-europe.com\/shop\/produkt\/unisex-abschirm-t-shirt-connor\/","og_site_name":"Elektrosmog-Schutz Onlineshop","article_publisher":"https:\/\/www.facebook.com\/Ecologa-Europe-GmbH-1604744566252298\/","article_modified_time":"2026-01-26T07:01:19+00:00","og_image":[{"width":1772,"height":1280,"url":"https:\/\/ecologa-europe.com\/shop\/wp-content\/uploads\/2025\/04\/T-Shirt_connor_7.jpg","type":"image\/jpeg"}],"twitter_card":"summary_large_image","twitter_misc":{"Gesch\u00e4tzte Lesezeit":"2\u00a0Minuten"},"schema":{"@context":"https:\/\/schema.org","@graph":[{"@type":"WebPage","@id":"https:\/\/ecologa-europe.com\/shop\/produkt\/unisex-abschirm-t-shirt-connor\/","url":"https:\/\/ecologa-europe.com\/shop\/produkt\/unisex-abschirm-t-shirt-connor\/","name":"Unisex-Abschirm-T-Shirt Connor - Elektrosmog-Schutz Onlineshop","isPartOf":{"@id":"https:\/\/ecologa-europe.com\/shop\/#website"},"primaryImageOfPage":{"@id":"https:\/\/ecologa-europe.com\/shop\/produkt\/unisex-abschirm-t-shirt-connor\/#primaryimage"},"image":{"@id":"https:\/\/ecologa-europe.com\/shop\/produkt\/unisex-abschirm-t-shirt-connor\/#primaryimage"},"thumbnailUrl":"https:\/\/ecologa-europe.com\/shop\/wp-content\/uploads\/2025\/04\/T-Shirt_connor_7.jpg","datePublished":"2025-05-16T10:09:32+00:00","dateModified":"2026-01-26T07:01:19+00:00","description":"Unisex-Abschirm-T-Shirt Connor bietet dank seines Baumwollschirmgewebes einen hervorragenden Schutz vor Elektrosmog.","breadcrumb":{"@id":"https:\/\/ecologa-europe.com\/shop\/produkt\/unisex-abschirm-t-shirt-connor\/#breadcrumb"},"inLanguage":"de","potentialAction":[{"@type":"ReadAction","target":["https:\/\/ecologa-europe.com\/shop\/produkt\/unisex-abschirm-t-shirt-connor\/"]}]},{"@type":"ImageObject","inLanguage":"de","@id":"https:\/\/ecologa-europe.com\/shop\/produkt\/unisex-abschirm-t-shirt-connor\/#primaryimage","url":"https:\/\/ecologa-europe.com\/shop\/wp-content\/uploads\/2025\/04\/T-Shirt_connor_7.jpg","contentUrl":"https:\/\/ecologa-europe.com\/shop\/wp-content\/uploads\/2025\/04\/T-Shirt_connor_7.jpg","width":1772,"height":1280},{"@type":"BreadcrumbList","@id":"https:\/\/ecologa-europe.com\/shop\/produkt\/unisex-abschirm-t-shirt-connor\/#breadcrumb","itemListElement":[{"@type":"ListItem","position":1,"name":"Startseite","item":"https:\/\/ecologa-europe.com\/shop\/"},{"@type":"ListItem","position":2,"name":"Shop","item":"https:\/\/ecologa-europe.com\/shop\/shop\/"},{"@type":"ListItem","position":3,"name":"Unisex-Abschirm-T-Shirt Connor"}]},{"@type":"WebSite","@id":"https:\/\/ecologa-europe.com\/shop\/#website","url":"https:\/\/ecologa-europe.com\/shop\/","name":"Elektrosmog-Schutz Onlineshop","description":"Ecologa Europe","publisher":{"@id":"https:\/\/ecologa-europe.com\/shop\/#organization"},"potentialAction":[{"@type":"SearchAction","target":{"@type":"EntryPoint","urlTemplate":"https:\/\/ecologa-europe.com\/shop\/?s={search_term_string}"},"query-input":{"@type":"PropertyValueSpecification","valueRequired":true,"valueName":"search_term_string"}}],"inLanguage":"de"},{"@type":"Organization","@id":"https:\/\/ecologa-europe.com\/shop\/#organization","name":"Elektrosmog-Schutz Onlineshop","url":"https:\/\/ecologa-europe.com\/shop\/","logo":{"@type":"ImageObject","inLanguage":"de","@id":"https:\/\/ecologa-europe.com\/shop\/#\/schema\/logo\/image\/","url":"https:\/\/ecologa-europe.com\/shop\/wp-content\/uploads\/2025\/04\/vertical-navbar-logo.svg","contentUrl":"https:\/\/ecologa-europe.com\/shop\/wp-content\/uploads\/2025\/04\/vertical-navbar-logo.svg","width":182,"height":70,"caption":"Elektrosmog-Schutz Onlineshop"},"image":{"@id":"https:\/\/ecologa-europe.com\/shop\/#\/schema\/logo\/image\/"},"sameAs":["https:\/\/www.facebook.com\/Ecologa-Europe-GmbH-1604744566252298\/","https:\/\/www.instagram.com\/ecologaeurope\/"]}]}},"_links":{"self":[{"href":"https:\/\/ecologa-europe.com\/shop\/wp-json\/wp\/v2\/product\/6545","targetHints":{"allow":["GET"]}}],"collection":[{"href":"https:\/\/ecologa-europe.com\/shop\/wp-json\/wp\/v2\/product"}],"about":[{"href":"https:\/\/ecologa-europe.com\/shop\/wp-json\/wp\/v2\/types\/product"}],"wp:featuredmedia":[{"embeddable":true,"href":"https:\/\/ecologa-europe.com\/shop\/wp-json\/wp\/v2\/media\/309"}],"wp:attachment":[{"href":"https:\/\/ecologa-europe.com\/shop\/wp-json\/wp\/v2\/media?parent=6545"}],"wp:term":[{"taxonomy":"product_brand","embeddable":true,"href":"https:\/\/ecologa-europe.com\/shop\/wp-json\/wp\/v2\/product_brand?post=6545"},{"taxonomy":"product_cat","embeddable":true,"href":"https:\/\/ecologa-europe.com\/shop\/wp-json\/wp\/v2\/product_cat?post=6545"},{"taxonomy":"product_tag","embeddable":true,"href":"https:\/\/ecologa-europe.com\/shop\/wp-json\/wp\/v2\/product_tag?post=6545"}],"curies":[{"name":"wp","href":"https:\/\/api.w.org\/{rel}","templated":true}]}}