{"id":6570,"date":"2025-05-16T10:09:57","date_gmt":"2025-05-16T10:09:57","guid":{"rendered":"https:\/\/639.pm-domains.de\/?post_type=product&#038;p=6570"},"modified":"2026-03-08T10:03:07","modified_gmt":"2026-03-08T10:03:07","slug":"kuechenschuerze","status":"publish","type":"product","link":"https:\/\/ecologa-europe.com\/shop\/produkt\/kuechenschuerze\/","title":{"rendered":"K\u00fcchensch\u00fcrze"},"content":{"rendered":"<p><strong>Schutz vor elektromagnetischer Strahlung von Induktionskochfeldern !<\/strong><\/p>\n<p>Induktionskochfelder erzeugen elektromagnetische Felder. Dabei handelt es sich um niedrige oder mittlere Frequenzen, die zwischen 20 und 100 kHz Oszilieren.<br \/>\nUnsere abgeschirmte Sch\u00fcrze ist mit zwei Abschirmfolien ausgestattet. Diese Magnetfeldabschirmungsfolien f\u00fcr den Brust- und Bauchbereich sind an der Innenseite der Sch\u00fcrze befestigt.<br \/>\nDie Folie aus nanokristallinem weichmagnetischem Metall mit hoher magnetischer Permeabilit\u00e4t ist ultrad\u00fcnn, leicht und flexibel. Sie reduziert das niederfrequenten magnetische Feld (nT), die von IH-Kochger\u00e4ten erzeugt werden, um bis zu 80 %.<br \/>\nEs ist m\u00f6glich, die Abschirmfolie zu verdoppeln oder durch eine optionale Folie zu ersetzen.<br \/>\nDie K\u00fcchensch\u00fcrze besteht aus hochwertigem Baumwollgewebe, das mit einem Fleckenschutzmittel impr\u00e4gniert ist, wodurch es wasser-, \u00f6l- und dampfundurchl\u00e4ssig wird.<br \/>\nDie K\u00fcchensch\u00fcrze ist aus hochwertigem, fleckschutzimpr\u00e4gnierten Baumwoll-Canvas und ist somit wasser-, \u00f6l- und dampfabweisend.<br \/>\nDie Sch\u00fcrze ist das perfekte Outfit f\u00fcr die K\u00fcche: Sie sch\u00fctzt die Kleidung und bietet praktische Schlaufen und Taschen. Sie ist vorgewaschen, f\u00e4rbt und bleicht daher in Reinigung und Waschmaschine nicht aus.<\/p>\n<p><strong>Nur die Denimsch\u00fcrze muss separat gewaschen werden!<br \/>\nPflegehinweise: Vor dem Waschen unbedingt die Abschirmfolien aus der K\u00fcchensch\u00fcrze entfernen.<br \/>\n<\/strong><\/p>\n<p>Einheitsgr\u00f6\u00dfe<br \/>\nFarbe: schwarz, denim, kirschrot<\/p>\n<p><strong>Eigenschaften:<br \/>\n<\/strong>Material: 100% Baumwolle<br \/>\nAbschirmung:<br \/>\nAbmessungen des Bauchschutzes: 47 cm x 50 cm<br \/>\nAbmessungen der Brustabschirmung: 32 cm x 23,5 cm<br \/>\nMagnetische Abschirmung bei 50 Hz: 20dB eine Schicht<br \/>\nMagnetische Abschirmung bei 50 Hz: 24dB zwei Schichten<br \/>\nMagnetische Abschirmung bei 100 kHz: 25dB eine Schicht<br \/>\nMagnetische Abschirmung bei 100 kHz: 29dB zwei Schichten<br \/>\nca. 100 \u00b5T(Mikro-Tesla) = 10.000nT (Nano-Tesla) bei\u00a0 in einer einzigen Schicht.<br \/>\nEine h\u00f6here Abschirmung kann durch eine zus\u00e4tzliche zweite Folie erreicht werden.<br \/>\nGesamtdicke der Folie: 0,118 mm<br \/>\nDicke der PET-Kunststofffolie: 0,025 mm<br \/>\nDicke des nanokristallinen magnetischen Materials: 0,018 mm<br \/>\nMagnetische Flussdichte B88 (H=800A\/m Magnetfeld DC\/Gleichstrom): 1,23T (Tesla).<br \/>\nMaximale spezifische Permeabilit\u00e4t (CC) \u03bc max: 70.000<br \/>\nBetriebstemperaturbereich : -40 bis +80\u00b0C<\/p>\n<p><strong>Herd mit Induktionskochfeld<\/strong><\/p>\n<p>Im Gegensatz zum Kochen mit Gas oder herk\u00f6mmlichen Glaskeramikkochfeldern wird die Hitze nicht durch Heizelemente im Kochfeld oder durch die Flamme erzeugt, sondern direkt im Topfboden. Unter dem Glasdeckel befindet sich eine Induktionsspule, die mit hochfrequentem Wechselstrom gespeist wird.<br \/>\nDadurch entsteht ein magnetisches Wechselfeld. In einem magnetisierbaren Topf auf der Herdplatte bilden sich Wirbelstr\u00f6me im Boden des Topfes. Dieser erhitzt sich dann und gibt die W\u00e4rme an den Inhalt ab. W\u00e4hrend herk\u00f6mmliche Elektroherde mit 50 Hz Wechselstrom betrieben werden, kann die Frequenz des Magnetfelds bei Induktionsherden bis zu etwa 1000 Mal h\u00f6her sein.<br \/>\nLaut der internationalen Fachbeh\u00f6rde (International Commission on Non-Ionizing Radiation Protection &#8211; ICNIRP) d\u00fcrfen Induktionskochfelder eine magnetische Referenzstrahlung von 6,25 Mikrotesla (\u00b5T) \/ 6 250 Nanotesla [nT] in 30 cm Entfernung von der Kochstelle nicht \u00fcberschreiten, wenn nur ein Kochfeld verwendet wird (vorausgesetzt, es befindet sich ein ausreichend gro\u00dfer Topf auf diesem Kochfeld).<\/p>\n<p><strong>Um das Risiko der Strahlung, die von Induktionskochfeldern bei der Benutzung ausgeht, zu verringern, ist es angebracht, die folgenden Ratschl\u00e4ge zu befolgen:<\/strong><\/p>\n<p>&#8211; Verwenden Sie nur T\u00f6pfe, die f\u00fcr das Kochen mit Induktion geeignet sind.<br \/>\n&#8211; Benutzen Sie keine besch\u00e4digten T\u00f6pfe mit verbeultem oder gew\u00f6lbtem Boden.<br \/>\n&#8211; Verwenden Sie einen Topf, der das Kochfeld vollst\u00e4ndig bedeckt: Verwenden Sie keine zu kleinen T\u00f6pfe und platzieren Sie die T\u00f6pfe in der<br \/>\nMitte der Kochzone.<br \/>\n&#8211; Nutzen Sie m\u00f6glichst die Kochplatten, die sich auf der R\u00fcckseite befinden.<br \/>\n&#8211; Halten Sie einen Abstand von mindestens 5-10 cm, besser 30 cm, zu den Kochplatten ein. Dies gilt insbesondere f\u00fcr schwangere Frauen und<br \/>\nKleinkinder.<br \/>\n&#8211; Verwenden Sie w\u00e4hrend des Kochens keine Metalll\u00f6ffel, um zu verhindern, dass Strahlung in den K\u00f6rper entweicht.<br \/>\n&#8211; Personen mit einem Herzschrittmacher sollten mit ihrem Arzt besprechen, ob sie Induktionskochfelder benutzen d\u00fcrfen. Die British Heart<br \/>\nFoundation (BHF) r\u00e4t Personen mit einem Herzschrittmacher, mindestens 60 cm Abstand zu Induktionskochfeldern zu halten.<\/p>\n<p><strong>Wissenswertes:<\/strong> Nicht nur Induktionsherde erzeugen sehr hohe magnetische Wechselfelder in der K\u00fcche.<br \/>\nHier einige Beispiele f\u00fcr Messungen an verschiedenen Elektroger\u00e4ten in einem Abstand von ca. 20 cm<br \/>\nToaster 200 nT<br \/>\nElektrischer Wasserkocher 200 nT<br \/>\nElektroherd bei voller Leistung ca. 200 nT.<br \/>\nBackhofen auf 200\u00b0C eingestellt 1000 nT<br \/>\nInduktionsherd bei voller Leistung ca. 2500 nT<br \/>\nMikrowellenherd mehr als 6000 nT<\/p>\n","protected":false},"excerpt":{"rendered":"<p><strong>Schutz vor elektromagnetischer Strahlung von Induktionskochfeldern !<\/strong><\/p>\n<p>Induktionskochfelder erzeugen elektromagnetische Felder. Dabei handelt es sich um niedrige oder mittlere Frequenzen, die zwischen 20 und 100 kHz Oszilieren.<br \/>\nUnsere abgeschirmte Sch\u00fcrze ist mit zwei Abschirmfolien ausgestattet. Diese Magnetfeldabschirmungsfolien f\u00fcr den Brust- und Bauchbereich sind an der Innenseite der Sch\u00fcrze befestigt.<br \/>\nDie Folie aus nanokristallinem weichmagnetischem Metall mit hoher magnetischer Permeabilit\u00e4t ist ultrad\u00fcnn, leicht und flexibel. Sie reduziert das niederfrequenten magnetische Feld (nT), die von IH-Kochger\u00e4ten erzeugt werden, um bis zu 80 %.<\/p>\n<p>Die K\u00fcchensch\u00fcrze ist aus hochwertigem, fleckschutzimpr\u00e4gnierten Baumwoll-Canvas und ist somit wasser-, \u00f6l- und dampfabweisend.<br \/>\nDie Sch\u00fcrze ist das perfekte Outfit f\u00fcr die K\u00fcche: Sie sch\u00fctzt die Kleidung und bietet praktische Schlaufen und Taschen. Sie ist vorgewaschen, f\u00e4rbt und bleicht daher in Reinigung und Waschmaschine nicht aus.<\/p>\n<p>Einheitsgr\u00f6\u00dfe<br \/>\nFarbe: schwarz, denim, kirschrot<\/p>\n","protected":false},"featured_media":358,"template":"","meta":{"inline_featured_image":false,"site-sidebar-layout":"default","site-content-layout":"","ast-site-content-layout":"default","site-content-style":"default","site-sidebar-style":"default","ast-global-header-display":"","ast-banner-title-visibility":"","ast-main-header-display":"","ast-hfb-above-header-display":"","ast-hfb-below-header-display":"","ast-hfb-mobile-header-display":"","site-post-title":"","ast-breadcrumbs-content":"","ast-featured-img":"","footer-sml-layout":"","ast-disable-related-posts":"","theme-transparent-header-meta":"default","adv-header-id-meta":"","stick-header-meta":"","header-above-stick-meta":"","header-main-stick-meta":"","header-below-stick-meta":"","astra-migrate-meta-layouts":"set","ast-page-background-enabled":"default","ast-page-background-meta":{"desktop":{"background-color":"var(--ast-global-color-5)","background-image":"","background-repeat":"repeat","background-position":"center center","background-size":"auto","background-attachment":"scroll","background-type":"","background-media":"","overlay-type":"","overlay-color":"","overlay-opacity":"","overlay-gradient":""},"tablet":{"background-color":"","background-image":"","background-repeat":"repeat","background-position":"center center","background-size":"auto","background-attachment":"scroll","background-type":"","background-media":"","overlay-type":"","overlay-color":"","overlay-opacity":"","overlay-gradient":""},"mobile":{"background-color":"","background-image":"","background-repeat":"repeat","background-position":"center center","background-size":"auto","background-attachment":"scroll","background-type":"","background-media":"","overlay-type":"","overlay-color":"","overlay-opacity":"","overlay-gradient":""}},"ast-content-background-meta":{"desktop":{"background-color":"var(--ast-global-color-4)","background-image":"","background-repeat":"repeat","background-position":"center center","background-size":"auto","background-attachment":"scroll","background-type":"","background-media":"","overlay-type":"","overlay-color":"","overlay-opacity":"","overlay-gradient":""},"tablet":{"background-color":"var(--ast-global-color-4)","background-image":"","background-repeat":"repeat","background-position":"center center","background-size":"auto","background-attachment":"scroll","background-type":"","background-media":"","overlay-type":"","overlay-color":"","overlay-opacity":"","overlay-gradient":""},"mobile":{"background-color":"var(--ast-global-color-4)","background-image":"","background-repeat":"repeat","background-position":"center center","background-size":"auto","background-attachment":"scroll","background-type":"","background-media":"","overlay-type":"","overlay-color":"","overlay-opacity":"","overlay-gradient":""}}},"product_brand":[],"product_cat":[16,17,23],"product_tag":[19],"class_list":{"0":"post-6570","1":"product","2":"type-product","3":"status-publish","4":"has-post-thumbnail","6":"product_cat-abschirmkleidung","7":"product_cat-abschirmkleidung-damen","8":"product_cat-accessoires","9":"product_tag-abschirmkleidung","10":"product_shipping_class-standardversand","11":"pa_farbe-denim","12":"pa_farbe-kirschrot","13":"pa_farbe-schwarz","14":"desktop-align-left","15":"tablet-align-left","16":"mobile-align-left","18":"first","19":"instock","20":"taxable","21":"shipping-taxable","22":"purchasable","23":"product-type-variable"},"yoast_head":"<!-- This site is optimized with the Yoast SEO plugin v27.3 - https:\/\/yoast.com\/product\/yoast-seo-wordpress\/ -->\n<title>K\u00fcchensch\u00fcrze - Elektrosmog-Schutz Onlineshop<\/title>\n<meta name=\"description\" content=\"K\u00fcchensch\u00fcrze aus hochwertigem, fleckschutzimpr\u00e4gnierten Baumwoll-Canvas bei Verwendung eines Induktionsherdes.\" \/>\n<meta name=\"robots\" content=\"index, follow, max-snippet:-1, max-image-preview:large, max-video-preview:-1\" \/>\n<link rel=\"canonical\" href=\"https:\/\/ecologa-europe.com\/shop\/produkt\/kuechenschuerze\/\" \/>\n<meta property=\"og:locale\" content=\"de_DE\" \/>\n<meta property=\"og:type\" content=\"article\" \/>\n<meta property=\"og:title\" content=\"K\u00fcchensch\u00fcrze - Elektrosmog-Schutz Onlineshop\" \/>\n<meta property=\"og:description\" content=\"K\u00fcchensch\u00fcrze aus hochwertigem, fleckschutzimpr\u00e4gnierten Baumwoll-Canvas bei Verwendung eines Induktionsherdes.\" \/>\n<meta property=\"og:url\" content=\"https:\/\/ecologa-europe.com\/shop\/produkt\/kuechenschuerze\/\" \/>\n<meta property=\"og:site_name\" content=\"Elektrosmog-Schutz Onlineshop\" \/>\n<meta property=\"article:publisher\" content=\"https:\/\/www.facebook.com\/Ecologa-Europe-GmbH-1604744566252298\/\" \/>\n<meta property=\"article:modified_time\" content=\"2026-03-08T10:03:07+00:00\" \/>\n<meta property=\"og:image\" content=\"https:\/\/ecologa-europe.com\/shop\/wp-content\/uploads\/2025\/04\/kuechenschuerze.jpg\" \/>\n\t<meta property=\"og:image:width\" content=\"1772\" \/>\n\t<meta property=\"og:image:height\" content=\"1280\" \/>\n\t<meta property=\"og:image:type\" content=\"image\/jpeg\" \/>\n<meta name=\"twitter:card\" content=\"summary_large_image\" \/>\n<meta name=\"twitter:label1\" content=\"Gesch\u00e4tzte Lesezeit\" \/>\n\t<meta name=\"twitter:data1\" content=\"4\u00a0Minuten\" \/>\n<script type=\"application\/ld+json\" class=\"yoast-schema-graph\">{\"@context\":\"https:\\\/\\\/schema.org\",\"@graph\":[{\"@type\":\"WebPage\",\"@id\":\"https:\\\/\\\/ecologa-europe.com\\\/shop\\\/produkt\\\/kuechenschuerze\\\/\",\"url\":\"https:\\\/\\\/ecologa-europe.com\\\/shop\\\/produkt\\\/kuechenschuerze\\\/\",\"name\":\"K\u00fcchensch\u00fcrze - Elektrosmog-Schutz Onlineshop\",\"isPartOf\":{\"@id\":\"https:\\\/\\\/ecologa-europe.com\\\/shop\\\/#website\"},\"primaryImageOfPage\":{\"@id\":\"https:\\\/\\\/ecologa-europe.com\\\/shop\\\/produkt\\\/kuechenschuerze\\\/#primaryimage\"},\"image\":{\"@id\":\"https:\\\/\\\/ecologa-europe.com\\\/shop\\\/produkt\\\/kuechenschuerze\\\/#primaryimage\"},\"thumbnailUrl\":\"https:\\\/\\\/ecologa-europe.com\\\/shop\\\/wp-content\\\/uploads\\\/2025\\\/04\\\/kuechenschuerze.jpg\",\"datePublished\":\"2025-05-16T10:09:57+00:00\",\"dateModified\":\"2026-03-08T10:03:07+00:00\",\"description\":\"K\u00fcchensch\u00fcrze aus hochwertigem, fleckschutzimpr\u00e4gnierten Baumwoll-Canvas bei Verwendung eines Induktionsherdes.\",\"breadcrumb\":{\"@id\":\"https:\\\/\\\/ecologa-europe.com\\\/shop\\\/produkt\\\/kuechenschuerze\\\/#breadcrumb\"},\"inLanguage\":\"de\",\"potentialAction\":[{\"@type\":\"ReadAction\",\"target\":[\"https:\\\/\\\/ecologa-europe.com\\\/shop\\\/produkt\\\/kuechenschuerze\\\/\"]}]},{\"@type\":\"ImageObject\",\"inLanguage\":\"de\",\"@id\":\"https:\\\/\\\/ecologa-europe.com\\\/shop\\\/produkt\\\/kuechenschuerze\\\/#primaryimage\",\"url\":\"https:\\\/\\\/ecologa-europe.com\\\/shop\\\/wp-content\\\/uploads\\\/2025\\\/04\\\/kuechenschuerze.jpg\",\"contentUrl\":\"https:\\\/\\\/ecologa-europe.com\\\/shop\\\/wp-content\\\/uploads\\\/2025\\\/04\\\/kuechenschuerze.jpg\",\"width\":1772,\"height\":1280},{\"@type\":\"BreadcrumbList\",\"@id\":\"https:\\\/\\\/ecologa-europe.com\\\/shop\\\/produkt\\\/kuechenschuerze\\\/#breadcrumb\",\"itemListElement\":[{\"@type\":\"ListItem\",\"position\":1,\"name\":\"Startseite\",\"item\":\"https:\\\/\\\/ecologa-europe.com\\\/shop\\\/\"},{\"@type\":\"ListItem\",\"position\":2,\"name\":\"Shop\",\"item\":\"https:\\\/\\\/ecologa-europe.com\\\/shop\\\/shop\\\/\"},{\"@type\":\"ListItem\",\"position\":3,\"name\":\"K\u00fcchensch\u00fcrze\"}]},{\"@type\":\"WebSite\",\"@id\":\"https:\\\/\\\/ecologa-europe.com\\\/shop\\\/#website\",\"url\":\"https:\\\/\\\/ecologa-europe.com\\\/shop\\\/\",\"name\":\"Elektrosmog-Schutz Onlineshop\",\"description\":\"Ecologa Europe\",\"publisher\":{\"@id\":\"https:\\\/\\\/ecologa-europe.com\\\/shop\\\/#organization\"},\"potentialAction\":[{\"@type\":\"SearchAction\",\"target\":{\"@type\":\"EntryPoint\",\"urlTemplate\":\"https:\\\/\\\/ecologa-europe.com\\\/shop\\\/?s={search_term_string}\"},\"query-input\":{\"@type\":\"PropertyValueSpecification\",\"valueRequired\":true,\"valueName\":\"search_term_string\"}}],\"inLanguage\":\"de\"},{\"@type\":\"Organization\",\"@id\":\"https:\\\/\\\/ecologa-europe.com\\\/shop\\\/#organization\",\"name\":\"Elektrosmog-Schutz Onlineshop\",\"url\":\"https:\\\/\\\/ecologa-europe.com\\\/shop\\\/\",\"logo\":{\"@type\":\"ImageObject\",\"inLanguage\":\"de\",\"@id\":\"https:\\\/\\\/ecologa-europe.com\\\/shop\\\/#\\\/schema\\\/logo\\\/image\\\/\",\"url\":\"https:\\\/\\\/ecologa-europe.com\\\/shop\\\/wp-content\\\/uploads\\\/2025\\\/04\\\/vertical-navbar-logo.svg\",\"contentUrl\":\"https:\\\/\\\/ecologa-europe.com\\\/shop\\\/wp-content\\\/uploads\\\/2025\\\/04\\\/vertical-navbar-logo.svg\",\"width\":182,\"height\":70,\"caption\":\"Elektrosmog-Schutz Onlineshop\"},\"image\":{\"@id\":\"https:\\\/\\\/ecologa-europe.com\\\/shop\\\/#\\\/schema\\\/logo\\\/image\\\/\"},\"sameAs\":[\"https:\\\/\\\/www.facebook.com\\\/Ecologa-Europe-GmbH-1604744566252298\\\/\",\"https:\\\/\\\/www.instagram.com\\\/ecologaeurope\\\/\"]}]}<\/script>\n<!-- \/ Yoast SEO plugin. -->","yoast_head_json":{"title":"K\u00fcchensch\u00fcrze - Elektrosmog-Schutz Onlineshop","description":"K\u00fcchensch\u00fcrze aus hochwertigem, fleckschutzimpr\u00e4gnierten Baumwoll-Canvas bei Verwendung eines Induktionsherdes.","robots":{"index":"index","follow":"follow","max-snippet":"max-snippet:-1","max-image-preview":"max-image-preview:large","max-video-preview":"max-video-preview:-1"},"canonical":"https:\/\/ecologa-europe.com\/shop\/produkt\/kuechenschuerze\/","og_locale":"de_DE","og_type":"article","og_title":"K\u00fcchensch\u00fcrze - Elektrosmog-Schutz Onlineshop","og_description":"K\u00fcchensch\u00fcrze aus hochwertigem, fleckschutzimpr\u00e4gnierten Baumwoll-Canvas bei Verwendung eines Induktionsherdes.","og_url":"https:\/\/ecologa-europe.com\/shop\/produkt\/kuechenschuerze\/","og_site_name":"Elektrosmog-Schutz Onlineshop","article_publisher":"https:\/\/www.facebook.com\/Ecologa-Europe-GmbH-1604744566252298\/","article_modified_time":"2026-03-08T10:03:07+00:00","og_image":[{"width":1772,"height":1280,"url":"https:\/\/ecologa-europe.com\/shop\/wp-content\/uploads\/2025\/04\/kuechenschuerze.jpg","type":"image\/jpeg"}],"twitter_card":"summary_large_image","twitter_misc":{"Gesch\u00e4tzte Lesezeit":"4\u00a0Minuten"},"schema":{"@context":"https:\/\/schema.org","@graph":[{"@type":"WebPage","@id":"https:\/\/ecologa-europe.com\/shop\/produkt\/kuechenschuerze\/","url":"https:\/\/ecologa-europe.com\/shop\/produkt\/kuechenschuerze\/","name":"K\u00fcchensch\u00fcrze - Elektrosmog-Schutz Onlineshop","isPartOf":{"@id":"https:\/\/ecologa-europe.com\/shop\/#website"},"primaryImageOfPage":{"@id":"https:\/\/ecologa-europe.com\/shop\/produkt\/kuechenschuerze\/#primaryimage"},"image":{"@id":"https:\/\/ecologa-europe.com\/shop\/produkt\/kuechenschuerze\/#primaryimage"},"thumbnailUrl":"https:\/\/ecologa-europe.com\/shop\/wp-content\/uploads\/2025\/04\/kuechenschuerze.jpg","datePublished":"2025-05-16T10:09:57+00:00","dateModified":"2026-03-08T10:03:07+00:00","description":"K\u00fcchensch\u00fcrze aus hochwertigem, fleckschutzimpr\u00e4gnierten Baumwoll-Canvas bei Verwendung eines Induktionsherdes.","breadcrumb":{"@id":"https:\/\/ecologa-europe.com\/shop\/produkt\/kuechenschuerze\/#breadcrumb"},"inLanguage":"de","potentialAction":[{"@type":"ReadAction","target":["https:\/\/ecologa-europe.com\/shop\/produkt\/kuechenschuerze\/"]}]},{"@type":"ImageObject","inLanguage":"de","@id":"https:\/\/ecologa-europe.com\/shop\/produkt\/kuechenschuerze\/#primaryimage","url":"https:\/\/ecologa-europe.com\/shop\/wp-content\/uploads\/2025\/04\/kuechenschuerze.jpg","contentUrl":"https:\/\/ecologa-europe.com\/shop\/wp-content\/uploads\/2025\/04\/kuechenschuerze.jpg","width":1772,"height":1280},{"@type":"BreadcrumbList","@id":"https:\/\/ecologa-europe.com\/shop\/produkt\/kuechenschuerze\/#breadcrumb","itemListElement":[{"@type":"ListItem","position":1,"name":"Startseite","item":"https:\/\/ecologa-europe.com\/shop\/"},{"@type":"ListItem","position":2,"name":"Shop","item":"https:\/\/ecologa-europe.com\/shop\/shop\/"},{"@type":"ListItem","position":3,"name":"K\u00fcchensch\u00fcrze"}]},{"@type":"WebSite","@id":"https:\/\/ecologa-europe.com\/shop\/#website","url":"https:\/\/ecologa-europe.com\/shop\/","name":"Elektrosmog-Schutz Onlineshop","description":"Ecologa Europe","publisher":{"@id":"https:\/\/ecologa-europe.com\/shop\/#organization"},"potentialAction":[{"@type":"SearchAction","target":{"@type":"EntryPoint","urlTemplate":"https:\/\/ecologa-europe.com\/shop\/?s={search_term_string}"},"query-input":{"@type":"PropertyValueSpecification","valueRequired":true,"valueName":"search_term_string"}}],"inLanguage":"de"},{"@type":"Organization","@id":"https:\/\/ecologa-europe.com\/shop\/#organization","name":"Elektrosmog-Schutz Onlineshop","url":"https:\/\/ecologa-europe.com\/shop\/","logo":{"@type":"ImageObject","inLanguage":"de","@id":"https:\/\/ecologa-europe.com\/shop\/#\/schema\/logo\/image\/","url":"https:\/\/ecologa-europe.com\/shop\/wp-content\/uploads\/2025\/04\/vertical-navbar-logo.svg","contentUrl":"https:\/\/ecologa-europe.com\/shop\/wp-content\/uploads\/2025\/04\/vertical-navbar-logo.svg","width":182,"height":70,"caption":"Elektrosmog-Schutz Onlineshop"},"image":{"@id":"https:\/\/ecologa-europe.com\/shop\/#\/schema\/logo\/image\/"},"sameAs":["https:\/\/www.facebook.com\/Ecologa-Europe-GmbH-1604744566252298\/","https:\/\/www.instagram.com\/ecologaeurope\/"]}]}},"_links":{"self":[{"href":"https:\/\/ecologa-europe.com\/shop\/wp-json\/wp\/v2\/product\/6570","targetHints":{"allow":["GET"]}}],"collection":[{"href":"https:\/\/ecologa-europe.com\/shop\/wp-json\/wp\/v2\/product"}],"about":[{"href":"https:\/\/ecologa-europe.com\/shop\/wp-json\/wp\/v2\/types\/product"}],"wp:featuredmedia":[{"embeddable":true,"href":"https:\/\/ecologa-europe.com\/shop\/wp-json\/wp\/v2\/media\/358"}],"wp:attachment":[{"href":"https:\/\/ecologa-europe.com\/shop\/wp-json\/wp\/v2\/media?parent=6570"}],"wp:term":[{"taxonomy":"product_brand","embeddable":true,"href":"https:\/\/ecologa-europe.com\/shop\/wp-json\/wp\/v2\/product_brand?post=6570"},{"taxonomy":"product_cat","embeddable":true,"href":"https:\/\/ecologa-europe.com\/shop\/wp-json\/wp\/v2\/product_cat?post=6570"},{"taxonomy":"product_tag","embeddable":true,"href":"https:\/\/ecologa-europe.com\/shop\/wp-json\/wp\/v2\/product_tag?post=6570"}],"curies":[{"name":"wp","href":"https:\/\/api.w.org\/{rel}","templated":true}]}}