{"id":6571,"date":"2025-05-16T10:09:57","date_gmt":"2025-05-16T10:09:57","guid":{"rendered":"https:\/\/639.pm-domains.de\/?post_type=product&#038;p=6571"},"modified":"2026-01-13T10:05:50","modified_gmt":"2026-01-13T10:05:50","slug":"multiprotection-overall","status":"publish","type":"product","link":"https:\/\/ecologa-europe.com\/shop\/produkt\/multiprotection-overall\/","title":{"rendered":"Multiprotection Overall"},"content":{"rendered":"<p>Dieser Overall ist aus einem Stoff gefertigt, der reines Silber (99 %) enth\u00e4lt. Er sch\u00fctzt vor elektromagnetischen Wellen bei hohen Frequenzen.<br \/>\nGleichzeitig ist er auch antibakteriell und antistatisch und kann daher in Reinr\u00e4umen in verschiedenen Forschungszentren etc. verwendet werden.<br \/>\nDie Kapuze, die Taille, die \u00c4rmel sowie Beine sind mit einem elastischen Band versehen.<br \/>\nDas sehr widerstandsf\u00e4hige Gewebe ist weich und geschmeidig.<\/p>\n<p>Die Abschirmung ist sehr hoch, 60dB von 20 Mhz bis 14 GHz.<\/p>\n<p>Material: 100% Polyamide \/ Nylon 6.6<br \/>\nFarbe: Altsilber<br \/>\nElektrische Leitf\u00e4higkeit: &lt; 0,3 \u03a9\/\u25a1<br \/>\nMetallisierung: 99,9% Feinsilber<br \/>\nGemessene Frequenz: 0,2 GHz &#8211; 14 GHz<br \/>\nSchirmungseffektivit\u00e4t 1: Durchschnittlich &lt; 60 dB von 0,2 GHz &#8211; 2 GHz<br \/>\nSchirmungseffektivit\u00e4t 2: Durchschnittlich &lt; 60 dB von 2 GHz &#8211; 5 GHz<br \/>\nSchirmungseffektivit\u00e4t 3: Durchschnittlich &lt; 62 dB von 5 GHz &#8211; 14 GHz<br \/>\nMaschenweite: blickdicht<br \/>\nGr\u00f6\u00dfen: S, M, L, XL<\/p>\n\n<table id=\"tablepress-100\" class=\"tablepress tablepress-id-100\">\n<thead>\n<tr class=\"row-1\">\n\t<th class=\"column-1\">Gr\u00f6\u00dfe<\/th><th class=\"column-2\">S<\/th><th class=\"column-3\">M<\/th><th class=\"column-4\">L<\/th><th class=\"column-5\">XL<\/th>\n<\/tr>\n<\/thead>\n<tbody class=\"row-striping row-hover\">\n<tr class=\"row-2\">\n\t<td class=\"column-1\">Brustumfang (cm)<\/td><td class=\"column-2\">86-91<\/td><td class=\"column-3\">96-101<\/td><td class=\"column-4\">106-111<\/td><td class=\"column-5\">116-122<\/td>\n<\/tr>\n<tr class=\"row-3\">\n\t<td class=\"column-1\">Taillenumfang<\/td><td class=\"column-2\">71-76<\/td><td class=\"column-3\">81-86<\/td><td class=\"column-4\">91-96<\/td><td class=\"column-5\">101-106<\/td>\n<\/tr>\n<tr class=\"row-4\">\n\t<td class=\"column-1\">H\u00fcftumfang<\/td><td class=\"column-2\">89-94<\/td><td class=\"column-3\">99-104<\/td><td class=\"column-4\">109-114<\/td><td class=\"column-5\">119-124<\/td>\n<\/tr>\n<tr class=\"row-5\">\n\t<td class=\"column-1\">Fertige Innenbeinl\u00e4nge<\/td><td class=\"column-2\">74<\/td><td class=\"column-3\">74<\/td><td class=\"column-4\">74<\/td><td class=\"column-5\">74<\/td>\n<\/tr>\n<\/tbody>\n<\/table>\n<!-- #tablepress-100 from cache -->\n<p>Er ist waschbar und kann mehrmals verwendet werden.<\/p>\n<p><strong>Bitte die gew\u00fcnschte Gr\u00f6\u00dfe richtig w\u00e4hlen, da dieser Artikel nur auf Bestellung in der gew\u00fcnschten Gr\u00f6\u00dfe hergestellt wird und nicht zur\u00fcckgenommen wird, da es sich um einen Zuschnitt handelt.<\/strong><\/p>\n<p>Pflegehinweis:<br \/>\nMit dem passenden Waschmittel waschbar bei 30 Grad im Wollwaschgang.<br \/>\nNicht f\u00fcr den Trockner geeignet.<\/p>\n","protected":false},"excerpt":{"rendered":"<p>Zur Abschirmung hochfrequenter elektromagnetischer Wellen<br \/>\nAntibakteriell<br \/>\nAntimikrobiell<br \/>\nFungizid<br \/>\nAntistatisch<\/p>\n<p>Dieser Overall ist aus einem Stoff gefertigt, der reines Silber (99 %) enth\u00e4lt. Er sch\u00fctzt vor elektromagnetischen Wellen bei hohen Frequenzen.<\/p>\n<p>Material: 100% Polyamide \/ Nylon 6.6<br \/>\nFarbe: Altsilber<br \/>\nElektrische Leitf\u00e4higkeit: &lt; 0,3 \u03a9\/\u25a1<br \/>\nMetallisierung: 99,9% Feinsilber<br \/>\nGemessene Frequenz: 0,2 GHz &#8211; 14 GHz<br \/>\nMaschenweite: blickdicht<br \/>\nGr\u00f6\u00dfen: S, M, L, XL, XXL<\/p>\n","protected":false},"featured_media":361,"template":"","meta":{"inline_featured_image":false,"site-sidebar-layout":"default","site-content-layout":"","ast-site-content-layout":"default","site-content-style":"default","site-sidebar-style":"default","ast-global-header-display":"","ast-banner-title-visibility":"","ast-main-header-display":"","ast-hfb-above-header-display":"","ast-hfb-below-header-display":"","ast-hfb-mobile-header-display":"","site-post-title":"","ast-breadcrumbs-content":"","ast-featured-img":"","footer-sml-layout":"","ast-disable-related-posts":"","theme-transparent-header-meta":"default","adv-header-id-meta":"","stick-header-meta":"","header-above-stick-meta":"","header-main-stick-meta":"","header-below-stick-meta":"","astra-migrate-meta-layouts":"set","ast-page-background-enabled":"default","ast-page-background-meta":{"desktop":{"background-color":"var(--ast-global-color-5)","background-image":"","background-repeat":"repeat","background-position":"center center","background-size":"auto","background-attachment":"scroll","background-type":"","background-media":"","overlay-type":"","overlay-color":"","overlay-opacity":"","overlay-gradient":""},"tablet":{"background-color":"","background-image":"","background-repeat":"repeat","background-position":"center center","background-size":"auto","background-attachment":"scroll","background-type":"","background-media":"","overlay-type":"","overlay-color":"","overlay-opacity":"","overlay-gradient":""},"mobile":{"background-color":"","background-image":"","background-repeat":"repeat","background-position":"center center","background-size":"auto","background-attachment":"scroll","background-type":"","background-media":"","overlay-type":"","overlay-color":"","overlay-opacity":"","overlay-gradient":""}},"ast-content-background-meta":{"desktop":{"background-color":"var(--ast-global-color-4)","background-image":"","background-repeat":"repeat","background-position":"center center","background-size":"auto","background-attachment":"scroll","background-type":"","background-media":"","overlay-type":"","overlay-color":"","overlay-opacity":"","overlay-gradient":""},"tablet":{"background-color":"var(--ast-global-color-4)","background-image":"","background-repeat":"repeat","background-position":"center center","background-size":"auto","background-attachment":"scroll","background-type":"","background-media":"","overlay-type":"","overlay-color":"","overlay-opacity":"","overlay-gradient":""},"mobile":{"background-color":"var(--ast-global-color-4)","background-image":"","background-repeat":"repeat","background-position":"center center","background-size":"auto","background-attachment":"scroll","background-type":"","background-media":"","overlay-type":"","overlay-color":"","overlay-opacity":"","overlay-gradient":""}}},"product_brand":[],"product_cat":[16,17,30,18],"product_tag":[19,21,27],"class_list":{"0":"post-6571","1":"product","2":"type-product","3":"status-publish","4":"has-post-thumbnail","6":"product_cat-abschirmkleidung","7":"product_cat-abschirmkleidung-damen","8":"product_cat-abschirmkleidung-herren","9":"product_cat-hemd-und-blusen","10":"product_tag-abschirmkleidung","11":"product_tag-schutz-vor-5g","12":"product_tag-schutzkleidung-elektrosmog","13":"product_shipping_class-standardversand","14":"pa_groesse-l","15":"pa_groesse-m","16":"pa_groesse-s","17":"pa_groesse-xl","18":"pa_groesse-xxl","19":"desktop-align-left","20":"tablet-align-left","21":"mobile-align-left","23":"first","24":"instock","25":"taxable","26":"shipping-taxable","27":"purchasable","28":"product-type-variable"},"yoast_head":"<!-- This site is optimized with the Yoast SEO plugin v27.3 - https:\/\/yoast.com\/product\/yoast-seo-wordpress\/ -->\n<title>Multiprotection Overall - Elektrosmog-Schutz Onlineshop<\/title>\n<meta name=\"description\" content=\"Dieser Overall ist aus einem Stoff gefertigt, der reines Silber (99 %) enth\u00e4lt. Er sch\u00fctzt vor elektromagnetischen Wellen bei hohen Frequenzen.\" \/>\n<meta name=\"robots\" content=\"index, follow, max-snippet:-1, max-image-preview:large, max-video-preview:-1\" \/>\n<link rel=\"canonical\" href=\"https:\/\/ecologa-europe.com\/shop\/produkt\/multiprotection-overall\/\" \/>\n<meta property=\"og:locale\" content=\"de_DE\" \/>\n<meta property=\"og:type\" content=\"article\" \/>\n<meta property=\"og:title\" content=\"Multiprotection Overall - Elektrosmog-Schutz Onlineshop\" \/>\n<meta property=\"og:description\" content=\"Dieser Overall ist aus einem Stoff gefertigt, der reines Silber (99 %) enth\u00e4lt. Er sch\u00fctzt vor elektromagnetischen Wellen bei hohen Frequenzen.\" \/>\n<meta property=\"og:url\" content=\"https:\/\/ecologa-europe.com\/shop\/produkt\/multiprotection-overall\/\" \/>\n<meta property=\"og:site_name\" content=\"Elektrosmog-Schutz Onlineshop\" \/>\n<meta property=\"article:publisher\" content=\"https:\/\/www.facebook.com\/Ecologa-Europe-GmbH-1604744566252298\/\" \/>\n<meta property=\"article:modified_time\" content=\"2026-01-13T10:05:50+00:00\" \/>\n<meta property=\"og:image\" content=\"https:\/\/ecologa-europe.com\/shop\/wp-content\/uploads\/2025\/04\/overall.jpg\" \/>\n\t<meta property=\"og:image:width\" content=\"1772\" \/>\n\t<meta property=\"og:image:height\" content=\"1280\" \/>\n\t<meta property=\"og:image:type\" content=\"image\/jpeg\" \/>\n<meta name=\"twitter:card\" content=\"summary_large_image\" \/>\n<meta name=\"twitter:label1\" content=\"Gesch\u00e4tzte Lesezeit\" \/>\n\t<meta name=\"twitter:data1\" content=\"2\u00a0Minuten\" \/>\n<script type=\"application\/ld+json\" class=\"yoast-schema-graph\">{\"@context\":\"https:\\\/\\\/schema.org\",\"@graph\":[{\"@type\":\"WebPage\",\"@id\":\"https:\\\/\\\/ecologa-europe.com\\\/shop\\\/produkt\\\/multiprotection-overall\\\/\",\"url\":\"https:\\\/\\\/ecologa-europe.com\\\/shop\\\/produkt\\\/multiprotection-overall\\\/\",\"name\":\"Multiprotection Overall - Elektrosmog-Schutz Onlineshop\",\"isPartOf\":{\"@id\":\"https:\\\/\\\/ecologa-europe.com\\\/shop\\\/#website\"},\"primaryImageOfPage\":{\"@id\":\"https:\\\/\\\/ecologa-europe.com\\\/shop\\\/produkt\\\/multiprotection-overall\\\/#primaryimage\"},\"image\":{\"@id\":\"https:\\\/\\\/ecologa-europe.com\\\/shop\\\/produkt\\\/multiprotection-overall\\\/#primaryimage\"},\"thumbnailUrl\":\"https:\\\/\\\/ecologa-europe.com\\\/shop\\\/wp-content\\\/uploads\\\/2025\\\/04\\\/overall.jpg\",\"datePublished\":\"2025-05-16T10:09:57+00:00\",\"dateModified\":\"2026-01-13T10:05:50+00:00\",\"description\":\"Dieser Overall ist aus einem Stoff gefertigt, der reines Silber (99 %) enth\u00e4lt. Er sch\u00fctzt vor elektromagnetischen Wellen bei hohen Frequenzen.\",\"breadcrumb\":{\"@id\":\"https:\\\/\\\/ecologa-europe.com\\\/shop\\\/produkt\\\/multiprotection-overall\\\/#breadcrumb\"},\"inLanguage\":\"de\",\"potentialAction\":[{\"@type\":\"ReadAction\",\"target\":[\"https:\\\/\\\/ecologa-europe.com\\\/shop\\\/produkt\\\/multiprotection-overall\\\/\"]}]},{\"@type\":\"ImageObject\",\"inLanguage\":\"de\",\"@id\":\"https:\\\/\\\/ecologa-europe.com\\\/shop\\\/produkt\\\/multiprotection-overall\\\/#primaryimage\",\"url\":\"https:\\\/\\\/ecologa-europe.com\\\/shop\\\/wp-content\\\/uploads\\\/2025\\\/04\\\/overall.jpg\",\"contentUrl\":\"https:\\\/\\\/ecologa-europe.com\\\/shop\\\/wp-content\\\/uploads\\\/2025\\\/04\\\/overall.jpg\",\"width\":1772,\"height\":1280},{\"@type\":\"BreadcrumbList\",\"@id\":\"https:\\\/\\\/ecologa-europe.com\\\/shop\\\/produkt\\\/multiprotection-overall\\\/#breadcrumb\",\"itemListElement\":[{\"@type\":\"ListItem\",\"position\":1,\"name\":\"Startseite\",\"item\":\"https:\\\/\\\/ecologa-europe.com\\\/shop\\\/\"},{\"@type\":\"ListItem\",\"position\":2,\"name\":\"Shop\",\"item\":\"https:\\\/\\\/ecologa-europe.com\\\/shop\\\/shop\\\/\"},{\"@type\":\"ListItem\",\"position\":3,\"name\":\"Multiprotection Overall\"}]},{\"@type\":\"WebSite\",\"@id\":\"https:\\\/\\\/ecologa-europe.com\\\/shop\\\/#website\",\"url\":\"https:\\\/\\\/ecologa-europe.com\\\/shop\\\/\",\"name\":\"Elektrosmog-Schutz Onlineshop\",\"description\":\"Ecologa Europe\",\"publisher\":{\"@id\":\"https:\\\/\\\/ecologa-europe.com\\\/shop\\\/#organization\"},\"potentialAction\":[{\"@type\":\"SearchAction\",\"target\":{\"@type\":\"EntryPoint\",\"urlTemplate\":\"https:\\\/\\\/ecologa-europe.com\\\/shop\\\/?s={search_term_string}\"},\"query-input\":{\"@type\":\"PropertyValueSpecification\",\"valueRequired\":true,\"valueName\":\"search_term_string\"}}],\"inLanguage\":\"de\"},{\"@type\":\"Organization\",\"@id\":\"https:\\\/\\\/ecologa-europe.com\\\/shop\\\/#organization\",\"name\":\"Elektrosmog-Schutz Onlineshop\",\"url\":\"https:\\\/\\\/ecologa-europe.com\\\/shop\\\/\",\"logo\":{\"@type\":\"ImageObject\",\"inLanguage\":\"de\",\"@id\":\"https:\\\/\\\/ecologa-europe.com\\\/shop\\\/#\\\/schema\\\/logo\\\/image\\\/\",\"url\":\"https:\\\/\\\/ecologa-europe.com\\\/shop\\\/wp-content\\\/uploads\\\/2025\\\/04\\\/vertical-navbar-logo.svg\",\"contentUrl\":\"https:\\\/\\\/ecologa-europe.com\\\/shop\\\/wp-content\\\/uploads\\\/2025\\\/04\\\/vertical-navbar-logo.svg\",\"width\":182,\"height\":70,\"caption\":\"Elektrosmog-Schutz Onlineshop\"},\"image\":{\"@id\":\"https:\\\/\\\/ecologa-europe.com\\\/shop\\\/#\\\/schema\\\/logo\\\/image\\\/\"},\"sameAs\":[\"https:\\\/\\\/www.facebook.com\\\/Ecologa-Europe-GmbH-1604744566252298\\\/\",\"https:\\\/\\\/www.instagram.com\\\/ecologaeurope\\\/\"]}]}<\/script>\n<!-- \/ Yoast SEO plugin. -->","yoast_head_json":{"title":"Multiprotection Overall - Elektrosmog-Schutz Onlineshop","description":"Dieser Overall ist aus einem Stoff gefertigt, der reines Silber (99 %) enth\u00e4lt. Er sch\u00fctzt vor elektromagnetischen Wellen bei hohen Frequenzen.","robots":{"index":"index","follow":"follow","max-snippet":"max-snippet:-1","max-image-preview":"max-image-preview:large","max-video-preview":"max-video-preview:-1"},"canonical":"https:\/\/ecologa-europe.com\/shop\/produkt\/multiprotection-overall\/","og_locale":"de_DE","og_type":"article","og_title":"Multiprotection Overall - Elektrosmog-Schutz Onlineshop","og_description":"Dieser Overall ist aus einem Stoff gefertigt, der reines Silber (99 %) enth\u00e4lt. Er sch\u00fctzt vor elektromagnetischen Wellen bei hohen Frequenzen.","og_url":"https:\/\/ecologa-europe.com\/shop\/produkt\/multiprotection-overall\/","og_site_name":"Elektrosmog-Schutz Onlineshop","article_publisher":"https:\/\/www.facebook.com\/Ecologa-Europe-GmbH-1604744566252298\/","article_modified_time":"2026-01-13T10:05:50+00:00","og_image":[{"width":1772,"height":1280,"url":"https:\/\/ecologa-europe.com\/shop\/wp-content\/uploads\/2025\/04\/overall.jpg","type":"image\/jpeg"}],"twitter_card":"summary_large_image","twitter_misc":{"Gesch\u00e4tzte Lesezeit":"2\u00a0Minuten"},"schema":{"@context":"https:\/\/schema.org","@graph":[{"@type":"WebPage","@id":"https:\/\/ecologa-europe.com\/shop\/produkt\/multiprotection-overall\/","url":"https:\/\/ecologa-europe.com\/shop\/produkt\/multiprotection-overall\/","name":"Multiprotection Overall - Elektrosmog-Schutz Onlineshop","isPartOf":{"@id":"https:\/\/ecologa-europe.com\/shop\/#website"},"primaryImageOfPage":{"@id":"https:\/\/ecologa-europe.com\/shop\/produkt\/multiprotection-overall\/#primaryimage"},"image":{"@id":"https:\/\/ecologa-europe.com\/shop\/produkt\/multiprotection-overall\/#primaryimage"},"thumbnailUrl":"https:\/\/ecologa-europe.com\/shop\/wp-content\/uploads\/2025\/04\/overall.jpg","datePublished":"2025-05-16T10:09:57+00:00","dateModified":"2026-01-13T10:05:50+00:00","description":"Dieser Overall ist aus einem Stoff gefertigt, der reines Silber (99 %) enth\u00e4lt. Er sch\u00fctzt vor elektromagnetischen Wellen bei hohen Frequenzen.","breadcrumb":{"@id":"https:\/\/ecologa-europe.com\/shop\/produkt\/multiprotection-overall\/#breadcrumb"},"inLanguage":"de","potentialAction":[{"@type":"ReadAction","target":["https:\/\/ecologa-europe.com\/shop\/produkt\/multiprotection-overall\/"]}]},{"@type":"ImageObject","inLanguage":"de","@id":"https:\/\/ecologa-europe.com\/shop\/produkt\/multiprotection-overall\/#primaryimage","url":"https:\/\/ecologa-europe.com\/shop\/wp-content\/uploads\/2025\/04\/overall.jpg","contentUrl":"https:\/\/ecologa-europe.com\/shop\/wp-content\/uploads\/2025\/04\/overall.jpg","width":1772,"height":1280},{"@type":"BreadcrumbList","@id":"https:\/\/ecologa-europe.com\/shop\/produkt\/multiprotection-overall\/#breadcrumb","itemListElement":[{"@type":"ListItem","position":1,"name":"Startseite","item":"https:\/\/ecologa-europe.com\/shop\/"},{"@type":"ListItem","position":2,"name":"Shop","item":"https:\/\/ecologa-europe.com\/shop\/shop\/"},{"@type":"ListItem","position":3,"name":"Multiprotection Overall"}]},{"@type":"WebSite","@id":"https:\/\/ecologa-europe.com\/shop\/#website","url":"https:\/\/ecologa-europe.com\/shop\/","name":"Elektrosmog-Schutz Onlineshop","description":"Ecologa Europe","publisher":{"@id":"https:\/\/ecologa-europe.com\/shop\/#organization"},"potentialAction":[{"@type":"SearchAction","target":{"@type":"EntryPoint","urlTemplate":"https:\/\/ecologa-europe.com\/shop\/?s={search_term_string}"},"query-input":{"@type":"PropertyValueSpecification","valueRequired":true,"valueName":"search_term_string"}}],"inLanguage":"de"},{"@type":"Organization","@id":"https:\/\/ecologa-europe.com\/shop\/#organization","name":"Elektrosmog-Schutz Onlineshop","url":"https:\/\/ecologa-europe.com\/shop\/","logo":{"@type":"ImageObject","inLanguage":"de","@id":"https:\/\/ecologa-europe.com\/shop\/#\/schema\/logo\/image\/","url":"https:\/\/ecologa-europe.com\/shop\/wp-content\/uploads\/2025\/04\/vertical-navbar-logo.svg","contentUrl":"https:\/\/ecologa-europe.com\/shop\/wp-content\/uploads\/2025\/04\/vertical-navbar-logo.svg","width":182,"height":70,"caption":"Elektrosmog-Schutz Onlineshop"},"image":{"@id":"https:\/\/ecologa-europe.com\/shop\/#\/schema\/logo\/image\/"},"sameAs":["https:\/\/www.facebook.com\/Ecologa-Europe-GmbH-1604744566252298\/","https:\/\/www.instagram.com\/ecologaeurope\/"]}]}},"_links":{"self":[{"href":"https:\/\/ecologa-europe.com\/shop\/wp-json\/wp\/v2\/product\/6571","targetHints":{"allow":["GET"]}}],"collection":[{"href":"https:\/\/ecologa-europe.com\/shop\/wp-json\/wp\/v2\/product"}],"about":[{"href":"https:\/\/ecologa-europe.com\/shop\/wp-json\/wp\/v2\/types\/product"}],"wp:featuredmedia":[{"embeddable":true,"href":"https:\/\/ecologa-europe.com\/shop\/wp-json\/wp\/v2\/media\/361"}],"wp:attachment":[{"href":"https:\/\/ecologa-europe.com\/shop\/wp-json\/wp\/v2\/media?parent=6571"}],"wp:term":[{"taxonomy":"product_brand","embeddable":true,"href":"https:\/\/ecologa-europe.com\/shop\/wp-json\/wp\/v2\/product_brand?post=6571"},{"taxonomy":"product_cat","embeddable":true,"href":"https:\/\/ecologa-europe.com\/shop\/wp-json\/wp\/v2\/product_cat?post=6571"},{"taxonomy":"product_tag","embeddable":true,"href":"https:\/\/ecologa-europe.com\/shop\/wp-json\/wp\/v2\/product_tag?post=6571"}],"curies":[{"name":"wp","href":"https:\/\/api.w.org\/{rel}","templated":true}]}}