{"id":6584,"date":"2025-05-16T10:10:14","date_gmt":"2025-05-16T10:10:14","guid":{"rendered":"https:\/\/639.pm-domains.de\/?post_type=product&#038;p=6584"},"modified":"2025-10-14T19:37:36","modified_gmt":"2025-10-14T19:37:36","slug":"abschirm-boxershort-popelin","status":"publish","type":"product","link":"https:\/\/ecologa-europe.com\/shop\/produkt\/abschirm-boxershort-popelin\/","title":{"rendered":"Abschirm-Boxershort &#8211; Popelin"},"content":{"rendered":"<p>Boxershorts bieten mehr Freiraum und gelten als legere und bequemere Alternative zu einem Slip. Unser Modell hat einen bequemen Schnitt. Es wird aus reiner Baumwolle hergestellt und hat eine Knopfleiste und einen weichen, abgesteppten Gummibund. Es pr\u00e4sentiert sich in klassischem Blau und Wei\u00df.<\/p>\n<p>Die Boxershort wird aus einer abgeschirmten Popeline-Baumwolle gefertigt.<\/p>\n<p>Feinste Kupferf\u00e4den werden f\u00fcr eine optimale Vertr\u00e4glichkeit mit Silber beschichtet. Um eine elektrische Leitf\u00e4higkeit auszuschlie\u00dfen und eine Oxidation zu verhindern, wird der Metallfaden anschlie\u00dfend mit Polyamid ummantelt. Anschlie\u00dfend wird das Ganze mit Baumwolle beschichtet und das so entstandene Garn mit einem zweiten Garn aus reiner Baumwolle verzwirnt.<br \/>\nDiese hohe Drehung und die doppelte Zwirnung der Garne verleihen dem Stoff eine noch h\u00f6here Stabilit\u00e4t. So tragen die hautfreundlichen Eigenschaften der Baumwolle noch mehr zu Ihrem Wohlbefinden bei.<br \/>\nDie abschirmende Wirkung des sehr feinen Metallgeflechts im Stoff verhindert das Eindringen von elektromagnetischer Strahlung.<br \/>\nDas besonders dichte Gewebe ist sehr widerstandsf\u00e4hig.<\/p>\n<p>Schirmd\u00e4mpfung: max. ~45 dB (&gt;99,99 %)<\/p>\n\n<table id=\"tablepress-2\" class=\"tablepress tablepress-id-2\">\n<thead>\n<tr class=\"row-1\">\n\t<td class=\"column-1\"><\/td><th class=\"column-2\">Frequenz \/ Anwendung (MHz)<\/th><th class=\"column-3\">Dezibel (dB*)<\/th><th class=\"column-4\">Prozent (%)<\/th>\n<\/tr>\n<\/thead>\n<tbody class=\"row-striping row-hover\">\n<tr class=\"row-2\">\n\t<td class=\"column-1\">Tetra 450<\/td><td class=\"column-2\">450MHz<\/td><td class=\"column-3\">45dB<\/td><td class=\"column-4\">99,99%<\/td>\n<\/tr>\n<tr class=\"row-3\">\n\t<td class=\"column-1\">LTE 800<\/td><td class=\"column-2\">800MHz<\/td><td class=\"column-3\">30dB<\/td><td class=\"column-4\">99,9%<\/td>\n<\/tr>\n<tr class=\"row-4\">\n\t<td class=\"column-1\">GSM 900<\/td><td class=\"column-2\">900MHz<\/td><td class=\"column-3\">30dB<\/td><td class=\"column-4\">99,9%<\/td>\n<\/tr>\n<tr class=\"row-5\">\n\t<td class=\"column-1\">GSM 1800<\/td><td class=\"column-2\">1800MHz<\/td><td class=\"column-3\">20dB<\/td><td class=\"column-4\">99%<\/td>\n<\/tr>\n<tr class=\"row-6\">\n\t<td class=\"column-1\">DECT 1800<\/td><td class=\"column-2\">1800MHz<\/td><td class=\"column-3\">20dB<\/td><td class=\"column-4\">99%<\/td>\n<\/tr>\n<tr class=\"row-7\">\n\t<td class=\"column-1\">UMTS 2000<\/td><td class=\"column-2\">2000MHz<\/td><td class=\"column-3\">20dB<\/td><td class=\"column-4\">99%<\/td>\n<\/tr>\n<tr class=\"row-8\">\n\t<td class=\"column-1\">WLAN 2400<\/td><td class=\"column-2\">2400MHz<\/td><td class=\"column-3\">20dB<\/td><td class=\"column-4\">99%<\/td>\n<\/tr>\n<tr class=\"row-9\">\n\t<td class=\"column-1\">LTE 2600<\/td><td class=\"column-2\">2600MHz<\/td><td class=\"column-3\">20dB<\/td><td class=\"column-4\">99%<\/td>\n<\/tr>\n<tr class=\"row-10\">\n\t<td class=\"column-1\">WLAN 5800<\/td><td class=\"column-2\">5800MHz<\/td><td class=\"column-3\">10dB<\/td><td class=\"column-4\">90%<\/td>\n<\/tr>\n<\/tbody>\n<\/table>\n<!-- #tablepress-2 from cache -->\n<p>Zusammensetzung: Vollzwirn Popelin<br \/>\nFarbe: wei\u00df, hell-blaugrau<br \/>\n97 % Coton, 3 % Metal (versilberter Feinstkupferfaden)<\/p>\n<p>Gr\u00f6\u00dfen: 48-S, 50-M, 52-L, 54-XL, 56-XXL<\/p>\n\n<table id=\"tablepress-13\" class=\"tablepress tablepress-id-13\">\n<thead>\n<tr class=\"row-1\">\n\t<th class=\"column-1\">Gr\u00f6\u00dfe<\/th><th class=\"column-2\">S<\/th><th class=\"column-3\">M<\/th><th class=\"column-4\">L<\/th><th class=\"column-5\">XL<\/th><th class=\"column-6\">XXL<\/th>\n<\/tr>\n<\/thead>\n<tbody class=\"row-striping row-hover\">\n<tr class=\"row-2\">\n\t<td class=\"column-1\">Bundweite<\/td><td class=\"column-2\">72<\/td><td class=\"column-3\">76<\/td><td class=\"column-4\">80<\/td><td class=\"column-5\">84<\/td><td class=\"column-6\">88<\/td>\n<\/tr>\n<tr class=\"row-3\">\n\t<td class=\"column-1\">max. Dehnung<\/td><td class=\"column-2\">97<\/td><td class=\"column-3\">102<\/td><td class=\"column-4\">108<\/td><td class=\"column-5\">113<\/td><td class=\"column-6\">119<\/td>\n<\/tr>\n<tr class=\"row-4\">\n\t<td class=\"column-1\">Seitenl\u00e4nge mit Bund<\/td><td class=\"column-2\">38<\/td><td class=\"column-3\">39<\/td><td class=\"column-4\">40,5<\/td><td class=\"column-5\">42<\/td><td class=\"column-6\">43,5<\/td>\n<\/tr>\n<tr class=\"row-5\">\n\t<td class=\"column-1\">Innere Bein L\u00e4nge<\/td><td class=\"column-2\">11<\/td><td class=\"column-3\">11,5<\/td><td class=\"column-4\">12<\/td><td class=\"column-5\">13<\/td><td class=\"column-6\">14<\/td>\n<\/tr>\n<tr class=\"row-6\">\n\t<td class=\"column-1\">H\u00fcftweite<\/td><td class=\"column-2\">108<\/td><td class=\"column-3\">112<\/td><td class=\"column-4\">116<\/td><td class=\"column-5\">120<\/td><td class=\"column-6\">124<\/td>\n<\/tr>\n<\/tbody>\n<\/table>\n<!-- #tablepress-13 from cache -->\n<p>Pflegehinweis<br \/>\nFeinw\u00e4sche bei 30 Grad.<br \/>\nNicht f\u00fcr den Trockner geeignet.<br \/>\nBei niedriger Temperatur b\u00fcgeln.<\/p>\n","protected":false},"excerpt":{"rendered":"<p>Die W\u00e4sche, die vor elektromagnetischer Strahlung sch\u00fctzt.<\/p>\n<p>Unser Modell hat einen bequemen Schnitt. Es wird aus reiner Baumwolle hergestellt und hat eine Knopfleiste und einen weichen, abgesteppten Gummibund. Es pr\u00e4sentiert sich in klassischem Blau und Wei\u00df.<\/p>\n<p>Schirmd\u00e4mpfung: max. ~45 dB (&gt;99,99 %)<\/p>\n<p>Zusammensetzung: Vollzwirn Popelin<br \/>\n97 % Coton, 3 % Metal (versilberter Feinstkupferfaden)<br \/>\nFarbe: wei\u00df, hell-blaugrau<br \/>\nGr\u00f6\u00dfen: 48-S, 50-M, 52-L, 54-XL, 56-XXL<\/p>\n","protected":false},"featured_media":364,"template":"","meta":{"inline_featured_image":false,"site-sidebar-layout":"default","site-content-layout":"","ast-site-content-layout":"default","site-content-style":"default","site-sidebar-style":"default","ast-global-header-display":"","ast-banner-title-visibility":"","ast-main-header-display":"","ast-hfb-above-header-display":"","ast-hfb-below-header-display":"","ast-hfb-mobile-header-display":"","site-post-title":"","ast-breadcrumbs-content":"","ast-featured-img":"","footer-sml-layout":"","ast-disable-related-posts":"","theme-transparent-header-meta":"","adv-header-id-meta":"","stick-header-meta":"","header-above-stick-meta":"","header-main-stick-meta":"","header-below-stick-meta":"","astra-migrate-meta-layouts":"default","ast-page-background-enabled":"default","ast-page-background-meta":{"desktop":{"background-color":"var(--ast-global-color-5)","background-image":"","background-repeat":"repeat","background-position":"center center","background-size":"auto","background-attachment":"scroll","background-type":"","background-media":"","overlay-type":"","overlay-color":"","overlay-opacity":"","overlay-gradient":""},"tablet":{"background-color":"","background-image":"","background-repeat":"repeat","background-position":"center center","background-size":"auto","background-attachment":"scroll","background-type":"","background-media":"","overlay-type":"","overlay-color":"","overlay-opacity":"","overlay-gradient":""},"mobile":{"background-color":"","background-image":"","background-repeat":"repeat","background-position":"center center","background-size":"auto","background-attachment":"scroll","background-type":"","background-media":"","overlay-type":"","overlay-color":"","overlay-opacity":"","overlay-gradient":""}},"ast-content-background-meta":{"desktop":{"background-color":"var(--ast-global-color-4)","background-image":"","background-repeat":"repeat","background-position":"center center","background-size":"auto","background-attachment":"scroll","background-type":"","background-media":"","overlay-type":"","overlay-color":"","overlay-opacity":"","overlay-gradient":""},"tablet":{"background-color":"var(--ast-global-color-4)","background-image":"","background-repeat":"repeat","background-position":"center center","background-size":"auto","background-attachment":"scroll","background-type":"","background-media":"","overlay-type":"","overlay-color":"","overlay-opacity":"","overlay-gradient":""},"mobile":{"background-color":"var(--ast-global-color-4)","background-image":"","background-repeat":"repeat","background-position":"center center","background-size":"auto","background-attachment":"scroll","background-type":"","background-media":"","overlay-type":"","overlay-color":"","overlay-opacity":"","overlay-gradient":""}}},"product_brand":[],"product_cat":[16,30,83,77],"product_tag":[19,21,33],"class_list":{"0":"post-6584","1":"product","2":"type-product","3":"status-publish","4":"has-post-thumbnail","6":"product_cat-abschirmkleidung","7":"product_cat-abschirmkleidung-herren","8":"product_cat-slider-start-1","9":"product_cat-unterwaesche","10":"product_tag-abschirmkleidung","11":"product_tag-schutz-vor-5g","12":"product_tag-schutz-vor-elektrosmog","13":"product_shipping_class-standardversand","14":"pa_farbe-hell-blaugrau","15":"pa_farbe-weiss","16":"pa_groesse-l","17":"pa_groesse-m","18":"pa_groesse-s","19":"pa_groesse-xl","20":"pa_groesse-xxl","21":"desktop-align-left","22":"tablet-align-left","23":"mobile-align-left","25":"first","26":"instock","27":"taxable","28":"shipping-taxable","29":"purchasable","30":"product-type-variable"},"yoast_head":"<!-- This site is optimized with the Yoast SEO plugin v27.3 - https:\/\/yoast.com\/product\/yoast-seo-wordpress\/ -->\n<title>Abschirm-Boxershort - Popelin - Elektrosmog-Schutz Onlineshop<\/title>\n<meta name=\"description\" content=\"Strahlenschutz-Boxershort f\u00fcr Herren in Popelin\" \/>\n<meta name=\"robots\" content=\"index, follow, max-snippet:-1, max-image-preview:large, max-video-preview:-1\" \/>\n<link rel=\"canonical\" href=\"https:\/\/ecologa-europe.com\/shop\/produkt\/abschirm-boxershort-popelin\/\" \/>\n<meta property=\"og:locale\" content=\"de_DE\" \/>\n<meta property=\"og:type\" content=\"article\" \/>\n<meta property=\"og:title\" content=\"Abschirm-Boxershort - Popelin - Elektrosmog-Schutz Onlineshop\" \/>\n<meta property=\"og:description\" content=\"Strahlenschutz-Boxershort f\u00fcr Herren in Popelin\" \/>\n<meta property=\"og:url\" content=\"https:\/\/ecologa-europe.com\/shop\/produkt\/abschirm-boxershort-popelin\/\" \/>\n<meta property=\"og:site_name\" content=\"Elektrosmog-Schutz Onlineshop\" \/>\n<meta property=\"article:publisher\" content=\"https:\/\/www.facebook.com\/Ecologa-Europe-GmbH-1604744566252298\/\" \/>\n<meta property=\"article:modified_time\" content=\"2025-10-14T19:37:36+00:00\" \/>\n<meta property=\"og:image\" content=\"https:\/\/ecologa-europe.com\/shop\/wp-content\/uploads\/2025\/04\/boxer_popelin_blau.jpg\" \/>\n\t<meta property=\"og:image:width\" content=\"1205\" \/>\n\t<meta property=\"og:image:height\" content=\"1300\" \/>\n\t<meta property=\"og:image:type\" content=\"image\/jpeg\" \/>\n<meta name=\"twitter:card\" content=\"summary_large_image\" \/>\n<meta name=\"twitter:label1\" content=\"Gesch\u00e4tzte Lesezeit\" \/>\n\t<meta name=\"twitter:data1\" content=\"2\u00a0Minuten\" \/>\n<script type=\"application\/ld+json\" class=\"yoast-schema-graph\">{\"@context\":\"https:\\\/\\\/schema.org\",\"@graph\":[{\"@type\":\"WebPage\",\"@id\":\"https:\\\/\\\/ecologa-europe.com\\\/shop\\\/produkt\\\/abschirm-boxershort-popelin\\\/\",\"url\":\"https:\\\/\\\/ecologa-europe.com\\\/shop\\\/produkt\\\/abschirm-boxershort-popelin\\\/\",\"name\":\"Abschirm-Boxershort - Popelin - Elektrosmog-Schutz Onlineshop\",\"isPartOf\":{\"@id\":\"https:\\\/\\\/ecologa-europe.com\\\/shop\\\/#website\"},\"primaryImageOfPage\":{\"@id\":\"https:\\\/\\\/ecologa-europe.com\\\/shop\\\/produkt\\\/abschirm-boxershort-popelin\\\/#primaryimage\"},\"image\":{\"@id\":\"https:\\\/\\\/ecologa-europe.com\\\/shop\\\/produkt\\\/abschirm-boxershort-popelin\\\/#primaryimage\"},\"thumbnailUrl\":\"https:\\\/\\\/ecologa-europe.com\\\/shop\\\/wp-content\\\/uploads\\\/2025\\\/04\\\/boxer_popelin_blau.jpg\",\"datePublished\":\"2025-05-16T10:10:14+00:00\",\"dateModified\":\"2025-10-14T19:37:36+00:00\",\"description\":\"Strahlenschutz-Boxershort f\u00fcr Herren in Popelin\",\"breadcrumb\":{\"@id\":\"https:\\\/\\\/ecologa-europe.com\\\/shop\\\/produkt\\\/abschirm-boxershort-popelin\\\/#breadcrumb\"},\"inLanguage\":\"de\",\"potentialAction\":[{\"@type\":\"ReadAction\",\"target\":[\"https:\\\/\\\/ecologa-europe.com\\\/shop\\\/produkt\\\/abschirm-boxershort-popelin\\\/\"]}]},{\"@type\":\"ImageObject\",\"inLanguage\":\"de\",\"@id\":\"https:\\\/\\\/ecologa-europe.com\\\/shop\\\/produkt\\\/abschirm-boxershort-popelin\\\/#primaryimage\",\"url\":\"https:\\\/\\\/ecologa-europe.com\\\/shop\\\/wp-content\\\/uploads\\\/2025\\\/04\\\/boxer_popelin_blau.jpg\",\"contentUrl\":\"https:\\\/\\\/ecologa-europe.com\\\/shop\\\/wp-content\\\/uploads\\\/2025\\\/04\\\/boxer_popelin_blau.jpg\",\"width\":1205,\"height\":1300},{\"@type\":\"BreadcrumbList\",\"@id\":\"https:\\\/\\\/ecologa-europe.com\\\/shop\\\/produkt\\\/abschirm-boxershort-popelin\\\/#breadcrumb\",\"itemListElement\":[{\"@type\":\"ListItem\",\"position\":1,\"name\":\"Startseite\",\"item\":\"https:\\\/\\\/ecologa-europe.com\\\/shop\\\/\"},{\"@type\":\"ListItem\",\"position\":2,\"name\":\"Shop\",\"item\":\"https:\\\/\\\/ecologa-europe.com\\\/shop\\\/shop\\\/\"},{\"@type\":\"ListItem\",\"position\":3,\"name\":\"Abschirm-Boxershort &#8211; Popelin\"}]},{\"@type\":\"WebSite\",\"@id\":\"https:\\\/\\\/ecologa-europe.com\\\/shop\\\/#website\",\"url\":\"https:\\\/\\\/ecologa-europe.com\\\/shop\\\/\",\"name\":\"Elektrosmog-Schutz Onlineshop\",\"description\":\"Ecologa Europe\",\"publisher\":{\"@id\":\"https:\\\/\\\/ecologa-europe.com\\\/shop\\\/#organization\"},\"potentialAction\":[{\"@type\":\"SearchAction\",\"target\":{\"@type\":\"EntryPoint\",\"urlTemplate\":\"https:\\\/\\\/ecologa-europe.com\\\/shop\\\/?s={search_term_string}\"},\"query-input\":{\"@type\":\"PropertyValueSpecification\",\"valueRequired\":true,\"valueName\":\"search_term_string\"}}],\"inLanguage\":\"de\"},{\"@type\":\"Organization\",\"@id\":\"https:\\\/\\\/ecologa-europe.com\\\/shop\\\/#organization\",\"name\":\"Elektrosmog-Schutz Onlineshop\",\"url\":\"https:\\\/\\\/ecologa-europe.com\\\/shop\\\/\",\"logo\":{\"@type\":\"ImageObject\",\"inLanguage\":\"de\",\"@id\":\"https:\\\/\\\/ecologa-europe.com\\\/shop\\\/#\\\/schema\\\/logo\\\/image\\\/\",\"url\":\"https:\\\/\\\/ecologa-europe.com\\\/shop\\\/wp-content\\\/uploads\\\/2025\\\/04\\\/vertical-navbar-logo.svg\",\"contentUrl\":\"https:\\\/\\\/ecologa-europe.com\\\/shop\\\/wp-content\\\/uploads\\\/2025\\\/04\\\/vertical-navbar-logo.svg\",\"width\":182,\"height\":70,\"caption\":\"Elektrosmog-Schutz Onlineshop\"},\"image\":{\"@id\":\"https:\\\/\\\/ecologa-europe.com\\\/shop\\\/#\\\/schema\\\/logo\\\/image\\\/\"},\"sameAs\":[\"https:\\\/\\\/www.facebook.com\\\/Ecologa-Europe-GmbH-1604744566252298\\\/\",\"https:\\\/\\\/www.instagram.com\\\/ecologaeurope\\\/\"]}]}<\/script>\n<!-- \/ Yoast SEO plugin. -->","yoast_head_json":{"title":"Abschirm-Boxershort - Popelin - Elektrosmog-Schutz Onlineshop","description":"Strahlenschutz-Boxershort f\u00fcr Herren in Popelin","robots":{"index":"index","follow":"follow","max-snippet":"max-snippet:-1","max-image-preview":"max-image-preview:large","max-video-preview":"max-video-preview:-1"},"canonical":"https:\/\/ecologa-europe.com\/shop\/produkt\/abschirm-boxershort-popelin\/","og_locale":"de_DE","og_type":"article","og_title":"Abschirm-Boxershort - Popelin - Elektrosmog-Schutz Onlineshop","og_description":"Strahlenschutz-Boxershort f\u00fcr Herren in Popelin","og_url":"https:\/\/ecologa-europe.com\/shop\/produkt\/abschirm-boxershort-popelin\/","og_site_name":"Elektrosmog-Schutz Onlineshop","article_publisher":"https:\/\/www.facebook.com\/Ecologa-Europe-GmbH-1604744566252298\/","article_modified_time":"2025-10-14T19:37:36+00:00","og_image":[{"width":1205,"height":1300,"url":"https:\/\/ecologa-europe.com\/shop\/wp-content\/uploads\/2025\/04\/boxer_popelin_blau.jpg","type":"image\/jpeg"}],"twitter_card":"summary_large_image","twitter_misc":{"Gesch\u00e4tzte Lesezeit":"2\u00a0Minuten"},"schema":{"@context":"https:\/\/schema.org","@graph":[{"@type":"WebPage","@id":"https:\/\/ecologa-europe.com\/shop\/produkt\/abschirm-boxershort-popelin\/","url":"https:\/\/ecologa-europe.com\/shop\/produkt\/abschirm-boxershort-popelin\/","name":"Abschirm-Boxershort - Popelin - Elektrosmog-Schutz Onlineshop","isPartOf":{"@id":"https:\/\/ecologa-europe.com\/shop\/#website"},"primaryImageOfPage":{"@id":"https:\/\/ecologa-europe.com\/shop\/produkt\/abschirm-boxershort-popelin\/#primaryimage"},"image":{"@id":"https:\/\/ecologa-europe.com\/shop\/produkt\/abschirm-boxershort-popelin\/#primaryimage"},"thumbnailUrl":"https:\/\/ecologa-europe.com\/shop\/wp-content\/uploads\/2025\/04\/boxer_popelin_blau.jpg","datePublished":"2025-05-16T10:10:14+00:00","dateModified":"2025-10-14T19:37:36+00:00","description":"Strahlenschutz-Boxershort f\u00fcr Herren in Popelin","breadcrumb":{"@id":"https:\/\/ecologa-europe.com\/shop\/produkt\/abschirm-boxershort-popelin\/#breadcrumb"},"inLanguage":"de","potentialAction":[{"@type":"ReadAction","target":["https:\/\/ecologa-europe.com\/shop\/produkt\/abschirm-boxershort-popelin\/"]}]},{"@type":"ImageObject","inLanguage":"de","@id":"https:\/\/ecologa-europe.com\/shop\/produkt\/abschirm-boxershort-popelin\/#primaryimage","url":"https:\/\/ecologa-europe.com\/shop\/wp-content\/uploads\/2025\/04\/boxer_popelin_blau.jpg","contentUrl":"https:\/\/ecologa-europe.com\/shop\/wp-content\/uploads\/2025\/04\/boxer_popelin_blau.jpg","width":1205,"height":1300},{"@type":"BreadcrumbList","@id":"https:\/\/ecologa-europe.com\/shop\/produkt\/abschirm-boxershort-popelin\/#breadcrumb","itemListElement":[{"@type":"ListItem","position":1,"name":"Startseite","item":"https:\/\/ecologa-europe.com\/shop\/"},{"@type":"ListItem","position":2,"name":"Shop","item":"https:\/\/ecologa-europe.com\/shop\/shop\/"},{"@type":"ListItem","position":3,"name":"Abschirm-Boxershort &#8211; Popelin"}]},{"@type":"WebSite","@id":"https:\/\/ecologa-europe.com\/shop\/#website","url":"https:\/\/ecologa-europe.com\/shop\/","name":"Elektrosmog-Schutz Onlineshop","description":"Ecologa Europe","publisher":{"@id":"https:\/\/ecologa-europe.com\/shop\/#organization"},"potentialAction":[{"@type":"SearchAction","target":{"@type":"EntryPoint","urlTemplate":"https:\/\/ecologa-europe.com\/shop\/?s={search_term_string}"},"query-input":{"@type":"PropertyValueSpecification","valueRequired":true,"valueName":"search_term_string"}}],"inLanguage":"de"},{"@type":"Organization","@id":"https:\/\/ecologa-europe.com\/shop\/#organization","name":"Elektrosmog-Schutz Onlineshop","url":"https:\/\/ecologa-europe.com\/shop\/","logo":{"@type":"ImageObject","inLanguage":"de","@id":"https:\/\/ecologa-europe.com\/shop\/#\/schema\/logo\/image\/","url":"https:\/\/ecologa-europe.com\/shop\/wp-content\/uploads\/2025\/04\/vertical-navbar-logo.svg","contentUrl":"https:\/\/ecologa-europe.com\/shop\/wp-content\/uploads\/2025\/04\/vertical-navbar-logo.svg","width":182,"height":70,"caption":"Elektrosmog-Schutz Onlineshop"},"image":{"@id":"https:\/\/ecologa-europe.com\/shop\/#\/schema\/logo\/image\/"},"sameAs":["https:\/\/www.facebook.com\/Ecologa-Europe-GmbH-1604744566252298\/","https:\/\/www.instagram.com\/ecologaeurope\/"]}]}},"_links":{"self":[{"href":"https:\/\/ecologa-europe.com\/shop\/wp-json\/wp\/v2\/product\/6584","targetHints":{"allow":["GET"]}}],"collection":[{"href":"https:\/\/ecologa-europe.com\/shop\/wp-json\/wp\/v2\/product"}],"about":[{"href":"https:\/\/ecologa-europe.com\/shop\/wp-json\/wp\/v2\/types\/product"}],"wp:featuredmedia":[{"embeddable":true,"href":"https:\/\/ecologa-europe.com\/shop\/wp-json\/wp\/v2\/media\/364"}],"wp:attachment":[{"href":"https:\/\/ecologa-europe.com\/shop\/wp-json\/wp\/v2\/media?parent=6584"}],"wp:term":[{"taxonomy":"product_brand","embeddable":true,"href":"https:\/\/ecologa-europe.com\/shop\/wp-json\/wp\/v2\/product_brand?post=6584"},{"taxonomy":"product_cat","embeddable":true,"href":"https:\/\/ecologa-europe.com\/shop\/wp-json\/wp\/v2\/product_cat?post=6584"},{"taxonomy":"product_tag","embeddable":true,"href":"https:\/\/ecologa-europe.com\/shop\/wp-json\/wp\/v2\/product_tag?post=6584"}],"curies":[{"name":"wp","href":"https:\/\/api.w.org\/{rel}","templated":true}]}}