{"id":6626,"date":"2025-05-16T10:10:40","date_gmt":"2025-05-16T10:10:40","guid":{"rendered":"https:\/\/639.pm-domains.de\/?post_type=product&#038;p=6626"},"modified":"2025-12-20T00:56:47","modified_gmt":"2025-12-20T00:56:47","slug":"abschirm-herrenhemd-koeper","status":"publish","type":"product","link":"https:\/\/ecologa-europe.com\/shop\/produkt\/abschirm-herrenhemd-koeper\/","title":{"rendered":"Abschirm-Herrenhemd &#8211; K\u00f6per"},"content":{"rendered":"<p>Das zeitlose und entschieden trendige Herrenhemd ist ein unverzichtbares St\u00fcck in jeder M\u00e4nnergarderobe. Elegant und vielseitig kann es zu vielen Looks kombiniert werden.<\/p>\n<p>Unser Modell ist ein vielseitiger Klassiker, der sowohl zu Freizeitkleidung als auch zu formeller Kleidung passt. Mit aufgesetzer Brusttasche. Die lange Form bleibt stets im Bund. Die Manschetten sind besonders sorgf\u00e4ltig geschneidert; mit Kn\u00f6pfbarett \u00c4rmelschlitzen. Dank seiner Doppelzwirnqualit\u00e4t ist dieser Twill-Stoff atmungsaktiv und saugf\u00e4hig. Au\u00dferdem sch\u00fctzt die nach OEKO Standard 100 abgeschirmte Baumwolle sehr effektiv vor hohen Frequenzen.<\/p>\n<p>Feinste Kupferf\u00e4den werden f\u00fcr eine optimale Vertr\u00e4glichkeit mit Silber beschichtet. Um eine elektrische Leitf\u00e4higkeit auszuschlie\u00dfen und eine Oxidation zu verhindern, wird der Metallfaden anschlie\u00dfend mit Polyamid ummantelt. Anschlie\u00dfend wird das Ganze mit Baumwolle beschichtet und das so entstandene Garn mit einem zweiten Garn aus reiner Baumwolle verzwirnt.<br \/>\nDiese hohe Drehung und die doppelte Zwirnung der Garne verleihen dem Stoff eine noch h\u00f6here Stabilit\u00e4t. So tragen die hautfreundlichen Eigenschaften der Baumwolle noch mehr zu Ihrem Wohlbefinden bei.<br \/>\nDie abschirmende Wirkung des sehr feinen Metallgeflechts im Stoff verhindert das Eindringen von elektromagnetischer Strahlung.<br \/>\nDas besonders dichte Gewebe ist sehr widerstandsf\u00e4hig.<\/p>\n<p>Schirmd\u00e4mpfung: max. ~45 dB (&gt;99,99 %)<\/p>\n\n<table id=\"tablepress-2\" class=\"tablepress tablepress-id-2\">\n<thead>\n<tr class=\"row-1\">\n\t<td class=\"column-1\"><\/td><th class=\"column-2\">Frequenz \/ Anwendung (MHz)<\/th><th class=\"column-3\">Dezibel (dB*)<\/th><th class=\"column-4\">Prozent (%)<\/th>\n<\/tr>\n<\/thead>\n<tbody class=\"row-striping row-hover\">\n<tr class=\"row-2\">\n\t<td class=\"column-1\">Tetra 450<\/td><td class=\"column-2\">450MHz<\/td><td class=\"column-3\">45dB<\/td><td class=\"column-4\">99,99%<\/td>\n<\/tr>\n<tr class=\"row-3\">\n\t<td class=\"column-1\">LTE 800<\/td><td class=\"column-2\">800MHz<\/td><td class=\"column-3\">30dB<\/td><td class=\"column-4\">99,9%<\/td>\n<\/tr>\n<tr class=\"row-4\">\n\t<td class=\"column-1\">GSM 900<\/td><td class=\"column-2\">900MHz<\/td><td class=\"column-3\">30dB<\/td><td class=\"column-4\">99,9%<\/td>\n<\/tr>\n<tr class=\"row-5\">\n\t<td class=\"column-1\">GSM 1800<\/td><td class=\"column-2\">1800MHz<\/td><td class=\"column-3\">20dB<\/td><td class=\"column-4\">99%<\/td>\n<\/tr>\n<tr class=\"row-6\">\n\t<td class=\"column-1\">DECT 1800<\/td><td class=\"column-2\">1800MHz<\/td><td class=\"column-3\">20dB<\/td><td class=\"column-4\">99%<\/td>\n<\/tr>\n<tr class=\"row-7\">\n\t<td class=\"column-1\">UMTS 2000<\/td><td class=\"column-2\">2000MHz<\/td><td class=\"column-3\">20dB<\/td><td class=\"column-4\">99%<\/td>\n<\/tr>\n<tr class=\"row-8\">\n\t<td class=\"column-1\">WLAN 2400<\/td><td class=\"column-2\">2400MHz<\/td><td class=\"column-3\">20dB<\/td><td class=\"column-4\">99%<\/td>\n<\/tr>\n<tr class=\"row-9\">\n\t<td class=\"column-1\">LTE 2600<\/td><td class=\"column-2\">2600MHz<\/td><td class=\"column-3\">20dB<\/td><td class=\"column-4\">99%<\/td>\n<\/tr>\n<tr class=\"row-10\">\n\t<td class=\"column-1\">WLAN 5800<\/td><td class=\"column-2\">5800MHz<\/td><td class=\"column-3\">10dB<\/td><td class=\"column-4\">90%<\/td>\n<\/tr>\n<\/tbody>\n<\/table>\n<!-- #tablepress-2 from cache -->\n<p>Zusammensetzung: Vollzwirn K\u00f6per<br \/>\n97 % Coton, 3 % Metal (versilberter Feinstkupferfaden)<br \/>\nFarbe: wei\u00df, hellblau, hellgrau, lachs, beige<\/p>\n<p>Gr\u00f6\u00dfen: 37\/38 &#8211; 39\/40 &#8211; 41\/42 &#8211; 43\/44 &#8211; 45\/46 &#8211; 47\/48<\/p>\n\n<table id=\"tablepress-16\" class=\"tablepress tablepress-id-16\">\n<thead>\n<tr class=\"row-1\">\n\t<th class=\"column-1\">Gr\u00f6\u00dfe<\/th><th class=\"column-2\">37\/38<\/th><th class=\"column-3\">39\/40<\/th><th class=\"column-4\">41\/42<\/th><th class=\"column-5\">43\/44<\/th><th class=\"column-6\">45\/46<\/th><th class=\"column-7\">47\/48<\/th>\n<\/tr>\n<\/thead>\n<tbody class=\"row-striping row-hover\">\n<tr class=\"row-2\">\n\t<td class=\"column-1\">Halsweite<\/td><td class=\"column-2\">37,5<\/td><td class=\"column-3\">39,5<\/td><td class=\"column-4\">41,5<\/td><td class=\"column-5\">43,5<\/td><td class=\"column-6\">45,5<\/td><td class=\"column-7\">47,5<\/td>\n<\/tr>\n<tr class=\"row-3\">\n\t<td class=\"column-1\">Schulterbreit<\/td><td class=\"column-2\">15,8<\/td><td class=\"column-3\">16,5<\/td><td class=\"column-4\">17,3<\/td><td class=\"column-5\">17,9<\/td><td class=\"column-6\">18,8<\/td><td class=\"column-7\">19,8<\/td>\n<\/tr>\n<tr class=\"row-4\">\n\t<td class=\"column-1\">Oberweite<\/td><td class=\"column-2\">108<\/td><td class=\"column-3\">116<\/td><td class=\"column-4\">124<\/td><td class=\"column-5\">132<\/td><td class=\"column-6\">142<\/td><td class=\"column-7\">150<\/td>\n<\/tr>\n<tr class=\"row-5\">\n\t<td class=\"column-1\">Taillenweite<\/td><td class=\"column-2\">106<\/td><td class=\"column-3\">114<\/td><td class=\"column-4\">122<\/td><td class=\"column-5\">130<\/td><td class=\"column-6\">142<\/td><td class=\"column-7\">150<\/td>\n<\/tr>\n<tr class=\"row-6\">\n\t<td class=\"column-1\">H\u00fcftweite<\/td><td class=\"column-2\">108<\/td><td class=\"column-3\">116<\/td><td class=\"column-4\">124<\/td><td class=\"column-5\">132<\/td><td class=\"column-6\">142<\/td><td class=\"column-7\">150<\/td>\n<\/tr>\n<tr class=\"row-7\">\n\t<td class=\"column-1\">Manschette<\/td><td class=\"column-2\">26<\/td><td class=\"column-3\">26<\/td><td class=\"column-4\">26<\/td><td class=\"column-5\">26<\/td><td class=\"column-6\">28<\/td><td class=\"column-7\">29<\/td>\n<\/tr>\n<tr class=\"row-8\">\n\t<td class=\"column-1\">R\u00fcckenl\u00e4nge<\/td><td class=\"column-2\">80<\/td><td class=\"column-3\">80<\/td><td class=\"column-4\">82<\/td><td class=\"column-5\">83<\/td><td class=\"column-6\">85<\/td><td class=\"column-7\">87<\/td>\n<\/tr>\n<tr class=\"row-9\">\n\t<td class=\"column-1\">Arml\u00e4nge<\/td><td class=\"column-2\">65<\/td><td class=\"column-3\">65<\/td><td class=\"column-4\">65<\/td><td class=\"column-5\">66<\/td><td class=\"column-6\">66<\/td><td class=\"column-7\">67<\/td>\n<\/tr>\n<\/tbody>\n<\/table>\n<!-- #tablepress-16 from cache -->\n<p>Pflegehinweis<br \/>\nFeinw\u00e4sche bei 30 Grad<br \/>\nNicht f\u00fcr den Trockner geeignet<br \/>\nBei niedriger Temperatur b\u00fcgeln<\/p>\n","protected":false},"excerpt":{"rendered":"<p>Das zeitlose und entschieden trendige Herrenhemd ist ein unverzichtbares St\u00fcck in jeder M\u00e4nnergarderobe.<\/p>\n<ul>\n<li>Zur Abschirmung hochfrequenter elektromagnetischer Wellen<\/li>\n<li>Die sehr hochwertige Verarbeitung garantiert eine gute Waschbarkeit, hohen Tragekomfort und Langlebigkeit.<\/li>\n<\/ul>\n<p>Unser Modell ist ein vielseitiger Klassiker, der sowohl zu Freizeitkleidung als auch zu formeller Kleidung passt. Mit aufgesetzer Brusttasche. Die lange Form bleibt stets im Bund. Die Manschetten sind besonders sorgf\u00e4ltig geschneidert; mit Kn\u00f6pfbarett \u00c4rmelschlitzen. Dank seiner Doppelzwirnqualit\u00e4t ist dieser Twill-Stoff atmungsaktiv und saugf\u00e4hig. Au\u00dferdem sch\u00fctzt die nach OEKO Standard 100 abgeschirmte Baumwolle sehr effektiv vor hohen Frequenzen.<\/p>\n<p>Zusammensetzung: Vollzwirn K\u00f6per<br \/>\n97 % Coton, 3 % Metal (versilberter Feinstkupferfaden)Schirmd\u00e4mpfung: max. ~45 dB (&gt;99,99 %)<br \/>\nFarbe: wei\u00df, hellblau, hellgrau, lachs, beige<\/p>\n<p>Gr\u00f6\u00dfen: 37\/38 &#8211; 39\/40 &#8211; 41\/42 &#8211; 43\/44 &#8211; 45\/46 &#8211; 47\/48<\/p>\n","protected":false},"featured_media":433,"template":"","meta":{"inline_featured_image":false,"site-sidebar-layout":"default","site-content-layout":"","ast-site-content-layout":"default","site-content-style":"default","site-sidebar-style":"default","ast-global-header-display":"","ast-banner-title-visibility":"","ast-main-header-display":"","ast-hfb-above-header-display":"","ast-hfb-below-header-display":"","ast-hfb-mobile-header-display":"","site-post-title":"","ast-breadcrumbs-content":"","ast-featured-img":"","footer-sml-layout":"","ast-disable-related-posts":"","theme-transparent-header-meta":"default","adv-header-id-meta":"","stick-header-meta":"","header-above-stick-meta":"","header-main-stick-meta":"","header-below-stick-meta":"","astra-migrate-meta-layouts":"set","ast-page-background-enabled":"default","ast-page-background-meta":{"desktop":{"background-color":"var(--ast-global-color-5)","background-image":"","background-repeat":"repeat","background-position":"center center","background-size":"auto","background-attachment":"scroll","background-type":"","background-media":"","overlay-type":"","overlay-color":"","overlay-opacity":"","overlay-gradient":""},"tablet":{"background-color":"","background-image":"","background-repeat":"repeat","background-position":"center center","background-size":"auto","background-attachment":"scroll","background-type":"","background-media":"","overlay-type":"","overlay-color":"","overlay-opacity":"","overlay-gradient":""},"mobile":{"background-color":"","background-image":"","background-repeat":"repeat","background-position":"center center","background-size":"auto","background-attachment":"scroll","background-type":"","background-media":"","overlay-type":"","overlay-color":"","overlay-opacity":"","overlay-gradient":""}},"ast-content-background-meta":{"desktop":{"background-color":"var(--ast-global-color-4)","background-image":"","background-repeat":"repeat","background-position":"center center","background-size":"auto","background-attachment":"scroll","background-type":"","background-media":"","overlay-type":"","overlay-color":"","overlay-opacity":"","overlay-gradient":""},"tablet":{"background-color":"var(--ast-global-color-4)","background-image":"","background-repeat":"repeat","background-position":"center center","background-size":"auto","background-attachment":"scroll","background-type":"","background-media":"","overlay-type":"","overlay-color":"","overlay-opacity":"","overlay-gradient":""},"mobile":{"background-color":"var(--ast-global-color-4)","background-image":"","background-repeat":"repeat","background-position":"center center","background-size":"auto","background-attachment":"scroll","background-type":"","background-media":"","overlay-type":"","overlay-color":"","overlay-opacity":"","overlay-gradient":""}}},"product_brand":[],"product_cat":[16,30,18],"product_tag":[19,55,68],"class_list":{"0":"post-6626","1":"product","2":"type-product","3":"status-publish","4":"has-post-thumbnail","6":"product_cat-abschirmkleidung","7":"product_cat-abschirmkleidung-herren","8":"product_cat-hemd-und-blusen","9":"product_tag-abschirmkleidung","10":"product_tag-elektrosmog-schutz","11":"product_tag-schutz-5g","12":"product_shipping_class-standardversand","13":"pa_farbe-beige","14":"pa_farbe-hellblau","15":"pa_farbe-hellgrau","16":"pa_farbe-lachs","17":"pa_farbe-weiss","18":"pa_groesse-37-38","19":"pa_groesse-39-40","20":"pa_groesse-41-42","21":"pa_groesse-43-44","22":"pa_groesse-45-46","23":"pa_groesse-47-48","24":"desktop-align-left","25":"tablet-align-left","26":"mobile-align-left","28":"first","29":"instock","30":"taxable","31":"shipping-taxable","32":"purchasable","33":"product-type-variable"},"yoast_head":"<!-- This site is optimized with the Yoast SEO plugin v27.3 - https:\/\/yoast.com\/product\/yoast-seo-wordpress\/ -->\n<title>Abschirm-Herrenhemd - K\u00f6per - Elektrosmog-Schutz Onlineshop<\/title>\n<meta name=\"description\" content=\"Abschirm-Herrenhemd zur Abschirmung hochfrequenter elektromagnetischer Wellen\" \/>\n<meta name=\"robots\" content=\"index, follow, max-snippet:-1, max-image-preview:large, max-video-preview:-1\" \/>\n<link rel=\"canonical\" href=\"https:\/\/ecologa-europe.com\/shop\/produkt\/abschirm-herrenhemd-koeper\/\" \/>\n<meta property=\"og:locale\" content=\"de_DE\" \/>\n<meta property=\"og:type\" content=\"article\" \/>\n<meta property=\"og:title\" content=\"Abschirm-Herrenhemd - K\u00f6per - Elektrosmog-Schutz Onlineshop\" \/>\n<meta property=\"og:description\" content=\"Abschirm-Herrenhemd zur Abschirmung hochfrequenter elektromagnetischer Wellen\" \/>\n<meta property=\"og:url\" content=\"https:\/\/ecologa-europe.com\/shop\/produkt\/abschirm-herrenhemd-koeper\/\" \/>\n<meta property=\"og:site_name\" content=\"Elektrosmog-Schutz Onlineshop\" \/>\n<meta property=\"article:publisher\" content=\"https:\/\/www.facebook.com\/Ecologa-Europe-GmbH-1604744566252298\/\" \/>\n<meta property=\"article:modified_time\" content=\"2025-12-20T00:56:47+00:00\" \/>\n<meta property=\"og:image\" content=\"https:\/\/ecologa-europe.com\/shop\/wp-content\/uploads\/2025\/04\/hemd_rosa.jpg\" \/>\n\t<meta property=\"og:image:width\" content=\"1772\" \/>\n\t<meta property=\"og:image:height\" content=\"1280\" \/>\n\t<meta property=\"og:image:type\" content=\"image\/jpeg\" \/>\n<meta name=\"twitter:card\" content=\"summary_large_image\" \/>\n<meta name=\"twitter:label1\" content=\"Gesch\u00e4tzte Lesezeit\" \/>\n\t<meta name=\"twitter:data1\" content=\"2\u00a0Minuten\" \/>\n<script type=\"application\/ld+json\" class=\"yoast-schema-graph\">{\"@context\":\"https:\\\/\\\/schema.org\",\"@graph\":[{\"@type\":\"WebPage\",\"@id\":\"https:\\\/\\\/ecologa-europe.com\\\/shop\\\/produkt\\\/abschirm-herrenhemd-koeper\\\/\",\"url\":\"https:\\\/\\\/ecologa-europe.com\\\/shop\\\/produkt\\\/abschirm-herrenhemd-koeper\\\/\",\"name\":\"Abschirm-Herrenhemd - K\u00f6per - Elektrosmog-Schutz Onlineshop\",\"isPartOf\":{\"@id\":\"https:\\\/\\\/ecologa-europe.com\\\/shop\\\/#website\"},\"primaryImageOfPage\":{\"@id\":\"https:\\\/\\\/ecologa-europe.com\\\/shop\\\/produkt\\\/abschirm-herrenhemd-koeper\\\/#primaryimage\"},\"image\":{\"@id\":\"https:\\\/\\\/ecologa-europe.com\\\/shop\\\/produkt\\\/abschirm-herrenhemd-koeper\\\/#primaryimage\"},\"thumbnailUrl\":\"https:\\\/\\\/ecologa-europe.com\\\/shop\\\/wp-content\\\/uploads\\\/2025\\\/04\\\/hemd_rosa.jpg\",\"datePublished\":\"2025-05-16T10:10:40+00:00\",\"dateModified\":\"2025-12-20T00:56:47+00:00\",\"description\":\"Abschirm-Herrenhemd zur Abschirmung hochfrequenter elektromagnetischer Wellen\",\"breadcrumb\":{\"@id\":\"https:\\\/\\\/ecologa-europe.com\\\/shop\\\/produkt\\\/abschirm-herrenhemd-koeper\\\/#breadcrumb\"},\"inLanguage\":\"de\",\"potentialAction\":[{\"@type\":\"ReadAction\",\"target\":[\"https:\\\/\\\/ecologa-europe.com\\\/shop\\\/produkt\\\/abschirm-herrenhemd-koeper\\\/\"]}]},{\"@type\":\"ImageObject\",\"inLanguage\":\"de\",\"@id\":\"https:\\\/\\\/ecologa-europe.com\\\/shop\\\/produkt\\\/abschirm-herrenhemd-koeper\\\/#primaryimage\",\"url\":\"https:\\\/\\\/ecologa-europe.com\\\/shop\\\/wp-content\\\/uploads\\\/2025\\\/04\\\/hemd_rosa.jpg\",\"contentUrl\":\"https:\\\/\\\/ecologa-europe.com\\\/shop\\\/wp-content\\\/uploads\\\/2025\\\/04\\\/hemd_rosa.jpg\",\"width\":1772,\"height\":1280},{\"@type\":\"BreadcrumbList\",\"@id\":\"https:\\\/\\\/ecologa-europe.com\\\/shop\\\/produkt\\\/abschirm-herrenhemd-koeper\\\/#breadcrumb\",\"itemListElement\":[{\"@type\":\"ListItem\",\"position\":1,\"name\":\"Startseite\",\"item\":\"https:\\\/\\\/ecologa-europe.com\\\/shop\\\/\"},{\"@type\":\"ListItem\",\"position\":2,\"name\":\"Shop\",\"item\":\"https:\\\/\\\/ecologa-europe.com\\\/shop\\\/shop\\\/\"},{\"@type\":\"ListItem\",\"position\":3,\"name\":\"Abschirm-Herrenhemd &#8211; K\u00f6per\"}]},{\"@type\":\"WebSite\",\"@id\":\"https:\\\/\\\/ecologa-europe.com\\\/shop\\\/#website\",\"url\":\"https:\\\/\\\/ecologa-europe.com\\\/shop\\\/\",\"name\":\"Elektrosmog-Schutz Onlineshop\",\"description\":\"Ecologa Europe\",\"publisher\":{\"@id\":\"https:\\\/\\\/ecologa-europe.com\\\/shop\\\/#organization\"},\"potentialAction\":[{\"@type\":\"SearchAction\",\"target\":{\"@type\":\"EntryPoint\",\"urlTemplate\":\"https:\\\/\\\/ecologa-europe.com\\\/shop\\\/?s={search_term_string}\"},\"query-input\":{\"@type\":\"PropertyValueSpecification\",\"valueRequired\":true,\"valueName\":\"search_term_string\"}}],\"inLanguage\":\"de\"},{\"@type\":\"Organization\",\"@id\":\"https:\\\/\\\/ecologa-europe.com\\\/shop\\\/#organization\",\"name\":\"Elektrosmog-Schutz Onlineshop\",\"url\":\"https:\\\/\\\/ecologa-europe.com\\\/shop\\\/\",\"logo\":{\"@type\":\"ImageObject\",\"inLanguage\":\"de\",\"@id\":\"https:\\\/\\\/ecologa-europe.com\\\/shop\\\/#\\\/schema\\\/logo\\\/image\\\/\",\"url\":\"https:\\\/\\\/ecologa-europe.com\\\/shop\\\/wp-content\\\/uploads\\\/2025\\\/04\\\/vertical-navbar-logo.svg\",\"contentUrl\":\"https:\\\/\\\/ecologa-europe.com\\\/shop\\\/wp-content\\\/uploads\\\/2025\\\/04\\\/vertical-navbar-logo.svg\",\"width\":182,\"height\":70,\"caption\":\"Elektrosmog-Schutz Onlineshop\"},\"image\":{\"@id\":\"https:\\\/\\\/ecologa-europe.com\\\/shop\\\/#\\\/schema\\\/logo\\\/image\\\/\"},\"sameAs\":[\"https:\\\/\\\/www.facebook.com\\\/Ecologa-Europe-GmbH-1604744566252298\\\/\",\"https:\\\/\\\/www.instagram.com\\\/ecologaeurope\\\/\"]}]}<\/script>\n<!-- \/ Yoast SEO plugin. -->","yoast_head_json":{"title":"Abschirm-Herrenhemd - K\u00f6per - Elektrosmog-Schutz Onlineshop","description":"Abschirm-Herrenhemd zur Abschirmung hochfrequenter elektromagnetischer Wellen","robots":{"index":"index","follow":"follow","max-snippet":"max-snippet:-1","max-image-preview":"max-image-preview:large","max-video-preview":"max-video-preview:-1"},"canonical":"https:\/\/ecologa-europe.com\/shop\/produkt\/abschirm-herrenhemd-koeper\/","og_locale":"de_DE","og_type":"article","og_title":"Abschirm-Herrenhemd - K\u00f6per - Elektrosmog-Schutz Onlineshop","og_description":"Abschirm-Herrenhemd zur Abschirmung hochfrequenter elektromagnetischer Wellen","og_url":"https:\/\/ecologa-europe.com\/shop\/produkt\/abschirm-herrenhemd-koeper\/","og_site_name":"Elektrosmog-Schutz Onlineshop","article_publisher":"https:\/\/www.facebook.com\/Ecologa-Europe-GmbH-1604744566252298\/","article_modified_time":"2025-12-20T00:56:47+00:00","og_image":[{"width":1772,"height":1280,"url":"https:\/\/ecologa-europe.com\/shop\/wp-content\/uploads\/2025\/04\/hemd_rosa.jpg","type":"image\/jpeg"}],"twitter_card":"summary_large_image","twitter_misc":{"Gesch\u00e4tzte Lesezeit":"2\u00a0Minuten"},"schema":{"@context":"https:\/\/schema.org","@graph":[{"@type":"WebPage","@id":"https:\/\/ecologa-europe.com\/shop\/produkt\/abschirm-herrenhemd-koeper\/","url":"https:\/\/ecologa-europe.com\/shop\/produkt\/abschirm-herrenhemd-koeper\/","name":"Abschirm-Herrenhemd - K\u00f6per - Elektrosmog-Schutz Onlineshop","isPartOf":{"@id":"https:\/\/ecologa-europe.com\/shop\/#website"},"primaryImageOfPage":{"@id":"https:\/\/ecologa-europe.com\/shop\/produkt\/abschirm-herrenhemd-koeper\/#primaryimage"},"image":{"@id":"https:\/\/ecologa-europe.com\/shop\/produkt\/abschirm-herrenhemd-koeper\/#primaryimage"},"thumbnailUrl":"https:\/\/ecologa-europe.com\/shop\/wp-content\/uploads\/2025\/04\/hemd_rosa.jpg","datePublished":"2025-05-16T10:10:40+00:00","dateModified":"2025-12-20T00:56:47+00:00","description":"Abschirm-Herrenhemd zur Abschirmung hochfrequenter elektromagnetischer Wellen","breadcrumb":{"@id":"https:\/\/ecologa-europe.com\/shop\/produkt\/abschirm-herrenhemd-koeper\/#breadcrumb"},"inLanguage":"de","potentialAction":[{"@type":"ReadAction","target":["https:\/\/ecologa-europe.com\/shop\/produkt\/abschirm-herrenhemd-koeper\/"]}]},{"@type":"ImageObject","inLanguage":"de","@id":"https:\/\/ecologa-europe.com\/shop\/produkt\/abschirm-herrenhemd-koeper\/#primaryimage","url":"https:\/\/ecologa-europe.com\/shop\/wp-content\/uploads\/2025\/04\/hemd_rosa.jpg","contentUrl":"https:\/\/ecologa-europe.com\/shop\/wp-content\/uploads\/2025\/04\/hemd_rosa.jpg","width":1772,"height":1280},{"@type":"BreadcrumbList","@id":"https:\/\/ecologa-europe.com\/shop\/produkt\/abschirm-herrenhemd-koeper\/#breadcrumb","itemListElement":[{"@type":"ListItem","position":1,"name":"Startseite","item":"https:\/\/ecologa-europe.com\/shop\/"},{"@type":"ListItem","position":2,"name":"Shop","item":"https:\/\/ecologa-europe.com\/shop\/shop\/"},{"@type":"ListItem","position":3,"name":"Abschirm-Herrenhemd &#8211; K\u00f6per"}]},{"@type":"WebSite","@id":"https:\/\/ecologa-europe.com\/shop\/#website","url":"https:\/\/ecologa-europe.com\/shop\/","name":"Elektrosmog-Schutz Onlineshop","description":"Ecologa Europe","publisher":{"@id":"https:\/\/ecologa-europe.com\/shop\/#organization"},"potentialAction":[{"@type":"SearchAction","target":{"@type":"EntryPoint","urlTemplate":"https:\/\/ecologa-europe.com\/shop\/?s={search_term_string}"},"query-input":{"@type":"PropertyValueSpecification","valueRequired":true,"valueName":"search_term_string"}}],"inLanguage":"de"},{"@type":"Organization","@id":"https:\/\/ecologa-europe.com\/shop\/#organization","name":"Elektrosmog-Schutz Onlineshop","url":"https:\/\/ecologa-europe.com\/shop\/","logo":{"@type":"ImageObject","inLanguage":"de","@id":"https:\/\/ecologa-europe.com\/shop\/#\/schema\/logo\/image\/","url":"https:\/\/ecologa-europe.com\/shop\/wp-content\/uploads\/2025\/04\/vertical-navbar-logo.svg","contentUrl":"https:\/\/ecologa-europe.com\/shop\/wp-content\/uploads\/2025\/04\/vertical-navbar-logo.svg","width":182,"height":70,"caption":"Elektrosmog-Schutz Onlineshop"},"image":{"@id":"https:\/\/ecologa-europe.com\/shop\/#\/schema\/logo\/image\/"},"sameAs":["https:\/\/www.facebook.com\/Ecologa-Europe-GmbH-1604744566252298\/","https:\/\/www.instagram.com\/ecologaeurope\/"]}]}},"_links":{"self":[{"href":"https:\/\/ecologa-europe.com\/shop\/wp-json\/wp\/v2\/product\/6626","targetHints":{"allow":["GET"]}}],"collection":[{"href":"https:\/\/ecologa-europe.com\/shop\/wp-json\/wp\/v2\/product"}],"about":[{"href":"https:\/\/ecologa-europe.com\/shop\/wp-json\/wp\/v2\/types\/product"}],"wp:featuredmedia":[{"embeddable":true,"href":"https:\/\/ecologa-europe.com\/shop\/wp-json\/wp\/v2\/media\/433"}],"wp:attachment":[{"href":"https:\/\/ecologa-europe.com\/shop\/wp-json\/wp\/v2\/media?parent=6626"}],"wp:term":[{"taxonomy":"product_brand","embeddable":true,"href":"https:\/\/ecologa-europe.com\/shop\/wp-json\/wp\/v2\/product_brand?post=6626"},{"taxonomy":"product_cat","embeddable":true,"href":"https:\/\/ecologa-europe.com\/shop\/wp-json\/wp\/v2\/product_cat?post=6626"},{"taxonomy":"product_tag","embeddable":true,"href":"https:\/\/ecologa-europe.com\/shop\/wp-json\/wp\/v2\/product_tag?post=6626"}],"curies":[{"name":"wp","href":"https:\/\/api.w.org\/{rel}","templated":true}]}}