{"id":6665,"date":"2025-05-16T10:11:04","date_gmt":"2025-05-16T10:11:04","guid":{"rendered":"https:\/\/639.pm-domains.de\/?post_type=product&#038;p=6665"},"modified":"2026-01-19T13:33:06","modified_gmt":"2026-01-19T13:33:06","slug":"abschirm-softshelljacke-adrik","status":"publish","type":"product","link":"https:\/\/ecologa-europe.com\/shop\/produkt\/abschirm-softshelljacke-adrik\/","title":{"rendered":"Abschirm-Softshelljacke Adrik"},"content":{"rendered":"<p>EINE MULTIFUNKTIONALE ABSCHIRMJACKE !<\/p>\n<p>Unsere Softshell-Jacke ist vielseitig einsetzbar. Sie ist so konzipiert, dass sie Ihnen die besten Bedingungen f\u00fcr Ihre Outdoor-Aktivit\u00e4ten bietet. Dank ihrer wasser- und winddichten Eigenschaften k\u00f6nnen Sie sich in allen Jahreszeiten wohlf\u00fchlen, sei es im Fr\u00fchling, Sommer, Herbst oder Winter.<br \/>\nSie ist durch den hohen Elasthananteil sehr flexibel und bietet einen hohen Tragekomfort.<br \/>\nDer R\u00fccken ist zum Schutz beim Radfahren leicht verl\u00e4ngert.<\/p>\n<p>Unsere Softshell-Jacke \u00fcberzeugt durch viele Details, die sie zum idealen Begleiter machen. Der hohe Kragen sch\u00fctzt vor Wind und K\u00e4lte, und der Rei\u00dfverschluss hat einen Kinnschutz.<br \/>\nDie abnehmbare Kapuze kann mit zwei Gummib\u00e4ndern optimal an den Kopf angepasst werden.<br \/>\nDie Taschen haben Rei\u00dfverschl\u00fcsse.<br \/>\nSie hat eine elastische Kordel mit einem Stopper am Saum zum Einstellen der Weite.<br \/>\nAu\u00dferdem haben wir sie mit reflektierenden Streifen versehen. Diese Streifen sind \u00fcberall dort wirksam, wo es auf Sicherheit ankommt. Sie sind eine wichtige Sichthilfe z.B. beim Joggen, Skifahren oder auf dem Schulweg!<br \/>\nUnsere Adrik-Jacke ist eine hochwertige Funktionsjacke und hat alle Vorteile einer Softshell-Jacke, allerdings besteht das Futter aus einem abgeschirmten Baumwollgewebe, das einen sehr effektiven Schutz gegen hohe Frequenzen zus\u00e4tzlich bietet.<br \/>\nDas Schirmgewebe ist ein Jacquard-Gewebe, das aus gek\u00e4mmter Baumwolle und silbernem Polyamid besteht. Die Beschichtung um die Polyamidfaser ist reines Silber.<br \/>\nSilber ist f\u00fcr die menschliche Gesundheit und die Natur absolut unbedenklich.<br \/>\nDank der innovativen Konstruktion des Gewebes und der Verwendung hochwertiger Materialien bietet dieses Gestrick Schutz vor elektromagnetischer Strahlung.<br \/>\nDas best\u00e4tigt ein Gutachten von Professor Pauli von der Universit\u00e4t der Bundeswehr in M\u00fcnchen.<\/p>\n\n<table id=\"tablepress-1\" class=\"tablepress tablepress-id-1\">\n<thead>\n<tr class=\"row-1\">\n\t<td class=\"column-1\"><\/td><th class=\"column-2\">Frequenz \/ Anwendung (MHz)<\/th><th class=\"column-3\">Dezibel (dB*)<\/th><th class=\"column-4\">Prozent (%)<\/th>\n<\/tr>\n<\/thead>\n<tbody class=\"row-striping row-hover\">\n<tr class=\"row-2\">\n\t<td class=\"column-1\">Tetra 450<\/td><td class=\"column-2\">450MHz<\/td><td class=\"column-3\">33dB<\/td><td class=\"column-4\">99,9%<\/td>\n<\/tr>\n<tr class=\"row-3\">\n\t<td class=\"column-1\">LTE 800<\/td><td class=\"column-2\">800MHz<\/td><td class=\"column-3\">31dB<\/td><td class=\"column-4\">99,9%<\/td>\n<\/tr>\n<tr class=\"row-4\">\n\t<td class=\"column-1\">GSM 900<\/td><td class=\"column-2\">900MHz<\/td><td class=\"column-3\">31dB<\/td><td class=\"column-4\">99,9%<\/td>\n<\/tr>\n<tr class=\"row-5\">\n\t<td class=\"column-1\">GSM 1800<\/td><td class=\"column-2\">1800MHz<\/td><td class=\"column-3\">23dB<\/td><td class=\"column-4\">99%<\/td>\n<\/tr>\n<tr class=\"row-6\">\n\t<td class=\"column-1\">DECT 1800<\/td><td class=\"column-2\">1800MHz<\/td><td class=\"column-3\">23dB<\/td><td class=\"column-4\">99%<\/td>\n<\/tr>\n<tr class=\"row-7\">\n\t<td class=\"column-1\">UMTS 2000<\/td><td class=\"column-2\">2000MHz<\/td><td class=\"column-3\">21dB<\/td><td class=\"column-4\">99%<\/td>\n<\/tr>\n<tr class=\"row-8\">\n\t<td class=\"column-1\">WLAN 2400<\/td><td class=\"column-2\">2400MHz<\/td><td class=\"column-3\">21dB<\/td><td class=\"column-4\">90%<\/td>\n<\/tr>\n<tr class=\"row-9\">\n\t<td class=\"column-1\">LTE 2600<\/td><td class=\"column-2\">2600MHz<\/td><td class=\"column-3\">21dB<\/td><td class=\"column-4\">99%<\/td>\n<\/tr>\n<tr class=\"row-10\">\n\t<td class=\"column-1\">WLAN 5800<\/td><td class=\"column-2\">5800MHz<\/td><td class=\"column-3\">15dB<\/td><td class=\"column-4\">90%<\/td>\n<\/tr>\n<\/tbody>\n<\/table>\n<!-- #tablepress-1 from cache -->\n<p>Hohe Fertigungsqualit\u00e4t<br \/>\nHervorragender Tragekomfort<br \/>\nWasserabweisend<br \/>\nWinddicht<br \/>\nAtmungsaktiv<br \/>\nSoftshell 90% Polyester + 10% Elastan<br \/>\nAbschirmgewebe 89% Baumwolle, 9% Polyamid, 2% Silber<br \/>\nAbnehmbare, verstellbare Kapuze<br \/>\nVerstellbarer Saum<br \/>\nGerader Schnitt<br \/>\nFarbe: schwarz<br \/>\nGr\u00f6\u00dfen: S, M, L<\/p>\n\n<table id=\"tablepress-22\" class=\"tablepress tablepress-id-22\">\n<thead>\n<tr class=\"row-1\">\n\t<th class=\"column-1\">Gr\u00f6\u00dfe<\/th><th class=\"column-2\">S36<\/th><th class=\"column-3\">M38<\/th><th class=\"column-4\">L40<\/th>\n<\/tr>\n<\/thead>\n<tbody class=\"row-striping row-hover\">\n<tr class=\"row-2\">\n\t<td class=\"column-1\">Oberweite 1\/2<\/td><td class=\"column-2\">58<\/td><td class=\"column-3\">59<\/td><td class=\"column-4\">60<\/td>\n<\/tr>\n<tr class=\"row-3\">\n\t<td class=\"column-1\">Taillie 1\/2<\/td><td class=\"column-2\">57<\/td><td class=\"column-3\">58<\/td><td class=\"column-4\">59<\/td>\n<\/tr>\n<tr class=\"row-4\">\n\t<td class=\"column-1\">Saumweite 1\/2<\/td><td class=\"column-2\">57<\/td><td class=\"column-3\">58<\/td><td class=\"column-4\">59<\/td>\n<\/tr>\n<tr class=\"row-5\">\n\t<td class=\"column-1\">Rumpfl\u00e4nge<\/td><td class=\"column-2\">72<\/td><td class=\"column-3\">74<\/td><td class=\"column-4\">78<\/td>\n<\/tr>\n<tr class=\"row-6\">\n\t<td class=\"column-1\">Arml\u00e4nge<\/td><td class=\"column-2\">60<\/td><td class=\"column-3\">62<\/td><td class=\"column-4\">64<\/td>\n<\/tr>\n<\/tbody>\n<\/table>\n<!-- #tablepress-22 from cache -->\n<p><strong>Pflegehinweise<\/strong><\/p>\n<p><em>Vor dem Waschen<\/em><br \/>\nStellen Sie sicher, dass sie ausreichend bel\u00fcftet und gesch\u00fcttelt wird. Die Softshell-Jacke sollte nicht nach jedem Gebrauch gewaschen werden!<br \/>\nWenn die Waschmaschine unvermeidlich ist: Leeren Sie die Taschen und schlie\u00dfen Sie alle Rei\u00dfverschl\u00fcsse und Klettb\u00e4nder.<\/p>\n<p><em>Waschen<\/em><br \/>\nVerwenden Sie am besten ein mildes Fl\u00fcssigwaschmittel. Puder-Waschmittel k\u00f6nnte die Poren der Membranschicht verstopfen und die Atmungsaktivit\u00e4t des Gewebes beeintr\u00e4chtigen.<br \/>\nEin einfacher Waschgang, z. B. f\u00fcr Feinw\u00e4sche, ist bei einer Temperatur von 30 bis 40 \u00b0C optimal.<br \/>\nVerwenden Sie nicht den Schleudergang<br \/>\nEine Softshell-Jacke sollte niemals in den Trockner gegeben werden! Am schonendsten ist es, sie an der Luft zu trocknen, entweder auf einem B\u00fcgel oder auf einem Trockengestell.<\/p>\n","protected":false},"excerpt":{"rendered":"<p><strong>EINE MULTIFUNKTIONALE ABSCHIRMJACKE !<\/strong><\/p>\n<p>Unsere Softshell-Jacke \u00fcberzeugt durch viele Details, die sie zum idealen Begleiter machen. Der hohe Kragen sch\u00fctzt vor Wind und K\u00e4lte, und der Rei\u00dfverschluss hat einen Kinnschutz.<br \/>\nDie abnehmbare Kapuze kann mit zwei Gummib\u00e4ndern optimal an den Kopf angepasst werden.<br \/>\nDie Taschen haben Rei\u00dfverschl\u00fcsse.<br \/>\nSie hat eine elastische Kordel mit einem Stopper am Saum zum Einstellen der Weite.<br \/>\nAu\u00dferdem haben wir sie mit reflektierenden Streifen versehen. Diese Streifen sind \u00fcberall dort wirksam, wo es auf Sicherheit ankommt. Sie sind eine wichtige Sichthilfe z.B. beim Joggen, Skifahren oder auf dem Schulweg!<br \/>\nUnsere Adrik-Jacke ist eine hochwertige Funktionsjacke und hat alle Vorteile einer Softshell-Jacke, allerdings besteht das Futter aus einem abgeschirmten Baumwollgewebe, das einen sehr effektiven Schutz gegen hohe Frequenzen zus\u00e4tzlich bietet.<\/p>\n<p>Farbe: schwarz<br \/>\nGr\u00f6\u00dfen: S, M, L<\/p>\n","protected":false},"featured_media":475,"template":"","meta":{"inline_featured_image":false,"site-sidebar-layout":"default","site-content-layout":"","ast-site-content-layout":"default","site-content-style":"default","site-sidebar-style":"default","ast-global-header-display":"","ast-banner-title-visibility":"","ast-main-header-display":"","ast-hfb-above-header-display":"","ast-hfb-below-header-display":"","ast-hfb-mobile-header-display":"","site-post-title":"","ast-breadcrumbs-content":"","ast-featured-img":"","footer-sml-layout":"","ast-disable-related-posts":"","theme-transparent-header-meta":"default","adv-header-id-meta":"","stick-header-meta":"","header-above-stick-meta":"","header-main-stick-meta":"","header-below-stick-meta":"","astra-migrate-meta-layouts":"set","ast-page-background-enabled":"default","ast-page-background-meta":{"desktop":{"background-color":"var(--ast-global-color-5)","background-image":"","background-repeat":"repeat","background-position":"center center","background-size":"auto","background-attachment":"scroll","background-type":"","background-media":"","overlay-type":"","overlay-color":"","overlay-opacity":"","overlay-gradient":""},"tablet":{"background-color":"","background-image":"","background-repeat":"repeat","background-position":"center center","background-size":"auto","background-attachment":"scroll","background-type":"","background-media":"","overlay-type":"","overlay-color":"","overlay-opacity":"","overlay-gradient":""},"mobile":{"background-color":"","background-image":"","background-repeat":"repeat","background-position":"center center","background-size":"auto","background-attachment":"scroll","background-type":"","background-media":"","overlay-type":"","overlay-color":"","overlay-opacity":"","overlay-gradient":""}},"ast-content-background-meta":{"desktop":{"background-color":"var(--ast-global-color-4)","background-image":"","background-repeat":"repeat","background-position":"center center","background-size":"auto","background-attachment":"scroll","background-type":"","background-media":"","overlay-type":"","overlay-color":"","overlay-opacity":"","overlay-gradient":""},"tablet":{"background-color":"var(--ast-global-color-4)","background-image":"","background-repeat":"repeat","background-position":"center center","background-size":"auto","background-attachment":"scroll","background-type":"","background-media":"","overlay-type":"","overlay-color":"","overlay-opacity":"","overlay-gradient":""},"mobile":{"background-color":"var(--ast-global-color-4)","background-image":"","background-repeat":"repeat","background-position":"center center","background-size":"auto","background-attachment":"scroll","background-type":"","background-media":"","overlay-type":"","overlay-color":"","overlay-opacity":"","overlay-gradient":""}}},"product_brand":[],"product_cat":[16,30,18],"product_tag":[19,68,27],"class_list":{"0":"post-6665","1":"product","2":"type-product","3":"status-publish","4":"has-post-thumbnail","6":"product_cat-abschirmkleidung","7":"product_cat-abschirmkleidung-herren","8":"product_cat-hemd-und-blusen","9":"product_tag-abschirmkleidung","10":"product_tag-schutz-5g","11":"product_tag-schutzkleidung-elektrosmog","12":"product_shipping_class-standardversand","13":"pa_groesse-l","14":"pa_groesse-m","15":"pa_groesse-s","16":"desktop-align-left","17":"tablet-align-left","18":"mobile-align-left","20":"first","21":"instock","22":"taxable","23":"shipping-taxable","24":"purchasable","25":"product-type-variable"},"yoast_head":"<!-- This site is optimized with the Yoast SEO plugin v27.3 - https:\/\/yoast.com\/product\/yoast-seo-wordpress\/ -->\n<title>Abschirm-Softshelljacke Adrik - Elektrosmog-Schutz Onlineshop<\/title>\n<meta name=\"description\" content=\"Dank der innovativen Konstruktion des Gewebes und der Verwendung hochwertiger Materialien bietet diese Softshell Jacke Schutz vor elektromagnetischer Strahlung.\" \/>\n<meta name=\"robots\" content=\"index, follow, max-snippet:-1, max-image-preview:large, max-video-preview:-1\" \/>\n<link rel=\"canonical\" href=\"https:\/\/ecologa-europe.com\/shop\/produkt\/abschirm-softshelljacke-adrik\/\" \/>\n<meta property=\"og:locale\" content=\"de_DE\" \/>\n<meta property=\"og:type\" content=\"article\" \/>\n<meta property=\"og:title\" content=\"Abschirm-Softshelljacke Adrik - Elektrosmog-Schutz Onlineshop\" \/>\n<meta property=\"og:description\" content=\"Dank der innovativen Konstruktion des Gewebes und der Verwendung hochwertiger Materialien bietet diese Softshell Jacke Schutz vor elektromagnetischer Strahlung.\" \/>\n<meta property=\"og:url\" content=\"https:\/\/ecologa-europe.com\/shop\/produkt\/abschirm-softshelljacke-adrik\/\" \/>\n<meta property=\"og:site_name\" content=\"Elektrosmog-Schutz Onlineshop\" \/>\n<meta property=\"article:publisher\" content=\"https:\/\/www.facebook.com\/Ecologa-Europe-GmbH-1604744566252298\/\" \/>\n<meta property=\"article:modified_time\" content=\"2026-01-19T13:33:06+00:00\" \/>\n<meta property=\"og:image\" content=\"https:\/\/ecologa-europe.com\/shop\/wp-content\/uploads\/2025\/04\/adrik_1-1.jpg\" \/>\n\t<meta property=\"og:image:width\" content=\"1772\" \/>\n\t<meta property=\"og:image:height\" content=\"1280\" \/>\n\t<meta property=\"og:image:type\" content=\"image\/jpeg\" \/>\n<meta name=\"twitter:card\" content=\"summary_large_image\" \/>\n<meta name=\"twitter:label1\" content=\"Gesch\u00e4tzte Lesezeit\" \/>\n\t<meta name=\"twitter:data1\" content=\"3\u00a0Minuten\" \/>\n<script type=\"application\/ld+json\" class=\"yoast-schema-graph\">{\"@context\":\"https:\\\/\\\/schema.org\",\"@graph\":[{\"@type\":\"WebPage\",\"@id\":\"https:\\\/\\\/ecologa-europe.com\\\/shop\\\/produkt\\\/abschirm-softshelljacke-adrik\\\/\",\"url\":\"https:\\\/\\\/ecologa-europe.com\\\/shop\\\/produkt\\\/abschirm-softshelljacke-adrik\\\/\",\"name\":\"Abschirm-Softshelljacke Adrik - Elektrosmog-Schutz Onlineshop\",\"isPartOf\":{\"@id\":\"https:\\\/\\\/ecologa-europe.com\\\/shop\\\/#website\"},\"primaryImageOfPage\":{\"@id\":\"https:\\\/\\\/ecologa-europe.com\\\/shop\\\/produkt\\\/abschirm-softshelljacke-adrik\\\/#primaryimage\"},\"image\":{\"@id\":\"https:\\\/\\\/ecologa-europe.com\\\/shop\\\/produkt\\\/abschirm-softshelljacke-adrik\\\/#primaryimage\"},\"thumbnailUrl\":\"https:\\\/\\\/ecologa-europe.com\\\/shop\\\/wp-content\\\/uploads\\\/2025\\\/04\\\/adrik_1-1.jpg\",\"datePublished\":\"2025-05-16T10:11:04+00:00\",\"dateModified\":\"2026-01-19T13:33:06+00:00\",\"description\":\"Dank der innovativen Konstruktion des Gewebes und der Verwendung hochwertiger Materialien bietet diese Softshell Jacke Schutz vor elektromagnetischer Strahlung.\",\"breadcrumb\":{\"@id\":\"https:\\\/\\\/ecologa-europe.com\\\/shop\\\/produkt\\\/abschirm-softshelljacke-adrik\\\/#breadcrumb\"},\"inLanguage\":\"de\",\"potentialAction\":[{\"@type\":\"ReadAction\",\"target\":[\"https:\\\/\\\/ecologa-europe.com\\\/shop\\\/produkt\\\/abschirm-softshelljacke-adrik\\\/\"]}]},{\"@type\":\"ImageObject\",\"inLanguage\":\"de\",\"@id\":\"https:\\\/\\\/ecologa-europe.com\\\/shop\\\/produkt\\\/abschirm-softshelljacke-adrik\\\/#primaryimage\",\"url\":\"https:\\\/\\\/ecologa-europe.com\\\/shop\\\/wp-content\\\/uploads\\\/2025\\\/04\\\/adrik_1-1.jpg\",\"contentUrl\":\"https:\\\/\\\/ecologa-europe.com\\\/shop\\\/wp-content\\\/uploads\\\/2025\\\/04\\\/adrik_1-1.jpg\",\"width\":1772,\"height\":1280},{\"@type\":\"BreadcrumbList\",\"@id\":\"https:\\\/\\\/ecologa-europe.com\\\/shop\\\/produkt\\\/abschirm-softshelljacke-adrik\\\/#breadcrumb\",\"itemListElement\":[{\"@type\":\"ListItem\",\"position\":1,\"name\":\"Startseite\",\"item\":\"https:\\\/\\\/ecologa-europe.com\\\/shop\\\/\"},{\"@type\":\"ListItem\",\"position\":2,\"name\":\"Shop\",\"item\":\"https:\\\/\\\/ecologa-europe.com\\\/shop\\\/shop\\\/\"},{\"@type\":\"ListItem\",\"position\":3,\"name\":\"Abschirm-Softshelljacke Adrik\"}]},{\"@type\":\"WebSite\",\"@id\":\"https:\\\/\\\/ecologa-europe.com\\\/shop\\\/#website\",\"url\":\"https:\\\/\\\/ecologa-europe.com\\\/shop\\\/\",\"name\":\"Elektrosmog-Schutz Onlineshop\",\"description\":\"Ecologa Europe\",\"publisher\":{\"@id\":\"https:\\\/\\\/ecologa-europe.com\\\/shop\\\/#organization\"},\"potentialAction\":[{\"@type\":\"SearchAction\",\"target\":{\"@type\":\"EntryPoint\",\"urlTemplate\":\"https:\\\/\\\/ecologa-europe.com\\\/shop\\\/?s={search_term_string}\"},\"query-input\":{\"@type\":\"PropertyValueSpecification\",\"valueRequired\":true,\"valueName\":\"search_term_string\"}}],\"inLanguage\":\"de\"},{\"@type\":\"Organization\",\"@id\":\"https:\\\/\\\/ecologa-europe.com\\\/shop\\\/#organization\",\"name\":\"Elektrosmog-Schutz Onlineshop\",\"url\":\"https:\\\/\\\/ecologa-europe.com\\\/shop\\\/\",\"logo\":{\"@type\":\"ImageObject\",\"inLanguage\":\"de\",\"@id\":\"https:\\\/\\\/ecologa-europe.com\\\/shop\\\/#\\\/schema\\\/logo\\\/image\\\/\",\"url\":\"https:\\\/\\\/ecologa-europe.com\\\/shop\\\/wp-content\\\/uploads\\\/2025\\\/04\\\/vertical-navbar-logo.svg\",\"contentUrl\":\"https:\\\/\\\/ecologa-europe.com\\\/shop\\\/wp-content\\\/uploads\\\/2025\\\/04\\\/vertical-navbar-logo.svg\",\"width\":182,\"height\":70,\"caption\":\"Elektrosmog-Schutz Onlineshop\"},\"image\":{\"@id\":\"https:\\\/\\\/ecologa-europe.com\\\/shop\\\/#\\\/schema\\\/logo\\\/image\\\/\"},\"sameAs\":[\"https:\\\/\\\/www.facebook.com\\\/Ecologa-Europe-GmbH-1604744566252298\\\/\",\"https:\\\/\\\/www.instagram.com\\\/ecologaeurope\\\/\"]}]}<\/script>\n<!-- \/ Yoast SEO plugin. -->","yoast_head_json":{"title":"Abschirm-Softshelljacke Adrik - Elektrosmog-Schutz Onlineshop","description":"Dank der innovativen Konstruktion des Gewebes und der Verwendung hochwertiger Materialien bietet diese Softshell Jacke Schutz vor elektromagnetischer Strahlung.","robots":{"index":"index","follow":"follow","max-snippet":"max-snippet:-1","max-image-preview":"max-image-preview:large","max-video-preview":"max-video-preview:-1"},"canonical":"https:\/\/ecologa-europe.com\/shop\/produkt\/abschirm-softshelljacke-adrik\/","og_locale":"de_DE","og_type":"article","og_title":"Abschirm-Softshelljacke Adrik - Elektrosmog-Schutz Onlineshop","og_description":"Dank der innovativen Konstruktion des Gewebes und der Verwendung hochwertiger Materialien bietet diese Softshell Jacke Schutz vor elektromagnetischer Strahlung.","og_url":"https:\/\/ecologa-europe.com\/shop\/produkt\/abschirm-softshelljacke-adrik\/","og_site_name":"Elektrosmog-Schutz Onlineshop","article_publisher":"https:\/\/www.facebook.com\/Ecologa-Europe-GmbH-1604744566252298\/","article_modified_time":"2026-01-19T13:33:06+00:00","og_image":[{"width":1772,"height":1280,"url":"https:\/\/ecologa-europe.com\/shop\/wp-content\/uploads\/2025\/04\/adrik_1-1.jpg","type":"image\/jpeg"}],"twitter_card":"summary_large_image","twitter_misc":{"Gesch\u00e4tzte Lesezeit":"3\u00a0Minuten"},"schema":{"@context":"https:\/\/schema.org","@graph":[{"@type":"WebPage","@id":"https:\/\/ecologa-europe.com\/shop\/produkt\/abschirm-softshelljacke-adrik\/","url":"https:\/\/ecologa-europe.com\/shop\/produkt\/abschirm-softshelljacke-adrik\/","name":"Abschirm-Softshelljacke Adrik - Elektrosmog-Schutz Onlineshop","isPartOf":{"@id":"https:\/\/ecologa-europe.com\/shop\/#website"},"primaryImageOfPage":{"@id":"https:\/\/ecologa-europe.com\/shop\/produkt\/abschirm-softshelljacke-adrik\/#primaryimage"},"image":{"@id":"https:\/\/ecologa-europe.com\/shop\/produkt\/abschirm-softshelljacke-adrik\/#primaryimage"},"thumbnailUrl":"https:\/\/ecologa-europe.com\/shop\/wp-content\/uploads\/2025\/04\/adrik_1-1.jpg","datePublished":"2025-05-16T10:11:04+00:00","dateModified":"2026-01-19T13:33:06+00:00","description":"Dank der innovativen Konstruktion des Gewebes und der Verwendung hochwertiger Materialien bietet diese Softshell Jacke Schutz vor elektromagnetischer Strahlung.","breadcrumb":{"@id":"https:\/\/ecologa-europe.com\/shop\/produkt\/abschirm-softshelljacke-adrik\/#breadcrumb"},"inLanguage":"de","potentialAction":[{"@type":"ReadAction","target":["https:\/\/ecologa-europe.com\/shop\/produkt\/abschirm-softshelljacke-adrik\/"]}]},{"@type":"ImageObject","inLanguage":"de","@id":"https:\/\/ecologa-europe.com\/shop\/produkt\/abschirm-softshelljacke-adrik\/#primaryimage","url":"https:\/\/ecologa-europe.com\/shop\/wp-content\/uploads\/2025\/04\/adrik_1-1.jpg","contentUrl":"https:\/\/ecologa-europe.com\/shop\/wp-content\/uploads\/2025\/04\/adrik_1-1.jpg","width":1772,"height":1280},{"@type":"BreadcrumbList","@id":"https:\/\/ecologa-europe.com\/shop\/produkt\/abschirm-softshelljacke-adrik\/#breadcrumb","itemListElement":[{"@type":"ListItem","position":1,"name":"Startseite","item":"https:\/\/ecologa-europe.com\/shop\/"},{"@type":"ListItem","position":2,"name":"Shop","item":"https:\/\/ecologa-europe.com\/shop\/shop\/"},{"@type":"ListItem","position":3,"name":"Abschirm-Softshelljacke Adrik"}]},{"@type":"WebSite","@id":"https:\/\/ecologa-europe.com\/shop\/#website","url":"https:\/\/ecologa-europe.com\/shop\/","name":"Elektrosmog-Schutz Onlineshop","description":"Ecologa Europe","publisher":{"@id":"https:\/\/ecologa-europe.com\/shop\/#organization"},"potentialAction":[{"@type":"SearchAction","target":{"@type":"EntryPoint","urlTemplate":"https:\/\/ecologa-europe.com\/shop\/?s={search_term_string}"},"query-input":{"@type":"PropertyValueSpecification","valueRequired":true,"valueName":"search_term_string"}}],"inLanguage":"de"},{"@type":"Organization","@id":"https:\/\/ecologa-europe.com\/shop\/#organization","name":"Elektrosmog-Schutz Onlineshop","url":"https:\/\/ecologa-europe.com\/shop\/","logo":{"@type":"ImageObject","inLanguage":"de","@id":"https:\/\/ecologa-europe.com\/shop\/#\/schema\/logo\/image\/","url":"https:\/\/ecologa-europe.com\/shop\/wp-content\/uploads\/2025\/04\/vertical-navbar-logo.svg","contentUrl":"https:\/\/ecologa-europe.com\/shop\/wp-content\/uploads\/2025\/04\/vertical-navbar-logo.svg","width":182,"height":70,"caption":"Elektrosmog-Schutz Onlineshop"},"image":{"@id":"https:\/\/ecologa-europe.com\/shop\/#\/schema\/logo\/image\/"},"sameAs":["https:\/\/www.facebook.com\/Ecologa-Europe-GmbH-1604744566252298\/","https:\/\/www.instagram.com\/ecologaeurope\/"]}]}},"_links":{"self":[{"href":"https:\/\/ecologa-europe.com\/shop\/wp-json\/wp\/v2\/product\/6665","targetHints":{"allow":["GET"]}}],"collection":[{"href":"https:\/\/ecologa-europe.com\/shop\/wp-json\/wp\/v2\/product"}],"about":[{"href":"https:\/\/ecologa-europe.com\/shop\/wp-json\/wp\/v2\/types\/product"}],"wp:featuredmedia":[{"embeddable":true,"href":"https:\/\/ecologa-europe.com\/shop\/wp-json\/wp\/v2\/media\/475"}],"wp:attachment":[{"href":"https:\/\/ecologa-europe.com\/shop\/wp-json\/wp\/v2\/media?parent=6665"}],"wp:term":[{"taxonomy":"product_brand","embeddable":true,"href":"https:\/\/ecologa-europe.com\/shop\/wp-json\/wp\/v2\/product_brand?post=6665"},{"taxonomy":"product_cat","embeddable":true,"href":"https:\/\/ecologa-europe.com\/shop\/wp-json\/wp\/v2\/product_cat?post=6665"},{"taxonomy":"product_tag","embeddable":true,"href":"https:\/\/ecologa-europe.com\/shop\/wp-json\/wp\/v2\/product_tag?post=6665"}],"curies":[{"name":"wp","href":"https:\/\/api.w.org\/{rel}","templated":true}]}}