{"id":6682,"date":"2025-05-16T10:11:27","date_gmt":"2025-05-16T10:11:27","guid":{"rendered":"https:\/\/639.pm-domains.de\/?post_type=product&#038;p=6682"},"modified":"2026-01-18T10:20:17","modified_gmt":"2026-01-18T10:20:17","slug":"herren-abschirm-baseballmuetze-tory","status":"publish","type":"product","link":"https:\/\/ecologa-europe.com\/shop\/produkt\/herren-abschirm-baseballmuetze-tory\/","title":{"rendered":"Herren Abschirm Baseballm\u00fctze Tory"},"content":{"rendered":"<p>Die Kappe, wie wir sie heute kennen, wurde 1860 f\u00fcr die Excelsiors geschaffen.<br \/>\nW\u00e4hrend sich das Aussehen der Baseballm\u00fctze seit den 1950er Jahren nicht wesentlich ver\u00e4ndert hat, hat sich die Einstellung zu Kopfbedeckungen weiterentwickelt.<br \/>\nDie Baseballm\u00fctze &#8211; auch als Trucker-Cap bekannt &#8211; wurde in den 1970er und 1980er Jahren immer beliebter. Anfang der 2000er Jahre nahmen die Stadtbewohner die Baseballm\u00fctze als ihre Alltagsuniform an. Dass Fernseh- und Filmstars Baseballm\u00fctzen trugen verwandelte sie schlie\u00dflich in ein Statussymbol.<br \/>\nDies hat auch dazu beigetragen, dass sie nicht mehr einem Geschlecht zugeordnet wird.<br \/>\nHeute bieten Modemarken wie A.P.C., Burberry, Brunello Cucinelli, Gucci und Kenzo allesamt High-End-Versionen der M\u00fctze an, die die Kopfbedeckung in die Welt der Luxusmode \u00fcbertr\u00e4gt.<br \/>\nDieses Modell darf in unserer neuen Kollektion nicht fehlen.<br \/>\nWir bieten es in schwarzer Baumwolle, in Einheitsgr\u00f6\u00dfe an, die Sie jedoch anpassen k\u00f6nnen.<br \/>\nUnser Modell ist streetwear orientiert und wird sich eher f\u00fcr legere Stile eignen. Sie wird ebenso von M\u00e4nnern wie von Frauen getragen.<br \/>\nDiese Baseballm\u00fctze sch\u00fctzt Sie sowohl vor Sonnenstrahlen als auch vor hohen Frequenzen, da sie nat\u00fcrlich mit einem sehr wirksamen Abschirmgewebe gef\u00fcttert ist. Dank der Konstruktion des Abschirmgewebes mit versilberten Kupferf\u00e4den in der Kette und im Schuss sind seine Schutzeigenschaften hervorragend.<\/p>\n\n<table id=\"tablepress-11\" class=\"tablepress tablepress-id-11\">\n<thead>\n<tr class=\"row-1\">\n\t<td class=\"column-1\"><\/td><th class=\"column-2\">Frequenz \/ Anwendung (MHz)<\/th><th class=\"column-3\">Dezibel (dB)<\/th><th class=\"column-4\">Prozent (%)<\/th>\n<\/tr>\n<\/thead>\n<tbody class=\"row-striping row-hover\">\n<tr class=\"row-2\">\n\t<td class=\"column-1\">Tetra 450<\/td><td class=\"column-2\">450MHz<\/td><td class=\"column-3\">30dB<\/td><td class=\"column-4\">99,9%<\/td>\n<\/tr>\n<tr class=\"row-3\">\n\t<td class=\"column-1\">LTE 800<\/td><td class=\"column-2\">800MHz<\/td><td class=\"column-3\">40dB<\/td><td class=\"column-4\">99,99%<\/td>\n<\/tr>\n<tr class=\"row-4\">\n\t<td class=\"column-1\">GSM 900<\/td><td class=\"column-2\">900MHz<\/td><td class=\"column-3\">40dB<\/td><td class=\"column-4\">99,99%<\/td>\n<\/tr>\n<tr class=\"row-5\">\n\t<td class=\"column-1\">GSM 1800<\/td><td class=\"column-2\">1800MHz<\/td><td class=\"column-3\">30dB<\/td><td class=\"column-4\">99,9%<\/td>\n<\/tr>\n<tr class=\"row-6\">\n\t<td class=\"column-1\">DECT 1800<\/td><td class=\"column-2\">1800MHz<\/td><td class=\"column-3\">30dB<\/td><td class=\"column-4\">99,9%<\/td>\n<\/tr>\n<tr class=\"row-7\">\n\t<td class=\"column-1\">UMTS 2000<\/td><td class=\"column-2\">2000MHz<\/td><td class=\"column-3\">30dB<\/td><td class=\"column-4\">99,9%<\/td>\n<\/tr>\n<tr class=\"row-8\">\n\t<td class=\"column-1\">WLAN 2400<\/td><td class=\"column-2\">2400MHz<\/td><td class=\"column-3\">20dB<\/td><td class=\"column-4\">99%<\/td>\n<\/tr>\n<tr class=\"row-9\">\n\t<td class=\"column-1\">LTE 2600<\/td><td class=\"column-2\">2600MHz<\/td><td class=\"column-3\">20dB<\/td><td class=\"column-4\">99%<\/td>\n<\/tr>\n<tr class=\"row-10\">\n\t<td class=\"column-1\">WLAN 5800<\/td><td class=\"column-2\">5800MHz<\/td><td class=\"column-3\">20dB<\/td><td class=\"column-4\">99%<\/td>\n<\/tr>\n<\/tbody>\n<\/table>\n<!-- #tablepress-11 from cache -->\n<p>Pflegehinweis<br \/>\nWaschtemperatur: 30\u00b0C (Feinw\u00e4sche)<br \/>\nTrockner: Nicht im Trockner trocknen<br \/>\nBleichen: Bleichen nicht erlaubt &#8211; Keine Waschmittel mit Bleichmittel.<br \/>\nReinigung: Keine chemische Reinigung<\/p>\n","protected":false},"excerpt":{"rendered":"<p>Zur Abschirmung hochfrequenter elektromagnetischer Wellen<br \/>\nSehr hochwertige Verarbeitung<br \/>\nHoher Tragekomfort<br \/>\nMaterial: 100% Baumwolle<br \/>\nFutter: 90% Polyester, 10% Metall<br \/>\nGr\u00f6\u00dfe: Einheitsgr\u00f6\u00dfe<br \/>\nFarbe: schwarz<br \/>\nSchirmd\u00e4mpfung: ~40 dB von 500 MHz bis 6 GHz<\/p>\n","protected":false},"featured_media":496,"template":"","meta":{"inline_featured_image":false,"site-sidebar-layout":"default","site-content-layout":"","ast-site-content-layout":"default","site-content-style":"default","site-sidebar-style":"default","ast-global-header-display":"","ast-banner-title-visibility":"","ast-main-header-display":"","ast-hfb-above-header-display":"","ast-hfb-below-header-display":"","ast-hfb-mobile-header-display":"","site-post-title":"","ast-breadcrumbs-content":"","ast-featured-img":"","footer-sml-layout":"","ast-disable-related-posts":"","theme-transparent-header-meta":"default","adv-header-id-meta":"","stick-header-meta":"","header-above-stick-meta":"","header-main-stick-meta":"","header-below-stick-meta":"","astra-migrate-meta-layouts":"set","ast-page-background-enabled":"default","ast-page-background-meta":{"desktop":{"background-color":"var(--ast-global-color-5)","background-image":"","background-repeat":"repeat","background-position":"center center","background-size":"auto","background-attachment":"scroll","background-type":"","background-media":"","overlay-type":"","overlay-color":"","overlay-opacity":"","overlay-gradient":""},"tablet":{"background-color":"","background-image":"","background-repeat":"repeat","background-position":"center center","background-size":"auto","background-attachment":"scroll","background-type":"","background-media":"","overlay-type":"","overlay-color":"","overlay-opacity":"","overlay-gradient":""},"mobile":{"background-color":"","background-image":"","background-repeat":"repeat","background-position":"center center","background-size":"auto","background-attachment":"scroll","background-type":"","background-media":"","overlay-type":"","overlay-color":"","overlay-opacity":"","overlay-gradient":""}},"ast-content-background-meta":{"desktop":{"background-color":"var(--ast-global-color-4)","background-image":"","background-repeat":"repeat","background-position":"center center","background-size":"auto","background-attachment":"scroll","background-type":"","background-media":"","overlay-type":"","overlay-color":"","overlay-opacity":"","overlay-gradient":""},"tablet":{"background-color":"var(--ast-global-color-4)","background-image":"","background-repeat":"repeat","background-position":"center center","background-size":"auto","background-attachment":"scroll","background-type":"","background-media":"","overlay-type":"","overlay-color":"","overlay-opacity":"","overlay-gradient":""},"mobile":{"background-color":"var(--ast-global-color-4)","background-image":"","background-repeat":"repeat","background-position":"center center","background-size":"auto","background-attachment":"scroll","background-type":"","background-media":"","overlay-type":"","overlay-color":"","overlay-opacity":"","overlay-gradient":""}}},"product_brand":[],"product_cat":[16,30,23],"product_tag":[32,19,33],"class_list":{"0":"post-6682","1":"product","2":"type-product","3":"status-publish","4":"has-post-thumbnail","6":"product_cat-abschirmkleidung","7":"product_cat-abschirmkleidung-herren","8":"product_cat-accessoires","9":"product_tag-abschirmcap","10":"product_tag-abschirmkleidung","11":"product_tag-schutz-vor-elektrosmog","12":"product_shipping_class-standardversand","13":"pa_farbe-schwarz","14":"desktop-align-left","15":"tablet-align-left","16":"mobile-align-left","18":"first","19":"instock","20":"taxable","21":"shipping-taxable","22":"purchasable","23":"product-type-simple"},"yoast_head":"<!-- This site is optimized with the Yoast SEO plugin v27.3 - https:\/\/yoast.com\/product\/yoast-seo-wordpress\/ -->\n<title>Herren Abschirm Baseballm\u00fctze Tory - Elektrosmog-Schutz Onlineshop<\/title>\n<meta name=\"description\" content=\"Die Baseballm\u00fctze Tory hat ausgezeichnete Abschirmeigenschaften gegen hohe Frequenzen dank ihrer Konstruktion mit versilberten Kupferdr\u00e4hten in Kette und Schuss.\" \/>\n<meta name=\"robots\" content=\"index, follow, max-snippet:-1, max-image-preview:large, max-video-preview:-1\" \/>\n<link rel=\"canonical\" href=\"https:\/\/ecologa-europe.com\/shop\/produkt\/herren-abschirm-baseballmuetze-tory\/\" \/>\n<meta property=\"og:locale\" content=\"de_DE\" \/>\n<meta property=\"og:type\" content=\"article\" \/>\n<meta property=\"og:title\" content=\"Herren Abschirm Baseballm\u00fctze Tory - Elektrosmog-Schutz Onlineshop\" \/>\n<meta property=\"og:description\" content=\"Die Baseballm\u00fctze Tory hat ausgezeichnete Abschirmeigenschaften gegen hohe Frequenzen dank ihrer Konstruktion mit versilberten Kupferdr\u00e4hten in Kette und Schuss.\" \/>\n<meta property=\"og:url\" content=\"https:\/\/ecologa-europe.com\/shop\/produkt\/herren-abschirm-baseballmuetze-tory\/\" \/>\n<meta property=\"og:site_name\" content=\"Elektrosmog-Schutz Onlineshop\" \/>\n<meta property=\"article:publisher\" content=\"https:\/\/www.facebook.com\/Ecologa-Europe-GmbH-1604744566252298\/\" \/>\n<meta property=\"article:modified_time\" content=\"2026-01-18T10:20:17+00:00\" \/>\n<meta property=\"og:image\" content=\"https:\/\/ecologa-europe.com\/shop\/wp-content\/uploads\/2025\/04\/tory_4.jpg\" \/>\n\t<meta property=\"og:image:width\" content=\"1772\" \/>\n\t<meta property=\"og:image:height\" content=\"1280\" \/>\n\t<meta property=\"og:image:type\" content=\"image\/jpeg\" \/>\n<meta name=\"twitter:card\" content=\"summary_large_image\" \/>\n<meta name=\"twitter:label1\" content=\"Gesch\u00e4tzte Lesezeit\" \/>\n\t<meta name=\"twitter:data1\" content=\"2\u00a0Minuten\" \/>\n<script type=\"application\/ld+json\" class=\"yoast-schema-graph\">{\"@context\":\"https:\\\/\\\/schema.org\",\"@graph\":[{\"@type\":\"WebPage\",\"@id\":\"https:\\\/\\\/ecologa-europe.com\\\/shop\\\/produkt\\\/herren-abschirm-baseballmuetze-tory\\\/\",\"url\":\"https:\\\/\\\/ecologa-europe.com\\\/shop\\\/produkt\\\/herren-abschirm-baseballmuetze-tory\\\/\",\"name\":\"Herren Abschirm Baseballm\u00fctze Tory - Elektrosmog-Schutz Onlineshop\",\"isPartOf\":{\"@id\":\"https:\\\/\\\/ecologa-europe.com\\\/shop\\\/#website\"},\"primaryImageOfPage\":{\"@id\":\"https:\\\/\\\/ecologa-europe.com\\\/shop\\\/produkt\\\/herren-abschirm-baseballmuetze-tory\\\/#primaryimage\"},\"image\":{\"@id\":\"https:\\\/\\\/ecologa-europe.com\\\/shop\\\/produkt\\\/herren-abschirm-baseballmuetze-tory\\\/#primaryimage\"},\"thumbnailUrl\":\"https:\\\/\\\/ecologa-europe.com\\\/shop\\\/wp-content\\\/uploads\\\/2025\\\/04\\\/tory_4.jpg\",\"datePublished\":\"2025-05-16T10:11:27+00:00\",\"dateModified\":\"2026-01-18T10:20:17+00:00\",\"description\":\"Die Baseballm\u00fctze Tory hat ausgezeichnete Abschirmeigenschaften gegen hohe Frequenzen dank ihrer Konstruktion mit versilberten Kupferdr\u00e4hten in Kette und Schuss.\",\"breadcrumb\":{\"@id\":\"https:\\\/\\\/ecologa-europe.com\\\/shop\\\/produkt\\\/herren-abschirm-baseballmuetze-tory\\\/#breadcrumb\"},\"inLanguage\":\"de\",\"potentialAction\":[{\"@type\":\"ReadAction\",\"target\":[\"https:\\\/\\\/ecologa-europe.com\\\/shop\\\/produkt\\\/herren-abschirm-baseballmuetze-tory\\\/\"]}]},{\"@type\":\"ImageObject\",\"inLanguage\":\"de\",\"@id\":\"https:\\\/\\\/ecologa-europe.com\\\/shop\\\/produkt\\\/herren-abschirm-baseballmuetze-tory\\\/#primaryimage\",\"url\":\"https:\\\/\\\/ecologa-europe.com\\\/shop\\\/wp-content\\\/uploads\\\/2025\\\/04\\\/tory_4.jpg\",\"contentUrl\":\"https:\\\/\\\/ecologa-europe.com\\\/shop\\\/wp-content\\\/uploads\\\/2025\\\/04\\\/tory_4.jpg\",\"width\":1772,\"height\":1280},{\"@type\":\"BreadcrumbList\",\"@id\":\"https:\\\/\\\/ecologa-europe.com\\\/shop\\\/produkt\\\/herren-abschirm-baseballmuetze-tory\\\/#breadcrumb\",\"itemListElement\":[{\"@type\":\"ListItem\",\"position\":1,\"name\":\"Startseite\",\"item\":\"https:\\\/\\\/ecologa-europe.com\\\/shop\\\/\"},{\"@type\":\"ListItem\",\"position\":2,\"name\":\"Shop\",\"item\":\"https:\\\/\\\/ecologa-europe.com\\\/shop\\\/shop\\\/\"},{\"@type\":\"ListItem\",\"position\":3,\"name\":\"Herren Abschirm Baseballm\u00fctze Tory\"}]},{\"@type\":\"WebSite\",\"@id\":\"https:\\\/\\\/ecologa-europe.com\\\/shop\\\/#website\",\"url\":\"https:\\\/\\\/ecologa-europe.com\\\/shop\\\/\",\"name\":\"Elektrosmog-Schutz Onlineshop\",\"description\":\"Ecologa Europe\",\"publisher\":{\"@id\":\"https:\\\/\\\/ecologa-europe.com\\\/shop\\\/#organization\"},\"potentialAction\":[{\"@type\":\"SearchAction\",\"target\":{\"@type\":\"EntryPoint\",\"urlTemplate\":\"https:\\\/\\\/ecologa-europe.com\\\/shop\\\/?s={search_term_string}\"},\"query-input\":{\"@type\":\"PropertyValueSpecification\",\"valueRequired\":true,\"valueName\":\"search_term_string\"}}],\"inLanguage\":\"de\"},{\"@type\":\"Organization\",\"@id\":\"https:\\\/\\\/ecologa-europe.com\\\/shop\\\/#organization\",\"name\":\"Elektrosmog-Schutz Onlineshop\",\"url\":\"https:\\\/\\\/ecologa-europe.com\\\/shop\\\/\",\"logo\":{\"@type\":\"ImageObject\",\"inLanguage\":\"de\",\"@id\":\"https:\\\/\\\/ecologa-europe.com\\\/shop\\\/#\\\/schema\\\/logo\\\/image\\\/\",\"url\":\"https:\\\/\\\/ecologa-europe.com\\\/shop\\\/wp-content\\\/uploads\\\/2025\\\/04\\\/vertical-navbar-logo.svg\",\"contentUrl\":\"https:\\\/\\\/ecologa-europe.com\\\/shop\\\/wp-content\\\/uploads\\\/2025\\\/04\\\/vertical-navbar-logo.svg\",\"width\":182,\"height\":70,\"caption\":\"Elektrosmog-Schutz Onlineshop\"},\"image\":{\"@id\":\"https:\\\/\\\/ecologa-europe.com\\\/shop\\\/#\\\/schema\\\/logo\\\/image\\\/\"},\"sameAs\":[\"https:\\\/\\\/www.facebook.com\\\/Ecologa-Europe-GmbH-1604744566252298\\\/\",\"https:\\\/\\\/www.instagram.com\\\/ecologaeurope\\\/\"]}]}<\/script>\n<!-- \/ Yoast SEO plugin. -->","yoast_head_json":{"title":"Herren Abschirm Baseballm\u00fctze Tory - Elektrosmog-Schutz Onlineshop","description":"Die Baseballm\u00fctze Tory hat ausgezeichnete Abschirmeigenschaften gegen hohe Frequenzen dank ihrer Konstruktion mit versilberten Kupferdr\u00e4hten in Kette und Schuss.","robots":{"index":"index","follow":"follow","max-snippet":"max-snippet:-1","max-image-preview":"max-image-preview:large","max-video-preview":"max-video-preview:-1"},"canonical":"https:\/\/ecologa-europe.com\/shop\/produkt\/herren-abschirm-baseballmuetze-tory\/","og_locale":"de_DE","og_type":"article","og_title":"Herren Abschirm Baseballm\u00fctze Tory - Elektrosmog-Schutz Onlineshop","og_description":"Die Baseballm\u00fctze Tory hat ausgezeichnete Abschirmeigenschaften gegen hohe Frequenzen dank ihrer Konstruktion mit versilberten Kupferdr\u00e4hten in Kette und Schuss.","og_url":"https:\/\/ecologa-europe.com\/shop\/produkt\/herren-abschirm-baseballmuetze-tory\/","og_site_name":"Elektrosmog-Schutz Onlineshop","article_publisher":"https:\/\/www.facebook.com\/Ecologa-Europe-GmbH-1604744566252298\/","article_modified_time":"2026-01-18T10:20:17+00:00","og_image":[{"width":1772,"height":1280,"url":"https:\/\/ecologa-europe.com\/shop\/wp-content\/uploads\/2025\/04\/tory_4.jpg","type":"image\/jpeg"}],"twitter_card":"summary_large_image","twitter_misc":{"Gesch\u00e4tzte Lesezeit":"2\u00a0Minuten"},"schema":{"@context":"https:\/\/schema.org","@graph":[{"@type":"WebPage","@id":"https:\/\/ecologa-europe.com\/shop\/produkt\/herren-abschirm-baseballmuetze-tory\/","url":"https:\/\/ecologa-europe.com\/shop\/produkt\/herren-abschirm-baseballmuetze-tory\/","name":"Herren Abschirm Baseballm\u00fctze Tory - Elektrosmog-Schutz Onlineshop","isPartOf":{"@id":"https:\/\/ecologa-europe.com\/shop\/#website"},"primaryImageOfPage":{"@id":"https:\/\/ecologa-europe.com\/shop\/produkt\/herren-abschirm-baseballmuetze-tory\/#primaryimage"},"image":{"@id":"https:\/\/ecologa-europe.com\/shop\/produkt\/herren-abschirm-baseballmuetze-tory\/#primaryimage"},"thumbnailUrl":"https:\/\/ecologa-europe.com\/shop\/wp-content\/uploads\/2025\/04\/tory_4.jpg","datePublished":"2025-05-16T10:11:27+00:00","dateModified":"2026-01-18T10:20:17+00:00","description":"Die Baseballm\u00fctze Tory hat ausgezeichnete Abschirmeigenschaften gegen hohe Frequenzen dank ihrer Konstruktion mit versilberten Kupferdr\u00e4hten in Kette und Schuss.","breadcrumb":{"@id":"https:\/\/ecologa-europe.com\/shop\/produkt\/herren-abschirm-baseballmuetze-tory\/#breadcrumb"},"inLanguage":"de","potentialAction":[{"@type":"ReadAction","target":["https:\/\/ecologa-europe.com\/shop\/produkt\/herren-abschirm-baseballmuetze-tory\/"]}]},{"@type":"ImageObject","inLanguage":"de","@id":"https:\/\/ecologa-europe.com\/shop\/produkt\/herren-abschirm-baseballmuetze-tory\/#primaryimage","url":"https:\/\/ecologa-europe.com\/shop\/wp-content\/uploads\/2025\/04\/tory_4.jpg","contentUrl":"https:\/\/ecologa-europe.com\/shop\/wp-content\/uploads\/2025\/04\/tory_4.jpg","width":1772,"height":1280},{"@type":"BreadcrumbList","@id":"https:\/\/ecologa-europe.com\/shop\/produkt\/herren-abschirm-baseballmuetze-tory\/#breadcrumb","itemListElement":[{"@type":"ListItem","position":1,"name":"Startseite","item":"https:\/\/ecologa-europe.com\/shop\/"},{"@type":"ListItem","position":2,"name":"Shop","item":"https:\/\/ecologa-europe.com\/shop\/shop\/"},{"@type":"ListItem","position":3,"name":"Herren Abschirm Baseballm\u00fctze Tory"}]},{"@type":"WebSite","@id":"https:\/\/ecologa-europe.com\/shop\/#website","url":"https:\/\/ecologa-europe.com\/shop\/","name":"Elektrosmog-Schutz Onlineshop","description":"Ecologa Europe","publisher":{"@id":"https:\/\/ecologa-europe.com\/shop\/#organization"},"potentialAction":[{"@type":"SearchAction","target":{"@type":"EntryPoint","urlTemplate":"https:\/\/ecologa-europe.com\/shop\/?s={search_term_string}"},"query-input":{"@type":"PropertyValueSpecification","valueRequired":true,"valueName":"search_term_string"}}],"inLanguage":"de"},{"@type":"Organization","@id":"https:\/\/ecologa-europe.com\/shop\/#organization","name":"Elektrosmog-Schutz Onlineshop","url":"https:\/\/ecologa-europe.com\/shop\/","logo":{"@type":"ImageObject","inLanguage":"de","@id":"https:\/\/ecologa-europe.com\/shop\/#\/schema\/logo\/image\/","url":"https:\/\/ecologa-europe.com\/shop\/wp-content\/uploads\/2025\/04\/vertical-navbar-logo.svg","contentUrl":"https:\/\/ecologa-europe.com\/shop\/wp-content\/uploads\/2025\/04\/vertical-navbar-logo.svg","width":182,"height":70,"caption":"Elektrosmog-Schutz Onlineshop"},"image":{"@id":"https:\/\/ecologa-europe.com\/shop\/#\/schema\/logo\/image\/"},"sameAs":["https:\/\/www.facebook.com\/Ecologa-Europe-GmbH-1604744566252298\/","https:\/\/www.instagram.com\/ecologaeurope\/"]}]}},"_links":{"self":[{"href":"https:\/\/ecologa-europe.com\/shop\/wp-json\/wp\/v2\/product\/6682","targetHints":{"allow":["GET"]}}],"collection":[{"href":"https:\/\/ecologa-europe.com\/shop\/wp-json\/wp\/v2\/product"}],"about":[{"href":"https:\/\/ecologa-europe.com\/shop\/wp-json\/wp\/v2\/types\/product"}],"wp:featuredmedia":[{"embeddable":true,"href":"https:\/\/ecologa-europe.com\/shop\/wp-json\/wp\/v2\/media\/496"}],"wp:attachment":[{"href":"https:\/\/ecologa-europe.com\/shop\/wp-json\/wp\/v2\/media?parent=6682"}],"wp:term":[{"taxonomy":"product_brand","embeddable":true,"href":"https:\/\/ecologa-europe.com\/shop\/wp-json\/wp\/v2\/product_brand?post=6682"},{"taxonomy":"product_cat","embeddable":true,"href":"https:\/\/ecologa-europe.com\/shop\/wp-json\/wp\/v2\/product_cat?post=6682"},{"taxonomy":"product_tag","embeddable":true,"href":"https:\/\/ecologa-europe.com\/shop\/wp-json\/wp\/v2\/product_tag?post=6682"}],"curies":[{"name":"wp","href":"https:\/\/api.w.org\/{rel}","templated":true}]}}