{"id":6698,"date":"2025-05-16T10:11:53","date_gmt":"2025-05-16T10:11:53","guid":{"rendered":"https:\/\/639.pm-domains.de\/?post_type=product&#038;p=6698"},"modified":"2026-01-18T10:03:07","modified_gmt":"2026-01-18T10:03:07","slug":"herren-abschirmschal-calix-merino-kaschmir","status":"publish","type":"product","link":"https:\/\/ecologa-europe.com\/shop\/produkt\/herren-abschirmschal-calix-merino-kaschmir\/","title":{"rendered":"Herren Abschirmschal Calix, Merino\/Kaschmir"},"content":{"rendered":"<p>Herbst und Winter sind die perfekte Zeit, um modische und warme Schals zu tragen.<br \/>\nDer Schal ist nicht nur der beste Verb\u00fcndete f\u00fcr kalte Tage, sondern auch ein Must-Have f\u00fcr jeden Kleiderschrank\u00b8 er ist dazu da, Ihre Outfits aufzupeppen.<br \/>\nUnser neues Modell ist ein gro\u00dfer Klassiker, der auch heute noch aktuell ist. Es ist sehr schlicht, verleiht Ihrem Outfit aber einen deutlich raffinierteren Look. Wir pr\u00e4sentieren sie in Uni, Grau, Burgunderrot und Gr\u00fcn.<br \/>\nCalix ist aus einer Kombination von edlen Materialien, Merino\/Kaschmir, hergestellt. Wir haben diesen Schal extra stricken lassen.<br \/>\nMerino ist eine aus Spanien stammende Schafrasse, die haupts\u00e4chlich wegen ihrer Wolle gez\u00fcchtet wird. Die Merinorasse ist der Weltmeister in der Wollproduktion. Merinowolle ist wegen ihrer Feinheit besonders begehrt.<br \/>\nKaschmir ist benannt nach der Kaschmirziege aus der Mongolei und dem Himalaya-Hochland von Ladakh und Tibet, der so genannten Kaschmirregion in Nordindien. Die Kaschmirfaser ist f\u00fcr ihre Weichheit und W\u00e4rme bekannt. Es handelt sich um die feinste tierische Faser der Welt, die etwa 15 bis 20 Mikrometer dick ist.<\/p>\n<p>Calix ist unisex.<\/p>\n<p>Der Schal ist mit einer abschirmenden Bio-Baumwolle gef\u00fcttert. Es handelt es sich um ein rechts-links Jacquard-Gestrick, in einer Kombination aus gek\u00e4mmter Baumwolle und mit Silber beschichtetem Polyamid. Die Beschichtung besteht nicht aus umstrittenem Nanosilber, sondern aus Reinsilber, das die gesamte Polyamidfaser umgibt. Das metallische Silber ist f\u00fcr die Gesundheit des Menschen und f\u00fcr die Natur absolut unsch\u00e4dlich.<br \/>\nDurch den innovativen Aufbau der Stoffkonstruktion und den Einsatz hochwertiger Materialien sch\u00fctzt dieses Gestrick vor elektromagnetischer Strahlung.<\/p>\n\n<table id=\"tablepress-1\" class=\"tablepress tablepress-id-1\">\n<thead>\n<tr class=\"row-1\">\n\t<td class=\"column-1\"><\/td><th class=\"column-2\">Frequenz \/ Anwendung (MHz)<\/th><th class=\"column-3\">Dezibel (dB*)<\/th><th class=\"column-4\">Prozent (%)<\/th>\n<\/tr>\n<\/thead>\n<tbody class=\"row-striping row-hover\">\n<tr class=\"row-2\">\n\t<td class=\"column-1\">Tetra 450<\/td><td class=\"column-2\">450MHz<\/td><td class=\"column-3\">33dB<\/td><td class=\"column-4\">99,9%<\/td>\n<\/tr>\n<tr class=\"row-3\">\n\t<td class=\"column-1\">LTE 800<\/td><td class=\"column-2\">800MHz<\/td><td class=\"column-3\">31dB<\/td><td class=\"column-4\">99,9%<\/td>\n<\/tr>\n<tr class=\"row-4\">\n\t<td class=\"column-1\">GSM 900<\/td><td class=\"column-2\">900MHz<\/td><td class=\"column-3\">31dB<\/td><td class=\"column-4\">99,9%<\/td>\n<\/tr>\n<tr class=\"row-5\">\n\t<td class=\"column-1\">GSM 1800<\/td><td class=\"column-2\">1800MHz<\/td><td class=\"column-3\">23dB<\/td><td class=\"column-4\">99%<\/td>\n<\/tr>\n<tr class=\"row-6\">\n\t<td class=\"column-1\">DECT 1800<\/td><td class=\"column-2\">1800MHz<\/td><td class=\"column-3\">23dB<\/td><td class=\"column-4\">99%<\/td>\n<\/tr>\n<tr class=\"row-7\">\n\t<td class=\"column-1\">UMTS 2000<\/td><td class=\"column-2\">2000MHz<\/td><td class=\"column-3\">21dB<\/td><td class=\"column-4\">99%<\/td>\n<\/tr>\n<tr class=\"row-8\">\n\t<td class=\"column-1\">WLAN 2400<\/td><td class=\"column-2\">2400MHz<\/td><td class=\"column-3\">21dB<\/td><td class=\"column-4\">90%<\/td>\n<\/tr>\n<tr class=\"row-9\">\n\t<td class=\"column-1\">LTE 2600<\/td><td class=\"column-2\">2600MHz<\/td><td class=\"column-3\">21dB<\/td><td class=\"column-4\">99%<\/td>\n<\/tr>\n<tr class=\"row-10\">\n\t<td class=\"column-1\">WLAN 5800<\/td><td class=\"column-2\">5800MHz<\/td><td class=\"column-3\">15dB<\/td><td class=\"column-4\">90%<\/td>\n<\/tr>\n<\/tbody>\n<\/table>\n<!-- #tablepress-1 from cache -->\n<p>Die Ma\u00dfe des Schals sind ca. 40 cm breit und 180 cm lang.<br \/>\nMaterial: 47% Merinowolle, 30% Viskose, 15% Polyamid, 8% Kaschmir<br \/>\nFutter: 89% Baumwolle, 9% Polyamid, 2% Silber<br \/>\nFarben: Burgunderrot, Mittelgrau, Weinlaubgr\u00fcn<\/p>\n<p>Pflege: Handw\u00e4sche<br \/>\nNicht im Tumbler oder W\u00e4schetrockner trocknen<br \/>\nKeine Chemikalien oder Chlor verwenden<\/p>\n","protected":false},"excerpt":{"rendered":"<p>Zur Abschirmung hochfrequenter elektromagnetischer Wellen<br \/>\nSehr hochwertige Verarbeitung<br \/>\nCalix ist aus einer Kombination von edlen Materialien, Merino\/Kaschmir, hergestellt. Wir haben diesen Schal extra stricken lassen.<br \/>\nHoher Tragekomfort<br \/>\nZusammensetzung:<br \/>\nAbschirmgewebe: 89% Baumwolle, 9% Polyamid, 2% Silber (Organic Cotton, kbA (kontrolliert biologischer Anbau)<br \/>\nGr\u00f6\u00dfe: ca. 40 cm breit und 180 cm lang.<br \/>\nFarbe: Burgunderrot, Mittelgrau, Weinlaubgr\u00fcn<br \/>\nUnisex<br \/>\nHergestellt in Deutschland<br \/>\nSchirmd\u00e4mpfung:\u00a0 max. in %: &gt; 99,0 %<\/p>\n","protected":false},"featured_media":498,"template":"","meta":{"inline_featured_image":false,"site-sidebar-layout":"default","site-content-layout":"","ast-site-content-layout":"default","site-content-style":"default","site-sidebar-style":"default","ast-global-header-display":"","ast-banner-title-visibility":"","ast-main-header-display":"","ast-hfb-above-header-display":"","ast-hfb-below-header-display":"","ast-hfb-mobile-header-display":"","site-post-title":"","ast-breadcrumbs-content":"","ast-featured-img":"","footer-sml-layout":"","ast-disable-related-posts":"","theme-transparent-header-meta":"default","adv-header-id-meta":"","stick-header-meta":"","header-above-stick-meta":"","header-main-stick-meta":"","header-below-stick-meta":"","astra-migrate-meta-layouts":"set","ast-page-background-enabled":"default","ast-page-background-meta":{"desktop":{"background-color":"var(--ast-global-color-5)","background-image":"","background-repeat":"repeat","background-position":"center center","background-size":"auto","background-attachment":"scroll","background-type":"","background-media":"","overlay-type":"","overlay-color":"","overlay-opacity":"","overlay-gradient":""},"tablet":{"background-color":"","background-image":"","background-repeat":"repeat","background-position":"center center","background-size":"auto","background-attachment":"scroll","background-type":"","background-media":"","overlay-type":"","overlay-color":"","overlay-opacity":"","overlay-gradient":""},"mobile":{"background-color":"","background-image":"","background-repeat":"repeat","background-position":"center center","background-size":"auto","background-attachment":"scroll","background-type":"","background-media":"","overlay-type":"","overlay-color":"","overlay-opacity":"","overlay-gradient":""}},"ast-content-background-meta":{"desktop":{"background-color":"var(--ast-global-color-4)","background-image":"","background-repeat":"repeat","background-position":"center center","background-size":"auto","background-attachment":"scroll","background-type":"","background-media":"","overlay-type":"","overlay-color":"","overlay-opacity":"","overlay-gradient":""},"tablet":{"background-color":"var(--ast-global-color-4)","background-image":"","background-repeat":"repeat","background-position":"center center","background-size":"auto","background-attachment":"scroll","background-type":"","background-media":"","overlay-type":"","overlay-color":"","overlay-opacity":"","overlay-gradient":""},"mobile":{"background-color":"var(--ast-global-color-4)","background-image":"","background-repeat":"repeat","background-position":"center center","background-size":"auto","background-attachment":"scroll","background-type":"","background-media":"","overlay-type":"","overlay-color":"","overlay-opacity":"","overlay-gradient":""}}},"product_brand":[],"product_cat":[16,30,23],"product_tag":[19,71,33],"class_list":{"0":"post-6698","1":"product","2":"type-product","3":"status-publish","4":"has-post-thumbnail","6":"product_cat-abschirmkleidung","7":"product_cat-abschirmkleidung-herren","8":"product_cat-accessoires","9":"product_tag-abschirmkleidung","10":"product_tag-hochfrequenz","11":"product_tag-schutz-vor-elektrosmog","12":"product_shipping_class-standardversand","13":"pa_farbe-burgunderrot","14":"pa_farbe-mittelgrau","15":"pa_farbe-weinlaubgruen","16":"desktop-align-left","17":"tablet-align-left","18":"mobile-align-left","20":"first","21":"instock","22":"taxable","23":"shipping-taxable","24":"purchasable","25":"product-type-variable"},"yoast_head":"<!-- This site is optimized with the Yoast SEO plugin v27.3 - https:\/\/yoast.com\/product\/yoast-seo-wordpress\/ -->\n<title>Herren Abschirmschal Calix, Merino\/Kaschmir - Elektrosmog-Schutz Onlineshop<\/title>\n<meta name=\"description\" content=\"Unisex-Schal aus Merino\/Kaschmir, gef\u00fcttert mit Abschirm- Bio-Baumwolle f\u00fcr optimalen Schutz vor hohen Frequenzen.\" \/>\n<meta name=\"robots\" content=\"index, follow, max-snippet:-1, max-image-preview:large, max-video-preview:-1\" \/>\n<link rel=\"canonical\" href=\"https:\/\/ecologa-europe.com\/shop\/produkt\/herren-abschirmschal-calix-merino-kaschmir\/\" \/>\n<meta property=\"og:locale\" content=\"de_DE\" \/>\n<meta property=\"og:type\" content=\"article\" \/>\n<meta property=\"og:title\" content=\"Herren Abschirmschal Calix, Merino\/Kaschmir - Elektrosmog-Schutz Onlineshop\" \/>\n<meta property=\"og:description\" content=\"Unisex-Schal aus Merino\/Kaschmir, gef\u00fcttert mit Abschirm- Bio-Baumwolle f\u00fcr optimalen Schutz vor hohen Frequenzen.\" \/>\n<meta property=\"og:url\" content=\"https:\/\/ecologa-europe.com\/shop\/produkt\/herren-abschirmschal-calix-merino-kaschmir\/\" \/>\n<meta property=\"og:site_name\" content=\"Elektrosmog-Schutz Onlineshop\" \/>\n<meta property=\"article:publisher\" content=\"https:\/\/www.facebook.com\/Ecologa-Europe-GmbH-1604744566252298\/\" \/>\n<meta property=\"article:modified_time\" content=\"2026-01-18T10:03:07+00:00\" \/>\n<meta property=\"og:image\" content=\"https:\/\/ecologa-europe.com\/shop\/wp-content\/uploads\/2025\/04\/Schal_merino_herren_2.jpg\" \/>\n\t<meta property=\"og:image:width\" content=\"1772\" \/>\n\t<meta property=\"og:image:height\" content=\"1280\" \/>\n\t<meta property=\"og:image:type\" content=\"image\/jpeg\" \/>\n<meta name=\"twitter:card\" content=\"summary_large_image\" \/>\n<meta name=\"twitter:label1\" content=\"Gesch\u00e4tzte Lesezeit\" \/>\n\t<meta name=\"twitter:data1\" content=\"2\u00a0Minuten\" \/>\n<script type=\"application\/ld+json\" class=\"yoast-schema-graph\">{\"@context\":\"https:\\\/\\\/schema.org\",\"@graph\":[{\"@type\":\"WebPage\",\"@id\":\"https:\\\/\\\/ecologa-europe.com\\\/shop\\\/produkt\\\/herren-abschirmschal-calix-merino-kaschmir\\\/\",\"url\":\"https:\\\/\\\/ecologa-europe.com\\\/shop\\\/produkt\\\/herren-abschirmschal-calix-merino-kaschmir\\\/\",\"name\":\"Herren Abschirmschal Calix, Merino\\\/Kaschmir - Elektrosmog-Schutz Onlineshop\",\"isPartOf\":{\"@id\":\"https:\\\/\\\/ecologa-europe.com\\\/shop\\\/#website\"},\"primaryImageOfPage\":{\"@id\":\"https:\\\/\\\/ecologa-europe.com\\\/shop\\\/produkt\\\/herren-abschirmschal-calix-merino-kaschmir\\\/#primaryimage\"},\"image\":{\"@id\":\"https:\\\/\\\/ecologa-europe.com\\\/shop\\\/produkt\\\/herren-abschirmschal-calix-merino-kaschmir\\\/#primaryimage\"},\"thumbnailUrl\":\"https:\\\/\\\/ecologa-europe.com\\\/shop\\\/wp-content\\\/uploads\\\/2025\\\/04\\\/Schal_merino_herren_2.jpg\",\"datePublished\":\"2025-05-16T10:11:53+00:00\",\"dateModified\":\"2026-01-18T10:03:07+00:00\",\"description\":\"Unisex-Schal aus Merino\\\/Kaschmir, gef\u00fcttert mit Abschirm- Bio-Baumwolle f\u00fcr optimalen Schutz vor hohen Frequenzen.\",\"breadcrumb\":{\"@id\":\"https:\\\/\\\/ecologa-europe.com\\\/shop\\\/produkt\\\/herren-abschirmschal-calix-merino-kaschmir\\\/#breadcrumb\"},\"inLanguage\":\"de\",\"potentialAction\":[{\"@type\":\"ReadAction\",\"target\":[\"https:\\\/\\\/ecologa-europe.com\\\/shop\\\/produkt\\\/herren-abschirmschal-calix-merino-kaschmir\\\/\"]}]},{\"@type\":\"ImageObject\",\"inLanguage\":\"de\",\"@id\":\"https:\\\/\\\/ecologa-europe.com\\\/shop\\\/produkt\\\/herren-abschirmschal-calix-merino-kaschmir\\\/#primaryimage\",\"url\":\"https:\\\/\\\/ecologa-europe.com\\\/shop\\\/wp-content\\\/uploads\\\/2025\\\/04\\\/Schal_merino_herren_2.jpg\",\"contentUrl\":\"https:\\\/\\\/ecologa-europe.com\\\/shop\\\/wp-content\\\/uploads\\\/2025\\\/04\\\/Schal_merino_herren_2.jpg\",\"width\":1772,\"height\":1280},{\"@type\":\"BreadcrumbList\",\"@id\":\"https:\\\/\\\/ecologa-europe.com\\\/shop\\\/produkt\\\/herren-abschirmschal-calix-merino-kaschmir\\\/#breadcrumb\",\"itemListElement\":[{\"@type\":\"ListItem\",\"position\":1,\"name\":\"Startseite\",\"item\":\"https:\\\/\\\/ecologa-europe.com\\\/shop\\\/\"},{\"@type\":\"ListItem\",\"position\":2,\"name\":\"Shop\",\"item\":\"https:\\\/\\\/ecologa-europe.com\\\/shop\\\/shop\\\/\"},{\"@type\":\"ListItem\",\"position\":3,\"name\":\"Herren Abschirmschal Calix, Merino\\\/Kaschmir\"}]},{\"@type\":\"WebSite\",\"@id\":\"https:\\\/\\\/ecologa-europe.com\\\/shop\\\/#website\",\"url\":\"https:\\\/\\\/ecologa-europe.com\\\/shop\\\/\",\"name\":\"Elektrosmog-Schutz Onlineshop\",\"description\":\"Ecologa Europe\",\"publisher\":{\"@id\":\"https:\\\/\\\/ecologa-europe.com\\\/shop\\\/#organization\"},\"potentialAction\":[{\"@type\":\"SearchAction\",\"target\":{\"@type\":\"EntryPoint\",\"urlTemplate\":\"https:\\\/\\\/ecologa-europe.com\\\/shop\\\/?s={search_term_string}\"},\"query-input\":{\"@type\":\"PropertyValueSpecification\",\"valueRequired\":true,\"valueName\":\"search_term_string\"}}],\"inLanguage\":\"de\"},{\"@type\":\"Organization\",\"@id\":\"https:\\\/\\\/ecologa-europe.com\\\/shop\\\/#organization\",\"name\":\"Elektrosmog-Schutz Onlineshop\",\"url\":\"https:\\\/\\\/ecologa-europe.com\\\/shop\\\/\",\"logo\":{\"@type\":\"ImageObject\",\"inLanguage\":\"de\",\"@id\":\"https:\\\/\\\/ecologa-europe.com\\\/shop\\\/#\\\/schema\\\/logo\\\/image\\\/\",\"url\":\"https:\\\/\\\/ecologa-europe.com\\\/shop\\\/wp-content\\\/uploads\\\/2025\\\/04\\\/vertical-navbar-logo.svg\",\"contentUrl\":\"https:\\\/\\\/ecologa-europe.com\\\/shop\\\/wp-content\\\/uploads\\\/2025\\\/04\\\/vertical-navbar-logo.svg\",\"width\":182,\"height\":70,\"caption\":\"Elektrosmog-Schutz Onlineshop\"},\"image\":{\"@id\":\"https:\\\/\\\/ecologa-europe.com\\\/shop\\\/#\\\/schema\\\/logo\\\/image\\\/\"},\"sameAs\":[\"https:\\\/\\\/www.facebook.com\\\/Ecologa-Europe-GmbH-1604744566252298\\\/\",\"https:\\\/\\\/www.instagram.com\\\/ecologaeurope\\\/\"]}]}<\/script>\n<!-- \/ Yoast SEO plugin. -->","yoast_head_json":{"title":"Herren Abschirmschal Calix, Merino\/Kaschmir - Elektrosmog-Schutz Onlineshop","description":"Unisex-Schal aus Merino\/Kaschmir, gef\u00fcttert mit Abschirm- Bio-Baumwolle f\u00fcr optimalen Schutz vor hohen Frequenzen.","robots":{"index":"index","follow":"follow","max-snippet":"max-snippet:-1","max-image-preview":"max-image-preview:large","max-video-preview":"max-video-preview:-1"},"canonical":"https:\/\/ecologa-europe.com\/shop\/produkt\/herren-abschirmschal-calix-merino-kaschmir\/","og_locale":"de_DE","og_type":"article","og_title":"Herren Abschirmschal Calix, Merino\/Kaschmir - Elektrosmog-Schutz Onlineshop","og_description":"Unisex-Schal aus Merino\/Kaschmir, gef\u00fcttert mit Abschirm- Bio-Baumwolle f\u00fcr optimalen Schutz vor hohen Frequenzen.","og_url":"https:\/\/ecologa-europe.com\/shop\/produkt\/herren-abschirmschal-calix-merino-kaschmir\/","og_site_name":"Elektrosmog-Schutz Onlineshop","article_publisher":"https:\/\/www.facebook.com\/Ecologa-Europe-GmbH-1604744566252298\/","article_modified_time":"2026-01-18T10:03:07+00:00","og_image":[{"width":1772,"height":1280,"url":"https:\/\/ecologa-europe.com\/shop\/wp-content\/uploads\/2025\/04\/Schal_merino_herren_2.jpg","type":"image\/jpeg"}],"twitter_card":"summary_large_image","twitter_misc":{"Gesch\u00e4tzte Lesezeit":"2\u00a0Minuten"},"schema":{"@context":"https:\/\/schema.org","@graph":[{"@type":"WebPage","@id":"https:\/\/ecologa-europe.com\/shop\/produkt\/herren-abschirmschal-calix-merino-kaschmir\/","url":"https:\/\/ecologa-europe.com\/shop\/produkt\/herren-abschirmschal-calix-merino-kaschmir\/","name":"Herren Abschirmschal Calix, Merino\/Kaschmir - Elektrosmog-Schutz Onlineshop","isPartOf":{"@id":"https:\/\/ecologa-europe.com\/shop\/#website"},"primaryImageOfPage":{"@id":"https:\/\/ecologa-europe.com\/shop\/produkt\/herren-abschirmschal-calix-merino-kaschmir\/#primaryimage"},"image":{"@id":"https:\/\/ecologa-europe.com\/shop\/produkt\/herren-abschirmschal-calix-merino-kaschmir\/#primaryimage"},"thumbnailUrl":"https:\/\/ecologa-europe.com\/shop\/wp-content\/uploads\/2025\/04\/Schal_merino_herren_2.jpg","datePublished":"2025-05-16T10:11:53+00:00","dateModified":"2026-01-18T10:03:07+00:00","description":"Unisex-Schal aus Merino\/Kaschmir, gef\u00fcttert mit Abschirm- Bio-Baumwolle f\u00fcr optimalen Schutz vor hohen Frequenzen.","breadcrumb":{"@id":"https:\/\/ecologa-europe.com\/shop\/produkt\/herren-abschirmschal-calix-merino-kaschmir\/#breadcrumb"},"inLanguage":"de","potentialAction":[{"@type":"ReadAction","target":["https:\/\/ecologa-europe.com\/shop\/produkt\/herren-abschirmschal-calix-merino-kaschmir\/"]}]},{"@type":"ImageObject","inLanguage":"de","@id":"https:\/\/ecologa-europe.com\/shop\/produkt\/herren-abschirmschal-calix-merino-kaschmir\/#primaryimage","url":"https:\/\/ecologa-europe.com\/shop\/wp-content\/uploads\/2025\/04\/Schal_merino_herren_2.jpg","contentUrl":"https:\/\/ecologa-europe.com\/shop\/wp-content\/uploads\/2025\/04\/Schal_merino_herren_2.jpg","width":1772,"height":1280},{"@type":"BreadcrumbList","@id":"https:\/\/ecologa-europe.com\/shop\/produkt\/herren-abschirmschal-calix-merino-kaschmir\/#breadcrumb","itemListElement":[{"@type":"ListItem","position":1,"name":"Startseite","item":"https:\/\/ecologa-europe.com\/shop\/"},{"@type":"ListItem","position":2,"name":"Shop","item":"https:\/\/ecologa-europe.com\/shop\/shop\/"},{"@type":"ListItem","position":3,"name":"Herren Abschirmschal Calix, Merino\/Kaschmir"}]},{"@type":"WebSite","@id":"https:\/\/ecologa-europe.com\/shop\/#website","url":"https:\/\/ecologa-europe.com\/shop\/","name":"Elektrosmog-Schutz Onlineshop","description":"Ecologa Europe","publisher":{"@id":"https:\/\/ecologa-europe.com\/shop\/#organization"},"potentialAction":[{"@type":"SearchAction","target":{"@type":"EntryPoint","urlTemplate":"https:\/\/ecologa-europe.com\/shop\/?s={search_term_string}"},"query-input":{"@type":"PropertyValueSpecification","valueRequired":true,"valueName":"search_term_string"}}],"inLanguage":"de"},{"@type":"Organization","@id":"https:\/\/ecologa-europe.com\/shop\/#organization","name":"Elektrosmog-Schutz Onlineshop","url":"https:\/\/ecologa-europe.com\/shop\/","logo":{"@type":"ImageObject","inLanguage":"de","@id":"https:\/\/ecologa-europe.com\/shop\/#\/schema\/logo\/image\/","url":"https:\/\/ecologa-europe.com\/shop\/wp-content\/uploads\/2025\/04\/vertical-navbar-logo.svg","contentUrl":"https:\/\/ecologa-europe.com\/shop\/wp-content\/uploads\/2025\/04\/vertical-navbar-logo.svg","width":182,"height":70,"caption":"Elektrosmog-Schutz Onlineshop"},"image":{"@id":"https:\/\/ecologa-europe.com\/shop\/#\/schema\/logo\/image\/"},"sameAs":["https:\/\/www.facebook.com\/Ecologa-Europe-GmbH-1604744566252298\/","https:\/\/www.instagram.com\/ecologaeurope\/"]}]}},"_links":{"self":[{"href":"https:\/\/ecologa-europe.com\/shop\/wp-json\/wp\/v2\/product\/6698","targetHints":{"allow":["GET"]}}],"collection":[{"href":"https:\/\/ecologa-europe.com\/shop\/wp-json\/wp\/v2\/product"}],"about":[{"href":"https:\/\/ecologa-europe.com\/shop\/wp-json\/wp\/v2\/types\/product"}],"wp:featuredmedia":[{"embeddable":true,"href":"https:\/\/ecologa-europe.com\/shop\/wp-json\/wp\/v2\/media\/498"}],"wp:attachment":[{"href":"https:\/\/ecologa-europe.com\/shop\/wp-json\/wp\/v2\/media?parent=6698"}],"wp:term":[{"taxonomy":"product_brand","embeddable":true,"href":"https:\/\/ecologa-europe.com\/shop\/wp-json\/wp\/v2\/product_brand?post=6698"},{"taxonomy":"product_cat","embeddable":true,"href":"https:\/\/ecologa-europe.com\/shop\/wp-json\/wp\/v2\/product_cat?post=6698"},{"taxonomy":"product_tag","embeddable":true,"href":"https:\/\/ecologa-europe.com\/shop\/wp-json\/wp\/v2\/product_tag?post=6698"}],"curies":[{"name":"wp","href":"https:\/\/api.w.org\/{rel}","templated":true}]}}