{"id":6703,"date":"2025-05-16T10:11:53","date_gmt":"2025-05-16T10:11:53","guid":{"rendered":"https:\/\/639.pm-domains.de\/?post_type=product&#038;p=6703"},"modified":"2025-12-20T00:56:46","modified_gmt":"2025-12-20T00:56:46","slug":"echarpe-ecran-calix-pour-homme-merinos-cachemire","status":"publish","type":"product","link":"https:\/\/ecologa-europe.com\/shop\/produkt\/echarpe-ecran-calix-pour-homme-merinos-cachemire\/?lang=fr","title":{"rendered":"\u00c9charpe \u00e9cran Calix pour homme, m\u00e9rinos\/cachemire"},"content":{"rendered":"<p>L&#8217;automne et l&#8217;hiver sont les moments parfaits pour porter des \u00e9charpes chaudes et \u00e0 la mode.<br \/>\nL&#8217;\u00e9charpe n&#8217;est pas seulement le meilleur alli\u00e9 des jours froids, c&#8217;est aussi un must-have de toute garde-robe\u00b8 elle est l\u00e0 pour \u00e9gayer vos tenues.<br \/>\nNotre nouveau mod\u00e8le est un grand classique qui est toujours d&#8217;actualit\u00e9 aujourd&#8217;hui. Il est tr\u00e8s simple, mais donne \u00e0 votre tenue un look nettement plus raffin\u00e9. Nous le pr\u00e9sentons en uni, gris, rouge bourgogne et vert.<br \/>\nCalix est fabriqu\u00e9 \u00e0 partir d&#8217;une combinaison de mati\u00e8res nobles, m\u00e9rinos\/cachemire. Nous avons fait tricoter cette \u00e9charpe sp\u00e9cialement.<br \/>\nLe m\u00e9rinos est une race de moutons originaire d&#8217;Espagne qui est principalement \u00e9lev\u00e9e pour sa laine. La race m\u00e9rinos est la championne du monde de la production de laine. La laine m\u00e9rinos est particuli\u00e8rement recherch\u00e9e pour sa finesse.<br \/>\nLe cachemire tire son nom de la ch\u00e8vre cachemire de Mongolie et des hauts plateaux himalayens du Ladakh et du Tibet, la r\u00e9gion dite du cachemire dans le nord de l&#8217;Inde. La fibre de cachemire est connue pour sa douceur et sa chaleur. Il s&#8217;agit de la fibre animale la plus fine au monde, d&#8217;une \u00e9paisseur d&#8217;environ 15 \u00e0 20 microm\u00e8tres.<\/p>\n<p>Calix est unisexe.<\/p>\n<p>L&#8217;\u00e9charpe est doubl\u00e9e d&#8217;un coton bio qui fait \u00e9cran. Il s&#8217;agit d&#8217;un tricot jacquard endroit\/envers, dans une combinaison de coton peign\u00e9 et de polyamide enduit d&#8217;argent. Le rev\u00eatement n&#8217;est pas constitu\u00e9 de nano-argent controvers\u00e9, mais d&#8217;argent pur qui entoure toute la fibre de polyamide. L&#8217;argent m\u00e9tallique est absolument inoffensif pour la sant\u00e9 de l&#8217;homme et pour la nature.<br \/>\nGr\u00e2ce \u00e0 la structure innovante du tissu et \u00e0 l&#8217;utilisation de mat\u00e9riaux de haute qualit\u00e9, ce tricot prot\u00e8ge des rayonnements \u00e9lectromagn\u00e9tiques.<\/p>\n\n<table id=\"tablepress-18\" class=\"tablepress tablepress-id-18\">\n<thead>\n<tr class=\"row-1\">\n\t<td class=\"column-1\"><\/td><th class=\"column-2\">Frequence \/ Application (MHz)<\/th><th class=\"column-3\">D\u00e9cibel (dB*)<\/th><th class=\"column-4\">Pourcentage (%)<\/th>\n<\/tr>\n<\/thead>\n<tbody class=\"row-striping row-hover\">\n<tr class=\"row-2\">\n\t<td class=\"column-1\">Tetra 450<\/td><td class=\"column-2\">450MHz<\/td><td class=\"column-3\">33dB<\/td><td class=\"column-4\">99,9%<\/td>\n<\/tr>\n<tr class=\"row-3\">\n\t<td class=\"column-1\">LTE 800<\/td><td class=\"column-2\">800MHz<\/td><td class=\"column-3\">31dB<\/td><td class=\"column-4\">99,9%<\/td>\n<\/tr>\n<tr class=\"row-4\">\n\t<td class=\"column-1\">GSM 900<\/td><td class=\"column-2\">900MHz<\/td><td class=\"column-3\">31dB<\/td><td class=\"column-4\">99,9%<\/td>\n<\/tr>\n<tr class=\"row-5\">\n\t<td class=\"column-1\">GSM 1800<\/td><td class=\"column-2\">1800MHz<\/td><td class=\"column-3\">23dB<\/td><td class=\"column-4\">99%<\/td>\n<\/tr>\n<tr class=\"row-6\">\n\t<td class=\"column-1\">DECT 1800<\/td><td class=\"column-2\">1800MHz<\/td><td class=\"column-3\">23dB<\/td><td class=\"column-4\">99%<\/td>\n<\/tr>\n<tr class=\"row-7\">\n\t<td class=\"column-1\">UMTS 2000<\/td><td class=\"column-2\">2000MHz<\/td><td class=\"column-3\">21dB<\/td><td class=\"column-4\">99%<\/td>\n<\/tr>\n<tr class=\"row-8\">\n\t<td class=\"column-1\">WLAN 2400<\/td><td class=\"column-2\">2400MHz<\/td><td class=\"column-3\">21dB<\/td><td class=\"column-4\">90%<\/td>\n<\/tr>\n<tr class=\"row-9\">\n\t<td class=\"column-1\">LTE 2600<\/td><td class=\"column-2\">2600MHz<\/td><td class=\"column-3\">21dB<\/td><td class=\"column-4\">99%<\/td>\n<\/tr>\n<tr class=\"row-10\">\n\t<td class=\"column-1\">WLAN 5800<\/td><td class=\"column-2\">5800MHz<\/td><td class=\"column-3\">15dB<\/td><td class=\"column-4\">90%<\/td>\n<\/tr>\n<\/tbody>\n<\/table>\n<!-- #tablepress-18 from cache -->\n<p>Les dimensions de l&#8217;\u00e9charpe sont d&#8217;environ 40 cm de large et 180 cm de long.<br \/>\nComposition : 47% laine m\u00e9rinos, 30% viscose, 15% polyamide, 8% cachemire<br \/>\nDoublure : 89% coton, 9% polyamide, 2% argent<br \/>\nCouleurs : Rouge bourgogne, gris moyen, vert feuille de vigne<\/p>\n<p>Entretien : lavage \u00e0 la main<br \/>\nNe pas s\u00e9cher au s\u00e8che-linge ou au s\u00e9choir.<br \/>\nNe pas utiliser de produits chimiques ou de chlore<\/p>\n","protected":false},"excerpt":{"rendered":"<p>Pour la protection contre les ondes \u00e9lectromagn\u00e9tiques \u00e0 haute fr\u00e9quence<br \/>\nFinition de tr\u00e8s haute qualit\u00e9<br \/>\nCalix est fabriqu\u00e9 \u00e0 partir d&#8217;une combinaison de mat\u00e9riaux nobles, m\u00e9rinos\/cachemire. Nous avons fait tricoter cette \u00e9charpe sp\u00e9cialement.<br \/>\nGrand confort au porter<br \/>\nComposition :<br \/>\nTissu \u00e9cran : 89% coton, 9% polyamide, 2% argent (Organic Cotton, kbA (culture biologique contr\u00f4l\u00e9e)<br \/>\nTaille : environ 40 cm de large et 180 cm de long.<br \/>\nCouleur : rouge bourgogne, gris moyen, vert feuille de vigne<br \/>\nUnisexe<br \/>\nFabriqu\u00e9 en Allemagne<br \/>\nAtt\u00e9nuation de l&#8217;\u00e9cran : max. en % : &gt; 99,0 %<\/p>\n","protected":false},"featured_media":1366,"template":"","meta":{"inline_featured_image":false,"site-sidebar-layout":"default","site-content-layout":"","ast-site-content-layout":"default","site-content-style":"default","site-sidebar-style":"default","ast-global-header-display":"","ast-banner-title-visibility":"","ast-main-header-display":"","ast-hfb-above-header-display":"","ast-hfb-below-header-display":"","ast-hfb-mobile-header-display":"","site-post-title":"","ast-breadcrumbs-content":"","ast-featured-img":"","footer-sml-layout":"","ast-disable-related-posts":"","theme-transparent-header-meta":"default","adv-header-id-meta":"","stick-header-meta":"","header-above-stick-meta":"","header-main-stick-meta":"","header-below-stick-meta":"","astra-migrate-meta-layouts":"default","ast-page-background-enabled":"default","ast-page-background-meta":{"desktop":{"background-color":"var(--ast-global-color-5)","background-image":"","background-repeat":"repeat","background-position":"center center","background-size":"auto","background-attachment":"scroll","background-type":"","background-media":"","overlay-type":"","overlay-color":"","overlay-opacity":"","overlay-gradient":""},"tablet":{"background-color":"","background-image":"","background-repeat":"repeat","background-position":"center center","background-size":"auto","background-attachment":"scroll","background-type":"","background-media":"","overlay-type":"","overlay-color":"","overlay-opacity":"","overlay-gradient":""},"mobile":{"background-color":"","background-image":"","background-repeat":"repeat","background-position":"center center","background-size":"auto","background-attachment":"scroll","background-type":"","background-media":"","overlay-type":"","overlay-color":"","overlay-opacity":"","overlay-gradient":""}},"ast-content-background-meta":{"desktop":{"background-color":"var(--ast-global-color-4)","background-image":"","background-repeat":"repeat","background-position":"center center","background-size":"auto","background-attachment":"scroll","background-type":"","background-media":"","overlay-type":"","overlay-color":"","overlay-opacity":"","overlay-gradient":""},"tablet":{"background-color":"var(--ast-global-color-4)","background-image":"","background-repeat":"repeat","background-position":"center center","background-size":"auto","background-attachment":"scroll","background-type":"","background-media":"","overlay-type":"","overlay-color":"","overlay-opacity":"","overlay-gradient":""},"mobile":{"background-color":"var(--ast-global-color-4)","background-image":"","background-repeat":"repeat","background-position":"center center","background-size":"auto","background-attachment":"scroll","background-type":"","background-media":"","overlay-type":"","overlay-color":"","overlay-opacity":"","overlay-gradient":""}}},"product_brand":[],"product_cat":[186,185],"product_tag":[188],"class_list":{"0":"post-6703","1":"product","2":"type-product","3":"status-publish","4":"has-post-thumbnail","6":"product_cat-hommes","7":"product_cat-vetements-high-tech","8":"product_tag-vetements-de-protection","9":"product_shipping_class-standardversand","10":"pa_farbe-gris-moyen","11":"pa_farbe-rouge-bourgogne","12":"pa_farbe-vert-feuille-de-vigne","13":"desktop-align-left","14":"tablet-align-left","15":"mobile-align-left","17":"first","18":"instock","19":"taxable","20":"shipping-taxable","21":"purchasable","22":"product-type-variable"},"yoast_head":"<!-- This site is optimized with the Yoast SEO plugin v27.3 - https:\/\/yoast.com\/product\/yoast-seo-wordpress\/ -->\n<title>\u00c9charpe \u00e9cran Calix pour homme, m\u00e9rinos\/cachemire - Elektrosmog-Schutz Onlineshop<\/title>\n<meta name=\"description\" content=\"\u00c9charpe unisexe en m\u00e9rinos\/cachemire, doubl\u00e9e de coton bio blind\u00e9 pour une protection optimale contre les hautes fr\u00e9quences.\" \/>\n<meta name=\"robots\" content=\"index, follow, max-snippet:-1, max-image-preview:large, max-video-preview:-1\" \/>\n<link rel=\"canonical\" href=\"https:\/\/ecologa-europe.com\/shop\/produkt\/echarpe-ecran-calix-pour-homme-merinos-cachemire\/\" \/>\n<meta property=\"og:locale\" content=\"de_DE\" \/>\n<meta property=\"og:type\" content=\"article\" \/>\n<meta property=\"og:title\" content=\"\u00c9charpe \u00e9cran Calix pour homme, m\u00e9rinos\/cachemire - Elektrosmog-Schutz Onlineshop\" \/>\n<meta property=\"og:description\" content=\"\u00c9charpe unisexe en m\u00e9rinos\/cachemire, doubl\u00e9e de coton bio blind\u00e9 pour une protection optimale contre les hautes fr\u00e9quences.\" \/>\n<meta property=\"og:url\" content=\"https:\/\/ecologa-europe.com\/shop\/produkt\/echarpe-ecran-calix-pour-homme-merinos-cachemire\/?lang=fr\" \/>\n<meta property=\"og:site_name\" content=\"Elektrosmog-Schutz Onlineshop\" \/>\n<meta property=\"article:publisher\" content=\"https:\/\/www.facebook.com\/Ecologa-Europe-GmbH-1604744566252298\/\" \/>\n<meta property=\"article:modified_time\" content=\"2025-12-20T00:56:46+00:00\" \/>\n<meta property=\"og:image\" content=\"https:\/\/ecologa-europe.com\/shop\/wp-content\/uploads\/2025\/04\/Schal_merino_herren_2.jpg\" \/>\n\t<meta property=\"og:image:width\" content=\"1772\" \/>\n\t<meta property=\"og:image:height\" content=\"1280\" \/>\n\t<meta property=\"og:image:type\" content=\"image\/jpeg\" \/>\n<meta name=\"twitter:card\" content=\"summary_large_image\" \/>\n<meta name=\"twitter:label1\" content=\"Gesch\u00e4tzte Lesezeit\" \/>\n\t<meta name=\"twitter:data1\" content=\"2\u00a0Minuten\" \/>\n<script type=\"application\/ld+json\" class=\"yoast-schema-graph\">{\"@context\":\"https:\\\/\\\/schema.org\",\"@graph\":[{\"@type\":\"WebPage\",\"@id\":\"https:\\\/\\\/ecologa-europe.com\\\/shop\\\/produkt\\\/echarpe-ecran-calix-pour-homme-merinos-cachemire\\\/?lang=fr\",\"url\":\"https:\\\/\\\/ecologa-europe.com\\\/shop\\\/produkt\\\/echarpe-ecran-calix-pour-homme-merinos-cachemire\\\/?lang=fr\",\"name\":\"\u00c9charpe \u00e9cran Calix pour homme, m\u00e9rinos\\\/cachemire - Elektrosmog-Schutz Onlineshop\",\"isPartOf\":{\"@id\":\"https:\\\/\\\/ecologa-europe.com\\\/shop\\\/#website\"},\"primaryImageOfPage\":{\"@id\":\"https:\\\/\\\/ecologa-europe.com\\\/shop\\\/produkt\\\/echarpe-ecran-calix-pour-homme-merinos-cachemire\\\/?lang=fr#primaryimage\"},\"image\":{\"@id\":\"https:\\\/\\\/ecologa-europe.com\\\/shop\\\/produkt\\\/echarpe-ecran-calix-pour-homme-merinos-cachemire\\\/?lang=fr#primaryimage\"},\"thumbnailUrl\":\"https:\\\/\\\/ecologa-europe.com\\\/shop\\\/wp-content\\\/uploads\\\/2025\\\/04\\\/Schal_merino_herren_2.jpg\",\"datePublished\":\"2025-05-16T10:11:53+00:00\",\"dateModified\":\"2025-12-20T00:56:46+00:00\",\"description\":\"\u00c9charpe unisexe en m\u00e9rinos\\\/cachemire, doubl\u00e9e de coton bio blind\u00e9 pour une protection optimale contre les hautes fr\u00e9quences.\",\"breadcrumb\":{\"@id\":\"https:\\\/\\\/ecologa-europe.com\\\/shop\\\/produkt\\\/echarpe-ecran-calix-pour-homme-merinos-cachemire\\\/?lang=fr#breadcrumb\"},\"inLanguage\":\"de\",\"potentialAction\":[{\"@type\":\"ReadAction\",\"target\":[\"https:\\\/\\\/ecologa-europe.com\\\/shop\\\/produkt\\\/echarpe-ecran-calix-pour-homme-merinos-cachemire\\\/?lang=fr\"]}]},{\"@type\":\"ImageObject\",\"inLanguage\":\"de\",\"@id\":\"https:\\\/\\\/ecologa-europe.com\\\/shop\\\/produkt\\\/echarpe-ecran-calix-pour-homme-merinos-cachemire\\\/?lang=fr#primaryimage\",\"url\":\"https:\\\/\\\/ecologa-europe.com\\\/shop\\\/wp-content\\\/uploads\\\/2025\\\/04\\\/Schal_merino_herren_2.jpg\",\"contentUrl\":\"https:\\\/\\\/ecologa-europe.com\\\/shop\\\/wp-content\\\/uploads\\\/2025\\\/04\\\/Schal_merino_herren_2.jpg\",\"width\":1772,\"height\":1280},{\"@type\":\"BreadcrumbList\",\"@id\":\"https:\\\/\\\/ecologa-europe.com\\\/shop\\\/produkt\\\/echarpe-ecran-calix-pour-homme-merinos-cachemire\\\/?lang=fr#breadcrumb\",\"itemListElement\":[{\"@type\":\"ListItem\",\"position\":1,\"name\":\"Startseite\",\"item\":\"https:\\\/\\\/ecologa-europe.com\\\/shop\\\/\"},{\"@type\":\"ListItem\",\"position\":2,\"name\":\"Shop\",\"item\":\"https:\\\/\\\/ecologa-europe.com\\\/shop\\\/shop\\\/\"},{\"@type\":\"ListItem\",\"position\":3,\"name\":\"\u00c9charpe \u00e9cran Calix pour homme, m\u00e9rinos\\\/cachemire\"}]},{\"@type\":\"WebSite\",\"@id\":\"https:\\\/\\\/ecologa-europe.com\\\/shop\\\/#website\",\"url\":\"https:\\\/\\\/ecologa-europe.com\\\/shop\\\/\",\"name\":\"Elektrosmog-Schutz Onlineshop\",\"description\":\"Ecologa Europe\",\"publisher\":{\"@id\":\"https:\\\/\\\/ecologa-europe.com\\\/shop\\\/#organization\"},\"potentialAction\":[{\"@type\":\"SearchAction\",\"target\":{\"@type\":\"EntryPoint\",\"urlTemplate\":\"https:\\\/\\\/ecologa-europe.com\\\/shop\\\/?s={search_term_string}\"},\"query-input\":{\"@type\":\"PropertyValueSpecification\",\"valueRequired\":true,\"valueName\":\"search_term_string\"}}],\"inLanguage\":\"de\"},{\"@type\":\"Organization\",\"@id\":\"https:\\\/\\\/ecologa-europe.com\\\/shop\\\/#organization\",\"name\":\"Elektrosmog-Schutz Onlineshop\",\"url\":\"https:\\\/\\\/ecologa-europe.com\\\/shop\\\/\",\"logo\":{\"@type\":\"ImageObject\",\"inLanguage\":\"de\",\"@id\":\"https:\\\/\\\/ecologa-europe.com\\\/shop\\\/#\\\/schema\\\/logo\\\/image\\\/\",\"url\":\"https:\\\/\\\/ecologa-europe.com\\\/shop\\\/wp-content\\\/uploads\\\/2025\\\/04\\\/vertical-navbar-logo.svg\",\"contentUrl\":\"https:\\\/\\\/ecologa-europe.com\\\/shop\\\/wp-content\\\/uploads\\\/2025\\\/04\\\/vertical-navbar-logo.svg\",\"width\":182,\"height\":70,\"caption\":\"Elektrosmog-Schutz Onlineshop\"},\"image\":{\"@id\":\"https:\\\/\\\/ecologa-europe.com\\\/shop\\\/#\\\/schema\\\/logo\\\/image\\\/\"},\"sameAs\":[\"https:\\\/\\\/www.facebook.com\\\/Ecologa-Europe-GmbH-1604744566252298\\\/\",\"https:\\\/\\\/www.instagram.com\\\/ecologaeurope\\\/\"]}]}<\/script>\n<!-- \/ Yoast SEO plugin. -->","yoast_head_json":{"title":"\u00c9charpe \u00e9cran Calix pour homme, m\u00e9rinos\/cachemire - Elektrosmog-Schutz Onlineshop","description":"\u00c9charpe unisexe en m\u00e9rinos\/cachemire, doubl\u00e9e de coton bio blind\u00e9 pour une protection optimale contre les hautes fr\u00e9quences.","robots":{"index":"index","follow":"follow","max-snippet":"max-snippet:-1","max-image-preview":"max-image-preview:large","max-video-preview":"max-video-preview:-1"},"canonical":"https:\/\/ecologa-europe.com\/shop\/produkt\/echarpe-ecran-calix-pour-homme-merinos-cachemire\/","og_locale":"de_DE","og_type":"article","og_title":"\u00c9charpe \u00e9cran Calix pour homme, m\u00e9rinos\/cachemire - Elektrosmog-Schutz Onlineshop","og_description":"\u00c9charpe unisexe en m\u00e9rinos\/cachemire, doubl\u00e9e de coton bio blind\u00e9 pour une protection optimale contre les hautes fr\u00e9quences.","og_url":"https:\/\/ecologa-europe.com\/shop\/produkt\/echarpe-ecran-calix-pour-homme-merinos-cachemire\/?lang=fr","og_site_name":"Elektrosmog-Schutz Onlineshop","article_publisher":"https:\/\/www.facebook.com\/Ecologa-Europe-GmbH-1604744566252298\/","article_modified_time":"2025-12-20T00:56:46+00:00","og_image":[{"width":1772,"height":1280,"url":"https:\/\/ecologa-europe.com\/shop\/wp-content\/uploads\/2025\/04\/Schal_merino_herren_2.jpg","type":"image\/jpeg"}],"twitter_card":"summary_large_image","twitter_misc":{"Gesch\u00e4tzte Lesezeit":"2\u00a0Minuten"},"schema":{"@context":"https:\/\/schema.org","@graph":[{"@type":"WebPage","@id":"https:\/\/ecologa-europe.com\/shop\/produkt\/echarpe-ecran-calix-pour-homme-merinos-cachemire\/?lang=fr","url":"https:\/\/ecologa-europe.com\/shop\/produkt\/echarpe-ecran-calix-pour-homme-merinos-cachemire\/?lang=fr","name":"\u00c9charpe \u00e9cran Calix pour homme, m\u00e9rinos\/cachemire - Elektrosmog-Schutz Onlineshop","isPartOf":{"@id":"https:\/\/ecologa-europe.com\/shop\/#website"},"primaryImageOfPage":{"@id":"https:\/\/ecologa-europe.com\/shop\/produkt\/echarpe-ecran-calix-pour-homme-merinos-cachemire\/?lang=fr#primaryimage"},"image":{"@id":"https:\/\/ecologa-europe.com\/shop\/produkt\/echarpe-ecran-calix-pour-homme-merinos-cachemire\/?lang=fr#primaryimage"},"thumbnailUrl":"https:\/\/ecologa-europe.com\/shop\/wp-content\/uploads\/2025\/04\/Schal_merino_herren_2.jpg","datePublished":"2025-05-16T10:11:53+00:00","dateModified":"2025-12-20T00:56:46+00:00","description":"\u00c9charpe unisexe en m\u00e9rinos\/cachemire, doubl\u00e9e de coton bio blind\u00e9 pour une protection optimale contre les hautes fr\u00e9quences.","breadcrumb":{"@id":"https:\/\/ecologa-europe.com\/shop\/produkt\/echarpe-ecran-calix-pour-homme-merinos-cachemire\/?lang=fr#breadcrumb"},"inLanguage":"de","potentialAction":[{"@type":"ReadAction","target":["https:\/\/ecologa-europe.com\/shop\/produkt\/echarpe-ecran-calix-pour-homme-merinos-cachemire\/?lang=fr"]}]},{"@type":"ImageObject","inLanguage":"de","@id":"https:\/\/ecologa-europe.com\/shop\/produkt\/echarpe-ecran-calix-pour-homme-merinos-cachemire\/?lang=fr#primaryimage","url":"https:\/\/ecologa-europe.com\/shop\/wp-content\/uploads\/2025\/04\/Schal_merino_herren_2.jpg","contentUrl":"https:\/\/ecologa-europe.com\/shop\/wp-content\/uploads\/2025\/04\/Schal_merino_herren_2.jpg","width":1772,"height":1280},{"@type":"BreadcrumbList","@id":"https:\/\/ecologa-europe.com\/shop\/produkt\/echarpe-ecran-calix-pour-homme-merinos-cachemire\/?lang=fr#breadcrumb","itemListElement":[{"@type":"ListItem","position":1,"name":"Startseite","item":"https:\/\/ecologa-europe.com\/shop\/"},{"@type":"ListItem","position":2,"name":"Shop","item":"https:\/\/ecologa-europe.com\/shop\/shop\/"},{"@type":"ListItem","position":3,"name":"\u00c9charpe \u00e9cran Calix pour homme, m\u00e9rinos\/cachemire"}]},{"@type":"WebSite","@id":"https:\/\/ecologa-europe.com\/shop\/#website","url":"https:\/\/ecologa-europe.com\/shop\/","name":"Elektrosmog-Schutz Onlineshop","description":"Ecologa Europe","publisher":{"@id":"https:\/\/ecologa-europe.com\/shop\/#organization"},"potentialAction":[{"@type":"SearchAction","target":{"@type":"EntryPoint","urlTemplate":"https:\/\/ecologa-europe.com\/shop\/?s={search_term_string}"},"query-input":{"@type":"PropertyValueSpecification","valueRequired":true,"valueName":"search_term_string"}}],"inLanguage":"de"},{"@type":"Organization","@id":"https:\/\/ecologa-europe.com\/shop\/#organization","name":"Elektrosmog-Schutz Onlineshop","url":"https:\/\/ecologa-europe.com\/shop\/","logo":{"@type":"ImageObject","inLanguage":"de","@id":"https:\/\/ecologa-europe.com\/shop\/#\/schema\/logo\/image\/","url":"https:\/\/ecologa-europe.com\/shop\/wp-content\/uploads\/2025\/04\/vertical-navbar-logo.svg","contentUrl":"https:\/\/ecologa-europe.com\/shop\/wp-content\/uploads\/2025\/04\/vertical-navbar-logo.svg","width":182,"height":70,"caption":"Elektrosmog-Schutz Onlineshop"},"image":{"@id":"https:\/\/ecologa-europe.com\/shop\/#\/schema\/logo\/image\/"},"sameAs":["https:\/\/www.facebook.com\/Ecologa-Europe-GmbH-1604744566252298\/","https:\/\/www.instagram.com\/ecologaeurope\/"]}]}},"_links":{"self":[{"href":"https:\/\/ecologa-europe.com\/shop\/wp-json\/wp\/v2\/product\/6703","targetHints":{"allow":["GET"]}}],"collection":[{"href":"https:\/\/ecologa-europe.com\/shop\/wp-json\/wp\/v2\/product"}],"about":[{"href":"https:\/\/ecologa-europe.com\/shop\/wp-json\/wp\/v2\/types\/product"}],"wp:featuredmedia":[{"embeddable":true,"href":"https:\/\/ecologa-europe.com\/shop\/wp-json\/wp\/v2\/media\/1366"}],"wp:attachment":[{"href":"https:\/\/ecologa-europe.com\/shop\/wp-json\/wp\/v2\/media?parent=6703"}],"wp:term":[{"taxonomy":"product_brand","embeddable":true,"href":"https:\/\/ecologa-europe.com\/shop\/wp-json\/wp\/v2\/product_brand?post=6703"},{"taxonomy":"product_cat","embeddable":true,"href":"https:\/\/ecologa-europe.com\/shop\/wp-json\/wp\/v2\/product_cat?post=6703"},{"taxonomy":"product_tag","embeddable":true,"href":"https:\/\/ecologa-europe.com\/shop\/wp-json\/wp\/v2\/product_tag?post=6703"}],"curies":[{"name":"wp","href":"https:\/\/api.w.org\/{rel}","templated":true}]}}