{"id":6704,"date":"2025-05-16T10:11:53","date_gmt":"2025-05-16T10:11:53","guid":{"rendered":"https:\/\/639.pm-domains.de\/?post_type=product&#038;p=6704"},"modified":"2025-12-20T00:56:46","modified_gmt":"2025-12-20T00:56:46","slug":"sciarpa-schermante-calix-da-uomo-merino-cashmere","status":"publish","type":"product","link":"https:\/\/ecologa-europe.com\/shop\/produkt\/sciarpa-schermante-calix-da-uomo-merino-cashmere\/?lang=it","title":{"rendered":"Sciarpa schermante Calix da uomo, Merino\/Cashmere"},"content":{"rendered":"<p>L&#8217;autunno e l&#8217;inverno sono il momento perfetto per indossare sciarpe calde e alla moda.<br \/>\nLa sciarpa non \u00e8 solo il miglior alleato per le giornate fredde, ma anche un must-have per ogni guardaroba, in grado di ravvivare i vostri outfit.<br \/>\nIl nostro nuovo modello \u00e8 un grande classico ancora attuale. \u00c8 molto semplice, ma conferisce al vostro outfit un aspetto molto pi\u00f9 sofisticato. Lo presentiamo in tinta unita, grigio, bordeaux e verde.<br \/>\nCalix \u00e8 realizzato con una combinazione di materiali pregiati, merino\/cashmere. Abbiamo fatto tricottare questa sciarpa appositamente.<br \/>\nMerino \u00e8 una razza di pecore originaria della Spagna, allevata principalmente per la sua lana. La razza Merino \u00e8 campione mondiale di produzione di lana. La lana Merino \u00e8 particolarmente ricercata per la sua finezza.<br \/>\nIl cashmere prende il nome dalla capra cashmere della Mongolia e dagli altipiani himalayani del Ladakh e del Tibet, la cosiddetta regione del cashmere nel nord dell&#8217;India. La fibra di cashmere \u00e8 nota per la sua morbidezza e il suo calore. \u00c8 la fibra animale pi\u00f9 fine al mondo, con uno spessore di circa 15-20 micron.<\/p>\n<p>Calix \u00e8 unisex.<\/p>\n<p>La sciarpa \u00e8 foderata con un cotone organico schermante. \u00c8 una maglia jacquard da destra a sinistra, in una combinazione di cotone pettinato e poliammide rivestita d&#8217;argento. Il rivestimento non \u00e8 costituito dal controverso nano-argento, ma da argento puro che circonda l&#8217;intera fibra di poliammide. L&#8217;argento metallico \u00e8 assolutamente innocuo per la salute umana e per la natura.<br \/>\nGrazie alla costruzione innovativa del tessuto e all&#8217;uso di materiali di alta qualit\u00e0, questa maglia protegge dalle radiazioni elettromagnetiche.<\/p>\n\n<table id=\"tablepress-19\" class=\"tablepress tablepress-id-19\">\n<thead>\n<tr class=\"row-1\">\n\t<td class=\"column-1\"><\/td><th class=\"column-2\">Frequenza \/ Applicazione (MHz)<\/th><th class=\"column-3\">Decibel (dB*)<\/th><th class=\"column-4\">Percentuale (%)<\/th>\n<\/tr>\n<\/thead>\n<tbody class=\"row-striping row-hover\">\n<tr class=\"row-2\">\n\t<td class=\"column-1\">Tetra 450<\/td><td class=\"column-2\">450MHz<\/td><td class=\"column-3\">33dB<\/td><td class=\"column-4\">99,9%<\/td>\n<\/tr>\n<tr class=\"row-3\">\n\t<td class=\"column-1\">LTE 800<\/td><td class=\"column-2\">800MHz<\/td><td class=\"column-3\">31dB<\/td><td class=\"column-4\">99,9%<\/td>\n<\/tr>\n<tr class=\"row-4\">\n\t<td class=\"column-1\">GSM 900<\/td><td class=\"column-2\">900MHz<\/td><td class=\"column-3\">31dB<\/td><td class=\"column-4\">99,9%<\/td>\n<\/tr>\n<tr class=\"row-5\">\n\t<td class=\"column-1\">GSM 1800<\/td><td class=\"column-2\">1800MHz<\/td><td class=\"column-3\">23dB<\/td><td class=\"column-4\">99%<\/td>\n<\/tr>\n<tr class=\"row-6\">\n\t<td class=\"column-1\">DECT 1800<\/td><td class=\"column-2\">1800MHz<\/td><td class=\"column-3\">23dB<\/td><td class=\"column-4\">99%<\/td>\n<\/tr>\n<tr class=\"row-7\">\n\t<td class=\"column-1\">UMTS 2000<\/td><td class=\"column-2\">2000MHz<\/td><td class=\"column-3\">21dB<\/td><td class=\"column-4\">99%<\/td>\n<\/tr>\n<tr class=\"row-8\">\n\t<td class=\"column-1\">WLAN 2400<\/td><td class=\"column-2\">2400MHz<\/td><td class=\"column-3\">21dB<\/td><td class=\"column-4\">90%<\/td>\n<\/tr>\n<tr class=\"row-9\">\n\t<td class=\"column-1\">LTE 2600<\/td><td class=\"column-2\">2600MHz<\/td><td class=\"column-3\">21dB<\/td><td class=\"column-4\">99%<\/td>\n<\/tr>\n<tr class=\"row-10\">\n\t<td class=\"column-1\">WLAN 5800<\/td><td class=\"column-2\">5800MHz<\/td><td class=\"column-3\">15dB<\/td><td class=\"column-4\">90%<\/td>\n<\/tr>\n<\/tbody>\n<\/table>\n<!-- #tablepress-19 from cache -->\n<p>Le dimensioni della sciarpa sono di circa 40 cm di larghezza e 180 cm di lunghezza.<br \/>\nMateriale: 47% lana merino, 30% viscosa, 15% poliammide, 8% cashmere<br \/>\nFodera: 89% cotone, 9% poliammide, 2% argento<br \/>\nColori: Rosso borgogna, grigio medio, verde foglia di vite<\/p>\n<p>Cura: lavare a mano<br \/>\nNon asciugare in asciugatrice o in tamburo<br \/>\nNon utilizzare prodotti chimici o cloro<\/p>\n","protected":false},"excerpt":{"rendered":"<p>Per schermare le onde elettromagnetiche ad alta frequenza<br \/>\nLavorazione di altissima qualit\u00e0<br \/>\nCalix \u00e8 realizzato con una combinazione di materiali pregiati, merino\/cashmere. Abbiamo fatto lavorare questa sciarpa a maglia in modo speciale.<br \/>\nElevato comfort di utilizzo<br \/>\nComposizione:<br \/>\nTessuto schermante: 89% cotone, 9% poliammide, 2% argento (cotone biologico, kbA (coltivazione biologica controllata).<br \/>\nDimensioni: circa 40 cm di larghezza e 180 cm di lunghezza.<br \/>\nColore: rosso borgogna, grigio medio, verde foglia di vite.<br \/>\nUnisex<br \/>\nProdotto in Germania<br \/>\nAttenuazione: max. in %: &gt; 99,0 %<\/p>\n","protected":false},"featured_media":1367,"template":"","meta":{"inline_featured_image":false,"site-sidebar-layout":"default","site-content-layout":"","ast-site-content-layout":"default","site-content-style":"default","site-sidebar-style":"default","ast-global-header-display":"","ast-banner-title-visibility":"","ast-main-header-display":"","ast-hfb-above-header-display":"","ast-hfb-below-header-display":"","ast-hfb-mobile-header-display":"","site-post-title":"","ast-breadcrumbs-content":"","ast-featured-img":"","footer-sml-layout":"","ast-disable-related-posts":"","theme-transparent-header-meta":"default","adv-header-id-meta":"","stick-header-meta":"","header-above-stick-meta":"","header-main-stick-meta":"","header-below-stick-meta":"","astra-migrate-meta-layouts":"default","ast-page-background-enabled":"default","ast-page-background-meta":{"desktop":{"background-color":"var(--ast-global-color-5)","background-image":"","background-repeat":"repeat","background-position":"center center","background-size":"auto","background-attachment":"scroll","background-type":"","background-media":"","overlay-type":"","overlay-color":"","overlay-opacity":"","overlay-gradient":""},"tablet":{"background-color":"","background-image":"","background-repeat":"repeat","background-position":"center center","background-size":"auto","background-attachment":"scroll","background-type":"","background-media":"","overlay-type":"","overlay-color":"","overlay-opacity":"","overlay-gradient":""},"mobile":{"background-color":"","background-image":"","background-repeat":"repeat","background-position":"center center","background-size":"auto","background-attachment":"scroll","background-type":"","background-media":"","overlay-type":"","overlay-color":"","overlay-opacity":"","overlay-gradient":""}},"ast-content-background-meta":{"desktop":{"background-color":"var(--ast-global-color-4)","background-image":"","background-repeat":"repeat","background-position":"center center","background-size":"auto","background-attachment":"scroll","background-type":"","background-media":"","overlay-type":"","overlay-color":"","overlay-opacity":"","overlay-gradient":""},"tablet":{"background-color":"var(--ast-global-color-4)","background-image":"","background-repeat":"repeat","background-position":"center center","background-size":"auto","background-attachment":"scroll","background-type":"","background-media":"","overlay-type":"","overlay-color":"","overlay-opacity":"","overlay-gradient":""},"mobile":{"background-color":"var(--ast-global-color-4)","background-image":"","background-repeat":"repeat","background-position":"center center","background-size":"auto","background-attachment":"scroll","background-type":"","background-media":"","overlay-type":"","overlay-color":"","overlay-opacity":"","overlay-gradient":""}}},"product_brand":[],"product_cat":[190,191],"product_tag":[192,211,209],"class_list":{"0":"post-6704","1":"product","2":"type-product","3":"status-publish","4":"has-post-thumbnail","6":"product_cat-abbigliamento-high-tech","7":"product_cat-uomo","8":"product_tag-abbigliamenti-schermanti","9":"product_tag-alta-frequenza","10":"product_tag-protezione-dallelettrosmog","11":"product_shipping_class-standardversand","12":"pa_farbe-grigio-medio","13":"pa_farbe-rosso-borgogna","14":"pa_farbe-verde-foglia-di-vite","15":"desktop-align-left","16":"tablet-align-left","17":"mobile-align-left","19":"first","20":"instock","21":"taxable","22":"shipping-taxable","23":"purchasable","24":"product-type-variable"},"yoast_head":"<!-- This site is optimized with the Yoast SEO plugin v27.3 - https:\/\/yoast.com\/product\/yoast-seo-wordpress\/ -->\n<title>Sciarpa schermante Calix da uomo, Merino\/Cashmere - Elektrosmog-Schutz Onlineshop<\/title>\n<meta name=\"description\" content=\"Sciarpa unisex in merino\/cashmere, foderata con cotone organico schermante per una protezione ottimale dalle alte frequenze.\" \/>\n<meta name=\"robots\" content=\"index, follow, max-snippet:-1, max-image-preview:large, max-video-preview:-1\" \/>\n<link rel=\"canonical\" href=\"https:\/\/ecologa-europe.com\/shop\/produkt\/sciarpa-schermante-calix-da-uomo-merino-cashmere\/\" \/>\n<meta property=\"og:locale\" content=\"de_DE\" \/>\n<meta property=\"og:type\" content=\"article\" \/>\n<meta property=\"og:title\" content=\"Sciarpa schermante Calix da uomo, Merino\/Cashmere - Elektrosmog-Schutz Onlineshop\" \/>\n<meta property=\"og:description\" content=\"Sciarpa unisex in merino\/cashmere, foderata con cotone organico schermante per una protezione ottimale dalle alte frequenze.\" \/>\n<meta property=\"og:url\" content=\"https:\/\/ecologa-europe.com\/shop\/produkt\/sciarpa-schermante-calix-da-uomo-merino-cashmere\/?lang=it\" \/>\n<meta property=\"og:site_name\" content=\"Elektrosmog-Schutz Onlineshop\" \/>\n<meta property=\"article:publisher\" content=\"https:\/\/www.facebook.com\/Ecologa-Europe-GmbH-1604744566252298\/\" \/>\n<meta property=\"article:modified_time\" content=\"2025-12-20T00:56:46+00:00\" \/>\n<meta property=\"og:image\" content=\"https:\/\/ecologa-europe.com\/shop\/wp-content\/uploads\/2025\/04\/Schal_merino_herren_2.jpg\" \/>\n\t<meta property=\"og:image:width\" content=\"1772\" \/>\n\t<meta property=\"og:image:height\" content=\"1280\" \/>\n\t<meta property=\"og:image:type\" content=\"image\/jpeg\" \/>\n<meta name=\"twitter:card\" content=\"summary_large_image\" \/>\n<meta name=\"twitter:label1\" content=\"Gesch\u00e4tzte Lesezeit\" \/>\n\t<meta name=\"twitter:data1\" content=\"1\u00a0Minute\" \/>\n<script type=\"application\/ld+json\" class=\"yoast-schema-graph\">{\"@context\":\"https:\\\/\\\/schema.org\",\"@graph\":[{\"@type\":\"WebPage\",\"@id\":\"https:\\\/\\\/ecologa-europe.com\\\/shop\\\/produkt\\\/sciarpa-schermante-calix-da-uomo-merino-cashmere\\\/?lang=it\",\"url\":\"https:\\\/\\\/ecologa-europe.com\\\/shop\\\/produkt\\\/sciarpa-schermante-calix-da-uomo-merino-cashmere\\\/?lang=it\",\"name\":\"Sciarpa schermante Calix da uomo, Merino\\\/Cashmere - Elektrosmog-Schutz Onlineshop\",\"isPartOf\":{\"@id\":\"https:\\\/\\\/ecologa-europe.com\\\/shop\\\/#website\"},\"primaryImageOfPage\":{\"@id\":\"https:\\\/\\\/ecologa-europe.com\\\/shop\\\/produkt\\\/sciarpa-schermante-calix-da-uomo-merino-cashmere\\\/?lang=it#primaryimage\"},\"image\":{\"@id\":\"https:\\\/\\\/ecologa-europe.com\\\/shop\\\/produkt\\\/sciarpa-schermante-calix-da-uomo-merino-cashmere\\\/?lang=it#primaryimage\"},\"thumbnailUrl\":\"https:\\\/\\\/ecologa-europe.com\\\/shop\\\/wp-content\\\/uploads\\\/2025\\\/04\\\/Schal_merino_herren_2.jpg\",\"datePublished\":\"2025-05-16T10:11:53+00:00\",\"dateModified\":\"2025-12-20T00:56:46+00:00\",\"description\":\"Sciarpa unisex in merino\\\/cashmere, foderata con cotone organico schermante per una protezione ottimale dalle alte frequenze.\",\"breadcrumb\":{\"@id\":\"https:\\\/\\\/ecologa-europe.com\\\/shop\\\/produkt\\\/sciarpa-schermante-calix-da-uomo-merino-cashmere\\\/?lang=it#breadcrumb\"},\"inLanguage\":\"de\",\"potentialAction\":[{\"@type\":\"ReadAction\",\"target\":[\"https:\\\/\\\/ecologa-europe.com\\\/shop\\\/produkt\\\/sciarpa-schermante-calix-da-uomo-merino-cashmere\\\/?lang=it\"]}]},{\"@type\":\"ImageObject\",\"inLanguage\":\"de\",\"@id\":\"https:\\\/\\\/ecologa-europe.com\\\/shop\\\/produkt\\\/sciarpa-schermante-calix-da-uomo-merino-cashmere\\\/?lang=it#primaryimage\",\"url\":\"https:\\\/\\\/ecologa-europe.com\\\/shop\\\/wp-content\\\/uploads\\\/2025\\\/04\\\/Schal_merino_herren_2.jpg\",\"contentUrl\":\"https:\\\/\\\/ecologa-europe.com\\\/shop\\\/wp-content\\\/uploads\\\/2025\\\/04\\\/Schal_merino_herren_2.jpg\",\"width\":1772,\"height\":1280},{\"@type\":\"BreadcrumbList\",\"@id\":\"https:\\\/\\\/ecologa-europe.com\\\/shop\\\/produkt\\\/sciarpa-schermante-calix-da-uomo-merino-cashmere\\\/?lang=it#breadcrumb\",\"itemListElement\":[{\"@type\":\"ListItem\",\"position\":1,\"name\":\"Startseite\",\"item\":\"https:\\\/\\\/ecologa-europe.com\\\/shop\\\/\"},{\"@type\":\"ListItem\",\"position\":2,\"name\":\"Shop\",\"item\":\"https:\\\/\\\/ecologa-europe.com\\\/shop\\\/shop\\\/\"},{\"@type\":\"ListItem\",\"position\":3,\"name\":\"Sciarpa schermante Calix da uomo, Merino\\\/Cashmere\"}]},{\"@type\":\"WebSite\",\"@id\":\"https:\\\/\\\/ecologa-europe.com\\\/shop\\\/#website\",\"url\":\"https:\\\/\\\/ecologa-europe.com\\\/shop\\\/\",\"name\":\"Elektrosmog-Schutz Onlineshop\",\"description\":\"Ecologa Europe\",\"publisher\":{\"@id\":\"https:\\\/\\\/ecologa-europe.com\\\/shop\\\/#organization\"},\"potentialAction\":[{\"@type\":\"SearchAction\",\"target\":{\"@type\":\"EntryPoint\",\"urlTemplate\":\"https:\\\/\\\/ecologa-europe.com\\\/shop\\\/?s={search_term_string}\"},\"query-input\":{\"@type\":\"PropertyValueSpecification\",\"valueRequired\":true,\"valueName\":\"search_term_string\"}}],\"inLanguage\":\"de\"},{\"@type\":\"Organization\",\"@id\":\"https:\\\/\\\/ecologa-europe.com\\\/shop\\\/#organization\",\"name\":\"Elektrosmog-Schutz Onlineshop\",\"url\":\"https:\\\/\\\/ecologa-europe.com\\\/shop\\\/\",\"logo\":{\"@type\":\"ImageObject\",\"inLanguage\":\"de\",\"@id\":\"https:\\\/\\\/ecologa-europe.com\\\/shop\\\/#\\\/schema\\\/logo\\\/image\\\/\",\"url\":\"https:\\\/\\\/ecologa-europe.com\\\/shop\\\/wp-content\\\/uploads\\\/2025\\\/04\\\/vertical-navbar-logo.svg\",\"contentUrl\":\"https:\\\/\\\/ecologa-europe.com\\\/shop\\\/wp-content\\\/uploads\\\/2025\\\/04\\\/vertical-navbar-logo.svg\",\"width\":182,\"height\":70,\"caption\":\"Elektrosmog-Schutz Onlineshop\"},\"image\":{\"@id\":\"https:\\\/\\\/ecologa-europe.com\\\/shop\\\/#\\\/schema\\\/logo\\\/image\\\/\"},\"sameAs\":[\"https:\\\/\\\/www.facebook.com\\\/Ecologa-Europe-GmbH-1604744566252298\\\/\",\"https:\\\/\\\/www.instagram.com\\\/ecologaeurope\\\/\"]}]}<\/script>\n<!-- \/ Yoast SEO plugin. -->","yoast_head_json":{"title":"Sciarpa schermante Calix da uomo, Merino\/Cashmere - Elektrosmog-Schutz Onlineshop","description":"Sciarpa unisex in merino\/cashmere, foderata con cotone organico schermante per una protezione ottimale dalle alte frequenze.","robots":{"index":"index","follow":"follow","max-snippet":"max-snippet:-1","max-image-preview":"max-image-preview:large","max-video-preview":"max-video-preview:-1"},"canonical":"https:\/\/ecologa-europe.com\/shop\/produkt\/sciarpa-schermante-calix-da-uomo-merino-cashmere\/","og_locale":"de_DE","og_type":"article","og_title":"Sciarpa schermante Calix da uomo, Merino\/Cashmere - Elektrosmog-Schutz Onlineshop","og_description":"Sciarpa unisex in merino\/cashmere, foderata con cotone organico schermante per una protezione ottimale dalle alte frequenze.","og_url":"https:\/\/ecologa-europe.com\/shop\/produkt\/sciarpa-schermante-calix-da-uomo-merino-cashmere\/?lang=it","og_site_name":"Elektrosmog-Schutz Onlineshop","article_publisher":"https:\/\/www.facebook.com\/Ecologa-Europe-GmbH-1604744566252298\/","article_modified_time":"2025-12-20T00:56:46+00:00","og_image":[{"width":1772,"height":1280,"url":"https:\/\/ecologa-europe.com\/shop\/wp-content\/uploads\/2025\/04\/Schal_merino_herren_2.jpg","type":"image\/jpeg"}],"twitter_card":"summary_large_image","twitter_misc":{"Gesch\u00e4tzte Lesezeit":"1\u00a0Minute"},"schema":{"@context":"https:\/\/schema.org","@graph":[{"@type":"WebPage","@id":"https:\/\/ecologa-europe.com\/shop\/produkt\/sciarpa-schermante-calix-da-uomo-merino-cashmere\/?lang=it","url":"https:\/\/ecologa-europe.com\/shop\/produkt\/sciarpa-schermante-calix-da-uomo-merino-cashmere\/?lang=it","name":"Sciarpa schermante Calix da uomo, Merino\/Cashmere - Elektrosmog-Schutz Onlineshop","isPartOf":{"@id":"https:\/\/ecologa-europe.com\/shop\/#website"},"primaryImageOfPage":{"@id":"https:\/\/ecologa-europe.com\/shop\/produkt\/sciarpa-schermante-calix-da-uomo-merino-cashmere\/?lang=it#primaryimage"},"image":{"@id":"https:\/\/ecologa-europe.com\/shop\/produkt\/sciarpa-schermante-calix-da-uomo-merino-cashmere\/?lang=it#primaryimage"},"thumbnailUrl":"https:\/\/ecologa-europe.com\/shop\/wp-content\/uploads\/2025\/04\/Schal_merino_herren_2.jpg","datePublished":"2025-05-16T10:11:53+00:00","dateModified":"2025-12-20T00:56:46+00:00","description":"Sciarpa unisex in merino\/cashmere, foderata con cotone organico schermante per una protezione ottimale dalle alte frequenze.","breadcrumb":{"@id":"https:\/\/ecologa-europe.com\/shop\/produkt\/sciarpa-schermante-calix-da-uomo-merino-cashmere\/?lang=it#breadcrumb"},"inLanguage":"de","potentialAction":[{"@type":"ReadAction","target":["https:\/\/ecologa-europe.com\/shop\/produkt\/sciarpa-schermante-calix-da-uomo-merino-cashmere\/?lang=it"]}]},{"@type":"ImageObject","inLanguage":"de","@id":"https:\/\/ecologa-europe.com\/shop\/produkt\/sciarpa-schermante-calix-da-uomo-merino-cashmere\/?lang=it#primaryimage","url":"https:\/\/ecologa-europe.com\/shop\/wp-content\/uploads\/2025\/04\/Schal_merino_herren_2.jpg","contentUrl":"https:\/\/ecologa-europe.com\/shop\/wp-content\/uploads\/2025\/04\/Schal_merino_herren_2.jpg","width":1772,"height":1280},{"@type":"BreadcrumbList","@id":"https:\/\/ecologa-europe.com\/shop\/produkt\/sciarpa-schermante-calix-da-uomo-merino-cashmere\/?lang=it#breadcrumb","itemListElement":[{"@type":"ListItem","position":1,"name":"Startseite","item":"https:\/\/ecologa-europe.com\/shop\/"},{"@type":"ListItem","position":2,"name":"Shop","item":"https:\/\/ecologa-europe.com\/shop\/shop\/"},{"@type":"ListItem","position":3,"name":"Sciarpa schermante Calix da uomo, Merino\/Cashmere"}]},{"@type":"WebSite","@id":"https:\/\/ecologa-europe.com\/shop\/#website","url":"https:\/\/ecologa-europe.com\/shop\/","name":"Elektrosmog-Schutz Onlineshop","description":"Ecologa Europe","publisher":{"@id":"https:\/\/ecologa-europe.com\/shop\/#organization"},"potentialAction":[{"@type":"SearchAction","target":{"@type":"EntryPoint","urlTemplate":"https:\/\/ecologa-europe.com\/shop\/?s={search_term_string}"},"query-input":{"@type":"PropertyValueSpecification","valueRequired":true,"valueName":"search_term_string"}}],"inLanguage":"de"},{"@type":"Organization","@id":"https:\/\/ecologa-europe.com\/shop\/#organization","name":"Elektrosmog-Schutz Onlineshop","url":"https:\/\/ecologa-europe.com\/shop\/","logo":{"@type":"ImageObject","inLanguage":"de","@id":"https:\/\/ecologa-europe.com\/shop\/#\/schema\/logo\/image\/","url":"https:\/\/ecologa-europe.com\/shop\/wp-content\/uploads\/2025\/04\/vertical-navbar-logo.svg","contentUrl":"https:\/\/ecologa-europe.com\/shop\/wp-content\/uploads\/2025\/04\/vertical-navbar-logo.svg","width":182,"height":70,"caption":"Elektrosmog-Schutz Onlineshop"},"image":{"@id":"https:\/\/ecologa-europe.com\/shop\/#\/schema\/logo\/image\/"},"sameAs":["https:\/\/www.facebook.com\/Ecologa-Europe-GmbH-1604744566252298\/","https:\/\/www.instagram.com\/ecologaeurope\/"]}]}},"_links":{"self":[{"href":"https:\/\/ecologa-europe.com\/shop\/wp-json\/wp\/v2\/product\/6704","targetHints":{"allow":["GET"]}}],"collection":[{"href":"https:\/\/ecologa-europe.com\/shop\/wp-json\/wp\/v2\/product"}],"about":[{"href":"https:\/\/ecologa-europe.com\/shop\/wp-json\/wp\/v2\/types\/product"}],"wp:featuredmedia":[{"embeddable":true,"href":"https:\/\/ecologa-europe.com\/shop\/wp-json\/wp\/v2\/media\/1367"}],"wp:attachment":[{"href":"https:\/\/ecologa-europe.com\/shop\/wp-json\/wp\/v2\/media?parent=6704"}],"wp:term":[{"taxonomy":"product_brand","embeddable":true,"href":"https:\/\/ecologa-europe.com\/shop\/wp-json\/wp\/v2\/product_brand?post=6704"},{"taxonomy":"product_cat","embeddable":true,"href":"https:\/\/ecologa-europe.com\/shop\/wp-json\/wp\/v2\/product_cat?post=6704"},{"taxonomy":"product_tag","embeddable":true,"href":"https:\/\/ecologa-europe.com\/shop\/wp-json\/wp\/v2\/product_tag?post=6704"}],"curies":[{"name":"wp","href":"https:\/\/api.w.org\/{rel}","templated":true}]}}