{"id":6714,"date":"2025-05-16T10:10:40","date_gmt":"2025-05-16T10:10:40","guid":{"rendered":"https:\/\/639.pm-domains.de\/?post_type=product&#038;p=6714"},"modified":"2025-12-20T00:56:47","modified_gmt":"2025-12-20T00:56:47","slug":"chemise-homme-ecran-koeper","status":"publish","type":"product","link":"https:\/\/ecologa-europe.com\/shop\/produkt\/chemise-homme-ecran-koeper\/?lang=fr","title":{"rendered":"Chemise homme \u00e9cran  &#8211; K\u00f6per"},"content":{"rendered":"<p>Intemporelle et r\u00e9solument tendance, la chemise pour homme est une pi\u00e8ce indispensable dans toute garde-robe masculine. \u00c9l\u00e9gante et polyvalente, elle peut \u00eatre associ\u00e9e \u00e0 de nombreux looks.<\/p>\n<p>Notre mod\u00e8le est un classique versatile qui s&#8217;adapte aussi bien aux v\u00eatements d\u00e9contract\u00e9s qu&#8217;aux tenues plus formelles. Avec poche poitrine plaqu\u00e9e. La forme longue reste toujours en place. Les manchettes sont taill\u00e9es avec un soin particulier; avec des fentes de manches boutonnables. Gr\u00e2ce \u00e0 sa qualit\u00e9 double retors, ce tissu en serg\u00e9 est respirant et absorbant. De plus, le coton blind\u00e9 selon l&#8217;OEKO Standard 100 prot\u00e8ge tr\u00e8s efficacement contre les hautes fr\u00e9quences.<\/p>\n<p>Les fils de cuivre les plus fins sont enduits d&#8217;argent pour une compatibilit\u00e9 optimale. Afin d&#8217;exclure toute conductivit\u00e9 \u00e9lectrique et d&#8217;emp\u00eacher l&#8217;oxydation, le fil m\u00e9tallique est ensuite recouvert de polyamide. Le tout est ensuite recouvert de coton et le fil ainsi obtenu est retordu avec un deuxi\u00e8me fil en pur coton.<br \/>\nCette torsion \u00e9lev\u00e9e et le double retordage des fils conf\u00e8rent au tissu une stabilit\u00e9 encore plus grande. Ainsi, les propri\u00e9t\u00e9s du coton qui respectent la peau contribuent encore plus \u00e0 votre bien-\u00eatre.<br \/>\nL&#8217;effet de blindage du tressage m\u00e9tallique tr\u00e8s fin du tissu emp\u00eache la p\u00e9n\u00e9tration des rayonnements \u00e9lectromagn\u00e9tiques.<br \/>\nLe tissu particuli\u00e8rement dense est tr\u00e8s r\u00e9sistant.<\/p>\n<p>Att\u00e9nuation du blindage : max. ~45 dB (&gt;99,99 %)<\/p>\n\n<table id=\"tablepress-28\" class=\"tablepress tablepress-id-28\">\n<thead>\n<tr class=\"row-1\">\n\t<td class=\"column-1\"><\/td><th class=\"column-2\">Fr\u00e9quence \/ Application (MHz)<\/th><th class=\"column-3\">D\u00e9cibel (dB)<\/th><th class=\"column-4\">Pourcentage (%)<\/th>\n<\/tr>\n<\/thead>\n<tbody class=\"row-striping row-hover\">\n<tr class=\"row-2\">\n\t<td class=\"column-1\">Tetra 450<\/td><td class=\"column-2\">450MHz<\/td><td class=\"column-3\">45dB<\/td><td class=\"column-4\">99,99%<\/td>\n<\/tr>\n<tr class=\"row-3\">\n\t<td class=\"column-1\">LTE 800<\/td><td class=\"column-2\">800MHz<\/td><td class=\"column-3\">30dB<\/td><td class=\"column-4\">99,9%<\/td>\n<\/tr>\n<tr class=\"row-4\">\n\t<td class=\"column-1\">GSM 900<\/td><td class=\"column-2\">900MHz<\/td><td class=\"column-3\">30dB<\/td><td class=\"column-4\">99,9%<\/td>\n<\/tr>\n<tr class=\"row-5\">\n\t<td class=\"column-1\">GSM 1800<\/td><td class=\"column-2\">1800MHz<\/td><td class=\"column-3\">20dB<\/td><td class=\"column-4\">99%<\/td>\n<\/tr>\n<tr class=\"row-6\">\n\t<td class=\"column-1\">DECT 1800<\/td><td class=\"column-2\">1800MHz<\/td><td class=\"column-3\">20dB<\/td><td class=\"column-4\">99%<\/td>\n<\/tr>\n<tr class=\"row-7\">\n\t<td class=\"column-1\">UMTS 2000<\/td><td class=\"column-2\">2000MHz<\/td><td class=\"column-3\">20dB<\/td><td class=\"column-4\">99%<\/td>\n<\/tr>\n<tr class=\"row-8\">\n\t<td class=\"column-1\">WLAN 2400<\/td><td class=\"column-2\">2400MHz<\/td><td class=\"column-3\">20dB<\/td><td class=\"column-4\">99%<\/td>\n<\/tr>\n<tr class=\"row-9\">\n\t<td class=\"column-1\">LTE 2600<\/td><td class=\"column-2\">2600MHz<\/td><td class=\"column-3\">20dB<\/td><td class=\"column-4\">99%<\/td>\n<\/tr>\n<tr class=\"row-10\">\n\t<td class=\"column-1\">WLAN 5800<\/td><td class=\"column-2\">5800MHz<\/td><td class=\"column-3\">10dB<\/td><td class=\"column-4\">90%<\/td>\n<\/tr>\n<\/tbody>\n<\/table>\n<!-- #tablepress-28 from cache -->\n<p>Composition : serg\u00e9 \u00e0 fil plein<br \/>\n97 % Coton, 3 % Metal (fil de cuivre fin argent\u00e9)<br \/>\nCouleur : blanc, bleu clair, gris clair, saumon, beige<\/p>\n<p>Tailles : 37\/38 &#8211; 39\/40 &#8211; 41\/42 &#8211; 43\/44 &#8211; 45\/46 &#8211; 47\/48<\/p>\n\n<table id=\"tablepress-31\" class=\"tablepress tablepress-id-31\">\n<thead>\n<tr class=\"row-1\">\n\t<th class=\"column-1\">Tailles<\/th><th class=\"column-2\">37\/38<\/th><th class=\"column-3\">39\/40<\/th><th class=\"column-4\">41\/42<\/th><th class=\"column-5\">43\/44<\/th><th class=\"column-6\">45\/46<\/th><th class=\"column-7\">47\/48<\/th>\n<\/tr>\n<\/thead>\n<tbody class=\"row-striping row-hover\">\n<tr class=\"row-2\">\n\t<td class=\"column-1\">Largeur de cou<\/td><td class=\"column-2\">37,5<\/td><td class=\"column-3\">39,5<\/td><td class=\"column-4\">41,5<\/td><td class=\"column-5\">43,5<\/td><td class=\"column-6\">45,5<\/td><td class=\"column-7\">47,5<\/td>\n<\/tr>\n<tr class=\"row-3\">\n\t<td class=\"column-1\">Largeur des \u00e9paules<\/td><td class=\"column-2\">15,8<\/td><td class=\"column-3\">16,5<\/td><td class=\"column-4\">17,3<\/td><td class=\"column-5\">17,9<\/td><td class=\"column-6\">18,8<\/td><td class=\"column-7\">19,8<\/td>\n<\/tr>\n<tr class=\"row-4\">\n\t<td class=\"column-1\">Tour de poitrine<\/td><td class=\"column-2\">108<\/td><td class=\"column-3\">116<\/td><td class=\"column-4\">124<\/td><td class=\"column-5\">132<\/td><td class=\"column-6\">142<\/td><td class=\"column-7\">150<\/td>\n<\/tr>\n<tr class=\"row-5\">\n\t<td class=\"column-1\">Tour de taille<\/td><td class=\"column-2\">106<\/td><td class=\"column-3\">114<\/td><td class=\"column-4\">122<\/td><td class=\"column-5\">130<\/td><td class=\"column-6\">142<\/td><td class=\"column-7\">150<\/td>\n<\/tr>\n<tr class=\"row-6\">\n\t<td class=\"column-1\">Largeur des hanches<\/td><td class=\"column-2\">108<\/td><td class=\"column-3\">116<\/td><td class=\"column-4\">124<\/td><td class=\"column-5\">132<\/td><td class=\"column-6\">142<\/td><td class=\"column-7\">150<\/td>\n<\/tr>\n<tr class=\"row-7\">\n\t<td class=\"column-1\">Manchette<\/td><td class=\"column-2\">26<\/td><td class=\"column-3\">26<\/td><td class=\"column-4\">26<\/td><td class=\"column-5\">26<\/td><td class=\"column-6\">28<\/td><td class=\"column-7\">29<\/td>\n<\/tr>\n<tr class=\"row-8\">\n\t<td class=\"column-1\">Longueur du dos<\/td><td class=\"column-2\">80<\/td><td class=\"column-3\">80<\/td><td class=\"column-4\">82<\/td><td class=\"column-5\">83<\/td><td class=\"column-6\">85<\/td><td class=\"column-7\">87<\/td>\n<\/tr>\n<tr class=\"row-9\">\n\t<td class=\"column-1\">Longueur du dos<\/td><td class=\"column-2\">65<\/td><td class=\"column-3\">65<\/td><td class=\"column-4\">65<\/td><td class=\"column-5\">66<\/td><td class=\"column-6\">66<\/td><td class=\"column-7\">67<\/td>\n<\/tr>\n<\/tbody>\n<\/table>\n<!-- #tablepress-31 from cache -->\n<p>Conseil d&#8217;entretien<br \/>\nLavage d\u00e9licat \u00e0 30 degr\u00e9s<br \/>\nNe convient pas au s\u00e8che-linge<\/p>\n","protected":false},"excerpt":{"rendered":"<p>Intemporelle et r\u00e9solument tendance, cette chemise pour homme est une pi\u00e8ce indispensable dans toute garde-robe masculine.<\/p>\n<p>Pour la protection contre les ondes \u00e9lectromagn\u00e9tiques \u00e0 haute fr\u00e9quence.<br \/>\nLa finition de tr\u00e8s haute qualit\u00e9 garantit une bonne lavabilit\u00e9, un grand confort et une longue dur\u00e9e de vie.<\/p>\n<p>Notre mod\u00e8le est un classique polyvalent qui s&#8217;accorde aussi bien avec des v\u00eatements de loisirs qu&#8217;avec des v\u00eatements formels. Avec poche poitrine plaqu\u00e9e. La forme longue reste toujours \u00e0 la taille. Les manchettes sont taill\u00e9es avec un soin particulier ; avec des fentes de manches boutonnables. Gr\u00e2ce \u00e0 sa qualit\u00e9 double retors, ce tissu en serg\u00e9 est respirant et absorbant. De plus, le coton blind\u00e9 selon l&#8217;OEKO Standard 100 prot\u00e8ge tr\u00e8s efficacement contre les hautes fr\u00e9quences.<\/p>\n<p>Composition : serg\u00e9 \u00e0 fils retors complets<br \/>\n97 % Coton, 3 % Metal (fil de cuivre fin argent\u00e9)Att\u00e9nuation du blindage : max. ~45 dB (&gt;99,99 %)<br \/>\nCouleur : blanc, bleu clair, gris clair, saumon, beige<\/p>\n<p>Tailles : 37\/38 &#8211; 39\/40 &#8211; 41\/42 &#8211; 43\/44 &#8211; 45\/46 &#8211; 47\/48<\/p>\n","protected":false},"featured_media":1303,"template":"","meta":{"inline_featured_image":false,"site-sidebar-layout":"default","site-content-layout":"","ast-site-content-layout":"default","site-content-style":"default","site-sidebar-style":"default","ast-global-header-display":"","ast-banner-title-visibility":"","ast-main-header-display":"","ast-hfb-above-header-display":"","ast-hfb-below-header-display":"","ast-hfb-mobile-header-display":"","site-post-title":"","ast-breadcrumbs-content":"","ast-featured-img":"","footer-sml-layout":"","ast-disable-related-posts":"","theme-transparent-header-meta":"default","adv-header-id-meta":"","stick-header-meta":"","header-above-stick-meta":"","header-main-stick-meta":"","header-below-stick-meta":"","astra-migrate-meta-layouts":"default","ast-page-background-enabled":"default","ast-page-background-meta":{"desktop":{"background-color":"var(--ast-global-color-5)","background-image":"","background-repeat":"repeat","background-position":"center center","background-size":"auto","background-attachment":"scroll","background-type":"","background-media":"","overlay-type":"","overlay-color":"","overlay-opacity":"","overlay-gradient":""},"tablet":{"background-color":"","background-image":"","background-repeat":"repeat","background-position":"center center","background-size":"auto","background-attachment":"scroll","background-type":"","background-media":"","overlay-type":"","overlay-color":"","overlay-opacity":"","overlay-gradient":""},"mobile":{"background-color":"","background-image":"","background-repeat":"repeat","background-position":"center center","background-size":"auto","background-attachment":"scroll","background-type":"","background-media":"","overlay-type":"","overlay-color":"","overlay-opacity":"","overlay-gradient":""}},"ast-content-background-meta":{"desktop":{"background-color":"var(--ast-global-color-4)","background-image":"","background-repeat":"repeat","background-position":"center center","background-size":"auto","background-attachment":"scroll","background-type":"","background-media":"","overlay-type":"","overlay-color":"","overlay-opacity":"","overlay-gradient":""},"tablet":{"background-color":"var(--ast-global-color-4)","background-image":"","background-repeat":"repeat","background-position":"center center","background-size":"auto","background-attachment":"scroll","background-type":"","background-media":"","overlay-type":"","overlay-color":"","overlay-opacity":"","overlay-gradient":""},"mobile":{"background-color":"var(--ast-global-color-4)","background-image":"","background-repeat":"repeat","background-position":"center center","background-size":"auto","background-attachment":"scroll","background-type":"","background-media":"","overlay-type":"","overlay-color":"","overlay-opacity":"","overlay-gradient":""}}},"product_brand":[],"product_cat":[186,185],"product_tag":[656,188],"class_list":{"0":"post-6714","1":"product","2":"type-product","3":"status-publish","4":"has-post-thumbnail","6":"product_cat-hommes","7":"product_cat-vetements-high-tech","8":"product_tag-protection-contre-la-pollution-electromagnetique-fr","9":"product_tag-vetements-de-protection","10":"product_shipping_class-standardversand","11":"pa_farbe-beige-2","12":"pa_farbe-blanc","13":"pa_farbe-bleu-clair","14":"pa_farbe-gris-clair","15":"pa_farbe-saumon","16":"pa_groesse-37-38-4","17":"pa_groesse-39-40-2","18":"pa_groesse-41-42-3","19":"pa_groesse-43-44-3","20":"pa_groesse-45-46-2","21":"pa_groesse-47-48-4","22":"desktop-align-left","23":"tablet-align-left","24":"mobile-align-left","26":"first","27":"instock","28":"taxable","29":"shipping-taxable","30":"purchasable","31":"product-type-variable"},"yoast_head":"<!-- This site is optimized with the Yoast SEO plugin v27.4 - https:\/\/yoast.com\/product\/yoast-seo-wordpress\/ -->\n<title>Chemise homme \u00e9cran - K\u00f6per - Elektrosmog-Schutz Onlineshop<\/title>\n<meta name=\"description\" content=\"Chemise homme blind\u00e9e contre les ondes \u00e9lectromagn\u00e9tiques \u00e0 haute fr\u00e9quence\" \/>\n<meta name=\"robots\" content=\"index, follow, max-snippet:-1, max-image-preview:large, max-video-preview:-1\" \/>\n<link rel=\"canonical\" href=\"https:\/\/ecologa-europe.com\/shop\/produkt\/chemise-homme-ecran-koeper\/\" \/>\n<meta property=\"og:locale\" content=\"de_DE\" \/>\n<meta property=\"og:type\" content=\"article\" \/>\n<meta property=\"og:title\" content=\"Chemise homme \u00e9cran - K\u00f6per - Elektrosmog-Schutz Onlineshop\" \/>\n<meta property=\"og:description\" content=\"Chemise homme blind\u00e9e contre les ondes \u00e9lectromagn\u00e9tiques \u00e0 haute fr\u00e9quence\" \/>\n<meta property=\"og:url\" content=\"https:\/\/ecologa-europe.com\/shop\/produkt\/chemise-homme-ecran-koeper\/?lang=fr\" \/>\n<meta property=\"og:site_name\" content=\"Elektrosmog-Schutz Onlineshop\" \/>\n<meta property=\"article:publisher\" content=\"https:\/\/www.facebook.com\/Ecologa-Europe-GmbH-1604744566252298\/\" \/>\n<meta property=\"article:modified_time\" content=\"2025-12-20T00:56:47+00:00\" \/>\n<meta property=\"og:image\" content=\"https:\/\/ecologa-europe.com\/shop\/wp-content\/uploads\/2025\/04\/hemd_rosa.jpg\" \/>\n\t<meta property=\"og:image:width\" content=\"1772\" \/>\n\t<meta property=\"og:image:height\" content=\"1280\" \/>\n\t<meta property=\"og:image:type\" content=\"image\/jpeg\" \/>\n<meta name=\"twitter:card\" content=\"summary_large_image\" \/>\n<meta name=\"twitter:label1\" content=\"Gesch\u00e4tzte Lesezeit\" \/>\n\t<meta name=\"twitter:data1\" content=\"1\u00a0Minute\" \/>\n<script type=\"application\/ld+json\" class=\"yoast-schema-graph\">{\"@context\":\"https:\\\/\\\/schema.org\",\"@graph\":[{\"@type\":\"WebPage\",\"@id\":\"https:\\\/\\\/ecologa-europe.com\\\/shop\\\/produkt\\\/chemise-homme-ecran-koeper\\\/?lang=fr\",\"url\":\"https:\\\/\\\/ecologa-europe.com\\\/shop\\\/produkt\\\/chemise-homme-ecran-koeper\\\/?lang=fr\",\"name\":\"Chemise homme \u00e9cran - K\u00f6per - Elektrosmog-Schutz Onlineshop\",\"isPartOf\":{\"@id\":\"https:\\\/\\\/ecologa-europe.com\\\/shop\\\/#website\"},\"primaryImageOfPage\":{\"@id\":\"https:\\\/\\\/ecologa-europe.com\\\/shop\\\/produkt\\\/chemise-homme-ecran-koeper\\\/?lang=fr#primaryimage\"},\"image\":{\"@id\":\"https:\\\/\\\/ecologa-europe.com\\\/shop\\\/produkt\\\/chemise-homme-ecran-koeper\\\/?lang=fr#primaryimage\"},\"thumbnailUrl\":\"https:\\\/\\\/ecologa-europe.com\\\/shop\\\/wp-content\\\/uploads\\\/2025\\\/04\\\/hemd_rosa.jpg\",\"datePublished\":\"2025-05-16T10:10:40+00:00\",\"dateModified\":\"2025-12-20T00:56:47+00:00\",\"description\":\"Chemise homme blind\u00e9e contre les ondes \u00e9lectromagn\u00e9tiques \u00e0 haute fr\u00e9quence\",\"breadcrumb\":{\"@id\":\"https:\\\/\\\/ecologa-europe.com\\\/shop\\\/produkt\\\/chemise-homme-ecran-koeper\\\/?lang=fr#breadcrumb\"},\"inLanguage\":\"de\",\"potentialAction\":[{\"@type\":\"ReadAction\",\"target\":[\"https:\\\/\\\/ecologa-europe.com\\\/shop\\\/produkt\\\/chemise-homme-ecran-koeper\\\/?lang=fr\"]}]},{\"@type\":\"ImageObject\",\"inLanguage\":\"de\",\"@id\":\"https:\\\/\\\/ecologa-europe.com\\\/shop\\\/produkt\\\/chemise-homme-ecran-koeper\\\/?lang=fr#primaryimage\",\"url\":\"https:\\\/\\\/ecologa-europe.com\\\/shop\\\/wp-content\\\/uploads\\\/2025\\\/04\\\/hemd_rosa.jpg\",\"contentUrl\":\"https:\\\/\\\/ecologa-europe.com\\\/shop\\\/wp-content\\\/uploads\\\/2025\\\/04\\\/hemd_rosa.jpg\",\"width\":1772,\"height\":1280},{\"@type\":\"BreadcrumbList\",\"@id\":\"https:\\\/\\\/ecologa-europe.com\\\/shop\\\/produkt\\\/chemise-homme-ecran-koeper\\\/?lang=fr#breadcrumb\",\"itemListElement\":[{\"@type\":\"ListItem\",\"position\":1,\"name\":\"Startseite\",\"item\":\"https:\\\/\\\/ecologa-europe.com\\\/shop\\\/\"},{\"@type\":\"ListItem\",\"position\":2,\"name\":\"Shop\",\"item\":\"https:\\\/\\\/ecologa-europe.com\\\/shop\\\/shop\\\/\"},{\"@type\":\"ListItem\",\"position\":3,\"name\":\"Chemise homme \u00e9cran &#8211; K\u00f6per\"}]},{\"@type\":\"WebSite\",\"@id\":\"https:\\\/\\\/ecologa-europe.com\\\/shop\\\/#website\",\"url\":\"https:\\\/\\\/ecologa-europe.com\\\/shop\\\/\",\"name\":\"Elektrosmog-Schutz Onlineshop\",\"description\":\"Ecologa Europe\",\"publisher\":{\"@id\":\"https:\\\/\\\/ecologa-europe.com\\\/shop\\\/#organization\"},\"potentialAction\":[{\"@type\":\"SearchAction\",\"target\":{\"@type\":\"EntryPoint\",\"urlTemplate\":\"https:\\\/\\\/ecologa-europe.com\\\/shop\\\/?s={search_term_string}\"},\"query-input\":{\"@type\":\"PropertyValueSpecification\",\"valueRequired\":true,\"valueName\":\"search_term_string\"}}],\"inLanguage\":\"de\"},{\"@type\":\"Organization\",\"@id\":\"https:\\\/\\\/ecologa-europe.com\\\/shop\\\/#organization\",\"name\":\"Elektrosmog-Schutz Onlineshop\",\"url\":\"https:\\\/\\\/ecologa-europe.com\\\/shop\\\/\",\"logo\":{\"@type\":\"ImageObject\",\"inLanguage\":\"de\",\"@id\":\"https:\\\/\\\/ecologa-europe.com\\\/shop\\\/#\\\/schema\\\/logo\\\/image\\\/\",\"url\":\"https:\\\/\\\/ecologa-europe.com\\\/shop\\\/wp-content\\\/uploads\\\/2025\\\/04\\\/vertical-navbar-logo.svg\",\"contentUrl\":\"https:\\\/\\\/ecologa-europe.com\\\/shop\\\/wp-content\\\/uploads\\\/2025\\\/04\\\/vertical-navbar-logo.svg\",\"width\":182,\"height\":70,\"caption\":\"Elektrosmog-Schutz Onlineshop\"},\"image\":{\"@id\":\"https:\\\/\\\/ecologa-europe.com\\\/shop\\\/#\\\/schema\\\/logo\\\/image\\\/\"},\"sameAs\":[\"https:\\\/\\\/www.facebook.com\\\/Ecologa-Europe-GmbH-1604744566252298\\\/\",\"https:\\\/\\\/www.instagram.com\\\/ecologaeurope\\\/\"]}]}<\/script>\n<!-- \/ Yoast SEO plugin. -->","yoast_head_json":{"title":"Chemise homme \u00e9cran - K\u00f6per - Elektrosmog-Schutz Onlineshop","description":"Chemise homme blind\u00e9e contre les ondes \u00e9lectromagn\u00e9tiques \u00e0 haute fr\u00e9quence","robots":{"index":"index","follow":"follow","max-snippet":"max-snippet:-1","max-image-preview":"max-image-preview:large","max-video-preview":"max-video-preview:-1"},"canonical":"https:\/\/ecologa-europe.com\/shop\/produkt\/chemise-homme-ecran-koeper\/","og_locale":"de_DE","og_type":"article","og_title":"Chemise homme \u00e9cran - K\u00f6per - Elektrosmog-Schutz Onlineshop","og_description":"Chemise homme blind\u00e9e contre les ondes \u00e9lectromagn\u00e9tiques \u00e0 haute fr\u00e9quence","og_url":"https:\/\/ecologa-europe.com\/shop\/produkt\/chemise-homme-ecran-koeper\/?lang=fr","og_site_name":"Elektrosmog-Schutz Onlineshop","article_publisher":"https:\/\/www.facebook.com\/Ecologa-Europe-GmbH-1604744566252298\/","article_modified_time":"2025-12-20T00:56:47+00:00","og_image":[{"width":1772,"height":1280,"url":"https:\/\/ecologa-europe.com\/shop\/wp-content\/uploads\/2025\/04\/hemd_rosa.jpg","type":"image\/jpeg"}],"twitter_card":"summary_large_image","twitter_misc":{"Gesch\u00e4tzte Lesezeit":"1\u00a0Minute"},"schema":{"@context":"https:\/\/schema.org","@graph":[{"@type":"WebPage","@id":"https:\/\/ecologa-europe.com\/shop\/produkt\/chemise-homme-ecran-koeper\/?lang=fr","url":"https:\/\/ecologa-europe.com\/shop\/produkt\/chemise-homme-ecran-koeper\/?lang=fr","name":"Chemise homme \u00e9cran - K\u00f6per - Elektrosmog-Schutz Onlineshop","isPartOf":{"@id":"https:\/\/ecologa-europe.com\/shop\/#website"},"primaryImageOfPage":{"@id":"https:\/\/ecologa-europe.com\/shop\/produkt\/chemise-homme-ecran-koeper\/?lang=fr#primaryimage"},"image":{"@id":"https:\/\/ecologa-europe.com\/shop\/produkt\/chemise-homme-ecran-koeper\/?lang=fr#primaryimage"},"thumbnailUrl":"https:\/\/ecologa-europe.com\/shop\/wp-content\/uploads\/2025\/04\/hemd_rosa.jpg","datePublished":"2025-05-16T10:10:40+00:00","dateModified":"2025-12-20T00:56:47+00:00","description":"Chemise homme blind\u00e9e contre les ondes \u00e9lectromagn\u00e9tiques \u00e0 haute fr\u00e9quence","breadcrumb":{"@id":"https:\/\/ecologa-europe.com\/shop\/produkt\/chemise-homme-ecran-koeper\/?lang=fr#breadcrumb"},"inLanguage":"de","potentialAction":[{"@type":"ReadAction","target":["https:\/\/ecologa-europe.com\/shop\/produkt\/chemise-homme-ecran-koeper\/?lang=fr"]}]},{"@type":"ImageObject","inLanguage":"de","@id":"https:\/\/ecologa-europe.com\/shop\/produkt\/chemise-homme-ecran-koeper\/?lang=fr#primaryimage","url":"https:\/\/ecologa-europe.com\/shop\/wp-content\/uploads\/2025\/04\/hemd_rosa.jpg","contentUrl":"https:\/\/ecologa-europe.com\/shop\/wp-content\/uploads\/2025\/04\/hemd_rosa.jpg","width":1772,"height":1280},{"@type":"BreadcrumbList","@id":"https:\/\/ecologa-europe.com\/shop\/produkt\/chemise-homme-ecran-koeper\/?lang=fr#breadcrumb","itemListElement":[{"@type":"ListItem","position":1,"name":"Startseite","item":"https:\/\/ecologa-europe.com\/shop\/"},{"@type":"ListItem","position":2,"name":"Shop","item":"https:\/\/ecologa-europe.com\/shop\/shop\/"},{"@type":"ListItem","position":3,"name":"Chemise homme \u00e9cran &#8211; K\u00f6per"}]},{"@type":"WebSite","@id":"https:\/\/ecologa-europe.com\/shop\/#website","url":"https:\/\/ecologa-europe.com\/shop\/","name":"Elektrosmog-Schutz Onlineshop","description":"Ecologa Europe","publisher":{"@id":"https:\/\/ecologa-europe.com\/shop\/#organization"},"potentialAction":[{"@type":"SearchAction","target":{"@type":"EntryPoint","urlTemplate":"https:\/\/ecologa-europe.com\/shop\/?s={search_term_string}"},"query-input":{"@type":"PropertyValueSpecification","valueRequired":true,"valueName":"search_term_string"}}],"inLanguage":"de"},{"@type":"Organization","@id":"https:\/\/ecologa-europe.com\/shop\/#organization","name":"Elektrosmog-Schutz Onlineshop","url":"https:\/\/ecologa-europe.com\/shop\/","logo":{"@type":"ImageObject","inLanguage":"de","@id":"https:\/\/ecologa-europe.com\/shop\/#\/schema\/logo\/image\/","url":"https:\/\/ecologa-europe.com\/shop\/wp-content\/uploads\/2025\/04\/vertical-navbar-logo.svg","contentUrl":"https:\/\/ecologa-europe.com\/shop\/wp-content\/uploads\/2025\/04\/vertical-navbar-logo.svg","width":182,"height":70,"caption":"Elektrosmog-Schutz Onlineshop"},"image":{"@id":"https:\/\/ecologa-europe.com\/shop\/#\/schema\/logo\/image\/"},"sameAs":["https:\/\/www.facebook.com\/Ecologa-Europe-GmbH-1604744566252298\/","https:\/\/www.instagram.com\/ecologaeurope\/"]}]}},"_links":{"self":[{"href":"https:\/\/ecologa-europe.com\/shop\/wp-json\/wp\/v2\/product\/6714","targetHints":{"allow":["GET"]}}],"collection":[{"href":"https:\/\/ecologa-europe.com\/shop\/wp-json\/wp\/v2\/product"}],"about":[{"href":"https:\/\/ecologa-europe.com\/shop\/wp-json\/wp\/v2\/types\/product"}],"wp:featuredmedia":[{"embeddable":true,"href":"https:\/\/ecologa-europe.com\/shop\/wp-json\/wp\/v2\/media\/1303"}],"wp:attachment":[{"href":"https:\/\/ecologa-europe.com\/shop\/wp-json\/wp\/v2\/media?parent=6714"}],"wp:term":[{"taxonomy":"product_brand","embeddable":true,"href":"https:\/\/ecologa-europe.com\/shop\/wp-json\/wp\/v2\/product_brand?post=6714"},{"taxonomy":"product_cat","embeddable":true,"href":"https:\/\/ecologa-europe.com\/shop\/wp-json\/wp\/v2\/product_cat?post=6714"},{"taxonomy":"product_tag","embeddable":true,"href":"https:\/\/ecologa-europe.com\/shop\/wp-json\/wp\/v2\/product_tag?post=6714"}],"curies":[{"name":"wp","href":"https:\/\/api.w.org\/{rel}","templated":true}]}}