{"id":6888,"date":"2025-05-16T10:09:56","date_gmt":"2025-05-16T10:09:56","guid":{"rendered":"https:\/\/639.pm-domains.de\/?post_type=product&#038;p=6888"},"modified":"2025-05-16T10:38:40","modified_gmt":"2025-05-16T10:38:40","slug":"loop-ecran-indy","status":"publish","type":"product","link":"https:\/\/ecologa-europe.com\/shop\/produkt\/loop-ecran-indy\/?lang=fr","title":{"rendered":"Loop \u00e9cran Indy"},"content":{"rendered":"<p>L&#8217;\u00e9charpe est un must-have qui vous aide \u00e0 harmoniser votre look dans tous les styles et \u00e0 le rendre plus concis et complet. Cet accessoire de mode a m\u00eame gagn\u00e9 en popularit\u00e9 pendant les mois les plus chauds. Notre nouveau mod\u00e8le Indy est un snood que vous pouvez enrouler deux fois autour de votre cou.<\/p>\n<p>Indy s&#8217;inscrit dans le mouvement actuel &#8222;effortless chic&#8220;, qui vise \u00e0 combiner confort et style. Ce snood est agr\u00e9able sur la peau. Nous l&#8217;avons choisi en diff\u00e9rentes couleurs pour qu&#8217;il s&#8217;accorde avec le plus grand nombre de tenues possible.<br \/>\nParmi ses nombreux avantages, le plus important est la protection contre la pollution \u00e9lectromagn\u00e9tique.<\/p>\n<p>Le loop est doubl\u00e9 d&#8217;une texture en polyester m\u00e9tallis\u00e9. En raison de la construction du tissu avec des fils de cuivre argent\u00e9s dans la cha\u00eene et dans la trame, ce tricot est particuli\u00e8rement adapt\u00e9 \u00e0 la protection contre les ondes \u00e9lectromagn\u00e9tiques \u00e0 haute fr\u00e9quence.<\/p>\n\n<table id=\"tablepress-26\" class=\"tablepress tablepress-id-26\">\n<thead>\n<tr class=\"row-1\">\n\t<td class=\"column-1\"><\/td><th class=\"column-2\">Fr\u00e9quence \/Application (MHz)<\/th><th class=\"column-3\">D\u00e9cibel (dB)<\/th><th class=\"column-4\">Pourcentage (%)<\/th>\n<\/tr>\n<\/thead>\n<tbody class=\"row-striping row-hover\">\n<tr class=\"row-2\">\n\t<td class=\"column-1\">Tetra 450<\/td><td class=\"column-2\">450MHz<\/td><td class=\"column-3\">30dB<\/td><td class=\"column-4\">99,9%<\/td>\n<\/tr>\n<tr class=\"row-3\">\n\t<td class=\"column-1\">LTE 800<\/td><td class=\"column-2\">800MHz<\/td><td class=\"column-3\">40dB<\/td><td class=\"column-4\">99,99%<\/td>\n<\/tr>\n<tr class=\"row-4\">\n\t<td class=\"column-1\">GSM 900<\/td><td class=\"column-2\">900MHz<\/td><td class=\"column-3\">40dB<\/td><td class=\"column-4\">99,99%<\/td>\n<\/tr>\n<tr class=\"row-5\">\n\t<td class=\"column-1\">GSM 1800<\/td><td class=\"column-2\">1800MHz<\/td><td class=\"column-3\">30dB<\/td><td class=\"column-4\">99,9%<\/td>\n<\/tr>\n<tr class=\"row-6\">\n\t<td class=\"column-1\">DECT 1800<\/td><td class=\"column-2\">1800MHz<\/td><td class=\"column-3\">30dB<\/td><td class=\"column-4\">99,9%<\/td>\n<\/tr>\n<tr class=\"row-7\">\n\t<td class=\"column-1\">UMTS 2000<\/td><td class=\"column-2\">2000MHz<\/td><td class=\"column-3\">30dB<\/td><td class=\"column-4\">99,9%<\/td>\n<\/tr>\n<tr class=\"row-8\">\n\t<td class=\"column-1\">WLAN 2400<\/td><td class=\"column-2\">2400MHz<\/td><td class=\"column-3\">20dB<\/td><td class=\"column-4\">99%<\/td>\n<\/tr>\n<tr class=\"row-9\">\n\t<td class=\"column-1\">LTE 2600<\/td><td class=\"column-2\">2600MHz<\/td><td class=\"column-3\">20dB<\/td><td class=\"column-4\">99%<\/td>\n<\/tr>\n<tr class=\"row-10\">\n\t<td class=\"column-1\">WLAN 5800<\/td><td class=\"column-2\">5800MHz<\/td><td class=\"column-3\">20dB<\/td><td class=\"column-4\">99%<\/td>\n<\/tr>\n<\/tbody>\n<\/table>\n<!-- #tablepress-26 from cache -->\n<p>Indy est fabriqu\u00e9 en Allemagne.<\/p>\n<p>Donn\u00e9es techniques :<br \/>\nTissu de blindage : polyester 90%, m\u00e9tal 10%.<br \/>\nM\u00e9tallisation : argent fin, Ag<br \/>\nBoucle : Viscose<br \/>\nImpression : couleurs m\u00e9lang\u00e9es dans les tons jaunes<br \/>\nLargeur : env. 33 cm, longueur env. 140 cm<\/p>\n<p>Conseils d&#8217;entretien :<br \/>\nLavage d\u00e9licat \u00e0 30\u00b0C.<br \/>\nNe pas utiliser de d\u00e9sinfectants ou de produits de nettoyage contenant du chlore !<br \/>\nRenoncer \u00e9galement aux adoucissants.<br \/>\nNe pas utiliser de s\u00e8che-linge<\/p>\n","protected":false},"excerpt":{"rendered":"<p>Notre nouveau mod\u00e8le Indy est un snood que vous pouvez enrouler deux fois autour de votre cou. Ce snood est agr\u00e9able sur la peau. Nous l&#8217;avons choisi dans diff\u00e9rentes couleurs pour qu&#8217;il s&#8217;accorde avec le plus de tenues possibles.<\/p>\n<p>Le loop est doubl\u00e9 d&#8217;une texture en polyester m\u00e9tallis\u00e9. En raison de la construction du tissu avec des fils de cuivre argent\u00e9s dans la cha\u00eene et dans la trame, ce tricot est particuli\u00e8rement adapt\u00e9 \u00e0 la protection contre les ondes \u00e9lectromagn\u00e9tiques \u00e0 haute fr\u00e9quence.<\/p>\n<p>Indy est fabriqu\u00e9 en Allemagne.<\/p>\n<p>Donn\u00e9es techniques :<br \/>\nTissu de blindage : polyester 90 %, m\u00e9tal 10<br \/>\nM\u00e9tallisation : argent fin, Ag<br \/>\nBoucle : Viscose<br \/>\nImpression : couleurs m\u00e9lang\u00e9es dans les tons jaunes<br \/>\nLargeur : env. 33 cm, longueur env. 140 cm<\/p>\n","protected":false},"featured_media":1246,"template":"","meta":{"inline_featured_image":false,"site-sidebar-layout":"default","site-content-layout":"","ast-site-content-layout":"default","site-content-style":"default","site-sidebar-style":"default","ast-global-header-display":"","ast-banner-title-visibility":"","ast-main-header-display":"","ast-hfb-above-header-display":"","ast-hfb-below-header-display":"","ast-hfb-mobile-header-display":"","site-post-title":"","ast-breadcrumbs-content":"","ast-featured-img":"","footer-sml-layout":"","ast-disable-related-posts":"","theme-transparent-header-meta":"default","adv-header-id-meta":"","stick-header-meta":"","header-above-stick-meta":"","header-main-stick-meta":"","header-below-stick-meta":"","astra-migrate-meta-layouts":"default","ast-page-background-enabled":"default","ast-page-background-meta":{"desktop":{"background-color":"var(--ast-global-color-5)","background-image":"","background-repeat":"repeat","background-position":"center center","background-size":"auto","background-attachment":"scroll","background-type":"","background-media":"","overlay-type":"","overlay-color":"","overlay-opacity":"","overlay-gradient":""},"tablet":{"background-color":"","background-image":"","background-repeat":"repeat","background-position":"center center","background-size":"auto","background-attachment":"scroll","background-type":"","background-media":"","overlay-type":"","overlay-color":"","overlay-opacity":"","overlay-gradient":""},"mobile":{"background-color":"","background-image":"","background-repeat":"repeat","background-position":"center center","background-size":"auto","background-attachment":"scroll","background-type":"","background-media":"","overlay-type":"","overlay-color":"","overlay-opacity":"","overlay-gradient":""}},"ast-content-background-meta":{"desktop":{"background-color":"var(--ast-global-color-4)","background-image":"","background-repeat":"repeat","background-position":"center center","background-size":"auto","background-attachment":"scroll","background-type":"","background-media":"","overlay-type":"","overlay-color":"","overlay-opacity":"","overlay-gradient":""},"tablet":{"background-color":"var(--ast-global-color-4)","background-image":"","background-repeat":"repeat","background-position":"center center","background-size":"auto","background-attachment":"scroll","background-type":"","background-media":"","overlay-type":"","overlay-color":"","overlay-opacity":"","overlay-gradient":""},"mobile":{"background-color":"var(--ast-global-color-4)","background-image":"","background-repeat":"repeat","background-position":"center center","background-size":"auto","background-attachment":"scroll","background-type":"","background-media":"","overlay-type":"","overlay-color":"","overlay-opacity":"","overlay-gradient":""}}},"product_brand":[],"product_cat":[198,185],"product_tag":[188],"class_list":{"0":"post-6888","1":"product","2":"type-product","3":"status-publish","4":"has-post-thumbnail","6":"product_cat-femmes","7":"product_cat-vetements-high-tech","8":"product_tag-vetements-de-protection","9":"product_shipping_class-standardversand","10":"desktop-align-left","11":"tablet-align-left","12":"mobile-align-left","14":"first","15":"instock","16":"taxable","17":"shipping-taxable","18":"purchasable","19":"product-type-simple"},"yoast_head":"<!-- This site is optimized with the Yoast SEO plugin v27.3 - https:\/\/yoast.com\/product\/yoast-seo-wordpress\/ -->\n<title>Loop \u00e9cran Indy - Elektrosmog-Schutz Onlineshop<\/title>\n<meta name=\"description\" content=\"Notre nouveau mod\u00e8le Indy est un snood que vous pouvez enrouler deux fois autour de votre cou. Ce snood est agr\u00e9able sur la peau. Nous l&#039;avons choisi dans diff\u00e9rentes couleurs pour qu&#039;il s&#039;accorde avec le plus de tenues possibles. Le loop est doubl\u00e9 d&#039;une texture en polyester m\u00e9tallis\u00e9. En raison de la construction du tissu avec des fils de cuivre argent\u00e9s dans la cha\u00eene et dans la trame, ce tricot est particuli\u00e8rement adapt\u00e9 \u00e0 la protection contre les ondes \u00e9lectromagn\u00e9tiques \u00e0 haute fr\u00e9quence. Indy est fabriqu\u00e9 en Allemagne. Donn\u00e9es techniques : Tissu de blindage : polyester 90 %, m\u00e9tal 10 M\u00e9tallisation : argent fin, Ag Boucle : Viscose Impression : couleurs m\u00e9lang\u00e9es dans les tons jaunes Largeur : env. 33 cm, longueur env. 140 cm\" \/>\n<meta name=\"robots\" content=\"index, follow, max-snippet:-1, max-image-preview:large, max-video-preview:-1\" \/>\n<link rel=\"canonical\" href=\"https:\/\/ecologa-europe.com\/shop\/produkt\/loop-ecran-indy\/\" \/>\n<meta property=\"og:locale\" content=\"de_DE\" \/>\n<meta property=\"og:type\" content=\"article\" \/>\n<meta property=\"og:title\" content=\"Loop \u00e9cran Indy - Elektrosmog-Schutz Onlineshop\" \/>\n<meta property=\"og:description\" content=\"Notre nouveau mod\u00e8le Indy est un snood que vous pouvez enrouler deux fois autour de votre cou. Ce snood est agr\u00e9able sur la peau. Nous l&#039;avons choisi dans diff\u00e9rentes couleurs pour qu&#039;il s&#039;accorde avec le plus de tenues possibles. Le loop est doubl\u00e9 d&#039;une texture en polyester m\u00e9tallis\u00e9. En raison de la construction du tissu avec des fils de cuivre argent\u00e9s dans la cha\u00eene et dans la trame, ce tricot est particuli\u00e8rement adapt\u00e9 \u00e0 la protection contre les ondes \u00e9lectromagn\u00e9tiques \u00e0 haute fr\u00e9quence. Indy est fabriqu\u00e9 en Allemagne. Donn\u00e9es techniques : Tissu de blindage : polyester 90 %, m\u00e9tal 10 M\u00e9tallisation : argent fin, Ag Boucle : Viscose Impression : couleurs m\u00e9lang\u00e9es dans les tons jaunes Largeur : env. 33 cm, longueur env. 140 cm\" \/>\n<meta property=\"og:url\" content=\"https:\/\/ecologa-europe.com\/shop\/produkt\/loop-ecran-indy\/?lang=fr\" \/>\n<meta property=\"og:site_name\" content=\"Elektrosmog-Schutz Onlineshop\" \/>\n<meta property=\"article:publisher\" content=\"https:\/\/www.facebook.com\/Ecologa-Europe-GmbH-1604744566252298\/\" \/>\n<meta property=\"article:modified_time\" content=\"2025-05-16T10:38:40+00:00\" \/>\n<meta property=\"og:image\" content=\"https:\/\/ecologa-europe.com\/shop\/wp-content\/uploads\/2025\/04\/sommerloop_indy_1.jpg\" \/>\n\t<meta property=\"og:image:width\" content=\"1772\" \/>\n\t<meta property=\"og:image:height\" content=\"1280\" \/>\n\t<meta property=\"og:image:type\" content=\"image\/jpeg\" \/>\n<meta name=\"twitter:card\" content=\"summary_large_image\" \/>\n<meta name=\"twitter:label1\" content=\"Gesch\u00e4tzte Lesezeit\" \/>\n\t<meta name=\"twitter:data1\" content=\"1\u00a0Minute\" \/>\n<script type=\"application\/ld+json\" class=\"yoast-schema-graph\">{\"@context\":\"https:\\\/\\\/schema.org\",\"@graph\":[{\"@type\":\"WebPage\",\"@id\":\"https:\\\/\\\/ecologa-europe.com\\\/shop\\\/produkt\\\/loop-ecran-indy\\\/?lang=fr\",\"url\":\"https:\\\/\\\/ecologa-europe.com\\\/shop\\\/produkt\\\/loop-ecran-indy\\\/?lang=fr\",\"name\":\"Loop \u00e9cran Indy - Elektrosmog-Schutz Onlineshop\",\"isPartOf\":{\"@id\":\"https:\\\/\\\/ecologa-europe.com\\\/shop\\\/#website\"},\"primaryImageOfPage\":{\"@id\":\"https:\\\/\\\/ecologa-europe.com\\\/shop\\\/produkt\\\/loop-ecran-indy\\\/?lang=fr#primaryimage\"},\"image\":{\"@id\":\"https:\\\/\\\/ecologa-europe.com\\\/shop\\\/produkt\\\/loop-ecran-indy\\\/?lang=fr#primaryimage\"},\"thumbnailUrl\":\"https:\\\/\\\/ecologa-europe.com\\\/shop\\\/wp-content\\\/uploads\\\/2025\\\/04\\\/sommerloop_indy_1.jpg\",\"datePublished\":\"2025-05-16T10:09:56+00:00\",\"dateModified\":\"2025-05-16T10:38:40+00:00\",\"description\":\"Notre nouveau mod\u00e8le Indy est un snood que vous pouvez enrouler deux fois autour de votre cou. Ce snood est agr\u00e9able sur la peau. Nous l'avons choisi dans diff\u00e9rentes couleurs pour qu'il s'accorde avec le plus de tenues possibles. Le loop est doubl\u00e9 d'une texture en polyester m\u00e9tallis\u00e9. En raison de la construction du tissu avec des fils de cuivre argent\u00e9s dans la cha\u00eene et dans la trame, ce tricot est particuli\u00e8rement adapt\u00e9 \u00e0 la protection contre les ondes \u00e9lectromagn\u00e9tiques \u00e0 haute fr\u00e9quence. Indy est fabriqu\u00e9 en Allemagne. Donn\u00e9es techniques : Tissu de blindage : polyester 90 %, m\u00e9tal 10 M\u00e9tallisation : argent fin, Ag Boucle : Viscose Impression : couleurs m\u00e9lang\u00e9es dans les tons jaunes Largeur : env. 33 cm, longueur env. 140 cm\",\"breadcrumb\":{\"@id\":\"https:\\\/\\\/ecologa-europe.com\\\/shop\\\/produkt\\\/loop-ecran-indy\\\/?lang=fr#breadcrumb\"},\"inLanguage\":\"de\",\"potentialAction\":[{\"@type\":\"ReadAction\",\"target\":[\"https:\\\/\\\/ecologa-europe.com\\\/shop\\\/produkt\\\/loop-ecran-indy\\\/?lang=fr\"]}]},{\"@type\":\"ImageObject\",\"inLanguage\":\"de\",\"@id\":\"https:\\\/\\\/ecologa-europe.com\\\/shop\\\/produkt\\\/loop-ecran-indy\\\/?lang=fr#primaryimage\",\"url\":\"https:\\\/\\\/ecologa-europe.com\\\/shop\\\/wp-content\\\/uploads\\\/2025\\\/04\\\/sommerloop_indy_1.jpg\",\"contentUrl\":\"https:\\\/\\\/ecologa-europe.com\\\/shop\\\/wp-content\\\/uploads\\\/2025\\\/04\\\/sommerloop_indy_1.jpg\",\"width\":1772,\"height\":1280},{\"@type\":\"BreadcrumbList\",\"@id\":\"https:\\\/\\\/ecologa-europe.com\\\/shop\\\/produkt\\\/loop-ecran-indy\\\/?lang=fr#breadcrumb\",\"itemListElement\":[{\"@type\":\"ListItem\",\"position\":1,\"name\":\"Startseite\",\"item\":\"https:\\\/\\\/ecologa-europe.com\\\/shop\\\/\"},{\"@type\":\"ListItem\",\"position\":2,\"name\":\"Shop\",\"item\":\"https:\\\/\\\/ecologa-europe.com\\\/shop\\\/shop\\\/\"},{\"@type\":\"ListItem\",\"position\":3,\"name\":\"Loop \u00e9cran Indy\"}]},{\"@type\":\"WebSite\",\"@id\":\"https:\\\/\\\/ecologa-europe.com\\\/shop\\\/#website\",\"url\":\"https:\\\/\\\/ecologa-europe.com\\\/shop\\\/\",\"name\":\"Elektrosmog-Schutz Onlineshop\",\"description\":\"Ecologa Europe\",\"publisher\":{\"@id\":\"https:\\\/\\\/ecologa-europe.com\\\/shop\\\/#organization\"},\"potentialAction\":[{\"@type\":\"SearchAction\",\"target\":{\"@type\":\"EntryPoint\",\"urlTemplate\":\"https:\\\/\\\/ecologa-europe.com\\\/shop\\\/?s={search_term_string}\"},\"query-input\":{\"@type\":\"PropertyValueSpecification\",\"valueRequired\":true,\"valueName\":\"search_term_string\"}}],\"inLanguage\":\"de\"},{\"@type\":\"Organization\",\"@id\":\"https:\\\/\\\/ecologa-europe.com\\\/shop\\\/#organization\",\"name\":\"Elektrosmog-Schutz Onlineshop\",\"url\":\"https:\\\/\\\/ecologa-europe.com\\\/shop\\\/\",\"logo\":{\"@type\":\"ImageObject\",\"inLanguage\":\"de\",\"@id\":\"https:\\\/\\\/ecologa-europe.com\\\/shop\\\/#\\\/schema\\\/logo\\\/image\\\/\",\"url\":\"https:\\\/\\\/ecologa-europe.com\\\/shop\\\/wp-content\\\/uploads\\\/2025\\\/04\\\/vertical-navbar-logo.svg\",\"contentUrl\":\"https:\\\/\\\/ecologa-europe.com\\\/shop\\\/wp-content\\\/uploads\\\/2025\\\/04\\\/vertical-navbar-logo.svg\",\"width\":182,\"height\":70,\"caption\":\"Elektrosmog-Schutz Onlineshop\"},\"image\":{\"@id\":\"https:\\\/\\\/ecologa-europe.com\\\/shop\\\/#\\\/schema\\\/logo\\\/image\\\/\"},\"sameAs\":[\"https:\\\/\\\/www.facebook.com\\\/Ecologa-Europe-GmbH-1604744566252298\\\/\",\"https:\\\/\\\/www.instagram.com\\\/ecologaeurope\\\/\"]}]}<\/script>\n<!-- \/ Yoast SEO plugin. -->","yoast_head_json":{"title":"Loop \u00e9cran Indy - Elektrosmog-Schutz Onlineshop","description":"Notre nouveau mod\u00e8le Indy est un snood que vous pouvez enrouler deux fois autour de votre cou. Ce snood est agr\u00e9able sur la peau. Nous l'avons choisi dans diff\u00e9rentes couleurs pour qu'il s'accorde avec le plus de tenues possibles. Le loop est doubl\u00e9 d'une texture en polyester m\u00e9tallis\u00e9. En raison de la construction du tissu avec des fils de cuivre argent\u00e9s dans la cha\u00eene et dans la trame, ce tricot est particuli\u00e8rement adapt\u00e9 \u00e0 la protection contre les ondes \u00e9lectromagn\u00e9tiques \u00e0 haute fr\u00e9quence. Indy est fabriqu\u00e9 en Allemagne. Donn\u00e9es techniques : Tissu de blindage : polyester 90 %, m\u00e9tal 10 M\u00e9tallisation : argent fin, Ag Boucle : Viscose Impression : couleurs m\u00e9lang\u00e9es dans les tons jaunes Largeur : env. 33 cm, longueur env. 140 cm","robots":{"index":"index","follow":"follow","max-snippet":"max-snippet:-1","max-image-preview":"max-image-preview:large","max-video-preview":"max-video-preview:-1"},"canonical":"https:\/\/ecologa-europe.com\/shop\/produkt\/loop-ecran-indy\/","og_locale":"de_DE","og_type":"article","og_title":"Loop \u00e9cran Indy - Elektrosmog-Schutz Onlineshop","og_description":"Notre nouveau mod\u00e8le Indy est un snood que vous pouvez enrouler deux fois autour de votre cou. Ce snood est agr\u00e9able sur la peau. Nous l'avons choisi dans diff\u00e9rentes couleurs pour qu'il s'accorde avec le plus de tenues possibles. Le loop est doubl\u00e9 d'une texture en polyester m\u00e9tallis\u00e9. En raison de la construction du tissu avec des fils de cuivre argent\u00e9s dans la cha\u00eene et dans la trame, ce tricot est particuli\u00e8rement adapt\u00e9 \u00e0 la protection contre les ondes \u00e9lectromagn\u00e9tiques \u00e0 haute fr\u00e9quence. Indy est fabriqu\u00e9 en Allemagne. Donn\u00e9es techniques : Tissu de blindage : polyester 90 %, m\u00e9tal 10 M\u00e9tallisation : argent fin, Ag Boucle : Viscose Impression : couleurs m\u00e9lang\u00e9es dans les tons jaunes Largeur : env. 33 cm, longueur env. 140 cm","og_url":"https:\/\/ecologa-europe.com\/shop\/produkt\/loop-ecran-indy\/?lang=fr","og_site_name":"Elektrosmog-Schutz Onlineshop","article_publisher":"https:\/\/www.facebook.com\/Ecologa-Europe-GmbH-1604744566252298\/","article_modified_time":"2025-05-16T10:38:40+00:00","og_image":[{"width":1772,"height":1280,"url":"https:\/\/ecologa-europe.com\/shop\/wp-content\/uploads\/2025\/04\/sommerloop_indy_1.jpg","type":"image\/jpeg"}],"twitter_card":"summary_large_image","twitter_misc":{"Gesch\u00e4tzte Lesezeit":"1\u00a0Minute"},"schema":{"@context":"https:\/\/schema.org","@graph":[{"@type":"WebPage","@id":"https:\/\/ecologa-europe.com\/shop\/produkt\/loop-ecran-indy\/?lang=fr","url":"https:\/\/ecologa-europe.com\/shop\/produkt\/loop-ecran-indy\/?lang=fr","name":"Loop \u00e9cran Indy - Elektrosmog-Schutz Onlineshop","isPartOf":{"@id":"https:\/\/ecologa-europe.com\/shop\/#website"},"primaryImageOfPage":{"@id":"https:\/\/ecologa-europe.com\/shop\/produkt\/loop-ecran-indy\/?lang=fr#primaryimage"},"image":{"@id":"https:\/\/ecologa-europe.com\/shop\/produkt\/loop-ecran-indy\/?lang=fr#primaryimage"},"thumbnailUrl":"https:\/\/ecologa-europe.com\/shop\/wp-content\/uploads\/2025\/04\/sommerloop_indy_1.jpg","datePublished":"2025-05-16T10:09:56+00:00","dateModified":"2025-05-16T10:38:40+00:00","description":"Notre nouveau mod\u00e8le Indy est un snood que vous pouvez enrouler deux fois autour de votre cou. Ce snood est agr\u00e9able sur la peau. Nous l'avons choisi dans diff\u00e9rentes couleurs pour qu'il s'accorde avec le plus de tenues possibles. Le loop est doubl\u00e9 d'une texture en polyester m\u00e9tallis\u00e9. En raison de la construction du tissu avec des fils de cuivre argent\u00e9s dans la cha\u00eene et dans la trame, ce tricot est particuli\u00e8rement adapt\u00e9 \u00e0 la protection contre les ondes \u00e9lectromagn\u00e9tiques \u00e0 haute fr\u00e9quence. Indy est fabriqu\u00e9 en Allemagne. Donn\u00e9es techniques : Tissu de blindage : polyester 90 %, m\u00e9tal 10 M\u00e9tallisation : argent fin, Ag Boucle : Viscose Impression : couleurs m\u00e9lang\u00e9es dans les tons jaunes Largeur : env. 33 cm, longueur env. 140 cm","breadcrumb":{"@id":"https:\/\/ecologa-europe.com\/shop\/produkt\/loop-ecran-indy\/?lang=fr#breadcrumb"},"inLanguage":"de","potentialAction":[{"@type":"ReadAction","target":["https:\/\/ecologa-europe.com\/shop\/produkt\/loop-ecran-indy\/?lang=fr"]}]},{"@type":"ImageObject","inLanguage":"de","@id":"https:\/\/ecologa-europe.com\/shop\/produkt\/loop-ecran-indy\/?lang=fr#primaryimage","url":"https:\/\/ecologa-europe.com\/shop\/wp-content\/uploads\/2025\/04\/sommerloop_indy_1.jpg","contentUrl":"https:\/\/ecologa-europe.com\/shop\/wp-content\/uploads\/2025\/04\/sommerloop_indy_1.jpg","width":1772,"height":1280},{"@type":"BreadcrumbList","@id":"https:\/\/ecologa-europe.com\/shop\/produkt\/loop-ecran-indy\/?lang=fr#breadcrumb","itemListElement":[{"@type":"ListItem","position":1,"name":"Startseite","item":"https:\/\/ecologa-europe.com\/shop\/"},{"@type":"ListItem","position":2,"name":"Shop","item":"https:\/\/ecologa-europe.com\/shop\/shop\/"},{"@type":"ListItem","position":3,"name":"Loop \u00e9cran Indy"}]},{"@type":"WebSite","@id":"https:\/\/ecologa-europe.com\/shop\/#website","url":"https:\/\/ecologa-europe.com\/shop\/","name":"Elektrosmog-Schutz Onlineshop","description":"Ecologa Europe","publisher":{"@id":"https:\/\/ecologa-europe.com\/shop\/#organization"},"potentialAction":[{"@type":"SearchAction","target":{"@type":"EntryPoint","urlTemplate":"https:\/\/ecologa-europe.com\/shop\/?s={search_term_string}"},"query-input":{"@type":"PropertyValueSpecification","valueRequired":true,"valueName":"search_term_string"}}],"inLanguage":"de"},{"@type":"Organization","@id":"https:\/\/ecologa-europe.com\/shop\/#organization","name":"Elektrosmog-Schutz Onlineshop","url":"https:\/\/ecologa-europe.com\/shop\/","logo":{"@type":"ImageObject","inLanguage":"de","@id":"https:\/\/ecologa-europe.com\/shop\/#\/schema\/logo\/image\/","url":"https:\/\/ecologa-europe.com\/shop\/wp-content\/uploads\/2025\/04\/vertical-navbar-logo.svg","contentUrl":"https:\/\/ecologa-europe.com\/shop\/wp-content\/uploads\/2025\/04\/vertical-navbar-logo.svg","width":182,"height":70,"caption":"Elektrosmog-Schutz Onlineshop"},"image":{"@id":"https:\/\/ecologa-europe.com\/shop\/#\/schema\/logo\/image\/"},"sameAs":["https:\/\/www.facebook.com\/Ecologa-Europe-GmbH-1604744566252298\/","https:\/\/www.instagram.com\/ecologaeurope\/"]}]}},"_links":{"self":[{"href":"https:\/\/ecologa-europe.com\/shop\/wp-json\/wp\/v2\/product\/6888","targetHints":{"allow":["GET"]}}],"collection":[{"href":"https:\/\/ecologa-europe.com\/shop\/wp-json\/wp\/v2\/product"}],"about":[{"href":"https:\/\/ecologa-europe.com\/shop\/wp-json\/wp\/v2\/types\/product"}],"wp:featuredmedia":[{"embeddable":true,"href":"https:\/\/ecologa-europe.com\/shop\/wp-json\/wp\/v2\/media\/1246"}],"wp:attachment":[{"href":"https:\/\/ecologa-europe.com\/shop\/wp-json\/wp\/v2\/media?parent=6888"}],"wp:term":[{"taxonomy":"product_brand","embeddable":true,"href":"https:\/\/ecologa-europe.com\/shop\/wp-json\/wp\/v2\/product_brand?post=6888"},{"taxonomy":"product_cat","embeddable":true,"href":"https:\/\/ecologa-europe.com\/shop\/wp-json\/wp\/v2\/product_cat?post=6888"},{"taxonomy":"product_tag","embeddable":true,"href":"https:\/\/ecologa-europe.com\/shop\/wp-json\/wp\/v2\/product_tag?post=6888"}],"curies":[{"name":"wp","href":"https:\/\/api.w.org\/{rel}","templated":true}]}}