{"id":6909,"date":"2025-05-16T10:14:36","date_gmt":"2025-05-16T10:14:36","guid":{"rendered":"https:\/\/639.pm-domains.de\/?post_type=product&#038;p=6909"},"modified":"2026-04-01T08:35:47","modified_gmt":"2026-04-01T08:35:47","slug":"abschirm-baumwolle-silber-weiss-bio-qualitaet","status":"publish","type":"product","link":"https:\/\/ecologa-europe.com\/shop\/produkt\/abschirm-baumwolle-silber-weiss-bio-qualitaet\/","title":{"rendered":"Abschirm-Baumwolle-silber wei\u00df BIO Qualit\u00e4t"},"content":{"rendered":"<h2><strong>Jetzt Elektrosmog sch\u00fctzen: Abschirm-Baumwolle Silber Wei\u00df BIO \u2013 bis 99\u202f% Strahlung blocken, waschbar &amp; hautfreundlich<\/strong><\/h2>\n<p>Sch\u00fctzen Sie sich effektiv vor Elektrosmog mit unserer hochwertigen <strong>Abschirm-Baumwolle Silber Wei\u00df<\/strong> in BIO-Qualit\u00e4t. Dieses innovative Rechts-Links Jacquard-Gestrick kombiniert <strong>gek\u00e4mmte Baumwolle<\/strong> mit <strong>reinem Silber<\/strong>, um elektromagnetische Strahlung zuverl\u00e4ssig zu blocken \u2013 gesund f\u00fcr Sie und die Umwelt.<\/p>\n<hr \/>\n<h3><strong>Warum unsere Abschirm-Baumwolle?<\/strong><\/h3>\n<ul>\n<li><strong>Effektiver Schutz vor Elektrosmog:<\/strong> Blockiert Frequenzen von 20 kHz bis 10 GHz mit bis zu <strong>99% Schirmd\u00e4mpfung<\/strong>, best\u00e4tigt durch ein Gutachten von Prof. Pauli (Universit\u00e4t der Bundeswehr M\u00fcnchen).<\/li>\n<li><strong>Gesund &amp; umweltfreundlich:<\/strong> Die Silberbeschichtung besteht aus 20% <strong>Reinsilber<\/strong>, nicht aus Nanosilber \u2013 absolut unbedenklich f\u00fcr Mensch und Natur.<\/li>\n<li><strong>Hochwertige BIO-Baumwolle:<\/strong> Angenehm weich, atmungsaktiv und pflegeleicht.<\/li>\n<li><strong>Langlebig &amp; waschbar:<\/strong> Schutzeigenschaften bleiben auch nach mehreren Waschg\u00e4ngen erhalten. Antibakterielle Wirkung des Silbers erm\u00f6glicht Waschen bei 30\u201340 \u00b0C ohne Qualit\u00e4tsverlust.<\/li>\n<\/ul>\n<hr \/>\n<h3><strong>Technische Details:<\/strong><\/h3>\n<ul>\n<li>Breite: 150 cm \u00b12%<\/li>\n<li>Meterware, beliebig zuschneidbar<\/li>\n<li>Farbe: Wei\u00df<\/li>\n<li>Fl\u00e4chengewicht: 125 g\/m\u00b2 \u00b110%<\/li>\n<li>Dicke: 0,5 mm \u00b110%<\/li>\n<li>Zusammensetzung: Baumwolle 89% \/ Polyamid 9% \/ Silber 2%<\/li>\n<li>Maschenweite: &lt;0,1 mm x 0,1 mm<\/li>\n<li>Pr\u00fcfungsgrundlage: IEEE-Standard 299-1997<\/li>\n<li>Schirmd\u00e4mpfung: &gt;99%<\/li>\n<\/ul>\n<hr \/>\n<h3><strong>Verarbeitungshinweise:<\/strong><\/h3>\n<p>Dieses Jacquard-Gestrick l\u00e4sst sich einfach mit herk\u00f6mmlichen Garnen vern\u00e4hen. F\u00fcr das Zusammenf\u00fcgen von Bahnen empfehlen wir <strong>einfache oder doppelte Kappn\u00e4hte<\/strong>, um Schlitze und Spalten zu vermeiden.<\/p>\n<hr \/>\n<h3><strong>Pflegehinweise:<\/strong><\/h3>\n<ul>\n<li>Schonwaschgang bei 30\u202f\u00b0C<\/li>\n<li>Keine Desinfektionsmittel oder chlorhaltigen Reiniger verwenden<\/li>\n<li>Auf Weichsp\u00fcler verzichten<\/li>\n<\/ul>\n<hr \/>\n<p>\ud83d\udca1 <strong>Jetzt sch\u00fctzen!<\/strong> Bestellen Sie Ihre <strong>Abschirm-Baumwolle Silber Wei\u00df BIO<\/strong> und genie\u00dfen Sie sicheren Elektrosmog-Schutz f\u00fcr Ihr Zuhause oder Ihre N\u00e4hprojekte \u2013 <strong>sofort lieferbar<\/strong>!<\/p>\n<hr \/>\n\n<table id=\"tablepress-1\" class=\"tablepress tablepress-id-1\">\n<thead>\n<tr class=\"row-1\">\n\t<td class=\"column-1\"><\/td><th class=\"column-2\">Frequenz \/ Anwendung (MHz)<\/th><th class=\"column-3\">Dezibel (dB*)<\/th><th class=\"column-4\">Prozent (%)<\/th>\n<\/tr>\n<\/thead>\n<tbody class=\"row-striping row-hover\">\n<tr class=\"row-2\">\n\t<td class=\"column-1\">Tetra 450<\/td><td class=\"column-2\">450MHz<\/td><td class=\"column-3\">33dB<\/td><td class=\"column-4\">99,9%<\/td>\n<\/tr>\n<tr class=\"row-3\">\n\t<td class=\"column-1\">LTE 800<\/td><td class=\"column-2\">800MHz<\/td><td class=\"column-3\">31dB<\/td><td class=\"column-4\">99,9%<\/td>\n<\/tr>\n<tr class=\"row-4\">\n\t<td class=\"column-1\">GSM 900<\/td><td class=\"column-2\">900MHz<\/td><td class=\"column-3\">31dB<\/td><td class=\"column-4\">99,9%<\/td>\n<\/tr>\n<tr class=\"row-5\">\n\t<td class=\"column-1\">GSM 1800<\/td><td class=\"column-2\">1800MHz<\/td><td class=\"column-3\">23dB<\/td><td class=\"column-4\">99%<\/td>\n<\/tr>\n<tr class=\"row-6\">\n\t<td class=\"column-1\">DECT 1800<\/td><td class=\"column-2\">1800MHz<\/td><td class=\"column-3\">23dB<\/td><td class=\"column-4\">99%<\/td>\n<\/tr>\n<tr class=\"row-7\">\n\t<td class=\"column-1\">UMTS 2000<\/td><td class=\"column-2\">2000MHz<\/td><td class=\"column-3\">21dB<\/td><td class=\"column-4\">99%<\/td>\n<\/tr>\n<tr class=\"row-8\">\n\t<td class=\"column-1\">WLAN 2400<\/td><td class=\"column-2\">2400MHz<\/td><td class=\"column-3\">21dB<\/td><td class=\"column-4\">90%<\/td>\n<\/tr>\n<tr class=\"row-9\">\n\t<td class=\"column-1\">LTE 2600<\/td><td class=\"column-2\">2600MHz<\/td><td class=\"column-3\">21dB<\/td><td class=\"column-4\">99%<\/td>\n<\/tr>\n<tr class=\"row-10\">\n\t<td class=\"column-1\">WLAN 5800<\/td><td class=\"column-2\">5800MHz<\/td><td class=\"column-3\">15dB<\/td><td class=\"column-4\">90%<\/td>\n<\/tr>\n<\/tbody>\n<\/table>\n<!-- #tablepress-1 from cache -->\n<p>Zusammensetzung: 89% Baumwolle, 9% Polyamid, 2% Silber<\/p>\n<p>Maximum reduction: 98,59%<\/p>\n<p><a href=\"https:\/\/youtu.be\/-igOpG1J7jQ\" target=\"_blank\" rel=\"noopener\"><img fetchpriority=\"high\" decoding=\"async\" src=\"https:\/\/ecologa-europe.com\/shop\/wp-content\/uploads\/2025\/06\/vid-baum-we.jpg\" alt=\"\" width=\"569\" height=\"318\" \/><\/a><\/p>\n<h3>FAQ<\/h3>\n<p><strong>Wie gut sch\u00fctzt die Abschirm-Baumwolle vor Elektrosmog?<\/strong><br \/>\n\u2013 Bis zu 99\u202f% Schirmd\u00e4mpfung von 20\u202fkHz bis 10\u202fGHz, gepr\u00fcft nach IEEE-Standard 299-1997.<\/p>\n<p><strong>Ist das Silber gesundheitlich unbedenklich?<\/strong><br \/>\n\u2013 Ja, es handelt sich um Reinsilber, kein Nanosilber. Vollkommen unbedenklich f\u00fcr Mensch und Natur.<\/p>\n<p><strong>Wie pflege ich die Abschirm-Baumwolle richtig?<\/strong><br \/>\n\u2013 Schonwaschgang bei 30\u202f\u00b0C, kein Weichsp\u00fcler, keine Desinfektionsmittel oder chlorhaltigen Reiniger.<\/p>\n<p><strong>Kann ich die Stoffbahnen zusammenn\u00e4hen?<\/strong><br \/>\n\u2013 Ja, wir empfehlen einfache oder doppelte Kappn\u00e4hte, um Schlitze zu vermeiden.<\/p>\n<p><strong>F\u00fcr welche Projekte ist der Stoff geeignet?<\/strong><br \/>\n\u2013 Kleidung, Vorh\u00e4nge, Bettw\u00e4sche, DIY-Abschirmprojekte, individuelle N\u00e4harbeiten.<\/p>\n<hr \/>\n<hr \/>\n","protected":false},"excerpt":{"rendered":"<p><strong>Sch\u00fctzen Sie sich effektiv vor Elektrosmog!<\/strong><br \/>\nUnsere BIO-Abschirm-Baumwolle Silber Wei\u00df blockt bis 99\u202f% elektromagnetische Strahlung (20\u202fkHz\u201310\u202fGHz), ist hautfreundlich, waschbar und vielseitig einsetzbar f\u00fcr Kleidung, Vorh\u00e4nge oder DIY-Abschirmprojekte. Jetzt sichern und gesund bleiben!\u201c<\/p>\n<ul>\n<li style=\"list-style-type: none;\"><\/li>\n<\/ul>\n<p>&nbsp;<\/p>\n","protected":false},"featured_media":502,"template":"","meta":{"inline_featured_image":false,"site-sidebar-layout":"default","site-content-layout":"","ast-site-content-layout":"default","site-content-style":"default","site-sidebar-style":"default","ast-global-header-display":"","ast-banner-title-visibility":"","ast-main-header-display":"","ast-hfb-above-header-display":"","ast-hfb-below-header-display":"","ast-hfb-mobile-header-display":"","site-post-title":"","ast-breadcrumbs-content":"","ast-featured-img":"","footer-sml-layout":"","ast-disable-related-posts":"","theme-transparent-header-meta":"default","adv-header-id-meta":"","stick-header-meta":"","header-above-stick-meta":"","header-main-stick-meta":"","header-below-stick-meta":"","astra-migrate-meta-layouts":"set","ast-page-background-enabled":"default","ast-page-background-meta":{"desktop":{"background-color":"var(--ast-global-color-5)","background-image":"","background-repeat":"repeat","background-position":"center center","background-size":"auto","background-attachment":"scroll","background-type":"","background-media":"","overlay-type":"","overlay-color":"","overlay-opacity":"","overlay-gradient":""},"tablet":{"background-color":"","background-image":"","background-repeat":"repeat","background-position":"center center","background-size":"auto","background-attachment":"scroll","background-type":"","background-media":"","overlay-type":"","overlay-color":"","overlay-opacity":"","overlay-gradient":""},"mobile":{"background-color":"","background-image":"","background-repeat":"repeat","background-position":"center center","background-size":"auto","background-attachment":"scroll","background-type":"","background-media":"","overlay-type":"","overlay-color":"","overlay-opacity":"","overlay-gradient":""}},"ast-content-background-meta":{"desktop":{"background-color":"var(--ast-global-color-4)","background-image":"","background-repeat":"repeat","background-position":"center center","background-size":"auto","background-attachment":"scroll","background-type":"","background-media":"","overlay-type":"","overlay-color":"","overlay-opacity":"","overlay-gradient":""},"tablet":{"background-color":"var(--ast-global-color-4)","background-image":"","background-repeat":"repeat","background-position":"center center","background-size":"auto","background-attachment":"scroll","background-type":"","background-media":"","overlay-type":"","overlay-color":"","overlay-opacity":"","overlay-gradient":""},"mobile":{"background-color":"var(--ast-global-color-4)","background-image":"","background-repeat":"repeat","background-position":"center center","background-size":"auto","background-attachment":"scroll","background-type":"","background-media":"","overlay-type":"","overlay-color":"","overlay-opacity":"","overlay-gradient":""}}},"product_brand":[],"product_cat":[53,52],"product_tag":[857,858,859],"class_list":{"0":"post-6909","1":"product","2":"type-product","3":"status-publish","4":"has-post-thumbnail","6":"product_cat-hochfrequenz","7":"product_cat-stoffe-und-gewebe","8":"product_tag-abschirm-baumwolle","9":"product_tag-elektrosmog-schutz-stoff","10":"product_tag-silberstoff-gegen-strahlung","11":"product_shipping_class-standardversand","12":"desktop-align-left","13":"tablet-align-left","14":"mobile-align-left","16":"first","17":"instock","18":"taxable","19":"shipping-taxable","20":"purchasable","21":"product-type-simple"},"yoast_head":"<!-- This site is optimized with the Yoast SEO plugin v27.3 - https:\/\/yoast.com\/product\/yoast-seo-wordpress\/ -->\n<title>Abschirm-Baumwolle-silber wei\u00df BIO Qualit\u00e4t - Elektrosmog-Schutz Onlineshop<\/title>\n<meta name=\"description\" content=\"Sichern Sie sich den besten Schutz vor Elektrosmog! Abschirm-Baumwolle Silber Wei\u00df BIO, blockt bis 99\u202f% Strahlung, waschbar &amp; umweltfreundlich.\" \/>\n<meta name=\"robots\" content=\"index, follow, max-snippet:-1, max-image-preview:large, max-video-preview:-1\" \/>\n<link rel=\"canonical\" href=\"https:\/\/ecologa-europe.com\/shop\/produkt\/abschirm-baumwolle-silber-weiss-bio-qualitaet\/\" \/>\n<meta property=\"og:locale\" content=\"de_DE\" \/>\n<meta property=\"og:type\" content=\"article\" \/>\n<meta property=\"og:title\" content=\"Abschirm-Baumwolle-silber wei\u00df BIO Qualit\u00e4t - Elektrosmog-Schutz Onlineshop\" \/>\n<meta property=\"og:description\" content=\"Sichern Sie sich den besten Schutz vor Elektrosmog! Abschirm-Baumwolle Silber Wei\u00df BIO, blockt bis 99\u202f% Strahlung, waschbar &amp; umweltfreundlich.\" \/>\n<meta property=\"og:url\" content=\"https:\/\/ecologa-europe.com\/shop\/produkt\/abschirm-baumwolle-silber-weiss-bio-qualitaet\/\" \/>\n<meta property=\"og:site_name\" content=\"Elektrosmog-Schutz Onlineshop\" \/>\n<meta property=\"article:publisher\" content=\"https:\/\/www.facebook.com\/Ecologa-Europe-GmbH-1604744566252298\/\" \/>\n<meta property=\"article:modified_time\" content=\"2026-04-01T08:35:47+00:00\" \/>\n<meta property=\"og:image\" content=\"https:\/\/ecologa-europe.com\/shop\/wp-content\/uploads\/2025\/04\/coton-argentjpg.jpg\" \/>\n\t<meta property=\"og:image:width\" content=\"1800\" \/>\n\t<meta property=\"og:image:height\" content=\"1300\" \/>\n\t<meta property=\"og:image:type\" content=\"image\/jpeg\" \/>\n<meta name=\"twitter:card\" content=\"summary_large_image\" \/>\n<meta name=\"twitter:label1\" content=\"Gesch\u00e4tzte Lesezeit\" \/>\n\t<meta name=\"twitter:data1\" content=\"3\u00a0Minuten\" \/>\n<script type=\"application\/ld+json\" class=\"yoast-schema-graph\">{\"@context\":\"https:\\\/\\\/schema.org\",\"@graph\":[{\"@type\":\"WebPage\",\"@id\":\"https:\\\/\\\/ecologa-europe.com\\\/shop\\\/produkt\\\/abschirm-baumwolle-silber-weiss-bio-qualitaet\\\/\",\"url\":\"https:\\\/\\\/ecologa-europe.com\\\/shop\\\/produkt\\\/abschirm-baumwolle-silber-weiss-bio-qualitaet\\\/\",\"name\":\"Abschirm-Baumwolle-silber wei\u00df BIO Qualit\u00e4t - Elektrosmog-Schutz Onlineshop\",\"isPartOf\":{\"@id\":\"https:\\\/\\\/ecologa-europe.com\\\/shop\\\/#website\"},\"primaryImageOfPage\":{\"@id\":\"https:\\\/\\\/ecologa-europe.com\\\/shop\\\/produkt\\\/abschirm-baumwolle-silber-weiss-bio-qualitaet\\\/#primaryimage\"},\"image\":{\"@id\":\"https:\\\/\\\/ecologa-europe.com\\\/shop\\\/produkt\\\/abschirm-baumwolle-silber-weiss-bio-qualitaet\\\/#primaryimage\"},\"thumbnailUrl\":\"https:\\\/\\\/ecologa-europe.com\\\/shop\\\/wp-content\\\/uploads\\\/2025\\\/04\\\/coton-argentjpg.jpg\",\"datePublished\":\"2025-05-16T10:14:36+00:00\",\"dateModified\":\"2026-04-01T08:35:47+00:00\",\"description\":\"Sichern Sie sich den besten Schutz vor Elektrosmog! Abschirm-Baumwolle Silber Wei\u00df BIO, blockt bis 99\u202f% Strahlung, waschbar & umweltfreundlich.\",\"breadcrumb\":{\"@id\":\"https:\\\/\\\/ecologa-europe.com\\\/shop\\\/produkt\\\/abschirm-baumwolle-silber-weiss-bio-qualitaet\\\/#breadcrumb\"},\"inLanguage\":\"de\",\"potentialAction\":[{\"@type\":\"ReadAction\",\"target\":[\"https:\\\/\\\/ecologa-europe.com\\\/shop\\\/produkt\\\/abschirm-baumwolle-silber-weiss-bio-qualitaet\\\/\"]}]},{\"@type\":\"ImageObject\",\"inLanguage\":\"de\",\"@id\":\"https:\\\/\\\/ecologa-europe.com\\\/shop\\\/produkt\\\/abschirm-baumwolle-silber-weiss-bio-qualitaet\\\/#primaryimage\",\"url\":\"https:\\\/\\\/ecologa-europe.com\\\/shop\\\/wp-content\\\/uploads\\\/2025\\\/04\\\/coton-argentjpg.jpg\",\"contentUrl\":\"https:\\\/\\\/ecologa-europe.com\\\/shop\\\/wp-content\\\/uploads\\\/2025\\\/04\\\/coton-argentjpg.jpg\",\"width\":1800,\"height\":1300},{\"@type\":\"BreadcrumbList\",\"@id\":\"https:\\\/\\\/ecologa-europe.com\\\/shop\\\/produkt\\\/abschirm-baumwolle-silber-weiss-bio-qualitaet\\\/#breadcrumb\",\"itemListElement\":[{\"@type\":\"ListItem\",\"position\":1,\"name\":\"Startseite\",\"item\":\"https:\\\/\\\/ecologa-europe.com\\\/shop\\\/\"},{\"@type\":\"ListItem\",\"position\":2,\"name\":\"Shop\",\"item\":\"https:\\\/\\\/ecologa-europe.com\\\/shop\\\/shop\\\/\"},{\"@type\":\"ListItem\",\"position\":3,\"name\":\"Abschirm-Baumwolle-silber wei\u00df BIO Qualit\u00e4t\"}]},{\"@type\":\"WebSite\",\"@id\":\"https:\\\/\\\/ecologa-europe.com\\\/shop\\\/#website\",\"url\":\"https:\\\/\\\/ecologa-europe.com\\\/shop\\\/\",\"name\":\"Elektrosmog-Schutz Onlineshop\",\"description\":\"Ecologa Europe\",\"publisher\":{\"@id\":\"https:\\\/\\\/ecologa-europe.com\\\/shop\\\/#organization\"},\"potentialAction\":[{\"@type\":\"SearchAction\",\"target\":{\"@type\":\"EntryPoint\",\"urlTemplate\":\"https:\\\/\\\/ecologa-europe.com\\\/shop\\\/?s={search_term_string}\"},\"query-input\":{\"@type\":\"PropertyValueSpecification\",\"valueRequired\":true,\"valueName\":\"search_term_string\"}}],\"inLanguage\":\"de\"},{\"@type\":\"Organization\",\"@id\":\"https:\\\/\\\/ecologa-europe.com\\\/shop\\\/#organization\",\"name\":\"Elektrosmog-Schutz Onlineshop\",\"url\":\"https:\\\/\\\/ecologa-europe.com\\\/shop\\\/\",\"logo\":{\"@type\":\"ImageObject\",\"inLanguage\":\"de\",\"@id\":\"https:\\\/\\\/ecologa-europe.com\\\/shop\\\/#\\\/schema\\\/logo\\\/image\\\/\",\"url\":\"https:\\\/\\\/ecologa-europe.com\\\/shop\\\/wp-content\\\/uploads\\\/2025\\\/04\\\/vertical-navbar-logo.svg\",\"contentUrl\":\"https:\\\/\\\/ecologa-europe.com\\\/shop\\\/wp-content\\\/uploads\\\/2025\\\/04\\\/vertical-navbar-logo.svg\",\"width\":182,\"height\":70,\"caption\":\"Elektrosmog-Schutz Onlineshop\"},\"image\":{\"@id\":\"https:\\\/\\\/ecologa-europe.com\\\/shop\\\/#\\\/schema\\\/logo\\\/image\\\/\"},\"sameAs\":[\"https:\\\/\\\/www.facebook.com\\\/Ecologa-Europe-GmbH-1604744566252298\\\/\",\"https:\\\/\\\/www.instagram.com\\\/ecologaeurope\\\/\"]}]}<\/script>\n<!-- \/ Yoast SEO plugin. -->","yoast_head_json":{"title":"Abschirm-Baumwolle-silber wei\u00df BIO Qualit\u00e4t - Elektrosmog-Schutz Onlineshop","description":"Sichern Sie sich den besten Schutz vor Elektrosmog! Abschirm-Baumwolle Silber Wei\u00df BIO, blockt bis 99\u202f% Strahlung, waschbar & umweltfreundlich.","robots":{"index":"index","follow":"follow","max-snippet":"max-snippet:-1","max-image-preview":"max-image-preview:large","max-video-preview":"max-video-preview:-1"},"canonical":"https:\/\/ecologa-europe.com\/shop\/produkt\/abschirm-baumwolle-silber-weiss-bio-qualitaet\/","og_locale":"de_DE","og_type":"article","og_title":"Abschirm-Baumwolle-silber wei\u00df BIO Qualit\u00e4t - Elektrosmog-Schutz Onlineshop","og_description":"Sichern Sie sich den besten Schutz vor Elektrosmog! Abschirm-Baumwolle Silber Wei\u00df BIO, blockt bis 99\u202f% Strahlung, waschbar & umweltfreundlich.","og_url":"https:\/\/ecologa-europe.com\/shop\/produkt\/abschirm-baumwolle-silber-weiss-bio-qualitaet\/","og_site_name":"Elektrosmog-Schutz Onlineshop","article_publisher":"https:\/\/www.facebook.com\/Ecologa-Europe-GmbH-1604744566252298\/","article_modified_time":"2026-04-01T08:35:47+00:00","og_image":[{"width":1800,"height":1300,"url":"https:\/\/ecologa-europe.com\/shop\/wp-content\/uploads\/2025\/04\/coton-argentjpg.jpg","type":"image\/jpeg"}],"twitter_card":"summary_large_image","twitter_misc":{"Gesch\u00e4tzte Lesezeit":"3\u00a0Minuten"},"schema":{"@context":"https:\/\/schema.org","@graph":[{"@type":"WebPage","@id":"https:\/\/ecologa-europe.com\/shop\/produkt\/abschirm-baumwolle-silber-weiss-bio-qualitaet\/","url":"https:\/\/ecologa-europe.com\/shop\/produkt\/abschirm-baumwolle-silber-weiss-bio-qualitaet\/","name":"Abschirm-Baumwolle-silber wei\u00df BIO Qualit\u00e4t - Elektrosmog-Schutz Onlineshop","isPartOf":{"@id":"https:\/\/ecologa-europe.com\/shop\/#website"},"primaryImageOfPage":{"@id":"https:\/\/ecologa-europe.com\/shop\/produkt\/abschirm-baumwolle-silber-weiss-bio-qualitaet\/#primaryimage"},"image":{"@id":"https:\/\/ecologa-europe.com\/shop\/produkt\/abschirm-baumwolle-silber-weiss-bio-qualitaet\/#primaryimage"},"thumbnailUrl":"https:\/\/ecologa-europe.com\/shop\/wp-content\/uploads\/2025\/04\/coton-argentjpg.jpg","datePublished":"2025-05-16T10:14:36+00:00","dateModified":"2026-04-01T08:35:47+00:00","description":"Sichern Sie sich den besten Schutz vor Elektrosmog! Abschirm-Baumwolle Silber Wei\u00df BIO, blockt bis 99\u202f% Strahlung, waschbar & umweltfreundlich.","breadcrumb":{"@id":"https:\/\/ecologa-europe.com\/shop\/produkt\/abschirm-baumwolle-silber-weiss-bio-qualitaet\/#breadcrumb"},"inLanguage":"de","potentialAction":[{"@type":"ReadAction","target":["https:\/\/ecologa-europe.com\/shop\/produkt\/abschirm-baumwolle-silber-weiss-bio-qualitaet\/"]}]},{"@type":"ImageObject","inLanguage":"de","@id":"https:\/\/ecologa-europe.com\/shop\/produkt\/abschirm-baumwolle-silber-weiss-bio-qualitaet\/#primaryimage","url":"https:\/\/ecologa-europe.com\/shop\/wp-content\/uploads\/2025\/04\/coton-argentjpg.jpg","contentUrl":"https:\/\/ecologa-europe.com\/shop\/wp-content\/uploads\/2025\/04\/coton-argentjpg.jpg","width":1800,"height":1300},{"@type":"BreadcrumbList","@id":"https:\/\/ecologa-europe.com\/shop\/produkt\/abschirm-baumwolle-silber-weiss-bio-qualitaet\/#breadcrumb","itemListElement":[{"@type":"ListItem","position":1,"name":"Startseite","item":"https:\/\/ecologa-europe.com\/shop\/"},{"@type":"ListItem","position":2,"name":"Shop","item":"https:\/\/ecologa-europe.com\/shop\/shop\/"},{"@type":"ListItem","position":3,"name":"Abschirm-Baumwolle-silber wei\u00df BIO Qualit\u00e4t"}]},{"@type":"WebSite","@id":"https:\/\/ecologa-europe.com\/shop\/#website","url":"https:\/\/ecologa-europe.com\/shop\/","name":"Elektrosmog-Schutz Onlineshop","description":"Ecologa Europe","publisher":{"@id":"https:\/\/ecologa-europe.com\/shop\/#organization"},"potentialAction":[{"@type":"SearchAction","target":{"@type":"EntryPoint","urlTemplate":"https:\/\/ecologa-europe.com\/shop\/?s={search_term_string}"},"query-input":{"@type":"PropertyValueSpecification","valueRequired":true,"valueName":"search_term_string"}}],"inLanguage":"de"},{"@type":"Organization","@id":"https:\/\/ecologa-europe.com\/shop\/#organization","name":"Elektrosmog-Schutz Onlineshop","url":"https:\/\/ecologa-europe.com\/shop\/","logo":{"@type":"ImageObject","inLanguage":"de","@id":"https:\/\/ecologa-europe.com\/shop\/#\/schema\/logo\/image\/","url":"https:\/\/ecologa-europe.com\/shop\/wp-content\/uploads\/2025\/04\/vertical-navbar-logo.svg","contentUrl":"https:\/\/ecologa-europe.com\/shop\/wp-content\/uploads\/2025\/04\/vertical-navbar-logo.svg","width":182,"height":70,"caption":"Elektrosmog-Schutz Onlineshop"},"image":{"@id":"https:\/\/ecologa-europe.com\/shop\/#\/schema\/logo\/image\/"},"sameAs":["https:\/\/www.facebook.com\/Ecologa-Europe-GmbH-1604744566252298\/","https:\/\/www.instagram.com\/ecologaeurope\/"]}]}},"_links":{"self":[{"href":"https:\/\/ecologa-europe.com\/shop\/wp-json\/wp\/v2\/product\/6909","targetHints":{"allow":["GET"]}}],"collection":[{"href":"https:\/\/ecologa-europe.com\/shop\/wp-json\/wp\/v2\/product"}],"about":[{"href":"https:\/\/ecologa-europe.com\/shop\/wp-json\/wp\/v2\/types\/product"}],"wp:featuredmedia":[{"embeddable":true,"href":"https:\/\/ecologa-europe.com\/shop\/wp-json\/wp\/v2\/media\/502"}],"wp:attachment":[{"href":"https:\/\/ecologa-europe.com\/shop\/wp-json\/wp\/v2\/media?parent=6909"}],"wp:term":[{"taxonomy":"product_brand","embeddable":true,"href":"https:\/\/ecologa-europe.com\/shop\/wp-json\/wp\/v2\/product_brand?post=6909"},{"taxonomy":"product_cat","embeddable":true,"href":"https:\/\/ecologa-europe.com\/shop\/wp-json\/wp\/v2\/product_cat?post=6909"},{"taxonomy":"product_tag","embeddable":true,"href":"https:\/\/ecologa-europe.com\/shop\/wp-json\/wp\/v2\/product_tag?post=6909"}],"curies":[{"name":"wp","href":"https:\/\/api.w.org\/{rel}","templated":true}]}}