{"id":6928,"date":"2025-05-16T10:14:38","date_gmt":"2025-05-16T10:14:38","guid":{"rendered":"https:\/\/639.pm-domains.de\/?post_type=product&#038;p=6928"},"modified":"2025-05-16T10:40:04","modified_gmt":"2025-05-16T10:40:04","slug":"geschirmte-tischleuchte-kristall","status":"publish","type":"product","link":"https:\/\/ecologa-europe.com\/shop\/produkt\/geschirmte-tischleuchte-kristall\/","title":{"rendered":"Geschirmte Tischleuchte Kristall"},"content":{"rendered":"<p>Die Tischleuchte Kristall besteht aus einem ge\u00f6lten Buchenholzfu\u00df (*PEFC) und einem ca.4kg schweren Salzkristall.<\/p>\n<p>Das Kristallsalz lagert, gesch\u00fctzt vor den heutigen Umwelteinfl\u00fcssen, in der Tiefe der Salt Range (Nordpakistan) am Rand des Himalajagebirges. Entstanden ist es durch Austrocknung von Urmeeren vor ca. 200 Millionen Jahren. Die gleichm\u00e4\u00dfigen kristallinen Strukturen sind auf den langsamen Abk\u00fchlungs- bzw. Verdunstungsprozess zur\u00fcckzuf\u00fchren. Der Kristall ist vollst\u00e4ndig naturbelassen; er wird bergm\u00e4nnisch abgebaut und sorgf\u00e4ltig bearbeitet. Jeder abgebaute Salzkristall ist ein Unikat in Farbe, Form und Marmorierung \u2013 keiner gleicht dem anderen.<\/p>\n<p>Schirmwirkung im Vergleich<br \/>\nEine ungeschirmte Salzkristall-Lampe (Schutzklasse 2) mit einem 2-poligen Netzanschlusskabel und angeschlossenem Euro-Stecker (EN 50075) ergibt ein elektrisches Wechselfeld von ca. 100,0-160,0 V\/m. Die geschirmte Salzkristall-Lampe (Schutzklasse 1) mit 3-poligem geschirmten Netzanschlusskabel, einem metallischen Geh\u00e4use und dem Schutzkorb f\u00fcr das Leuchtmittel ergibt ein elektrisches Wechselfeld von ca. 0,4-0,6 V\/m (unter Laborbedingungen gemessen). In der Praxis sind kleine umgebungsbedingte Abweichungen zu beachten. Im Bereich der Steckdose (Schutzkontaktstecker) wird die St\u00e4rke des elektrischen Wechselfeldes durch die Elektroinstallation beeinflusst. Die \u00dcberpr\u00fcfung der Abschirmung wird nach den Vorgaben, Frequenzb\u00e4ndern und Messabst\u00e4nden der anerkannten Bildschirmnormen (f\u00fcr strahlungsarme Bildschirme \/ Monitore) durchgef\u00fchrt: TCO\u00b499, Band I (MPR II) und DIN EN 50279 (Messabstand 30 cm).<\/p>\n<p>Technische Daten<\/p>\n<p>Farbe: orange \/ buche<br \/>\nFarbe Kabel: wei\u00df<br \/>\nZusammensetzung:<br \/>\nSalzkristall<br \/>\nBuchenholz ge\u00f6lt (PEFC)<br \/>\nFilzstandfl\u00e4che<br \/>\nBetriebsspannung: 230 VAC \/ 50Hz<br \/>\nPr\u00fcfungsgrundlage: TCO\u00b499 (MPR II, DIN prEN 50279) EN 60 320 \/ 2.2, CE, F (einzeln zu 100%)<br \/>\n[Grenzwerte bei allen Me\u00dfverfahren mit Faktor 20 und mehr unterschritten]<br \/>\nSchirmd\u00e4mpfung max. in dB: (erdungsabh\u00e4ngig)<br \/>\nSchirmd\u00e4mpfung max. in dB: &gt; 99 % (erdungsabh\u00e4ngig)<br \/>\nVerarbeitung: Hochwertige und sehr stabile Salzkristallleuchte. Als Effektleuchte in jeder R\u00e4umlichkeit zu verwenden. Jeder Kristall ist ein Unikat.<br \/>\nDurchmesser Fu\u00df: 150 mm<br \/>\nKabel: dreipolige geschirmte Anschlussleitung &#8211; flexibel<br \/>\nKabell\u00e4nge: ca. 200 cm<br \/>\nLeuchtmittel: 1 x E14 &#8211; max. 15W<br \/>\nSchalter: Zugschalter mit Holzzugelement (Kugel), geschirmt<br \/>\nSchirmung: 1. Patentierte Edelstahl- Schirmspirale (Schirmkorb)<br \/>\n2. Geschirmtes Netzkabel (Aluminiumschirm, Beidraht)<br \/>\nSchirmung magnetisches Wechselfeld: Reduzierung des magnetischen Wechselfeldes durch Verdrillung der Einzeladern<br \/>\nSchlagzahl: 15 (15x mal pro Meter gegeneinander verdreht)<br \/>\nSchutzklasse: 1 (mit Schutzleiter gelb\/gr\u00fcn)<br \/>\nWinkelstecker: angespritzt, CEE-Norm 7\/VII, DIN 49441<br \/>\nWichtige Informationen: Geschirmte Leuchten k\u00f6nnen ohne elektrotechnische Vorbildung und ohne Elektriker direkt verwendet werden.<br \/>\nACHTUNG: Achten Sie bitte beim Leuchtmittelwechsel darauf, dass dieses noch hei\u00df und zu Verbrennungen f\u00fchren k\u00f6nnte. Desweiteren verzichten Sie beim Einsetzen des Leuchtmittels in den Sockel auf direkten Kontakt zur Haut um Fettstellen zu vermeiden und so die Lebensdauer des Leuchtmittels zu verl\u00e4ngern.<br \/>\nAnwendungsbereich: 1. Wohnbereich<br \/>\nLieferumfang: 1. Geschirmte Tischleuchte inkl. Kabel + Zugschalter 2. Leuchtmittel 1 x E14 &#8211; 15W 3. Edelstahl-Federspirale<br \/>\nGew\u00e4hrleistung: Die Gew\u00e4hrleitung f\u00fcr dieses Produkt bei sachgerechter Behandlung liegt bei den \u00fcblichen 2 Jahren (\u00a7434 BGB + \u00a7446 BGB)<\/p>\n","protected":false},"excerpt":{"rendered":"<ul>\n<li>Tischleuchte zur Reduzierung niederfrequenter elektrischer und magnetischer Wechselfelder<\/li>\n<li>Salzkristall (4kg)<\/li>\n<li>Schutzklasse 1 (mit Schutzleiter) nach DIN\/VDE<\/li>\n<\/ul>\n<p>Die Tischleuchte Kristall besteht aus einem ge\u00f6lten Buchenholzfu\u00df (*PEFC) und einem ca.4kg schweren Salzkristall.<\/p>\n<p>Das Kristallsalz lagert, gesch\u00fctzt vor den heutigen Umwelteinfl\u00fcssen, in der Tiefe der Salt Range (Nordpakistan) am Rand des Himalajagebirges. Entstanden ist es durch Austrocknung von Urmeeren vor ca. 200 Millionen Jahren. Die gleichm\u00e4\u00dfigen kristallinen Strukturen sind auf den langsamen Abk\u00fchlungs- bzw. Verdunstungsprozess zur\u00fcckzuf\u00fchren. Der Kristall ist vollst\u00e4ndig naturbelassen; er wird bergm\u00e4nnisch abgebaut und sorgf\u00e4ltig bearbeitet. Jeder abgebaute Salzkristall ist ein Unikat in Farbe, Form und Marmorierung \u2013 keiner gleicht dem anderen.<\/p>\n","protected":false},"featured_media":544,"template":"","meta":{"inline_featured_image":false,"site-sidebar-layout":"default","site-content-layout":"","ast-site-content-layout":"default","site-content-style":"default","site-sidebar-style":"default","ast-global-header-display":"","ast-banner-title-visibility":"","ast-main-header-display":"","ast-hfb-above-header-display":"","ast-hfb-below-header-display":"","ast-hfb-mobile-header-display":"","site-post-title":"","ast-breadcrumbs-content":"","ast-featured-img":"","footer-sml-layout":"","ast-disable-related-posts":"","theme-transparent-header-meta":"","adv-header-id-meta":"","stick-header-meta":"","header-above-stick-meta":"","header-main-stick-meta":"","header-below-stick-meta":"","astra-migrate-meta-layouts":"default","ast-page-background-enabled":"default","ast-page-background-meta":{"desktop":{"background-color":"var(--ast-global-color-5)","background-image":"","background-repeat":"repeat","background-position":"center center","background-size":"auto","background-attachment":"scroll","background-type":"","background-media":"","overlay-type":"","overlay-color":"","overlay-opacity":"","overlay-gradient":""},"tablet":{"background-color":"","background-image":"","background-repeat":"repeat","background-position":"center center","background-size":"auto","background-attachment":"scroll","background-type":"","background-media":"","overlay-type":"","overlay-color":"","overlay-opacity":"","overlay-gradient":""},"mobile":{"background-color":"","background-image":"","background-repeat":"repeat","background-position":"center center","background-size":"auto","background-attachment":"scroll","background-type":"","background-media":"","overlay-type":"","overlay-color":"","overlay-opacity":"","overlay-gradient":""}},"ast-content-background-meta":{"desktop":{"background-color":"var(--ast-global-color-4)","background-image":"","background-repeat":"repeat","background-position":"center center","background-size":"auto","background-attachment":"scroll","background-type":"","background-media":"","overlay-type":"","overlay-color":"","overlay-opacity":"","overlay-gradient":""},"tablet":{"background-color":"var(--ast-global-color-4)","background-image":"","background-repeat":"repeat","background-position":"center center","background-size":"auto","background-attachment":"scroll","background-type":"","background-media":"","overlay-type":"","overlay-color":"","overlay-opacity":"","overlay-gradient":""},"mobile":{"background-color":"var(--ast-global-color-4)","background-image":"","background-repeat":"repeat","background-position":"center center","background-size":"auto","background-attachment":"scroll","background-type":"","background-media":"","overlay-type":"","overlay-color":"","overlay-opacity":"","overlay-gradient":""}}},"product_brand":[],"product_cat":[121,83],"product_tag":[120,122,33],"class_list":{"0":"post-6928","1":"product","2":"type-product","3":"status-publish","4":"has-post-thumbnail","6":"product_cat-geschirmte-leuchten","7":"product_cat-slider-start-1","8":"product_tag-abschirmung-niederfrequenz","9":"product_tag-geschirmte-leuchte","10":"product_tag-schutz-vor-elektrosmog","11":"product_shipping_class-standardversand","12":"desktop-align-left","13":"tablet-align-left","14":"mobile-align-left","16":"first","17":"outofstock","18":"taxable","19":"shipping-taxable","20":"purchasable","21":"product-type-simple"},"yoast_head":"<!-- This site is optimized with the Yoast SEO plugin v27.4 - https:\/\/yoast.com\/product\/yoast-seo-wordpress\/ -->\n<title>Geschirmte Tischleuchte Kristall - Elektrosmog-Schutz Onlineshop<\/title>\n<meta name=\"description\" content=\"Tischleuchte zur Reduzierung niederfrequenter elektrischer und magnetischer Wechselfelder\" \/>\n<meta name=\"robots\" content=\"index, follow, max-snippet:-1, max-image-preview:large, max-video-preview:-1\" \/>\n<link rel=\"canonical\" href=\"https:\/\/ecologa-europe.com\/shop\/produkt\/geschirmte-tischleuchte-kristall\/\" \/>\n<meta property=\"og:locale\" content=\"de_DE\" \/>\n<meta property=\"og:type\" content=\"article\" \/>\n<meta property=\"og:title\" content=\"Geschirmte Tischleuchte Kristall - Elektrosmog-Schutz Onlineshop\" \/>\n<meta property=\"og:description\" content=\"Tischleuchte zur Reduzierung niederfrequenter elektrischer und magnetischer Wechselfelder\" \/>\n<meta property=\"og:url\" content=\"https:\/\/ecologa-europe.com\/shop\/produkt\/geschirmte-tischleuchte-kristall\/\" \/>\n<meta property=\"og:site_name\" content=\"Elektrosmog-Schutz Onlineshop\" \/>\n<meta property=\"article:publisher\" content=\"https:\/\/www.facebook.com\/Ecologa-Europe-GmbH-1604744566252298\/\" \/>\n<meta property=\"article:modified_time\" content=\"2025-05-16T10:40:04+00:00\" \/>\n<meta property=\"og:image\" content=\"https:\/\/ecologa-europe.com\/shop\/wp-content\/uploads\/2025\/04\/lampe_kristall_1.jpg\" \/>\n\t<meta property=\"og:image:width\" content=\"1772\" \/>\n\t<meta property=\"og:image:height\" content=\"1280\" \/>\n\t<meta property=\"og:image:type\" content=\"image\/jpeg\" \/>\n<meta name=\"twitter:card\" content=\"summary_large_image\" \/>\n<meta name=\"twitter:label1\" content=\"Gesch\u00e4tzte Lesezeit\" \/>\n\t<meta name=\"twitter:data1\" content=\"3\u00a0Minuten\" \/>\n<script type=\"application\/ld+json\" class=\"yoast-schema-graph\">{\"@context\":\"https:\\\/\\\/schema.org\",\"@graph\":[{\"@type\":\"WebPage\",\"@id\":\"https:\\\/\\\/ecologa-europe.com\\\/shop\\\/produkt\\\/geschirmte-tischleuchte-kristall\\\/\",\"url\":\"https:\\\/\\\/ecologa-europe.com\\\/shop\\\/produkt\\\/geschirmte-tischleuchte-kristall\\\/\",\"name\":\"Geschirmte Tischleuchte Kristall - Elektrosmog-Schutz Onlineshop\",\"isPartOf\":{\"@id\":\"https:\\\/\\\/ecologa-europe.com\\\/shop\\\/#website\"},\"primaryImageOfPage\":{\"@id\":\"https:\\\/\\\/ecologa-europe.com\\\/shop\\\/produkt\\\/geschirmte-tischleuchte-kristall\\\/#primaryimage\"},\"image\":{\"@id\":\"https:\\\/\\\/ecologa-europe.com\\\/shop\\\/produkt\\\/geschirmte-tischleuchte-kristall\\\/#primaryimage\"},\"thumbnailUrl\":\"https:\\\/\\\/ecologa-europe.com\\\/shop\\\/wp-content\\\/uploads\\\/2025\\\/04\\\/lampe_kristall_1.jpg\",\"datePublished\":\"2025-05-16T10:14:38+00:00\",\"dateModified\":\"2025-05-16T10:40:04+00:00\",\"description\":\"Tischleuchte zur Reduzierung niederfrequenter elektrischer und magnetischer Wechselfelder\",\"breadcrumb\":{\"@id\":\"https:\\\/\\\/ecologa-europe.com\\\/shop\\\/produkt\\\/geschirmte-tischleuchte-kristall\\\/#breadcrumb\"},\"inLanguage\":\"de\",\"potentialAction\":[{\"@type\":\"ReadAction\",\"target\":[\"https:\\\/\\\/ecologa-europe.com\\\/shop\\\/produkt\\\/geschirmte-tischleuchte-kristall\\\/\"]}]},{\"@type\":\"ImageObject\",\"inLanguage\":\"de\",\"@id\":\"https:\\\/\\\/ecologa-europe.com\\\/shop\\\/produkt\\\/geschirmte-tischleuchte-kristall\\\/#primaryimage\",\"url\":\"https:\\\/\\\/ecologa-europe.com\\\/shop\\\/wp-content\\\/uploads\\\/2025\\\/04\\\/lampe_kristall_1.jpg\",\"contentUrl\":\"https:\\\/\\\/ecologa-europe.com\\\/shop\\\/wp-content\\\/uploads\\\/2025\\\/04\\\/lampe_kristall_1.jpg\",\"width\":1772,\"height\":1280},{\"@type\":\"BreadcrumbList\",\"@id\":\"https:\\\/\\\/ecologa-europe.com\\\/shop\\\/produkt\\\/geschirmte-tischleuchte-kristall\\\/#breadcrumb\",\"itemListElement\":[{\"@type\":\"ListItem\",\"position\":1,\"name\":\"Startseite\",\"item\":\"https:\\\/\\\/ecologa-europe.com\\\/shop\\\/\"},{\"@type\":\"ListItem\",\"position\":2,\"name\":\"Shop\",\"item\":\"https:\\\/\\\/ecologa-europe.com\\\/shop\\\/shop\\\/\"},{\"@type\":\"ListItem\",\"position\":3,\"name\":\"Geschirmte Tischleuchte Kristall\"}]},{\"@type\":\"WebSite\",\"@id\":\"https:\\\/\\\/ecologa-europe.com\\\/shop\\\/#website\",\"url\":\"https:\\\/\\\/ecologa-europe.com\\\/shop\\\/\",\"name\":\"Elektrosmog-Schutz Onlineshop\",\"description\":\"Ecologa Europe\",\"publisher\":{\"@id\":\"https:\\\/\\\/ecologa-europe.com\\\/shop\\\/#organization\"},\"potentialAction\":[{\"@type\":\"SearchAction\",\"target\":{\"@type\":\"EntryPoint\",\"urlTemplate\":\"https:\\\/\\\/ecologa-europe.com\\\/shop\\\/?s={search_term_string}\"},\"query-input\":{\"@type\":\"PropertyValueSpecification\",\"valueRequired\":true,\"valueName\":\"search_term_string\"}}],\"inLanguage\":\"de\"},{\"@type\":\"Organization\",\"@id\":\"https:\\\/\\\/ecologa-europe.com\\\/shop\\\/#organization\",\"name\":\"Elektrosmog-Schutz Onlineshop\",\"url\":\"https:\\\/\\\/ecologa-europe.com\\\/shop\\\/\",\"logo\":{\"@type\":\"ImageObject\",\"inLanguage\":\"de\",\"@id\":\"https:\\\/\\\/ecologa-europe.com\\\/shop\\\/#\\\/schema\\\/logo\\\/image\\\/\",\"url\":\"https:\\\/\\\/ecologa-europe.com\\\/shop\\\/wp-content\\\/uploads\\\/2025\\\/04\\\/vertical-navbar-logo.svg\",\"contentUrl\":\"https:\\\/\\\/ecologa-europe.com\\\/shop\\\/wp-content\\\/uploads\\\/2025\\\/04\\\/vertical-navbar-logo.svg\",\"width\":182,\"height\":70,\"caption\":\"Elektrosmog-Schutz Onlineshop\"},\"image\":{\"@id\":\"https:\\\/\\\/ecologa-europe.com\\\/shop\\\/#\\\/schema\\\/logo\\\/image\\\/\"},\"sameAs\":[\"https:\\\/\\\/www.facebook.com\\\/Ecologa-Europe-GmbH-1604744566252298\\\/\",\"https:\\\/\\\/www.instagram.com\\\/ecologaeurope\\\/\"]}]}<\/script>\n<!-- \/ Yoast SEO plugin. -->","yoast_head_json":{"title":"Geschirmte Tischleuchte Kristall - Elektrosmog-Schutz Onlineshop","description":"Tischleuchte zur Reduzierung niederfrequenter elektrischer und magnetischer Wechselfelder","robots":{"index":"index","follow":"follow","max-snippet":"max-snippet:-1","max-image-preview":"max-image-preview:large","max-video-preview":"max-video-preview:-1"},"canonical":"https:\/\/ecologa-europe.com\/shop\/produkt\/geschirmte-tischleuchte-kristall\/","og_locale":"de_DE","og_type":"article","og_title":"Geschirmte Tischleuchte Kristall - Elektrosmog-Schutz Onlineshop","og_description":"Tischleuchte zur Reduzierung niederfrequenter elektrischer und magnetischer Wechselfelder","og_url":"https:\/\/ecologa-europe.com\/shop\/produkt\/geschirmte-tischleuchte-kristall\/","og_site_name":"Elektrosmog-Schutz Onlineshop","article_publisher":"https:\/\/www.facebook.com\/Ecologa-Europe-GmbH-1604744566252298\/","article_modified_time":"2025-05-16T10:40:04+00:00","og_image":[{"width":1772,"height":1280,"url":"https:\/\/ecologa-europe.com\/shop\/wp-content\/uploads\/2025\/04\/lampe_kristall_1.jpg","type":"image\/jpeg"}],"twitter_card":"summary_large_image","twitter_misc":{"Gesch\u00e4tzte Lesezeit":"3\u00a0Minuten"},"schema":{"@context":"https:\/\/schema.org","@graph":[{"@type":"WebPage","@id":"https:\/\/ecologa-europe.com\/shop\/produkt\/geschirmte-tischleuchte-kristall\/","url":"https:\/\/ecologa-europe.com\/shop\/produkt\/geschirmte-tischleuchte-kristall\/","name":"Geschirmte Tischleuchte Kristall - Elektrosmog-Schutz Onlineshop","isPartOf":{"@id":"https:\/\/ecologa-europe.com\/shop\/#website"},"primaryImageOfPage":{"@id":"https:\/\/ecologa-europe.com\/shop\/produkt\/geschirmte-tischleuchte-kristall\/#primaryimage"},"image":{"@id":"https:\/\/ecologa-europe.com\/shop\/produkt\/geschirmte-tischleuchte-kristall\/#primaryimage"},"thumbnailUrl":"https:\/\/ecologa-europe.com\/shop\/wp-content\/uploads\/2025\/04\/lampe_kristall_1.jpg","datePublished":"2025-05-16T10:14:38+00:00","dateModified":"2025-05-16T10:40:04+00:00","description":"Tischleuchte zur Reduzierung niederfrequenter elektrischer und magnetischer Wechselfelder","breadcrumb":{"@id":"https:\/\/ecologa-europe.com\/shop\/produkt\/geschirmte-tischleuchte-kristall\/#breadcrumb"},"inLanguage":"de","potentialAction":[{"@type":"ReadAction","target":["https:\/\/ecologa-europe.com\/shop\/produkt\/geschirmte-tischleuchte-kristall\/"]}]},{"@type":"ImageObject","inLanguage":"de","@id":"https:\/\/ecologa-europe.com\/shop\/produkt\/geschirmte-tischleuchte-kristall\/#primaryimage","url":"https:\/\/ecologa-europe.com\/shop\/wp-content\/uploads\/2025\/04\/lampe_kristall_1.jpg","contentUrl":"https:\/\/ecologa-europe.com\/shop\/wp-content\/uploads\/2025\/04\/lampe_kristall_1.jpg","width":1772,"height":1280},{"@type":"BreadcrumbList","@id":"https:\/\/ecologa-europe.com\/shop\/produkt\/geschirmte-tischleuchte-kristall\/#breadcrumb","itemListElement":[{"@type":"ListItem","position":1,"name":"Startseite","item":"https:\/\/ecologa-europe.com\/shop\/"},{"@type":"ListItem","position":2,"name":"Shop","item":"https:\/\/ecologa-europe.com\/shop\/shop\/"},{"@type":"ListItem","position":3,"name":"Geschirmte Tischleuchte Kristall"}]},{"@type":"WebSite","@id":"https:\/\/ecologa-europe.com\/shop\/#website","url":"https:\/\/ecologa-europe.com\/shop\/","name":"Elektrosmog-Schutz Onlineshop","description":"Ecologa Europe","publisher":{"@id":"https:\/\/ecologa-europe.com\/shop\/#organization"},"potentialAction":[{"@type":"SearchAction","target":{"@type":"EntryPoint","urlTemplate":"https:\/\/ecologa-europe.com\/shop\/?s={search_term_string}"},"query-input":{"@type":"PropertyValueSpecification","valueRequired":true,"valueName":"search_term_string"}}],"inLanguage":"de"},{"@type":"Organization","@id":"https:\/\/ecologa-europe.com\/shop\/#organization","name":"Elektrosmog-Schutz Onlineshop","url":"https:\/\/ecologa-europe.com\/shop\/","logo":{"@type":"ImageObject","inLanguage":"de","@id":"https:\/\/ecologa-europe.com\/shop\/#\/schema\/logo\/image\/","url":"https:\/\/ecologa-europe.com\/shop\/wp-content\/uploads\/2025\/04\/vertical-navbar-logo.svg","contentUrl":"https:\/\/ecologa-europe.com\/shop\/wp-content\/uploads\/2025\/04\/vertical-navbar-logo.svg","width":182,"height":70,"caption":"Elektrosmog-Schutz Onlineshop"},"image":{"@id":"https:\/\/ecologa-europe.com\/shop\/#\/schema\/logo\/image\/"},"sameAs":["https:\/\/www.facebook.com\/Ecologa-Europe-GmbH-1604744566252298\/","https:\/\/www.instagram.com\/ecologaeurope\/"]}]}},"_links":{"self":[{"href":"https:\/\/ecologa-europe.com\/shop\/wp-json\/wp\/v2\/product\/6928","targetHints":{"allow":["GET"]}}],"collection":[{"href":"https:\/\/ecologa-europe.com\/shop\/wp-json\/wp\/v2\/product"}],"about":[{"href":"https:\/\/ecologa-europe.com\/shop\/wp-json\/wp\/v2\/types\/product"}],"wp:featuredmedia":[{"embeddable":true,"href":"https:\/\/ecologa-europe.com\/shop\/wp-json\/wp\/v2\/media\/544"}],"wp:attachment":[{"href":"https:\/\/ecologa-europe.com\/shop\/wp-json\/wp\/v2\/media?parent=6928"}],"wp:term":[{"taxonomy":"product_brand","embeddable":true,"href":"https:\/\/ecologa-europe.com\/shop\/wp-json\/wp\/v2\/product_brand?post=6928"},{"taxonomy":"product_cat","embeddable":true,"href":"https:\/\/ecologa-europe.com\/shop\/wp-json\/wp\/v2\/product_cat?post=6928"},{"taxonomy":"product_tag","embeddable":true,"href":"https:\/\/ecologa-europe.com\/shop\/wp-json\/wp\/v2\/product_tag?post=6928"}],"curies":[{"name":"wp","href":"https:\/\/api.w.org\/{rel}","templated":true}]}}