{"id":6935,"date":"2025-05-16T10:14:39","date_gmt":"2025-05-16T10:14:39","guid":{"rendered":"https:\/\/639.pm-domains.de\/?post_type=product&#038;p=6935"},"modified":"2025-08-13T07:27:03","modified_gmt":"2025-08-13T07:27:03","slug":"millimeterwellen-5g-messgeraet-fm5-complet-30","status":"publish","type":"product","link":"https:\/\/ecologa-europe.com\/shop\/produkt\/millimeterwellen-5g-messgeraet-fm5-complet-30\/","title":{"rendered":"Millimeterwellen 5G Me\u00dfger\u00e4t FM5 Complet 30"},"content":{"rendered":"<p>Neues 5G-Millimeterwellen-Messger\u00e4t &#8211; professionell entwickelte HF-Messtechnik f\u00fcr die Baubiologie<\/p>\n<ul>\n<li>Der weltweit erste leistbare 5G Millimeter Wellen Monitor mit hoher Sensitivit\u00e4t.<\/li>\n<li>Aufnahme f\u00fcr ein zweites Antennenmodul zum Upgrade f\u00fcr zuk\u00fcnftige 5G Millimeterwellen Technologie.<\/li>\n<li>Schnelle Ansprechzeit und hohe Abtastrate.<\/li>\n<li>Spitzenwert und maximale Signalst\u00e4rke im der LED Anzeige.<\/li>\n<li>Direktionale Antenne erm\u00f6glicht einfaches, genaues orten der 5G Millimeterwellen Quelle.<\/li>\n<li>Findet Mobilfunksender auch im Millimeterwellen Bereich, ebenso wie schnurlose Telefone, Smart Meter die mit HF funktionieren, WLAN, IOT etc.<\/li>\n<li>Lautsprecher zur Signalerkennung.<\/li>\n<li>2 Jahre Vollgarantie.<\/li>\n<\/ul>\n<p>Das brandneue und einzige 5G-Messger\u00e4t im Bereich der Baubiologie, das einen Frequenzbereich im Millimeterwellenband erfassen kann. Es wurde speziell f\u00fcr Anwendungen im Bereich von 24 GHz bis 32 GHz entwickelt.<\/p>\n<p>Viele Menschen machen sich Sorgen \u00fcber den Ausbau des 5G-Netzes und die m\u00f6glichen Auswirkungen auf die Gesundheit.\u00a0 Ein geeignetes 5G-Messger\u00e4t ist eine gute M\u00f6glichkeit, Ihre Exposition zu bewerten und \u00fcber m\u00f6gliche Ma\u00dfnahmen zu entscheiden.<br \/>\nDie mit dem FM5 ermittelten Strahlungswerte sind eine gute Entscheidungsgrundlage, um die elektromagnetische Belastung f\u00fcr Sie und Ihre Familie zu minimieren.<\/p>\n<p>Bisher gab es im Bereich der Baubiologie keine Messger\u00e4te, die Frequenzen \u00fcber 10 GHz messen konnten. <strong>Dies ist nun mit FM5 Complet 30 m\u00f6glich.<\/strong><\/p>\n<p>Bei den derzeit verf\u00fcgbaren 5G-Netzen handelt es sich in den allermeisten Regionen und St\u00e4dten um 4G\/5G- oder Pre-5G-Netze, d. h. um eine leicht verbesserte 4G-Technologie mit Frequenzen bis maximal 6 GHz. Diese Technologien unterscheiden sich in der Regel nur geringf\u00fcgig von den bekannten 2G-, 3G- und 4G-Netzen. Die meisten HF-Breitbandmessger\u00e4te f\u00fcr Elektrosmog messen diese Signale, die alle Frequenzen unterhalb von 10 GHz nutzen. Um das Internet der Dinge (IOT), k\u00fcnstliche Intelligenz (KI) und andere neue Anwendungen nutzen zu k\u00f6nnen, werden in Zukunft jedoch Hochgeschwindigkeits-Internetverbindungen ben\u00f6tigt, die mit Millimeterwellen arbeiten. Diese Millimeterwellen-Anwendungen erfordern eine v\u00f6llig neue Messtechnik, die bisher nur zu sehr hohen Preisen erh\u00e4ltlich war.<\/p>\n<p><strong>Technische Daten:<\/strong><\/p>\n<p><strong>FM5 Complete 30<\/strong> \u00a0 :<br \/>\nFrequenzbereich von 40 MHz bis 10 Ghz<br \/>\nMessbereich von 1\u00b5W\/m\u00b2 bis &gt;100.000 \u00b5W\/m\u00b2<br \/>\nFrequenzbereich\u00a0 von 24 GHz bis 32 Ghz<br \/>\nMessbereich von ca. 100\u00b5W\/m\u00b2 bis &gt;100.000 \u00b5W\/m\u00b2<\/p>\n<div class=\"elementor-image\">\n<ul>\n<li><strong>Sampling Rate \/ Abtastrate<\/strong>: 66 kHz entspricht 15 \u00b5sec (Base und MM Wellen Modul)<\/li>\n<li><strong>Audio<\/strong> Frequenzbereich von 40Hz bis 16kHz<\/li>\n<li><strong>Stromaufnahme<\/strong> ca. 50mA f\u00fcr das Basisger\u00e4t<\/li>\n<li><strong>Stromaufnahme<\/strong> ca. 200mA f\u00fcr das MM Wellen Modul<\/li>\n<li><strong>Stromquelle<\/strong>: 9V Batterie, inkludiert<\/li>\n<li>Batterielebensdauer h\u00e4ngt wesentlich von der Batteriequalit\u00e4t und von der Verwendung ab.<\/li>\n<li><strong>LED-Anzeige<\/strong> der Feldst\u00e4rke (Basisger\u00e4t):<br \/>\nGr\u00fcn 1: &lt; 1 \u03bcW\/m\u00b2<br \/>\nGr\u00fcn 2: 25 \u03bcW\/m\u00b2<br \/>\nGelb 1: 100 \u03bcW\/m\u00b2<br \/>\nGelb 2: 1.000 \u03bcW\/m\u00b2<br \/>\nRot 1: 10.000 \u03bcW\/m\u00b2<br \/>\nRot 2: 100.000 \u03bcW\/m\u00b2<\/li>\n<li><strong>Abmessungen<\/strong> (mm): 139,53 x 82,21 x 26,69 (L x B x H)<\/li>\n<li>Interner Lautsprecher mit Lautst\u00e4rkeregelung<\/li>\n<\/ul>\n<\/div>\n<p>Super kompakte Bauweise mit kleinen Abmessungen, passt in (fast) jede Tasche.<\/p>\n<p><strong>Anwendungsbereich:<\/strong><\/p>\n<p>Bestimmung der HF-Strahlung in Ihrer Umgebung von 40 MHz bis 10 GHz \/\u00a0 von 24 GHz bis 32 GHz<\/p>\n<p><strong>HF-Quellen \/ HF-Verursacher, die vom\u00a0 Messger\u00e4t erfasst werden:<\/strong><\/p>\n<ul>\n<li>Mobilfunkmasten \/ Mobilfunkstrahlung \/ Handystrahlung von 2G, 3G, 4G und 5G Netzwerken<\/li>\n<li>5G Low Band, 5G Mid Band und 5G Millimeterwellen<\/li>\n<li>Schnurlostelefone (DECT)<\/li>\n<li>WLAN und Bluetooth, auch von Drucker, Kopfh\u00f6rern, etc.<\/li>\n<li>Smart Meter (wenn HF), Babyphone<\/li>\n<li>Leckstrahlung von Mikrowellenherden und vieles mehr.<\/li>\n<\/ul>\n","protected":false},"excerpt":{"rendered":"<p>Neues 5G-Millimeterwellen-Messger\u00e4t &#8211; professionell entwickelte HF-Messtechnik f\u00fcr die Baubiologie.<\/p>\n<p>Das brandneue und einzige 5G-Messger\u00e4t im Bereich der Baubiologie, das einen Frequenzbereich im Millimeterwellenband erfassen kann. Es wurde speziell f\u00fcr Anwendungen im Bereich von 24 GHz bis 32 GHz entwickelt.<\/p>\n<p>Viele Menschen machen sich Sorgen \u00fcber den Ausbau des 5G-Netzes und die m\u00f6glichen Auswirkungen auf die Gesundheit.\u00a0 Ein geeignetes 5G-Messger\u00e4t ist eine gute M\u00f6glichkeit, Ihre Exposition zu bewerten und \u00fcber m\u00f6gliche Ma\u00dfnahmen zu entscheiden.<br \/>\nDie mit dem FM5 ermittelten Strahlungswerte sind eine gute Entscheidungsgrundlage, um die elektromagnetische Belastung f\u00fcr Sie und Ihre Familie zu minimieren.<\/p>\n<p>Bisher gab es im Bereich der Baubiologie keine Messger\u00e4te, die Frequenzen \u00fcber 10 GHz messen konnten. <strong>Dies ist nun mit FM5 Complet 30 m\u00f6glich.<\/strong><\/p>\n<div class=\"elementor-image\">\n<ul>\n<li><strong>Abmessungen<\/strong> (mm): 139,53 x 82,21 x 26,69 (L x B x H)<\/li>\n<li>Interner Lautsprecher mit Lautst\u00e4rkeregelung<\/li>\n<\/ul>\n<\/div>\n<p>Super kompakte Bauweise mit kleinen Abmessungen, passt in (fast) jede Tasche.<\/p>\n<p><strong>Anwendungsbereich:<\/strong><\/p>\n<p>Bestimmung der HF-Strahlung in Ihrer Umgebung von 40 MHz bis 10 GHz \/\u00a0 von 24 GHz bis 32 GHz<\/p>\n","protected":false},"featured_media":573,"template":"","meta":{"inline_featured_image":false,"site-sidebar-layout":"default","site-content-layout":"","ast-site-content-layout":"default","site-content-style":"default","site-sidebar-style":"default","ast-global-header-display":"","ast-banner-title-visibility":"","ast-main-header-display":"","ast-hfb-above-header-display":"","ast-hfb-below-header-display":"","ast-hfb-mobile-header-display":"","site-post-title":"","ast-breadcrumbs-content":"","ast-featured-img":"","footer-sml-layout":"","ast-disable-related-posts":"","theme-transparent-header-meta":"default","adv-header-id-meta":"","stick-header-meta":"","header-above-stick-meta":"","header-main-stick-meta":"","header-below-stick-meta":"","astra-migrate-meta-layouts":"set","ast-page-background-enabled":"default","ast-page-background-meta":{"desktop":{"background-color":"var(--ast-global-color-5)","background-image":"","background-repeat":"repeat","background-position":"center center","background-size":"auto","background-attachment":"scroll","background-type":"","background-media":"","overlay-type":"","overlay-color":"","overlay-opacity":"","overlay-gradient":""},"tablet":{"background-color":"","background-image":"","background-repeat":"repeat","background-position":"center center","background-size":"auto","background-attachment":"scroll","background-type":"","background-media":"","overlay-type":"","overlay-color":"","overlay-opacity":"","overlay-gradient":""},"mobile":{"background-color":"","background-image":"","background-repeat":"repeat","background-position":"center center","background-size":"auto","background-attachment":"scroll","background-type":"","background-media":"","overlay-type":"","overlay-color":"","overlay-opacity":"","overlay-gradient":""}},"ast-content-background-meta":{"desktop":{"background-color":"var(--ast-global-color-4)","background-image":"","background-repeat":"repeat","background-position":"center center","background-size":"auto","background-attachment":"scroll","background-type":"","background-media":"","overlay-type":"","overlay-color":"","overlay-opacity":"","overlay-gradient":""},"tablet":{"background-color":"var(--ast-global-color-4)","background-image":"","background-repeat":"repeat","background-position":"center center","background-size":"auto","background-attachment":"scroll","background-type":"","background-media":"","overlay-type":"","overlay-color":"","overlay-opacity":"","overlay-gradient":""},"mobile":{"background-color":"var(--ast-global-color-4)","background-image":"","background-repeat":"repeat","background-position":"center center","background-size":"auto","background-attachment":"scroll","background-type":"","background-media":"","overlay-type":"","overlay-color":"","overlay-opacity":"","overlay-gradient":""}}},"product_brand":[],"product_cat":[124,123],"product_tag":[125,126,71],"class_list":{"0":"post-6935","1":"product","2":"type-product","3":"status-publish","4":"has-post-thumbnail","6":"product_cat-hochfrequenz-messgeraete","7":"product_cat-messgeraete","8":"product_tag-5g-messgeraet","9":"product_tag-hf-messtechnik","10":"product_tag-hochfrequenz","11":"product_shipping_class-standardversand","12":"desktop-align-left","13":"tablet-align-left","14":"mobile-align-left","16":"first","17":"outofstock","18":"taxable","19":"shipping-taxable","20":"purchasable","21":"product-type-simple"},"yoast_head":"<!-- This site is optimized with the Yoast SEO plugin v27.3 - https:\/\/yoast.com\/product\/yoast-seo-wordpress\/ -->\n<title>Millimeterwellen 5G Me\u00dfger\u00e4t FM5 Complet 30 - Elektrosmog-Schutz Onlineshop<\/title>\n<meta name=\"description\" content=\"Das einzige 5G-Messger\u00e4t das einen Frequenzbereich im Millimeterwellenband erfassen kann, entwickelt f\u00fcr Anwendungen im Bereich von 24 GHz bis 32 GHz\" \/>\n<meta name=\"robots\" content=\"index, follow, max-snippet:-1, max-image-preview:large, max-video-preview:-1\" \/>\n<link rel=\"canonical\" href=\"https:\/\/ecologa-europe.com\/shop\/produkt\/millimeterwellen-5g-messgeraet-fm5-complet-30\/\" \/>\n<meta property=\"og:locale\" content=\"de_DE\" \/>\n<meta property=\"og:type\" content=\"article\" \/>\n<meta property=\"og:title\" content=\"Millimeterwellen 5G Me\u00dfger\u00e4t FM5 Complet 30 - Elektrosmog-Schutz Onlineshop\" \/>\n<meta property=\"og:description\" content=\"Das einzige 5G-Messger\u00e4t das einen Frequenzbereich im Millimeterwellenband erfassen kann, entwickelt f\u00fcr Anwendungen im Bereich von 24 GHz bis 32 GHz\" \/>\n<meta property=\"og:url\" content=\"https:\/\/ecologa-europe.com\/shop\/produkt\/millimeterwellen-5g-messgeraet-fm5-complet-30\/\" \/>\n<meta property=\"og:site_name\" content=\"Elektrosmog-Schutz Onlineshop\" \/>\n<meta property=\"article:publisher\" content=\"https:\/\/www.facebook.com\/Ecologa-Europe-GmbH-1604744566252298\/\" \/>\n<meta property=\"article:modified_time\" content=\"2025-08-13T07:27:03+00:00\" \/>\n<meta property=\"og:image\" content=\"https:\/\/ecologa-europe.com\/shop\/wp-content\/uploads\/2025\/04\/FM5_2.jpg\" \/>\n\t<meta property=\"og:image:width\" content=\"1772\" \/>\n\t<meta property=\"og:image:height\" content=\"1280\" \/>\n\t<meta property=\"og:image:type\" content=\"image\/jpeg\" \/>\n<meta name=\"twitter:card\" content=\"summary_large_image\" \/>\n<meta name=\"twitter:label1\" content=\"Gesch\u00e4tzte Lesezeit\" \/>\n\t<meta name=\"twitter:data1\" content=\"3\u00a0Minuten\" \/>\n<script type=\"application\/ld+json\" class=\"yoast-schema-graph\">{\"@context\":\"https:\\\/\\\/schema.org\",\"@graph\":[{\"@type\":\"WebPage\",\"@id\":\"https:\\\/\\\/ecologa-europe.com\\\/shop\\\/produkt\\\/millimeterwellen-5g-messgeraet-fm5-complet-30\\\/\",\"url\":\"https:\\\/\\\/ecologa-europe.com\\\/shop\\\/produkt\\\/millimeterwellen-5g-messgeraet-fm5-complet-30\\\/\",\"name\":\"Millimeterwellen 5G Me\u00dfger\u00e4t FM5 Complet 30 - Elektrosmog-Schutz Onlineshop\",\"isPartOf\":{\"@id\":\"https:\\\/\\\/ecologa-europe.com\\\/shop\\\/#website\"},\"primaryImageOfPage\":{\"@id\":\"https:\\\/\\\/ecologa-europe.com\\\/shop\\\/produkt\\\/millimeterwellen-5g-messgeraet-fm5-complet-30\\\/#primaryimage\"},\"image\":{\"@id\":\"https:\\\/\\\/ecologa-europe.com\\\/shop\\\/produkt\\\/millimeterwellen-5g-messgeraet-fm5-complet-30\\\/#primaryimage\"},\"thumbnailUrl\":\"https:\\\/\\\/ecologa-europe.com\\\/shop\\\/wp-content\\\/uploads\\\/2025\\\/04\\\/FM5_2.jpg\",\"datePublished\":\"2025-05-16T10:14:39+00:00\",\"dateModified\":\"2025-08-13T07:27:03+00:00\",\"description\":\"Das einzige 5G-Messger\u00e4t das einen Frequenzbereich im Millimeterwellenband erfassen kann, entwickelt f\u00fcr Anwendungen im Bereich von 24 GHz bis 32 GHz\",\"breadcrumb\":{\"@id\":\"https:\\\/\\\/ecologa-europe.com\\\/shop\\\/produkt\\\/millimeterwellen-5g-messgeraet-fm5-complet-30\\\/#breadcrumb\"},\"inLanguage\":\"de\",\"potentialAction\":[{\"@type\":\"ReadAction\",\"target\":[\"https:\\\/\\\/ecologa-europe.com\\\/shop\\\/produkt\\\/millimeterwellen-5g-messgeraet-fm5-complet-30\\\/\"]}]},{\"@type\":\"ImageObject\",\"inLanguage\":\"de\",\"@id\":\"https:\\\/\\\/ecologa-europe.com\\\/shop\\\/produkt\\\/millimeterwellen-5g-messgeraet-fm5-complet-30\\\/#primaryimage\",\"url\":\"https:\\\/\\\/ecologa-europe.com\\\/shop\\\/wp-content\\\/uploads\\\/2025\\\/04\\\/FM5_2.jpg\",\"contentUrl\":\"https:\\\/\\\/ecologa-europe.com\\\/shop\\\/wp-content\\\/uploads\\\/2025\\\/04\\\/FM5_2.jpg\",\"width\":1772,\"height\":1280},{\"@type\":\"BreadcrumbList\",\"@id\":\"https:\\\/\\\/ecologa-europe.com\\\/shop\\\/produkt\\\/millimeterwellen-5g-messgeraet-fm5-complet-30\\\/#breadcrumb\",\"itemListElement\":[{\"@type\":\"ListItem\",\"position\":1,\"name\":\"Startseite\",\"item\":\"https:\\\/\\\/ecologa-europe.com\\\/shop\\\/\"},{\"@type\":\"ListItem\",\"position\":2,\"name\":\"Shop\",\"item\":\"https:\\\/\\\/ecologa-europe.com\\\/shop\\\/shop\\\/\"},{\"@type\":\"ListItem\",\"position\":3,\"name\":\"Millimeterwellen 5G Me\u00dfger\u00e4t FM5 Complet 30\"}]},{\"@type\":\"WebSite\",\"@id\":\"https:\\\/\\\/ecologa-europe.com\\\/shop\\\/#website\",\"url\":\"https:\\\/\\\/ecologa-europe.com\\\/shop\\\/\",\"name\":\"Elektrosmog-Schutz Onlineshop\",\"description\":\"Ecologa Europe\",\"publisher\":{\"@id\":\"https:\\\/\\\/ecologa-europe.com\\\/shop\\\/#organization\"},\"potentialAction\":[{\"@type\":\"SearchAction\",\"target\":{\"@type\":\"EntryPoint\",\"urlTemplate\":\"https:\\\/\\\/ecologa-europe.com\\\/shop\\\/?s={search_term_string}\"},\"query-input\":{\"@type\":\"PropertyValueSpecification\",\"valueRequired\":true,\"valueName\":\"search_term_string\"}}],\"inLanguage\":\"de\"},{\"@type\":\"Organization\",\"@id\":\"https:\\\/\\\/ecologa-europe.com\\\/shop\\\/#organization\",\"name\":\"Elektrosmog-Schutz Onlineshop\",\"url\":\"https:\\\/\\\/ecologa-europe.com\\\/shop\\\/\",\"logo\":{\"@type\":\"ImageObject\",\"inLanguage\":\"de\",\"@id\":\"https:\\\/\\\/ecologa-europe.com\\\/shop\\\/#\\\/schema\\\/logo\\\/image\\\/\",\"url\":\"https:\\\/\\\/ecologa-europe.com\\\/shop\\\/wp-content\\\/uploads\\\/2025\\\/04\\\/vertical-navbar-logo.svg\",\"contentUrl\":\"https:\\\/\\\/ecologa-europe.com\\\/shop\\\/wp-content\\\/uploads\\\/2025\\\/04\\\/vertical-navbar-logo.svg\",\"width\":182,\"height\":70,\"caption\":\"Elektrosmog-Schutz Onlineshop\"},\"image\":{\"@id\":\"https:\\\/\\\/ecologa-europe.com\\\/shop\\\/#\\\/schema\\\/logo\\\/image\\\/\"},\"sameAs\":[\"https:\\\/\\\/www.facebook.com\\\/Ecologa-Europe-GmbH-1604744566252298\\\/\",\"https:\\\/\\\/www.instagram.com\\\/ecologaeurope\\\/\"]}]}<\/script>\n<!-- \/ Yoast SEO plugin. -->","yoast_head_json":{"title":"Millimeterwellen 5G Me\u00dfger\u00e4t FM5 Complet 30 - Elektrosmog-Schutz Onlineshop","description":"Das einzige 5G-Messger\u00e4t das einen Frequenzbereich im Millimeterwellenband erfassen kann, entwickelt f\u00fcr Anwendungen im Bereich von 24 GHz bis 32 GHz","robots":{"index":"index","follow":"follow","max-snippet":"max-snippet:-1","max-image-preview":"max-image-preview:large","max-video-preview":"max-video-preview:-1"},"canonical":"https:\/\/ecologa-europe.com\/shop\/produkt\/millimeterwellen-5g-messgeraet-fm5-complet-30\/","og_locale":"de_DE","og_type":"article","og_title":"Millimeterwellen 5G Me\u00dfger\u00e4t FM5 Complet 30 - Elektrosmog-Schutz Onlineshop","og_description":"Das einzige 5G-Messger\u00e4t das einen Frequenzbereich im Millimeterwellenband erfassen kann, entwickelt f\u00fcr Anwendungen im Bereich von 24 GHz bis 32 GHz","og_url":"https:\/\/ecologa-europe.com\/shop\/produkt\/millimeterwellen-5g-messgeraet-fm5-complet-30\/","og_site_name":"Elektrosmog-Schutz Onlineshop","article_publisher":"https:\/\/www.facebook.com\/Ecologa-Europe-GmbH-1604744566252298\/","article_modified_time":"2025-08-13T07:27:03+00:00","og_image":[{"width":1772,"height":1280,"url":"https:\/\/ecologa-europe.com\/shop\/wp-content\/uploads\/2025\/04\/FM5_2.jpg","type":"image\/jpeg"}],"twitter_card":"summary_large_image","twitter_misc":{"Gesch\u00e4tzte Lesezeit":"3\u00a0Minuten"},"schema":{"@context":"https:\/\/schema.org","@graph":[{"@type":"WebPage","@id":"https:\/\/ecologa-europe.com\/shop\/produkt\/millimeterwellen-5g-messgeraet-fm5-complet-30\/","url":"https:\/\/ecologa-europe.com\/shop\/produkt\/millimeterwellen-5g-messgeraet-fm5-complet-30\/","name":"Millimeterwellen 5G Me\u00dfger\u00e4t FM5 Complet 30 - Elektrosmog-Schutz Onlineshop","isPartOf":{"@id":"https:\/\/ecologa-europe.com\/shop\/#website"},"primaryImageOfPage":{"@id":"https:\/\/ecologa-europe.com\/shop\/produkt\/millimeterwellen-5g-messgeraet-fm5-complet-30\/#primaryimage"},"image":{"@id":"https:\/\/ecologa-europe.com\/shop\/produkt\/millimeterwellen-5g-messgeraet-fm5-complet-30\/#primaryimage"},"thumbnailUrl":"https:\/\/ecologa-europe.com\/shop\/wp-content\/uploads\/2025\/04\/FM5_2.jpg","datePublished":"2025-05-16T10:14:39+00:00","dateModified":"2025-08-13T07:27:03+00:00","description":"Das einzige 5G-Messger\u00e4t das einen Frequenzbereich im Millimeterwellenband erfassen kann, entwickelt f\u00fcr Anwendungen im Bereich von 24 GHz bis 32 GHz","breadcrumb":{"@id":"https:\/\/ecologa-europe.com\/shop\/produkt\/millimeterwellen-5g-messgeraet-fm5-complet-30\/#breadcrumb"},"inLanguage":"de","potentialAction":[{"@type":"ReadAction","target":["https:\/\/ecologa-europe.com\/shop\/produkt\/millimeterwellen-5g-messgeraet-fm5-complet-30\/"]}]},{"@type":"ImageObject","inLanguage":"de","@id":"https:\/\/ecologa-europe.com\/shop\/produkt\/millimeterwellen-5g-messgeraet-fm5-complet-30\/#primaryimage","url":"https:\/\/ecologa-europe.com\/shop\/wp-content\/uploads\/2025\/04\/FM5_2.jpg","contentUrl":"https:\/\/ecologa-europe.com\/shop\/wp-content\/uploads\/2025\/04\/FM5_2.jpg","width":1772,"height":1280},{"@type":"BreadcrumbList","@id":"https:\/\/ecologa-europe.com\/shop\/produkt\/millimeterwellen-5g-messgeraet-fm5-complet-30\/#breadcrumb","itemListElement":[{"@type":"ListItem","position":1,"name":"Startseite","item":"https:\/\/ecologa-europe.com\/shop\/"},{"@type":"ListItem","position":2,"name":"Shop","item":"https:\/\/ecologa-europe.com\/shop\/shop\/"},{"@type":"ListItem","position":3,"name":"Millimeterwellen 5G Me\u00dfger\u00e4t FM5 Complet 30"}]},{"@type":"WebSite","@id":"https:\/\/ecologa-europe.com\/shop\/#website","url":"https:\/\/ecologa-europe.com\/shop\/","name":"Elektrosmog-Schutz Onlineshop","description":"Ecologa Europe","publisher":{"@id":"https:\/\/ecologa-europe.com\/shop\/#organization"},"potentialAction":[{"@type":"SearchAction","target":{"@type":"EntryPoint","urlTemplate":"https:\/\/ecologa-europe.com\/shop\/?s={search_term_string}"},"query-input":{"@type":"PropertyValueSpecification","valueRequired":true,"valueName":"search_term_string"}}],"inLanguage":"de"},{"@type":"Organization","@id":"https:\/\/ecologa-europe.com\/shop\/#organization","name":"Elektrosmog-Schutz Onlineshop","url":"https:\/\/ecologa-europe.com\/shop\/","logo":{"@type":"ImageObject","inLanguage":"de","@id":"https:\/\/ecologa-europe.com\/shop\/#\/schema\/logo\/image\/","url":"https:\/\/ecologa-europe.com\/shop\/wp-content\/uploads\/2025\/04\/vertical-navbar-logo.svg","contentUrl":"https:\/\/ecologa-europe.com\/shop\/wp-content\/uploads\/2025\/04\/vertical-navbar-logo.svg","width":182,"height":70,"caption":"Elektrosmog-Schutz Onlineshop"},"image":{"@id":"https:\/\/ecologa-europe.com\/shop\/#\/schema\/logo\/image\/"},"sameAs":["https:\/\/www.facebook.com\/Ecologa-Europe-GmbH-1604744566252298\/","https:\/\/www.instagram.com\/ecologaeurope\/"]}]}},"_links":{"self":[{"href":"https:\/\/ecologa-europe.com\/shop\/wp-json\/wp\/v2\/product\/6935","targetHints":{"allow":["GET"]}}],"collection":[{"href":"https:\/\/ecologa-europe.com\/shop\/wp-json\/wp\/v2\/product"}],"about":[{"href":"https:\/\/ecologa-europe.com\/shop\/wp-json\/wp\/v2\/types\/product"}],"wp:featuredmedia":[{"embeddable":true,"href":"https:\/\/ecologa-europe.com\/shop\/wp-json\/wp\/v2\/media\/573"}],"wp:attachment":[{"href":"https:\/\/ecologa-europe.com\/shop\/wp-json\/wp\/v2\/media?parent=6935"}],"wp:term":[{"taxonomy":"product_brand","embeddable":true,"href":"https:\/\/ecologa-europe.com\/shop\/wp-json\/wp\/v2\/product_brand?post=6935"},{"taxonomy":"product_cat","embeddable":true,"href":"https:\/\/ecologa-europe.com\/shop\/wp-json\/wp\/v2\/product_cat?post=6935"},{"taxonomy":"product_tag","embeddable":true,"href":"https:\/\/ecologa-europe.com\/shop\/wp-json\/wp\/v2\/product_tag?post=6935"}],"curies":[{"name":"wp","href":"https:\/\/api.w.org\/{rel}","templated":true}]}}