{"id":6961,"date":"2025-05-16T10:15:06","date_gmt":"2025-05-16T10:15:06","guid":{"rendered":"https:\/\/639.pm-domains.de\/?post_type=product&#038;p=6961"},"modified":"2026-03-31T11:50:28","modified_gmt":"2026-03-31T11:50:28","slug":"abschirmbaldachin-premium-ikigai","status":"publish","type":"product","link":"https:\/\/ecologa-europe.com\/shop\/produkt\/abschirmbaldachin-premium-ikigai\/","title":{"rendered":"Abschirmbaldachin Premium &#8222;Ikigai&#8220;"},"content":{"rendered":"<h2 class=\"western\"><strong><span style=\"color: #000000;\">Design-Elektrosmog-<\/span><\/strong><strong><span style=\"color: #000000;\"><b>Abschirmb<\/b><\/span><\/strong><strong><span style=\"color: #000000;\">aldachin f\u00fcr gesch\u00fctzte R\u00e4ume<\/span><\/strong><\/h2>\n<p><span style=\"color: #000000;\">Ikigai ist ein Premium Elektrosmog-Abschirmbaldachin f\u00fcr Menschen, die Schutz, \u00c4sthetik und r\u00e4umliche Freiheit verbinden m\u00f6chten.<br \/>\nDas innovative Raumsystem schafft auf elegante Weise einen gesch\u00fctzten R\u00fcckzugsort \u2013 ohne den Raum dauerhaft zu ver\u00e4ndern.<\/span><\/p>\n<hr \/>\n<h4 class=\"western\"><strong>Hochwertiger Schutz vor hochfrequentem Elektrosmog<\/strong><\/h4>\n<p><span style=\"color: #000000;\">Der Ikigai Abschirmbaldachin bietet einen hohen Schutz vor hochfrequenten elektromagnetischen Strahlungen.<br \/>\nMit einer Schirmd\u00e4mpfung von bis zu <\/span><strong><span style=\"color: #000000;\">40 dB<\/span><\/strong><span style=\"color: #000000;\"> kann eine Abschirmwirkung von bis zu <\/span><strong><span style=\"color: #000000;\">99,99 %<\/span><\/strong><span style=\"color: #000000;\"> erreicht werden.<\/span><\/p>\n<p><span style=\"color: #000000;\">Die eingesetzten Stoffe bestehen aus patentierten Hightech-Fasern mit versilberten Kupferdr\u00e4hten in Kette und Schuss. Dadurch entsteht eine <\/span><strong><span style=\"color: #000000;\">richtungsunabh\u00e4ngige Abschirmung<\/span><\/strong><span style=\"color: #000000;\">, die besonders f\u00fcr sensible Anwendungen geeignet ist.<\/span><\/p>\n<hr \/>\n<h4 class=\"western\"><strong>Design trifft Funktion<\/strong><\/h4>\n<p><span style=\"color: #000000;\">Premium Ikigai ist mehr als ein klassischer Baldachin.<br \/>\nDas von Designer <\/span><strong><span style=\"color: #000000;\">Nils Bennett<\/span><\/strong><span style=\"color: #000000;\"> entwickelte System funktioniert wie ein flexibler Raum im Raum: Es kann \u00fcberall installiert werden, ben\u00f6tigt kaum Platz und ver\u00e4ndert die Umgebung nur dann, wenn es genutzt wird.<\/span><\/p>\n<p><span style=\"color: #000000;\">Ein feiner, kaum sichtbarer Metallrahmen und der innen gefaltete Stoff erzeugen ein ruhiges, fast schwebendes Bild \u2013 erinnert an Origami und wirkt zugleich modern und zur\u00fcckhaltend.<\/span><\/p>\n<hr \/>\n<h4 class=\"western\"><strong><span style=\"color: #000000;\">Intuitiv, spielerisch, patentiert<\/span><\/strong><\/h4>\n<p><span style=\"color: #000000;\">Der Baldachin wird \u00fcber ein innovatives, handbetriebenes Seilzugsystem gesteuert.<br \/>\nDer Stoff senkt und hebt sich in einer sanften, rotierenden Bewegung \u2013 funktional, leise und beinahe wie von selbst.<\/span><\/p>\n<p><span style=\"color: #000000;\">Diese spielerische Leichtigkeit ist nicht nur ein Gestaltungselement, sondern Teil des patentierten Systems.<\/span><\/p>\n<hr \/>\n<h4 class=\"western\"><strong>Ein gesch\u00fctzter Raum f\u00fcr Schlaf, Ruhe und Konzentration<\/strong><\/h4>\n<p><span style=\"color: #000000;\">Premium Ikigai eignet sich f\u00fcr Menschen und Orte, die bewusst mit Raum, Ruhe und Schutz umgehen:<\/span><\/p>\n<ul>\n<li><strong><span style=\"color: #000000;\">Privat:<\/span><\/strong><span style=\"color: #000000;\"> Schlafzimmer, Wohnr\u00e4ume, Studios, Lofts, \u00fcberdachte Terrassen<\/span><\/li>\n<li><strong><span style=\"color: #000000;\">Hotellerie &amp; Wellness:<\/span><\/strong><span style=\"color: #000000;\"> Hotelzimmer, Ruhezonen, Spa- und Entspannungsbereiche<\/span><\/li>\n<li><strong><span style=\"color: #000000;\">Gastronomie:<\/span><\/strong><span style=\"color: #000000;\"> Loungebereiche, Restaurants, \u00fcberdachte Terrassen<\/span><\/li>\n<li><strong><span style=\"color: #000000;\">B\u00fcro &amp; Arbeitswelt:<\/span><\/strong><span style=\"color: #000000;\"> Flexible R\u00fcckzugsr\u00e4ume, informelle Besprechungszonen<\/span><\/li>\n<li><strong><span style=\"color: #000000;\">Events &amp; Ausstellungen:<\/span><\/strong><span style=\"color: #000000;\"> Tempor\u00e4re Ruhezonen<\/span><\/li>\n<\/ul>\n<hr \/>\n<h4 class=\"western\"><strong>Materialien &amp; Verarbeitung auf Premium-Niveau<\/strong><\/h4>\n<ul>\n<li><span style=\"color: #000000;\">Pulverbeschichteter Metallrahmen (wei\u00df, RAL 9016 matt)<\/span><\/li>\n<li><span style=\"color: #000000;\">Halbtransparenter Baldachin aus Voile<\/span><\/li>\n<li><span style=\"color: #000000;\">OEKO-TEX\u00ae Standard 100 zertifiziert<\/span><\/li>\n<li><span style=\"color: #000000;\">100 % handgefertigt in Deutschland<\/span><\/li>\n<\/ul>\n<p><span style=\"color: #000000;\">Der Stoff ist weich, flie\u00dfend, lichtdurchl\u00e4ssig und angenehm in der Haptik \u2013 bewusst so gew\u00e4hlt, dass Schutz nicht als Abschottung empfunden wird.<\/span><\/p>\n<hr \/>\n<p class=\"western\"><strong><span style=\"color: #000000;\">Technische Details<br \/>\n<\/span><\/strong><span style=\"color: #000000;\">\u2013 Gewicht: ca. 12 kg<br \/>\n\u2013 Aufh\u00e4ngung: 4-Punkt-Deckenmontage<br \/>\n\u2013 Mindestdeckenh\u00f6he: 240 cm<br \/>\n\u2013 Ma\u00dfe Baldachin: 220 \u00d7 220 \u00d7 220 cm<br \/>\n\u2013 Innovatives, handbetriebenes Seilzugsystem<br \/>\n\u2013 Schirmd\u00e4mpfung: bis ca. 40 dB<\/span><\/p>\n<hr \/>\n<h4 class=\"western\"><strong><span style=\"color: #000000;\">Hinweise zur Nutzung<\/span><\/strong><\/h4>\n<p><span style=\"color: #000000;\">Innerhalb des Baldachins d\u00fcrfen keine elektrischen Ger\u00e4te betrieben werden.<br \/>\nBitte beachten Sie ausreichende Abst\u00e4nde zu Lampen, hei\u00dfen Leuchtmitteln und W\u00e4nden.<\/span><\/p>\n<p><span style=\"color: #000000;\">F\u00fcr eine vollst\u00e4ndige Abschirmung empfehlen wir bei Bedarf eine passende Baldachinunterlage.<\/span><\/p>\n<hr \/>\n<h4 class=\"western\"><strong>Ikigai: Mehr als Schutz<\/strong><\/h4>\n<p><span style=\"color: #000000;\">Der Name Ikigai stammt aus der japanischen Philosophie und bedeutet sinngem\u00e4\u00df \u201eWert des Lebens\u201c.<br \/>\nIn einer zunehmend digitalen Welt schafft Ikigai einen bewussten Gegenpol \u2013 einen Ort der Ruhe, Konzentration und R\u00fcckbesinnung.<\/span><\/p>\n<hr \/>\n<h4 class=\"western\"><strong>Pflegehinweise <\/strong><\/h4>\n<p class=\"western\"><span style=\"font-size: medium;\">Besonders schonendes Waschen (Fein- oder Wollwaschgang bei 30\u00b0C)<br \/>\nBleichen nicht erlaubt<br \/>\nKeine Waschmittel mit Bleichmittel,<br \/>\n<\/span><span style=\"font-family: Liberation Serif, serif;\"><span style=\"font-size: medium;\">N<\/span><\/span><span style=\"font-size: medium;\">icht im Trockner trocknen<br \/>\nKeine Chemische Reinigung<\/span><\/p>\n<hr \/>\n<h4 class=\"western\"><strong>FAQ \/ Q&amp;A<br \/>\n<\/strong><\/h4>\n<p><strong><span style=\"color: #000000;\">Wie funktioniert das Seilzugsystem von Ikigai?<\/span><\/strong><span style=\"color: #000000;\"><br \/>\nDas patentierte Seilzugsystem erm\u00f6glicht ein sanftes Absenken und Heben des Baldachins \u2013 pr\u00e4zise, leise und fast m\u00fchelos.<\/span><\/p>\n<p><strong><span style=\"color: #000000;\">Wie viel Elektrosmog wird abgeschirmt?<\/span><\/strong><span style=\"color: #000000;\"><br \/>\nMit bis zu 40\u202fdB Schirmd\u00e4mpfung kann Elektrosmog um bis zu 99,99\u202f% reduziert werden.<\/span><\/p>\n<p><strong><span style=\"color: #000000;\">Kann ich Ikigai \u00fcberall aufstellen?<\/span><\/strong><span style=\"color: #000000;\"><br \/>\nJa, Ikigai ist flexibel und eignet sich f\u00fcr Schlafzimmer, Wohnr\u00e4ume, Studios oder \u00fcberdachte Terrassen.<\/span><\/p>\n<p><strong><span style=\"color: #000000;\">Kann ich innerhalb des Baldachins elektrische Ger\u00e4te nutzen?<\/span><\/strong><span style=\"color: #000000;\"><br \/>\nNein, um die maximale Abschirmwirkung zu gew\u00e4hrleisten, sollten keine aktiven Ger\u00e4te betrieben werden. Abstand zu Lampen, hei\u00dfen Leuchtmitteln und W\u00e4nden beachten.<\/span><\/p>\n<p><strong><span style=\"color: #000000;\">Welche Materialien werden verwendet?<\/span><\/strong><span style=\"color: #000000;\"><br \/>\nHalbtransparenter Voile (PES\/MT 90\u202f%, 10\u202f%), patentierte Hightech-Fasern mit versilberten Kupferdr\u00e4hten, Metallrahmen pulverbeschichtet, handgefertigt in Deutschland.<\/span><\/p>\n<p><span style=\"color: #000000;\"><strong>Wie pflege ich Ikigai richtig?<\/strong><br \/>\nSchonendes Waschen bei 30\u202f\u00b0C, nicht bleichen, nicht chemisch reinigen, nicht im Trockner trocknen.<\/span><\/p>\n\n<table id=\"tablepress-11\" class=\"tablepress tablepress-id-11\">\n<thead>\n<tr class=\"row-1\">\n\t<td class=\"column-1\"><\/td><th class=\"column-2\">Frequenz \/ Anwendung (MHz)<\/th><th class=\"column-3\">Dezibel (dB)<\/th><th class=\"column-4\">Prozent (%)<\/th>\n<\/tr>\n<\/thead>\n<tbody class=\"row-striping row-hover\">\n<tr class=\"row-2\">\n\t<td class=\"column-1\">Tetra 450<\/td><td class=\"column-2\">450MHz<\/td><td class=\"column-3\">30dB<\/td><td class=\"column-4\">99,9%<\/td>\n<\/tr>\n<tr class=\"row-3\">\n\t<td class=\"column-1\">LTE 800<\/td><td class=\"column-2\">800MHz<\/td><td class=\"column-3\">40dB<\/td><td class=\"column-4\">99,99%<\/td>\n<\/tr>\n<tr class=\"row-4\">\n\t<td class=\"column-1\">GSM 900<\/td><td class=\"column-2\">900MHz<\/td><td class=\"column-3\">40dB<\/td><td class=\"column-4\">99,99%<\/td>\n<\/tr>\n<tr class=\"row-5\">\n\t<td class=\"column-1\">GSM 1800<\/td><td class=\"column-2\">1800MHz<\/td><td class=\"column-3\">30dB<\/td><td class=\"column-4\">99,9%<\/td>\n<\/tr>\n<tr class=\"row-6\">\n\t<td class=\"column-1\">DECT 1800<\/td><td class=\"column-2\">1800MHz<\/td><td class=\"column-3\">30dB<\/td><td class=\"column-4\">99,9%<\/td>\n<\/tr>\n<tr class=\"row-7\">\n\t<td class=\"column-1\">UMTS 2000<\/td><td class=\"column-2\">2000MHz<\/td><td class=\"column-3\">30dB<\/td><td class=\"column-4\">99,9%<\/td>\n<\/tr>\n<tr class=\"row-8\">\n\t<td class=\"column-1\">WLAN 2400<\/td><td class=\"column-2\">2400MHz<\/td><td class=\"column-3\">20dB<\/td><td class=\"column-4\">99%<\/td>\n<\/tr>\n<tr class=\"row-9\">\n\t<td class=\"column-1\">LTE 2600<\/td><td class=\"column-2\">2600MHz<\/td><td class=\"column-3\">20dB<\/td><td class=\"column-4\">99%<\/td>\n<\/tr>\n<tr class=\"row-10\">\n\t<td class=\"column-1\">WLAN 5800<\/td><td class=\"column-2\">5800MHz<\/td><td class=\"column-3\">20dB<\/td><td class=\"column-4\">99%<\/td>\n<\/tr>\n<\/tbody>\n<\/table>\n<!-- #tablepress-11 from cache -->\n<p>&nbsp;<\/p>\n<p>&nbsp;<\/p>\n<footer id=\"footer\">\u00a0\u00a0<\/footer>\n","protected":false},"excerpt":{"rendered":"<p><span style=\"color: #ff0000;\"><strong><span style=\"color: #000000;\">Ik<\/span><\/strong><span style=\"color: #000000;\"><strong>igai \u2013 Premium Elektrosmog-Baldachin<\/strong><br \/>\n<\/span><span style=\"color: #000000;\">Ikigai ist mehr als Schutz. Er verbindet innovative Technik, \u00e4sthetisches Design und eine spielerische Leichtigkeit \u2013 patentiert und handgefertigt in Deutschland.<br \/>\nEr schafft in wenigen Sekunden einen R\u00fcckzugsraum f\u00fcr Schlaf, Arbeit oder Entspannung \u2013 flexibel und elegant.\u201c<\/span><\/span><\/p>\n<p><strong>Nutzen auf einen Blick:<\/strong><\/p>\n<ul>\n<li style=\"list-style-type: none;\">\n<ul>\n<li>Hochwertiger Elektrosmog-Schutz f\u00fcr sensible Menschen<\/li>\n<li>Edle Materialien &amp; pr\u00e4zise Handarbeit<\/li>\n<li>F\u00fcr anspruchsvolle Schlafr\u00e4ume geeignet<\/li>\n<li>Design-Baldachin f\u00fcr eine ruhige Atmosph\u00e4re<\/li>\n<li>OEKO-TEX Standard 100 zertifiziert<\/li>\n<li>Made in Germany<\/li>\n<\/ul>\n<\/li>\n<\/ul>\n","protected":false},"featured_media":624,"template":"","meta":{"inline_featured_image":false,"site-sidebar-layout":"default","site-content-layout":"","ast-site-content-layout":"default","site-content-style":"default","site-sidebar-style":"default","ast-global-header-display":"","ast-banner-title-visibility":"","ast-main-header-display":"","ast-hfb-above-header-display":"","ast-hfb-below-header-display":"","ast-hfb-mobile-header-display":"","site-post-title":"","ast-breadcrumbs-content":"","ast-featured-img":"","footer-sml-layout":"","ast-disable-related-posts":"","theme-transparent-header-meta":"default","adv-header-id-meta":"","stick-header-meta":"","header-above-stick-meta":"","header-main-stick-meta":"","header-below-stick-meta":"","astra-migrate-meta-layouts":"set","ast-page-background-enabled":"default","ast-page-background-meta":{"desktop":{"background-color":"var(--ast-global-color-5)","background-image":"","background-repeat":"repeat","background-position":"center center","background-size":"auto","background-attachment":"scroll","background-type":"","background-media":"","overlay-type":"","overlay-color":"","overlay-opacity":"","overlay-gradient":""},"tablet":{"background-color":"","background-image":"","background-repeat":"repeat","background-position":"center center","background-size":"auto","background-attachment":"scroll","background-type":"","background-media":"","overlay-type":"","overlay-color":"","overlay-opacity":"","overlay-gradient":""},"mobile":{"background-color":"","background-image":"","background-repeat":"repeat","background-position":"center center","background-size":"auto","background-attachment":"scroll","background-type":"","background-media":"","overlay-type":"","overlay-color":"","overlay-opacity":"","overlay-gradient":""}},"ast-content-background-meta":{"desktop":{"background-color":"var(--ast-global-color-4)","background-image":"","background-repeat":"repeat","background-position":"center center","background-size":"auto","background-attachment":"scroll","background-type":"","background-media":"","overlay-type":"","overlay-color":"","overlay-opacity":"","overlay-gradient":""},"tablet":{"background-color":"var(--ast-global-color-4)","background-image":"","background-repeat":"repeat","background-position":"center center","background-size":"auto","background-attachment":"scroll","background-type":"","background-media":"","overlay-type":"","overlay-color":"","overlay-opacity":"","overlay-gradient":""},"mobile":{"background-color":"var(--ast-global-color-4)","background-image":"","background-repeat":"repeat","background-position":"center center","background-size":"auto","background-attachment":"scroll","background-type":"","background-media":"","overlay-type":"","overlay-color":"","overlay-opacity":"","overlay-gradient":""}}},"product_brand":[],"product_cat":[50,637,129,828,83],"product_tag":[137,675,21,33],"class_list":{"0":"post-6961","1":"product","2":"type-product","3":"status-publish","4":"has-post-thumbnail","6":"product_cat-abschirm-baldachine","7":"product_cat-abschirmbaldachine-doppelbett","8":"product_cat-abschirmbaldachine-standard","9":"product_cat-premium-tiefer-komfort","10":"product_cat-slider-start-1","11":"product_tag-gesunder-schlaf","12":"product_tag-hochwertiger-abschirm-baldachin","13":"product_tag-schutz-vor-5g","14":"product_tag-schutz-vor-elektrosmog","15":"product_shipping_class-sperrgut","16":"desktop-align-left","17":"tablet-align-left","18":"mobile-align-left","20":"first","21":"instock","22":"taxable","23":"shipping-taxable","24":"purchasable","25":"product-type-simple"},"yoast_head":"<!-- This site is optimized with the Yoast SEO plugin v27.3 - https:\/\/yoast.com\/product\/yoast-seo-wordpress\/ -->\n<title>Abschirmbaldachin Premium &quot;Ikigai&quot; - Elektrosmog-Schutz Onlineshop<\/title>\n<meta name=\"description\" content=\"Ikigai ist mehr als nur ein Baldachin, der vor hohen Frequenzen sch\u00fctzt; es handelt sich hier um ein sehr innovatives und flexibles patentiertes Raumsystem.\" \/>\n<meta name=\"robots\" content=\"index, follow, max-snippet:-1, max-image-preview:large, max-video-preview:-1\" \/>\n<link rel=\"canonical\" href=\"https:\/\/ecologa-europe.com\/shop\/produkt\/abschirmbaldachin-premium-ikigai\/\" \/>\n<meta property=\"og:locale\" content=\"de_DE\" \/>\n<meta property=\"og:type\" content=\"article\" \/>\n<meta property=\"og:title\" content=\"Abschirmbaldachin Premium &quot;Ikigai&quot; - Elektrosmog-Schutz Onlineshop\" \/>\n<meta property=\"og:description\" content=\"Ikigai ist mehr als nur ein Baldachin, der vor hohen Frequenzen sch\u00fctzt; es handelt sich hier um ein sehr innovatives und flexibles patentiertes Raumsystem.\" \/>\n<meta property=\"og:url\" content=\"https:\/\/ecologa-europe.com\/shop\/produkt\/abschirmbaldachin-premium-ikigai\/\" \/>\n<meta property=\"og:site_name\" content=\"Elektrosmog-Schutz Onlineshop\" \/>\n<meta property=\"article:publisher\" content=\"https:\/\/www.facebook.com\/Ecologa-Europe-GmbH-1604744566252298\/\" \/>\n<meta property=\"article:modified_time\" content=\"2026-03-31T11:50:28+00:00\" \/>\n<meta property=\"og:image\" content=\"https:\/\/ecologa-europe.com\/shop\/wp-content\/uploads\/2025\/04\/baldachin_ikigai.jpg\" \/>\n\t<meta property=\"og:image:width\" content=\"1280\" \/>\n\t<meta property=\"og:image:height\" content=\"1288\" \/>\n\t<meta property=\"og:image:type\" content=\"image\/jpeg\" \/>\n<meta name=\"twitter:card\" content=\"summary_large_image\" \/>\n<meta name=\"twitter:label1\" content=\"Gesch\u00e4tzte Lesezeit\" \/>\n\t<meta name=\"twitter:data1\" content=\"4\u00a0Minuten\" \/>\n<script type=\"application\/ld+json\" class=\"yoast-schema-graph\">{\"@context\":\"https:\\\/\\\/schema.org\",\"@graph\":[{\"@type\":\"WebPage\",\"@id\":\"https:\\\/\\\/ecologa-europe.com\\\/shop\\\/produkt\\\/abschirmbaldachin-premium-ikigai\\\/\",\"url\":\"https:\\\/\\\/ecologa-europe.com\\\/shop\\\/produkt\\\/abschirmbaldachin-premium-ikigai\\\/\",\"name\":\"Abschirmbaldachin Premium \\\"Ikigai\\\" - Elektrosmog-Schutz Onlineshop\",\"isPartOf\":{\"@id\":\"https:\\\/\\\/ecologa-europe.com\\\/shop\\\/#website\"},\"primaryImageOfPage\":{\"@id\":\"https:\\\/\\\/ecologa-europe.com\\\/shop\\\/produkt\\\/abschirmbaldachin-premium-ikigai\\\/#primaryimage\"},\"image\":{\"@id\":\"https:\\\/\\\/ecologa-europe.com\\\/shop\\\/produkt\\\/abschirmbaldachin-premium-ikigai\\\/#primaryimage\"},\"thumbnailUrl\":\"https:\\\/\\\/ecologa-europe.com\\\/shop\\\/wp-content\\\/uploads\\\/2025\\\/04\\\/baldachin_ikigai.jpg\",\"datePublished\":\"2025-05-16T10:15:06+00:00\",\"dateModified\":\"2026-03-31T11:50:28+00:00\",\"description\":\"Ikigai ist mehr als nur ein Baldachin, der vor hohen Frequenzen sch\u00fctzt; es handelt sich hier um ein sehr innovatives und flexibles patentiertes Raumsystem.\",\"breadcrumb\":{\"@id\":\"https:\\\/\\\/ecologa-europe.com\\\/shop\\\/produkt\\\/abschirmbaldachin-premium-ikigai\\\/#breadcrumb\"},\"inLanguage\":\"de\",\"potentialAction\":[{\"@type\":\"ReadAction\",\"target\":[\"https:\\\/\\\/ecologa-europe.com\\\/shop\\\/produkt\\\/abschirmbaldachin-premium-ikigai\\\/\"]}]},{\"@type\":\"ImageObject\",\"inLanguage\":\"de\",\"@id\":\"https:\\\/\\\/ecologa-europe.com\\\/shop\\\/produkt\\\/abschirmbaldachin-premium-ikigai\\\/#primaryimage\",\"url\":\"https:\\\/\\\/ecologa-europe.com\\\/shop\\\/wp-content\\\/uploads\\\/2025\\\/04\\\/baldachin_ikigai.jpg\",\"contentUrl\":\"https:\\\/\\\/ecologa-europe.com\\\/shop\\\/wp-content\\\/uploads\\\/2025\\\/04\\\/baldachin_ikigai.jpg\",\"width\":1280,\"height\":1288},{\"@type\":\"BreadcrumbList\",\"@id\":\"https:\\\/\\\/ecologa-europe.com\\\/shop\\\/produkt\\\/abschirmbaldachin-premium-ikigai\\\/#breadcrumb\",\"itemListElement\":[{\"@type\":\"ListItem\",\"position\":1,\"name\":\"Startseite\",\"item\":\"https:\\\/\\\/ecologa-europe.com\\\/shop\\\/\"},{\"@type\":\"ListItem\",\"position\":2,\"name\":\"Shop\",\"item\":\"https:\\\/\\\/ecologa-europe.com\\\/shop\\\/shop\\\/\"},{\"@type\":\"ListItem\",\"position\":3,\"name\":\"Abschirmbaldachin Premium &#8222;Ikigai&#8220;\"}]},{\"@type\":\"WebSite\",\"@id\":\"https:\\\/\\\/ecologa-europe.com\\\/shop\\\/#website\",\"url\":\"https:\\\/\\\/ecologa-europe.com\\\/shop\\\/\",\"name\":\"Elektrosmog-Schutz Onlineshop\",\"description\":\"Ecologa Europe\",\"publisher\":{\"@id\":\"https:\\\/\\\/ecologa-europe.com\\\/shop\\\/#organization\"},\"potentialAction\":[{\"@type\":\"SearchAction\",\"target\":{\"@type\":\"EntryPoint\",\"urlTemplate\":\"https:\\\/\\\/ecologa-europe.com\\\/shop\\\/?s={search_term_string}\"},\"query-input\":{\"@type\":\"PropertyValueSpecification\",\"valueRequired\":true,\"valueName\":\"search_term_string\"}}],\"inLanguage\":\"de\"},{\"@type\":\"Organization\",\"@id\":\"https:\\\/\\\/ecologa-europe.com\\\/shop\\\/#organization\",\"name\":\"Elektrosmog-Schutz Onlineshop\",\"url\":\"https:\\\/\\\/ecologa-europe.com\\\/shop\\\/\",\"logo\":{\"@type\":\"ImageObject\",\"inLanguage\":\"de\",\"@id\":\"https:\\\/\\\/ecologa-europe.com\\\/shop\\\/#\\\/schema\\\/logo\\\/image\\\/\",\"url\":\"https:\\\/\\\/ecologa-europe.com\\\/shop\\\/wp-content\\\/uploads\\\/2025\\\/04\\\/vertical-navbar-logo.svg\",\"contentUrl\":\"https:\\\/\\\/ecologa-europe.com\\\/shop\\\/wp-content\\\/uploads\\\/2025\\\/04\\\/vertical-navbar-logo.svg\",\"width\":182,\"height\":70,\"caption\":\"Elektrosmog-Schutz Onlineshop\"},\"image\":{\"@id\":\"https:\\\/\\\/ecologa-europe.com\\\/shop\\\/#\\\/schema\\\/logo\\\/image\\\/\"},\"sameAs\":[\"https:\\\/\\\/www.facebook.com\\\/Ecologa-Europe-GmbH-1604744566252298\\\/\",\"https:\\\/\\\/www.instagram.com\\\/ecologaeurope\\\/\"]}]}<\/script>\n<!-- \/ Yoast SEO plugin. -->","yoast_head_json":{"title":"Abschirmbaldachin Premium \"Ikigai\" - Elektrosmog-Schutz Onlineshop","description":"Ikigai ist mehr als nur ein Baldachin, der vor hohen Frequenzen sch\u00fctzt; es handelt sich hier um ein sehr innovatives und flexibles patentiertes Raumsystem.","robots":{"index":"index","follow":"follow","max-snippet":"max-snippet:-1","max-image-preview":"max-image-preview:large","max-video-preview":"max-video-preview:-1"},"canonical":"https:\/\/ecologa-europe.com\/shop\/produkt\/abschirmbaldachin-premium-ikigai\/","og_locale":"de_DE","og_type":"article","og_title":"Abschirmbaldachin Premium \"Ikigai\" - Elektrosmog-Schutz Onlineshop","og_description":"Ikigai ist mehr als nur ein Baldachin, der vor hohen Frequenzen sch\u00fctzt; es handelt sich hier um ein sehr innovatives und flexibles patentiertes Raumsystem.","og_url":"https:\/\/ecologa-europe.com\/shop\/produkt\/abschirmbaldachin-premium-ikigai\/","og_site_name":"Elektrosmog-Schutz Onlineshop","article_publisher":"https:\/\/www.facebook.com\/Ecologa-Europe-GmbH-1604744566252298\/","article_modified_time":"2026-03-31T11:50:28+00:00","og_image":[{"width":1280,"height":1288,"url":"https:\/\/ecologa-europe.com\/shop\/wp-content\/uploads\/2025\/04\/baldachin_ikigai.jpg","type":"image\/jpeg"}],"twitter_card":"summary_large_image","twitter_misc":{"Gesch\u00e4tzte Lesezeit":"4\u00a0Minuten"},"schema":{"@context":"https:\/\/schema.org","@graph":[{"@type":"WebPage","@id":"https:\/\/ecologa-europe.com\/shop\/produkt\/abschirmbaldachin-premium-ikigai\/","url":"https:\/\/ecologa-europe.com\/shop\/produkt\/abschirmbaldachin-premium-ikigai\/","name":"Abschirmbaldachin Premium \"Ikigai\" - Elektrosmog-Schutz Onlineshop","isPartOf":{"@id":"https:\/\/ecologa-europe.com\/shop\/#website"},"primaryImageOfPage":{"@id":"https:\/\/ecologa-europe.com\/shop\/produkt\/abschirmbaldachin-premium-ikigai\/#primaryimage"},"image":{"@id":"https:\/\/ecologa-europe.com\/shop\/produkt\/abschirmbaldachin-premium-ikigai\/#primaryimage"},"thumbnailUrl":"https:\/\/ecologa-europe.com\/shop\/wp-content\/uploads\/2025\/04\/baldachin_ikigai.jpg","datePublished":"2025-05-16T10:15:06+00:00","dateModified":"2026-03-31T11:50:28+00:00","description":"Ikigai ist mehr als nur ein Baldachin, der vor hohen Frequenzen sch\u00fctzt; es handelt sich hier um ein sehr innovatives und flexibles patentiertes Raumsystem.","breadcrumb":{"@id":"https:\/\/ecologa-europe.com\/shop\/produkt\/abschirmbaldachin-premium-ikigai\/#breadcrumb"},"inLanguage":"de","potentialAction":[{"@type":"ReadAction","target":["https:\/\/ecologa-europe.com\/shop\/produkt\/abschirmbaldachin-premium-ikigai\/"]}]},{"@type":"ImageObject","inLanguage":"de","@id":"https:\/\/ecologa-europe.com\/shop\/produkt\/abschirmbaldachin-premium-ikigai\/#primaryimage","url":"https:\/\/ecologa-europe.com\/shop\/wp-content\/uploads\/2025\/04\/baldachin_ikigai.jpg","contentUrl":"https:\/\/ecologa-europe.com\/shop\/wp-content\/uploads\/2025\/04\/baldachin_ikigai.jpg","width":1280,"height":1288},{"@type":"BreadcrumbList","@id":"https:\/\/ecologa-europe.com\/shop\/produkt\/abschirmbaldachin-premium-ikigai\/#breadcrumb","itemListElement":[{"@type":"ListItem","position":1,"name":"Startseite","item":"https:\/\/ecologa-europe.com\/shop\/"},{"@type":"ListItem","position":2,"name":"Shop","item":"https:\/\/ecologa-europe.com\/shop\/shop\/"},{"@type":"ListItem","position":3,"name":"Abschirmbaldachin Premium &#8222;Ikigai&#8220;"}]},{"@type":"WebSite","@id":"https:\/\/ecologa-europe.com\/shop\/#website","url":"https:\/\/ecologa-europe.com\/shop\/","name":"Elektrosmog-Schutz Onlineshop","description":"Ecologa Europe","publisher":{"@id":"https:\/\/ecologa-europe.com\/shop\/#organization"},"potentialAction":[{"@type":"SearchAction","target":{"@type":"EntryPoint","urlTemplate":"https:\/\/ecologa-europe.com\/shop\/?s={search_term_string}"},"query-input":{"@type":"PropertyValueSpecification","valueRequired":true,"valueName":"search_term_string"}}],"inLanguage":"de"},{"@type":"Organization","@id":"https:\/\/ecologa-europe.com\/shop\/#organization","name":"Elektrosmog-Schutz Onlineshop","url":"https:\/\/ecologa-europe.com\/shop\/","logo":{"@type":"ImageObject","inLanguage":"de","@id":"https:\/\/ecologa-europe.com\/shop\/#\/schema\/logo\/image\/","url":"https:\/\/ecologa-europe.com\/shop\/wp-content\/uploads\/2025\/04\/vertical-navbar-logo.svg","contentUrl":"https:\/\/ecologa-europe.com\/shop\/wp-content\/uploads\/2025\/04\/vertical-navbar-logo.svg","width":182,"height":70,"caption":"Elektrosmog-Schutz Onlineshop"},"image":{"@id":"https:\/\/ecologa-europe.com\/shop\/#\/schema\/logo\/image\/"},"sameAs":["https:\/\/www.facebook.com\/Ecologa-Europe-GmbH-1604744566252298\/","https:\/\/www.instagram.com\/ecologaeurope\/"]}]}},"_links":{"self":[{"href":"https:\/\/ecologa-europe.com\/shop\/wp-json\/wp\/v2\/product\/6961","targetHints":{"allow":["GET"]}}],"collection":[{"href":"https:\/\/ecologa-europe.com\/shop\/wp-json\/wp\/v2\/product"}],"about":[{"href":"https:\/\/ecologa-europe.com\/shop\/wp-json\/wp\/v2\/types\/product"}],"wp:featuredmedia":[{"embeddable":true,"href":"https:\/\/ecologa-europe.com\/shop\/wp-json\/wp\/v2\/media\/624"}],"wp:attachment":[{"href":"https:\/\/ecologa-europe.com\/shop\/wp-json\/wp\/v2\/media?parent=6961"}],"wp:term":[{"taxonomy":"product_brand","embeddable":true,"href":"https:\/\/ecologa-europe.com\/shop\/wp-json\/wp\/v2\/product_brand?post=6961"},{"taxonomy":"product_cat","embeddable":true,"href":"https:\/\/ecologa-europe.com\/shop\/wp-json\/wp\/v2\/product_cat?post=6961"},{"taxonomy":"product_tag","embeddable":true,"href":"https:\/\/ecologa-europe.com\/shop\/wp-json\/wp\/v2\/product_tag?post=6961"}],"curies":[{"name":"wp","href":"https:\/\/api.w.org\/{rel}","templated":true}]}}