{"id":6965,"date":"2025-05-16T10:15:07","date_gmt":"2025-05-16T10:15:07","guid":{"rendered":"https:\/\/639.pm-domains.de\/?post_type=product&#038;p=6965"},"modified":"2026-01-31T05:55:03","modified_gmt":"2026-01-31T05:55:03","slug":"abschirm-baldachin-niomi","status":"publish","type":"product","link":"https:\/\/ecologa-europe.com\/shop\/produkt\/abschirm-baldachin-niomi\/","title":{"rendered":"Abschirm-Baldachin Niomi"},"content":{"rendered":"<p>Ecologa Abschirmbaldachine werden in unserem Haus entworfen und gefertigt und bieten einen hohen Schutz vor hochfrequenten. Sie k\u00f6nnen eine Abschirmwirkung von bis zu 99,99 % erreichen.<br \/>\nDie Schirmd\u00e4mpfung betr\u00e4gt max. 42 dB.<\/p>\n<p>Wenn Sie das Edle und Besondere m\u00f6gen, ist der Baldachin &#8222;Niomi&#8220; der Richtige f\u00fcr Sie.<\/p>\n<p>Das Himmelbett ist halbtransparent mit einer weich flie\u00dfenden Webstruktur in Leinenoptik und wirkt ausgesprochen edel.<br \/>\nDurch die quadratische, schmalere Dachform beh\u00e4lt das Modell seine grazile Form. Der Tunneldurchzug vereinfacht die Montage.<br \/>\nDie \u00d6ffnungen sind zus\u00e4tzlich mit einer Stoffbahn verziert, die einen Hauch von Eleganz verbreitet.<\/p>\n<p>Innerhalb des Abschirmbaldachins d\u00fcrfen keine elektrischen Ger\u00e4te betrieben werden. Beachten Sie bitte die notwendigen Abst\u00e4nde von Lampen, hei\u00dfen Leuchtmitteln und W\u00e4nden (Abrieb) zum Gewebe.<\/p>\n<p>Sollte eine zus\u00e4tzliche Bodenabschirmung erforderlich sein, empfehlen wir Ihnen unsere Baldachinunterlage.<\/p>\n<p>Falls Sie eine Baldachinunterlage verwenden, so achten Sie bitte au\u00dferdem darauf, dass die Seitenteile des Baldachins auf der Bodenmatte aufliegen. Die Baldachinunterlage kann mit einer d\u00fcnnen Auslegware gesch\u00fctzt werden.<br \/>\nDie Baldachinfl\u00e4che ist hierbei immer kleiner als die Fl\u00e4che der Baldachinunterlage.<\/p>\n<p>Baldachine aus Schirmtextilien, die nicht in den Potentialausgleich einbezogen und damit nicht geerdet werden k\u00f6nnen, schirmen auch niederfrequente elektrische<br \/>\nWechselfelder ab. Hierbei kommt es zu einer Ladungsverteilung durch die Felder auf der Baldachinoberfl\u00e4che (\u00e4. Faradayscher K\u00e4fig).<\/p>\n<p>Beschreibung:<br \/>\nDoppelbett: f\u00fcr Bettgr\u00f6\u00dfen von 1,40 bis 2,10 m Breite<br \/>\nH\u00f6he: 2,30 m mit 2 \u00d6ffnungen<br \/>\nFarbe: hellgrau<br \/>\nGewicht: 2,5 Kg<br \/>\nMaterial: 92% Polyester, 8% Stahl<br \/>\nSchirmd\u00e4mpfung: max. 42 dB<br \/>\nStandard OEKO-TEX 100<br \/>\n<strong>In Deutschland hergestellt<\/strong><\/p>\n<p>Pflegehinweise:<br \/>\nBesonders schonendes Waschen (Fein- oder Wollwaschgang bei 30\u00b0C)<br \/>\nBleichen ist nicht erlaubt<br \/>\nKeine Waschmittel mit Bleichmittel verwenden, nicht im Trockner trocknen<br \/>\nKeine Chemische Reinigung<\/p>\n","protected":false},"excerpt":{"rendered":"<p>Abschirmbaldachin zum Schutz vor hochfrequenter elektromagnetischer Strahlung.<\/p>\n<p>Wenn Sie das Edle und Besondere m\u00f6gen, ist der Baldachin &#8222;Niomi&#8220; der Richtige f\u00fcr Sie.<\/p>\n<p>Das Himmelbett ist halbtransparent mit einer weich flie\u00dfenden Webstruktur in Leinenoptik und wirkt ausgesprochen edel.<br \/>\nDurch die quadratische, schmalere Dachform beh\u00e4lt das Modell seine grazile Form. Der Tunneldurchzug vereinfacht die Montage.<br \/>\nDie \u00d6ffnungen sind zus\u00e4tzlich mit einer Stoffbahn verziert, die einen Hauch von Eleganz verbreitet.<\/p>\n<p>Beschreibung:<br \/>\nDoppelbett: f\u00fcr Bettgr\u00f6\u00dfen von 1,40 bis 2,10 m Breite<br \/>\nH\u00f6he: 2,30 m mit 2 \u00d6ffnungen<br \/>\nFarbe: hellgrau<br \/>\nGewicht: 2,5 Kg<br \/>\nMaterial: 92% Polyester, 8% Stahl<br \/>\nSchirmd\u00e4mpfung: max. 42 dB<br \/>\nStandard OEKO-TEX 100<br \/>\n<strong>In Deutschland hergestellt<\/strong><\/p>\n<p>Pflegehinweise:<br \/>\nBesonders schonendes Waschen (Fein- oder Wollwaschgang bei 30\u00b0C)<br \/>\nBleichen ist nicht erlaubt<br \/>\nKeine Waschmittel mit Bleichmittel verwenden, nicht im Trockner trocknen<br \/>\nKeine Chemische Reinigung<\/p>\n","protected":false},"featured_media":650,"template":"","meta":{"inline_featured_image":false,"site-sidebar-layout":"default","site-content-layout":"","ast-site-content-layout":"default","site-content-style":"default","site-sidebar-style":"default","ast-global-header-display":"","ast-banner-title-visibility":"","ast-main-header-display":"","ast-hfb-above-header-display":"","ast-hfb-below-header-display":"","ast-hfb-mobile-header-display":"","site-post-title":"","ast-breadcrumbs-content":"","ast-featured-img":"","footer-sml-layout":"","ast-disable-related-posts":"","theme-transparent-header-meta":"default","adv-header-id-meta":"","stick-header-meta":"","header-above-stick-meta":"","header-main-stick-meta":"","header-below-stick-meta":"","astra-migrate-meta-layouts":"set","ast-page-background-enabled":"default","ast-page-background-meta":{"desktop":{"background-color":"var(--ast-global-color-5)","background-image":"","background-repeat":"repeat","background-position":"center center","background-size":"auto","background-attachment":"scroll","background-type":"","background-media":"","overlay-type":"","overlay-color":"","overlay-opacity":"","overlay-gradient":""},"tablet":{"background-color":"","background-image":"","background-repeat":"repeat","background-position":"center center","background-size":"auto","background-attachment":"scroll","background-type":"","background-media":"","overlay-type":"","overlay-color":"","overlay-opacity":"","overlay-gradient":""},"mobile":{"background-color":"","background-image":"","background-repeat":"repeat","background-position":"center center","background-size":"auto","background-attachment":"scroll","background-type":"","background-media":"","overlay-type":"","overlay-color":"","overlay-opacity":"","overlay-gradient":""}},"ast-content-background-meta":{"desktop":{"background-color":"var(--ast-global-color-4)","background-image":"","background-repeat":"repeat","background-position":"center center","background-size":"auto","background-attachment":"scroll","background-type":"","background-media":"","overlay-type":"","overlay-color":"","overlay-opacity":"","overlay-gradient":""},"tablet":{"background-color":"var(--ast-global-color-4)","background-image":"","background-repeat":"repeat","background-position":"center center","background-size":"auto","background-attachment":"scroll","background-type":"","background-media":"","overlay-type":"","overlay-color":"","overlay-opacity":"","overlay-gradient":""},"mobile":{"background-color":"var(--ast-global-color-4)","background-image":"","background-repeat":"repeat","background-position":"center center","background-size":"auto","background-attachment":"scroll","background-type":"","background-media":"","overlay-type":"","overlay-color":"","overlay-opacity":"","overlay-gradient":""}}},"product_brand":[],"product_cat":[50,637,129],"product_tag":[137,21,33],"class_list":{"0":"post-6965","1":"product","2":"type-product","3":"status-publish","4":"has-post-thumbnail","6":"product_cat-abschirm-baldachine","7":"product_cat-abschirmbaldachine-doppelbett","8":"product_cat-abschirmbaldachine-standard","9":"product_tag-gesunder-schlaf","10":"product_tag-schutz-vor-5g","11":"product_tag-schutz-vor-elektrosmog","12":"product_shipping_class-sperrgut","13":"desktop-align-left","14":"tablet-align-left","15":"mobile-align-left","17":"first","18":"outofstock","19":"taxable","20":"shipping-taxable","21":"purchasable","22":"product-type-simple"},"yoast_head":"<!-- This site is optimized with the Yoast SEO plugin v27.3 - https:\/\/yoast.com\/product\/yoast-seo-wordpress\/ -->\n<title>Abschirm-Baldachin Niomi - Elektrosmog-Schutz Onlineshop<\/title>\n<meta name=\"description\" content=\"Abschirmbaldachin zum Schutz vor hochfrequenter elektromagnetischer Strahlung.\" \/>\n<meta name=\"robots\" content=\"index, follow, max-snippet:-1, max-image-preview:large, max-video-preview:-1\" \/>\n<link rel=\"canonical\" href=\"https:\/\/ecologa-europe.com\/shop\/produkt\/abschirm-baldachin-niomi\/\" \/>\n<meta property=\"og:locale\" content=\"de_DE\" \/>\n<meta property=\"og:type\" content=\"article\" \/>\n<meta property=\"og:title\" content=\"Abschirm-Baldachin Niomi - Elektrosmog-Schutz Onlineshop\" \/>\n<meta property=\"og:description\" content=\"Abschirmbaldachin zum Schutz vor hochfrequenter elektromagnetischer Strahlung.\" \/>\n<meta property=\"og:url\" content=\"https:\/\/ecologa-europe.com\/shop\/produkt\/abschirm-baldachin-niomi\/\" \/>\n<meta property=\"og:site_name\" content=\"Elektrosmog-Schutz Onlineshop\" \/>\n<meta property=\"article:publisher\" content=\"https:\/\/www.facebook.com\/Ecologa-Europe-GmbH-1604744566252298\/\" \/>\n<meta property=\"article:modified_time\" content=\"2026-01-31T05:55:03+00:00\" \/>\n<meta property=\"og:image\" content=\"https:\/\/ecologa-europe.com\/shop\/wp-content\/uploads\/2025\/04\/niomi_gesch_21psd.jpg\" \/>\n\t<meta property=\"og:image:width\" content=\"1772\" \/>\n\t<meta property=\"og:image:height\" content=\"1280\" \/>\n\t<meta property=\"og:image:type\" content=\"image\/jpeg\" \/>\n<meta name=\"twitter:card\" content=\"summary_large_image\" \/>\n<meta name=\"twitter:label1\" content=\"Gesch\u00e4tzte Lesezeit\" \/>\n\t<meta name=\"twitter:data1\" content=\"2\u00a0Minuten\" \/>\n<script type=\"application\/ld+json\" class=\"yoast-schema-graph\">{\"@context\":\"https:\\\/\\\/schema.org\",\"@graph\":[{\"@type\":\"WebPage\",\"@id\":\"https:\\\/\\\/ecologa-europe.com\\\/shop\\\/produkt\\\/abschirm-baldachin-niomi\\\/\",\"url\":\"https:\\\/\\\/ecologa-europe.com\\\/shop\\\/produkt\\\/abschirm-baldachin-niomi\\\/\",\"name\":\"Abschirm-Baldachin Niomi - Elektrosmog-Schutz Onlineshop\",\"isPartOf\":{\"@id\":\"https:\\\/\\\/ecologa-europe.com\\\/shop\\\/#website\"},\"primaryImageOfPage\":{\"@id\":\"https:\\\/\\\/ecologa-europe.com\\\/shop\\\/produkt\\\/abschirm-baldachin-niomi\\\/#primaryimage\"},\"image\":{\"@id\":\"https:\\\/\\\/ecologa-europe.com\\\/shop\\\/produkt\\\/abschirm-baldachin-niomi\\\/#primaryimage\"},\"thumbnailUrl\":\"https:\\\/\\\/ecologa-europe.com\\\/shop\\\/wp-content\\\/uploads\\\/2025\\\/04\\\/niomi_gesch_21psd.jpg\",\"datePublished\":\"2025-05-16T10:15:07+00:00\",\"dateModified\":\"2026-01-31T05:55:03+00:00\",\"description\":\"Abschirmbaldachin zum Schutz vor hochfrequenter elektromagnetischer Strahlung.\",\"breadcrumb\":{\"@id\":\"https:\\\/\\\/ecologa-europe.com\\\/shop\\\/produkt\\\/abschirm-baldachin-niomi\\\/#breadcrumb\"},\"inLanguage\":\"de\",\"potentialAction\":[{\"@type\":\"ReadAction\",\"target\":[\"https:\\\/\\\/ecologa-europe.com\\\/shop\\\/produkt\\\/abschirm-baldachin-niomi\\\/\"]}]},{\"@type\":\"ImageObject\",\"inLanguage\":\"de\",\"@id\":\"https:\\\/\\\/ecologa-europe.com\\\/shop\\\/produkt\\\/abschirm-baldachin-niomi\\\/#primaryimage\",\"url\":\"https:\\\/\\\/ecologa-europe.com\\\/shop\\\/wp-content\\\/uploads\\\/2025\\\/04\\\/niomi_gesch_21psd.jpg\",\"contentUrl\":\"https:\\\/\\\/ecologa-europe.com\\\/shop\\\/wp-content\\\/uploads\\\/2025\\\/04\\\/niomi_gesch_21psd.jpg\",\"width\":1772,\"height\":1280},{\"@type\":\"BreadcrumbList\",\"@id\":\"https:\\\/\\\/ecologa-europe.com\\\/shop\\\/produkt\\\/abschirm-baldachin-niomi\\\/#breadcrumb\",\"itemListElement\":[{\"@type\":\"ListItem\",\"position\":1,\"name\":\"Startseite\",\"item\":\"https:\\\/\\\/ecologa-europe.com\\\/shop\\\/\"},{\"@type\":\"ListItem\",\"position\":2,\"name\":\"Shop\",\"item\":\"https:\\\/\\\/ecologa-europe.com\\\/shop\\\/shop\\\/\"},{\"@type\":\"ListItem\",\"position\":3,\"name\":\"Abschirm-Baldachin Niomi\"}]},{\"@type\":\"WebSite\",\"@id\":\"https:\\\/\\\/ecologa-europe.com\\\/shop\\\/#website\",\"url\":\"https:\\\/\\\/ecologa-europe.com\\\/shop\\\/\",\"name\":\"Elektrosmog-Schutz Onlineshop\",\"description\":\"Ecologa Europe\",\"publisher\":{\"@id\":\"https:\\\/\\\/ecologa-europe.com\\\/shop\\\/#organization\"},\"potentialAction\":[{\"@type\":\"SearchAction\",\"target\":{\"@type\":\"EntryPoint\",\"urlTemplate\":\"https:\\\/\\\/ecologa-europe.com\\\/shop\\\/?s={search_term_string}\"},\"query-input\":{\"@type\":\"PropertyValueSpecification\",\"valueRequired\":true,\"valueName\":\"search_term_string\"}}],\"inLanguage\":\"de\"},{\"@type\":\"Organization\",\"@id\":\"https:\\\/\\\/ecologa-europe.com\\\/shop\\\/#organization\",\"name\":\"Elektrosmog-Schutz Onlineshop\",\"url\":\"https:\\\/\\\/ecologa-europe.com\\\/shop\\\/\",\"logo\":{\"@type\":\"ImageObject\",\"inLanguage\":\"de\",\"@id\":\"https:\\\/\\\/ecologa-europe.com\\\/shop\\\/#\\\/schema\\\/logo\\\/image\\\/\",\"url\":\"https:\\\/\\\/ecologa-europe.com\\\/shop\\\/wp-content\\\/uploads\\\/2025\\\/04\\\/vertical-navbar-logo.svg\",\"contentUrl\":\"https:\\\/\\\/ecologa-europe.com\\\/shop\\\/wp-content\\\/uploads\\\/2025\\\/04\\\/vertical-navbar-logo.svg\",\"width\":182,\"height\":70,\"caption\":\"Elektrosmog-Schutz Onlineshop\"},\"image\":{\"@id\":\"https:\\\/\\\/ecologa-europe.com\\\/shop\\\/#\\\/schema\\\/logo\\\/image\\\/\"},\"sameAs\":[\"https:\\\/\\\/www.facebook.com\\\/Ecologa-Europe-GmbH-1604744566252298\\\/\",\"https:\\\/\\\/www.instagram.com\\\/ecologaeurope\\\/\"]}]}<\/script>\n<!-- \/ Yoast SEO plugin. -->","yoast_head_json":{"title":"Abschirm-Baldachin Niomi - Elektrosmog-Schutz Onlineshop","description":"Abschirmbaldachin zum Schutz vor hochfrequenter elektromagnetischer Strahlung.","robots":{"index":"index","follow":"follow","max-snippet":"max-snippet:-1","max-image-preview":"max-image-preview:large","max-video-preview":"max-video-preview:-1"},"canonical":"https:\/\/ecologa-europe.com\/shop\/produkt\/abschirm-baldachin-niomi\/","og_locale":"de_DE","og_type":"article","og_title":"Abschirm-Baldachin Niomi - Elektrosmog-Schutz Onlineshop","og_description":"Abschirmbaldachin zum Schutz vor hochfrequenter elektromagnetischer Strahlung.","og_url":"https:\/\/ecologa-europe.com\/shop\/produkt\/abschirm-baldachin-niomi\/","og_site_name":"Elektrosmog-Schutz Onlineshop","article_publisher":"https:\/\/www.facebook.com\/Ecologa-Europe-GmbH-1604744566252298\/","article_modified_time":"2026-01-31T05:55:03+00:00","og_image":[{"width":1772,"height":1280,"url":"https:\/\/ecologa-europe.com\/shop\/wp-content\/uploads\/2025\/04\/niomi_gesch_21psd.jpg","type":"image\/jpeg"}],"twitter_card":"summary_large_image","twitter_misc":{"Gesch\u00e4tzte Lesezeit":"2\u00a0Minuten"},"schema":{"@context":"https:\/\/schema.org","@graph":[{"@type":"WebPage","@id":"https:\/\/ecologa-europe.com\/shop\/produkt\/abschirm-baldachin-niomi\/","url":"https:\/\/ecologa-europe.com\/shop\/produkt\/abschirm-baldachin-niomi\/","name":"Abschirm-Baldachin Niomi - Elektrosmog-Schutz Onlineshop","isPartOf":{"@id":"https:\/\/ecologa-europe.com\/shop\/#website"},"primaryImageOfPage":{"@id":"https:\/\/ecologa-europe.com\/shop\/produkt\/abschirm-baldachin-niomi\/#primaryimage"},"image":{"@id":"https:\/\/ecologa-europe.com\/shop\/produkt\/abschirm-baldachin-niomi\/#primaryimage"},"thumbnailUrl":"https:\/\/ecologa-europe.com\/shop\/wp-content\/uploads\/2025\/04\/niomi_gesch_21psd.jpg","datePublished":"2025-05-16T10:15:07+00:00","dateModified":"2026-01-31T05:55:03+00:00","description":"Abschirmbaldachin zum Schutz vor hochfrequenter elektromagnetischer Strahlung.","breadcrumb":{"@id":"https:\/\/ecologa-europe.com\/shop\/produkt\/abschirm-baldachin-niomi\/#breadcrumb"},"inLanguage":"de","potentialAction":[{"@type":"ReadAction","target":["https:\/\/ecologa-europe.com\/shop\/produkt\/abschirm-baldachin-niomi\/"]}]},{"@type":"ImageObject","inLanguage":"de","@id":"https:\/\/ecologa-europe.com\/shop\/produkt\/abschirm-baldachin-niomi\/#primaryimage","url":"https:\/\/ecologa-europe.com\/shop\/wp-content\/uploads\/2025\/04\/niomi_gesch_21psd.jpg","contentUrl":"https:\/\/ecologa-europe.com\/shop\/wp-content\/uploads\/2025\/04\/niomi_gesch_21psd.jpg","width":1772,"height":1280},{"@type":"BreadcrumbList","@id":"https:\/\/ecologa-europe.com\/shop\/produkt\/abschirm-baldachin-niomi\/#breadcrumb","itemListElement":[{"@type":"ListItem","position":1,"name":"Startseite","item":"https:\/\/ecologa-europe.com\/shop\/"},{"@type":"ListItem","position":2,"name":"Shop","item":"https:\/\/ecologa-europe.com\/shop\/shop\/"},{"@type":"ListItem","position":3,"name":"Abschirm-Baldachin Niomi"}]},{"@type":"WebSite","@id":"https:\/\/ecologa-europe.com\/shop\/#website","url":"https:\/\/ecologa-europe.com\/shop\/","name":"Elektrosmog-Schutz Onlineshop","description":"Ecologa Europe","publisher":{"@id":"https:\/\/ecologa-europe.com\/shop\/#organization"},"potentialAction":[{"@type":"SearchAction","target":{"@type":"EntryPoint","urlTemplate":"https:\/\/ecologa-europe.com\/shop\/?s={search_term_string}"},"query-input":{"@type":"PropertyValueSpecification","valueRequired":true,"valueName":"search_term_string"}}],"inLanguage":"de"},{"@type":"Organization","@id":"https:\/\/ecologa-europe.com\/shop\/#organization","name":"Elektrosmog-Schutz Onlineshop","url":"https:\/\/ecologa-europe.com\/shop\/","logo":{"@type":"ImageObject","inLanguage":"de","@id":"https:\/\/ecologa-europe.com\/shop\/#\/schema\/logo\/image\/","url":"https:\/\/ecologa-europe.com\/shop\/wp-content\/uploads\/2025\/04\/vertical-navbar-logo.svg","contentUrl":"https:\/\/ecologa-europe.com\/shop\/wp-content\/uploads\/2025\/04\/vertical-navbar-logo.svg","width":182,"height":70,"caption":"Elektrosmog-Schutz Onlineshop"},"image":{"@id":"https:\/\/ecologa-europe.com\/shop\/#\/schema\/logo\/image\/"},"sameAs":["https:\/\/www.facebook.com\/Ecologa-Europe-GmbH-1604744566252298\/","https:\/\/www.instagram.com\/ecologaeurope\/"]}]}},"_links":{"self":[{"href":"https:\/\/ecologa-europe.com\/shop\/wp-json\/wp\/v2\/product\/6965","targetHints":{"allow":["GET"]}}],"collection":[{"href":"https:\/\/ecologa-europe.com\/shop\/wp-json\/wp\/v2\/product"}],"about":[{"href":"https:\/\/ecologa-europe.com\/shop\/wp-json\/wp\/v2\/types\/product"}],"wp:featuredmedia":[{"embeddable":true,"href":"https:\/\/ecologa-europe.com\/shop\/wp-json\/wp\/v2\/media\/650"}],"wp:attachment":[{"href":"https:\/\/ecologa-europe.com\/shop\/wp-json\/wp\/v2\/media?parent=6965"}],"wp:term":[{"taxonomy":"product_brand","embeddable":true,"href":"https:\/\/ecologa-europe.com\/shop\/wp-json\/wp\/v2\/product_brand?post=6965"},{"taxonomy":"product_cat","embeddable":true,"href":"https:\/\/ecologa-europe.com\/shop\/wp-json\/wp\/v2\/product_cat?post=6965"},{"taxonomy":"product_tag","embeddable":true,"href":"https:\/\/ecologa-europe.com\/shop\/wp-json\/wp\/v2\/product_tag?post=6965"}],"curies":[{"name":"wp","href":"https:\/\/api.w.org\/{rel}","templated":true}]}}