{"id":6966,"date":"2025-05-16T10:15:07","date_gmt":"2025-05-16T10:15:07","guid":{"rendered":"https:\/\/639.pm-domains.de\/?post_type=product&#038;p=6966"},"modified":"2026-03-31T11:51:23","modified_gmt":"2026-03-31T11:51:23","slug":"abschirm-baldachin-essentiels-calm","status":"publish","type":"product","link":"https:\/\/ecologa-europe.com\/shop\/produkt\/abschirm-baldachin-essentiels-calm\/","title":{"rendered":"Abschirm-Baldachin Essentials &#8222;Calm&#8220;"},"content":{"rendered":"<h3 class=\"western\" align=\"left\"><strong>Ihr Baldachin gegen Elektrosmog f\u00fcr ein gesch\u00fctztes Doppelbett<\/strong><\/h3>\n<p>Ecologa Abschirmbaldachine werden aus unseren halbtransparenten Stoffen entworfen und gefertigt und bieten einen hohen Schutz vor hochfrequenten elektromagnetischen Strahlungen &#8211; bis zu 40 dB. Dadurch k\u00f6nnen sie eine Abschirmwirkung von bis zu 99,99 % erreichen.<\/p>\n<p>Der <strong>Essentials C<\/strong><strong><b>alm<\/b><\/strong> \u00a0ist ein hochwertiger Baldachin zur Abschirmung gegen Mobilfunk, WLAN und 5G-Strahlung. Entwickelt f\u00fcr elektrosensible und gesundheitsbewusste Menschen, schafft er einen gesch\u00fctzten Raum rund um Ihr Bett \u2013 f\u00fcr sp\u00fcrbar mehr Ruhe und Regeneration im Schlaf.<\/p>\n<p>Mit einer Schirmd\u00e4mpfung von bis zu <strong>40 dB (bis zu 99,99 % Abschirmwirkung)<\/strong> bietet dieser Baldachin einen wirksamen EMF-Schutz f\u00fcr Ihr Bett \u2013 ohne bauliche Ver\u00e4nderungen im Schlafzimmer.<\/p>\n<hr \/>\n<h4 class=\"western\">Warum ein Baldachin gegen Elektrosmog im Schlafzimmer?<\/h4>\n<p>Nachts regeneriert sich unser Organismus. Gerade in dieser sensiblen Phase kann eine Reduzierung hochfrequenter elektromagnetischer Felder sinnvoll sein. Der Essentials Classic wirkt wie eine textile Schutzh\u00fclle \u2013 vergleichbar mit einem ruhigen R\u00fcckzugsraum innerhalb Ihres Schlafzimmers.<\/p>\n<p>Durch die leitf\u00e4hige Gewebekonstruktion entsteht eine feldreduzierende Umgebung nach dem Prinzip eines Faradayschen K\u00e4figs. So kann die Belastung durch Mobilfunk und andere hochfrequente Quellen deutlich gesenkt werden.<\/p>\n<hr \/>\n<h4 class=\"western\">Hochwertige Abschirmstoffe mit bis zu 40 dB<\/h4>\n<p>Ecologa Abschirmbaldachine werden aus halbtransparenten Hightech-Geweben gefertigt. Die patentierten Fasern enthalten versilberte Kupferf\u00e4den in Kette und Schuss. Dadurch entsteht eine au\u00dfergew\u00f6hnlich hohe und richtungsunabh\u00e4ngige Schirmd\u00e4mpfung \u2013 selbst bei sehr luftiger Gewebestruktur.<\/p>\n<p><strong>Abschirmleistung:<\/strong><br \/>\nbis zu ~ 40 dB<br \/>\n(entspricht einer Reduktion von bis zu 99,99 %)<\/p>\n<p>Alle Stoffe sind nach <strong>OEKO-TEX\u00ae Standard 100<\/strong> zertifiziert und somit schadstoffgepr\u00fcft.<\/p>\n<hr \/>\n<h4 class=\"western\">Gro\u00dfz\u00fcgige Ma\u00dfe f\u00fcr Doppelbetten<\/h4>\n<p>Der Baldachin wurde speziell f\u00fcr komfortable Doppelbetten konzipiert:<\/p>\n<ul>\n<li style=\"list-style-type: none;\">\n<ul>\n<li>L\u00e4nge\/Breite: 2,10 m x 2,10 m (\u00b1 3 cm)<\/li>\n<li>H\u00f6he: 2,30 m (H\u00e4ngevorrichtung)<\/li>\n<li>H\u00f6he: 2,10 m (Standvorrichtung)<\/li>\n<\/ul>\n<\/li>\n<\/ul>\n<p>Mit seinen gro\u00dfz\u00fcgigen Abmessungen vermittelt Calm ein Gef\u00fchl von Weite und Geborgenheit zugleich. Er f\u00fcgt sich harmonisch in unterschiedliche Einrichtungsstile ein und wertet das Schlafzimmer optisch auf.<\/p>\n<hr \/>\n<h4 class=\"western\">Stoffaufbau &amp; Materialverst\u00e4ndnis<\/h4>\n<ul>\n<li style=\"list-style-type: none;\">\n<ul>\n<li style=\"list-style-type: none;\">\n<ul>\n<li class=\"western\"><strong>Transparenter Abschirm-Voile (wei\u00df oder ecru)<br \/>\n<\/strong>Polyester-Tr\u00e4gergewebe<br \/>\nca. <strong>10 % kupfermetallisiert<\/strong> (Hauptabschirmung)<br \/>\nca. <strong>2 % Silber<\/strong><\/li>\n<li>Leicht, luftig und lichtdurchl\u00e4ssig<\/li>\n<li>Besonders dezente Integration ins Raumkonzept<\/li>\n<\/ul>\n<\/li>\n<\/ul>\n<\/li>\n<\/ul>\n<hr \/>\n<h4 class=\"western\">Flexible Ausf\u00fchrung &amp; einfache Montage<\/h4>\n<p>Der Essentials Classic ist erh\u00e4ltlich:<\/p>\n<ul>\n<li style=\"list-style-type: none;\">\n<ul>\n<li style=\"list-style-type: none;\">\n<ul>\n<li>mit 2 oder 4 \u00d6ffnungen<\/li>\n<li>mit H\u00e4ngevorrichtung (Gewicht ca. 3 kg)<\/li>\n<li>mit Standvorrichtung (Gewicht ca. 7 kg)<\/li>\n<\/ul>\n<\/li>\n<\/ul>\n<\/li>\n<\/ul>\n<p>Die Montage ist unkompliziert und auch ohne handwerkliche Vorkenntnisse gut umsetzbar.<\/p>\n<hr \/>\n<h4 class=\"western\">Sicherheitshinweise f\u00fcr optimale Abschirmung<\/h4>\n<p>Bitte beachten Sie:<\/p>\n<ul>\n<li style=\"list-style-type: none;\">\n<ul>\n<li style=\"list-style-type: none;\">\n<ul>\n<li>Keine elektrischen Ger\u00e4te innerhalb des Baldachins betreiben \u2013 auch keine geschirmten.<\/li>\n<li>Ausreichenden Abstand zu Lampen, hei\u00dfen Leuchtmitteln und W\u00e4nden einhalten.<\/li>\n<li>Bei zus\u00e4tzlichem Bedarf empfehlen wir eine passende Baldachinunterlage zur Bodenabschirmung.<\/li>\n<li>Die Seitenteile sollten bei Verwendung einer Bodenmatte auf dieser aufliegen.<\/li>\n<\/ul>\n<\/li>\n<\/ul>\n<\/li>\n<\/ul>\n<p>Nicht geerdete Schirmtextilien schirmen auch niederfrequente elektrische Wechselfelder ab. Dabei entsteht eine Ladungsverteilung auf der Oberfl\u00e4che \u2013 vergleichbar mit einem Faradayschen K\u00e4fig.<\/p>\n<hr \/>\n<h4 class=\"western\">Pflegehinweise<\/h4>\n<ul>\n<li style=\"list-style-type: none;\">\n<ul>\n<li style=\"list-style-type: none;\">\n<ul>\n<li>Schonwaschgang (Fein- oder Wollprogramm) bei 30 \u00b0C<\/li>\n<li>Kein Bleichen<\/li>\n<li>Keine Waschmittel mit Bleichmittel<\/li>\n<li>Nicht im Trockner trocknen<\/li>\n<li>Keine chemische Reinigung<\/li>\n<\/ul>\n<\/li>\n<\/ul>\n<\/li>\n<\/ul>\n<p>Tipp: Verwenden Sie nur sehr wenig Waschmittel. In der Regel sind Schirmtextilien lediglich leicht staubig.<\/p>\n<hr \/>\n<h4 class=\"western\">Made in Germany \u2013 gefertigt im eigenen Haus<\/h4>\n<p>Jeder Ecologa Abschirmbaldachin wird in Deutschland im eigenen Haus gen\u00e4ht. So sichern wir Qualit\u00e4tskontrolle, sorgf\u00e4ltige Verarbeitung und langlebige Funktionalit\u00e4t.<\/p>\n<hr \/>\n<h4 class=\"western\">H\u00e4ufige Fragen (FAQ)<\/h4>\n<p><strong>1. F\u00fcr welche Bettgr\u00f6\u00dfe ist der Baldachin geeignet?<\/strong><br \/>\nDer Essentials Calm ist f\u00fcr Doppelbetten mit 2,10 x 2,10 m konzipiert und bietet durch seine gro\u00dfz\u00fcgigen Ma\u00dfe einen vollst\u00e4ndig umschlossenen Schlafbereich.<\/p>\n<p><strong>2. Ist eine zus\u00e4tzliche Bodenabschirmung notwendig?<\/strong><br \/>\nIn stark belasteten Umgebungen kann eine erg\u00e4nzende Bodenabschirmung sinnvoll seinvor allem, wenn Sie in einem Stockwerk wohnen und Strahlen von unterhalb des Schlafplatzes kommen<\/p>\n<p><strong>3. Muss der Baldachin geerdet werden?<\/strong><br \/>\nDer Baldachin kann hochfrequente elektromagnetische Felder auch ohne Erdung deutlich reduzieren. Ob eine zus\u00e4tzliche Erdung sinnvoll ist, h\u00e4ngt von der individuellen Wohnsituation ab.<\/p>\n<p><strong>4. Kann ich Lampen oder Steckdosen im Baldachin verwenden?<\/strong><br \/>\nNein. Elektrische Ger\u00e4te sollten nicht innerhalb des Baldachins betrieben werden, da dies die Schutzwirkung beeintr\u00e4chtigen kann.<\/p>\n<p><strong>5. Wie f\u00fchlt sich der Innenraum an?<\/strong><br \/>\nDurch die luftige Gewebestruktur entsteht ein gro\u00dfz\u00fcgiges Raumgef\u00fchl \u2013 kein geschlossenes, beengtes Empfinden.<\/p>\n<hr \/>\n\n<table id=\"tablepress-11\" class=\"tablepress tablepress-id-11\">\n<thead>\n<tr class=\"row-1\">\n\t<td class=\"column-1\"><\/td><th class=\"column-2\">Frequenz \/ Anwendung (MHz)<\/th><th class=\"column-3\">Dezibel (dB)<\/th><th class=\"column-4\">Prozent (%)<\/th>\n<\/tr>\n<\/thead>\n<tbody class=\"row-striping row-hover\">\n<tr class=\"row-2\">\n\t<td class=\"column-1\">Tetra 450<\/td><td class=\"column-2\">450MHz<\/td><td class=\"column-3\">30dB<\/td><td class=\"column-4\">99,9%<\/td>\n<\/tr>\n<tr class=\"row-3\">\n\t<td class=\"column-1\">LTE 800<\/td><td class=\"column-2\">800MHz<\/td><td class=\"column-3\">40dB<\/td><td class=\"column-4\">99,99%<\/td>\n<\/tr>\n<tr class=\"row-4\">\n\t<td class=\"column-1\">GSM 900<\/td><td class=\"column-2\">900MHz<\/td><td class=\"column-3\">40dB<\/td><td class=\"column-4\">99,99%<\/td>\n<\/tr>\n<tr class=\"row-5\">\n\t<td class=\"column-1\">GSM 1800<\/td><td class=\"column-2\">1800MHz<\/td><td class=\"column-3\">30dB<\/td><td class=\"column-4\">99,9%<\/td>\n<\/tr>\n<tr class=\"row-6\">\n\t<td class=\"column-1\">DECT 1800<\/td><td class=\"column-2\">1800MHz<\/td><td class=\"column-3\">30dB<\/td><td class=\"column-4\">99,9%<\/td>\n<\/tr>\n<tr class=\"row-7\">\n\t<td class=\"column-1\">UMTS 2000<\/td><td class=\"column-2\">2000MHz<\/td><td class=\"column-3\">30dB<\/td><td class=\"column-4\">99,9%<\/td>\n<\/tr>\n<tr class=\"row-8\">\n\t<td class=\"column-1\">WLAN 2400<\/td><td class=\"column-2\">2400MHz<\/td><td class=\"column-3\">20dB<\/td><td class=\"column-4\">99%<\/td>\n<\/tr>\n<tr class=\"row-9\">\n\t<td class=\"column-1\">LTE 2600<\/td><td class=\"column-2\">2600MHz<\/td><td class=\"column-3\">20dB<\/td><td class=\"column-4\">99%<\/td>\n<\/tr>\n<tr class=\"row-10\">\n\t<td class=\"column-1\">WLAN 5800<\/td><td class=\"column-2\">5800MHz<\/td><td class=\"column-3\">20dB<\/td><td class=\"column-4\">99%<\/td>\n<\/tr>\n<\/tbody>\n<\/table>\n<!-- #tablepress-11 from cache -->\n","protected":false},"excerpt":{"rendered":"<h4><strong>Der bew\u00e4hrte Baldachin gegen Elektrosmog f\u00fcr <\/strong><strong>ein gesch\u00fctztes\u00a0 <\/strong><strong>Doppelbetten<\/strong><\/h4>\n<p>&nbsp;<\/p>\n<p>Der Essentials Calm ist ein gro\u00dfz\u00fcgiger Baldachin gegen Elektrosmog mit bis zu 40 dB Abschirmleistung. Entwickelt f\u00fcr Doppelbetten, schafft er einen gesch\u00fctzten Schlafraum zur Reduzierung hochfrequenter Strahlung wie Mobilfunk und 5G. Luftig, hochwertig verarbeitet und in Deutschland gefertigt \u2013 ideal f\u00fcr gesundheitsbewusste Einsteiger in den EMF-Schutz.<\/p>\n<ul>\n<li>Sanfter Schutz vor Elektrosmog im Schlafbereich<\/li>\n<li>Schutz vor WLAN, Mobilfunk &amp; 5G<\/li>\n<li>Atmungsaktiv, luftig<\/li>\n<li>Licht- und luftdurchl\u00e4ssig<\/li>\n<li>F\u00fcr stilvolle Schlaf- und Wohnr\u00e4ume<\/li>\n<li>Ohne Erdung einsetzbar<\/li>\n<li><strong>OEKO-TEX\u00ae Standard 100<\/strong><\/li>\n<li>Made in Germany<\/li>\n<\/ul>\n","protected":false},"featured_media":653,"template":"","meta":{"inline_featured_image":false,"site-sidebar-layout":"default","site-content-layout":"","ast-site-content-layout":"default","site-content-style":"default","site-sidebar-style":"default","ast-global-header-display":"","ast-banner-title-visibility":"","ast-main-header-display":"","ast-hfb-above-header-display":"","ast-hfb-below-header-display":"","ast-hfb-mobile-header-display":"","site-post-title":"","ast-breadcrumbs-content":"","ast-featured-img":"","footer-sml-layout":"","ast-disable-related-posts":"","theme-transparent-header-meta":"default","adv-header-id-meta":"","stick-header-meta":"","header-above-stick-meta":"","header-main-stick-meta":"","header-below-stick-meta":"","astra-migrate-meta-layouts":"set","ast-page-background-enabled":"default","ast-page-background-meta":{"desktop":{"background-color":"var(--ast-global-color-5)","background-image":"","background-repeat":"repeat","background-position":"center center","background-size":"auto","background-attachment":"scroll","background-type":"","background-media":"","overlay-type":"","overlay-color":"","overlay-opacity":"","overlay-gradient":""},"tablet":{"background-color":"","background-image":"","background-repeat":"repeat","background-position":"center center","background-size":"auto","background-attachment":"scroll","background-type":"","background-media":"","overlay-type":"","overlay-color":"","overlay-opacity":"","overlay-gradient":""},"mobile":{"background-color":"","background-image":"","background-repeat":"repeat","background-position":"center center","background-size":"auto","background-attachment":"scroll","background-type":"","background-media":"","overlay-type":"","overlay-color":"","overlay-opacity":"","overlay-gradient":""}},"ast-content-background-meta":{"desktop":{"background-color":"var(--ast-global-color-4)","background-image":"","background-repeat":"repeat","background-position":"center center","background-size":"auto","background-attachment":"scroll","background-type":"","background-media":"","overlay-type":"","overlay-color":"","overlay-opacity":"","overlay-gradient":""},"tablet":{"background-color":"var(--ast-global-color-4)","background-image":"","background-repeat":"repeat","background-position":"center center","background-size":"auto","background-attachment":"scroll","background-type":"","background-media":"","overlay-type":"","overlay-color":"","overlay-opacity":"","overlay-gradient":""},"mobile":{"background-color":"var(--ast-global-color-4)","background-image":"","background-repeat":"repeat","background-position":"center center","background-size":"auto","background-attachment":"scroll","background-type":"","background-media":"","overlay-type":"","overlay-color":"","overlay-opacity":"","overlay-gradient":""}}},"product_brand":[],"product_cat":[50,637,129,827],"product_tag":[669,668,667,670,33],"class_list":{"0":"post-6966","1":"product","2":"type-product","3":"status-publish","4":"has-post-thumbnail","6":"product_cat-abschirm-baldachine","7":"product_cat-abschirmbaldachine-doppelbett","8":"product_cat-abschirmbaldachine-standard","9":"product_cat-essentials-reiner-schutz","10":"product_tag-abschirmungschlafzimmer","11":"product_tag-baldachin-5g-schutz","12":"product_tag-baldachin-elektrosmog","13":"product_tag-emf-schutz-bett","14":"product_tag-schutz-vor-elektrosmog","15":"product_shipping_class-sperrgut","16":"pa_farbe-ecru","17":"pa_farbe-hellgrau","18":"pa_farbe-weiss","19":"pa_lieferumfang-haengevorrichtung","20":"pa_lieferumfang-standvorrichtung","21":"desktop-align-left","22":"tablet-align-left","23":"mobile-align-left","25":"first","26":"instock","27":"taxable","28":"shipping-taxable","29":"purchasable","30":"product-type-variable"},"yoast_head":"<!-- This site is optimized with the Yoast SEO plugin v27.4 - https:\/\/yoast.com\/product\/yoast-seo-wordpress\/ -->\n<title>Abschirm-Baldachin Essentials &quot;Calm&quot; - Elektrosmog-Schutz Onlineshop<\/title>\n<meta name=\"description\" content=\"Hochwertiger Baldachin gegen Elektrosmog f\u00fcr Doppelbetten. Bis zu 40 dB Abschirmung gegen Mobilfunk &amp; 5G. OEKO-TEX zertifiziert, Made in Germany.\" \/>\n<meta name=\"robots\" content=\"index, follow, max-snippet:-1, max-image-preview:large, max-video-preview:-1\" \/>\n<link rel=\"canonical\" href=\"https:\/\/ecologa-europe.com\/shop\/produkt\/abschirm-baldachin-essentiels-calm\/\" \/>\n<meta property=\"og:locale\" content=\"de_DE\" \/>\n<meta property=\"og:type\" content=\"article\" \/>\n<meta property=\"og:title\" content=\"Abschirm-Baldachin Essentials &quot;Calm&quot; - Elektrosmog-Schutz Onlineshop\" \/>\n<meta property=\"og:description\" content=\"Hochwertiger Baldachin gegen Elektrosmog f\u00fcr Doppelbetten. Bis zu 40 dB Abschirmung gegen Mobilfunk &amp; 5G. OEKO-TEX zertifiziert, Made in Germany.\" \/>\n<meta property=\"og:url\" content=\"https:\/\/ecologa-europe.com\/shop\/produkt\/abschirm-baldachin-essentiels-calm\/\" \/>\n<meta property=\"og:site_name\" content=\"Elektrosmog-Schutz Onlineshop\" \/>\n<meta property=\"article:publisher\" content=\"https:\/\/www.facebook.com\/Ecologa-Europe-GmbH-1604744566252298\/\" \/>\n<meta property=\"article:modified_time\" content=\"2026-03-31T11:51:23+00:00\" \/>\n<meta property=\"og:image\" content=\"https:\/\/ecologa-europe.com\/shop\/wp-content\/uploads\/2025\/04\/norien_voile_front.jpg\" \/>\n\t<meta property=\"og:image:width\" content=\"1772\" \/>\n\t<meta property=\"og:image:height\" content=\"1280\" \/>\n\t<meta property=\"og:image:type\" content=\"image\/jpeg\" \/>\n<meta name=\"twitter:card\" content=\"summary_large_image\" \/>\n<meta name=\"twitter:label1\" content=\"Gesch\u00e4tzte Lesezeit\" \/>\n\t<meta name=\"twitter:data1\" content=\"4\u00a0Minuten\" \/>\n<script type=\"application\/ld+json\" class=\"yoast-schema-graph\">{\"@context\":\"https:\\\/\\\/schema.org\",\"@graph\":[{\"@type\":\"WebPage\",\"@id\":\"https:\\\/\\\/ecologa-europe.com\\\/shop\\\/produkt\\\/abschirm-baldachin-essentiels-calm\\\/\",\"url\":\"https:\\\/\\\/ecologa-europe.com\\\/shop\\\/produkt\\\/abschirm-baldachin-essentiels-calm\\\/\",\"name\":\"Abschirm-Baldachin Essentials \\\"Calm\\\" - Elektrosmog-Schutz Onlineshop\",\"isPartOf\":{\"@id\":\"https:\\\/\\\/ecologa-europe.com\\\/shop\\\/#website\"},\"primaryImageOfPage\":{\"@id\":\"https:\\\/\\\/ecologa-europe.com\\\/shop\\\/produkt\\\/abschirm-baldachin-essentiels-calm\\\/#primaryimage\"},\"image\":{\"@id\":\"https:\\\/\\\/ecologa-europe.com\\\/shop\\\/produkt\\\/abschirm-baldachin-essentiels-calm\\\/#primaryimage\"},\"thumbnailUrl\":\"https:\\\/\\\/ecologa-europe.com\\\/shop\\\/wp-content\\\/uploads\\\/2025\\\/04\\\/norien_voile_front.jpg\",\"datePublished\":\"2025-05-16T10:15:07+00:00\",\"dateModified\":\"2026-03-31T11:51:23+00:00\",\"description\":\"Hochwertiger Baldachin gegen Elektrosmog f\u00fcr Doppelbetten. Bis zu 40 dB Abschirmung gegen Mobilfunk & 5G. OEKO-TEX zertifiziert, Made in Germany.\",\"breadcrumb\":{\"@id\":\"https:\\\/\\\/ecologa-europe.com\\\/shop\\\/produkt\\\/abschirm-baldachin-essentiels-calm\\\/#breadcrumb\"},\"inLanguage\":\"de\",\"potentialAction\":[{\"@type\":\"ReadAction\",\"target\":[\"https:\\\/\\\/ecologa-europe.com\\\/shop\\\/produkt\\\/abschirm-baldachin-essentiels-calm\\\/\"]}]},{\"@type\":\"ImageObject\",\"inLanguage\":\"de\",\"@id\":\"https:\\\/\\\/ecologa-europe.com\\\/shop\\\/produkt\\\/abschirm-baldachin-essentiels-calm\\\/#primaryimage\",\"url\":\"https:\\\/\\\/ecologa-europe.com\\\/shop\\\/wp-content\\\/uploads\\\/2025\\\/04\\\/norien_voile_front.jpg\",\"contentUrl\":\"https:\\\/\\\/ecologa-europe.com\\\/shop\\\/wp-content\\\/uploads\\\/2025\\\/04\\\/norien_voile_front.jpg\",\"width\":1772,\"height\":1280},{\"@type\":\"BreadcrumbList\",\"@id\":\"https:\\\/\\\/ecologa-europe.com\\\/shop\\\/produkt\\\/abschirm-baldachin-essentiels-calm\\\/#breadcrumb\",\"itemListElement\":[{\"@type\":\"ListItem\",\"position\":1,\"name\":\"Startseite\",\"item\":\"https:\\\/\\\/ecologa-europe.com\\\/shop\\\/\"},{\"@type\":\"ListItem\",\"position\":2,\"name\":\"Shop\",\"item\":\"https:\\\/\\\/ecologa-europe.com\\\/shop\\\/shop\\\/\"},{\"@type\":\"ListItem\",\"position\":3,\"name\":\"Abschirm-Baldachin Essentials &#8222;Calm&#8220;\"}]},{\"@type\":\"WebSite\",\"@id\":\"https:\\\/\\\/ecologa-europe.com\\\/shop\\\/#website\",\"url\":\"https:\\\/\\\/ecologa-europe.com\\\/shop\\\/\",\"name\":\"Elektrosmog-Schutz Onlineshop\",\"description\":\"Ecologa Europe\",\"publisher\":{\"@id\":\"https:\\\/\\\/ecologa-europe.com\\\/shop\\\/#organization\"},\"potentialAction\":[{\"@type\":\"SearchAction\",\"target\":{\"@type\":\"EntryPoint\",\"urlTemplate\":\"https:\\\/\\\/ecologa-europe.com\\\/shop\\\/?s={search_term_string}\"},\"query-input\":{\"@type\":\"PropertyValueSpecification\",\"valueRequired\":true,\"valueName\":\"search_term_string\"}}],\"inLanguage\":\"de\"},{\"@type\":\"Organization\",\"@id\":\"https:\\\/\\\/ecologa-europe.com\\\/shop\\\/#organization\",\"name\":\"Elektrosmog-Schutz Onlineshop\",\"url\":\"https:\\\/\\\/ecologa-europe.com\\\/shop\\\/\",\"logo\":{\"@type\":\"ImageObject\",\"inLanguage\":\"de\",\"@id\":\"https:\\\/\\\/ecologa-europe.com\\\/shop\\\/#\\\/schema\\\/logo\\\/image\\\/\",\"url\":\"https:\\\/\\\/ecologa-europe.com\\\/shop\\\/wp-content\\\/uploads\\\/2025\\\/04\\\/vertical-navbar-logo.svg\",\"contentUrl\":\"https:\\\/\\\/ecologa-europe.com\\\/shop\\\/wp-content\\\/uploads\\\/2025\\\/04\\\/vertical-navbar-logo.svg\",\"width\":182,\"height\":70,\"caption\":\"Elektrosmog-Schutz Onlineshop\"},\"image\":{\"@id\":\"https:\\\/\\\/ecologa-europe.com\\\/shop\\\/#\\\/schema\\\/logo\\\/image\\\/\"},\"sameAs\":[\"https:\\\/\\\/www.facebook.com\\\/Ecologa-Europe-GmbH-1604744566252298\\\/\",\"https:\\\/\\\/www.instagram.com\\\/ecologaeurope\\\/\"]}]}<\/script>\n<!-- \/ Yoast SEO plugin. -->","yoast_head_json":{"title":"Abschirm-Baldachin Essentials \"Calm\" - Elektrosmog-Schutz Onlineshop","description":"Hochwertiger Baldachin gegen Elektrosmog f\u00fcr Doppelbetten. Bis zu 40 dB Abschirmung gegen Mobilfunk & 5G. OEKO-TEX zertifiziert, Made in Germany.","robots":{"index":"index","follow":"follow","max-snippet":"max-snippet:-1","max-image-preview":"max-image-preview:large","max-video-preview":"max-video-preview:-1"},"canonical":"https:\/\/ecologa-europe.com\/shop\/produkt\/abschirm-baldachin-essentiels-calm\/","og_locale":"de_DE","og_type":"article","og_title":"Abschirm-Baldachin Essentials \"Calm\" - Elektrosmog-Schutz Onlineshop","og_description":"Hochwertiger Baldachin gegen Elektrosmog f\u00fcr Doppelbetten. Bis zu 40 dB Abschirmung gegen Mobilfunk & 5G. OEKO-TEX zertifiziert, Made in Germany.","og_url":"https:\/\/ecologa-europe.com\/shop\/produkt\/abschirm-baldachin-essentiels-calm\/","og_site_name":"Elektrosmog-Schutz Onlineshop","article_publisher":"https:\/\/www.facebook.com\/Ecologa-Europe-GmbH-1604744566252298\/","article_modified_time":"2026-03-31T11:51:23+00:00","og_image":[{"width":1772,"height":1280,"url":"https:\/\/ecologa-europe.com\/shop\/wp-content\/uploads\/2025\/04\/norien_voile_front.jpg","type":"image\/jpeg"}],"twitter_card":"summary_large_image","twitter_misc":{"Gesch\u00e4tzte Lesezeit":"4\u00a0Minuten"},"schema":{"@context":"https:\/\/schema.org","@graph":[{"@type":"WebPage","@id":"https:\/\/ecologa-europe.com\/shop\/produkt\/abschirm-baldachin-essentiels-calm\/","url":"https:\/\/ecologa-europe.com\/shop\/produkt\/abschirm-baldachin-essentiels-calm\/","name":"Abschirm-Baldachin Essentials \"Calm\" - Elektrosmog-Schutz Onlineshop","isPartOf":{"@id":"https:\/\/ecologa-europe.com\/shop\/#website"},"primaryImageOfPage":{"@id":"https:\/\/ecologa-europe.com\/shop\/produkt\/abschirm-baldachin-essentiels-calm\/#primaryimage"},"image":{"@id":"https:\/\/ecologa-europe.com\/shop\/produkt\/abschirm-baldachin-essentiels-calm\/#primaryimage"},"thumbnailUrl":"https:\/\/ecologa-europe.com\/shop\/wp-content\/uploads\/2025\/04\/norien_voile_front.jpg","datePublished":"2025-05-16T10:15:07+00:00","dateModified":"2026-03-31T11:51:23+00:00","description":"Hochwertiger Baldachin gegen Elektrosmog f\u00fcr Doppelbetten. Bis zu 40 dB Abschirmung gegen Mobilfunk & 5G. OEKO-TEX zertifiziert, Made in Germany.","breadcrumb":{"@id":"https:\/\/ecologa-europe.com\/shop\/produkt\/abschirm-baldachin-essentiels-calm\/#breadcrumb"},"inLanguage":"de","potentialAction":[{"@type":"ReadAction","target":["https:\/\/ecologa-europe.com\/shop\/produkt\/abschirm-baldachin-essentiels-calm\/"]}]},{"@type":"ImageObject","inLanguage":"de","@id":"https:\/\/ecologa-europe.com\/shop\/produkt\/abschirm-baldachin-essentiels-calm\/#primaryimage","url":"https:\/\/ecologa-europe.com\/shop\/wp-content\/uploads\/2025\/04\/norien_voile_front.jpg","contentUrl":"https:\/\/ecologa-europe.com\/shop\/wp-content\/uploads\/2025\/04\/norien_voile_front.jpg","width":1772,"height":1280},{"@type":"BreadcrumbList","@id":"https:\/\/ecologa-europe.com\/shop\/produkt\/abschirm-baldachin-essentiels-calm\/#breadcrumb","itemListElement":[{"@type":"ListItem","position":1,"name":"Startseite","item":"https:\/\/ecologa-europe.com\/shop\/"},{"@type":"ListItem","position":2,"name":"Shop","item":"https:\/\/ecologa-europe.com\/shop\/shop\/"},{"@type":"ListItem","position":3,"name":"Abschirm-Baldachin Essentials &#8222;Calm&#8220;"}]},{"@type":"WebSite","@id":"https:\/\/ecologa-europe.com\/shop\/#website","url":"https:\/\/ecologa-europe.com\/shop\/","name":"Elektrosmog-Schutz Onlineshop","description":"Ecologa Europe","publisher":{"@id":"https:\/\/ecologa-europe.com\/shop\/#organization"},"potentialAction":[{"@type":"SearchAction","target":{"@type":"EntryPoint","urlTemplate":"https:\/\/ecologa-europe.com\/shop\/?s={search_term_string}"},"query-input":{"@type":"PropertyValueSpecification","valueRequired":true,"valueName":"search_term_string"}}],"inLanguage":"de"},{"@type":"Organization","@id":"https:\/\/ecologa-europe.com\/shop\/#organization","name":"Elektrosmog-Schutz Onlineshop","url":"https:\/\/ecologa-europe.com\/shop\/","logo":{"@type":"ImageObject","inLanguage":"de","@id":"https:\/\/ecologa-europe.com\/shop\/#\/schema\/logo\/image\/","url":"https:\/\/ecologa-europe.com\/shop\/wp-content\/uploads\/2025\/04\/vertical-navbar-logo.svg","contentUrl":"https:\/\/ecologa-europe.com\/shop\/wp-content\/uploads\/2025\/04\/vertical-navbar-logo.svg","width":182,"height":70,"caption":"Elektrosmog-Schutz Onlineshop"},"image":{"@id":"https:\/\/ecologa-europe.com\/shop\/#\/schema\/logo\/image\/"},"sameAs":["https:\/\/www.facebook.com\/Ecologa-Europe-GmbH-1604744566252298\/","https:\/\/www.instagram.com\/ecologaeurope\/"]}]}},"_links":{"self":[{"href":"https:\/\/ecologa-europe.com\/shop\/wp-json\/wp\/v2\/product\/6966","targetHints":{"allow":["GET"]}}],"collection":[{"href":"https:\/\/ecologa-europe.com\/shop\/wp-json\/wp\/v2\/product"}],"about":[{"href":"https:\/\/ecologa-europe.com\/shop\/wp-json\/wp\/v2\/types\/product"}],"wp:featuredmedia":[{"embeddable":true,"href":"https:\/\/ecologa-europe.com\/shop\/wp-json\/wp\/v2\/media\/653"}],"wp:attachment":[{"href":"https:\/\/ecologa-europe.com\/shop\/wp-json\/wp\/v2\/media?parent=6966"}],"wp:term":[{"taxonomy":"product_brand","embeddable":true,"href":"https:\/\/ecologa-europe.com\/shop\/wp-json\/wp\/v2\/product_brand?post=6966"},{"taxonomy":"product_cat","embeddable":true,"href":"https:\/\/ecologa-europe.com\/shop\/wp-json\/wp\/v2\/product_cat?post=6966"},{"taxonomy":"product_tag","embeddable":true,"href":"https:\/\/ecologa-europe.com\/shop\/wp-json\/wp\/v2\/product_tag?post=6966"}],"curies":[{"name":"wp","href":"https:\/\/api.w.org\/{rel}","templated":true}]}}