{"id":6979,"date":"2025-05-16T10:15:32","date_gmt":"2025-05-16T10:15:32","guid":{"rendered":"https:\/\/639.pm-domains.de\/?post_type=product&#038;p=6979"},"modified":"2026-02-23T10:09:15","modified_gmt":"2026-02-23T10:09:15","slug":"abschirm-reisebaldachin-virith","status":"publish","type":"product","link":"https:\/\/ecologa-europe.com\/shop\/produkt\/abschirm-reisebaldachin-virith\/","title":{"rendered":"Abschirm-Reisebaldachin Virith"},"content":{"rendered":"<p>Unsere Baldachine zur Abschirmung gegen Mobilfunk und 5G.<\/p>\n<p>Ecologa Abschirmbaldachine werden in unserem Haus gen\u00e4ht. Die abschirmenden Stoffe werden aus patentierten Hightech-Fasern hergestellt. Sie sind nach OEKO-TEX Standard 100 zertifiziert.<\/p>\n<p>Ein Reisebaldachin, der sich an alle Bettgr\u00f6\u00dfen von 0.90 bis 2 m Breite anpasst. Die Tragestruktur ist extrem leicht. Das Modell l\u00e4sst sich sehr einfach und schnell auf- und auch wieder abbauen und ist daher ein idealer Reisepartner. Virith ist \u00e4u\u00dferst luft- und lichtdurchl\u00e4ssig und sorgt somit f\u00fcr ein angenehm wohliges und gleichzeitig gesch\u00fctztes Schlaferlebnis.<\/p>\n<p>Er wird aus einer silberfarbenen, metallisierten Polyamidtextur hergestellt, die eine sehr hohe Abschirmungseigenschaft besitzt. Das Gewirke wird aus einem feinen, monofilen Polymergarn hergestellt, das elektrisch und thermisch leitf\u00e4hig ist.<br \/>\nDurch die gleichm\u00e4\u00dfige Metallisierung \u00e4ndert sich die Abschirmeigenschaft nicht.<br \/>\nMit einem Silbergehalt von 10 % eignet sich das Gestrick au\u00dferdem besonders gut f\u00fcr antimikrobielle Anwendungen. Silber ist ein biozider Wirkstoff gem\u00e4\u00df \u00a767 der europ\u00e4ischen Biozidverordnung.<\/p>\n<p>Bei entsprechender Erdung kann es auch vor niederfrequenten elektrischen Feldern sch\u00fctzen.<\/p>\n<p>Der Abschirmbaldachin sollte zur Schirmung niederfrequenter elektrischer Wechselfelder mit in den Potentialausgleich eingebunden werden. Die hierzu verwendbaren Erdungssets ESB finden Sie als Zubeh\u00f6r.<\/p>\n<p>Abschirmf\u00e4higkeit (0,2\u20132 GHz) Durchsschnitt &lt; 45 dB from 0.2 GHz \u2013 2 GHz<br \/>\nAbschirmf\u00e4higkeit (2\u20135 GHz) Durchschnitt &lt; 40 dB from 2 GHz \u2013 5 GHz<br \/>\nAbschirmf\u00e4higkeit (5\u201314 GHz) Durchschnitt &lt; 36 dB from 5 GHz \u2013 14 GHz<\/p>\n\n<table id=\"tablepress-10\" class=\"tablepress tablepress-id-10\">\n<thead>\n<tr class=\"row-1\">\n\t<td class=\"column-1\"><\/td><th class=\"column-2\">Frequenz \/ Anwendung (MHz)<\/th><th class=\"column-3\">Dezibel (dB)<\/th><th class=\"column-4\">Prozent (%)<\/th>\n<\/tr>\n<\/thead>\n<tbody class=\"row-striping row-hover\">\n<tr class=\"row-2\">\n\t<td class=\"column-1\">Tetra 450<\/td><td class=\"column-2\">450MHz<\/td><td class=\"column-3\">45dB<\/td><td class=\"column-4\">99,99%<\/td>\n<\/tr>\n<tr class=\"row-3\">\n\t<td class=\"column-1\">LTE 800<\/td><td class=\"column-2\">800MHz<\/td><td class=\"column-3\">45dB<\/td><td class=\"column-4\">99,99%<\/td>\n<\/tr>\n<tr class=\"row-4\">\n\t<td class=\"column-1\">GSM 900<\/td><td class=\"column-2\">900MHz<\/td><td class=\"column-3\">45dB<\/td><td class=\"column-4\">99,99%<\/td>\n<\/tr>\n<tr class=\"row-5\">\n\t<td class=\"column-1\">GSM 1800<\/td><td class=\"column-2\">1800MHz<\/td><td class=\"column-3\">45dB<\/td><td class=\"column-4\">99,99%<\/td>\n<\/tr>\n<tr class=\"row-6\">\n\t<td class=\"column-1\">DECT 1800<\/td><td class=\"column-2\">1800MHz<\/td><td class=\"column-3\">45dB<\/td><td class=\"column-4\">99,99%<\/td>\n<\/tr>\n<tr class=\"row-7\">\n\t<td class=\"column-1\">UMTS 2000<\/td><td class=\"column-2\">2000MHz<\/td><td class=\"column-3\">45dB<\/td><td class=\"column-4\">99,99%<\/td>\n<\/tr>\n<tr class=\"row-8\">\n\t<td class=\"column-1\">WLAN 2400<\/td><td class=\"column-2\">2400MHz<\/td><td class=\"column-3\">40dB<\/td><td class=\"column-4\">99,99%<\/td>\n<\/tr>\n<tr class=\"row-9\">\n\t<td class=\"column-1\">LTE 2600<\/td><td class=\"column-2\">2600MHz<\/td><td class=\"column-3\">40dB<\/td><td class=\"column-4\">99,99%<\/td>\n<\/tr>\n<tr class=\"row-10\">\n\t<td class=\"column-1\">WLAN 5800<\/td><td class=\"column-2\">5800MHz<\/td><td class=\"column-3\">40dB<\/td><td class=\"column-4\">99,99%<\/td>\n<\/tr>\n<\/tbody>\n<\/table>\n<!-- #tablepress-10 from cache -->\n<p>WICHTIG: Versilberte Produkte haben die Eigenschaft, sich durch Anlaufen farblich zu ver\u00e4ndern. Dies hat in der Regel keinen Einfluss auf die Schirmd\u00e4mpfung des Materials.<\/p>\n<p>Dieser Stoff sollte nicht im Freien verwendet werden.<\/p>\n<p>Achtung:<br \/>\nBetreiben Sie keine elektrischen Ger\u00e4te im Baldachin, auch keine geschirmten! Dies f\u00fchrt zu einer Feldverschleppung ins Innere des Baldachins, wodurch die Schirmung elektrischer Wechselfelder nicht mehr gegeben ist.<\/p>\n<p>Beachten Sie bitte die notwendigen Abst\u00e4nde von Lampen, hei\u00dfen Leuchtmitteln und W\u00e4nden (Abrieb) zum Gewebe.<\/p>\n<p>Sollte eine zus\u00e4tzliche Bodenabschirmung erforderlich sein, empfehlen wir Ihnen unsere Baldachinunterlage.<\/p>\n<p>Falls Sie eine Baldachinunterlage verwenden, so achten Sie bitte au\u00dferdem darauf, dass die Seitenteile des Baldachins auf der Bodenmatte aufliegen. Die Baldachinunterlage kann mit einer d\u00fcnnen Auslegware gesch\u00fctzt werden.<br \/>\nDie Baldachinfl\u00e4che ist hierbei immer kleiner als die Fl\u00e4che der Baldachinunterlage.<\/p>\n<p>Baldachine aus Schirmtextilien, die nicht in den Potentialausgleich einbezogen und damit nicht geerdet werden k\u00f6nnen, schirmen auch niederfrequente elektrische<br \/>\nWechselfelder ab. Hierbei kommt es zu einer Ladungsverteilung durch die Felder auf der Baldachinoberfl\u00e4che (\u00e4. Faradayscher K\u00e4fig).<\/p>\n<p>In Deutschland hergestellt<\/p>\n<p>Beschreibung:<br \/>\nMaterial: 100 % Polyamid \/ Nylon 6.6<br \/>\nOEKO-Tex\u00ae zertifiziert<br \/>\nMetallisierung: Feinsilber, Ag<br \/>\nMaschenweite: 0,5 mm x 0,5 mm<br \/>\nFarbe: altsilber<br \/>\nGewicht: 1,15\u00a0 kg<br \/>\nSchirmd\u00e4mpfung max.: ~ 45 dB (&gt; 99,99 %)<br \/>\nErdungsset nicht enthalten<\/p>\n<p>Pflegehinweise:<br \/>\nBesonders schonendes Waschen (Fein- oder Wollwaschgang bei 30\u00b0C)<br \/>\nBleichen nicht erlaubt<br \/>\nKeine Waschmittel mit Bleichmittel, nicht im Trockner trocknen<br \/>\nKeine Chemische Reinigung<\/p>\n<p>Verwenden Sie immer so wenig Waschmittel als m\u00f6glich. In der Regel sind Schirmtextilien nur leicht staubig.<\/p>\n","protected":false},"excerpt":{"rendered":"<p>Unsere Baldachine zur Abschirmung gegen Mobilfunk und 5G.<\/p>\n<p>Ecologa Abschirmbaldachine werden in unserem Haus gen\u00e4ht. Die abschirmenden Stoffe werden aus patentierten Hightech-Fasern hergestellt. Sie sind <strong>nach OEKO-TEX Standard 100 zertifiziert.<\/strong><\/p>\n<p>Ein Reisebaldachin, der sich an alle Bettgr\u00f6\u00dfen von 0.90 bis 2 m Breite anpasst. Die Tragestruktur ist extrem leicht. Das Modell l\u00e4sst sich sehr einfach und schnell auf- und auch wieder abbauen und ist daher ein idealer Reisepartner. Virith ist \u00e4u\u00dferst luft- und lichtdurchl\u00e4ssig und sorgt somit f\u00fcr ein angenehm wohliges und gleichzeitig gesch\u00fctztes Schlaferlebnis.<\/p>\n<p>Bei entsprechender Erdung kann es auch vor niederfrequenten elektrischen Feldern sch\u00fctzen.<\/p>\n<p><strong>In Deutschland hergestellt<\/strong><\/p>\n<p>Beschreibung:<\/p>\n<p>Material: 100 % Polyamid \/ Nylon 6.6<br \/>\nOEKO-Tex\u00ae zertifiziert<br \/>\nMetallisierung: Feinsilber, Ag<br \/>\nMaschenweite: 0,5 mm x 0,5 mm<br \/>\nFarbe: altsilber<br \/>\nGewicht: 1,15\u00a0 kg<br \/>\nSchirmd\u00e4mpfung max.: ~ 45 dB (&gt; 99,99 %)<\/p>\n","protected":false},"featured_media":655,"template":"","meta":{"inline_featured_image":false,"site-sidebar-layout":"default","site-content-layout":"","ast-site-content-layout":"default","site-content-style":"default","site-sidebar-style":"default","ast-global-header-display":"","ast-banner-title-visibility":"","ast-main-header-display":"","ast-hfb-above-header-display":"","ast-hfb-below-header-display":"","ast-hfb-mobile-header-display":"","site-post-title":"","ast-breadcrumbs-content":"","ast-featured-img":"","footer-sml-layout":"","ast-disable-related-posts":"","theme-transparent-header-meta":"default","adv-header-id-meta":"","stick-header-meta":"","header-above-stick-meta":"","header-main-stick-meta":"","header-below-stick-meta":"","astra-migrate-meta-layouts":"set","ast-page-background-enabled":"default","ast-page-background-meta":{"desktop":{"background-color":"var(--ast-global-color-5)","background-image":"","background-repeat":"repeat","background-position":"center center","background-size":"auto","background-attachment":"scroll","background-type":"","background-media":"","overlay-type":"","overlay-color":"","overlay-opacity":"","overlay-gradient":""},"tablet":{"background-color":"","background-image":"","background-repeat":"repeat","background-position":"center center","background-size":"auto","background-attachment":"scroll","background-type":"","background-media":"","overlay-type":"","overlay-color":"","overlay-opacity":"","overlay-gradient":""},"mobile":{"background-color":"","background-image":"","background-repeat":"repeat","background-position":"center center","background-size":"auto","background-attachment":"scroll","background-type":"","background-media":"","overlay-type":"","overlay-color":"","overlay-opacity":"","overlay-gradient":""}},"ast-content-background-meta":{"desktop":{"background-color":"var(--ast-global-color-4)","background-image":"","background-repeat":"repeat","background-position":"center center","background-size":"auto","background-attachment":"scroll","background-type":"","background-media":"","overlay-type":"","overlay-color":"","overlay-opacity":"","overlay-gradient":""},"tablet":{"background-color":"var(--ast-global-color-4)","background-image":"","background-repeat":"repeat","background-position":"center center","background-size":"auto","background-attachment":"scroll","background-type":"","background-media":"","overlay-type":"","overlay-color":"","overlay-opacity":"","overlay-gradient":""},"mobile":{"background-color":"var(--ast-global-color-4)","background-image":"","background-repeat":"repeat","background-position":"center center","background-size":"auto","background-attachment":"scroll","background-type":"","background-media":"","overlay-type":"","overlay-color":"","overlay-opacity":"","overlay-gradient":""}}},"product_brand":[],"product_cat":[50,637,636,129],"product_tag":[137,21,33],"class_list":{"0":"post-6979","1":"product","2":"type-product","3":"status-publish","4":"has-post-thumbnail","6":"product_cat-abschirm-baldachine","7":"product_cat-abschirmbaldachine-doppelbett","8":"product_cat-abschirmbaldachine-einzelbett","9":"product_cat-abschirmbaldachine-standard","10":"product_tag-gesunder-schlaf","11":"product_tag-schutz-vor-5g","12":"product_tag-schutz-vor-elektrosmog","13":"product_shipping_class-standardversand","14":"desktop-align-left","15":"tablet-align-left","16":"mobile-align-left","18":"first","19":"instock","20":"taxable","21":"shipping-taxable","22":"purchasable","23":"product-type-simple"},"yoast_head":"<!-- This site is optimized with the Yoast SEO plugin v27.3 - https:\/\/yoast.com\/product\/yoast-seo-wordpress\/ -->\n<title>Abschirm-Reisebaldachin Virith - Elektrosmog-Schutz Onlineshop<\/title>\n<meta name=\"description\" content=\"Ein Abschirm-Reisebaldachin, der sich an alle Bettgr\u00f6\u00dfen von 0.90 bis 2 m Breite anpasst, zum Schutz vor hochfrequenter elektromagnetischer Strahlung\" \/>\n<meta name=\"robots\" content=\"index, follow, max-snippet:-1, max-image-preview:large, max-video-preview:-1\" \/>\n<link rel=\"canonical\" href=\"https:\/\/ecologa-europe.com\/shop\/produkt\/abschirm-reisebaldachin-virith\/\" \/>\n<meta property=\"og:locale\" content=\"de_DE\" \/>\n<meta property=\"og:type\" content=\"article\" \/>\n<meta property=\"og:title\" content=\"Abschirm-Reisebaldachin Virith - Elektrosmog-Schutz Onlineshop\" \/>\n<meta property=\"og:description\" content=\"Ein Abschirm-Reisebaldachin, der sich an alle Bettgr\u00f6\u00dfen von 0.90 bis 2 m Breite anpasst, zum Schutz vor hochfrequenter elektromagnetischer Strahlung\" \/>\n<meta property=\"og:url\" content=\"https:\/\/ecologa-europe.com\/shop\/produkt\/abschirm-reisebaldachin-virith\/\" \/>\n<meta property=\"og:site_name\" content=\"Elektrosmog-Schutz Onlineshop\" \/>\n<meta property=\"article:publisher\" content=\"https:\/\/www.facebook.com\/Ecologa-Europe-GmbH-1604744566252298\/\" \/>\n<meta property=\"article:modified_time\" content=\"2026-02-23T10:09:15+00:00\" \/>\n<meta property=\"og:image\" content=\"https:\/\/ecologa-europe.com\/shop\/wp-content\/uploads\/2025\/04\/Virith_front.jpg\" \/>\n\t<meta property=\"og:image:width\" content=\"1772\" \/>\n\t<meta property=\"og:image:height\" content=\"1280\" \/>\n\t<meta property=\"og:image:type\" content=\"image\/jpeg\" \/>\n<meta name=\"twitter:card\" content=\"summary_large_image\" \/>\n<meta name=\"twitter:label1\" content=\"Gesch\u00e4tzte Lesezeit\" \/>\n\t<meta name=\"twitter:data1\" content=\"3\u00a0Minuten\" \/>\n<script type=\"application\/ld+json\" class=\"yoast-schema-graph\">{\"@context\":\"https:\\\/\\\/schema.org\",\"@graph\":[{\"@type\":\"WebPage\",\"@id\":\"https:\\\/\\\/ecologa-europe.com\\\/shop\\\/produkt\\\/abschirm-reisebaldachin-virith\\\/\",\"url\":\"https:\\\/\\\/ecologa-europe.com\\\/shop\\\/produkt\\\/abschirm-reisebaldachin-virith\\\/\",\"name\":\"Abschirm-Reisebaldachin Virith - Elektrosmog-Schutz Onlineshop\",\"isPartOf\":{\"@id\":\"https:\\\/\\\/ecologa-europe.com\\\/shop\\\/#website\"},\"primaryImageOfPage\":{\"@id\":\"https:\\\/\\\/ecologa-europe.com\\\/shop\\\/produkt\\\/abschirm-reisebaldachin-virith\\\/#primaryimage\"},\"image\":{\"@id\":\"https:\\\/\\\/ecologa-europe.com\\\/shop\\\/produkt\\\/abschirm-reisebaldachin-virith\\\/#primaryimage\"},\"thumbnailUrl\":\"https:\\\/\\\/ecologa-europe.com\\\/shop\\\/wp-content\\\/uploads\\\/2025\\\/04\\\/Virith_front.jpg\",\"datePublished\":\"2025-05-16T10:15:32+00:00\",\"dateModified\":\"2026-02-23T10:09:15+00:00\",\"description\":\"Ein Abschirm-Reisebaldachin, der sich an alle Bettgr\u00f6\u00dfen von 0.90 bis 2 m Breite anpasst, zum Schutz vor hochfrequenter elektromagnetischer Strahlung\",\"breadcrumb\":{\"@id\":\"https:\\\/\\\/ecologa-europe.com\\\/shop\\\/produkt\\\/abschirm-reisebaldachin-virith\\\/#breadcrumb\"},\"inLanguage\":\"de\",\"potentialAction\":[{\"@type\":\"ReadAction\",\"target\":[\"https:\\\/\\\/ecologa-europe.com\\\/shop\\\/produkt\\\/abschirm-reisebaldachin-virith\\\/\"]}]},{\"@type\":\"ImageObject\",\"inLanguage\":\"de\",\"@id\":\"https:\\\/\\\/ecologa-europe.com\\\/shop\\\/produkt\\\/abschirm-reisebaldachin-virith\\\/#primaryimage\",\"url\":\"https:\\\/\\\/ecologa-europe.com\\\/shop\\\/wp-content\\\/uploads\\\/2025\\\/04\\\/Virith_front.jpg\",\"contentUrl\":\"https:\\\/\\\/ecologa-europe.com\\\/shop\\\/wp-content\\\/uploads\\\/2025\\\/04\\\/Virith_front.jpg\",\"width\":1772,\"height\":1280},{\"@type\":\"BreadcrumbList\",\"@id\":\"https:\\\/\\\/ecologa-europe.com\\\/shop\\\/produkt\\\/abschirm-reisebaldachin-virith\\\/#breadcrumb\",\"itemListElement\":[{\"@type\":\"ListItem\",\"position\":1,\"name\":\"Startseite\",\"item\":\"https:\\\/\\\/ecologa-europe.com\\\/shop\\\/\"},{\"@type\":\"ListItem\",\"position\":2,\"name\":\"Shop\",\"item\":\"https:\\\/\\\/ecologa-europe.com\\\/shop\\\/shop\\\/\"},{\"@type\":\"ListItem\",\"position\":3,\"name\":\"Abschirm-Reisebaldachin Virith\"}]},{\"@type\":\"WebSite\",\"@id\":\"https:\\\/\\\/ecologa-europe.com\\\/shop\\\/#website\",\"url\":\"https:\\\/\\\/ecologa-europe.com\\\/shop\\\/\",\"name\":\"Elektrosmog-Schutz Onlineshop\",\"description\":\"Ecologa Europe\",\"publisher\":{\"@id\":\"https:\\\/\\\/ecologa-europe.com\\\/shop\\\/#organization\"},\"potentialAction\":[{\"@type\":\"SearchAction\",\"target\":{\"@type\":\"EntryPoint\",\"urlTemplate\":\"https:\\\/\\\/ecologa-europe.com\\\/shop\\\/?s={search_term_string}\"},\"query-input\":{\"@type\":\"PropertyValueSpecification\",\"valueRequired\":true,\"valueName\":\"search_term_string\"}}],\"inLanguage\":\"de\"},{\"@type\":\"Organization\",\"@id\":\"https:\\\/\\\/ecologa-europe.com\\\/shop\\\/#organization\",\"name\":\"Elektrosmog-Schutz Onlineshop\",\"url\":\"https:\\\/\\\/ecologa-europe.com\\\/shop\\\/\",\"logo\":{\"@type\":\"ImageObject\",\"inLanguage\":\"de\",\"@id\":\"https:\\\/\\\/ecologa-europe.com\\\/shop\\\/#\\\/schema\\\/logo\\\/image\\\/\",\"url\":\"https:\\\/\\\/ecologa-europe.com\\\/shop\\\/wp-content\\\/uploads\\\/2025\\\/04\\\/vertical-navbar-logo.svg\",\"contentUrl\":\"https:\\\/\\\/ecologa-europe.com\\\/shop\\\/wp-content\\\/uploads\\\/2025\\\/04\\\/vertical-navbar-logo.svg\",\"width\":182,\"height\":70,\"caption\":\"Elektrosmog-Schutz Onlineshop\"},\"image\":{\"@id\":\"https:\\\/\\\/ecologa-europe.com\\\/shop\\\/#\\\/schema\\\/logo\\\/image\\\/\"},\"sameAs\":[\"https:\\\/\\\/www.facebook.com\\\/Ecologa-Europe-GmbH-1604744566252298\\\/\",\"https:\\\/\\\/www.instagram.com\\\/ecologaeurope\\\/\"]}]}<\/script>\n<!-- \/ Yoast SEO plugin. -->","yoast_head_json":{"title":"Abschirm-Reisebaldachin Virith - Elektrosmog-Schutz Onlineshop","description":"Ein Abschirm-Reisebaldachin, der sich an alle Bettgr\u00f6\u00dfen von 0.90 bis 2 m Breite anpasst, zum Schutz vor hochfrequenter elektromagnetischer Strahlung","robots":{"index":"index","follow":"follow","max-snippet":"max-snippet:-1","max-image-preview":"max-image-preview:large","max-video-preview":"max-video-preview:-1"},"canonical":"https:\/\/ecologa-europe.com\/shop\/produkt\/abschirm-reisebaldachin-virith\/","og_locale":"de_DE","og_type":"article","og_title":"Abschirm-Reisebaldachin Virith - Elektrosmog-Schutz Onlineshop","og_description":"Ein Abschirm-Reisebaldachin, der sich an alle Bettgr\u00f6\u00dfen von 0.90 bis 2 m Breite anpasst, zum Schutz vor hochfrequenter elektromagnetischer Strahlung","og_url":"https:\/\/ecologa-europe.com\/shop\/produkt\/abschirm-reisebaldachin-virith\/","og_site_name":"Elektrosmog-Schutz Onlineshop","article_publisher":"https:\/\/www.facebook.com\/Ecologa-Europe-GmbH-1604744566252298\/","article_modified_time":"2026-02-23T10:09:15+00:00","og_image":[{"width":1772,"height":1280,"url":"https:\/\/ecologa-europe.com\/shop\/wp-content\/uploads\/2025\/04\/Virith_front.jpg","type":"image\/jpeg"}],"twitter_card":"summary_large_image","twitter_misc":{"Gesch\u00e4tzte Lesezeit":"3\u00a0Minuten"},"schema":{"@context":"https:\/\/schema.org","@graph":[{"@type":"WebPage","@id":"https:\/\/ecologa-europe.com\/shop\/produkt\/abschirm-reisebaldachin-virith\/","url":"https:\/\/ecologa-europe.com\/shop\/produkt\/abschirm-reisebaldachin-virith\/","name":"Abschirm-Reisebaldachin Virith - Elektrosmog-Schutz Onlineshop","isPartOf":{"@id":"https:\/\/ecologa-europe.com\/shop\/#website"},"primaryImageOfPage":{"@id":"https:\/\/ecologa-europe.com\/shop\/produkt\/abschirm-reisebaldachin-virith\/#primaryimage"},"image":{"@id":"https:\/\/ecologa-europe.com\/shop\/produkt\/abschirm-reisebaldachin-virith\/#primaryimage"},"thumbnailUrl":"https:\/\/ecologa-europe.com\/shop\/wp-content\/uploads\/2025\/04\/Virith_front.jpg","datePublished":"2025-05-16T10:15:32+00:00","dateModified":"2026-02-23T10:09:15+00:00","description":"Ein Abschirm-Reisebaldachin, der sich an alle Bettgr\u00f6\u00dfen von 0.90 bis 2 m Breite anpasst, zum Schutz vor hochfrequenter elektromagnetischer Strahlung","breadcrumb":{"@id":"https:\/\/ecologa-europe.com\/shop\/produkt\/abschirm-reisebaldachin-virith\/#breadcrumb"},"inLanguage":"de","potentialAction":[{"@type":"ReadAction","target":["https:\/\/ecologa-europe.com\/shop\/produkt\/abschirm-reisebaldachin-virith\/"]}]},{"@type":"ImageObject","inLanguage":"de","@id":"https:\/\/ecologa-europe.com\/shop\/produkt\/abschirm-reisebaldachin-virith\/#primaryimage","url":"https:\/\/ecologa-europe.com\/shop\/wp-content\/uploads\/2025\/04\/Virith_front.jpg","contentUrl":"https:\/\/ecologa-europe.com\/shop\/wp-content\/uploads\/2025\/04\/Virith_front.jpg","width":1772,"height":1280},{"@type":"BreadcrumbList","@id":"https:\/\/ecologa-europe.com\/shop\/produkt\/abschirm-reisebaldachin-virith\/#breadcrumb","itemListElement":[{"@type":"ListItem","position":1,"name":"Startseite","item":"https:\/\/ecologa-europe.com\/shop\/"},{"@type":"ListItem","position":2,"name":"Shop","item":"https:\/\/ecologa-europe.com\/shop\/shop\/"},{"@type":"ListItem","position":3,"name":"Abschirm-Reisebaldachin Virith"}]},{"@type":"WebSite","@id":"https:\/\/ecologa-europe.com\/shop\/#website","url":"https:\/\/ecologa-europe.com\/shop\/","name":"Elektrosmog-Schutz Onlineshop","description":"Ecologa Europe","publisher":{"@id":"https:\/\/ecologa-europe.com\/shop\/#organization"},"potentialAction":[{"@type":"SearchAction","target":{"@type":"EntryPoint","urlTemplate":"https:\/\/ecologa-europe.com\/shop\/?s={search_term_string}"},"query-input":{"@type":"PropertyValueSpecification","valueRequired":true,"valueName":"search_term_string"}}],"inLanguage":"de"},{"@type":"Organization","@id":"https:\/\/ecologa-europe.com\/shop\/#organization","name":"Elektrosmog-Schutz Onlineshop","url":"https:\/\/ecologa-europe.com\/shop\/","logo":{"@type":"ImageObject","inLanguage":"de","@id":"https:\/\/ecologa-europe.com\/shop\/#\/schema\/logo\/image\/","url":"https:\/\/ecologa-europe.com\/shop\/wp-content\/uploads\/2025\/04\/vertical-navbar-logo.svg","contentUrl":"https:\/\/ecologa-europe.com\/shop\/wp-content\/uploads\/2025\/04\/vertical-navbar-logo.svg","width":182,"height":70,"caption":"Elektrosmog-Schutz Onlineshop"},"image":{"@id":"https:\/\/ecologa-europe.com\/shop\/#\/schema\/logo\/image\/"},"sameAs":["https:\/\/www.facebook.com\/Ecologa-Europe-GmbH-1604744566252298\/","https:\/\/www.instagram.com\/ecologaeurope\/"]}]}},"_links":{"self":[{"href":"https:\/\/ecologa-europe.com\/shop\/wp-json\/wp\/v2\/product\/6979","targetHints":{"allow":["GET"]}}],"collection":[{"href":"https:\/\/ecologa-europe.com\/shop\/wp-json\/wp\/v2\/product"}],"about":[{"href":"https:\/\/ecologa-europe.com\/shop\/wp-json\/wp\/v2\/types\/product"}],"wp:featuredmedia":[{"embeddable":true,"href":"https:\/\/ecologa-europe.com\/shop\/wp-json\/wp\/v2\/media\/655"}],"wp:attachment":[{"href":"https:\/\/ecologa-europe.com\/shop\/wp-json\/wp\/v2\/media?parent=6979"}],"wp:term":[{"taxonomy":"product_brand","embeddable":true,"href":"https:\/\/ecologa-europe.com\/shop\/wp-json\/wp\/v2\/product_brand?post=6979"},{"taxonomy":"product_cat","embeddable":true,"href":"https:\/\/ecologa-europe.com\/shop\/wp-json\/wp\/v2\/product_cat?post=6979"},{"taxonomy":"product_tag","embeddable":true,"href":"https:\/\/ecologa-europe.com\/shop\/wp-json\/wp\/v2\/product_tag?post=6979"}],"curies":[{"name":"wp","href":"https:\/\/api.w.org\/{rel}","templated":true}]}}