{"id":6980,"date":"2025-05-16T10:15:32","date_gmt":"2025-05-16T10:15:32","guid":{"rendered":"https:\/\/639.pm-domains.de\/?post_type=product&#038;p=6980"},"modified":"2026-04-11T19:41:48","modified_gmt":"2026-04-11T19:41:48","slug":"baldachinunterlage-hf","status":"publish","type":"product","link":"https:\/\/ecologa-europe.com\/shop\/produkt\/baldachinunterlage-hf\/","title":{"rendered":"Baldachinunterlage HF"},"content":{"rendered":"<p>Baldachinunterlage geeignet f\u00fcr alle unsere Ecologa-Baldachine, die aus den Abschirmstoffen Voile und Linon hergestellt werden.<\/p>\n<p>Zur gro\u00dffl\u00e4chigen Abschirmung hochfrequenter elektromagnetischer Wellen, niederfrequenter elektrischer Wechselfelder und statischer Ladungen<br \/>\nF\u00fcr 5G Frequenzen geeignet<br \/>\nSehr gute Rei\u00dffestigkeit bei weicher Qualit\u00e4t<br \/>\n100 % textile Eigenschaften<\/p>\n<p>Die Schirmd\u00e4mpfung dieser sehr offenen Gewebekonstruktion ist ungew\u00f6hnlich hoch und richtungsunabh\u00e4ngig. Durch die eingearbeiteten, mit Reinstsilber beschichteten, Polyamidfeinstf\u00e4den wirkt dieses Gewirke antistatisch und ist frei von Nanotechnologie.<\/p>\n<p>Bitte beachten Sie, dass f\u00fcr nicht kontaktierbare (erdbare) Baldachine, auch die Baldachinunterlage nicht geerdet werden darf, da es hier zu einer Feldverschleppung kommen kann.<br \/>\nDie eingewebten Edelstahlfilamente sch\u00fctzen die Textilie vor mechanischen Einwirkungen und Korrosion und erh\u00f6hen die Waschbest\u00e4ndigkeit.<\/p>\n<p>Diese Bodenmatte wird unter dem Bett direkt auf den Fu\u00dfboden gelegt.<br \/>\n<span id=\"page1684R_mcid10\" class=\"markedContent\"><span dir=\"ltr\" role=\"presentation\">Wir empfehlen eine d\u00fcnne Auslegware auf die Unterlage zu <\/span><\/span><span id=\"page1684R_mcid11\" class=\"markedContent\"><span dir=\"ltr\" role=\"presentation\">legen um diese vor mechanischen Einfl\u00fcssen zu sch\u00fctzen.<\/span><\/span><\/p>\n<p>Beschreibung:<br \/>\nEinzelbett 2,20 m x 1,10 m<br \/>\nDoppelbett 2,20 m x 2,20 m<br \/>\nAndere Gr\u00f6\u00dfen auf Anfrage !<\/p>\n<p>Technische Daten:<br \/>\nMaterial: 92 % Polyester, 8% Stahl<br \/>\nFarbe: hellgrau<br \/>\nPr\u00fcfnormen: MIL-STD 285, NSA 65-6<br \/>\nSchirmd\u00e4mpfung: max. 42 dB (99,99 %)<br \/>\nStandard OEKO-TEX 100<br \/>\nHergestellt in Deutschland<\/p>\n<p>Pflegehinweise:<br \/>\nDas Material kann mit 30\u00b0C im Schonwaschgang gewaschen werden. Das Gewebe darf jedoch nicht geschleudert oder maschinell getrocknet werden.<br \/>\nZu hohe Mechanik k\u00f6nnte zu Fadenbr\u00fcchen f\u00fchren.<br \/>\nKEINE aggressive Reinigungsmittel oder Chlor!<\/p>\n","protected":false},"excerpt":{"rendered":"<p>Baldachinunterlage geeignet f\u00fcr alle unsere Ecologa-Baldachine, die aus den Abschirmstoffen Voile und Linon hergestellt werden.<\/p>\n<p>Zur gro\u00dffl\u00e4chigen Abschirmung hochfrequenter elektromagnetischer Wellen, niederfrequenter elektrischer Wechselfelder und statischer Ladungen<br \/>\nF\u00fcr 5G Frequenzen geeignet<br \/>\nSehr gute Rei\u00dffestigkeit bei weicher Qualit\u00e4t<br \/>\n100 % textile Eigenschaften<\/p>\n<p>Einzelbett 2,20 m x 1,10 m<br \/>\nDoppelbett 2,20 m x 2,20 m<br \/>\nAndere Gr\u00f6\u00dfen auf Anfrage !<\/p>\n<p>Schirmd\u00e4mpfung: max. 42 dB (99,99 %)<br \/>\nStandard OEKO-TEX 100<br \/>\nHergestellt in Deutschland<\/p>\n","protected":false},"featured_media":657,"template":"","meta":{"inline_featured_image":false,"site-sidebar-layout":"default","site-content-layout":"","ast-site-content-layout":"default","site-content-style":"default","site-sidebar-style":"default","ast-global-header-display":"","ast-banner-title-visibility":"","ast-main-header-display":"","ast-hfb-above-header-display":"","ast-hfb-below-header-display":"","ast-hfb-mobile-header-display":"","site-post-title":"","ast-breadcrumbs-content":"","ast-featured-img":"","footer-sml-layout":"","ast-disable-related-posts":"","theme-transparent-header-meta":"default","adv-header-id-meta":"","stick-header-meta":"","header-above-stick-meta":"","header-main-stick-meta":"","header-below-stick-meta":"","astra-migrate-meta-layouts":"set","ast-page-background-enabled":"default","ast-page-background-meta":{"desktop":{"background-color":"var(--ast-global-color-5)","background-image":"","background-repeat":"repeat","background-position":"center center","background-size":"auto","background-attachment":"scroll","background-type":"","background-media":"","overlay-type":"","overlay-color":"","overlay-opacity":"","overlay-gradient":""},"tablet":{"background-color":"","background-image":"","background-repeat":"repeat","background-position":"center center","background-size":"auto","background-attachment":"scroll","background-type":"","background-media":"","overlay-type":"","overlay-color":"","overlay-opacity":"","overlay-gradient":""},"mobile":{"background-color":"","background-image":"","background-repeat":"repeat","background-position":"center center","background-size":"auto","background-attachment":"scroll","background-type":"","background-media":"","overlay-type":"","overlay-color":"","overlay-opacity":"","overlay-gradient":""}},"ast-content-background-meta":{"desktop":{"background-color":"var(--ast-global-color-4)","background-image":"","background-repeat":"repeat","background-position":"center center","background-size":"auto","background-attachment":"scroll","background-type":"","background-media":"","overlay-type":"","overlay-color":"","overlay-opacity":"","overlay-gradient":""},"tablet":{"background-color":"var(--ast-global-color-4)","background-image":"","background-repeat":"repeat","background-position":"center center","background-size":"auto","background-attachment":"scroll","background-type":"","background-media":"","overlay-type":"","overlay-color":"","overlay-opacity":"","overlay-gradient":""},"mobile":{"background-color":"var(--ast-global-color-4)","background-image":"","background-repeat":"repeat","background-position":"center center","background-size":"auto","background-attachment":"scroll","background-type":"","background-media":"","overlay-type":"","overlay-color":"","overlay-opacity":"","overlay-gradient":""}}},"product_brand":[],"product_cat":[50,637,636,146,129,131],"product_tag":[137,21,33],"class_list":{"0":"post-6980","1":"product","2":"type-product","3":"status-publish","4":"has-post-thumbnail","6":"product_cat-abschirm-baldachine","7":"product_cat-abschirmbaldachine-doppelbett","8":"product_cat-abschirmbaldachine-einzelbett","9":"product_cat-abschirmbaldachine-massangefertigt","10":"product_cat-abschirmbaldachine-standard","11":"product_cat-erdungszubehoer-fuer-baldachine","12":"product_tag-gesunder-schlaf","13":"product_tag-schutz-vor-5g","14":"product_tag-schutz-vor-elektrosmog","15":"product_shipping_class-standardversand","16":"pa_groesse-doppelbett","17":"pa_groesse-einzelbett","18":"desktop-align-left","19":"tablet-align-left","20":"mobile-align-left","22":"first","23":"outofstock","24":"taxable","25":"shipping-taxable","26":"purchasable","27":"product-type-variable"},"yoast_head":"<!-- This site is optimized with the Yoast SEO plugin v27.3 - https:\/\/yoast.com\/product\/yoast-seo-wordpress\/ -->\n<title>Baldachinunterlage HF - Elektrosmog-Schutz Onlineshop<\/title>\n<meta name=\"robots\" content=\"index, follow, max-snippet:-1, max-image-preview:large, max-video-preview:-1\" \/>\n<link rel=\"canonical\" href=\"https:\/\/ecologa-europe.com\/shop\/produkt\/baldachinunterlage-hf\/\" \/>\n<meta property=\"og:locale\" content=\"de_DE\" \/>\n<meta property=\"og:type\" content=\"article\" \/>\n<meta property=\"og:title\" content=\"Baldachinunterlage HF - Elektrosmog-Schutz Onlineshop\" \/>\n<meta property=\"og:description\" content=\"Baldachinunterlage geeignet f\u00fcr alle unsere Ecologa-Baldachine, die aus den Abschirmstoffen Voile und Linon hergestellt werden.  Zur gro\u00dffl\u00e4chigen Abschirmung hochfrequenter elektromagnetischer Wellen, niederfrequenter elektrischer Wechselfelder und statischer Ladungen F\u00fcr 5G Frequenzen geeignet Sehr gute Rei\u00dffestigkeit bei weicher Qualit\u00e4t 100 % textile Eigenschaften  Einzelbett 2,20 m x 1,10 m Doppelbett 2,20 m x 2,20 m Andere Gr\u00f6\u00dfen auf Anfrage !  Schirmd\u00e4mpfung: max. 42 dB (99,99 %) Standard OEKO-TEX 100 Hergestellt in Deutschland\" \/>\n<meta property=\"og:url\" content=\"https:\/\/ecologa-europe.com\/shop\/produkt\/baldachinunterlage-hf\/\" \/>\n<meta property=\"og:site_name\" content=\"Elektrosmog-Schutz Onlineshop\" \/>\n<meta property=\"article:publisher\" content=\"https:\/\/www.facebook.com\/Ecologa-Europe-GmbH-1604744566252298\/\" \/>\n<meta property=\"article:modified_time\" content=\"2026-04-11T19:41:48+00:00\" \/>\n<meta property=\"og:image\" content=\"https:\/\/ecologa-europe.com\/shop\/wp-content\/uploads\/2025\/04\/Baldachinunterlage_HF_L.jpg\" \/>\n\t<meta property=\"og:image:width\" content=\"1772\" \/>\n\t<meta property=\"og:image:height\" content=\"1280\" \/>\n\t<meta property=\"og:image:type\" content=\"image\/jpeg\" \/>\n<meta name=\"twitter:card\" content=\"summary_large_image\" \/>\n<meta name=\"twitter:label1\" content=\"Gesch\u00e4tzte Lesezeit\" \/>\n\t<meta name=\"twitter:data1\" content=\"2\u00a0Minuten\" \/>\n<script type=\"application\/ld+json\" class=\"yoast-schema-graph\">{\"@context\":\"https:\\\/\\\/schema.org\",\"@graph\":[{\"@type\":\"WebPage\",\"@id\":\"https:\\\/\\\/ecologa-europe.com\\\/shop\\\/produkt\\\/baldachinunterlage-hf\\\/\",\"url\":\"https:\\\/\\\/ecologa-europe.com\\\/shop\\\/produkt\\\/baldachinunterlage-hf\\\/\",\"name\":\"Baldachinunterlage HF - Elektrosmog-Schutz Onlineshop\",\"isPartOf\":{\"@id\":\"https:\\\/\\\/ecologa-europe.com\\\/shop\\\/#website\"},\"primaryImageOfPage\":{\"@id\":\"https:\\\/\\\/ecologa-europe.com\\\/shop\\\/produkt\\\/baldachinunterlage-hf\\\/#primaryimage\"},\"image\":{\"@id\":\"https:\\\/\\\/ecologa-europe.com\\\/shop\\\/produkt\\\/baldachinunterlage-hf\\\/#primaryimage\"},\"thumbnailUrl\":\"https:\\\/\\\/ecologa-europe.com\\\/shop\\\/wp-content\\\/uploads\\\/2025\\\/04\\\/Baldachinunterlage_HF_L.jpg\",\"datePublished\":\"2025-05-16T10:15:32+00:00\",\"dateModified\":\"2026-04-11T19:41:48+00:00\",\"breadcrumb\":{\"@id\":\"https:\\\/\\\/ecologa-europe.com\\\/shop\\\/produkt\\\/baldachinunterlage-hf\\\/#breadcrumb\"},\"inLanguage\":\"de\",\"potentialAction\":[{\"@type\":\"ReadAction\",\"target\":[\"https:\\\/\\\/ecologa-europe.com\\\/shop\\\/produkt\\\/baldachinunterlage-hf\\\/\"]}]},{\"@type\":\"ImageObject\",\"inLanguage\":\"de\",\"@id\":\"https:\\\/\\\/ecologa-europe.com\\\/shop\\\/produkt\\\/baldachinunterlage-hf\\\/#primaryimage\",\"url\":\"https:\\\/\\\/ecologa-europe.com\\\/shop\\\/wp-content\\\/uploads\\\/2025\\\/04\\\/Baldachinunterlage_HF_L.jpg\",\"contentUrl\":\"https:\\\/\\\/ecologa-europe.com\\\/shop\\\/wp-content\\\/uploads\\\/2025\\\/04\\\/Baldachinunterlage_HF_L.jpg\",\"width\":1772,\"height\":1280},{\"@type\":\"BreadcrumbList\",\"@id\":\"https:\\\/\\\/ecologa-europe.com\\\/shop\\\/produkt\\\/baldachinunterlage-hf\\\/#breadcrumb\",\"itemListElement\":[{\"@type\":\"ListItem\",\"position\":1,\"name\":\"Startseite\",\"item\":\"https:\\\/\\\/ecologa-europe.com\\\/shop\\\/\"},{\"@type\":\"ListItem\",\"position\":2,\"name\":\"Shop\",\"item\":\"https:\\\/\\\/ecologa-europe.com\\\/shop\\\/shop\\\/\"},{\"@type\":\"ListItem\",\"position\":3,\"name\":\"Baldachinunterlage HF\"}]},{\"@type\":\"WebSite\",\"@id\":\"https:\\\/\\\/ecologa-europe.com\\\/shop\\\/#website\",\"url\":\"https:\\\/\\\/ecologa-europe.com\\\/shop\\\/\",\"name\":\"Elektrosmog-Schutz Onlineshop\",\"description\":\"Ecologa Europe\",\"publisher\":{\"@id\":\"https:\\\/\\\/ecologa-europe.com\\\/shop\\\/#organization\"},\"potentialAction\":[{\"@type\":\"SearchAction\",\"target\":{\"@type\":\"EntryPoint\",\"urlTemplate\":\"https:\\\/\\\/ecologa-europe.com\\\/shop\\\/?s={search_term_string}\"},\"query-input\":{\"@type\":\"PropertyValueSpecification\",\"valueRequired\":true,\"valueName\":\"search_term_string\"}}],\"inLanguage\":\"de\"},{\"@type\":\"Organization\",\"@id\":\"https:\\\/\\\/ecologa-europe.com\\\/shop\\\/#organization\",\"name\":\"Elektrosmog-Schutz Onlineshop\",\"url\":\"https:\\\/\\\/ecologa-europe.com\\\/shop\\\/\",\"logo\":{\"@type\":\"ImageObject\",\"inLanguage\":\"de\",\"@id\":\"https:\\\/\\\/ecologa-europe.com\\\/shop\\\/#\\\/schema\\\/logo\\\/image\\\/\",\"url\":\"https:\\\/\\\/ecologa-europe.com\\\/shop\\\/wp-content\\\/uploads\\\/2025\\\/04\\\/vertical-navbar-logo.svg\",\"contentUrl\":\"https:\\\/\\\/ecologa-europe.com\\\/shop\\\/wp-content\\\/uploads\\\/2025\\\/04\\\/vertical-navbar-logo.svg\",\"width\":182,\"height\":70,\"caption\":\"Elektrosmog-Schutz Onlineshop\"},\"image\":{\"@id\":\"https:\\\/\\\/ecologa-europe.com\\\/shop\\\/#\\\/schema\\\/logo\\\/image\\\/\"},\"sameAs\":[\"https:\\\/\\\/www.facebook.com\\\/Ecologa-Europe-GmbH-1604744566252298\\\/\",\"https:\\\/\\\/www.instagram.com\\\/ecologaeurope\\\/\"]}]}<\/script>\n<!-- \/ Yoast SEO plugin. -->","yoast_head_json":{"title":"Baldachinunterlage HF - Elektrosmog-Schutz Onlineshop","robots":{"index":"index","follow":"follow","max-snippet":"max-snippet:-1","max-image-preview":"max-image-preview:large","max-video-preview":"max-video-preview:-1"},"canonical":"https:\/\/ecologa-europe.com\/shop\/produkt\/baldachinunterlage-hf\/","og_locale":"de_DE","og_type":"article","og_title":"Baldachinunterlage HF - Elektrosmog-Schutz Onlineshop","og_description":"Baldachinunterlage geeignet f\u00fcr alle unsere Ecologa-Baldachine, die aus den Abschirmstoffen Voile und Linon hergestellt werden.  Zur gro\u00dffl\u00e4chigen Abschirmung hochfrequenter elektromagnetischer Wellen, niederfrequenter elektrischer Wechselfelder und statischer Ladungen F\u00fcr 5G Frequenzen geeignet Sehr gute Rei\u00dffestigkeit bei weicher Qualit\u00e4t 100 % textile Eigenschaften  Einzelbett 2,20 m x 1,10 m Doppelbett 2,20 m x 2,20 m Andere Gr\u00f6\u00dfen auf Anfrage !  Schirmd\u00e4mpfung: max. 42 dB (99,99 %) Standard OEKO-TEX 100 Hergestellt in Deutschland","og_url":"https:\/\/ecologa-europe.com\/shop\/produkt\/baldachinunterlage-hf\/","og_site_name":"Elektrosmog-Schutz Onlineshop","article_publisher":"https:\/\/www.facebook.com\/Ecologa-Europe-GmbH-1604744566252298\/","article_modified_time":"2026-04-11T19:41:48+00:00","og_image":[{"width":1772,"height":1280,"url":"https:\/\/ecologa-europe.com\/shop\/wp-content\/uploads\/2025\/04\/Baldachinunterlage_HF_L.jpg","type":"image\/jpeg"}],"twitter_card":"summary_large_image","twitter_misc":{"Gesch\u00e4tzte Lesezeit":"2\u00a0Minuten"},"schema":{"@context":"https:\/\/schema.org","@graph":[{"@type":"WebPage","@id":"https:\/\/ecologa-europe.com\/shop\/produkt\/baldachinunterlage-hf\/","url":"https:\/\/ecologa-europe.com\/shop\/produkt\/baldachinunterlage-hf\/","name":"Baldachinunterlage HF - Elektrosmog-Schutz Onlineshop","isPartOf":{"@id":"https:\/\/ecologa-europe.com\/shop\/#website"},"primaryImageOfPage":{"@id":"https:\/\/ecologa-europe.com\/shop\/produkt\/baldachinunterlage-hf\/#primaryimage"},"image":{"@id":"https:\/\/ecologa-europe.com\/shop\/produkt\/baldachinunterlage-hf\/#primaryimage"},"thumbnailUrl":"https:\/\/ecologa-europe.com\/shop\/wp-content\/uploads\/2025\/04\/Baldachinunterlage_HF_L.jpg","datePublished":"2025-05-16T10:15:32+00:00","dateModified":"2026-04-11T19:41:48+00:00","breadcrumb":{"@id":"https:\/\/ecologa-europe.com\/shop\/produkt\/baldachinunterlage-hf\/#breadcrumb"},"inLanguage":"de","potentialAction":[{"@type":"ReadAction","target":["https:\/\/ecologa-europe.com\/shop\/produkt\/baldachinunterlage-hf\/"]}]},{"@type":"ImageObject","inLanguage":"de","@id":"https:\/\/ecologa-europe.com\/shop\/produkt\/baldachinunterlage-hf\/#primaryimage","url":"https:\/\/ecologa-europe.com\/shop\/wp-content\/uploads\/2025\/04\/Baldachinunterlage_HF_L.jpg","contentUrl":"https:\/\/ecologa-europe.com\/shop\/wp-content\/uploads\/2025\/04\/Baldachinunterlage_HF_L.jpg","width":1772,"height":1280},{"@type":"BreadcrumbList","@id":"https:\/\/ecologa-europe.com\/shop\/produkt\/baldachinunterlage-hf\/#breadcrumb","itemListElement":[{"@type":"ListItem","position":1,"name":"Startseite","item":"https:\/\/ecologa-europe.com\/shop\/"},{"@type":"ListItem","position":2,"name":"Shop","item":"https:\/\/ecologa-europe.com\/shop\/shop\/"},{"@type":"ListItem","position":3,"name":"Baldachinunterlage HF"}]},{"@type":"WebSite","@id":"https:\/\/ecologa-europe.com\/shop\/#website","url":"https:\/\/ecologa-europe.com\/shop\/","name":"Elektrosmog-Schutz Onlineshop","description":"Ecologa Europe","publisher":{"@id":"https:\/\/ecologa-europe.com\/shop\/#organization"},"potentialAction":[{"@type":"SearchAction","target":{"@type":"EntryPoint","urlTemplate":"https:\/\/ecologa-europe.com\/shop\/?s={search_term_string}"},"query-input":{"@type":"PropertyValueSpecification","valueRequired":true,"valueName":"search_term_string"}}],"inLanguage":"de"},{"@type":"Organization","@id":"https:\/\/ecologa-europe.com\/shop\/#organization","name":"Elektrosmog-Schutz Onlineshop","url":"https:\/\/ecologa-europe.com\/shop\/","logo":{"@type":"ImageObject","inLanguage":"de","@id":"https:\/\/ecologa-europe.com\/shop\/#\/schema\/logo\/image\/","url":"https:\/\/ecologa-europe.com\/shop\/wp-content\/uploads\/2025\/04\/vertical-navbar-logo.svg","contentUrl":"https:\/\/ecologa-europe.com\/shop\/wp-content\/uploads\/2025\/04\/vertical-navbar-logo.svg","width":182,"height":70,"caption":"Elektrosmog-Schutz Onlineshop"},"image":{"@id":"https:\/\/ecologa-europe.com\/shop\/#\/schema\/logo\/image\/"},"sameAs":["https:\/\/www.facebook.com\/Ecologa-Europe-GmbH-1604744566252298\/","https:\/\/www.instagram.com\/ecologaeurope\/"]}]}},"_links":{"self":[{"href":"https:\/\/ecologa-europe.com\/shop\/wp-json\/wp\/v2\/product\/6980","targetHints":{"allow":["GET"]}}],"collection":[{"href":"https:\/\/ecologa-europe.com\/shop\/wp-json\/wp\/v2\/product"}],"about":[{"href":"https:\/\/ecologa-europe.com\/shop\/wp-json\/wp\/v2\/types\/product"}],"wp:featuredmedia":[{"embeddable":true,"href":"https:\/\/ecologa-europe.com\/shop\/wp-json\/wp\/v2\/media\/657"}],"wp:attachment":[{"href":"https:\/\/ecologa-europe.com\/shop\/wp-json\/wp\/v2\/media?parent=6980"}],"wp:term":[{"taxonomy":"product_brand","embeddable":true,"href":"https:\/\/ecologa-europe.com\/shop\/wp-json\/wp\/v2\/product_brand?post=6980"},{"taxonomy":"product_cat","embeddable":true,"href":"https:\/\/ecologa-europe.com\/shop\/wp-json\/wp\/v2\/product_cat?post=6980"},{"taxonomy":"product_tag","embeddable":true,"href":"https:\/\/ecologa-europe.com\/shop\/wp-json\/wp\/v2\/product_tag?post=6980"}],"curies":[{"name":"wp","href":"https:\/\/api.w.org\/{rel}","templated":true}]}}