{"id":6984,"date":"2025-05-16T10:15:32","date_gmt":"2025-05-16T10:15:32","guid":{"rendered":"https:\/\/639.pm-domains.de\/?post_type=product&#038;p=6984"},"modified":"2025-05-16T10:41:08","modified_gmt":"2025-05-16T10:41:08","slug":"abschirmbaldachin-selber-machen","status":"publish","type":"product","link":"https:\/\/ecologa-europe.com\/shop\/produkt\/abschirmbaldachin-selber-machen\/","title":{"rendered":"Abschirmbaldachin selber machen"},"content":{"rendered":"<p>Jeder von uns hat schon einmal von einem Himmelbett getr\u00e4umt. Das ist eine tolle Idee, denn die Nacht in einem Himmelbett zu verbringen, hat eine positive Wirkung, bringt Harmonie und st\u00e4rkt unsere Lebenskraft.<br \/>\nAu\u00dferdem erhalten Sie durch unsere Abschirmstoffe einen optimalen Schutz gegen die Belastung durch Elektrosmog.<\/p>\n<p>Der Ausbau der Mobilfunknetze und das neue 5G-Netz haben dazu beigetragen, dass sich viele Menschen in den Industriel\u00e4ndern zunehmend mit dem Thema Elektrosmog besch\u00e4ftigen.<br \/>\nElektrosmog, egal ob hoch- oder niederfrequent, bedeutet mehr Stress f\u00fcr den K\u00f6rper. Dies kann zu psychischen und physischen Reaktionen f\u00fchren.<br \/>\nGl\u00fccklicherweise kann man sich mit relativ einfachen Mitteln sch\u00fctzen.<\/p>\n<div class=\"col primary col-sm-8 col-sm-push-4 col-md-9 col-md-push-3\">\n<div class=\"product-listing product-listing-v1 product-listing-switch\">\n<div id=\"categorie-description-bottom\" class=\"textstyles text-word-wrap\">\n<p>Zum Beispiel, ein Abschirmbaldachin zum Schutz des Bettes, denn der Wunsch nach einem ruhigen und gesunden Schlaf steht immer im Vordergrund.<\/p>\n<p>Aus diesem Grund machen Sie keinen Fehler, wenn Sie Ihren eigenen Baldachin anfertigen.<\/p>\n<p>Vor allem m\u00fcssen Sie einfach nur Ihre eigene Kreativit\u00e4t unter Beweis stellen. In unserer Rubrik &#8222;Ma\u00dfgeschneiderte Baldachine&#8220; zeigen wir Ihnen, wie Sie Ihre eigenen Tr\u00e4ume verwirklichen k\u00f6nnten. Lassen Sie Ihrer Fantasie freien Lauf. und gestalten Sie Ihr pers\u00f6nliches Bett.<\/p>\n<p>Die Abschirmstoffe, die Sie f\u00fcr diesen Zweck verwenden k\u00f6nnen, sind:<br \/>\nAbschirmgewebe Veil<br \/>\nAbschirmgewebe Linon<br \/>\nAbschirmgewirke Silber 110<\/p>\n<p>Sie finden sie in unserer Rubrik Stoffe und Gewebe<\/p>\n<p>Viel Spa\u00df!<\/p>\n<\/div>\n<\/div>\n<\/div>\n","protected":false},"excerpt":{"rendered":"<p>Jeder von uns hat schon einmal von einem Himmelbett getr\u00e4umt. Das ist eine tolle Idee, denn die Nacht in einem Himmelbett zu verbringen, hat eine positive Wirkung, bringt Harmonie und st\u00e4rkt unsere Lebenskraft.<br \/>\nAu\u00dferdem erhalten Sie durch unsere Abschirmstoffe einen optimalen Schutz gegen die Belastung durch Elektrosmog.<\/p>\n<p>Aus diesem Grund machen Sie keinen Fehler, wenn Sie Ihren eigenen Baldachin anfertigen.<\/p>\n<p>Vor allem m\u00fcssen Sie einfach nur Ihre eigene Kreativit\u00e4t unter Beweis stellen. In unserer Rubrik &#8222;Ma\u00dfgeschneiderte Baldachine&#8220; zeigen wir Ihnen, wie Sie Ihre eigenen Tr\u00e4ume verwirklichen k\u00f6nnten. Lassen Sie Ihrer Fantasie freien Lauf. und gestalten Sie Ihr pers\u00f6nliches Bett.<\/p>\n<p>Die Abschirmstoffe, die Sie f\u00fcr diesen Zweck verwenden k\u00f6nnen, sind:<br \/>\nAbschirmgewebe Veil<br \/>\nAbschirmgewebe Linon<br \/>\nAbschirmgewirke Silber 110<\/p>\n<p>Sie finden sie in unserer Rubrik Stoffe und Gewebe<\/p>\n<p>Viel Spa\u00df!<\/p>\n","protected":false},"featured_media":691,"template":"","meta":{"inline_featured_image":false,"site-sidebar-layout":"default","site-content-layout":"","ast-site-content-layout":"default","site-content-style":"default","site-sidebar-style":"default","ast-global-header-display":"","ast-banner-title-visibility":"","ast-main-header-display":"","ast-hfb-above-header-display":"","ast-hfb-below-header-display":"","ast-hfb-mobile-header-display":"","site-post-title":"","ast-breadcrumbs-content":"","ast-featured-img":"","footer-sml-layout":"","ast-disable-related-posts":"","theme-transparent-header-meta":"","adv-header-id-meta":"","stick-header-meta":"","header-above-stick-meta":"","header-main-stick-meta":"","header-below-stick-meta":"","astra-migrate-meta-layouts":"default","ast-page-background-enabled":"default","ast-page-background-meta":{"desktop":{"background-color":"var(--ast-global-color-5)","background-image":"","background-repeat":"repeat","background-position":"center center","background-size":"auto","background-attachment":"scroll","background-type":"","background-media":"","overlay-type":"","overlay-color":"","overlay-opacity":"","overlay-gradient":""},"tablet":{"background-color":"","background-image":"","background-repeat":"repeat","background-position":"center center","background-size":"auto","background-attachment":"scroll","background-type":"","background-media":"","overlay-type":"","overlay-color":"","overlay-opacity":"","overlay-gradient":""},"mobile":{"background-color":"","background-image":"","background-repeat":"repeat","background-position":"center center","background-size":"auto","background-attachment":"scroll","background-type":"","background-media":"","overlay-type":"","overlay-color":"","overlay-opacity":"","overlay-gradient":""}},"ast-content-background-meta":{"desktop":{"background-color":"var(--ast-global-color-4)","background-image":"","background-repeat":"repeat","background-position":"center center","background-size":"auto","background-attachment":"scroll","background-type":"","background-media":"","overlay-type":"","overlay-color":"","overlay-opacity":"","overlay-gradient":""},"tablet":{"background-color":"var(--ast-global-color-4)","background-image":"","background-repeat":"repeat","background-position":"center center","background-size":"auto","background-attachment":"scroll","background-type":"","background-media":"","overlay-type":"","overlay-color":"","overlay-opacity":"","overlay-gradient":""},"mobile":{"background-color":"var(--ast-global-color-4)","background-image":"","background-repeat":"repeat","background-position":"center center","background-size":"auto","background-attachment":"scroll","background-type":"","background-media":"","overlay-type":"","overlay-color":"","overlay-opacity":"","overlay-gradient":""}}},"product_brand":[],"product_cat":[50,51,147],"product_tag":[137,21,33],"class_list":{"0":"post-6984","1":"product","2":"type-product","3":"status-publish","4":"has-post-thumbnail","6":"product_cat-abschirm-baldachine","7":"product_cat-abschirmbaldachin-selber-machen","8":"product_cat-anfrage","9":"product_tag-gesunder-schlaf","10":"product_tag-schutz-vor-5g","11":"product_tag-schutz-vor-elektrosmog","12":"product_shipping_class-standardversand","13":"desktop-align-left","14":"tablet-align-left","15":"mobile-align-left","17":"first","18":"instock","19":"taxable","20":"shipping-taxable","21":"product-type-simple"},"yoast_head":"<!-- This site is optimized with the Yoast SEO plugin v27.4 - https:\/\/yoast.com\/product\/yoast-seo-wordpress\/ -->\n<title>Abschirmbaldachin selber machen - Elektrosmog-Schutz Onlineshop<\/title>\n<meta name=\"description\" content=\"Abschirmbaldachin zum Schutz vor hochfrequenter elektromagnetischer Strahlung.\" \/>\n<meta name=\"robots\" content=\"index, follow, max-snippet:-1, max-image-preview:large, max-video-preview:-1\" \/>\n<link rel=\"canonical\" href=\"https:\/\/ecologa-europe.com\/shop\/produkt\/abschirmbaldachin-selber-machen\/\" \/>\n<meta property=\"og:locale\" content=\"de_DE\" \/>\n<meta property=\"og:type\" content=\"article\" \/>\n<meta property=\"og:title\" content=\"Abschirmbaldachin selber machen - Elektrosmog-Schutz Onlineshop\" \/>\n<meta property=\"og:description\" content=\"Abschirmbaldachin zum Schutz vor hochfrequenter elektromagnetischer Strahlung.\" \/>\n<meta property=\"og:url\" content=\"https:\/\/ecologa-europe.com\/shop\/produkt\/abschirmbaldachin-selber-machen\/\" \/>\n<meta property=\"og:site_name\" content=\"Elektrosmog-Schutz Onlineshop\" \/>\n<meta property=\"article:publisher\" content=\"https:\/\/www.facebook.com\/Ecologa-Europe-GmbH-1604744566252298\/\" \/>\n<meta property=\"article:modified_time\" content=\"2025-05-16T10:41:08+00:00\" \/>\n<meta property=\"og:image\" content=\"https:\/\/ecologa-europe.com\/shop\/wp-content\/uploads\/2025\/04\/iStock-1471978908.jpg\" \/>\n\t<meta property=\"og:image:width\" content=\"1920\" \/>\n\t<meta property=\"og:image:height\" content=\"1280\" \/>\n\t<meta property=\"og:image:type\" content=\"image\/jpeg\" \/>\n<meta name=\"twitter:card\" content=\"summary_large_image\" \/>\n<meta name=\"twitter:label1\" content=\"Gesch\u00e4tzte Lesezeit\" \/>\n\t<meta name=\"twitter:data1\" content=\"2\u00a0Minuten\" \/>\n<script type=\"application\/ld+json\" class=\"yoast-schema-graph\">{\"@context\":\"https:\\\/\\\/schema.org\",\"@graph\":[{\"@type\":\"WebPage\",\"@id\":\"https:\\\/\\\/ecologa-europe.com\\\/shop\\\/produkt\\\/abschirmbaldachin-selber-machen\\\/\",\"url\":\"https:\\\/\\\/ecologa-europe.com\\\/shop\\\/produkt\\\/abschirmbaldachin-selber-machen\\\/\",\"name\":\"Abschirmbaldachin selber machen - Elektrosmog-Schutz Onlineshop\",\"isPartOf\":{\"@id\":\"https:\\\/\\\/ecologa-europe.com\\\/shop\\\/#website\"},\"primaryImageOfPage\":{\"@id\":\"https:\\\/\\\/ecologa-europe.com\\\/shop\\\/produkt\\\/abschirmbaldachin-selber-machen\\\/#primaryimage\"},\"image\":{\"@id\":\"https:\\\/\\\/ecologa-europe.com\\\/shop\\\/produkt\\\/abschirmbaldachin-selber-machen\\\/#primaryimage\"},\"thumbnailUrl\":\"https:\\\/\\\/ecologa-europe.com\\\/shop\\\/wp-content\\\/uploads\\\/2025\\\/04\\\/iStock-1471978908.jpg\",\"datePublished\":\"2025-05-16T10:15:32+00:00\",\"dateModified\":\"2025-05-16T10:41:08+00:00\",\"description\":\"Abschirmbaldachin zum Schutz vor hochfrequenter elektromagnetischer Strahlung.\",\"breadcrumb\":{\"@id\":\"https:\\\/\\\/ecologa-europe.com\\\/shop\\\/produkt\\\/abschirmbaldachin-selber-machen\\\/#breadcrumb\"},\"inLanguage\":\"de\",\"potentialAction\":[{\"@type\":\"ReadAction\",\"target\":[\"https:\\\/\\\/ecologa-europe.com\\\/shop\\\/produkt\\\/abschirmbaldachin-selber-machen\\\/\"]}]},{\"@type\":\"ImageObject\",\"inLanguage\":\"de\",\"@id\":\"https:\\\/\\\/ecologa-europe.com\\\/shop\\\/produkt\\\/abschirmbaldachin-selber-machen\\\/#primaryimage\",\"url\":\"https:\\\/\\\/ecologa-europe.com\\\/shop\\\/wp-content\\\/uploads\\\/2025\\\/04\\\/iStock-1471978908.jpg\",\"contentUrl\":\"https:\\\/\\\/ecologa-europe.com\\\/shop\\\/wp-content\\\/uploads\\\/2025\\\/04\\\/iStock-1471978908.jpg\",\"width\":1920,\"height\":1280},{\"@type\":\"BreadcrumbList\",\"@id\":\"https:\\\/\\\/ecologa-europe.com\\\/shop\\\/produkt\\\/abschirmbaldachin-selber-machen\\\/#breadcrumb\",\"itemListElement\":[{\"@type\":\"ListItem\",\"position\":1,\"name\":\"Startseite\",\"item\":\"https:\\\/\\\/ecologa-europe.com\\\/shop\\\/\"},{\"@type\":\"ListItem\",\"position\":2,\"name\":\"Shop\",\"item\":\"https:\\\/\\\/ecologa-europe.com\\\/shop\\\/shop\\\/\"},{\"@type\":\"ListItem\",\"position\":3,\"name\":\"Abschirmbaldachin selber machen\"}]},{\"@type\":\"WebSite\",\"@id\":\"https:\\\/\\\/ecologa-europe.com\\\/shop\\\/#website\",\"url\":\"https:\\\/\\\/ecologa-europe.com\\\/shop\\\/\",\"name\":\"Elektrosmog-Schutz Onlineshop\",\"description\":\"Ecologa Europe\",\"publisher\":{\"@id\":\"https:\\\/\\\/ecologa-europe.com\\\/shop\\\/#organization\"},\"potentialAction\":[{\"@type\":\"SearchAction\",\"target\":{\"@type\":\"EntryPoint\",\"urlTemplate\":\"https:\\\/\\\/ecologa-europe.com\\\/shop\\\/?s={search_term_string}\"},\"query-input\":{\"@type\":\"PropertyValueSpecification\",\"valueRequired\":true,\"valueName\":\"search_term_string\"}}],\"inLanguage\":\"de\"},{\"@type\":\"Organization\",\"@id\":\"https:\\\/\\\/ecologa-europe.com\\\/shop\\\/#organization\",\"name\":\"Elektrosmog-Schutz Onlineshop\",\"url\":\"https:\\\/\\\/ecologa-europe.com\\\/shop\\\/\",\"logo\":{\"@type\":\"ImageObject\",\"inLanguage\":\"de\",\"@id\":\"https:\\\/\\\/ecologa-europe.com\\\/shop\\\/#\\\/schema\\\/logo\\\/image\\\/\",\"url\":\"https:\\\/\\\/ecologa-europe.com\\\/shop\\\/wp-content\\\/uploads\\\/2025\\\/04\\\/vertical-navbar-logo.svg\",\"contentUrl\":\"https:\\\/\\\/ecologa-europe.com\\\/shop\\\/wp-content\\\/uploads\\\/2025\\\/04\\\/vertical-navbar-logo.svg\",\"width\":182,\"height\":70,\"caption\":\"Elektrosmog-Schutz Onlineshop\"},\"image\":{\"@id\":\"https:\\\/\\\/ecologa-europe.com\\\/shop\\\/#\\\/schema\\\/logo\\\/image\\\/\"},\"sameAs\":[\"https:\\\/\\\/www.facebook.com\\\/Ecologa-Europe-GmbH-1604744566252298\\\/\",\"https:\\\/\\\/www.instagram.com\\\/ecologaeurope\\\/\"]}]}<\/script>\n<!-- \/ Yoast SEO plugin. -->","yoast_head_json":{"title":"Abschirmbaldachin selber machen - Elektrosmog-Schutz Onlineshop","description":"Abschirmbaldachin zum Schutz vor hochfrequenter elektromagnetischer Strahlung.","robots":{"index":"index","follow":"follow","max-snippet":"max-snippet:-1","max-image-preview":"max-image-preview:large","max-video-preview":"max-video-preview:-1"},"canonical":"https:\/\/ecologa-europe.com\/shop\/produkt\/abschirmbaldachin-selber-machen\/","og_locale":"de_DE","og_type":"article","og_title":"Abschirmbaldachin selber machen - Elektrosmog-Schutz Onlineshop","og_description":"Abschirmbaldachin zum Schutz vor hochfrequenter elektromagnetischer Strahlung.","og_url":"https:\/\/ecologa-europe.com\/shop\/produkt\/abschirmbaldachin-selber-machen\/","og_site_name":"Elektrosmog-Schutz Onlineshop","article_publisher":"https:\/\/www.facebook.com\/Ecologa-Europe-GmbH-1604744566252298\/","article_modified_time":"2025-05-16T10:41:08+00:00","og_image":[{"width":1920,"height":1280,"url":"https:\/\/ecologa-europe.com\/shop\/wp-content\/uploads\/2025\/04\/iStock-1471978908.jpg","type":"image\/jpeg"}],"twitter_card":"summary_large_image","twitter_misc":{"Gesch\u00e4tzte Lesezeit":"2\u00a0Minuten"},"schema":{"@context":"https:\/\/schema.org","@graph":[{"@type":"WebPage","@id":"https:\/\/ecologa-europe.com\/shop\/produkt\/abschirmbaldachin-selber-machen\/","url":"https:\/\/ecologa-europe.com\/shop\/produkt\/abschirmbaldachin-selber-machen\/","name":"Abschirmbaldachin selber machen - Elektrosmog-Schutz Onlineshop","isPartOf":{"@id":"https:\/\/ecologa-europe.com\/shop\/#website"},"primaryImageOfPage":{"@id":"https:\/\/ecologa-europe.com\/shop\/produkt\/abschirmbaldachin-selber-machen\/#primaryimage"},"image":{"@id":"https:\/\/ecologa-europe.com\/shop\/produkt\/abschirmbaldachin-selber-machen\/#primaryimage"},"thumbnailUrl":"https:\/\/ecologa-europe.com\/shop\/wp-content\/uploads\/2025\/04\/iStock-1471978908.jpg","datePublished":"2025-05-16T10:15:32+00:00","dateModified":"2025-05-16T10:41:08+00:00","description":"Abschirmbaldachin zum Schutz vor hochfrequenter elektromagnetischer Strahlung.","breadcrumb":{"@id":"https:\/\/ecologa-europe.com\/shop\/produkt\/abschirmbaldachin-selber-machen\/#breadcrumb"},"inLanguage":"de","potentialAction":[{"@type":"ReadAction","target":["https:\/\/ecologa-europe.com\/shop\/produkt\/abschirmbaldachin-selber-machen\/"]}]},{"@type":"ImageObject","inLanguage":"de","@id":"https:\/\/ecologa-europe.com\/shop\/produkt\/abschirmbaldachin-selber-machen\/#primaryimage","url":"https:\/\/ecologa-europe.com\/shop\/wp-content\/uploads\/2025\/04\/iStock-1471978908.jpg","contentUrl":"https:\/\/ecologa-europe.com\/shop\/wp-content\/uploads\/2025\/04\/iStock-1471978908.jpg","width":1920,"height":1280},{"@type":"BreadcrumbList","@id":"https:\/\/ecologa-europe.com\/shop\/produkt\/abschirmbaldachin-selber-machen\/#breadcrumb","itemListElement":[{"@type":"ListItem","position":1,"name":"Startseite","item":"https:\/\/ecologa-europe.com\/shop\/"},{"@type":"ListItem","position":2,"name":"Shop","item":"https:\/\/ecologa-europe.com\/shop\/shop\/"},{"@type":"ListItem","position":3,"name":"Abschirmbaldachin selber machen"}]},{"@type":"WebSite","@id":"https:\/\/ecologa-europe.com\/shop\/#website","url":"https:\/\/ecologa-europe.com\/shop\/","name":"Elektrosmog-Schutz Onlineshop","description":"Ecologa Europe","publisher":{"@id":"https:\/\/ecologa-europe.com\/shop\/#organization"},"potentialAction":[{"@type":"SearchAction","target":{"@type":"EntryPoint","urlTemplate":"https:\/\/ecologa-europe.com\/shop\/?s={search_term_string}"},"query-input":{"@type":"PropertyValueSpecification","valueRequired":true,"valueName":"search_term_string"}}],"inLanguage":"de"},{"@type":"Organization","@id":"https:\/\/ecologa-europe.com\/shop\/#organization","name":"Elektrosmog-Schutz Onlineshop","url":"https:\/\/ecologa-europe.com\/shop\/","logo":{"@type":"ImageObject","inLanguage":"de","@id":"https:\/\/ecologa-europe.com\/shop\/#\/schema\/logo\/image\/","url":"https:\/\/ecologa-europe.com\/shop\/wp-content\/uploads\/2025\/04\/vertical-navbar-logo.svg","contentUrl":"https:\/\/ecologa-europe.com\/shop\/wp-content\/uploads\/2025\/04\/vertical-navbar-logo.svg","width":182,"height":70,"caption":"Elektrosmog-Schutz Onlineshop"},"image":{"@id":"https:\/\/ecologa-europe.com\/shop\/#\/schema\/logo\/image\/"},"sameAs":["https:\/\/www.facebook.com\/Ecologa-Europe-GmbH-1604744566252298\/","https:\/\/www.instagram.com\/ecologaeurope\/"]}]}},"_links":{"self":[{"href":"https:\/\/ecologa-europe.com\/shop\/wp-json\/wp\/v2\/product\/6984","targetHints":{"allow":["GET"]}}],"collection":[{"href":"https:\/\/ecologa-europe.com\/shop\/wp-json\/wp\/v2\/product"}],"about":[{"href":"https:\/\/ecologa-europe.com\/shop\/wp-json\/wp\/v2\/types\/product"}],"wp:featuredmedia":[{"embeddable":true,"href":"https:\/\/ecologa-europe.com\/shop\/wp-json\/wp\/v2\/media\/691"}],"wp:attachment":[{"href":"https:\/\/ecologa-europe.com\/shop\/wp-json\/wp\/v2\/media?parent=6984"}],"wp:term":[{"taxonomy":"product_brand","embeddable":true,"href":"https:\/\/ecologa-europe.com\/shop\/wp-json\/wp\/v2\/product_brand?post=6984"},{"taxonomy":"product_cat","embeddable":true,"href":"https:\/\/ecologa-europe.com\/shop\/wp-json\/wp\/v2\/product_cat?post=6984"},{"taxonomy":"product_tag","embeddable":true,"href":"https:\/\/ecologa-europe.com\/shop\/wp-json\/wp\/v2\/product_tag?post=6984"}],"curies":[{"name":"wp","href":"https:\/\/api.w.org\/{rel}","templated":true}]}}