{"id":7026,"date":"2025-05-16T10:15:07","date_gmt":"2025-05-16T10:15:07","guid":{"rendered":"https:\/\/639.pm-domains.de\/?post_type=product&#038;p=7026"},"modified":"2025-05-16T10:41:03","modified_gmt":"2025-05-16T10:41:03","slug":"baldaquin-de-blindage-niomi","status":"publish","type":"product","link":"https:\/\/ecologa-europe.com\/shop\/produkt\/baldaquin-de-blindage-niomi\/?lang=fr","title":{"rendered":"Baldaquin de blindage Niomi"},"content":{"rendered":"<p>Les baldaquins blind\u00e9s Ecologa sont con\u00e7us et fabriqu\u00e9s dans nos locaux et offrent une protection \u00e9lev\u00e9e contre les hautes fr\u00e9quences. Ils peuvent atteindre un effet de blindage allant jusqu&#8217;\u00e0 99,99 %.<br \/>\nL&#8217;att\u00e9nuation du blindage est de 42 dB maximum.<\/p>\n<p>Si vous aimez ce qui est noble et particulier, le baldaquin &#8222;Niomi&#8220; est fait pour vous.<\/p>\n<p>Le baldaquin est semi-transparent avec un tissage doux et fluide \u00e0 l&#8217;aspect lin et a un aspect extr\u00eamement noble.<br \/>\nGr\u00e2ce \u00e0 la forme carr\u00e9e et plus \u00e9troite du toit, le mod\u00e8le conserve sa forme gracieuse. Le passage en tunnel facilite le montage.<br \/>\nLes ouvertures sont en outre d\u00e9cor\u00e9es d&#8217;une bande de tissu qui apporte une touche d&#8217;\u00e9l\u00e9gance.<\/p>\n<p>Aucun appareil \u00e9lectrique ne doit \u00eatre utilis\u00e9 \u00e0 l&#8217;int\u00e9rieur du baldaquin de protection. Veuillez respecter les distances n\u00e9cessaires entre les lampes, les ampoules chaudes et les murs (abrasion) et le tissu.<\/p>\n<p>Si un blindage suppl\u00e9mentaire du sol est n\u00e9cessaire, nous vous recommandons notre tapis de sol pour baldaquin.<\/p>\n<p>Si vous utilisez un tapis de sol pour baldaquin, veillez \u00e0 ce que les parties lat\u00e9rales du baldaquin reposent sur le tapis de sol. Le tapis de sol peut \u00eatre prot\u00e9g\u00e9 par une fine moquette.<br \/>\nDans ce cas, la surface du baldaquin est toujours inf\u00e9rieure \u00e0 celle du tapis de sol.<\/p>\n<p>Les baldaquins qui ne peuvent pas \u00eatre inclus dans la compensation de potentiel et ne peuvent donc pas \u00eatre mis \u00e0 la terre, prot\u00e8gent \u00e9galement des champs \u00e9lectriques \u00e0 basse fr\u00e9quence champs alternatifs. Dans ce cas, les champs provoquent une r\u00e9partition de la charge sur la surface du baldaquin (similaire \u00e0 la cage de Faraday).<\/p>\n<p>Description :<br \/>\nLit double : pour des lits de 1,40 \u00e0 2,10 m de large.<br \/>\nHauteur : 2,30 m avec 2 ouvertures<br \/>\nCouleur : gris clair<br \/>\npoids : 2,5 Kg<br \/>\nMat\u00e9riau : 92% polyester, 8% acier<br \/>\nAtt\u00e9nuation de l&#8217;\u00e9cran : max. 42 dB<br \/>\nNorme OEKO-TEX 100<br \/>\nFabriqu\u00e9 en Allemagne<\/p>\n<p>Conseils d&#8217;entretien :<br \/>\nLavage particuli\u00e8rement doux (cycle d\u00e9licat ou laine \u00e0 30\u00b0C).<br \/>\nLe blanchiment n&#8217;est pas autoris\u00e9<br \/>\nNe pas utiliser de lessive avec agent de blanchiment, ne pas s\u00e9cher au s\u00e8che-linge<br \/>\nPas de nettoyage \u00e0 sec<\/p>\n","protected":false},"excerpt":{"rendered":"<p>Baldaquin \u00e9cran pour la protection contre les rayonnements \u00e9lectromagn\u00e9tiques \u00e0 haute fr\u00e9quence.<\/p>\n<p>Si vous aimez ce qui est noble et particulier, le baldaquin &#8222;Niomi&#8220; est fait pour vous.<\/p>\n<p>Le baldaquin est semi-transparent avec un tissage doux et fluide \u00e0 l&#8217;aspect lin et a un aspect extr\u00eamement noble.<br \/>\nGr\u00e2ce \u00e0 la forme carr\u00e9e et plus \u00e9troite du toit, le mod\u00e8le conserve sa forme gracieuse. Le passage en tunnel facilite le montage.<br \/>\nLes ouvertures sont en outre d\u00e9cor\u00e9es d&#8217;un panneau de tissu qui diffuse une touche d&#8217;\u00e9l\u00e9gance.<\/p>\n<p>Description :<br \/>\nLit double : pour des lits de 1,40 \u00e0 2,10 m de large.<br \/>\nHauteur : 2,30 m avec 2 ouvertures<br \/>\nCouleur : gris clair<br \/>\npoids : 2,5 Kg<br \/>\nMat\u00e9riau : 92% polyester, 8% acier<br \/>\nAtt\u00e9nuation de l&#8217;\u00e9cran : max. 42 dB<br \/>\nNorme OEKO-TEX 100<br \/>\nFabriqu\u00e9 en Allemagne<\/p>\n<p>Conseils d&#8217;entretien :<br \/>\nLavage particuli\u00e8rement doux (cycle d\u00e9licat ou laine \u00e0 30\u00b0C).<br \/>\nLe blanchiment n&#8217;est pas autoris\u00e9<br \/>\nNe pas utiliser de lessive avec agent de blanchiment, ne pas s\u00e9cher au s\u00e8che-linge<br \/>\nPas de nettoyage \u00e0 sec<\/p>\n","protected":false},"featured_media":1648,"template":"","meta":{"inline_featured_image":false,"site-sidebar-layout":"default","site-content-layout":"","ast-site-content-layout":"default","site-content-style":"default","site-sidebar-style":"default","ast-global-header-display":"","ast-banner-title-visibility":"","ast-main-header-display":"","ast-hfb-above-header-display":"","ast-hfb-below-header-display":"","ast-hfb-mobile-header-display":"","site-post-title":"","ast-breadcrumbs-content":"","ast-featured-img":"","footer-sml-layout":"","ast-disable-related-posts":"","theme-transparent-header-meta":"default","adv-header-id-meta":"","stick-header-meta":"","header-above-stick-meta":"","header-main-stick-meta":"","header-below-stick-meta":"","astra-migrate-meta-layouts":"default","ast-page-background-enabled":"default","ast-page-background-meta":{"desktop":{"background-color":"var(--ast-global-color-5)","background-image":"","background-repeat":"repeat","background-position":"center center","background-size":"auto","background-attachment":"scroll","background-type":"","background-media":"","overlay-type":"","overlay-color":"","overlay-opacity":"","overlay-gradient":""},"tablet":{"background-color":"","background-image":"","background-repeat":"repeat","background-position":"center center","background-size":"auto","background-attachment":"scroll","background-type":"","background-media":"","overlay-type":"","overlay-color":"","overlay-opacity":"","overlay-gradient":""},"mobile":{"background-color":"","background-image":"","background-repeat":"repeat","background-position":"center center","background-size":"auto","background-attachment":"scroll","background-type":"","background-media":"","overlay-type":"","overlay-color":"","overlay-opacity":"","overlay-gradient":""}},"ast-content-background-meta":{"desktop":{"background-color":"var(--ast-global-color-4)","background-image":"","background-repeat":"repeat","background-position":"center center","background-size":"auto","background-attachment":"scroll","background-type":"","background-media":"","overlay-type":"","overlay-color":"","overlay-opacity":"","overlay-gradient":""},"tablet":{"background-color":"var(--ast-global-color-4)","background-image":"","background-repeat":"repeat","background-position":"center center","background-size":"auto","background-attachment":"scroll","background-type":"","background-media":"","overlay-type":"","overlay-color":"","overlay-opacity":"","overlay-gradient":""},"mobile":{"background-color":"var(--ast-global-color-4)","background-image":"","background-repeat":"repeat","background-position":"center center","background-size":"auto","background-attachment":"scroll","background-type":"","background-media":"","overlay-type":"","overlay-color":"","overlay-opacity":"","overlay-gradient":""}}},"product_brand":[],"product_cat":[598,638],"product_tag":[208,187,291],"class_list":{"0":"post-7026","1":"product","2":"type-product","3":"status-publish","4":"has-post-thumbnail","6":"product_cat-baldaquins-anti-ondes","7":"product_cat-baldaquins-pour-lits-double","8":"product_tag-protection-contre-lelectrosmog","9":"product_tag-protection-contre-la-5g","10":"product_tag-sommeil-sain","11":"product_shipping_class-sperrgut","12":"desktop-align-left","13":"tablet-align-left","14":"mobile-align-left","16":"first","17":"outofstock","18":"taxable","19":"shipping-taxable","20":"purchasable","21":"product-type-simple"},"yoast_head":"<!-- This site is optimized with the Yoast SEO plugin v27.3 - https:\/\/yoast.com\/product\/yoast-seo-wordpress\/ -->\n<title>Baldaquin de blindage Niomi - Elektrosmog-Schutz Onlineshop<\/title>\n<meta name=\"description\" content=\"Baldaquin de blindage pour la protection contre les rayonnements \u00e9lectromagn\u00e9tiques \u00e0 haute fr\u00e9quence.\" \/>\n<meta name=\"robots\" content=\"index, follow, max-snippet:-1, max-image-preview:large, max-video-preview:-1\" \/>\n<link rel=\"canonical\" href=\"https:\/\/ecologa-europe.com\/shop\/produkt\/baldaquin-de-blindage-niomi\/\" \/>\n<meta property=\"og:locale\" content=\"de_DE\" \/>\n<meta property=\"og:type\" content=\"article\" \/>\n<meta property=\"og:title\" content=\"Baldaquin de blindage Niomi - Elektrosmog-Schutz Onlineshop\" \/>\n<meta property=\"og:description\" content=\"Baldaquin de blindage pour la protection contre les rayonnements \u00e9lectromagn\u00e9tiques \u00e0 haute fr\u00e9quence.\" \/>\n<meta property=\"og:url\" content=\"https:\/\/ecologa-europe.com\/shop\/produkt\/baldaquin-de-blindage-niomi\/?lang=fr\" \/>\n<meta property=\"og:site_name\" content=\"Elektrosmog-Schutz Onlineshop\" \/>\n<meta property=\"article:publisher\" content=\"https:\/\/www.facebook.com\/Ecologa-Europe-GmbH-1604744566252298\/\" \/>\n<meta property=\"article:modified_time\" content=\"2025-05-16T10:41:03+00:00\" \/>\n<meta property=\"og:image\" content=\"https:\/\/ecologa-europe.com\/shop\/wp-content\/uploads\/2025\/04\/niomi_gesch_21psd.jpg\" \/>\n\t<meta property=\"og:image:width\" content=\"1772\" \/>\n\t<meta property=\"og:image:height\" content=\"1280\" \/>\n\t<meta property=\"og:image:type\" content=\"image\/jpeg\" \/>\n<meta name=\"twitter:card\" content=\"summary_large_image\" \/>\n<meta name=\"twitter:label1\" content=\"Gesch\u00e4tzte Lesezeit\" \/>\n\t<meta name=\"twitter:data1\" content=\"2\u00a0Minuten\" \/>\n<script type=\"application\/ld+json\" class=\"yoast-schema-graph\">{\"@context\":\"https:\\\/\\\/schema.org\",\"@graph\":[{\"@type\":\"WebPage\",\"@id\":\"https:\\\/\\\/ecologa-europe.com\\\/shop\\\/produkt\\\/baldaquin-de-blindage-niomi\\\/?lang=fr\",\"url\":\"https:\\\/\\\/ecologa-europe.com\\\/shop\\\/produkt\\\/baldaquin-de-blindage-niomi\\\/?lang=fr\",\"name\":\"Baldaquin de blindage Niomi - Elektrosmog-Schutz Onlineshop\",\"isPartOf\":{\"@id\":\"https:\\\/\\\/ecologa-europe.com\\\/shop\\\/#website\"},\"primaryImageOfPage\":{\"@id\":\"https:\\\/\\\/ecologa-europe.com\\\/shop\\\/produkt\\\/baldaquin-de-blindage-niomi\\\/?lang=fr#primaryimage\"},\"image\":{\"@id\":\"https:\\\/\\\/ecologa-europe.com\\\/shop\\\/produkt\\\/baldaquin-de-blindage-niomi\\\/?lang=fr#primaryimage\"},\"thumbnailUrl\":\"https:\\\/\\\/ecologa-europe.com\\\/shop\\\/wp-content\\\/uploads\\\/2025\\\/04\\\/niomi_gesch_21psd.jpg\",\"datePublished\":\"2025-05-16T10:15:07+00:00\",\"dateModified\":\"2025-05-16T10:41:03+00:00\",\"description\":\"Baldaquin de blindage pour la protection contre les rayonnements \u00e9lectromagn\u00e9tiques \u00e0 haute fr\u00e9quence.\",\"breadcrumb\":{\"@id\":\"https:\\\/\\\/ecologa-europe.com\\\/shop\\\/produkt\\\/baldaquin-de-blindage-niomi\\\/?lang=fr#breadcrumb\"},\"inLanguage\":\"de\",\"potentialAction\":[{\"@type\":\"ReadAction\",\"target\":[\"https:\\\/\\\/ecologa-europe.com\\\/shop\\\/produkt\\\/baldaquin-de-blindage-niomi\\\/?lang=fr\"]}]},{\"@type\":\"ImageObject\",\"inLanguage\":\"de\",\"@id\":\"https:\\\/\\\/ecologa-europe.com\\\/shop\\\/produkt\\\/baldaquin-de-blindage-niomi\\\/?lang=fr#primaryimage\",\"url\":\"https:\\\/\\\/ecologa-europe.com\\\/shop\\\/wp-content\\\/uploads\\\/2025\\\/04\\\/niomi_gesch_21psd.jpg\",\"contentUrl\":\"https:\\\/\\\/ecologa-europe.com\\\/shop\\\/wp-content\\\/uploads\\\/2025\\\/04\\\/niomi_gesch_21psd.jpg\",\"width\":1772,\"height\":1280},{\"@type\":\"BreadcrumbList\",\"@id\":\"https:\\\/\\\/ecologa-europe.com\\\/shop\\\/produkt\\\/baldaquin-de-blindage-niomi\\\/?lang=fr#breadcrumb\",\"itemListElement\":[{\"@type\":\"ListItem\",\"position\":1,\"name\":\"Startseite\",\"item\":\"https:\\\/\\\/ecologa-europe.com\\\/shop\\\/\"},{\"@type\":\"ListItem\",\"position\":2,\"name\":\"Shop\",\"item\":\"https:\\\/\\\/ecologa-europe.com\\\/shop\\\/shop\\\/\"},{\"@type\":\"ListItem\",\"position\":3,\"name\":\"Baldaquin de blindage Niomi\"}]},{\"@type\":\"WebSite\",\"@id\":\"https:\\\/\\\/ecologa-europe.com\\\/shop\\\/#website\",\"url\":\"https:\\\/\\\/ecologa-europe.com\\\/shop\\\/\",\"name\":\"Elektrosmog-Schutz Onlineshop\",\"description\":\"Ecologa Europe\",\"publisher\":{\"@id\":\"https:\\\/\\\/ecologa-europe.com\\\/shop\\\/#organization\"},\"potentialAction\":[{\"@type\":\"SearchAction\",\"target\":{\"@type\":\"EntryPoint\",\"urlTemplate\":\"https:\\\/\\\/ecologa-europe.com\\\/shop\\\/?s={search_term_string}\"},\"query-input\":{\"@type\":\"PropertyValueSpecification\",\"valueRequired\":true,\"valueName\":\"search_term_string\"}}],\"inLanguage\":\"de\"},{\"@type\":\"Organization\",\"@id\":\"https:\\\/\\\/ecologa-europe.com\\\/shop\\\/#organization\",\"name\":\"Elektrosmog-Schutz Onlineshop\",\"url\":\"https:\\\/\\\/ecologa-europe.com\\\/shop\\\/\",\"logo\":{\"@type\":\"ImageObject\",\"inLanguage\":\"de\",\"@id\":\"https:\\\/\\\/ecologa-europe.com\\\/shop\\\/#\\\/schema\\\/logo\\\/image\\\/\",\"url\":\"https:\\\/\\\/ecologa-europe.com\\\/shop\\\/wp-content\\\/uploads\\\/2025\\\/04\\\/vertical-navbar-logo.svg\",\"contentUrl\":\"https:\\\/\\\/ecologa-europe.com\\\/shop\\\/wp-content\\\/uploads\\\/2025\\\/04\\\/vertical-navbar-logo.svg\",\"width\":182,\"height\":70,\"caption\":\"Elektrosmog-Schutz Onlineshop\"},\"image\":{\"@id\":\"https:\\\/\\\/ecologa-europe.com\\\/shop\\\/#\\\/schema\\\/logo\\\/image\\\/\"},\"sameAs\":[\"https:\\\/\\\/www.facebook.com\\\/Ecologa-Europe-GmbH-1604744566252298\\\/\",\"https:\\\/\\\/www.instagram.com\\\/ecologaeurope\\\/\"]}]}<\/script>\n<!-- \/ Yoast SEO plugin. -->","yoast_head_json":{"title":"Baldaquin de blindage Niomi - Elektrosmog-Schutz Onlineshop","description":"Baldaquin de blindage pour la protection contre les rayonnements \u00e9lectromagn\u00e9tiques \u00e0 haute fr\u00e9quence.","robots":{"index":"index","follow":"follow","max-snippet":"max-snippet:-1","max-image-preview":"max-image-preview:large","max-video-preview":"max-video-preview:-1"},"canonical":"https:\/\/ecologa-europe.com\/shop\/produkt\/baldaquin-de-blindage-niomi\/","og_locale":"de_DE","og_type":"article","og_title":"Baldaquin de blindage Niomi - Elektrosmog-Schutz Onlineshop","og_description":"Baldaquin de blindage pour la protection contre les rayonnements \u00e9lectromagn\u00e9tiques \u00e0 haute fr\u00e9quence.","og_url":"https:\/\/ecologa-europe.com\/shop\/produkt\/baldaquin-de-blindage-niomi\/?lang=fr","og_site_name":"Elektrosmog-Schutz Onlineshop","article_publisher":"https:\/\/www.facebook.com\/Ecologa-Europe-GmbH-1604744566252298\/","article_modified_time":"2025-05-16T10:41:03+00:00","og_image":[{"width":1772,"height":1280,"url":"https:\/\/ecologa-europe.com\/shop\/wp-content\/uploads\/2025\/04\/niomi_gesch_21psd.jpg","type":"image\/jpeg"}],"twitter_card":"summary_large_image","twitter_misc":{"Gesch\u00e4tzte Lesezeit":"2\u00a0Minuten"},"schema":{"@context":"https:\/\/schema.org","@graph":[{"@type":"WebPage","@id":"https:\/\/ecologa-europe.com\/shop\/produkt\/baldaquin-de-blindage-niomi\/?lang=fr","url":"https:\/\/ecologa-europe.com\/shop\/produkt\/baldaquin-de-blindage-niomi\/?lang=fr","name":"Baldaquin de blindage Niomi - Elektrosmog-Schutz Onlineshop","isPartOf":{"@id":"https:\/\/ecologa-europe.com\/shop\/#website"},"primaryImageOfPage":{"@id":"https:\/\/ecologa-europe.com\/shop\/produkt\/baldaquin-de-blindage-niomi\/?lang=fr#primaryimage"},"image":{"@id":"https:\/\/ecologa-europe.com\/shop\/produkt\/baldaquin-de-blindage-niomi\/?lang=fr#primaryimage"},"thumbnailUrl":"https:\/\/ecologa-europe.com\/shop\/wp-content\/uploads\/2025\/04\/niomi_gesch_21psd.jpg","datePublished":"2025-05-16T10:15:07+00:00","dateModified":"2025-05-16T10:41:03+00:00","description":"Baldaquin de blindage pour la protection contre les rayonnements \u00e9lectromagn\u00e9tiques \u00e0 haute fr\u00e9quence.","breadcrumb":{"@id":"https:\/\/ecologa-europe.com\/shop\/produkt\/baldaquin-de-blindage-niomi\/?lang=fr#breadcrumb"},"inLanguage":"de","potentialAction":[{"@type":"ReadAction","target":["https:\/\/ecologa-europe.com\/shop\/produkt\/baldaquin-de-blindage-niomi\/?lang=fr"]}]},{"@type":"ImageObject","inLanguage":"de","@id":"https:\/\/ecologa-europe.com\/shop\/produkt\/baldaquin-de-blindage-niomi\/?lang=fr#primaryimage","url":"https:\/\/ecologa-europe.com\/shop\/wp-content\/uploads\/2025\/04\/niomi_gesch_21psd.jpg","contentUrl":"https:\/\/ecologa-europe.com\/shop\/wp-content\/uploads\/2025\/04\/niomi_gesch_21psd.jpg","width":1772,"height":1280},{"@type":"BreadcrumbList","@id":"https:\/\/ecologa-europe.com\/shop\/produkt\/baldaquin-de-blindage-niomi\/?lang=fr#breadcrumb","itemListElement":[{"@type":"ListItem","position":1,"name":"Startseite","item":"https:\/\/ecologa-europe.com\/shop\/"},{"@type":"ListItem","position":2,"name":"Shop","item":"https:\/\/ecologa-europe.com\/shop\/shop\/"},{"@type":"ListItem","position":3,"name":"Baldaquin de blindage Niomi"}]},{"@type":"WebSite","@id":"https:\/\/ecologa-europe.com\/shop\/#website","url":"https:\/\/ecologa-europe.com\/shop\/","name":"Elektrosmog-Schutz Onlineshop","description":"Ecologa Europe","publisher":{"@id":"https:\/\/ecologa-europe.com\/shop\/#organization"},"potentialAction":[{"@type":"SearchAction","target":{"@type":"EntryPoint","urlTemplate":"https:\/\/ecologa-europe.com\/shop\/?s={search_term_string}"},"query-input":{"@type":"PropertyValueSpecification","valueRequired":true,"valueName":"search_term_string"}}],"inLanguage":"de"},{"@type":"Organization","@id":"https:\/\/ecologa-europe.com\/shop\/#organization","name":"Elektrosmog-Schutz Onlineshop","url":"https:\/\/ecologa-europe.com\/shop\/","logo":{"@type":"ImageObject","inLanguage":"de","@id":"https:\/\/ecologa-europe.com\/shop\/#\/schema\/logo\/image\/","url":"https:\/\/ecologa-europe.com\/shop\/wp-content\/uploads\/2025\/04\/vertical-navbar-logo.svg","contentUrl":"https:\/\/ecologa-europe.com\/shop\/wp-content\/uploads\/2025\/04\/vertical-navbar-logo.svg","width":182,"height":70,"caption":"Elektrosmog-Schutz Onlineshop"},"image":{"@id":"https:\/\/ecologa-europe.com\/shop\/#\/schema\/logo\/image\/"},"sameAs":["https:\/\/www.facebook.com\/Ecologa-Europe-GmbH-1604744566252298\/","https:\/\/www.instagram.com\/ecologaeurope\/"]}]}},"_links":{"self":[{"href":"https:\/\/ecologa-europe.com\/shop\/wp-json\/wp\/v2\/product\/7026","targetHints":{"allow":["GET"]}}],"collection":[{"href":"https:\/\/ecologa-europe.com\/shop\/wp-json\/wp\/v2\/product"}],"about":[{"href":"https:\/\/ecologa-europe.com\/shop\/wp-json\/wp\/v2\/types\/product"}],"wp:featuredmedia":[{"embeddable":true,"href":"https:\/\/ecologa-europe.com\/shop\/wp-json\/wp\/v2\/media\/1648"}],"wp:attachment":[{"href":"https:\/\/ecologa-europe.com\/shop\/wp-json\/wp\/v2\/media?parent=7026"}],"wp:term":[{"taxonomy":"product_brand","embeddable":true,"href":"https:\/\/ecologa-europe.com\/shop\/wp-json\/wp\/v2\/product_brand?post=7026"},{"taxonomy":"product_cat","embeddable":true,"href":"https:\/\/ecologa-europe.com\/shop\/wp-json\/wp\/v2\/product_cat?post=7026"},{"taxonomy":"product_tag","embeddable":true,"href":"https:\/\/ecologa-europe.com\/shop\/wp-json\/wp\/v2\/product_tag?post=7026"}],"curies":[{"name":"wp","href":"https:\/\/api.w.org\/{rel}","templated":true}]}}