{"id":7035,"date":"2025-05-16T10:15:04","date_gmt":"2025-05-16T10:15:04","guid":{"rendered":"https:\/\/639.pm-domains.de\/?post_type=product&#038;p=7035"},"modified":"2026-03-05T16:37:10","modified_gmt":"2026-03-05T16:37:10","slug":"custodia-di-schermatura-per-smartphone-17","status":"publish","type":"product","link":"https:\/\/ecologa-europe.com\/shop\/produkt\/custodia-di-schermatura-per-smartphone-17\/?lang=it","title":{"rendered":"Custodia di schermatura per smartphone 17"},"content":{"rendered":"<p>La protezione professionale contro l&#8217;abuso di dati e la sicurezza dei dati nel campo della mobile forensics con una schermatura di 80 dB nella gamma di frequenze da 0,9 a 3,8 GHz!<\/p>\n<p>Sebbene la custodia protettiva sia stata sviluppata per l&#8217;uso nella mobile forensics, \u00e8 ideale anche per l&#8217;uso privato.<\/p>\n<p>Non appena il telefono cellulare viene inserito nella custodia protettiva, non \u00e8 pi\u00f9 possibile accedere ai dati dall&#8217;esterno. Non \u00e8 nemmeno possibile accendere il telefono a distanza: tutti i segnali esterni sono bloccati.<\/p>\n<p>Le custodie offrono quindi una protezione completa contro l&#8217;uso improprio dei dati e l&#8217;accesso esterno, come l&#8217;hacking e il tracking.<br \/>\nLa forza della schermatura raggiunge in media 85 dB nella gamma di frequenze da 0,7 a 5 GHz.<\/p>\n<p>Questa custodia \u00e8 realizzata con un&#8217;eccellente combinazione di materiali a due strati contenenti tessuti protettivi metallizzati con argento, rame, nichel e stagno per proteggere i dispositivi elettronici da qualsiasi radiazione esterna.<\/p>\n<p>\u00c8 ideale per l&#8217;uso nelle indagini informatiche forensi, nelle agenzie di intelligence e in tutte le applicazioni in cui \u00e8 richiesta la massima qualit\u00e0 e affidabilit\u00e0. Affidatevi alle eccezionali prestazioni di schermatura e alla combinazione di materiali a doppio strato per proteggere i vostri dati e dispositivi da accessi indesiderati.<\/p>\n<p>Dati tecnici<\/p>\n<p>Caratteristiche: schermatura di sicurezza dei dispositivi elettronici personali (5G, WLAN, GSM, LTE, UMTS, Bluetooth e altri).<br \/>\nEffetto schermante: fino a 85 dB in media da 0,7 a 5 GHz.<br \/>\nAree di applicazione: Schermatura di dispositivi elettronici altamente sensibili, analisi forense di telefoni cellulari e computer, schermatura di microprocessori in carte bancarie e assicurative.<br \/>\nDescrizione del materiale:<br \/>\nMateriale esterno: poliammide a trama molto fitta.<br \/>\nFodera di schermatura: tessuto di nylon rivestito di Ni\/Cu\/Ag\/Sn.<br \/>\nQuesti tessuti sono utilizzati per la schermatura di grandi superfici di alte frequenze e radiazioni elettromagnetiche, nonch\u00e9 di campi elettrici alternati a bassa frequenza.<br \/>\nLa schermatura superficiale \u00e8 stata misurata secondo le norme IEEE 299\/2006, MIL 285 e NSA-94-106.<br \/>\nDimensioni interne: 17,5 x 10 cm<br \/>\nPortatile &#8211; l&#8217;astuccio di sicurezza pu\u00f2 essere indossato in modo flessibile sul corpo e, se lo si desidera, pu\u00f2 essere agganciato a una cintura.<\/p>\n<p>Le custodie sono realizzate a mano.<br \/>\nProdotto in Germania<\/p>\n","protected":false},"excerpt":{"rendered":"<p>La custodia offre la massima protezione contro spionaggio, tracciamento, intercettazioni e radiazioni.<\/p>\n<p>La protezione professionale contro l&#8217;abuso di dati e la sicurezza dei dati nel campo della mobile forensics con una schermatura di 80 dB nella gamma di frequenze da 0,9 a 3,8 GHz!<\/p>\n<p>Sebbene la custodia protettiva sia stata sviluppata per l&#8217;uso nella mobile forensics, \u00e8 ideale anche per l&#8217;uso privato.<\/p>\n<p>Non appena il telefono cellulare viene inserito nella custodia protettiva, non \u00e8 pi\u00f9 possibile accedere ai dati dall&#8217;esterno. Non \u00e8 nemmeno possibile accendere il telefono a distanza: tutti i segnali esterni sono bloccati.<\/p>\n<p>Caratteristiche: schermatura di sicurezza dei dispositivi elettronici personali (5G, WLAN, GSM, LTE, UMTS, Bluetooth e altri).<br \/>\nEffetto schermante: fino a 85 dB in media da 0,7 a 5 GHz.<br \/>\nDimensioni interne: 17,5 x 10 cm.<br \/>\nCampi di applicazione: Schermatura di dispositivi elettronici altamente sensibili, analisi forense di telefoni cellulari e computer, schermatura di microprocessori in carte bancarie e assicurative.<\/p>\n<p>Le custodie sono realizzate a mano.<br \/>\nProdotto in Germania<\/p>\n","protected":false},"featured_media":1568,"template":"","meta":{"inline_featured_image":false,"site-sidebar-layout":"default","site-content-layout":"","ast-site-content-layout":"default","site-content-style":"default","site-sidebar-style":"default","ast-global-header-display":"","ast-banner-title-visibility":"","ast-main-header-display":"","ast-hfb-above-header-display":"","ast-hfb-below-header-display":"","ast-hfb-mobile-header-display":"","site-post-title":"","ast-breadcrumbs-content":"","ast-featured-img":"","footer-sml-layout":"","ast-disable-related-posts":"","theme-transparent-header-meta":"default","adv-header-id-meta":"","stick-header-meta":"","header-above-stick-meta":"","header-main-stick-meta":"","header-below-stick-meta":"","astra-migrate-meta-layouts":"default","ast-page-background-enabled":"default","ast-page-background-meta":{"desktop":{"background-color":"var(--ast-global-color-5)","background-image":"","background-repeat":"repeat","background-position":"center center","background-size":"auto","background-attachment":"scroll","background-type":"","background-media":"","overlay-type":"","overlay-color":"","overlay-opacity":"","overlay-gradient":""},"tablet":{"background-color":"","background-image":"","background-repeat":"repeat","background-position":"center center","background-size":"auto","background-attachment":"scroll","background-type":"","background-media":"","overlay-type":"","overlay-color":"","overlay-opacity":"","overlay-gradient":""},"mobile":{"background-color":"","background-image":"","background-repeat":"repeat","background-position":"center center","background-size":"auto","background-attachment":"scroll","background-type":"","background-media":"","overlay-type":"","overlay-color":"","overlay-opacity":"","overlay-gradient":""}},"ast-content-background-meta":{"desktop":{"background-color":"var(--ast-global-color-4)","background-image":"","background-repeat":"repeat","background-position":"center center","background-size":"auto","background-attachment":"scroll","background-type":"","background-media":"","overlay-type":"","overlay-color":"","overlay-opacity":"","overlay-gradient":""},"tablet":{"background-color":"var(--ast-global-color-4)","background-image":"","background-repeat":"repeat","background-position":"center center","background-size":"auto","background-attachment":"scroll","background-type":"","background-media":"","overlay-type":"","overlay-color":"","overlay-opacity":"","overlay-gradient":""},"mobile":{"background-color":"var(--ast-global-color-4)","background-image":"","background-repeat":"repeat","background-position":"center center","background-size":"auto","background-attachment":"scroll","background-type":"","background-media":"","overlay-type":"","overlay-color":"","overlay-opacity":"","overlay-gradient":""}}},"product_brand":[],"product_cat":[303],"product_tag":[304,305,306],"class_list":{"0":"post-7035","1":"product","2":"type-product","3":"status-publish","4":"has-post-thumbnail","6":"product_cat-custodie-di-protezione-faraday","7":"product_tag-forense","8":"product_tag-protezione-contro-luso-abusivo-dei-dati","9":"product_tag-protezione-dei-dispositivi-elettronici","10":"product_shipping_class-standardversand","11":"desktop-align-left","12":"tablet-align-left","13":"mobile-align-left","15":"first","16":"instock","17":"taxable","18":"shipping-taxable","19":"purchasable","20":"product-type-simple"},"yoast_head":"<!-- This site is optimized with the Yoast SEO plugin v27.3 - https:\/\/yoast.com\/product\/yoast-seo-wordpress\/ -->\n<title>Custodia di schermatura per smartphone 17 - Elektrosmog-Schutz Onlineshop<\/title>\n<meta name=\"description\" content=\"La custodia schermante offre la massima protezione contro lo spionaggio, la localizzazione, le intercettazioni e le radiazioni.\" \/>\n<meta name=\"robots\" content=\"index, follow, max-snippet:-1, max-image-preview:large, max-video-preview:-1\" \/>\n<link rel=\"canonical\" href=\"https:\/\/ecologa-europe.com\/shop\/produkt\/custodia-di-schermatura-per-smartphone-17\/\" \/>\n<meta property=\"og:locale\" content=\"de_DE\" \/>\n<meta property=\"og:type\" content=\"article\" \/>\n<meta property=\"og:title\" content=\"Custodia di schermatura per smartphone 17 - Elektrosmog-Schutz Onlineshop\" \/>\n<meta property=\"og:description\" content=\"La custodia schermante offre la massima protezione contro lo spionaggio, la localizzazione, le intercettazioni e le radiazioni.\" \/>\n<meta property=\"og:url\" content=\"https:\/\/ecologa-europe.com\/shop\/produkt\/custodia-di-schermatura-per-smartphone-17\/?lang=it\" \/>\n<meta property=\"og:site_name\" content=\"Elektrosmog-Schutz Onlineshop\" \/>\n<meta property=\"article:publisher\" content=\"https:\/\/www.facebook.com\/Ecologa-Europe-GmbH-1604744566252298\/\" \/>\n<meta property=\"article:modified_time\" content=\"2026-03-05T16:37:10+00:00\" \/>\n<meta property=\"og:image\" content=\"https:\/\/ecologa-europe.com\/shop\/wp-content\/uploads\/2025\/04\/schutztasche_1702_1.jpg\" \/>\n\t<meta property=\"og:image:width\" content=\"1772\" \/>\n\t<meta property=\"og:image:height\" content=\"1280\" \/>\n\t<meta property=\"og:image:type\" content=\"image\/jpeg\" \/>\n<meta name=\"twitter:card\" content=\"summary_large_image\" \/>\n<meta name=\"twitter:label1\" content=\"Gesch\u00e4tzte Lesezeit\" \/>\n\t<meta name=\"twitter:data1\" content=\"2\u00a0Minuten\" \/>\n<script type=\"application\/ld+json\" class=\"yoast-schema-graph\">{\"@context\":\"https:\\\/\\\/schema.org\",\"@graph\":[{\"@type\":\"WebPage\",\"@id\":\"https:\\\/\\\/ecologa-europe.com\\\/shop\\\/produkt\\\/custodia-di-schermatura-per-smartphone-17\\\/?lang=it\",\"url\":\"https:\\\/\\\/ecologa-europe.com\\\/shop\\\/produkt\\\/custodia-di-schermatura-per-smartphone-17\\\/?lang=it\",\"name\":\"Custodia di schermatura per smartphone 17 - Elektrosmog-Schutz Onlineshop\",\"isPartOf\":{\"@id\":\"https:\\\/\\\/ecologa-europe.com\\\/shop\\\/#website\"},\"primaryImageOfPage\":{\"@id\":\"https:\\\/\\\/ecologa-europe.com\\\/shop\\\/produkt\\\/custodia-di-schermatura-per-smartphone-17\\\/?lang=it#primaryimage\"},\"image\":{\"@id\":\"https:\\\/\\\/ecologa-europe.com\\\/shop\\\/produkt\\\/custodia-di-schermatura-per-smartphone-17\\\/?lang=it#primaryimage\"},\"thumbnailUrl\":\"https:\\\/\\\/ecologa-europe.com\\\/shop\\\/wp-content\\\/uploads\\\/2025\\\/04\\\/schutztasche_1702_1.jpg\",\"datePublished\":\"2025-05-16T10:15:04+00:00\",\"dateModified\":\"2026-03-05T16:37:10+00:00\",\"description\":\"La custodia schermante offre la massima protezione contro lo spionaggio, la localizzazione, le intercettazioni e le radiazioni.\",\"breadcrumb\":{\"@id\":\"https:\\\/\\\/ecologa-europe.com\\\/shop\\\/produkt\\\/custodia-di-schermatura-per-smartphone-17\\\/?lang=it#breadcrumb\"},\"inLanguage\":\"de\",\"potentialAction\":[{\"@type\":\"ReadAction\",\"target\":[\"https:\\\/\\\/ecologa-europe.com\\\/shop\\\/produkt\\\/custodia-di-schermatura-per-smartphone-17\\\/?lang=it\"]}]},{\"@type\":\"ImageObject\",\"inLanguage\":\"de\",\"@id\":\"https:\\\/\\\/ecologa-europe.com\\\/shop\\\/produkt\\\/custodia-di-schermatura-per-smartphone-17\\\/?lang=it#primaryimage\",\"url\":\"https:\\\/\\\/ecologa-europe.com\\\/shop\\\/wp-content\\\/uploads\\\/2025\\\/04\\\/schutztasche_1702_1.jpg\",\"contentUrl\":\"https:\\\/\\\/ecologa-europe.com\\\/shop\\\/wp-content\\\/uploads\\\/2025\\\/04\\\/schutztasche_1702_1.jpg\",\"width\":1772,\"height\":1280},{\"@type\":\"BreadcrumbList\",\"@id\":\"https:\\\/\\\/ecologa-europe.com\\\/shop\\\/produkt\\\/custodia-di-schermatura-per-smartphone-17\\\/?lang=it#breadcrumb\",\"itemListElement\":[{\"@type\":\"ListItem\",\"position\":1,\"name\":\"Startseite\",\"item\":\"https:\\\/\\\/ecologa-europe.com\\\/shop\\\/\"},{\"@type\":\"ListItem\",\"position\":2,\"name\":\"Shop\",\"item\":\"https:\\\/\\\/ecologa-europe.com\\\/shop\\\/shop\\\/\"},{\"@type\":\"ListItem\",\"position\":3,\"name\":\"Custodia di schermatura per smartphone 17\"}]},{\"@type\":\"WebSite\",\"@id\":\"https:\\\/\\\/ecologa-europe.com\\\/shop\\\/#website\",\"url\":\"https:\\\/\\\/ecologa-europe.com\\\/shop\\\/\",\"name\":\"Elektrosmog-Schutz Onlineshop\",\"description\":\"Ecologa Europe\",\"publisher\":{\"@id\":\"https:\\\/\\\/ecologa-europe.com\\\/shop\\\/#organization\"},\"potentialAction\":[{\"@type\":\"SearchAction\",\"target\":{\"@type\":\"EntryPoint\",\"urlTemplate\":\"https:\\\/\\\/ecologa-europe.com\\\/shop\\\/?s={search_term_string}\"},\"query-input\":{\"@type\":\"PropertyValueSpecification\",\"valueRequired\":true,\"valueName\":\"search_term_string\"}}],\"inLanguage\":\"de\"},{\"@type\":\"Organization\",\"@id\":\"https:\\\/\\\/ecologa-europe.com\\\/shop\\\/#organization\",\"name\":\"Elektrosmog-Schutz Onlineshop\",\"url\":\"https:\\\/\\\/ecologa-europe.com\\\/shop\\\/\",\"logo\":{\"@type\":\"ImageObject\",\"inLanguage\":\"de\",\"@id\":\"https:\\\/\\\/ecologa-europe.com\\\/shop\\\/#\\\/schema\\\/logo\\\/image\\\/\",\"url\":\"https:\\\/\\\/ecologa-europe.com\\\/shop\\\/wp-content\\\/uploads\\\/2025\\\/04\\\/vertical-navbar-logo.svg\",\"contentUrl\":\"https:\\\/\\\/ecologa-europe.com\\\/shop\\\/wp-content\\\/uploads\\\/2025\\\/04\\\/vertical-navbar-logo.svg\",\"width\":182,\"height\":70,\"caption\":\"Elektrosmog-Schutz Onlineshop\"},\"image\":{\"@id\":\"https:\\\/\\\/ecologa-europe.com\\\/shop\\\/#\\\/schema\\\/logo\\\/image\\\/\"},\"sameAs\":[\"https:\\\/\\\/www.facebook.com\\\/Ecologa-Europe-GmbH-1604744566252298\\\/\",\"https:\\\/\\\/www.instagram.com\\\/ecologaeurope\\\/\"]}]}<\/script>\n<!-- \/ Yoast SEO plugin. -->","yoast_head_json":{"title":"Custodia di schermatura per smartphone 17 - Elektrosmog-Schutz Onlineshop","description":"La custodia schermante offre la massima protezione contro lo spionaggio, la localizzazione, le intercettazioni e le radiazioni.","robots":{"index":"index","follow":"follow","max-snippet":"max-snippet:-1","max-image-preview":"max-image-preview:large","max-video-preview":"max-video-preview:-1"},"canonical":"https:\/\/ecologa-europe.com\/shop\/produkt\/custodia-di-schermatura-per-smartphone-17\/","og_locale":"de_DE","og_type":"article","og_title":"Custodia di schermatura per smartphone 17 - Elektrosmog-Schutz Onlineshop","og_description":"La custodia schermante offre la massima protezione contro lo spionaggio, la localizzazione, le intercettazioni e le radiazioni.","og_url":"https:\/\/ecologa-europe.com\/shop\/produkt\/custodia-di-schermatura-per-smartphone-17\/?lang=it","og_site_name":"Elektrosmog-Schutz Onlineshop","article_publisher":"https:\/\/www.facebook.com\/Ecologa-Europe-GmbH-1604744566252298\/","article_modified_time":"2026-03-05T16:37:10+00:00","og_image":[{"width":1772,"height":1280,"url":"https:\/\/ecologa-europe.com\/shop\/wp-content\/uploads\/2025\/04\/schutztasche_1702_1.jpg","type":"image\/jpeg"}],"twitter_card":"summary_large_image","twitter_misc":{"Gesch\u00e4tzte Lesezeit":"2\u00a0Minuten"},"schema":{"@context":"https:\/\/schema.org","@graph":[{"@type":"WebPage","@id":"https:\/\/ecologa-europe.com\/shop\/produkt\/custodia-di-schermatura-per-smartphone-17\/?lang=it","url":"https:\/\/ecologa-europe.com\/shop\/produkt\/custodia-di-schermatura-per-smartphone-17\/?lang=it","name":"Custodia di schermatura per smartphone 17 - Elektrosmog-Schutz Onlineshop","isPartOf":{"@id":"https:\/\/ecologa-europe.com\/shop\/#website"},"primaryImageOfPage":{"@id":"https:\/\/ecologa-europe.com\/shop\/produkt\/custodia-di-schermatura-per-smartphone-17\/?lang=it#primaryimage"},"image":{"@id":"https:\/\/ecologa-europe.com\/shop\/produkt\/custodia-di-schermatura-per-smartphone-17\/?lang=it#primaryimage"},"thumbnailUrl":"https:\/\/ecologa-europe.com\/shop\/wp-content\/uploads\/2025\/04\/schutztasche_1702_1.jpg","datePublished":"2025-05-16T10:15:04+00:00","dateModified":"2026-03-05T16:37:10+00:00","description":"La custodia schermante offre la massima protezione contro lo spionaggio, la localizzazione, le intercettazioni e le radiazioni.","breadcrumb":{"@id":"https:\/\/ecologa-europe.com\/shop\/produkt\/custodia-di-schermatura-per-smartphone-17\/?lang=it#breadcrumb"},"inLanguage":"de","potentialAction":[{"@type":"ReadAction","target":["https:\/\/ecologa-europe.com\/shop\/produkt\/custodia-di-schermatura-per-smartphone-17\/?lang=it"]}]},{"@type":"ImageObject","inLanguage":"de","@id":"https:\/\/ecologa-europe.com\/shop\/produkt\/custodia-di-schermatura-per-smartphone-17\/?lang=it#primaryimage","url":"https:\/\/ecologa-europe.com\/shop\/wp-content\/uploads\/2025\/04\/schutztasche_1702_1.jpg","contentUrl":"https:\/\/ecologa-europe.com\/shop\/wp-content\/uploads\/2025\/04\/schutztasche_1702_1.jpg","width":1772,"height":1280},{"@type":"BreadcrumbList","@id":"https:\/\/ecologa-europe.com\/shop\/produkt\/custodia-di-schermatura-per-smartphone-17\/?lang=it#breadcrumb","itemListElement":[{"@type":"ListItem","position":1,"name":"Startseite","item":"https:\/\/ecologa-europe.com\/shop\/"},{"@type":"ListItem","position":2,"name":"Shop","item":"https:\/\/ecologa-europe.com\/shop\/shop\/"},{"@type":"ListItem","position":3,"name":"Custodia di schermatura per smartphone 17"}]},{"@type":"WebSite","@id":"https:\/\/ecologa-europe.com\/shop\/#website","url":"https:\/\/ecologa-europe.com\/shop\/","name":"Elektrosmog-Schutz Onlineshop","description":"Ecologa Europe","publisher":{"@id":"https:\/\/ecologa-europe.com\/shop\/#organization"},"potentialAction":[{"@type":"SearchAction","target":{"@type":"EntryPoint","urlTemplate":"https:\/\/ecologa-europe.com\/shop\/?s={search_term_string}"},"query-input":{"@type":"PropertyValueSpecification","valueRequired":true,"valueName":"search_term_string"}}],"inLanguage":"de"},{"@type":"Organization","@id":"https:\/\/ecologa-europe.com\/shop\/#organization","name":"Elektrosmog-Schutz Onlineshop","url":"https:\/\/ecologa-europe.com\/shop\/","logo":{"@type":"ImageObject","inLanguage":"de","@id":"https:\/\/ecologa-europe.com\/shop\/#\/schema\/logo\/image\/","url":"https:\/\/ecologa-europe.com\/shop\/wp-content\/uploads\/2025\/04\/vertical-navbar-logo.svg","contentUrl":"https:\/\/ecologa-europe.com\/shop\/wp-content\/uploads\/2025\/04\/vertical-navbar-logo.svg","width":182,"height":70,"caption":"Elektrosmog-Schutz Onlineshop"},"image":{"@id":"https:\/\/ecologa-europe.com\/shop\/#\/schema\/logo\/image\/"},"sameAs":["https:\/\/www.facebook.com\/Ecologa-Europe-GmbH-1604744566252298\/","https:\/\/www.instagram.com\/ecologaeurope\/"]}]}},"_links":{"self":[{"href":"https:\/\/ecologa-europe.com\/shop\/wp-json\/wp\/v2\/product\/7035","targetHints":{"allow":["GET"]}}],"collection":[{"href":"https:\/\/ecologa-europe.com\/shop\/wp-json\/wp\/v2\/product"}],"about":[{"href":"https:\/\/ecologa-europe.com\/shop\/wp-json\/wp\/v2\/types\/product"}],"wp:featuredmedia":[{"embeddable":true,"href":"https:\/\/ecologa-europe.com\/shop\/wp-json\/wp\/v2\/media\/1568"}],"wp:attachment":[{"href":"https:\/\/ecologa-europe.com\/shop\/wp-json\/wp\/v2\/media?parent=7035"}],"wp:term":[{"taxonomy":"product_brand","embeddable":true,"href":"https:\/\/ecologa-europe.com\/shop\/wp-json\/wp\/v2\/product_brand?post=7035"},{"taxonomy":"product_cat","embeddable":true,"href":"https:\/\/ecologa-europe.com\/shop\/wp-json\/wp\/v2\/product_cat?post=7035"},{"taxonomy":"product_tag","embeddable":true,"href":"https:\/\/ecologa-europe.com\/shop\/wp-json\/wp\/v2\/product_tag?post=7035"}],"curies":[{"name":"wp","href":"https:\/\/api.w.org\/{rel}","templated":true}]}}