{"id":7036,"date":"2025-05-16T10:15:04","date_gmt":"2025-05-16T10:15:04","guid":{"rendered":"https:\/\/639.pm-domains.de\/?post_type=product&#038;p=7036"},"modified":"2026-04-07T10:22:29","modified_gmt":"2026-04-07T10:22:29","slug":"pochette-de-protection-pour-tablet-31","status":"publish","type":"product","link":"https:\/\/ecologa-europe.com\/shop\/produkt\/pochette-de-protection-pour-tablet-31\/?lang=fr","title":{"rendered":"Pochette de protection pour Tablet 31"},"content":{"rendered":"<h1 class=\"western\">Housse Faraday pour Tablette \u2013 Protection fiable des donn\u00e9es sensibles<\/h1>\n<p>Les tablettes et appareils mobiles sont constamment connect\u00e9s et donc potentiellement vuln\u00e9rables. Avec cette housse Faraday professionnelle, vous prot\u00e9gez efficacement vos appareils contre le piratage, le suivi et les transmissions de donn\u00e9es non d\u00e9sir\u00e9es.<br \/>\nD\u00e8s que votre tablette ou smartphone est dans la housse, tous les signaux externes sont bloqu\u00e9s. L\u2019appareil est compl\u00e8tement isol\u00e9 du monde ext\u00e9rieur \u2013 aucun acc\u00e8s, aucun tra\u00e7age, aucune communication.<\/p>\n<hr \/>\n<h3 class=\"western\">Protection efficace contre les ondes radio et \u00e9lectromagn\u00e9tiques<\/h3>\n<p>La housse est fabriqu\u00e9e avec un mat\u00e9riau double couche de haute qualit\u00e9 int\u00e9grant un tissu sp\u00e9cial m\u00e9tallis\u00e9 (argent, cuivre, nickel et \u00e9tain). Elle offre une performance de blindage fiable allant jusqu\u2019\u00e0 85 dB dans la plage de fr\u00e9quences 0,7 \u2013 5 GHz.<br \/>\nElle bloque notamment :<\/p>\n<ul>\n<li>5G<\/li>\n<li>Wi-Fi<\/li>\n<li>GSM \/ LTE \/ UMTS<\/li>\n<li>Bluetooth<\/li>\n<li>NFC \/ RFID<\/li>\n<\/ul>\n<hr \/>\n<h3 class=\"western\">Avantages cl\u00e9s<\/h3>\n<ul>\n<li>Protection efficace contre le piratage, le suivi et le vol de donn\u00e9es<\/li>\n<li>Bloque toutes les connexions sans fil courantes de mani\u00e8re fiable<\/li>\n<li>Emp\u00eache les acc\u00e8s \u00e0 distance et la transmission de donn\u00e9es<\/li>\n<li>R\u00e9duit les rayonnements \u00e9lectromagn\u00e9tiques (EMF)<\/li>\n<li>Convient pour tablettes et smartphones<\/li>\n<li>Id\u00e9al pour le travail, les voyages et les environnements sensibles<\/li>\n<li>Fabrication artisanale de haute qualit\u00e9 \u2013 fabriqu\u00e9e en Allemagne<\/li>\n<\/ul>\n<hr \/>\n<h3 class=\"western\">Applications<\/h3>\n<ul>\n<li>Protection des donn\u00e9es sensibles sur tablettes et appareils mobiles<\/li>\n<li>Pr\u00e9vention du suivi et de la surveillance<\/li>\n<li>Usage en criminalistique mobile<\/li>\n<li>Protection des applications bas\u00e9es sur RFID et NFC<\/li>\n<li>Travail s\u00e9curis\u00e9 en public ou dans des environnements sensibles<\/li>\n<\/ul>\n<hr \/>\n<h3 class=\"western\">Caract\u00e9ristiques techniques<\/h3>\n<ul>\n<li style=\"list-style-type: none;\">\n<ul>\n<li>Blindage : jusqu\u2019\u00e0 85 dB (0,7 \u2013 5 GHz)<\/li>\n<li>Plages de fr\u00e9quences : 5G, Wi-Fi, GSM, LTE, UMTS, Bluetooth, etc.<\/li>\n<li>Normes de test : IEEE 299\/2006, MIL 285, NSA-94-106<\/li>\n<li>Mati\u00e8re ext\u00e9rieure : polyamide tiss\u00e9 serr\u00e9<\/li>\n<li>Mat\u00e9riau de blindage : tissu en nylon rev\u00eatu Ni\/Cu\/Ag\/Sn<\/li>\n<li>Dimensions int\u00e9rieures : 31 \u00d7 24 cm<\/li>\n<li>Fabriqu\u00e9e \u00e0 la main en Allemagne<\/li>\n<\/ul>\n<\/li>\n<\/ul>\n<hr \/>\n<h2 class=\"western\"><strong>FAQ<\/strong><\/h2>\n<p><strong>1. Comment fonctionne la housse Faraday ?<\/strong><br \/>\nLa housse bloque tous les signaux sans fil externes (5G, Wi-Fi, GSM, Bluetooth, NFC\/RFID), isolant compl\u00e8tement votre appareil. Aucun tra\u00e7age, aucun acc\u00e8s aux donn\u00e9es, aucune communication.<\/p>\n<p><strong>2. Prot\u00e8ge-t-elle contre les ondes \u00e9lectromagn\u00e9tiques (EMF) ?<\/strong><br \/>\nOui, le tissu m\u00e9tallis\u00e9 sp\u00e9cial r\u00e9duit consid\u00e9rablement l\u2019exposition aux EMF et assure une protection fiable dans la plage 0,7 \u2013 5 GHz.<\/p>\n<p><strong>3. Quels appareils peuvent \u00eatre plac\u00e9s dans la housse ?<\/strong><br \/>\nLes dimensions int\u00e9rieures de 31 \u00d7 24\u202fcm conviennent aux tablettes, smartphones et autres appareils mobiles.<\/p>\n<p><strong>4. Puis-je l\u2019utiliser en d\u00e9placement ?<\/strong><br \/>\nAbsolument \u2013 id\u00e9ale pour les voyages, le travail professionnel et les environnements sensibles.<\/p>\n<p><strong>5. Comment est fabriqu\u00e9e la housse ?<\/strong><br \/>\nChaque housse est fabriqu\u00e9e \u00e0 la main en Allemagne avec des mat\u00e9riaux de haute qualit\u00e9 et un tissu m\u00e9tallis\u00e9 \u00e0 double couche.<\/p>\n<p><strong>6. La housse prot\u00e8ge-t-elle mon appareil contre les signaux 5G ?<\/strong><br \/>\nOui, la housse Faraday bloque efficacement toutes les fr\u00e9quences 5G, prot\u00e9geant votre tablette ou smartphone contre le tra\u00e7age et les transmissions de donn\u00e9es non d\u00e9sir\u00e9es.<\/p>\n<p><strong>7. Convient-elle aux iPads ou aux grandes tablettes ?<\/strong><br \/>\nOui, gr\u00e2ce aux dimensions int\u00e9rieures de 31 \u00d7 24\u202fcm, elle s\u2019adapte \u00e0 toutes les tailles de tablettes courantes, y compris iPad et Samsung Galaxy Tab.<\/p>\n","protected":false},"excerpt":{"rendered":"<p>Prot\u00e9gez vos tablettes et smartphones contre 5G, Wi-Fi, Bluetooth, suivi et ondes EMF avec notre housse Faraday artisanale fabriqu\u00e9e en Allemagne. S\u00e9curit\u00e9 partout o\u00f9 vous allez !<\/p>\n","protected":false},"featured_media":1573,"template":"","meta":{"inline_featured_image":false,"site-sidebar-layout":"default","site-content-layout":"","ast-site-content-layout":"default","site-content-style":"default","site-sidebar-style":"default","ast-global-header-display":"","ast-banner-title-visibility":"","ast-main-header-display":"","ast-hfb-above-header-display":"","ast-hfb-below-header-display":"","ast-hfb-mobile-header-display":"","site-post-title":"","ast-breadcrumbs-content":"","ast-featured-img":"","footer-sml-layout":"","ast-disable-related-posts":"","theme-transparent-header-meta":"default","adv-header-id-meta":"","stick-header-meta":"","header-above-stick-meta":"","header-main-stick-meta":"","header-below-stick-meta":"","astra-migrate-meta-layouts":"set","ast-page-background-enabled":"default","ast-page-background-meta":{"desktop":{"background-color":"var(--ast-global-color-5)","background-image":"","background-repeat":"repeat","background-position":"center center","background-size":"auto","background-attachment":"scroll","background-type":"","background-media":"","overlay-type":"","overlay-color":"","overlay-opacity":"","overlay-gradient":""},"tablet":{"background-color":"","background-image":"","background-repeat":"repeat","background-position":"center center","background-size":"auto","background-attachment":"scroll","background-type":"","background-media":"","overlay-type":"","overlay-color":"","overlay-opacity":"","overlay-gradient":""},"mobile":{"background-color":"","background-image":"","background-repeat":"repeat","background-position":"center center","background-size":"auto","background-attachment":"scroll","background-type":"","background-media":"","overlay-type":"","overlay-color":"","overlay-opacity":"","overlay-gradient":""}},"ast-content-background-meta":{"desktop":{"background-color":"var(--ast-global-color-4)","background-image":"","background-repeat":"repeat","background-position":"center center","background-size":"auto","background-attachment":"scroll","background-type":"","background-media":"","overlay-type":"","overlay-color":"","overlay-opacity":"","overlay-gradient":""},"tablet":{"background-color":"var(--ast-global-color-4)","background-image":"","background-repeat":"repeat","background-position":"center center","background-size":"auto","background-attachment":"scroll","background-type":"","background-media":"","overlay-type":"","overlay-color":"","overlay-opacity":"","overlay-gradient":""},"mobile":{"background-color":"var(--ast-global-color-4)","background-image":"","background-repeat":"repeat","background-position":"center center","background-size":"auto","background-attachment":"scroll","background-type":"","background-media":"","overlay-type":"","overlay-color":"","overlay-opacity":"","overlay-gradient":""}}},"product_brand":[],"product_cat":[299],"product_tag":[912,910,911],"class_list":{"0":"post-7036","1":"product","2":"type-product","3":"status-publish","4":"has-post-thumbnail","6":"product_cat-pochettes-de-protection-faraday","7":"product_tag-blocage-rfid","8":"product_tag-housse-faraday","9":"product_tag-protection-tablette","10":"product_shipping_class-standardversand","11":"desktop-align-left","12":"tablet-align-left","13":"mobile-align-left","15":"first","16":"instock","17":"taxable","18":"shipping-taxable","19":"purchasable","20":"product-type-simple"},"yoast_head":"<!-- This site is optimized with the Yoast SEO plugin v27.4 - https:\/\/yoast.com\/product\/yoast-seo-wordpress\/ -->\n<title>Pochette de protection pour Tablet 31 - Elektrosmog-Schutz Onlineshop<\/title>\n<meta name=\"description\" content=\"Prot\u00e9gez vos tablettes et smartphones contre le piratage, le suivi et les ondes EMF avec une housse Faraday de qualit\u00e9, fabriqu\u00e9e en Allemagne.\" \/>\n<meta name=\"robots\" content=\"index, follow, max-snippet:-1, max-image-preview:large, max-video-preview:-1\" \/>\n<link rel=\"canonical\" href=\"https:\/\/ecologa-europe.com\/shop\/produkt\/pochette-de-protection-pour-tablet-31\/\" \/>\n<meta property=\"og:locale\" content=\"de_DE\" \/>\n<meta property=\"og:type\" content=\"article\" \/>\n<meta property=\"og:title\" content=\"Pochette de protection pour Tablet 31 - Elektrosmog-Schutz Onlineshop\" \/>\n<meta property=\"og:description\" content=\"Prot\u00e9gez vos tablettes et smartphones contre le piratage, le suivi et les ondes EMF avec une housse Faraday de qualit\u00e9, fabriqu\u00e9e en Allemagne.\" \/>\n<meta property=\"og:url\" content=\"https:\/\/ecologa-europe.com\/shop\/produkt\/pochette-de-protection-pour-tablet-31\/?lang=fr\" \/>\n<meta property=\"og:site_name\" content=\"Elektrosmog-Schutz Onlineshop\" \/>\n<meta property=\"article:publisher\" content=\"https:\/\/www.facebook.com\/Ecologa-Europe-GmbH-1604744566252298\/\" \/>\n<meta property=\"article:modified_time\" content=\"2026-04-07T10:22:29+00:00\" \/>\n<meta property=\"og:image\" content=\"https:\/\/ecologa-europe.com\/shop\/wp-content\/uploads\/2025\/04\/Schutztasche_3277.jpg\" \/>\n\t<meta property=\"og:image:width\" content=\"1772\" \/>\n\t<meta property=\"og:image:height\" content=\"1280\" \/>\n\t<meta property=\"og:image:type\" content=\"image\/jpeg\" \/>\n<meta name=\"twitter:card\" content=\"summary_large_image\" \/>\n<meta name=\"twitter:label1\" content=\"Gesch\u00e4tzte Lesezeit\" \/>\n\t<meta name=\"twitter:data1\" content=\"3\u00a0Minuten\" \/>\n<script type=\"application\/ld+json\" class=\"yoast-schema-graph\">{\"@context\":\"https:\\\/\\\/schema.org\",\"@graph\":[{\"@type\":\"WebPage\",\"@id\":\"https:\\\/\\\/ecologa-europe.com\\\/shop\\\/produkt\\\/pochette-de-protection-pour-tablet-31\\\/?lang=fr\",\"url\":\"https:\\\/\\\/ecologa-europe.com\\\/shop\\\/produkt\\\/pochette-de-protection-pour-tablet-31\\\/?lang=fr\",\"name\":\"Pochette de protection pour Tablet 31 - Elektrosmog-Schutz Onlineshop\",\"isPartOf\":{\"@id\":\"https:\\\/\\\/ecologa-europe.com\\\/shop\\\/#website\"},\"primaryImageOfPage\":{\"@id\":\"https:\\\/\\\/ecologa-europe.com\\\/shop\\\/produkt\\\/pochette-de-protection-pour-tablet-31\\\/?lang=fr#primaryimage\"},\"image\":{\"@id\":\"https:\\\/\\\/ecologa-europe.com\\\/shop\\\/produkt\\\/pochette-de-protection-pour-tablet-31\\\/?lang=fr#primaryimage\"},\"thumbnailUrl\":\"https:\\\/\\\/ecologa-europe.com\\\/shop\\\/wp-content\\\/uploads\\\/2025\\\/04\\\/Schutztasche_3277.jpg\",\"datePublished\":\"2025-05-16T10:15:04+00:00\",\"dateModified\":\"2026-04-07T10:22:29+00:00\",\"description\":\"Prot\u00e9gez vos tablettes et smartphones contre le piratage, le suivi et les ondes EMF avec une housse Faraday de qualit\u00e9, fabriqu\u00e9e en Allemagne.\",\"breadcrumb\":{\"@id\":\"https:\\\/\\\/ecologa-europe.com\\\/shop\\\/produkt\\\/pochette-de-protection-pour-tablet-31\\\/?lang=fr#breadcrumb\"},\"inLanguage\":\"de\",\"potentialAction\":[{\"@type\":\"ReadAction\",\"target\":[\"https:\\\/\\\/ecologa-europe.com\\\/shop\\\/produkt\\\/pochette-de-protection-pour-tablet-31\\\/?lang=fr\"]}]},{\"@type\":\"ImageObject\",\"inLanguage\":\"de\",\"@id\":\"https:\\\/\\\/ecologa-europe.com\\\/shop\\\/produkt\\\/pochette-de-protection-pour-tablet-31\\\/?lang=fr#primaryimage\",\"url\":\"https:\\\/\\\/ecologa-europe.com\\\/shop\\\/wp-content\\\/uploads\\\/2025\\\/04\\\/Schutztasche_3277.jpg\",\"contentUrl\":\"https:\\\/\\\/ecologa-europe.com\\\/shop\\\/wp-content\\\/uploads\\\/2025\\\/04\\\/Schutztasche_3277.jpg\",\"width\":1772,\"height\":1280},{\"@type\":\"BreadcrumbList\",\"@id\":\"https:\\\/\\\/ecologa-europe.com\\\/shop\\\/produkt\\\/pochette-de-protection-pour-tablet-31\\\/?lang=fr#breadcrumb\",\"itemListElement\":[{\"@type\":\"ListItem\",\"position\":1,\"name\":\"Startseite\",\"item\":\"https:\\\/\\\/ecologa-europe.com\\\/shop\\\/\"},{\"@type\":\"ListItem\",\"position\":2,\"name\":\"Shop\",\"item\":\"https:\\\/\\\/ecologa-europe.com\\\/shop\\\/shop\\\/\"},{\"@type\":\"ListItem\",\"position\":3,\"name\":\"Pochette de protection pour Tablet 31\"}]},{\"@type\":\"WebSite\",\"@id\":\"https:\\\/\\\/ecologa-europe.com\\\/shop\\\/#website\",\"url\":\"https:\\\/\\\/ecologa-europe.com\\\/shop\\\/\",\"name\":\"Elektrosmog-Schutz Onlineshop\",\"description\":\"Ecologa Europe\",\"publisher\":{\"@id\":\"https:\\\/\\\/ecologa-europe.com\\\/shop\\\/#organization\"},\"potentialAction\":[{\"@type\":\"SearchAction\",\"target\":{\"@type\":\"EntryPoint\",\"urlTemplate\":\"https:\\\/\\\/ecologa-europe.com\\\/shop\\\/?s={search_term_string}\"},\"query-input\":{\"@type\":\"PropertyValueSpecification\",\"valueRequired\":true,\"valueName\":\"search_term_string\"}}],\"inLanguage\":\"de\"},{\"@type\":\"Organization\",\"@id\":\"https:\\\/\\\/ecologa-europe.com\\\/shop\\\/#organization\",\"name\":\"Elektrosmog-Schutz Onlineshop\",\"url\":\"https:\\\/\\\/ecologa-europe.com\\\/shop\\\/\",\"logo\":{\"@type\":\"ImageObject\",\"inLanguage\":\"de\",\"@id\":\"https:\\\/\\\/ecologa-europe.com\\\/shop\\\/#\\\/schema\\\/logo\\\/image\\\/\",\"url\":\"https:\\\/\\\/ecologa-europe.com\\\/shop\\\/wp-content\\\/uploads\\\/2025\\\/04\\\/vertical-navbar-logo.svg\",\"contentUrl\":\"https:\\\/\\\/ecologa-europe.com\\\/shop\\\/wp-content\\\/uploads\\\/2025\\\/04\\\/vertical-navbar-logo.svg\",\"width\":182,\"height\":70,\"caption\":\"Elektrosmog-Schutz Onlineshop\"},\"image\":{\"@id\":\"https:\\\/\\\/ecologa-europe.com\\\/shop\\\/#\\\/schema\\\/logo\\\/image\\\/\"},\"sameAs\":[\"https:\\\/\\\/www.facebook.com\\\/Ecologa-Europe-GmbH-1604744566252298\\\/\",\"https:\\\/\\\/www.instagram.com\\\/ecologaeurope\\\/\"]}]}<\/script>\n<!-- \/ Yoast SEO plugin. -->","yoast_head_json":{"title":"Pochette de protection pour Tablet 31 - Elektrosmog-Schutz Onlineshop","description":"Prot\u00e9gez vos tablettes et smartphones contre le piratage, le suivi et les ondes EMF avec une housse Faraday de qualit\u00e9, fabriqu\u00e9e en Allemagne.","robots":{"index":"index","follow":"follow","max-snippet":"max-snippet:-1","max-image-preview":"max-image-preview:large","max-video-preview":"max-video-preview:-1"},"canonical":"https:\/\/ecologa-europe.com\/shop\/produkt\/pochette-de-protection-pour-tablet-31\/","og_locale":"de_DE","og_type":"article","og_title":"Pochette de protection pour Tablet 31 - Elektrosmog-Schutz Onlineshop","og_description":"Prot\u00e9gez vos tablettes et smartphones contre le piratage, le suivi et les ondes EMF avec une housse Faraday de qualit\u00e9, fabriqu\u00e9e en Allemagne.","og_url":"https:\/\/ecologa-europe.com\/shop\/produkt\/pochette-de-protection-pour-tablet-31\/?lang=fr","og_site_name":"Elektrosmog-Schutz Onlineshop","article_publisher":"https:\/\/www.facebook.com\/Ecologa-Europe-GmbH-1604744566252298\/","article_modified_time":"2026-04-07T10:22:29+00:00","og_image":[{"width":1772,"height":1280,"url":"https:\/\/ecologa-europe.com\/shop\/wp-content\/uploads\/2025\/04\/Schutztasche_3277.jpg","type":"image\/jpeg"}],"twitter_card":"summary_large_image","twitter_misc":{"Gesch\u00e4tzte Lesezeit":"3\u00a0Minuten"},"schema":{"@context":"https:\/\/schema.org","@graph":[{"@type":"WebPage","@id":"https:\/\/ecologa-europe.com\/shop\/produkt\/pochette-de-protection-pour-tablet-31\/?lang=fr","url":"https:\/\/ecologa-europe.com\/shop\/produkt\/pochette-de-protection-pour-tablet-31\/?lang=fr","name":"Pochette de protection pour Tablet 31 - Elektrosmog-Schutz Onlineshop","isPartOf":{"@id":"https:\/\/ecologa-europe.com\/shop\/#website"},"primaryImageOfPage":{"@id":"https:\/\/ecologa-europe.com\/shop\/produkt\/pochette-de-protection-pour-tablet-31\/?lang=fr#primaryimage"},"image":{"@id":"https:\/\/ecologa-europe.com\/shop\/produkt\/pochette-de-protection-pour-tablet-31\/?lang=fr#primaryimage"},"thumbnailUrl":"https:\/\/ecologa-europe.com\/shop\/wp-content\/uploads\/2025\/04\/Schutztasche_3277.jpg","datePublished":"2025-05-16T10:15:04+00:00","dateModified":"2026-04-07T10:22:29+00:00","description":"Prot\u00e9gez vos tablettes et smartphones contre le piratage, le suivi et les ondes EMF avec une housse Faraday de qualit\u00e9, fabriqu\u00e9e en Allemagne.","breadcrumb":{"@id":"https:\/\/ecologa-europe.com\/shop\/produkt\/pochette-de-protection-pour-tablet-31\/?lang=fr#breadcrumb"},"inLanguage":"de","potentialAction":[{"@type":"ReadAction","target":["https:\/\/ecologa-europe.com\/shop\/produkt\/pochette-de-protection-pour-tablet-31\/?lang=fr"]}]},{"@type":"ImageObject","inLanguage":"de","@id":"https:\/\/ecologa-europe.com\/shop\/produkt\/pochette-de-protection-pour-tablet-31\/?lang=fr#primaryimage","url":"https:\/\/ecologa-europe.com\/shop\/wp-content\/uploads\/2025\/04\/Schutztasche_3277.jpg","contentUrl":"https:\/\/ecologa-europe.com\/shop\/wp-content\/uploads\/2025\/04\/Schutztasche_3277.jpg","width":1772,"height":1280},{"@type":"BreadcrumbList","@id":"https:\/\/ecologa-europe.com\/shop\/produkt\/pochette-de-protection-pour-tablet-31\/?lang=fr#breadcrumb","itemListElement":[{"@type":"ListItem","position":1,"name":"Startseite","item":"https:\/\/ecologa-europe.com\/shop\/"},{"@type":"ListItem","position":2,"name":"Shop","item":"https:\/\/ecologa-europe.com\/shop\/shop\/"},{"@type":"ListItem","position":3,"name":"Pochette de protection pour Tablet 31"}]},{"@type":"WebSite","@id":"https:\/\/ecologa-europe.com\/shop\/#website","url":"https:\/\/ecologa-europe.com\/shop\/","name":"Elektrosmog-Schutz Onlineshop","description":"Ecologa Europe","publisher":{"@id":"https:\/\/ecologa-europe.com\/shop\/#organization"},"potentialAction":[{"@type":"SearchAction","target":{"@type":"EntryPoint","urlTemplate":"https:\/\/ecologa-europe.com\/shop\/?s={search_term_string}"},"query-input":{"@type":"PropertyValueSpecification","valueRequired":true,"valueName":"search_term_string"}}],"inLanguage":"de"},{"@type":"Organization","@id":"https:\/\/ecologa-europe.com\/shop\/#organization","name":"Elektrosmog-Schutz Onlineshop","url":"https:\/\/ecologa-europe.com\/shop\/","logo":{"@type":"ImageObject","inLanguage":"de","@id":"https:\/\/ecologa-europe.com\/shop\/#\/schema\/logo\/image\/","url":"https:\/\/ecologa-europe.com\/shop\/wp-content\/uploads\/2025\/04\/vertical-navbar-logo.svg","contentUrl":"https:\/\/ecologa-europe.com\/shop\/wp-content\/uploads\/2025\/04\/vertical-navbar-logo.svg","width":182,"height":70,"caption":"Elektrosmog-Schutz Onlineshop"},"image":{"@id":"https:\/\/ecologa-europe.com\/shop\/#\/schema\/logo\/image\/"},"sameAs":["https:\/\/www.facebook.com\/Ecologa-Europe-GmbH-1604744566252298\/","https:\/\/www.instagram.com\/ecologaeurope\/"]}]}},"_links":{"self":[{"href":"https:\/\/ecologa-europe.com\/shop\/wp-json\/wp\/v2\/product\/7036","targetHints":{"allow":["GET"]}}],"collection":[{"href":"https:\/\/ecologa-europe.com\/shop\/wp-json\/wp\/v2\/product"}],"about":[{"href":"https:\/\/ecologa-europe.com\/shop\/wp-json\/wp\/v2\/types\/product"}],"wp:featuredmedia":[{"embeddable":true,"href":"https:\/\/ecologa-europe.com\/shop\/wp-json\/wp\/v2\/media\/1573"}],"wp:attachment":[{"href":"https:\/\/ecologa-europe.com\/shop\/wp-json\/wp\/v2\/media?parent=7036"}],"wp:term":[{"taxonomy":"product_brand","embeddable":true,"href":"https:\/\/ecologa-europe.com\/shop\/wp-json\/wp\/v2\/product_brand?post=7036"},{"taxonomy":"product_cat","embeddable":true,"href":"https:\/\/ecologa-europe.com\/shop\/wp-json\/wp\/v2\/product_cat?post=7036"},{"taxonomy":"product_tag","embeddable":true,"href":"https:\/\/ecologa-europe.com\/shop\/wp-json\/wp\/v2\/product_tag?post=7036"}],"curies":[{"name":"wp","href":"https:\/\/api.w.org\/{rel}","templated":true}]}}