{"id":7042,"date":"2025-05-16T10:10:16","date_gmt":"2025-05-16T10:10:16","guid":{"rendered":"https:\/\/639.pm-domains.de\/?post_type=product&#038;p=7042"},"modified":"2025-05-16T10:38:48","modified_gmt":"2025-05-16T10:38:48","slug":"boxer-short-blinde","status":"publish","type":"product","link":"https:\/\/ecologa-europe.com\/shop\/produkt\/boxer-short-blinde\/?lang=fr","title":{"rendered":"Boxer-short blind\u00e9"},"content":{"rendered":"<p>La lingerie qui prot\u00e8ge des rayonnements \u00e9lectromagn\u00e9tiques.<br \/>\nDoux pour la peau, r\u00e9sistant au lavage et exempt de nanotechnologie.<\/p>\n<p>Votre protection professionnelle !<\/p>\n<p>Cette qualit\u00e9 est un tricot jacquard endroit\/envers, combinant du coton bio peign\u00e9 et du polyamide enduit d&#8217;argent. L&#8217;enduction n&#8217;est pas constitu\u00e9e de nano-argent controvers\u00e9, mais d&#8217;argent pur qui entoure toute la fibre de polyamide. L&#8217;argent m\u00e9tallique est absolument inoffensif pour la sant\u00e9 de l&#8217;homme et pour la nature.<br \/>\nGr\u00e2ce \u00e0 la structure innovante du tissu et \u00e0 l&#8217;utilisation de mat\u00e9riaux de haute qualit\u00e9, ce tricot prot\u00e8ge contre les rayonnements \u00e9lectromagn\u00e9tiques dans la plage de 20 kHz \u00e0 10 GHz, avec une efficacit\u00e9 pouvant atteindre 99%. C&#8217;est ce que confirme une expertise du professeur Pauli de l&#8217;universit\u00e9 de l&#8217;arm\u00e9e allemande \u00e0 Munich.<\/p>\n\n<table id=\"tablepress-1\" class=\"tablepress tablepress-id-1\">\n<thead>\n<tr class=\"row-1\">\n\t<td class=\"column-1\"><\/td><th class=\"column-2\">Frequenz \/ Anwendung (MHz)<\/th><th class=\"column-3\">Dezibel (dB*)<\/th><th class=\"column-4\">Prozent (%)<\/th>\n<\/tr>\n<\/thead>\n<tbody class=\"row-striping row-hover\">\n<tr class=\"row-2\">\n\t<td class=\"column-1\">Tetra 450<\/td><td class=\"column-2\">450MHz<\/td><td class=\"column-3\">33dB<\/td><td class=\"column-4\">99,9%<\/td>\n<\/tr>\n<tr class=\"row-3\">\n\t<td class=\"column-1\">LTE 800<\/td><td class=\"column-2\">800MHz<\/td><td class=\"column-3\">31dB<\/td><td class=\"column-4\">99,9%<\/td>\n<\/tr>\n<tr class=\"row-4\">\n\t<td class=\"column-1\">GSM 900<\/td><td class=\"column-2\">900MHz<\/td><td class=\"column-3\">31dB<\/td><td class=\"column-4\">99,9%<\/td>\n<\/tr>\n<tr class=\"row-5\">\n\t<td class=\"column-1\">GSM 1800<\/td><td class=\"column-2\">1800MHz<\/td><td class=\"column-3\">23dB<\/td><td class=\"column-4\">99%<\/td>\n<\/tr>\n<tr class=\"row-6\">\n\t<td class=\"column-1\">DECT 1800<\/td><td class=\"column-2\">1800MHz<\/td><td class=\"column-3\">23dB<\/td><td class=\"column-4\">99%<\/td>\n<\/tr>\n<tr class=\"row-7\">\n\t<td class=\"column-1\">UMTS 2000<\/td><td class=\"column-2\">2000MHz<\/td><td class=\"column-3\">21dB<\/td><td class=\"column-4\">99%<\/td>\n<\/tr>\n<tr class=\"row-8\">\n\t<td class=\"column-1\">WLAN 2400<\/td><td class=\"column-2\">2400MHz<\/td><td class=\"column-3\">21dB<\/td><td class=\"column-4\">90%<\/td>\n<\/tr>\n<tr class=\"row-9\">\n\t<td class=\"column-1\">LTE 2600<\/td><td class=\"column-2\">2600MHz<\/td><td class=\"column-3\">21dB<\/td><td class=\"column-4\">99%<\/td>\n<\/tr>\n<tr class=\"row-10\">\n\t<td class=\"column-1\">WLAN 5800<\/td><td class=\"column-2\">5800MHz<\/td><td class=\"column-3\">15dB<\/td><td class=\"column-4\">90%<\/td>\n<\/tr>\n<\/tbody>\n<\/table>\n<!-- #tablepress-1 from cache -->\n<p>Cette s\u00e9rie innovante se caract\u00e9rise par une tr\u00e8s haute qualit\u00e9.<br \/>\nGr\u00e2ce \u00e0 la combinaison de coton et de polyamide, le tissu pr\u00e9sente des propri\u00e9t\u00e9s agr\u00e9ables \u00e0 porter.<br \/>\nFacile d&#8217;entretien et id\u00e9al au quotidien.<\/p>\n<p>Composition : 89% coton bio, 9% polyamide, 2% argent.<br \/>\nCouleur : blanc<br \/>\nTaille : 5, 6, 7, 8, 9<\/p>\n\n<table id=\"tablepress-14\" class=\"tablepress tablepress-id-14\">\n<thead>\n<tr class=\"row-1\">\n\t<th class=\"column-1\">Gr\u00f6\u00dfe<\/th><th class=\"column-2\">5<\/th><th class=\"column-3\">6<\/th><th class=\"column-4\">7<\/th><th class=\"column-5\">8<\/th><th class=\"column-6\">9<\/th>\n<\/tr>\n<\/thead>\n<tbody class=\"row-striping row-hover\">\n<tr class=\"row-2\">\n\t<td class=\"column-1\">\u00bd\u00a0Bundweite\u00a0\u00a0\u00a0\u00a0\u00a0\u00a0\u00a0\u00a0\u00a0\u00a0\u00a0\u00a0\u00a0\u00a0\u00a0\u00a0\u00a0\u00a0\u00a0\u00a0\u00a0\u00a0\u00a0\u00a0\u00a0\u00a0\u00a0\u00a0\u00a0\u00a0\u00a0\u00a0\u00a0 Max. dehn.<\/td><td class=\"column-2\">32<br \/>\n58<\/td><td class=\"column-3\">34<br \/>\n62<\/td><td class=\"column-4\">36<br \/>\n66<\/td><td class=\"column-5\">38<br \/>\n70<\/td><td class=\"column-6\">43<br \/>\n100<\/td>\n<\/tr>\n<tr class=\"row-3\">\n\t<td class=\"column-1\">Vordere L\u00e4nge<\/td><td class=\"column-2\">24<\/td><td class=\"column-3\">25<\/td><td class=\"column-4\">26,5<\/td><td class=\"column-5\">28<\/td><td class=\"column-6\">32<\/td>\n<\/tr>\n<tr class=\"row-4\">\n\t<td class=\"column-1\">Hintere L\u00e4nge<\/td><td class=\"column-2\">25<\/td><td class=\"column-3\">26<\/td><td class=\"column-4\">27,5<\/td><td class=\"column-5\">29<\/td><td class=\"column-6\">33<\/td>\n<\/tr>\n<tr class=\"row-5\">\n\t<td class=\"column-1\">Seitenl\u00e4nge mit Bund<\/td><td class=\"column-2\">28<\/td><td class=\"column-3\">30<\/td><td class=\"column-4\">32<\/td><td class=\"column-5\">34<\/td><td class=\"column-6\">35<\/td>\n<\/tr>\n<tr class=\"row-6\">\n\t<td class=\"column-1\">\u00bd\u00a0Bundweite\u00a0\u00a0\u00a0\u00a0\u00a0\u00a0\u00a0\u00a0\u00a0\u00a0\u00a0\u00a0\u00a0\u00a0\u00a0\u00a0\u00a0\u00a0\u00a0\u00a0\u00a0\u00a0\u00a0\u00a0\u00a0\u00a0\u00a0\u00a0\u00a0\u00a0\u00a0\u00a0\u00a0 Max. dehn.<\/td><td class=\"column-2\">23<br \/>\n41<\/td><td class=\"column-3\">23,5<br \/>\n42<\/td><td class=\"column-4\">24,5<br \/>\n44<\/td><td class=\"column-5\">25<br \/>\n45<\/td><td class=\"column-6\">28<br \/>\n54<\/td>\n<\/tr>\n<tr class=\"row-7\">\n\t<td class=\"column-1\">Innere Beinl\u00e4nge<\/td><td class=\"column-2\">9<\/td><td class=\"column-3\">9,5<\/td><td class=\"column-4\">10<\/td><td class=\"column-5\">10,5<\/td><td class=\"column-6\">11<\/td>\n<\/tr>\n<tr class=\"row-8\">\n\t<td class=\"column-1\">\u00bd H\u00fcftweite<\/td><td class=\"column-2\">43<\/td><td class=\"column-3\">44,5<\/td><td class=\"column-4\">46<\/td><td class=\"column-5\">47,5<\/td><td class=\"column-6\">50<\/td>\n<\/tr>\n<tr class=\"row-9\">\n\t<td class=\"column-1\">Bundh\u00f6he<\/td><td class=\"column-2\">2<\/td><td class=\"column-3\">2<\/td><td class=\"column-4\">2<\/td><td class=\"column-5\">2<\/td><td class=\"column-6\">2<\/td>\n<\/tr>\n<tr class=\"row-10\">\n\t<td class=\"column-1\">Zwickelbreite<\/td><td class=\"column-2\">10,5<\/td><td class=\"column-3\">10,5<\/td><td class=\"column-4\">10,5<\/td><td class=\"column-5\">10,5<\/td><td class=\"column-6\">15<\/td>\n<\/tr>\n<tr class=\"row-11\">\n\t<td class=\"column-1\">Zwickell\u00e4nge<\/td><td class=\"column-2\">18<\/td><td class=\"column-3\">19<\/td><td class=\"column-4\">20<\/td><td class=\"column-5\">21<\/td><td class=\"column-6\">29<\/td>\n<\/tr>\n<\/tbody>\n<\/table>\n<!-- #tablepress-14 from cache -->\n<p>Conseil d&#8217;entretien :<br \/>\nLavable \u00e0 30 degr\u00e9s en cycle laine avec la lessive adapt\u00e9e.<br \/>\nNe convient pas au s\u00e8che-linge. Repasser \u00e0 basse temp\u00e9rature.<\/p>\n","protected":false},"excerpt":{"rendered":"<p>La lingerie qui prot\u00e8ge des rayonnements \u00e9lectromagn\u00e9tiques.<\/p>\n<p>Cette s\u00e9rie innovante se distingue par sa tr\u00e8s haute qualit\u00e9.<br \/>\nGr\u00e2ce \u00e0 la combinaison de coton et de polyamide, le tissu pr\u00e9sente des propri\u00e9t\u00e9s agr\u00e9ables \u00e0 porter.<br \/>\nFacile d&#8217;entretien et id\u00e9al au quotidien.<\/p>\n<p>Pour la protection contre les ondes \u00e9lectromagn\u00e9tiques \u00e0 haute fr\u00e9quence.<br \/>\nOrganic Cotton, kbA (culture biologique contr\u00f4l\u00e9e)<br \/>\nFinition de tr\u00e8s haute qualit\u00e9<br \/>\nBonne lavabilit\u00e9<br \/>\nTout simplement pour se sentir bien !<br \/>\n\u00c9lastique doux \u00e0 la taille.<br \/>\nAntibact\u00e9rien, antistatique et thermor\u00e9gulateur.<\/p>\n<p>Composition : 89% coton bio, 9% polyamide, 2% argent.<br \/>\nCouleur : blanc<br \/>\nTaille : 5, 6, 7, 8, 9<\/p>\n","protected":false},"featured_media":1282,"template":"","meta":{"inline_featured_image":false,"site-sidebar-layout":"default","site-content-layout":"","ast-site-content-layout":"default","site-content-style":"default","site-sidebar-style":"default","ast-global-header-display":"","ast-banner-title-visibility":"","ast-main-header-display":"","ast-hfb-above-header-display":"","ast-hfb-below-header-display":"","ast-hfb-mobile-header-display":"","site-post-title":"","ast-breadcrumbs-content":"","ast-featured-img":"","footer-sml-layout":"","ast-disable-related-posts":"","theme-transparent-header-meta":"default","adv-header-id-meta":"","stick-header-meta":"","header-above-stick-meta":"","header-main-stick-meta":"","header-below-stick-meta":"","astra-migrate-meta-layouts":"default","ast-page-background-enabled":"default","ast-page-background-meta":{"desktop":{"background-color":"var(--ast-global-color-5)","background-image":"","background-repeat":"repeat","background-position":"center center","background-size":"auto","background-attachment":"scroll","background-type":"","background-media":"","overlay-type":"","overlay-color":"","overlay-opacity":"","overlay-gradient":""},"tablet":{"background-color":"","background-image":"","background-repeat":"repeat","background-position":"center center","background-size":"auto","background-attachment":"scroll","background-type":"","background-media":"","overlay-type":"","overlay-color":"","overlay-opacity":"","overlay-gradient":""},"mobile":{"background-color":"","background-image":"","background-repeat":"repeat","background-position":"center center","background-size":"auto","background-attachment":"scroll","background-type":"","background-media":"","overlay-type":"","overlay-color":"","overlay-opacity":"","overlay-gradient":""}},"ast-content-background-meta":{"desktop":{"background-color":"var(--ast-global-color-4)","background-image":"","background-repeat":"repeat","background-position":"center center","background-size":"auto","background-attachment":"scroll","background-type":"","background-media":"","overlay-type":"","overlay-color":"","overlay-opacity":"","overlay-gradient":""},"tablet":{"background-color":"var(--ast-global-color-4)","background-image":"","background-repeat":"repeat","background-position":"center center","background-size":"auto","background-attachment":"scroll","background-type":"","background-media":"","overlay-type":"","overlay-color":"","overlay-opacity":"","overlay-gradient":""},"mobile":{"background-color":"var(--ast-global-color-4)","background-image":"","background-repeat":"repeat","background-position":"center center","background-size":"auto","background-attachment":"scroll","background-type":"","background-media":"","overlay-type":"","overlay-color":"","overlay-opacity":"","overlay-gradient":""}}},"product_brand":[],"product_cat":[186,185],"product_tag":[656,188],"class_list":{"0":"post-7042","1":"product","2":"type-product","3":"status-publish","4":"has-post-thumbnail","6":"product_cat-hommes","7":"product_cat-vetements-high-tech","8":"product_tag-protection-contre-la-pollution-electromagnetique-fr","9":"product_tag-vetements-de-protection","10":"product_shipping_class-standardversand","11":"pa_groesse-5-m-2","12":"pa_groesse-6-l-2","13":"pa_groesse-7-xl-2","14":"pa_groesse-8-xxl-2","15":"pa_groesse-9-3xl-2","16":"desktop-align-left","17":"tablet-align-left","18":"mobile-align-left","20":"first","21":"instock","22":"taxable","23":"shipping-taxable","24":"purchasable","25":"product-type-variable"},"yoast_head":"<!-- This site is optimized with the Yoast SEO plugin v27.4 - https:\/\/yoast.com\/product\/yoast-seo-wordpress\/ -->\n<title>Boxer-short blind\u00e9 - Elektrosmog-Schutz Onlineshop<\/title>\n<meta name=\"description\" content=\"Boxer de protection contre les ondes \u00e9lectromagn\u00e9tiques \u00e0 haute fr\u00e9quence\" \/>\n<meta name=\"robots\" content=\"index, follow, max-snippet:-1, max-image-preview:large, max-video-preview:-1\" \/>\n<link rel=\"canonical\" href=\"https:\/\/ecologa-europe.com\/shop\/produkt\/boxer-short-blinde\/\" \/>\n<meta property=\"og:locale\" content=\"de_DE\" \/>\n<meta property=\"og:type\" content=\"article\" \/>\n<meta property=\"og:title\" content=\"Boxer-short blind\u00e9 - Elektrosmog-Schutz Onlineshop\" \/>\n<meta property=\"og:description\" content=\"Boxer de protection contre les ondes \u00e9lectromagn\u00e9tiques \u00e0 haute fr\u00e9quence\" \/>\n<meta property=\"og:url\" content=\"https:\/\/ecologa-europe.com\/shop\/produkt\/boxer-short-blinde\/?lang=fr\" \/>\n<meta property=\"og:site_name\" content=\"Elektrosmog-Schutz Onlineshop\" \/>\n<meta property=\"article:publisher\" content=\"https:\/\/www.facebook.com\/Ecologa-Europe-GmbH-1604744566252298\/\" \/>\n<meta property=\"article:modified_time\" content=\"2025-05-16T10:38:48+00:00\" \/>\n<meta property=\"og:image\" content=\"https:\/\/ecologa-europe.com\/shop\/wp-content\/uploads\/2025\/04\/herren_boxer_vor_neu.jpg\" \/>\n\t<meta property=\"og:image:width\" content=\"1772\" \/>\n\t<meta property=\"og:image:height\" content=\"1280\" \/>\n\t<meta property=\"og:image:type\" content=\"image\/jpeg\" \/>\n<meta name=\"twitter:card\" content=\"summary_large_image\" \/>\n<meta name=\"twitter:label1\" content=\"Gesch\u00e4tzte Lesezeit\" \/>\n\t<meta name=\"twitter:data1\" content=\"1\u00a0Minute\" \/>\n<script type=\"application\/ld+json\" class=\"yoast-schema-graph\">{\"@context\":\"https:\\\/\\\/schema.org\",\"@graph\":[{\"@type\":\"WebPage\",\"@id\":\"https:\\\/\\\/ecologa-europe.com\\\/shop\\\/produkt\\\/boxer-short-blinde\\\/?lang=fr\",\"url\":\"https:\\\/\\\/ecologa-europe.com\\\/shop\\\/produkt\\\/boxer-short-blinde\\\/?lang=fr\",\"name\":\"Boxer-short blind\u00e9 - Elektrosmog-Schutz Onlineshop\",\"isPartOf\":{\"@id\":\"https:\\\/\\\/ecologa-europe.com\\\/shop\\\/#website\"},\"primaryImageOfPage\":{\"@id\":\"https:\\\/\\\/ecologa-europe.com\\\/shop\\\/produkt\\\/boxer-short-blinde\\\/?lang=fr#primaryimage\"},\"image\":{\"@id\":\"https:\\\/\\\/ecologa-europe.com\\\/shop\\\/produkt\\\/boxer-short-blinde\\\/?lang=fr#primaryimage\"},\"thumbnailUrl\":\"https:\\\/\\\/ecologa-europe.com\\\/shop\\\/wp-content\\\/uploads\\\/2025\\\/04\\\/herren_boxer_vor_neu.jpg\",\"datePublished\":\"2025-05-16T10:10:16+00:00\",\"dateModified\":\"2025-05-16T10:38:48+00:00\",\"description\":\"Boxer de protection contre les ondes \u00e9lectromagn\u00e9tiques \u00e0 haute fr\u00e9quence\",\"breadcrumb\":{\"@id\":\"https:\\\/\\\/ecologa-europe.com\\\/shop\\\/produkt\\\/boxer-short-blinde\\\/?lang=fr#breadcrumb\"},\"inLanguage\":\"de\",\"potentialAction\":[{\"@type\":\"ReadAction\",\"target\":[\"https:\\\/\\\/ecologa-europe.com\\\/shop\\\/produkt\\\/boxer-short-blinde\\\/?lang=fr\"]}]},{\"@type\":\"ImageObject\",\"inLanguage\":\"de\",\"@id\":\"https:\\\/\\\/ecologa-europe.com\\\/shop\\\/produkt\\\/boxer-short-blinde\\\/?lang=fr#primaryimage\",\"url\":\"https:\\\/\\\/ecologa-europe.com\\\/shop\\\/wp-content\\\/uploads\\\/2025\\\/04\\\/herren_boxer_vor_neu.jpg\",\"contentUrl\":\"https:\\\/\\\/ecologa-europe.com\\\/shop\\\/wp-content\\\/uploads\\\/2025\\\/04\\\/herren_boxer_vor_neu.jpg\",\"width\":1772,\"height\":1280},{\"@type\":\"BreadcrumbList\",\"@id\":\"https:\\\/\\\/ecologa-europe.com\\\/shop\\\/produkt\\\/boxer-short-blinde\\\/?lang=fr#breadcrumb\",\"itemListElement\":[{\"@type\":\"ListItem\",\"position\":1,\"name\":\"Startseite\",\"item\":\"https:\\\/\\\/ecologa-europe.com\\\/shop\\\/\"},{\"@type\":\"ListItem\",\"position\":2,\"name\":\"Shop\",\"item\":\"https:\\\/\\\/ecologa-europe.com\\\/shop\\\/shop\\\/\"},{\"@type\":\"ListItem\",\"position\":3,\"name\":\"Boxer-short blind\u00e9\"}]},{\"@type\":\"WebSite\",\"@id\":\"https:\\\/\\\/ecologa-europe.com\\\/shop\\\/#website\",\"url\":\"https:\\\/\\\/ecologa-europe.com\\\/shop\\\/\",\"name\":\"Elektrosmog-Schutz Onlineshop\",\"description\":\"Ecologa Europe\",\"publisher\":{\"@id\":\"https:\\\/\\\/ecologa-europe.com\\\/shop\\\/#organization\"},\"potentialAction\":[{\"@type\":\"SearchAction\",\"target\":{\"@type\":\"EntryPoint\",\"urlTemplate\":\"https:\\\/\\\/ecologa-europe.com\\\/shop\\\/?s={search_term_string}\"},\"query-input\":{\"@type\":\"PropertyValueSpecification\",\"valueRequired\":true,\"valueName\":\"search_term_string\"}}],\"inLanguage\":\"de\"},{\"@type\":\"Organization\",\"@id\":\"https:\\\/\\\/ecologa-europe.com\\\/shop\\\/#organization\",\"name\":\"Elektrosmog-Schutz Onlineshop\",\"url\":\"https:\\\/\\\/ecologa-europe.com\\\/shop\\\/\",\"logo\":{\"@type\":\"ImageObject\",\"inLanguage\":\"de\",\"@id\":\"https:\\\/\\\/ecologa-europe.com\\\/shop\\\/#\\\/schema\\\/logo\\\/image\\\/\",\"url\":\"https:\\\/\\\/ecologa-europe.com\\\/shop\\\/wp-content\\\/uploads\\\/2025\\\/04\\\/vertical-navbar-logo.svg\",\"contentUrl\":\"https:\\\/\\\/ecologa-europe.com\\\/shop\\\/wp-content\\\/uploads\\\/2025\\\/04\\\/vertical-navbar-logo.svg\",\"width\":182,\"height\":70,\"caption\":\"Elektrosmog-Schutz Onlineshop\"},\"image\":{\"@id\":\"https:\\\/\\\/ecologa-europe.com\\\/shop\\\/#\\\/schema\\\/logo\\\/image\\\/\"},\"sameAs\":[\"https:\\\/\\\/www.facebook.com\\\/Ecologa-Europe-GmbH-1604744566252298\\\/\",\"https:\\\/\\\/www.instagram.com\\\/ecologaeurope\\\/\"]}]}<\/script>\n<!-- \/ Yoast SEO plugin. -->","yoast_head_json":{"title":"Boxer-short blind\u00e9 - Elektrosmog-Schutz Onlineshop","description":"Boxer de protection contre les ondes \u00e9lectromagn\u00e9tiques \u00e0 haute fr\u00e9quence","robots":{"index":"index","follow":"follow","max-snippet":"max-snippet:-1","max-image-preview":"max-image-preview:large","max-video-preview":"max-video-preview:-1"},"canonical":"https:\/\/ecologa-europe.com\/shop\/produkt\/boxer-short-blinde\/","og_locale":"de_DE","og_type":"article","og_title":"Boxer-short blind\u00e9 - Elektrosmog-Schutz Onlineshop","og_description":"Boxer de protection contre les ondes \u00e9lectromagn\u00e9tiques \u00e0 haute fr\u00e9quence","og_url":"https:\/\/ecologa-europe.com\/shop\/produkt\/boxer-short-blinde\/?lang=fr","og_site_name":"Elektrosmog-Schutz Onlineshop","article_publisher":"https:\/\/www.facebook.com\/Ecologa-Europe-GmbH-1604744566252298\/","article_modified_time":"2025-05-16T10:38:48+00:00","og_image":[{"width":1772,"height":1280,"url":"https:\/\/ecologa-europe.com\/shop\/wp-content\/uploads\/2025\/04\/herren_boxer_vor_neu.jpg","type":"image\/jpeg"}],"twitter_card":"summary_large_image","twitter_misc":{"Gesch\u00e4tzte Lesezeit":"1\u00a0Minute"},"schema":{"@context":"https:\/\/schema.org","@graph":[{"@type":"WebPage","@id":"https:\/\/ecologa-europe.com\/shop\/produkt\/boxer-short-blinde\/?lang=fr","url":"https:\/\/ecologa-europe.com\/shop\/produkt\/boxer-short-blinde\/?lang=fr","name":"Boxer-short blind\u00e9 - Elektrosmog-Schutz Onlineshop","isPartOf":{"@id":"https:\/\/ecologa-europe.com\/shop\/#website"},"primaryImageOfPage":{"@id":"https:\/\/ecologa-europe.com\/shop\/produkt\/boxer-short-blinde\/?lang=fr#primaryimage"},"image":{"@id":"https:\/\/ecologa-europe.com\/shop\/produkt\/boxer-short-blinde\/?lang=fr#primaryimage"},"thumbnailUrl":"https:\/\/ecologa-europe.com\/shop\/wp-content\/uploads\/2025\/04\/herren_boxer_vor_neu.jpg","datePublished":"2025-05-16T10:10:16+00:00","dateModified":"2025-05-16T10:38:48+00:00","description":"Boxer de protection contre les ondes \u00e9lectromagn\u00e9tiques \u00e0 haute fr\u00e9quence","breadcrumb":{"@id":"https:\/\/ecologa-europe.com\/shop\/produkt\/boxer-short-blinde\/?lang=fr#breadcrumb"},"inLanguage":"de","potentialAction":[{"@type":"ReadAction","target":["https:\/\/ecologa-europe.com\/shop\/produkt\/boxer-short-blinde\/?lang=fr"]}]},{"@type":"ImageObject","inLanguage":"de","@id":"https:\/\/ecologa-europe.com\/shop\/produkt\/boxer-short-blinde\/?lang=fr#primaryimage","url":"https:\/\/ecologa-europe.com\/shop\/wp-content\/uploads\/2025\/04\/herren_boxer_vor_neu.jpg","contentUrl":"https:\/\/ecologa-europe.com\/shop\/wp-content\/uploads\/2025\/04\/herren_boxer_vor_neu.jpg","width":1772,"height":1280},{"@type":"BreadcrumbList","@id":"https:\/\/ecologa-europe.com\/shop\/produkt\/boxer-short-blinde\/?lang=fr#breadcrumb","itemListElement":[{"@type":"ListItem","position":1,"name":"Startseite","item":"https:\/\/ecologa-europe.com\/shop\/"},{"@type":"ListItem","position":2,"name":"Shop","item":"https:\/\/ecologa-europe.com\/shop\/shop\/"},{"@type":"ListItem","position":3,"name":"Boxer-short blind\u00e9"}]},{"@type":"WebSite","@id":"https:\/\/ecologa-europe.com\/shop\/#website","url":"https:\/\/ecologa-europe.com\/shop\/","name":"Elektrosmog-Schutz Onlineshop","description":"Ecologa Europe","publisher":{"@id":"https:\/\/ecologa-europe.com\/shop\/#organization"},"potentialAction":[{"@type":"SearchAction","target":{"@type":"EntryPoint","urlTemplate":"https:\/\/ecologa-europe.com\/shop\/?s={search_term_string}"},"query-input":{"@type":"PropertyValueSpecification","valueRequired":true,"valueName":"search_term_string"}}],"inLanguage":"de"},{"@type":"Organization","@id":"https:\/\/ecologa-europe.com\/shop\/#organization","name":"Elektrosmog-Schutz Onlineshop","url":"https:\/\/ecologa-europe.com\/shop\/","logo":{"@type":"ImageObject","inLanguage":"de","@id":"https:\/\/ecologa-europe.com\/shop\/#\/schema\/logo\/image\/","url":"https:\/\/ecologa-europe.com\/shop\/wp-content\/uploads\/2025\/04\/vertical-navbar-logo.svg","contentUrl":"https:\/\/ecologa-europe.com\/shop\/wp-content\/uploads\/2025\/04\/vertical-navbar-logo.svg","width":182,"height":70,"caption":"Elektrosmog-Schutz Onlineshop"},"image":{"@id":"https:\/\/ecologa-europe.com\/shop\/#\/schema\/logo\/image\/"},"sameAs":["https:\/\/www.facebook.com\/Ecologa-Europe-GmbH-1604744566252298\/","https:\/\/www.instagram.com\/ecologaeurope\/"]}]}},"_links":{"self":[{"href":"https:\/\/ecologa-europe.com\/shop\/wp-json\/wp\/v2\/product\/7042","targetHints":{"allow":["GET"]}}],"collection":[{"href":"https:\/\/ecologa-europe.com\/shop\/wp-json\/wp\/v2\/product"}],"about":[{"href":"https:\/\/ecologa-europe.com\/shop\/wp-json\/wp\/v2\/types\/product"}],"wp:featuredmedia":[{"embeddable":true,"href":"https:\/\/ecologa-europe.com\/shop\/wp-json\/wp\/v2\/media\/1282"}],"wp:attachment":[{"href":"https:\/\/ecologa-europe.com\/shop\/wp-json\/wp\/v2\/media?parent=7042"}],"wp:term":[{"taxonomy":"product_brand","embeddable":true,"href":"https:\/\/ecologa-europe.com\/shop\/wp-json\/wp\/v2\/product_brand?post=7042"},{"taxonomy":"product_cat","embeddable":true,"href":"https:\/\/ecologa-europe.com\/shop\/wp-json\/wp\/v2\/product_cat?post=7042"},{"taxonomy":"product_tag","embeddable":true,"href":"https:\/\/ecologa-europe.com\/shop\/wp-json\/wp\/v2\/product_tag?post=7042"}],"curies":[{"name":"wp","href":"https:\/\/api.w.org\/{rel}","templated":true}]}}