{"id":7054,"date":"2025-05-16T10:15:32","date_gmt":"2025-05-16T10:15:32","guid":{"rendered":"https:\/\/639.pm-domains.de\/?post_type=product&#038;p=7054"},"modified":"2025-05-16T10:41:09","modified_gmt":"2025-05-16T10:41:09","slug":"baldaquin-de-protection-cosmea","status":"publish","type":"product","link":"https:\/\/ecologa-europe.com\/shop\/produkt\/baldaquin-de-protection-cosmea\/?lang=fr","title":{"rendered":"Baldaquin de protection Cosmea"},"content":{"rendered":"<p>Nos baldaquins de protection contre la t\u00e9l\u00e9phonie mobile et la 5G.<\/p>\n<p>Les baldaquins \u00e9cran Ecologa sont cousus dans nos locaux. Les tissus de protection sont fabriqu\u00e9s \u00e0 partir de fibres high-tech brevet\u00e9es. Ils sont certifi\u00e9s OEKO-TEX Standard 100.<\/p>\n<p>Gr\u00e2ce \u00e0 sa forme cubique, ce baldaquin offre une grande libert\u00e9 de mouvement. Sa structure de support en fait un partenaire id\u00e9al qui peut \u00eatre d\u00e9plac\u00e9 sans probl\u00e8me gr\u00e2ce \u00e0 sa l\u00e9g\u00e8ret\u00e9.<\/p>\n<p>Cosmea est extr\u00eamement perm\u00e9able \u00e0 l&#8217;air et \u00e0 la lumi\u00e8re et assure ainsi une exp\u00e9rience de sommeil agr\u00e9ablement confortable et prot\u00e9g\u00e9e \u00e0 la fois.<\/p>\n<p>Il est fabriqu\u00e9 \u00e0 partir d&#8217;une texture en polyamide m\u00e9tallis\u00e9 de couleur argent\u00e9e qui poss\u00e8de une tr\u00e8s grande propri\u00e9t\u00e9 d&#8217;\u00e9cran. Le tricot est fabriqu\u00e9 \u00e0 partir d&#8217;un fil polym\u00e8re fin et monofilament qui est conducteur \u00e9lectrique et thermique.<br \/>\nGr\u00e2ce \u00e0 la m\u00e9tallisation uniforme, la propri\u00e9t\u00e9 de blindage ne change pas.<br \/>\nAvec une teneur en argent de 10 %, le tricot convient en outre particuli\u00e8rement bien aux applications antimicrobiennes. L&#8217;argent est une substance active biocide conform\u00e9ment au \u00a767 du r\u00e8glement europ\u00e9en sur les biocides.<\/p>\n<p>Avec une mise \u00e0 la terre appropri\u00e9e, il peut \u00e9galement prot\u00e9ger contre les champs \u00e9lectriques \u00e0 basse fr\u00e9quence.<\/p>\n<p>Le baldaquin de protection doit \u00eatre int\u00e9gr\u00e9 dans la compensation de potentiel pour prot\u00e9ger les champs \u00e9lectriques alternatifs \u00e0 basse fr\u00e9quence. Les kits de mise \u00e0 la terre utilisables \u00e0 cet effet sont disponibles en tant qu&#8217;accessoires.<\/p>\n<p>Capacit\u00e9 de blindage (0,2-2 GHz) Section &#038;lt ; 45 dB from 0.2 GHz &#8211; 2 GHz<br \/>\nCapacit\u00e9 de blindage (2-5 GHz) Moyenne &#038;lt ; 40 dB from 2 GHz &#8211; 5 GHz<br \/>\nCapacit\u00e9 de blindage (5-14 GHz) Moyenne &#038;lt ; 36 dB from 5 GHz &#8211; 14 GHz<\/p>\n\n<table id=\"tablepress-45\" class=\"tablepress tablepress-id-45\">\n<thead>\n<tr class=\"row-1\">\n\t<td class=\"column-1\"><\/td><th class=\"column-2\">Frequence \/ Application (MHz)<\/th><th class=\"column-3\">D\u00e9cibel (dB)<\/th><th class=\"column-4\">Pourcentage (%)<\/th>\n<\/tr>\n<\/thead>\n<tbody class=\"row-striping row-hover\">\n<tr class=\"row-2\">\n\t<td class=\"column-1\">Tetra 450<\/td><td class=\"column-2\">450MHz<\/td><td class=\"column-3\">45dB<\/td><td class=\"column-4\">99,99%<\/td>\n<\/tr>\n<tr class=\"row-3\">\n\t<td class=\"column-1\">LTE 800<\/td><td class=\"column-2\">800MHz<\/td><td class=\"column-3\">45dB<\/td><td class=\"column-4\">99,99%<\/td>\n<\/tr>\n<tr class=\"row-4\">\n\t<td class=\"column-1\">GSM 900<\/td><td class=\"column-2\">900MHz<\/td><td class=\"column-3\">45dB<\/td><td class=\"column-4\">99,99%<\/td>\n<\/tr>\n<tr class=\"row-5\">\n\t<td class=\"column-1\">GSM 1800<\/td><td class=\"column-2\">1800MHz<\/td><td class=\"column-3\">45dB<\/td><td class=\"column-4\">99,99%<\/td>\n<\/tr>\n<tr class=\"row-6\">\n\t<td class=\"column-1\">DECT 1800<\/td><td class=\"column-2\">1800MHz<\/td><td class=\"column-3\">45dB<\/td><td class=\"column-4\">99,99%<\/td>\n<\/tr>\n<tr class=\"row-7\">\n\t<td class=\"column-1\">UMTS 2000<\/td><td class=\"column-2\">2000MHz<\/td><td class=\"column-3\">45dB<\/td><td class=\"column-4\">99,99%<\/td>\n<\/tr>\n<tr class=\"row-8\">\n\t<td class=\"column-1\">WLAN 2400<\/td><td class=\"column-2\">2400MHz<\/td><td class=\"column-3\">40dB<\/td><td class=\"column-4\">99,99%<\/td>\n<\/tr>\n<tr class=\"row-9\">\n\t<td class=\"column-1\">LTE 2600<\/td><td class=\"column-2\">2600MHz<\/td><td class=\"column-3\">40dB<\/td><td class=\"column-4\">99,99%<\/td>\n<\/tr>\n<tr class=\"row-10\">\n\t<td class=\"column-1\">WLAN 5800<\/td><td class=\"column-2\">5800MHz<\/td><td class=\"column-3\">40dB<\/td><td class=\"column-4\">99,99%<\/td>\n<\/tr>\n<\/tbody>\n<\/table>\n\n<p>IMPORTANT : Les produits argent\u00e9s ont la propri\u00e9t\u00e9 de changer de couleur par ternissement. En r\u00e8gle g\u00e9n\u00e9rale, cela n&#8217;a aucune influence sur l&#8217;att\u00e9nuation du blindage du mat\u00e9riau.<\/p>\n<p>Ce tissu ne devrait pas \u00eatre utilis\u00e9 \u00e0 l&#8217;ext\u00e9rieur.<\/p>\n<p>Attention :<br \/>\nNe faites pas fonctionner d&#8217;appareils \u00e9lectriques dans le baldaquin, m\u00eame s&#8217;ils sont blind\u00e9s ! Cela entra\u00eene une propagation du champ \u00e0 l&#8217;int\u00e9rieur du baldaquin, ce qui ne garantit plus le blindage des champs \u00e9lectriques alternatifs.<\/p>\n<p>Veuillez respecter les distances n\u00e9cessaires entre les lampes, les ampoules chaudes et les murs (abrasion) et le tissu.<\/p>\n<p>Si un blindage suppl\u00e9mentaire du sol est n\u00e9cessaire, nous vous recommandons d&#8217;utiliser notre base de baldaquin.<\/p>\n<p>Si vous utilisez un tapis de sol pour baldaquin, veillez \u00e0 ce que les parties lat\u00e9rales du baldaquin reposent sur le tapis de sol. Le fond du baldaquin peut \u00eatre prot\u00e9g\u00e9 par une fine moquette.<br \/>\nDans ce cas, la surface du baldaquin est toujours inf\u00e9rieure \u00e0 celle de la sous-couche.<\/p>\n<p>Les baldaquins en textile blind\u00e9, qui ne peuvent pas \u00eatre inclus dans la compensation de potentiel et ne peuvent donc pas \u00eatre mis \u00e0 la terre, prot\u00e8gent \u00e9galement des champs \u00e9lectriques \u00e0 basse fr\u00e9quence.<br \/>\nDans ce cas, les champs provoquent une r\u00e9partition de la charge sur la surface du baldaquin (similaire \u00e0 la cage de Faraday).<\/p>\n<p>Fabriqu\u00e9 en Allemagne<\/p>\n<p>Description :<\/p>\n<p>Mat\u00e9riau : 100 % polyamide \/ nylon 6.6<br \/>\nAtt\u00e9nuation du blindage max. : ~ 45 dB (&#038;gt ; 99,99 %)<br \/>\nKit de mise \u00e0 la terre non inclus<br \/>\nCertifi\u00e9 OEKO-Tex\u00ae.<br \/>\nM\u00e9tallisation : argent fin, Ag<br \/>\nTaille des mailles : 0,5 mm x 0,5 mm<br \/>\nCouleur : vieil argent<br \/>\nPoids : 5 kg<br \/>\ndimensions : 2,10 x 2,10 x 2,10 m<br \/>\navec 2 ouvertures<\/p>\n<p>Le baldaquin est livr\u00e9 avec son support.<\/p>\n<p>Conseils d&#8217;entretien :<br \/>\nLavage particuli\u00e8rement doux (cycle d\u00e9licat ou laine \u00e0 30\u00b0C).<br \/>\nBlanchiment non autoris\u00e9<br \/>\nPas de lessive avec agent de blanchiment, ne pas s\u00e9cher au s\u00e8che-linge<br \/>\nPas de nettoyage \u00e0 sec<\/p>\n<p>Utilisez toujours le moins de lessive possible. En r\u00e8gle g\u00e9n\u00e9rale, les textiles de blindage ne sont que l\u00e9g\u00e8rement poussi\u00e9reux.<\/p>\n","protected":false},"excerpt":{"rendered":"<p>Nos baldaquins de protection contre la t\u00e9l\u00e9phonie mobile et la 5G.<\/p>\n<p>Les baldaquins de protection Ecologa sont cousus dans nos locaux. Les tissus de protection sont fabriqu\u00e9s \u00e0 partir de fibres high-tech brevet\u00e9es. Ils sont certifi\u00e9s OEKO-TEX Standard 100.<\/p>\n<p>Gr\u00e2ce \u00e0 sa forme cubique, ce baldaquin offre une grande libert\u00e9 de mouvement. Sa structure de support en fait un partenaire id\u00e9al qui peut \u00eatre d\u00e9plac\u00e9 sans probl\u00e8me gr\u00e2ce \u00e0 sa l\u00e9g\u00e8ret\u00e9.<\/p>\n<p>Cosmea est extr\u00eamement perm\u00e9able \u00e0 l&#8217;air et \u00e0 la lumi\u00e8re et assure ainsi une exp\u00e9rience de sommeil agr\u00e9ablement confortable et prot\u00e9g\u00e9e \u00e0 la fois.<\/p>\n<p>Avec une mise \u00e0 la terre appropri\u00e9e, il peut \u00e9galement prot\u00e9ger contre les champs \u00e9lectriques \u00e0 basse fr\u00e9quence.<\/p>\n<p>Fabriqu\u00e9 en Allemagne<\/p>\n<p>Description du produit :<\/p>\n<p>Mat\u00e9riau : 100 % polyamide \/ nylon 6.6<br \/>\nAtt\u00e9nuation du blindage max. : ~ 45 dB (&#038;gt ; 99,99 %)<br \/>\nKit de mise \u00e0 la terre non inclus<br \/>\nCertifi\u00e9 OEKO-Tex\u00ae.<br \/>\nM\u00e9tallisation : argent fin, Ag<br \/>\nTaille des mailles : 0,5 mm x 0,5 mm<br \/>\nCouleur : vieil argent<br \/>\nPoids : 5 kg<br \/>\ndimensions : 2,10 x 2,10 x 2,10 m<br \/>\navec 2 ouvertures<\/p>\n<p>Le baldaquin est livr\u00e9 avec son support..<\/p>\n","protected":false},"featured_media":0,"template":"","meta":{"inline_featured_image":false,"site-sidebar-layout":"default","site-content-layout":"","ast-site-content-layout":"default","site-content-style":"default","site-sidebar-style":"default","ast-global-header-display":"","ast-banner-title-visibility":"","ast-main-header-display":"","ast-hfb-above-header-display":"","ast-hfb-below-header-display":"","ast-hfb-mobile-header-display":"","site-post-title":"","ast-breadcrumbs-content":"","ast-featured-img":"","footer-sml-layout":"","ast-disable-related-posts":"","theme-transparent-header-meta":"","adv-header-id-meta":"","stick-header-meta":"","header-above-stick-meta":"","header-main-stick-meta":"","header-below-stick-meta":"","astra-migrate-meta-layouts":"default","ast-page-background-enabled":"default","ast-page-background-meta":{"desktop":{"background-color":"var(--ast-global-color-5)","background-image":"","background-repeat":"repeat","background-position":"center center","background-size":"auto","background-attachment":"scroll","background-type":"","background-media":"","overlay-type":"","overlay-color":"","overlay-opacity":"","overlay-gradient":""},"tablet":{"background-color":"","background-image":"","background-repeat":"repeat","background-position":"center center","background-size":"auto","background-attachment":"scroll","background-type":"","background-media":"","overlay-type":"","overlay-color":"","overlay-opacity":"","overlay-gradient":""},"mobile":{"background-color":"","background-image":"","background-repeat":"repeat","background-position":"center center","background-size":"auto","background-attachment":"scroll","background-type":"","background-media":"","overlay-type":"","overlay-color":"","overlay-opacity":"","overlay-gradient":""}},"ast-content-background-meta":{"desktop":{"background-color":"var(--ast-global-color-4)","background-image":"","background-repeat":"repeat","background-position":"center center","background-size":"auto","background-attachment":"scroll","background-type":"","background-media":"","overlay-type":"","overlay-color":"","overlay-opacity":"","overlay-gradient":""},"tablet":{"background-color":"var(--ast-global-color-4)","background-image":"","background-repeat":"repeat","background-position":"center center","background-size":"auto","background-attachment":"scroll","background-type":"","background-media":"","overlay-type":"","overlay-color":"","overlay-opacity":"","overlay-gradient":""},"mobile":{"background-color":"var(--ast-global-color-4)","background-image":"","background-repeat":"repeat","background-position":"center center","background-size":"auto","background-attachment":"scroll","background-type":"","background-media":"","overlay-type":"","overlay-color":"","overlay-opacity":"","overlay-gradient":""}}},"product_brand":[],"product_cat":[598,638],"product_tag":[208,187,291],"class_list":{"0":"post-7054","1":"product","2":"type-product","3":"status-publish","5":"product_cat-baldaquins-anti-ondes","6":"product_cat-baldaquins-pour-lits-double","7":"product_tag-protection-contre-lelectrosmog","8":"product_tag-protection-contre-la-5g","9":"product_tag-sommeil-sain","10":"product_shipping_class-sperrgut-2","11":"desktop-align-left","12":"tablet-align-left","13":"mobile-align-left","15":"first","16":"outofstock","17":"taxable","18":"shipping-taxable","19":"purchasable","20":"product-type-simple"},"yoast_head":"<!-- This site is optimized with the Yoast SEO plugin v27.4 - https:\/\/yoast.com\/product\/yoast-seo-wordpress\/ -->\n<title>Baldaquin de protection Cosmea - Elektrosmog-Schutz Onlineshop<\/title>\n<meta name=\"description\" content=\"Baldaquin de protection contre la t\u00e9l\u00e9phonie mobile et la 5G\" \/>\n<meta name=\"robots\" content=\"index, follow, max-snippet:-1, max-image-preview:large, max-video-preview:-1\" \/>\n<link rel=\"canonical\" href=\"https:\/\/ecologa-europe.com\/shop\/produkt\/baldaquin-de-protection-cosmea\/\" \/>\n<meta property=\"og:locale\" content=\"de_DE\" \/>\n<meta property=\"og:type\" content=\"article\" \/>\n<meta property=\"og:title\" content=\"Baldaquin de protection Cosmea - Elektrosmog-Schutz Onlineshop\" \/>\n<meta property=\"og:description\" content=\"Baldaquin de protection contre la t\u00e9l\u00e9phonie mobile et la 5G\" \/>\n<meta property=\"og:url\" content=\"https:\/\/ecologa-europe.com\/shop\/produkt\/baldaquin-de-protection-cosmea\/?lang=fr\" \/>\n<meta property=\"og:site_name\" content=\"Elektrosmog-Schutz Onlineshop\" \/>\n<meta property=\"article:publisher\" content=\"https:\/\/www.facebook.com\/Ecologa-Europe-GmbH-1604744566252298\/\" \/>\n<meta property=\"article:modified_time\" content=\"2025-05-16T10:41:09+00:00\" \/>\n<meta property=\"og:image\" content=\"https:\/\/ecologa-europe.com\/shop\/wp-content\/uploads\/2025\/04\/Eden_2-2.jpg\" \/>\n\t<meta property=\"og:image:width\" content=\"1441\" \/>\n\t<meta property=\"og:image:height\" content=\"1280\" \/>\n\t<meta property=\"og:image:type\" content=\"image\/jpeg\" \/>\n<meta name=\"twitter:card\" content=\"summary_large_image\" \/>\n<meta name=\"twitter:label1\" content=\"Gesch\u00e4tzte Lesezeit\" \/>\n\t<meta name=\"twitter:data1\" content=\"3\u00a0Minuten\" \/>\n<script type=\"application\/ld+json\" class=\"yoast-schema-graph\">{\"@context\":\"https:\\\/\\\/schema.org\",\"@graph\":[{\"@type\":\"WebPage\",\"@id\":\"https:\\\/\\\/ecologa-europe.com\\\/shop\\\/produkt\\\/baldaquin-de-protection-cosmea\\\/?lang=fr\",\"url\":\"https:\\\/\\\/ecologa-europe.com\\\/shop\\\/produkt\\\/baldaquin-de-protection-cosmea\\\/?lang=fr\",\"name\":\"Baldaquin de protection Cosmea - Elektrosmog-Schutz Onlineshop\",\"isPartOf\":{\"@id\":\"https:\\\/\\\/ecologa-europe.com\\\/shop\\\/#website\"},\"datePublished\":\"2025-05-16T10:15:32+00:00\",\"dateModified\":\"2025-05-16T10:41:09+00:00\",\"description\":\"Baldaquin de protection contre la t\u00e9l\u00e9phonie mobile et la 5G\",\"breadcrumb\":{\"@id\":\"https:\\\/\\\/ecologa-europe.com\\\/shop\\\/produkt\\\/baldaquin-de-protection-cosmea\\\/?lang=fr#breadcrumb\"},\"inLanguage\":\"de\",\"potentialAction\":[{\"@type\":\"ReadAction\",\"target\":[\"https:\\\/\\\/ecologa-europe.com\\\/shop\\\/produkt\\\/baldaquin-de-protection-cosmea\\\/?lang=fr\"]}]},{\"@type\":\"BreadcrumbList\",\"@id\":\"https:\\\/\\\/ecologa-europe.com\\\/shop\\\/produkt\\\/baldaquin-de-protection-cosmea\\\/?lang=fr#breadcrumb\",\"itemListElement\":[{\"@type\":\"ListItem\",\"position\":1,\"name\":\"Startseite\",\"item\":\"https:\\\/\\\/ecologa-europe.com\\\/shop\\\/\"},{\"@type\":\"ListItem\",\"position\":2,\"name\":\"Shop\",\"item\":\"https:\\\/\\\/ecologa-europe.com\\\/shop\\\/shop\\\/\"},{\"@type\":\"ListItem\",\"position\":3,\"name\":\"Baldaquin de protection Cosmea\"}]},{\"@type\":\"WebSite\",\"@id\":\"https:\\\/\\\/ecologa-europe.com\\\/shop\\\/#website\",\"url\":\"https:\\\/\\\/ecologa-europe.com\\\/shop\\\/\",\"name\":\"Elektrosmog-Schutz Onlineshop\",\"description\":\"Ecologa Europe\",\"publisher\":{\"@id\":\"https:\\\/\\\/ecologa-europe.com\\\/shop\\\/#organization\"},\"potentialAction\":[{\"@type\":\"SearchAction\",\"target\":{\"@type\":\"EntryPoint\",\"urlTemplate\":\"https:\\\/\\\/ecologa-europe.com\\\/shop\\\/?s={search_term_string}\"},\"query-input\":{\"@type\":\"PropertyValueSpecification\",\"valueRequired\":true,\"valueName\":\"search_term_string\"}}],\"inLanguage\":\"de\"},{\"@type\":\"Organization\",\"@id\":\"https:\\\/\\\/ecologa-europe.com\\\/shop\\\/#organization\",\"name\":\"Elektrosmog-Schutz Onlineshop\",\"url\":\"https:\\\/\\\/ecologa-europe.com\\\/shop\\\/\",\"logo\":{\"@type\":\"ImageObject\",\"inLanguage\":\"de\",\"@id\":\"https:\\\/\\\/ecologa-europe.com\\\/shop\\\/#\\\/schema\\\/logo\\\/image\\\/\",\"url\":\"https:\\\/\\\/ecologa-europe.com\\\/shop\\\/wp-content\\\/uploads\\\/2025\\\/04\\\/vertical-navbar-logo.svg\",\"contentUrl\":\"https:\\\/\\\/ecologa-europe.com\\\/shop\\\/wp-content\\\/uploads\\\/2025\\\/04\\\/vertical-navbar-logo.svg\",\"width\":182,\"height\":70,\"caption\":\"Elektrosmog-Schutz Onlineshop\"},\"image\":{\"@id\":\"https:\\\/\\\/ecologa-europe.com\\\/shop\\\/#\\\/schema\\\/logo\\\/image\\\/\"},\"sameAs\":[\"https:\\\/\\\/www.facebook.com\\\/Ecologa-Europe-GmbH-1604744566252298\\\/\",\"https:\\\/\\\/www.instagram.com\\\/ecologaeurope\\\/\"]}]}<\/script>\n<!-- \/ Yoast SEO plugin. -->","yoast_head_json":{"title":"Baldaquin de protection Cosmea - Elektrosmog-Schutz Onlineshop","description":"Baldaquin de protection contre la t\u00e9l\u00e9phonie mobile et la 5G","robots":{"index":"index","follow":"follow","max-snippet":"max-snippet:-1","max-image-preview":"max-image-preview:large","max-video-preview":"max-video-preview:-1"},"canonical":"https:\/\/ecologa-europe.com\/shop\/produkt\/baldaquin-de-protection-cosmea\/","og_locale":"de_DE","og_type":"article","og_title":"Baldaquin de protection Cosmea - Elektrosmog-Schutz Onlineshop","og_description":"Baldaquin de protection contre la t\u00e9l\u00e9phonie mobile et la 5G","og_url":"https:\/\/ecologa-europe.com\/shop\/produkt\/baldaquin-de-protection-cosmea\/?lang=fr","og_site_name":"Elektrosmog-Schutz Onlineshop","article_publisher":"https:\/\/www.facebook.com\/Ecologa-Europe-GmbH-1604744566252298\/","article_modified_time":"2025-05-16T10:41:09+00:00","og_image":[{"width":1441,"height":1280,"url":"https:\/\/ecologa-europe.com\/shop\/wp-content\/uploads\/2025\/04\/Eden_2-2.jpg","type":"image\/jpeg"}],"twitter_card":"summary_large_image","twitter_misc":{"Gesch\u00e4tzte Lesezeit":"3\u00a0Minuten"},"schema":{"@context":"https:\/\/schema.org","@graph":[{"@type":"WebPage","@id":"https:\/\/ecologa-europe.com\/shop\/produkt\/baldaquin-de-protection-cosmea\/?lang=fr","url":"https:\/\/ecologa-europe.com\/shop\/produkt\/baldaquin-de-protection-cosmea\/?lang=fr","name":"Baldaquin de protection Cosmea - Elektrosmog-Schutz Onlineshop","isPartOf":{"@id":"https:\/\/ecologa-europe.com\/shop\/#website"},"datePublished":"2025-05-16T10:15:32+00:00","dateModified":"2025-05-16T10:41:09+00:00","description":"Baldaquin de protection contre la t\u00e9l\u00e9phonie mobile et la 5G","breadcrumb":{"@id":"https:\/\/ecologa-europe.com\/shop\/produkt\/baldaquin-de-protection-cosmea\/?lang=fr#breadcrumb"},"inLanguage":"de","potentialAction":[{"@type":"ReadAction","target":["https:\/\/ecologa-europe.com\/shop\/produkt\/baldaquin-de-protection-cosmea\/?lang=fr"]}]},{"@type":"BreadcrumbList","@id":"https:\/\/ecologa-europe.com\/shop\/produkt\/baldaquin-de-protection-cosmea\/?lang=fr#breadcrumb","itemListElement":[{"@type":"ListItem","position":1,"name":"Startseite","item":"https:\/\/ecologa-europe.com\/shop\/"},{"@type":"ListItem","position":2,"name":"Shop","item":"https:\/\/ecologa-europe.com\/shop\/shop\/"},{"@type":"ListItem","position":3,"name":"Baldaquin de protection Cosmea"}]},{"@type":"WebSite","@id":"https:\/\/ecologa-europe.com\/shop\/#website","url":"https:\/\/ecologa-europe.com\/shop\/","name":"Elektrosmog-Schutz Onlineshop","description":"Ecologa Europe","publisher":{"@id":"https:\/\/ecologa-europe.com\/shop\/#organization"},"potentialAction":[{"@type":"SearchAction","target":{"@type":"EntryPoint","urlTemplate":"https:\/\/ecologa-europe.com\/shop\/?s={search_term_string}"},"query-input":{"@type":"PropertyValueSpecification","valueRequired":true,"valueName":"search_term_string"}}],"inLanguage":"de"},{"@type":"Organization","@id":"https:\/\/ecologa-europe.com\/shop\/#organization","name":"Elektrosmog-Schutz Onlineshop","url":"https:\/\/ecologa-europe.com\/shop\/","logo":{"@type":"ImageObject","inLanguage":"de","@id":"https:\/\/ecologa-europe.com\/shop\/#\/schema\/logo\/image\/","url":"https:\/\/ecologa-europe.com\/shop\/wp-content\/uploads\/2025\/04\/vertical-navbar-logo.svg","contentUrl":"https:\/\/ecologa-europe.com\/shop\/wp-content\/uploads\/2025\/04\/vertical-navbar-logo.svg","width":182,"height":70,"caption":"Elektrosmog-Schutz Onlineshop"},"image":{"@id":"https:\/\/ecologa-europe.com\/shop\/#\/schema\/logo\/image\/"},"sameAs":["https:\/\/www.facebook.com\/Ecologa-Europe-GmbH-1604744566252298\/","https:\/\/www.instagram.com\/ecologaeurope\/"]}]}},"_links":{"self":[{"href":"https:\/\/ecologa-europe.com\/shop\/wp-json\/wp\/v2\/product\/7054","targetHints":{"allow":["GET"]}}],"collection":[{"href":"https:\/\/ecologa-europe.com\/shop\/wp-json\/wp\/v2\/product"}],"about":[{"href":"https:\/\/ecologa-europe.com\/shop\/wp-json\/wp\/v2\/types\/product"}],"wp:attachment":[{"href":"https:\/\/ecologa-europe.com\/shop\/wp-json\/wp\/v2\/media?parent=7054"}],"wp:term":[{"taxonomy":"product_brand","embeddable":true,"href":"https:\/\/ecologa-europe.com\/shop\/wp-json\/wp\/v2\/product_brand?post=7054"},{"taxonomy":"product_cat","embeddable":true,"href":"https:\/\/ecologa-europe.com\/shop\/wp-json\/wp\/v2\/product_cat?post=7054"},{"taxonomy":"product_tag","embeddable":true,"href":"https:\/\/ecologa-europe.com\/shop\/wp-json\/wp\/v2\/product_tag?post=7054"}],"curies":[{"name":"wp","href":"https:\/\/api.w.org\/{rel}","templated":true}]}}