{"id":7055,"date":"2025-05-16T10:15:32","date_gmt":"2025-05-16T10:15:32","guid":{"rendered":"https:\/\/639.pm-domains.de\/?post_type=product&#038;p=7055"},"modified":"2025-05-16T10:41:09","modified_gmt":"2025-05-16T10:41:09","slug":"baldacchino-schermante-cosmea","status":"publish","type":"product","link":"https:\/\/ecologa-europe.com\/shop\/produkt\/baldacchino-schermante-cosmea\/?lang=it","title":{"rendered":"Baldacchino schermante Cosmea"},"content":{"rendered":"<p>I nostri baldacchini per la schermatura contro i telefoni cellulari e il 5G.<\/p>\n<p>I baldacchini schermanti Ecologa sono cuciti internamente. I tessuti di schermatura sono realizzati con fibre high-tech brevettate. Sono certificati secondo la norma OEKO-TEX Standard 100.<\/p>\n<p>Grazie alla sua forma cubica, questo baldacchino offre un elevato grado di libert\u00e0 di movimento. La sua struttura portante lo rende un partner ideale che pu\u00f2 essere spostato facilmente grazie alla sua leggerezza.<\/p>\n<p>Cosmea \u00e8 estremamente permeabile all&#8217;aria e alla luce e garantisce quindi un sonno piacevolmente accogliente e allo stesso tempo protetto.<\/p>\n<p>\u00c8 realizzato con una texture di poliammide metallizzata di colore argento, che ha propriet\u00e0 schermanti molto elevate. Il tessuto a maglia \u00e8 costituito da un sottile filato polimerico monofilamento che \u00e8 elettricamente e termicamente conduttivo.<br \/>\nGrazie alla metallizzazione uniforme, la propriet\u00e0 schermante non cambia.<br \/>\nCon un contenuto di argento del 10%, il tessuto a maglia \u00e8 particolarmente adatto anche per applicazioni antimicrobiche. L&#8217;argento \u00e8 un agente biocida ai sensi del \u00a767 del Regolamento europeo sui biocidi.<\/p>\n<p>Con un&#8217;adeguata messa a terra, pu\u00f2 anche proteggere dai campi elettrici a bassa frequenza.<\/p>\n<p>Il baldacchino di schermatura deve essere integrato nel sistema di collegamento equipotenziale per proteggere dai campi elettrici alternati a bassa frequenza. I set di messa a terra utilizzabili a questo scopo sono disponibili come accessori.<\/p>\n<p>Capacit\u00e0 di schermatura (0,2-2 GHz) media &lt; 45 dB da 0,2 GHz &#8211; 2 GHz<br \/>\nCapacit\u00e0 di schermatura (2-5 GHz) Media &lt; 40 dB da 2 GHz a 5 GHz<br \/>\nCapacit\u00e0 di schermatura (5-14 GHz) Media &lt; 36 dB da 5 GHz &#8211; 14 GHz<\/p>\n\n<table id=\"tablepress-46\" class=\"tablepress tablepress-id-46\">\n<thead>\n<tr class=\"row-1\">\n\t<td class=\"column-1\"><\/td><th class=\"column-2\">Frequenza \/ Applicazione (MHz)<\/th><th class=\"column-3\">Decibel (dB)<\/th><th class=\"column-4\">Percentuale (%)<\/th>\n<\/tr>\n<\/thead>\n<tbody class=\"row-striping row-hover\">\n<tr class=\"row-2\">\n\t<td class=\"column-1\">Tetra 450<\/td><td class=\"column-2\">450MHz<\/td><td class=\"column-3\">45dB<\/td><td class=\"column-4\">99,99%<\/td>\n<\/tr>\n<tr class=\"row-3\">\n\t<td class=\"column-1\">LTE 800<\/td><td class=\"column-2\">800MHz<\/td><td class=\"column-3\">45dB<\/td><td class=\"column-4\">99,99%<\/td>\n<\/tr>\n<tr class=\"row-4\">\n\t<td class=\"column-1\">GSM 900<\/td><td class=\"column-2\">900MHz<\/td><td class=\"column-3\">45dB<\/td><td class=\"column-4\">99,99%<\/td>\n<\/tr>\n<tr class=\"row-5\">\n\t<td class=\"column-1\">GSM 1800<\/td><td class=\"column-2\">1800MHz<\/td><td class=\"column-3\">45dB<\/td><td class=\"column-4\">99,99%<\/td>\n<\/tr>\n<tr class=\"row-6\">\n\t<td class=\"column-1\">DECT 1800<\/td><td class=\"column-2\">1800MHz<\/td><td class=\"column-3\">45dB<\/td><td class=\"column-4\">99,99%<\/td>\n<\/tr>\n<tr class=\"row-7\">\n\t<td class=\"column-1\">UMTS 2000<\/td><td class=\"column-2\">2000MHz<\/td><td class=\"column-3\">45dB<\/td><td class=\"column-4\">99,99%<\/td>\n<\/tr>\n<tr class=\"row-8\">\n\t<td class=\"column-1\">WLAN 2400<\/td><td class=\"column-2\">2400MHz<\/td><td class=\"column-3\">40dB<\/td><td class=\"column-4\">99,99%<\/td>\n<\/tr>\n<tr class=\"row-9\">\n\t<td class=\"column-1\">LTE 2600<\/td><td class=\"column-2\">2600MHz<\/td><td class=\"column-3\">40dB<\/td><td class=\"column-4\">99,99%<\/td>\n<\/tr>\n<tr class=\"row-10\">\n\t<td class=\"column-1\">WLAN 5800<\/td><td class=\"column-2\">5800MHz<\/td><td class=\"column-3\">40dB<\/td><td class=\"column-4\">99,99%<\/td>\n<\/tr>\n<\/tbody>\n<\/table>\n\n<p>IMPORTANTE: i prodotti argentati hanno la propriet\u00e0 di cambiare colore a causa dell&#8217;appannamento. Di solito questo non ha alcun effetto sull&#8217;efficacia schermante del materiale.<\/p>\n<p>Questo materiale non deve essere utilizzato all&#8217;aperto.<\/p>\n<p>Attenzione:<br \/>\nNon utilizzare dispositivi elettrici nel baldacchino, nemmeno quelli schermati! In questo modo, il campo elettrico si riversa all&#8217;interno del tettuccio e la schermatura dei campi elettrici alternati viene meno.<\/p>\n<p>Rispettare le distanze necessarie da lampade, fonti di luce calda e pareti (abrasione) al tessuto.<\/p>\n<p>Se \u00e8 necessaria un&#8217;ulteriore schermatura del pavimento, consigliamo il nostro sottotappeto.<\/p>\n<p>Se si utilizza un sottotappeto, assicurarsi che le parti laterali del baldacchino poggino sul tappetino. Il sottotappeto pu\u00f2 essere protetto con un tappeto sottile.<br \/>\nIn questo caso, la superficie del baldacchino \u00e8 sempre inferiore a quella del sottotappeto.<\/p>\n<p>I baldacchini realizzati con tessuti schermanti, che non possono essere inclusi nel collegamento equipotenziale e quindi non possono essere messi a terra, schermano anche i campi elettrici alternati a bassa frequenza.<br \/>\nCi\u00f2 comporta una distribuzione di carica attraverso i campi sulla superficie del baldacchino (simile a una gabbia di Faraday).<\/p>\n<p>Prodotto in Germania<\/p>\n<p>Descrizione:<\/p>\n<p>Materiale: 100 % poliammide \/ nylon 6.6<br \/>\nAttenuazione di schermatura max.: ~ 45 dB (&gt; 99,99 %)<br \/>\nKit di messa a terra non incluso<br \/>\nCertificato OEKO-Tex<br \/>\nMetallizzazione: argento fino, Ag<br \/>\nDimensione della maglia: 0,5 mm x 0,5 mm<br \/>\nColore: argento vecchio<br \/>\nPeso: 5 kg<br \/>\nDimensioni: 2,10 x 2,10 x 2,10 m<br \/>\ncon 2 aperture<\/p>\n<p>Il baldacchino viene fornito con il suo supporto.<\/p>\n<p>Istruzioni per la cura:<br \/>\nLavare molto delicatamente (ciclo di lavaggio delicato o lana a 30\u00b0C).<br \/>\nNon \u00e8 consentito il candeggio<br \/>\nNon utilizzare detersivi con candeggina, non asciugare in asciugatrice.<br \/>\nNon lavare a secco<\/p>\n<p>Utilizzare sempre il minor quantitativo possibile di detersivo. Di norma, i tessuti schermantiper baldacchini sono solo leggermente polverosi.<\/p>\n","protected":false},"excerpt":{"rendered":"<p>I nostri baldacchini per la schermatura contro i telefoni cellulari e il 5G.<\/p>\n<p>I baldacchini di schermatura Ecologa sono cuciti internamente. I tessuti di schermatura sono realizzati con fibre high-tech brevettate. Sono certificati secondo l&#8217;OEKO-TEX Standard 100.<\/p>\n<p>Grazie alla sua forma cubica, questo baldacchino offre un elevato grado di libert\u00e0 di movimento. La sua struttura portante lo rende un partner ideale che pu\u00f2 essere spostato facilmente grazie alla sua leggerezza.<\/p>\n<p>Cosmea \u00e8 estremamente permeabile all&#8217;aria e alla luce e garantisce quindi un sonno piacevolmente accogliente e allo stesso tempo protetto.<\/p>\n<p>Con un&#8217;adeguata messa a terra, pu\u00f2 anche proteggere dai campi elettrici a bassa frequenza.<\/p>\n<p>Prodotto in Germania<\/p>\n<p>Descrizione:<\/p>\n<p>Materiale: 100 % poliammide \/ nylon 6.6<br \/>\nAttenuazione della schermatura max.: ~ 45 dB (99,99 %)<br \/>\nKit di messa a terra non incluso<br \/>\nCertificato OEKO-Tex<br \/>\nMetallizzazione: argento fino, Ag<br \/>\nDimensione della maglia: 0,5 mm x 0,5 mm<br \/>\nColore: argento vecchio<br \/>\nPeso: 5 kg<br \/>\nDimensioni: 2,10 x 2,10 x 2,10 m<br \/>\ncon 2 aperture<\/p>\n<p>Il baldacchino viene fornito con il suo supporto.<\/p>\n","protected":false},"featured_media":1721,"template":"","meta":{"inline_featured_image":false,"site-sidebar-layout":"default","site-content-layout":"","ast-site-content-layout":"default","site-content-style":"default","site-sidebar-style":"default","ast-global-header-display":"","ast-banner-title-visibility":"","ast-main-header-display":"","ast-hfb-above-header-display":"","ast-hfb-below-header-display":"","ast-hfb-mobile-header-display":"","site-post-title":"","ast-breadcrumbs-content":"","ast-featured-img":"","footer-sml-layout":"","ast-disable-related-posts":"","theme-transparent-header-meta":"","adv-header-id-meta":"","stick-header-meta":"","header-above-stick-meta":"","header-main-stick-meta":"","header-below-stick-meta":"","astra-migrate-meta-layouts":"default","ast-page-background-enabled":"default","ast-page-background-meta":{"desktop":{"background-color":"var(--ast-global-color-5)","background-image":"","background-repeat":"repeat","background-position":"center center","background-size":"auto","background-attachment":"scroll","background-type":"","background-media":"","overlay-type":"","overlay-color":"","overlay-opacity":"","overlay-gradient":""},"tablet":{"background-color":"","background-image":"","background-repeat":"repeat","background-position":"center center","background-size":"auto","background-attachment":"scroll","background-type":"","background-media":"","overlay-type":"","overlay-color":"","overlay-opacity":"","overlay-gradient":""},"mobile":{"background-color":"","background-image":"","background-repeat":"repeat","background-position":"center center","background-size":"auto","background-attachment":"scroll","background-type":"","background-media":"","overlay-type":"","overlay-color":"","overlay-opacity":"","overlay-gradient":""}},"ast-content-background-meta":{"desktop":{"background-color":"var(--ast-global-color-4)","background-image":"","background-repeat":"repeat","background-position":"center center","background-size":"auto","background-attachment":"scroll","background-type":"","background-media":"","overlay-type":"","overlay-color":"","overlay-opacity":"","overlay-gradient":""},"tablet":{"background-color":"var(--ast-global-color-4)","background-image":"","background-repeat":"repeat","background-position":"center center","background-size":"auto","background-attachment":"scroll","background-type":"","background-media":"","overlay-type":"","overlay-color":"","overlay-opacity":"","overlay-gradient":""},"mobile":{"background-color":"var(--ast-global-color-4)","background-image":"","background-repeat":"repeat","background-position":"center center","background-size":"auto","background-attachment":"scroll","background-type":"","background-media":"","overlay-type":"","overlay-color":"","overlay-opacity":"","overlay-gradient":""}}},"product_brand":[],"product_cat":[642,292],"product_tag":[194,209],"class_list":{"0":"post-7055","1":"product","2":"type-product","3":"status-publish","4":"has-post-thumbnail","6":"product_cat-baldacchini-per-letti-matrimoniali","7":"product_cat-baldacchini-schermanti","8":"product_tag-protezione-dal-5g","9":"product_tag-protezione-dallelettrosmog","10":"product_shipping_class-sperrgut","11":"desktop-align-left","12":"tablet-align-left","13":"mobile-align-left","15":"first","16":"outofstock","17":"taxable","18":"shipping-taxable","19":"purchasable","20":"product-type-simple"},"yoast_head":"<!-- This site is optimized with the Yoast SEO plugin v27.3 - https:\/\/yoast.com\/product\/yoast-seo-wordpress\/ -->\n<title>Baldacchino schermante Cosmea - Elektrosmog-Schutz Onlineshop<\/title>\n<meta name=\"description\" content=\"Baldacchino schermante per la schermatura contro la radiofonia mobile e il 5G\" \/>\n<meta name=\"robots\" content=\"index, follow, max-snippet:-1, max-image-preview:large, max-video-preview:-1\" \/>\n<link rel=\"canonical\" href=\"https:\/\/ecologa-europe.com\/shop\/produkt\/baldacchino-schermante-cosmea\/\" \/>\n<meta property=\"og:locale\" content=\"de_DE\" \/>\n<meta property=\"og:type\" content=\"article\" \/>\n<meta property=\"og:title\" content=\"Baldacchino schermante Cosmea - Elektrosmog-Schutz Onlineshop\" \/>\n<meta property=\"og:description\" content=\"Baldacchino schermante per la schermatura contro la radiofonia mobile e il 5G\" \/>\n<meta property=\"og:url\" content=\"https:\/\/ecologa-europe.com\/shop\/produkt\/baldacchino-schermante-cosmea\/?lang=it\" \/>\n<meta property=\"og:site_name\" content=\"Elektrosmog-Schutz Onlineshop\" \/>\n<meta property=\"article:publisher\" content=\"https:\/\/www.facebook.com\/Ecologa-Europe-GmbH-1604744566252298\/\" \/>\n<meta property=\"article:modified_time\" content=\"2025-05-16T10:41:09+00:00\" \/>\n<meta property=\"og:image\" content=\"https:\/\/ecologa-europe.com\/shop\/wp-content\/uploads\/2025\/04\/Eden_2-2.jpg\" \/>\n\t<meta property=\"og:image:width\" content=\"1441\" \/>\n\t<meta property=\"og:image:height\" content=\"1280\" \/>\n\t<meta property=\"og:image:type\" content=\"image\/jpeg\" \/>\n<meta name=\"twitter:card\" content=\"summary_large_image\" \/>\n<meta name=\"twitter:label1\" content=\"Gesch\u00e4tzte Lesezeit\" \/>\n\t<meta name=\"twitter:data1\" content=\"3\u00a0Minuten\" \/>\n<script type=\"application\/ld+json\" class=\"yoast-schema-graph\">{\"@context\":\"https:\\\/\\\/schema.org\",\"@graph\":[{\"@type\":\"WebPage\",\"@id\":\"https:\\\/\\\/ecologa-europe.com\\\/shop\\\/produkt\\\/baldacchino-schermante-cosmea\\\/?lang=it\",\"url\":\"https:\\\/\\\/ecologa-europe.com\\\/shop\\\/produkt\\\/baldacchino-schermante-cosmea\\\/?lang=it\",\"name\":\"Baldacchino schermante Cosmea - Elektrosmog-Schutz Onlineshop\",\"isPartOf\":{\"@id\":\"https:\\\/\\\/ecologa-europe.com\\\/shop\\\/#website\"},\"primaryImageOfPage\":{\"@id\":\"https:\\\/\\\/ecologa-europe.com\\\/shop\\\/produkt\\\/baldacchino-schermante-cosmea\\\/?lang=it#primaryimage\"},\"image\":{\"@id\":\"https:\\\/\\\/ecologa-europe.com\\\/shop\\\/produkt\\\/baldacchino-schermante-cosmea\\\/?lang=it#primaryimage\"},\"thumbnailUrl\":\"https:\\\/\\\/ecologa-europe.com\\\/shop\\\/wp-content\\\/uploads\\\/2025\\\/04\\\/Eden_2-2.jpg\",\"datePublished\":\"2025-05-16T10:15:32+00:00\",\"dateModified\":\"2025-05-16T10:41:09+00:00\",\"description\":\"Baldacchino schermante per la schermatura contro la radiofonia mobile e il 5G\",\"breadcrumb\":{\"@id\":\"https:\\\/\\\/ecologa-europe.com\\\/shop\\\/produkt\\\/baldacchino-schermante-cosmea\\\/?lang=it#breadcrumb\"},\"inLanguage\":\"de\",\"potentialAction\":[{\"@type\":\"ReadAction\",\"target\":[\"https:\\\/\\\/ecologa-europe.com\\\/shop\\\/produkt\\\/baldacchino-schermante-cosmea\\\/?lang=it\"]}]},{\"@type\":\"ImageObject\",\"inLanguage\":\"de\",\"@id\":\"https:\\\/\\\/ecologa-europe.com\\\/shop\\\/produkt\\\/baldacchino-schermante-cosmea\\\/?lang=it#primaryimage\",\"url\":\"https:\\\/\\\/ecologa-europe.com\\\/shop\\\/wp-content\\\/uploads\\\/2025\\\/04\\\/Eden_2-2.jpg\",\"contentUrl\":\"https:\\\/\\\/ecologa-europe.com\\\/shop\\\/wp-content\\\/uploads\\\/2025\\\/04\\\/Eden_2-2.jpg\",\"width\":1441,\"height\":1280},{\"@type\":\"BreadcrumbList\",\"@id\":\"https:\\\/\\\/ecologa-europe.com\\\/shop\\\/produkt\\\/baldacchino-schermante-cosmea\\\/?lang=it#breadcrumb\",\"itemListElement\":[{\"@type\":\"ListItem\",\"position\":1,\"name\":\"Startseite\",\"item\":\"https:\\\/\\\/ecologa-europe.com\\\/shop\\\/\"},{\"@type\":\"ListItem\",\"position\":2,\"name\":\"Shop\",\"item\":\"https:\\\/\\\/ecologa-europe.com\\\/shop\\\/shop\\\/\"},{\"@type\":\"ListItem\",\"position\":3,\"name\":\"Baldacchino schermante Cosmea\"}]},{\"@type\":\"WebSite\",\"@id\":\"https:\\\/\\\/ecologa-europe.com\\\/shop\\\/#website\",\"url\":\"https:\\\/\\\/ecologa-europe.com\\\/shop\\\/\",\"name\":\"Elektrosmog-Schutz Onlineshop\",\"description\":\"Ecologa Europe\",\"publisher\":{\"@id\":\"https:\\\/\\\/ecologa-europe.com\\\/shop\\\/#organization\"},\"potentialAction\":[{\"@type\":\"SearchAction\",\"target\":{\"@type\":\"EntryPoint\",\"urlTemplate\":\"https:\\\/\\\/ecologa-europe.com\\\/shop\\\/?s={search_term_string}\"},\"query-input\":{\"@type\":\"PropertyValueSpecification\",\"valueRequired\":true,\"valueName\":\"search_term_string\"}}],\"inLanguage\":\"de\"},{\"@type\":\"Organization\",\"@id\":\"https:\\\/\\\/ecologa-europe.com\\\/shop\\\/#organization\",\"name\":\"Elektrosmog-Schutz Onlineshop\",\"url\":\"https:\\\/\\\/ecologa-europe.com\\\/shop\\\/\",\"logo\":{\"@type\":\"ImageObject\",\"inLanguage\":\"de\",\"@id\":\"https:\\\/\\\/ecologa-europe.com\\\/shop\\\/#\\\/schema\\\/logo\\\/image\\\/\",\"url\":\"https:\\\/\\\/ecologa-europe.com\\\/shop\\\/wp-content\\\/uploads\\\/2025\\\/04\\\/vertical-navbar-logo.svg\",\"contentUrl\":\"https:\\\/\\\/ecologa-europe.com\\\/shop\\\/wp-content\\\/uploads\\\/2025\\\/04\\\/vertical-navbar-logo.svg\",\"width\":182,\"height\":70,\"caption\":\"Elektrosmog-Schutz Onlineshop\"},\"image\":{\"@id\":\"https:\\\/\\\/ecologa-europe.com\\\/shop\\\/#\\\/schema\\\/logo\\\/image\\\/\"},\"sameAs\":[\"https:\\\/\\\/www.facebook.com\\\/Ecologa-Europe-GmbH-1604744566252298\\\/\",\"https:\\\/\\\/www.instagram.com\\\/ecologaeurope\\\/\"]}]}<\/script>\n<!-- \/ Yoast SEO plugin. -->","yoast_head_json":{"title":"Baldacchino schermante Cosmea - Elektrosmog-Schutz Onlineshop","description":"Baldacchino schermante per la schermatura contro la radiofonia mobile e il 5G","robots":{"index":"index","follow":"follow","max-snippet":"max-snippet:-1","max-image-preview":"max-image-preview:large","max-video-preview":"max-video-preview:-1"},"canonical":"https:\/\/ecologa-europe.com\/shop\/produkt\/baldacchino-schermante-cosmea\/","og_locale":"de_DE","og_type":"article","og_title":"Baldacchino schermante Cosmea - Elektrosmog-Schutz Onlineshop","og_description":"Baldacchino schermante per la schermatura contro la radiofonia mobile e il 5G","og_url":"https:\/\/ecologa-europe.com\/shop\/produkt\/baldacchino-schermante-cosmea\/?lang=it","og_site_name":"Elektrosmog-Schutz Onlineshop","article_publisher":"https:\/\/www.facebook.com\/Ecologa-Europe-GmbH-1604744566252298\/","article_modified_time":"2025-05-16T10:41:09+00:00","og_image":[{"width":1441,"height":1280,"url":"https:\/\/ecologa-europe.com\/shop\/wp-content\/uploads\/2025\/04\/Eden_2-2.jpg","type":"image\/jpeg"}],"twitter_card":"summary_large_image","twitter_misc":{"Gesch\u00e4tzte Lesezeit":"3\u00a0Minuten"},"schema":{"@context":"https:\/\/schema.org","@graph":[{"@type":"WebPage","@id":"https:\/\/ecologa-europe.com\/shop\/produkt\/baldacchino-schermante-cosmea\/?lang=it","url":"https:\/\/ecologa-europe.com\/shop\/produkt\/baldacchino-schermante-cosmea\/?lang=it","name":"Baldacchino schermante Cosmea - Elektrosmog-Schutz Onlineshop","isPartOf":{"@id":"https:\/\/ecologa-europe.com\/shop\/#website"},"primaryImageOfPage":{"@id":"https:\/\/ecologa-europe.com\/shop\/produkt\/baldacchino-schermante-cosmea\/?lang=it#primaryimage"},"image":{"@id":"https:\/\/ecologa-europe.com\/shop\/produkt\/baldacchino-schermante-cosmea\/?lang=it#primaryimage"},"thumbnailUrl":"https:\/\/ecologa-europe.com\/shop\/wp-content\/uploads\/2025\/04\/Eden_2-2.jpg","datePublished":"2025-05-16T10:15:32+00:00","dateModified":"2025-05-16T10:41:09+00:00","description":"Baldacchino schermante per la schermatura contro la radiofonia mobile e il 5G","breadcrumb":{"@id":"https:\/\/ecologa-europe.com\/shop\/produkt\/baldacchino-schermante-cosmea\/?lang=it#breadcrumb"},"inLanguage":"de","potentialAction":[{"@type":"ReadAction","target":["https:\/\/ecologa-europe.com\/shop\/produkt\/baldacchino-schermante-cosmea\/?lang=it"]}]},{"@type":"ImageObject","inLanguage":"de","@id":"https:\/\/ecologa-europe.com\/shop\/produkt\/baldacchino-schermante-cosmea\/?lang=it#primaryimage","url":"https:\/\/ecologa-europe.com\/shop\/wp-content\/uploads\/2025\/04\/Eden_2-2.jpg","contentUrl":"https:\/\/ecologa-europe.com\/shop\/wp-content\/uploads\/2025\/04\/Eden_2-2.jpg","width":1441,"height":1280},{"@type":"BreadcrumbList","@id":"https:\/\/ecologa-europe.com\/shop\/produkt\/baldacchino-schermante-cosmea\/?lang=it#breadcrumb","itemListElement":[{"@type":"ListItem","position":1,"name":"Startseite","item":"https:\/\/ecologa-europe.com\/shop\/"},{"@type":"ListItem","position":2,"name":"Shop","item":"https:\/\/ecologa-europe.com\/shop\/shop\/"},{"@type":"ListItem","position":3,"name":"Baldacchino schermante Cosmea"}]},{"@type":"WebSite","@id":"https:\/\/ecologa-europe.com\/shop\/#website","url":"https:\/\/ecologa-europe.com\/shop\/","name":"Elektrosmog-Schutz Onlineshop","description":"Ecologa Europe","publisher":{"@id":"https:\/\/ecologa-europe.com\/shop\/#organization"},"potentialAction":[{"@type":"SearchAction","target":{"@type":"EntryPoint","urlTemplate":"https:\/\/ecologa-europe.com\/shop\/?s={search_term_string}"},"query-input":{"@type":"PropertyValueSpecification","valueRequired":true,"valueName":"search_term_string"}}],"inLanguage":"de"},{"@type":"Organization","@id":"https:\/\/ecologa-europe.com\/shop\/#organization","name":"Elektrosmog-Schutz Onlineshop","url":"https:\/\/ecologa-europe.com\/shop\/","logo":{"@type":"ImageObject","inLanguage":"de","@id":"https:\/\/ecologa-europe.com\/shop\/#\/schema\/logo\/image\/","url":"https:\/\/ecologa-europe.com\/shop\/wp-content\/uploads\/2025\/04\/vertical-navbar-logo.svg","contentUrl":"https:\/\/ecologa-europe.com\/shop\/wp-content\/uploads\/2025\/04\/vertical-navbar-logo.svg","width":182,"height":70,"caption":"Elektrosmog-Schutz Onlineshop"},"image":{"@id":"https:\/\/ecologa-europe.com\/shop\/#\/schema\/logo\/image\/"},"sameAs":["https:\/\/www.facebook.com\/Ecologa-Europe-GmbH-1604744566252298\/","https:\/\/www.instagram.com\/ecologaeurope\/"]}]}},"_links":{"self":[{"href":"https:\/\/ecologa-europe.com\/shop\/wp-json\/wp\/v2\/product\/7055","targetHints":{"allow":["GET"]}}],"collection":[{"href":"https:\/\/ecologa-europe.com\/shop\/wp-json\/wp\/v2\/product"}],"about":[{"href":"https:\/\/ecologa-europe.com\/shop\/wp-json\/wp\/v2\/types\/product"}],"wp:featuredmedia":[{"embeddable":true,"href":"https:\/\/ecologa-europe.com\/shop\/wp-json\/wp\/v2\/media\/1721"}],"wp:attachment":[{"href":"https:\/\/ecologa-europe.com\/shop\/wp-json\/wp\/v2\/media?parent=7055"}],"wp:term":[{"taxonomy":"product_brand","embeddable":true,"href":"https:\/\/ecologa-europe.com\/shop\/wp-json\/wp\/v2\/product_brand?post=7055"},{"taxonomy":"product_cat","embeddable":true,"href":"https:\/\/ecologa-europe.com\/shop\/wp-json\/wp\/v2\/product_cat?post=7055"},{"taxonomy":"product_tag","embeddable":true,"href":"https:\/\/ecologa-europe.com\/shop\/wp-json\/wp\/v2\/product_tag?post=7055"}],"curies":[{"name":"wp","href":"https:\/\/api.w.org\/{rel}","templated":true}]}}