{"id":7077,"date":"2025-05-16T10:14:37","date_gmt":"2025-05-16T10:14:37","guid":{"rendered":"https:\/\/639.pm-domains.de\/?post_type=product&#038;p=7077"},"modified":"2026-04-16T13:07:30","modified_gmt":"2026-04-16T13:07:30","slug":"tessuto-schermante-in-acciaio-inox-au-draht-em","status":"publish","type":"product","link":"https:\/\/ecologa-europe.com\/shop\/produkt\/tessuto-schermante-in-acciaio-inox-au-draht-em\/?lang=it","title":{"rendered":"Tessuto schermante in acciaio inox AU-Draht EM"},"content":{"rendered":"<h2 data-section-id=\"17bsc7s\" data-start=\"5362\" data-end=\"5452\">Tessuto schermante in acciaio inox AU-Draht EM \u2013 Protezione efficace contro elettrosmog<\/h2>\n<p data-start=\"5454\" data-end=\"5657\">Il tessuto schermante AU-Draht EM \u00e8 progettato per ridurre sia le onde elettromagnetiche ad alta frequenza sia i campi elettrici a bassa frequenza, contribuendo a creare ambienti interni pi\u00f9 equilibrati.<\/p>\n<p data-start=\"5659\" data-end=\"5767\">Con una schermatura fino a 50 dB (oltre il 99,999%), rappresenta una soluzione affidabile per casa e lavoro.<\/p>\n<hr data-start=\"5769\" data-end=\"5772\" \/>\n<h2 data-section-id=\"6b5w8a\" data-start=\"5774\" data-end=\"5804\">Protezione dalle radiazioni<\/h2>\n<p data-start=\"5806\" data-end=\"5813\">Riduce:<\/p>\n<ul data-start=\"5814\" data-end=\"5885\">\n<li data-section-id=\"1mle8t3\" data-start=\"5814\" data-end=\"5837\">Wi-Fi e reti mobili<\/li>\n<li data-section-id=\"dd89t4\" data-start=\"5838\" data-end=\"5855\">telefoni DECT<\/li>\n<li data-section-id=\"1wiaahw\" data-start=\"5856\" data-end=\"5885\">campi elettrici domestici<\/li>\n<\/ul>\n<hr data-start=\"5887\" data-end=\"5890\" \/>\n<h2 data-section-id=\"mslteg\" data-start=\"5892\" data-end=\"5907\">Applicazioni<\/h2>\n<p data-start=\"5909\" data-end=\"5925\">Utilizzabile su:<\/p>\n<ul data-start=\"5926\" data-end=\"5992\">\n<li data-section-id=\"1rs5jhv\" data-start=\"5926\" data-end=\"5936\">pareti<\/li>\n<li data-section-id=\"1y5jy7o\" data-start=\"5937\" data-end=\"5949\">soffitti<\/li>\n<li data-section-id=\"1ete931\" data-start=\"5950\" data-end=\"5963\">pavimenti<\/li>\n<li data-section-id=\"br7bjr\" data-start=\"5964\" data-end=\"5992\">soluzioni personalizzate<\/li>\n<\/ul>\n<p data-start=\"5994\" data-end=\"6031\">Sovrapposizione consigliata: 5\u201310 cm.<\/p>\n<hr data-start=\"6033\" data-end=\"6036\" \/>\n<h2 data-section-id=\"5ti5v6\" data-start=\"6038\" data-end=\"6062\">Qualit\u00e0 del materiale<\/h2>\n<ul data-start=\"6064\" data-end=\"6135\">\n<li data-section-id=\"aok81z\" data-start=\"6064\" data-end=\"6091\">acciaio inox resistente<\/li>\n<li data-section-id=\"3e1sx8\" data-start=\"6092\" data-end=\"6106\">flessibile<\/li>\n<li data-section-id=\"1fd2zft\" data-start=\"6107\" data-end=\"6122\">traspirante<\/li>\n<li data-section-id=\"60qugu\" data-start=\"6123\" data-end=\"6135\">durevole<\/li>\n<\/ul>\n<hr data-start=\"6137\" data-end=\"6140\" \/>\n<h2 data-section-id=\"rt1hz3\" data-start=\"6142\" data-end=\"6154\">Sicurezza<\/h2>\n<p data-start=\"6156\" data-end=\"6183\">Classe A1 non infiammabile.<\/p>\n<hr data-start=\"6185\" data-end=\"6188\" \/>\n<h2 data-section-id=\"1vcyzul\" data-start=\"6190\" data-end=\"6206\">Messa a terra<\/h2>\n<p data-start=\"6208\" data-end=\"6247\">Necessaria per campi a bassa frequenza.<\/p>\n<hr data-start=\"6249\" data-end=\"6252\" \/>\n<h2>Dati tecnici<\/h2>\n<p>\u25e6 Larghezza: 105 cm<br \/>\n\u25e6 Lunghezza: venduto al metro (rotolo: 100 m \/ 105 m\u00b2)<br \/>\n\u25e6 Materiale: acciaio inossidabile (V2A, superficie trattata)<br \/>\n\u25e6 Colore: argento<br \/>\n\u25e6 Spessore: ca. 0,05 mm<br \/>\n\u25e6 Dimensione maglia: ca. 0,22 \u00d7 0,22 mm<br \/>\n\u25e6 Peso al metro quadrato: 90 g\/m\u00b2<br \/>\n\u25e6 Resistenza superficiale: &lt; 0,5 \u03a9\/\u25a1<br \/>\n\u25e6 Attenuazione dello schermo: fino a ~50 dB<br \/>\n\u25e6 Caratteristiche: permeabile alla diffusione, bassa corrosione<\/p>\n<hr \/>\n<h2 class=\"western\">FAQ \u2013 Tessuto schermante in acciaio inox AU-Draht EM<\/h2>\n<p><strong>Quanto \u00e8 efficace il tessuto contro l\u2019elettrosmog?<\/strong><br \/>\nIl tessuto schermante offre un\u2019elevata efficacia, con un\u2019attenuazione fino a 50 dB. Questo significa che pu\u00f2 ridurre oltre il 99,999% delle radiazioni elettromagnetiche, contribuendo in modo significativo a migliorare il comfort negli ambienti interni.<\/p>\n<hr \/>\n<p><strong>Da quali tipi di radiazione protegge questo tessuto?<\/strong><br \/>\nIl materiale \u00e8 progettato per ridurre sia le radiazioni ad alta frequenza, come Wi-Fi, 5G, LTE e telefoni DECT, sia i campi elettrici a bassa frequenza generati dall\u2019impianto elettrico domestico.<\/p>\n<hr \/>\n<p><strong>\u00c8 necessario collegarlo alla messa a terra?<\/strong><br \/>\nPer la riduzione dei campi elettrici a bassa frequenza \u00e8 necessaria una corretta messa a terra. Per le radiazioni ad alta frequenza, come Wi-Fi o reti mobili, la messa a terra non \u00e8 invece indispensabile.<\/p>\n<hr \/>\n<p><strong>In quali ambienti pu\u00f2 essere utilizzato il tessuto schermante?<\/strong><br \/>\nQuesto tessuto \u00e8 molto versatile e pu\u00f2 essere utilizzato su pareti, soffitti, tetti e pavimenti negli ambienti interni. \u00c8 inoltre adatto per applicazioni specifiche, come zanzariere schermanti o pareti divisorie.<\/p>\n<hr \/>\n<p><strong>Il materiale \u00e8 sicuro per l\u2019uso in casa?<\/strong><br \/>\nS\u00ec, il tessuto \u00e8 realizzato in acciaio inox (V2A), un materiale resistente alla corrosione e durevole. Inoltre \u00e8 traspirante e non influisce negativamente sul clima interno degli ambienti.<\/p>\n<hr \/>\n<p><strong>Come si installa correttamente il tessuto?<\/strong><br \/>\nPer ottenere una schermatura continua ed efficace, si consiglia di posare le strisce con una sovrapposizione di circa 5\u201310 cm. In questo modo si evitano interruzioni nella protezione e si garantisce un risultato ottimale.<\/p>\n<hr \/>\n\n<table id=\"tablepress-98\" class=\"tablepress tablepress-id-98\">\n<thead>\n<tr class=\"row-1\">\n\t<td class=\"column-1\"><\/td><th class=\"column-2\">Frequenza\/<br \/>\n\/Applicazione (MHz)<\/th><th class=\"column-3\">Decibel (dB)<\/th><th class=\"column-4\">Percentuale (%)<\/th>\n<\/tr>\n<\/thead>\n<tbody class=\"row-striping row-hover\">\n<tr class=\"row-2\">\n\t<td class=\"column-1\">DVB-T2<\/td><td class=\"column-2\">470 - 690 MHz<\/td><td class=\"column-3\">52dB<\/td><td class=\"column-4\">99,999%<\/td>\n<\/tr>\n<tr class=\"row-3\">\n\t<td class=\"column-1\">LTE \/ 5G wide<\/td><td class=\"column-2\">700 - 750 MHz<\/td><td class=\"column-3\">52dB<\/td><td class=\"column-4\">99,999%<\/td>\n<\/tr>\n<tr class=\"row-4\">\n\t<td class=\"column-1\">GSM \/ LTE<\/td><td class=\"column-2\">920 - 960 MHz<\/td><td class=\"column-3\">51dB<\/td><td class=\"column-4\">99,999%<\/td>\n<\/tr>\n<tr class=\"row-5\">\n\t<td class=\"column-1\">GSM \/ LTE<\/td><td class=\"column-2\">1800 - 1880 MHz<\/td><td class=\"column-3\">47dB<\/td><td class=\"column-4\">99,99%<\/td>\n<\/tr>\n<tr class=\"row-6\">\n\t<td class=\"column-1\">DECT <\/td><td class=\"column-2\">1880 - 1900 MHz<\/td><td class=\"column-3\">47dB<\/td><td class=\"column-4\">99,99%<\/td>\n<\/tr>\n<tr class=\"row-7\">\n\t<td class=\"column-1\">LTE \/ 5G wide<\/td><td class=\"column-2\">2100 - 2170 MHz<\/td><td class=\"column-3\">46dB<\/td><td class=\"column-4\">99,99%<\/td>\n<\/tr>\n<tr class=\"row-8\">\n\t<td class=\"column-1\">WLAN 2400<\/td><td class=\"column-2\">2400 - 2500 MHz<\/td><td class=\"column-3\">45dB<\/td><td class=\"column-4\">99,99%<\/td>\n<\/tr>\n<tr class=\"row-9\">\n\t<td class=\"column-1\">5G fast<\/td><td class=\"column-2\">3400 - 3700MHz<\/td><td class=\"column-3\">42dB<\/td><td class=\"column-4\">99,99%<\/td>\n<\/tr>\n<tr class=\"row-10\">\n\t<td class=\"column-1\">WLAN 5200<\/td><td class=\"column-2\">5150 - 5350 MHz<\/td><td class=\"column-3\">38dB<\/td><td class=\"column-4\">99,9%<\/td>\n<\/tr>\n<\/tbody>\n<\/table>\n\n","protected":false},"excerpt":{"rendered":"<p>Tessuto schermante in acciaio inox ad alte prestazioni per ridurre radiazioni elettromagnetiche e campi elettrici. Ideale per ambienti interni come pareti, soffitti e pavimenti.<\/p>\n","protected":false},"featured_media":1394,"template":"","meta":{"inline_featured_image":false,"site-sidebar-layout":"default","site-content-layout":"","ast-site-content-layout":"default","site-content-style":"default","site-sidebar-style":"default","ast-global-header-display":"","ast-banner-title-visibility":"","ast-main-header-display":"","ast-hfb-above-header-display":"","ast-hfb-below-header-display":"","ast-hfb-mobile-header-display":"","site-post-title":"","ast-breadcrumbs-content":"","ast-featured-img":"","footer-sml-layout":"","ast-disable-related-posts":"","theme-transparent-header-meta":"default","adv-header-id-meta":"","stick-header-meta":"","header-above-stick-meta":"","header-main-stick-meta":"","header-below-stick-meta":"","astra-migrate-meta-layouts":"set","ast-page-background-enabled":"default","ast-page-background-meta":{"desktop":{"background-color":"var(--ast-global-color-5)","background-image":"","background-repeat":"repeat","background-position":"center center","background-size":"auto","background-attachment":"scroll","background-type":"","background-media":"","overlay-type":"","overlay-color":"","overlay-opacity":"","overlay-gradient":""},"tablet":{"background-color":"","background-image":"","background-repeat":"repeat","background-position":"center center","background-size":"auto","background-attachment":"scroll","background-type":"","background-media":"","overlay-type":"","overlay-color":"","overlay-opacity":"","overlay-gradient":""},"mobile":{"background-color":"","background-image":"","background-repeat":"repeat","background-position":"center center","background-size":"auto","background-attachment":"scroll","background-type":"","background-media":"","overlay-type":"","overlay-color":"","overlay-opacity":"","overlay-gradient":""}},"ast-content-background-meta":{"desktop":{"background-color":"var(--ast-global-color-4)","background-image":"","background-repeat":"repeat","background-position":"center center","background-size":"auto","background-attachment":"scroll","background-type":"","background-media":"","overlay-type":"","overlay-color":"","overlay-opacity":"","overlay-gradient":""},"tablet":{"background-color":"var(--ast-global-color-4)","background-image":"","background-repeat":"repeat","background-position":"center center","background-size":"auto","background-attachment":"scroll","background-type":"","background-media":"","overlay-type":"","overlay-color":"","overlay-opacity":"","overlay-gradient":""},"mobile":{"background-color":"var(--ast-global-color-4)","background-image":"","background-repeat":"repeat","background-position":"center center","background-size":"auto","background-attachment":"scroll","background-type":"","background-media":"","overlay-type":"","overlay-color":"","overlay-opacity":"","overlay-gradient":""}}},"product_brand":[],"product_cat":[317],"product_tag":[1057,1056,1001],"class_list":{"0":"post-7077","1":"product","2":"type-product","3":"status-publish","4":"has-post-thumbnail","6":"product_cat-tessuti-schermanti","7":"product_tag-schermatura-elettromagnetica-casa","8":"product_tag-tessuto-anti-elettrosmog","9":"product_tag-tessuto-schermante-emf","10":"product_shipping_class-standardversand","11":"desktop-align-left","12":"tablet-align-left","13":"mobile-align-left","15":"first","16":"instock","17":"taxable","18":"shipping-taxable","19":"purchasable","20":"product-type-simple"},"yoast_head":"<!-- This site is optimized with the Yoast SEO plugin v27.4 - https:\/\/yoast.com\/product\/yoast-seo-wordpress\/ -->\n<title>Tessuto schermante in acciaio inox AU-Draht EM - Elektrosmog-Schutz Onlineshop<\/title>\n<meta name=\"description\" content=\"Tessuto schermante in acciaio inox per ridurre Wi-Fi, 5G e campi elettrici fino a 50 dB. Ideale per pareti, soffitti e pavimenti.\" \/>\n<meta name=\"robots\" content=\"index, follow, max-snippet:-1, max-image-preview:large, max-video-preview:-1\" \/>\n<link rel=\"canonical\" href=\"https:\/\/ecologa-europe.com\/shop\/produkt\/tessuto-schermante-in-acciaio-inox-au-draht-em\/\" \/>\n<meta property=\"og:locale\" content=\"de_DE\" \/>\n<meta property=\"og:type\" content=\"article\" \/>\n<meta property=\"og:title\" content=\"Tessuto schermante in acciaio inox AU-Draht EM - Elektrosmog-Schutz Onlineshop\" \/>\n<meta property=\"og:description\" content=\"Tessuto schermante in acciaio inox per ridurre Wi-Fi, 5G e campi elettrici fino a 50 dB. Ideale per pareti, soffitti e pavimenti.\" \/>\n<meta property=\"og:url\" content=\"https:\/\/ecologa-europe.com\/shop\/produkt\/tessuto-schermante-in-acciaio-inox-au-draht-em\/?lang=it\" \/>\n<meta property=\"og:site_name\" content=\"Elektrosmog-Schutz Onlineshop\" \/>\n<meta property=\"article:publisher\" content=\"https:\/\/www.facebook.com\/Ecologa-Europe-GmbH-1604744566252298\/\" \/>\n<meta property=\"article:modified_time\" content=\"2026-04-16T13:07:30+00:00\" \/>\n<meta property=\"og:image\" content=\"https:\/\/ecologa-europe.com\/shop\/wp-content\/uploads\/2025\/04\/Edelstahl-Gewebe-003.jpg\" \/>\n\t<meta property=\"og:image:width\" content=\"594\" \/>\n\t<meta property=\"og:image:height\" content=\"423\" \/>\n\t<meta property=\"og:image:type\" content=\"image\/jpeg\" \/>\n<meta name=\"twitter:card\" content=\"summary_large_image\" \/>\n<meta name=\"twitter:label1\" content=\"Gesch\u00e4tzte Lesezeit\" \/>\n\t<meta name=\"twitter:data1\" content=\"3\u00a0Minuten\" \/>\n<script type=\"application\/ld+json\" class=\"yoast-schema-graph\">{\"@context\":\"https:\\\/\\\/schema.org\",\"@graph\":[{\"@type\":\"WebPage\",\"@id\":\"https:\\\/\\\/ecologa-europe.com\\\/shop\\\/produkt\\\/tessuto-schermante-in-acciaio-inox-au-draht-em\\\/?lang=it\",\"url\":\"https:\\\/\\\/ecologa-europe.com\\\/shop\\\/produkt\\\/tessuto-schermante-in-acciaio-inox-au-draht-em\\\/?lang=it\",\"name\":\"Tessuto schermante in acciaio inox AU-Draht EM - Elektrosmog-Schutz Onlineshop\",\"isPartOf\":{\"@id\":\"https:\\\/\\\/ecologa-europe.com\\\/shop\\\/#website\"},\"primaryImageOfPage\":{\"@id\":\"https:\\\/\\\/ecologa-europe.com\\\/shop\\\/produkt\\\/tessuto-schermante-in-acciaio-inox-au-draht-em\\\/?lang=it#primaryimage\"},\"image\":{\"@id\":\"https:\\\/\\\/ecologa-europe.com\\\/shop\\\/produkt\\\/tessuto-schermante-in-acciaio-inox-au-draht-em\\\/?lang=it#primaryimage\"},\"thumbnailUrl\":\"https:\\\/\\\/ecologa-europe.com\\\/shop\\\/wp-content\\\/uploads\\\/2025\\\/04\\\/Edelstahl-Gewebe-003.jpg\",\"datePublished\":\"2025-05-16T10:14:37+00:00\",\"dateModified\":\"2026-04-16T13:07:30+00:00\",\"description\":\"Tessuto schermante in acciaio inox per ridurre Wi-Fi, 5G e campi elettrici fino a 50 dB. Ideale per pareti, soffitti e pavimenti.\",\"breadcrumb\":{\"@id\":\"https:\\\/\\\/ecologa-europe.com\\\/shop\\\/produkt\\\/tessuto-schermante-in-acciaio-inox-au-draht-em\\\/?lang=it#breadcrumb\"},\"inLanguage\":\"de\",\"potentialAction\":[{\"@type\":\"ReadAction\",\"target\":[\"https:\\\/\\\/ecologa-europe.com\\\/shop\\\/produkt\\\/tessuto-schermante-in-acciaio-inox-au-draht-em\\\/?lang=it\"]}]},{\"@type\":\"ImageObject\",\"inLanguage\":\"de\",\"@id\":\"https:\\\/\\\/ecologa-europe.com\\\/shop\\\/produkt\\\/tessuto-schermante-in-acciaio-inox-au-draht-em\\\/?lang=it#primaryimage\",\"url\":\"https:\\\/\\\/ecologa-europe.com\\\/shop\\\/wp-content\\\/uploads\\\/2025\\\/04\\\/Edelstahl-Gewebe-003.jpg\",\"contentUrl\":\"https:\\\/\\\/ecologa-europe.com\\\/shop\\\/wp-content\\\/uploads\\\/2025\\\/04\\\/Edelstahl-Gewebe-003.jpg\",\"width\":594,\"height\":423},{\"@type\":\"BreadcrumbList\",\"@id\":\"https:\\\/\\\/ecologa-europe.com\\\/shop\\\/produkt\\\/tessuto-schermante-in-acciaio-inox-au-draht-em\\\/?lang=it#breadcrumb\",\"itemListElement\":[{\"@type\":\"ListItem\",\"position\":1,\"name\":\"Startseite\",\"item\":\"https:\\\/\\\/ecologa-europe.com\\\/shop\\\/\"},{\"@type\":\"ListItem\",\"position\":2,\"name\":\"Shop\",\"item\":\"https:\\\/\\\/ecologa-europe.com\\\/shop\\\/shop\\\/\"},{\"@type\":\"ListItem\",\"position\":3,\"name\":\"Tessuto schermante in acciaio inox AU-Draht EM\"}]},{\"@type\":\"WebSite\",\"@id\":\"https:\\\/\\\/ecologa-europe.com\\\/shop\\\/#website\",\"url\":\"https:\\\/\\\/ecologa-europe.com\\\/shop\\\/\",\"name\":\"Elektrosmog-Schutz Onlineshop\",\"description\":\"Ecologa Europe\",\"publisher\":{\"@id\":\"https:\\\/\\\/ecologa-europe.com\\\/shop\\\/#organization\"},\"potentialAction\":[{\"@type\":\"SearchAction\",\"target\":{\"@type\":\"EntryPoint\",\"urlTemplate\":\"https:\\\/\\\/ecologa-europe.com\\\/shop\\\/?s={search_term_string}\"},\"query-input\":{\"@type\":\"PropertyValueSpecification\",\"valueRequired\":true,\"valueName\":\"search_term_string\"}}],\"inLanguage\":\"de\"},{\"@type\":\"Organization\",\"@id\":\"https:\\\/\\\/ecologa-europe.com\\\/shop\\\/#organization\",\"name\":\"Elektrosmog-Schutz Onlineshop\",\"url\":\"https:\\\/\\\/ecologa-europe.com\\\/shop\\\/\",\"logo\":{\"@type\":\"ImageObject\",\"inLanguage\":\"de\",\"@id\":\"https:\\\/\\\/ecologa-europe.com\\\/shop\\\/#\\\/schema\\\/logo\\\/image\\\/\",\"url\":\"https:\\\/\\\/ecologa-europe.com\\\/shop\\\/wp-content\\\/uploads\\\/2025\\\/04\\\/vertical-navbar-logo.svg\",\"contentUrl\":\"https:\\\/\\\/ecologa-europe.com\\\/shop\\\/wp-content\\\/uploads\\\/2025\\\/04\\\/vertical-navbar-logo.svg\",\"width\":182,\"height\":70,\"caption\":\"Elektrosmog-Schutz Onlineshop\"},\"image\":{\"@id\":\"https:\\\/\\\/ecologa-europe.com\\\/shop\\\/#\\\/schema\\\/logo\\\/image\\\/\"},\"sameAs\":[\"https:\\\/\\\/www.facebook.com\\\/Ecologa-Europe-GmbH-1604744566252298\\\/\",\"https:\\\/\\\/www.instagram.com\\\/ecologaeurope\\\/\"]}]}<\/script>\n<!-- \/ Yoast SEO plugin. -->","yoast_head_json":{"title":"Tessuto schermante in acciaio inox AU-Draht EM - Elektrosmog-Schutz Onlineshop","description":"Tessuto schermante in acciaio inox per ridurre Wi-Fi, 5G e campi elettrici fino a 50 dB. Ideale per pareti, soffitti e pavimenti.","robots":{"index":"index","follow":"follow","max-snippet":"max-snippet:-1","max-image-preview":"max-image-preview:large","max-video-preview":"max-video-preview:-1"},"canonical":"https:\/\/ecologa-europe.com\/shop\/produkt\/tessuto-schermante-in-acciaio-inox-au-draht-em\/","og_locale":"de_DE","og_type":"article","og_title":"Tessuto schermante in acciaio inox AU-Draht EM - Elektrosmog-Schutz Onlineshop","og_description":"Tessuto schermante in acciaio inox per ridurre Wi-Fi, 5G e campi elettrici fino a 50 dB. Ideale per pareti, soffitti e pavimenti.","og_url":"https:\/\/ecologa-europe.com\/shop\/produkt\/tessuto-schermante-in-acciaio-inox-au-draht-em\/?lang=it","og_site_name":"Elektrosmog-Schutz Onlineshop","article_publisher":"https:\/\/www.facebook.com\/Ecologa-Europe-GmbH-1604744566252298\/","article_modified_time":"2026-04-16T13:07:30+00:00","og_image":[{"width":594,"height":423,"url":"https:\/\/ecologa-europe.com\/shop\/wp-content\/uploads\/2025\/04\/Edelstahl-Gewebe-003.jpg","type":"image\/jpeg"}],"twitter_card":"summary_large_image","twitter_misc":{"Gesch\u00e4tzte Lesezeit":"3\u00a0Minuten"},"schema":{"@context":"https:\/\/schema.org","@graph":[{"@type":"WebPage","@id":"https:\/\/ecologa-europe.com\/shop\/produkt\/tessuto-schermante-in-acciaio-inox-au-draht-em\/?lang=it","url":"https:\/\/ecologa-europe.com\/shop\/produkt\/tessuto-schermante-in-acciaio-inox-au-draht-em\/?lang=it","name":"Tessuto schermante in acciaio inox AU-Draht EM - Elektrosmog-Schutz Onlineshop","isPartOf":{"@id":"https:\/\/ecologa-europe.com\/shop\/#website"},"primaryImageOfPage":{"@id":"https:\/\/ecologa-europe.com\/shop\/produkt\/tessuto-schermante-in-acciaio-inox-au-draht-em\/?lang=it#primaryimage"},"image":{"@id":"https:\/\/ecologa-europe.com\/shop\/produkt\/tessuto-schermante-in-acciaio-inox-au-draht-em\/?lang=it#primaryimage"},"thumbnailUrl":"https:\/\/ecologa-europe.com\/shop\/wp-content\/uploads\/2025\/04\/Edelstahl-Gewebe-003.jpg","datePublished":"2025-05-16T10:14:37+00:00","dateModified":"2026-04-16T13:07:30+00:00","description":"Tessuto schermante in acciaio inox per ridurre Wi-Fi, 5G e campi elettrici fino a 50 dB. Ideale per pareti, soffitti e pavimenti.","breadcrumb":{"@id":"https:\/\/ecologa-europe.com\/shop\/produkt\/tessuto-schermante-in-acciaio-inox-au-draht-em\/?lang=it#breadcrumb"},"inLanguage":"de","potentialAction":[{"@type":"ReadAction","target":["https:\/\/ecologa-europe.com\/shop\/produkt\/tessuto-schermante-in-acciaio-inox-au-draht-em\/?lang=it"]}]},{"@type":"ImageObject","inLanguage":"de","@id":"https:\/\/ecologa-europe.com\/shop\/produkt\/tessuto-schermante-in-acciaio-inox-au-draht-em\/?lang=it#primaryimage","url":"https:\/\/ecologa-europe.com\/shop\/wp-content\/uploads\/2025\/04\/Edelstahl-Gewebe-003.jpg","contentUrl":"https:\/\/ecologa-europe.com\/shop\/wp-content\/uploads\/2025\/04\/Edelstahl-Gewebe-003.jpg","width":594,"height":423},{"@type":"BreadcrumbList","@id":"https:\/\/ecologa-europe.com\/shop\/produkt\/tessuto-schermante-in-acciaio-inox-au-draht-em\/?lang=it#breadcrumb","itemListElement":[{"@type":"ListItem","position":1,"name":"Startseite","item":"https:\/\/ecologa-europe.com\/shop\/"},{"@type":"ListItem","position":2,"name":"Shop","item":"https:\/\/ecologa-europe.com\/shop\/shop\/"},{"@type":"ListItem","position":3,"name":"Tessuto schermante in acciaio inox AU-Draht EM"}]},{"@type":"WebSite","@id":"https:\/\/ecologa-europe.com\/shop\/#website","url":"https:\/\/ecologa-europe.com\/shop\/","name":"Elektrosmog-Schutz Onlineshop","description":"Ecologa Europe","publisher":{"@id":"https:\/\/ecologa-europe.com\/shop\/#organization"},"potentialAction":[{"@type":"SearchAction","target":{"@type":"EntryPoint","urlTemplate":"https:\/\/ecologa-europe.com\/shop\/?s={search_term_string}"},"query-input":{"@type":"PropertyValueSpecification","valueRequired":true,"valueName":"search_term_string"}}],"inLanguage":"de"},{"@type":"Organization","@id":"https:\/\/ecologa-europe.com\/shop\/#organization","name":"Elektrosmog-Schutz Onlineshop","url":"https:\/\/ecologa-europe.com\/shop\/","logo":{"@type":"ImageObject","inLanguage":"de","@id":"https:\/\/ecologa-europe.com\/shop\/#\/schema\/logo\/image\/","url":"https:\/\/ecologa-europe.com\/shop\/wp-content\/uploads\/2025\/04\/vertical-navbar-logo.svg","contentUrl":"https:\/\/ecologa-europe.com\/shop\/wp-content\/uploads\/2025\/04\/vertical-navbar-logo.svg","width":182,"height":70,"caption":"Elektrosmog-Schutz Onlineshop"},"image":{"@id":"https:\/\/ecologa-europe.com\/shop\/#\/schema\/logo\/image\/"},"sameAs":["https:\/\/www.facebook.com\/Ecologa-Europe-GmbH-1604744566252298\/","https:\/\/www.instagram.com\/ecologaeurope\/"]}]}},"_links":{"self":[{"href":"https:\/\/ecologa-europe.com\/shop\/wp-json\/wp\/v2\/product\/7077","targetHints":{"allow":["GET"]}}],"collection":[{"href":"https:\/\/ecologa-europe.com\/shop\/wp-json\/wp\/v2\/product"}],"about":[{"href":"https:\/\/ecologa-europe.com\/shop\/wp-json\/wp\/v2\/types\/product"}],"wp:featuredmedia":[{"embeddable":true,"href":"https:\/\/ecologa-europe.com\/shop\/wp-json\/wp\/v2\/media\/1394"}],"wp:attachment":[{"href":"https:\/\/ecologa-europe.com\/shop\/wp-json\/wp\/v2\/media?parent=7077"}],"wp:term":[{"taxonomy":"product_brand","embeddable":true,"href":"https:\/\/ecologa-europe.com\/shop\/wp-json\/wp\/v2\/product_brand?post=7077"},{"taxonomy":"product_cat","embeddable":true,"href":"https:\/\/ecologa-europe.com\/shop\/wp-json\/wp\/v2\/product_cat?post=7077"},{"taxonomy":"product_tag","embeddable":true,"href":"https:\/\/ecologa-europe.com\/shop\/wp-json\/wp\/v2\/product_tag?post=7077"}],"curies":[{"name":"wp","href":"https:\/\/api.w.org\/{rel}","templated":true}]}}